{"id":28683,"date":"2022-08-26T11:29:59","date_gmt":"2022-08-26T17:29:59","guid":{"rendered":"https:\/\/mickyandoniehn.com\/radio\/?page_id=28683"},"modified":"2022-09-01T10:20:21","modified_gmt":"2022-09-01T16:20:21","slug":"gloria-gaynor","status":"publish","type":"page","link":"http:\/\/mickyandoniehn.com\/radio\/gloria-gaynor\/","title":{"rendered":"Gloria Gaynor"},"content":{"rendered":"<p style=\"text-align: justify;\"><img loading=\"lazy\" decoding=\"async\" class=\"wp-image-23249 aligncenter\" src=\"http:\/\/mickyandoniehn.com\/radio\/wp-content\/uploads\/2022\/07\/Gloria-Gaynor-179x300.jpg\" alt=\"\" width=\"441\" height=\"739\" srcset=\"http:\/\/mickyandoniehn.com\/radio\/wp-content\/uploads\/2022\/07\/Gloria-Gaynor-179x300.jpg 179w, http:\/\/mickyandoniehn.com\/radio\/wp-content\/uploads\/2022\/07\/Gloria-Gaynor.jpg 449w\" sizes=\"auto, (max-width: 441px) 100vw, 441px\" \/><\/p>\n<p>&nbsp;<\/p>\n<div class=\"cxmmr5t8 oygrvhab hcukyx3x c1et5uql o9v6fnle ii04i59q\" style=\"text-align: justify;\"><\/div>\n<div class=\"cxmmr5t8 oygrvhab hcukyx3x c1et5uql o9v6fnle ii04i59q\" style=\"text-align: justify;\">\n<div dir=\"auto\">\n<div class=\"cxmmr5t8 oygrvhab hcukyx3x c1et5uql o9v6fnle ii04i59q\">\n<div dir=\"auto\"><strong>Fecha de Nacimiento:<\/strong> 7 de septiembre de 1949<\/div>\n<p>&nbsp;<\/p>\n<div dir=\"auto\"><\/div>\n<\/div>\n<div class=\"cxmmr5t8 oygrvhab hcukyx3x c1et5uql o9v6fnle ii04i59q\">\n<div dir=\"auto\"><strong>Biograf\u00eda:<\/strong><\/div>\n<p>&nbsp;<\/p>\n<div dir=\"auto\"><\/div>\n<div dir=\"auto\">Empieza su carrera con la banda Soul Satisfiers durante los a\u00f1os 60.<\/div>\n<p>&nbsp;<\/p>\n<div dir=\"auto\"><\/div>\n<\/div>\n<div class=\"cxmmr5t8 oygrvhab hcukyx3x c1et5uql o9v6fnle ii04i59q\">\n<div dir=\"auto\">Al lado del productor Meco Monardo, se convierte en una de las m\u00e1ximas divas de la era disco, gracias a arreglos tomados del sonido Philadelphia Soul de artistas como The O&#8217;Jays y M.F.S.B. Y llega su mayor \u00e9xito: &#8220;I Will Survive&#8221; (que en espa\u00f1ol significa &#8220;Sobrevivir\u00e9&#8221;). Por primera vez, la letra de una canci\u00f3n se escribe desde el punto de vista de una mujer, arremetiendo a su examante con que ella ya es libre y puede seguir adelante sin \u00e9l. La canci\u00f3n se convirti\u00f3 en un himno de la liberaci\u00f3n femenina y hoy en d\u00eda sigue sonando con fuerza en discotecas y karaokes.<\/div>\n<p>&nbsp;<\/p>\n<div dir=\"auto\"><\/div>\n<\/div>\n<div class=\"cxmmr5t8 oygrvhab hcukyx3x c1et5uql o9v6fnle ii04i59q\">\n<div dir=\"auto\">Su otro gran \u00e9xito fue una versi\u00f3n de The Jackson 5: &#8220;Never Can Say Goodbye&#8221; (&#8220;Nunca puedo decir adi\u00f3s&#8221;). Ser\u00eda versionado con enorme \u00e9xito nuevamente por Jimmy Sommerville, l\u00edder del grupo The Communards.<\/div>\n<div dir=\"auto\"><\/div>\n<p>&nbsp;<\/p>\n<\/div>\n<div class=\"cxmmr5t8 oygrvhab hcukyx3x c1et5uql o9v6fnle ii04i59q\">\n<div dir=\"auto\">Gloria Gaynor encabeza \u00e9xito tras \u00e9xito y se convierte en la reina de las pistas de baile durante 20 a\u00f1os. Su m\u00fasica traspasa fronteras y Europa se rinde a ella.<\/div>\n<div dir=\"auto\"><\/div>\n<p>&nbsp;<\/p>\n<\/div>\n<div class=\"cxmmr5t8 oygrvhab hcukyx3x c1et5uql o9v6fnle ii04i59q\">\n<div dir=\"auto\">Hoy en d\u00eda la popularidad de Gloria Gaynor parece haber disminuido, aunque sus canciones contin\u00faan siendo reconocidas por el p\u00fablico y una de ellas forma parte de las 100 m\u00e1s imprescindibles seg\u00fan la revista Rolling Stone. En 2005 fue incluida en el Sal\u00f3n de la Fama de la M\u00fasica Dance.<\/div>\n<p>&nbsp;<\/p>\n<div dir=\"auto\"><\/div>\n<\/div>\n<div class=\"cxmmr5t8 oygrvhab hcukyx3x c1et5uql o9v6fnle ii04i59q\">\n<div dir=\"auto\"><\/div>\n<\/div>\n<div class=\"cxmmr5t8 oygrvhab hcukyx3x c1et5uql o9v6fnle ii04i59q\">\n<div dir=\"auto\"><strong>Date of Birth:<\/strong> September 07, 1949<\/div>\n<p>&nbsp;<\/p>\n<div dir=\"auto\"><\/div>\n<\/div>\n<div class=\"cxmmr5t8 oygrvhab hcukyx3x c1et5uql o9v6fnle ii04i59q\">\n<div dir=\"auto\"><strong>Biography:<\/strong><\/div>\n<p>&nbsp;<\/p>\n<div dir=\"auto\"><\/div>\n<div dir=\"auto\">She began her career with the band Soul Satisfiers during the 60s.<\/div>\n<p>&nbsp;<\/p>\n<div dir=\"auto\"><\/div>\n<\/div>\n<div class=\"cxmmr5t8 oygrvhab hcukyx3x c1et5uql o9v6fnle ii04i59q\">\n<div dir=\"auto\">Along with producer Meco Monardo, she became one of the greatest divas of the disco era, thanks to arrangements taken from the Philadelphia Soul sound by artists like The O&#8217;Jays and M.F.S.B. And his greatest success arrives: &#8220;I Will Survive&#8221; (which in Spanish means &#8220;I will survive&#8221;). For the first time, the lyrics of a song are written from a woman&#8217;s point of view, lashing out at her ex-lover that she is already free and can move on without him. The song became an anthem of women&#8217;s liberation and today it continues to sound strongly in discos and karaoke bars.<\/div>\n<p>&nbsp;<\/p>\n<div dir=\"auto\"><\/div>\n<\/div>\n<div class=\"cxmmr5t8 oygrvhab hcukyx3x c1et5uql o9v6fnle ii04i59q\">\n<div dir=\"auto\">His other great success was a cover of The Jackson 5: &#8220;Never Can Say Goodbye&#8221; (&#8220;I can never say goodbye&#8221;). It would be covered with enormous success again by Jimmy Somerville, leader of the group The Communards.<\/div>\n<p>&nbsp;<\/p>\n<div dir=\"auto\"><\/div>\n<\/div>\n<div class=\"cxmmr5t8 oygrvhab hcukyx3x c1et5uql o9v6fnle ii04i59q\">\n<div dir=\"auto\">Gloria Gaynor heads hit after hit and became the queen of the dance floor for 20 years. His music crosses borders and Europe surrenders to it.<\/div>\n<p>&nbsp;<\/p>\n<div dir=\"auto\"><\/div>\n<\/div>\n<div class=\"cxmmr5t8 oygrvhab hcukyx3x c1et5uql o9v6fnle ii04i59q\">\n<div dir=\"auto\">Today the popularity of Gloria Gaynor seems to have decreased, although her songs continue to be recognized by the public and one of them is part of the 100 most essential according to Rolling Stone magazine. In 2005 she was inducted into the Dance Music Hall of Fame.<\/div>\n<p>&nbsp;<\/p>\n<div dir=\"auto\"><\/div>\n<\/div>\n<div class=\"cxmmr5t8 oygrvhab hcukyx3x c1et5uql o9v6fnle ii04i59q\">\n<div dir=\"auto\"><strong>Discograf\u00eda<\/strong><\/div>\n<p>&nbsp;<\/p>\n<\/div>\n<\/div>\n<\/div>\n<div dir=\"auto\"><\/div>\n<div dir=\"auto\">\n<table width=\"539\">\n<tbody>\n<tr>\n<td style=\"text-align: center;\" width=\"145\"><strong>G\u00e9nero R&amp;B\/Soul<\/strong><\/td>\n<td style=\"text-align: center;\" width=\"326\"><strong>Escuchar Tema<\/strong><\/td>\n<td style=\"text-align: center;\" width=\"68\"><strong>A\u00f1o de Publicaci\u00f3n<\/strong><\/td>\n<\/tr>\n<tr>\n<td style=\"text-align: center;\"><\/td>\n<td style=\"text-align: center;\"><strong>\u00c1lbumes de estudio<\/strong><\/td>\n<td style=\"text-align: center;\"><\/td>\n<\/tr>\n<tr>\n<td>1<\/td>\n<td>Never Can Say Goodbye<\/td>\n<td>1974<\/td>\n<\/tr>\n<tr>\n<td>2<\/td>\n<td>Experience Gloria Gaynor (MGM)<\/td>\n<td>1975<\/td>\n<\/tr>\n<tr>\n<td>3<\/td>\n<td>I&#8217;ve Got You (Polydor)<\/td>\n<td>1976<\/td>\n<\/tr>\n<tr>\n<td>4<\/td>\n<td>Glorious (Polydor)<\/td>\n<td>1977<\/td>\n<\/tr>\n<tr>\n<td>5<\/td>\n<td>Park Avenue Sound (Polydor)<\/td>\n<td>1978<\/td>\n<\/tr>\n<tr>\n<td>6<\/td>\n<td>Love Tracks (Polydor)<\/td>\n<td>1978<\/td>\n<\/tr>\n<tr>\n<td>7<\/td>\n<td>I Have a Right (Polydor)<\/td>\n<td>1979<\/td>\n<\/tr>\n<tr>\n<td>8<\/td>\n<td>Stories<\/td>\n<td>1980<\/td>\n<\/tr>\n<tr>\n<td>9<\/td>\n<td>I Kinda Like Me (Polydor)<\/td>\n<td>1981<\/td>\n<\/tr>\n<tr>\n<td>10<\/td>\n<td>Gloria Gaynor (Ecstacy)<\/td>\n<td>1983<\/td>\n<\/tr>\n<tr>\n<td>11<\/td>\n<td>I Am Gloria Gaynor (Chrysalis)<\/td>\n<td>1984<\/td>\n<\/tr>\n<tr>\n<td>12<\/td>\n<td>The Power of Gloria Gaynor (Stylus)<\/td>\n<td>1986<\/td>\n<\/tr>\n<tr>\n<td>13<\/td>\n<td>Gloria Gaynor &#8217;90<\/td>\n<td>1990<\/td>\n<\/tr>\n<tr>\n<td>14<\/td>\n<td>Love Affair<\/td>\n<td>1992<\/td>\n<\/tr>\n<tr>\n<td>15<\/td>\n<td>I&#8217;ll Be There (Radikal)<\/td>\n<td>1995<\/td>\n<\/tr>\n<tr>\n<td>16<\/td>\n<td>The Answer (Florical)<\/td>\n<td>1997<\/td>\n<\/tr>\n<tr>\n<td>17<\/td>\n<td>I Wish You Love (Bell)<\/td>\n<td>2002<\/td>\n<\/tr>\n<tr>\n<td>18<\/td>\n<td>Live! At John J. Burns Town Park (Instant Live)<\/td>\n<td>2005<\/td>\n<\/tr>\n<tr>\n<td>19<\/td>\n<td>Christmas Presence (Glolo)<\/td>\n<td>2007<\/td>\n<\/tr>\n<tr>\n<td>20<\/td>\n<td>Ao Vivo &#8211; Festival de Verao Salvador (Som Livre)<\/td>\n<td>2008<\/td>\n<\/tr>\n<tr>\n<td>21<\/td>\n<td>We Will Survive (Glolo, LLC)<\/td>\n<td>2013<\/td>\n<\/tr>\n<tr>\n<td>22<\/td>\n<td>Testimony (Gaither Music Group).<\/td>\n<td>2019<\/td>\n<\/tr>\n<tr>\n<td><\/td>\n<td><\/td>\n<td><\/td>\n<\/tr>\n<\/tbody>\n<\/table>\n<\/div>\n<div class=\"cxmmr5t8 oygrvhab hcukyx3x c1et5uql o9v6fnle ii04i59q\" style=\"text-align: justify;\">\n<div dir=\"auto\">\n<div dir=\"auto\"><\/div>\n<div class=\"cxmmr5t8 oygrvhab hcukyx3x c1et5uql o9v6fnle ii04i59q\">\n<div dir=\"auto\">Cr\u00e9ditos: Tomado de Wikipedia<\/div>\n<div dir=\"auto\"><a class=\"oajrlxb2 g5ia77u1 qu0x051f esr5mh6w e9989ue4 r7d6kgcz rq0escxv nhd2j8a9 nc684nl6 p7hjln8o kvgmc6g5 cxmmr5t8 oygrvhab hcukyx3x jb3vyjys rz4wbd8a qt6c0cv9 a8nywdso i1ao9s8h esuyzwwr f1sip0of lzcic4wl gpro0wi8 py34i1dx\" tabindex=\"0\" role=\"link\" href=\"https:\/\/es.wikipedia.org\/wiki\/Gloria_Gaynor?fbclid=IwAR2xI1H_jtKK53AFBynZIMcu3MNIr86-e6f4y1zVEcgOhf2sBGqCxJAdGwE\" target=\"_blank\" rel=\"nofollow noopener\">https:\/\/es.wikipedia.org\/wiki\/Gloria_Gaynor<\/a><\/div>\n<\/div>\n<\/div>\n<div dir=\"auto\"><\/div>\n<\/div>\n<div class=\"epyt-video-wrapper\"><iframe loading=\"lazy\"  id=\"_ytid_20521\"  width=\"618\" height=\"347\"  data-origwidth=\"618\" data-origheight=\"347\" src=\"https:\/\/www.youtube.com\/embed\/hSPT7pF-EuI?enablejsapi=1&#038;autoplay=0&#038;cc_load_policy=0&#038;cc_lang_pref=&#038;iv_load_policy=1&#038;loop=0&#038;modestbranding=0&#038;rel=1&#038;fs=1&#038;playsinline=0&#038;autohide=2&#038;theme=dark&#038;color=red&#038;controls=1&#038;\" class=\"__youtube_prefs__  epyt-is-override  no-lazyload\" title=\"YouTube player\"  allow=\"fullscreen; accelerometer; autoplay; clipboard-write; encrypted-media; gyroscope; picture-in-picture\" allowfullscreen data-no-lazy=\"1\" data-skipgform_ajax_framebjll=\"\"><\/iframe><\/div>\n","protected":false},"excerpt":{"rendered":"<p>&nbsp; Fecha de Nacimiento: 7 de septiembre de 1949 &nbsp; Biograf\u00eda: &nbsp; Empieza su carrera con la banda Soul Satisfiers durante los a\u00f1os 60. &nbsp; Al lado del productor Meco Monardo, se convierte en una de las m\u00e1ximas divas de la era disco, gracias a arreglos tomados del sonido Philadelphia Soul de artistas como The &hellip;<\/p>\n","protected":false},"author":1,"featured_media":0,"parent":0,"menu_order":0,"comment_status":"closed","ping_status":"closed","template":"","meta":{"footnotes":""},"class_list":["post-28683","page","type-page","status-publish",""],"jetpack_sharing_enabled":true,"_links":{"self":[{"href":"http:\/\/mickyandoniehn.com\/radio\/wp-json\/wp\/v2\/pages\/28683","targetHints":{"allow":["GET"]}}],"collection":[{"href":"http:\/\/mickyandoniehn.com\/radio\/wp-json\/wp\/v2\/pages"}],"about":[{"href":"http:\/\/mickyandoniehn.com\/radio\/wp-json\/wp\/v2\/types\/page"}],"author":[{"embeddable":true,"href":"http:\/\/mickyandoniehn.com\/radio\/wp-json\/wp\/v2\/users\/1"}],"replies":[{"embeddable":true,"href":"http:\/\/mickyandoniehn.com\/radio\/wp-json\/wp\/v2\/comments?post=28683"}],"version-history":[{"count":2,"href":"http:\/\/mickyandoniehn.com\/radio\/wp-json\/wp\/v2\/pages\/28683\/revisions"}],"predecessor-version":[{"id":30256,"href":"http:\/\/mickyandoniehn.com\/radio\/wp-json\/wp\/v2\/pages\/28683\/revisions\/30256"}],"wp:attachment":[{"href":"http:\/\/mickyandoniehn.com\/radio\/wp-json\/wp\/v2\/media?parent=28683"}],"curies":[{"name":"wp","href":"https:\/\/api.w.org\/{rel}","templated":true}]}}