{"id":28681,"date":"2022-08-26T11:29:12","date_gmt":"2022-08-26T17:29:12","guid":{"rendered":"https:\/\/mickyandoniehn.com\/radio\/?page_id=28681"},"modified":"2022-09-01T11:50:12","modified_gmt":"2022-09-01T17:50:12","slug":"paul-waaktaar-savoy","status":"publish","type":"page","link":"http:\/\/mickyandoniehn.com\/radio\/paul-waaktaar-savoy\/","title":{"rendered":"Paul Waaktaar Savoy"},"content":{"rendered":"<p style=\"text-align: justify;\"><img loading=\"lazy\" decoding=\"async\" class=\" wp-image-23246 aligncenter\" src=\"http:\/\/mickyandoniehn.com\/radio\/wp-content\/uploads\/2022\/07\/Paul-Waaktaar-Savoy-300x300.jpg\" alt=\"\" width=\"569\" height=\"569\" srcset=\"http:\/\/mickyandoniehn.com\/radio\/wp-content\/uploads\/2022\/07\/Paul-Waaktaar-Savoy-300x300.jpg 300w, http:\/\/mickyandoniehn.com\/radio\/wp-content\/uploads\/2022\/07\/Paul-Waaktaar-Savoy-150x150.jpg 150w, http:\/\/mickyandoniehn.com\/radio\/wp-content\/uploads\/2022\/07\/Paul-Waaktaar-Savoy.jpg 437w\" sizes=\"auto, (max-width: 569px) 100vw, 569px\" \/><\/p>\n<p>&nbsp;<\/p>\n<div class=\"cxmmr5t8 oygrvhab hcukyx3x c1et5uql o9v6fnle ii04i59q\" style=\"text-align: justify;\">\n<div dir=\"auto\"><strong>Fecha de Nacimiento:<\/strong> 6 de septiembre de 1961<\/div>\n<p>&nbsp;<\/p>\n<div dir=\"auto\"><\/div>\n<\/div>\n<div class=\"cxmmr5t8 oygrvhab hcukyx3x c1et5uql o9v6fnle ii04i59q\" style=\"text-align: justify;\">\n<div dir=\"auto\"><strong>Biograf\u00eda:<\/strong><\/div>\n<p>&nbsp;<\/p>\n<div dir=\"auto\"><\/div>\n<div dir=\"auto\">Es un artista que a lo largo de su carrera musical ha ocupado numerosos puestos: como miembro de a-ha (como sobre todo se le conoce) destaca en la composici\u00f3n de temas y como guitarrista; en Bridges desempe\u00f1a el papel de vocalista, guitarrista y compositor; en Savoy (banda) (su propia banda) es el pilar del grupo en el que desempe\u00f1a los papeles de vocalista, guitarrista, compositor, programaci\u00f3n e incluso se ocupa de los teclados y la percusi\u00f3n (no bater\u00eda).<\/div>\n<p>&nbsp;<\/p>\n<div dir=\"auto\"><\/div>\n<\/div>\n<div class=\"cxmmr5t8 oygrvhab hcukyx3x c1et5uql o9v6fnle ii04i59q\" style=\"text-align: justify;\">\n<div dir=\"auto\">Paul y Magne crecieron juntos en Oslo. El inter\u00e9s de ambos por la m\u00fasica pronto despert\u00f3 y juntos estuvieron en varias bandas: una llamada &#8220;Spider Empire&#8221; y en 1976 formaron Bridges junto al bajista Viggo Bondi y el bater\u00eda Oystein Jevanord. El 27 de mayo de 1977, Bridges dio su primer concierto en el club de Oslo &#8220;Chateur Neuf&#8221;.<\/div>\n<p>&nbsp;<\/p>\n<div dir=\"auto\"><\/div>\n<\/div>\n<div class=\"cxmmr5t8 oygrvhab hcukyx3x c1et5uql o9v6fnle ii04i59q\" style=\"text-align: justify;\">\n<div dir=\"auto\"><\/div>\n<\/div>\n<div class=\"cxmmr5t8 oygrvhab hcukyx3x c1et5uql o9v6fnle ii04i59q\" style=\"text-align: justify;\">\n<div dir=\"auto\"><strong>Date of Birth:<\/strong> September 06, 1961<\/div>\n<p>&nbsp;<\/p>\n<div dir=\"auto\"><\/div>\n<\/div>\n<div class=\"cxmmr5t8 oygrvhab hcukyx3x c1et5uql o9v6fnle ii04i59q\" style=\"text-align: justify;\">\n<div dir=\"auto\"><strong>Biography:<\/strong><\/div>\n<p>&nbsp;<\/p>\n<div dir=\"auto\"><\/div>\n<div dir=\"auto\">He is an artist who throughout his musical career has held numerous positions: as a member of a-ha (as he is known above all) he excels at composing songs and as a guitarist; in Bridges he plays the role of vocalist, guitarist and composer; In Savoy (band) (his own band) he is the mainstay of the group in which he plays the roles of vocalist, guitarist, songwriter, programming and even deals with keyboards and percussion (not drums).<\/div>\n<div dir=\"auto\"><\/div>\n<p>&nbsp;<\/p>\n<\/div>\n<div class=\"cxmmr5t8 oygrvhab hcukyx3x c1et5uql o9v6fnle ii04i59q\" style=\"text-align: justify;\">\n<div dir=\"auto\">Paul and Magne grew up together in Oslo. Their interest in music soon awoke and together they were in several bands: one called &#8220;Spider Empire&#8221; and in 1976 they formed Bridges with bassist Viggo Bondi and drummer Oystein Jevanord. On May 27, 1977, Bridges gave his first concert at the Oslo club &#8220;Chateur Neuf&#8221;.<\/div>\n<div dir=\"auto\"><\/div>\n<p>&nbsp;<\/p>\n<\/div>\n<div class=\"cxmmr5t8 oygrvhab hcukyx3x c1et5uql o9v6fnle ii04i59q\" style=\"text-align: justify;\">\n<div dir=\"auto\">\n<p><strong>Discograf\u00eda<\/strong><\/p>\n<table width=\"539\">\n<tbody>\n<tr>\n<td style=\"text-align: center;\" width=\"145\"><strong>G\u00e9nero New wave Pop rock Synth-pop Rock alternativo Post-grunge Rock progresivo<\/strong><\/td>\n<td style=\"text-align: center;\" width=\"326\"><strong>Escuchar Tema<\/strong><\/td>\n<td style=\"text-align: center;\" width=\"68\"><strong>A\u00f1o de Publicaci\u00f3n<\/strong><\/td>\n<\/tr>\n<tr>\n<td style=\"text-align: center;\"><\/td>\n<td style=\"text-align: center;\"><strong>\u00c1lbumes con Savoy:<\/strong><\/td>\n<td style=\"text-align: center;\"><\/td>\n<\/tr>\n<tr>\n<td><\/td>\n<td><\/td>\n<td><\/td>\n<\/tr>\n<tr>\n<td>1<\/td>\n<td>Mary Is Coming<\/td>\n<td>1996<\/td>\n<\/tr>\n<tr>\n<td>2<\/td>\n<td>Lackluster Me<\/td>\n<td>1997<\/td>\n<\/tr>\n<tr>\n<td>3<\/td>\n<td>Mountains Of Time<\/td>\n<td>1999<\/td>\n<\/tr>\n<tr>\n<td>4<\/td>\n<td>Reasons To Stay Indoors<\/td>\n<td>2001<\/td>\n<\/tr>\n<tr>\n<td>5<\/td>\n<td>Savoy<\/td>\n<td>2004<\/td>\n<\/tr>\n<tr>\n<td>6<\/td>\n<td>Savoy Songbook Vol. 1<\/td>\n<td>2007<\/td>\n<\/tr>\n<tr>\n<td>7<\/td>\n<td>See The Beauty In Your Drab Hometown<\/td>\n<td>2018<\/td>\n<\/tr>\n<tr>\n<td><\/td>\n<td><\/td>\n<td><\/td>\n<\/tr>\n<tr>\n<td style=\"text-align: center;\"><\/td>\n<td style=\"text-align: center;\"><strong>\u00c1lbumes con a-ha:<\/strong><\/td>\n<td><\/td>\n<\/tr>\n<tr>\n<td><\/td>\n<td><\/td>\n<td><\/td>\n<\/tr>\n<tr>\n<td>1<\/td>\n<td>Hunting High And Low<\/td>\n<td>1985<\/td>\n<\/tr>\n<tr>\n<td>2<\/td>\n<td>Scoundrel Days<\/td>\n<td>1986<\/td>\n<\/tr>\n<tr>\n<td>3<\/td>\n<td>Stay On These Roads<\/td>\n<td>1988<\/td>\n<\/tr>\n<tr>\n<td>4<\/td>\n<td>East Of The Sun, West Of The Moon<\/td>\n<td>1990<\/td>\n<\/tr>\n<tr>\n<td>5<\/td>\n<td>Headlines and Deadlines &#8211; The Hits of a-ha<\/td>\n<td>1991<\/td>\n<\/tr>\n<tr>\n<td>6<\/td>\n<td>Memorial Beach<\/td>\n<td>1993<\/td>\n<\/tr>\n<tr>\n<td>7<\/td>\n<td>Minor Earth Major Sky<\/td>\n<td>2000<\/td>\n<\/tr>\n<tr>\n<td>8<\/td>\n<td>Lifelines<\/td>\n<td>2002<\/td>\n<\/tr>\n<tr>\n<td>9<\/td>\n<td>How Can I Sleep With Your Voice In My Head<\/td>\n<td>2003<\/td>\n<\/tr>\n<tr>\n<td>10<\/td>\n<td>The Singles<\/td>\n<td>2004<\/td>\n<\/tr>\n<tr>\n<td>11<\/td>\n<td>Analogue<\/td>\n<td>2005<\/td>\n<\/tr>\n<tr>\n<td>12<\/td>\n<td>Foot of the Mountain<\/td>\n<td>2009<\/td>\n<\/tr>\n<tr>\n<td>13<\/td>\n<td>Cast in Steel<\/td>\n<td>2015<\/td>\n<\/tr>\n<tr>\n<td>14<\/td>\n<td>MTV Unplugged &#8211; Summer Solstice<\/td>\n<td>2017<\/td>\n<\/tr>\n<tr>\n<td><\/td>\n<td><\/td>\n<td><\/td>\n<\/tr>\n<\/tbody>\n<\/table>\n<\/div>\n<\/div>\n<div dir=\"auto\"><\/div>\n<div class=\"cxmmr5t8 oygrvhab hcukyx3x c1et5uql o9v6fnle ii04i59q\" style=\"text-align: justify;\">\n<div dir=\"auto\">Cr\u00e9ditos: Tomado de Wikipedia<\/div>\n<div dir=\"auto\"><a class=\"oajrlxb2 g5ia77u1 qu0x051f esr5mh6w e9989ue4 r7d6kgcz rq0escxv nhd2j8a9 nc684nl6 p7hjln8o kvgmc6g5 cxmmr5t8 oygrvhab hcukyx3x jb3vyjys rz4wbd8a qt6c0cv9 a8nywdso i1ao9s8h esuyzwwr f1sip0of lzcic4wl gpro0wi8 py34i1dx\" tabindex=\"0\" role=\"link\" href=\"https:\/\/es.wikipedia.org\/wiki\/Paul_Waaktaar-Savoy?fbclid=IwAR03VAQgwxqCROn55c8nArJ0oGWi3VG6L38Ot_wk6asaa_a6VZomt6gJHgw\" target=\"_blank\" rel=\"nofollow noopener\">https:\/\/es.wikipedia.org\/wiki\/Paul_Waaktaar-Savoy<\/a><\/div>\n<div dir=\"auto\"><\/div>\n<\/div>\n<div class=\"epyt-video-wrapper\"><iframe loading=\"lazy\"  id=\"_ytid_83995\"  width=\"618\" height=\"347\"  data-origwidth=\"618\" data-origheight=\"347\" src=\"https:\/\/www.youtube.com\/embed\/cXBW3fjNqAY?enablejsapi=1&#038;autoplay=0&#038;cc_load_policy=0&#038;cc_lang_pref=&#038;iv_load_policy=1&#038;loop=0&#038;modestbranding=0&#038;rel=1&#038;fs=1&#038;playsinline=0&#038;autohide=2&#038;theme=dark&#038;color=red&#038;controls=1&#038;\" class=\"__youtube_prefs__  epyt-is-override  no-lazyload\" title=\"YouTube player\"  allow=\"fullscreen; accelerometer; autoplay; clipboard-write; encrypted-media; gyroscope; picture-in-picture\" allowfullscreen data-no-lazy=\"1\" data-skipgform_ajax_framebjll=\"\"><\/iframe><\/div>\n","protected":false},"excerpt":{"rendered":"<p>&nbsp; Fecha de Nacimiento: 6 de septiembre de 1961 &nbsp; Biograf\u00eda: &nbsp; Es un artista que a lo largo de su carrera musical ha ocupado numerosos puestos: como miembro de a-ha (como sobre todo se le conoce) destaca en la composici\u00f3n de temas y como guitarrista; en Bridges desempe\u00f1a el papel de vocalista, guitarrista y &hellip;<\/p>\n","protected":false},"author":1,"featured_media":0,"parent":0,"menu_order":0,"comment_status":"closed","ping_status":"closed","template":"","meta":{"footnotes":""},"class_list":["post-28681","page","type-page","status-publish",""],"jetpack_sharing_enabled":true,"_links":{"self":[{"href":"http:\/\/mickyandoniehn.com\/radio\/wp-json\/wp\/v2\/pages\/28681","targetHints":{"allow":["GET"]}}],"collection":[{"href":"http:\/\/mickyandoniehn.com\/radio\/wp-json\/wp\/v2\/pages"}],"about":[{"href":"http:\/\/mickyandoniehn.com\/radio\/wp-json\/wp\/v2\/types\/page"}],"author":[{"embeddable":true,"href":"http:\/\/mickyandoniehn.com\/radio\/wp-json\/wp\/v2\/users\/1"}],"replies":[{"embeddable":true,"href":"http:\/\/mickyandoniehn.com\/radio\/wp-json\/wp\/v2\/comments?post=28681"}],"version-history":[{"count":2,"href":"http:\/\/mickyandoniehn.com\/radio\/wp-json\/wp\/v2\/pages\/28681\/revisions"}],"predecessor-version":[{"id":30466,"href":"http:\/\/mickyandoniehn.com\/radio\/wp-json\/wp\/v2\/pages\/28681\/revisions\/30466"}],"wp:attachment":[{"href":"http:\/\/mickyandoniehn.com\/radio\/wp-json\/wp\/v2\/media?parent=28681"}],"curies":[{"name":"wp","href":"https:\/\/api.w.org\/{rel}","templated":true}]}}