{"id":28679,"date":"2022-08-26T11:28:30","date_gmt":"2022-08-26T17:28:30","guid":{"rendered":"https:\/\/mickyandoniehn.com\/radio\/?page_id=28679"},"modified":"2022-09-01T12:01:40","modified_gmt":"2022-09-01T18:01:40","slug":"roger-waters","status":"publish","type":"page","link":"http:\/\/mickyandoniehn.com\/radio\/roger-waters\/","title":{"rendered":"Roger Waters"},"content":{"rendered":"<p style=\"text-align: justify;\"><img loading=\"lazy\" decoding=\"async\" class=\"wp-image-23231 aligncenter\" src=\"http:\/\/mickyandoniehn.com\/radio\/wp-content\/uploads\/2022\/07\/Roger-Waters-184x300.jpg\" alt=\"\" width=\"317\" height=\"517\" srcset=\"http:\/\/mickyandoniehn.com\/radio\/wp-content\/uploads\/2022\/07\/Roger-Waters-184x300.jpg 184w, http:\/\/mickyandoniehn.com\/radio\/wp-content\/uploads\/2022\/07\/Roger-Waters.jpg 435w\" sizes=\"auto, (max-width: 317px) 100vw, 317px\" \/><\/p>\n<div class=\"cxmmr5t8 oygrvhab hcukyx3x c1et5uql o9v6fnle ii04i59q\" style=\"text-align: justify;\">\n<div dir=\"auto\"><strong>Fecha de Nacimiento:<\/strong> 6 de septiembre de 1943<\/div>\n<div dir=\"auto\"><\/div>\n<\/div>\n<div class=\"cxmmr5t8 oygrvhab hcukyx3x c1et5uql o9v6fnle ii04i59q\" style=\"text-align: justify;\">\n<div dir=\"auto\"><strong>Biograf\u00eda:<\/strong><\/div>\n<div dir=\"auto\"><\/div>\n<div dir=\"auto\">Convirti\u00e9ndose tras la marcha de Syd Barrett en el compositor conceptual de la banda. Adem\u00e1s de ser el bajista, comparti\u00f3 el lugar de cantante principal y experiment\u00f3 con sintetizadores, loops, guitarra el\u00e9ctrica y ac\u00fastica. Con \u00e9l, Pink Floyd alcanz\u00f3 \u00e9xito mundial en la d\u00e9cada de 1970 gracias a sus \u00e1lbumes conceptuales The Dark Side of the Moon, Wish You Were Here, Animals y The Wall. Dej\u00f3 la banda en 1985 debido a diferencias creativas y legales con los otros integrantes. Resuelta la disputa en 1987, pasaron casi 18 a\u00f1os para que volviese a tocar con la banda. Hacia 2010, el grupo habr\u00eda vendido m\u00e1s de 250 millones de discos; s\u00f3lo en Estados Unidos, 74 millones de \u00e1lbumes.<\/div>\n<div dir=\"auto\"><\/div>\n<\/div>\n<div class=\"cxmmr5t8 oygrvhab hcukyx3x c1et5uql o9v6fnle ii04i59q\" style=\"text-align: justify;\">\n<div dir=\"auto\">En 1996, fue admitido en el Sal\u00f3n de la Fama del Rock de Estados Unidos y del Reino Unido como miembro de Pink Floyd. Desde 1999 ha hecho varias giras. Desde 1989 trabaj\u00f3 en la \u00f3pera \u00c7a Ira, estrenada en 2005, pero que un a\u00f1o antes tuvo su pr\u00e9miere en las celebraciones por el ingreso de Malta en la Uni\u00f3n Europea. El 2 de julio de 2005, se reuni\u00f3 con sus ex compa\u00f1eros de Pink Floyd para el concierto ben\u00e9fico Live 8, la \u00fanica aparici\u00f3n de Waters con la banda desde su \u00faltima actuaci\u00f3n hac\u00eda 24 a\u00f1os.<\/div>\n<div dir=\"auto\"><\/div>\n<\/div>\n<div class=\"cxmmr5t8 oygrvhab hcukyx3x c1et5uql o9v6fnle ii04i59q\" style=\"text-align: justify;\">\n<div dir=\"auto\">Siguiendo el lanzamiento de The Final Cut, Waters se embarc\u00f3 en una carrera en solitario del que salieron tres \u00e1lbumes conceptuales y una banda sonora. En 1984, lanz\u00f3 el primero de ellos, The Pros and Cons of Hitch Hiking, un proyecto que trata sobre los sue\u00f1os que tiene un hombre una noche. Trata los sentimientos de Waters respecto a su matrimonio fallido con Judy Trim, el sexo y los pros y contras de la monogamia y la vida familiar en contraposici\u00f3n a \u00abla llamada de lo salvaje\u00bb. El personaje principal, Reg, elige el amor y el matrimonio frente a la promiscuidad.<\/div>\n<div dir=\"auto\"><\/div>\n<\/div>\n<div class=\"cxmmr5t8 oygrvhab hcukyx3x c1et5uql o9v6fnle ii04i59q\" style=\"text-align: justify;\">\n<div dir=\"auto\"><strong>Date of Birth:<\/strong> September 06, 1943<\/div>\n<div dir=\"auto\"><\/div>\n<\/div>\n<div class=\"cxmmr5t8 oygrvhab hcukyx3x c1et5uql o9v6fnle ii04i59q\" style=\"text-align: justify;\">\n<div dir=\"auto\"><strong>Biography:<\/strong><\/div>\n<div dir=\"auto\"><\/div>\n<div dir=\"auto\">Becoming after the departure of Syd Barrett in the conceptual composer of the band. In addition to being the bassist, he shared the lead singer role and experimented with synthesizers, loops, electric and acoustic guitar. With him, Pink Floyd achieved worldwide success in the 1970s thanks to their concept albums The Dark Side of the Moon, Wish You Were Here, Animals and The Wall. He left the band in 1985 due to creative and legal differences with the other members. The dispute resolved in 1987, it took almost 18 years for him to return to play with the band. By 2010, the group would have sold more than 250 million records; In the United States alone, 74 million albums.<\/div>\n<div dir=\"auto\"><\/div>\n<\/div>\n<div class=\"cxmmr5t8 oygrvhab hcukyx3x c1et5uql o9v6fnle ii04i59q\" style=\"text-align: justify;\">\n<div dir=\"auto\">In 1996, he was inducted into the United States and United Kingdom Rock Hall of Fame as a member of Pink Floyd. Since 1999 he has done several tours. Since 1989 he has worked on the opera \u00c7a Ira, premiered in 2005, but which a year earlier had its pr\u00e9miere in the celebrations for the entry of Malta into the European Union. On July 2, 2005, he reunited with his former Pink Floyd teammates for the Live 8 benefit concert, Waters&#8217; only appearance with the band since their last performance 24 years ago.<\/div>\n<div dir=\"auto\"><\/div>\n<\/div>\n<div class=\"cxmmr5t8 oygrvhab hcukyx3x c1et5uql o9v6fnle ii04i59q\" style=\"text-align: justify;\">\n<div dir=\"auto\">Following the release of The Final Cut, Waters embarked on a solo career that resulted in three concept albums and a soundtrack. In 1984, he launched the first of them, The Pros and Cons of Hitch Hiking, a project that deals with the dreams that a man has one night. It deals with Waters&#8217; feelings about his failed marriage to Judy Trim, sex, and the pros and cons of monogamy and family life as opposed to &#8220;the call of the wild.&#8221; The main character, Reg, chooses love and marriage versus promiscuity.<\/div>\n<div dir=\"auto\"><\/div>\n<\/div>\n<div class=\"cxmmr5t8 oygrvhab hcukyx3x c1et5uql o9v6fnle ii04i59q\" style=\"text-align: justify;\">\n<div dir=\"auto\"><strong>Discograf\u00eda<\/strong><\/div>\n<div dir=\"auto\"><\/div>\n<\/div>\n<div class=\"cxmmr5t8 oygrvhab hcukyx3x c1et5uql o9v6fnle ii04i59q\" style=\"text-align: justify;\">\n<div dir=\"auto\">\n<table width=\"474\">\n<tbody>\n<tr>\n<td style=\"text-align: center;\" width=\"80\"><strong>G\u00e9nero Pop<\/strong><\/td>\n<td style=\"text-align: center;\" width=\"326\"><strong>Escuchar Tema<\/strong><\/td>\n<td style=\"text-align: center;\" width=\"68\"><strong>A\u00f1o de Publicaci\u00f3n<\/strong><\/td>\n<\/tr>\n<tr>\n<td><\/td>\n<td><\/td>\n<td><\/td>\n<\/tr>\n<tr>\n<td>1<\/td>\n<td>Music from The Body (con Ron Geesin)<\/td>\n<td>1970<\/td>\n<\/tr>\n<tr>\n<td>2<\/td>\n<td>The Pros and Cons of Hitch Hiking<\/td>\n<td>1984<\/td>\n<\/tr>\n<tr>\n<td>3<\/td>\n<td>When the Wind Blows<\/td>\n<td>1986<\/td>\n<\/tr>\n<tr>\n<td>4<\/td>\n<td>Radio K.A.O.S.<\/td>\n<td>1987<\/td>\n<\/tr>\n<tr>\n<td>5<\/td>\n<td>The Wall &#8211; Live in Berlin<\/td>\n<td>1990<\/td>\n<\/tr>\n<tr>\n<td>6<\/td>\n<td>Amused to Death<\/td>\n<td>1992<\/td>\n<\/tr>\n<tr>\n<td>7<\/td>\n<td>In the Flesh \u2013 Live<\/td>\n<td>2000<\/td>\n<\/tr>\n<tr>\n<td>8<\/td>\n<td>Flickering Flame: The Solo Years Volume 1<\/td>\n<td>2002<\/td>\n<\/tr>\n<tr>\n<td>9<\/td>\n<td>\u00c7a Ira (solo producci\u00f3n)<\/td>\n<td>2005<\/td>\n<\/tr>\n<tr>\n<td>10<\/td>\n<td>The Album Collection<\/td>\n<td>2011<\/td>\n<\/tr>\n<tr>\n<td>11<\/td>\n<td>Roger Waters: The Wall (director y productor)<\/td>\n<td>2014<\/td>\n<\/tr>\n<tr>\n<td>12<\/td>\n<td>Is This the Life We Really Want?<\/td>\n<td>2017<\/td>\n<\/tr>\n<tr>\n<td>13<\/td>\n<td>Roger Waters: Us + Them<\/td>\n<td>2019<\/td>\n<\/tr>\n<tr>\n<td><\/td>\n<td><\/td>\n<td><\/td>\n<\/tr>\n<\/tbody>\n<\/table>\n<\/div>\n<\/div>\n<div dir=\"auto\"><\/div>\n<div class=\"cxmmr5t8 oygrvhab hcukyx3x c1et5uql o9v6fnle ii04i59q\" style=\"text-align: justify;\">\n<div dir=\"auto\"><strong>Cr\u00e9ditos: Tomado de Wikipedia<\/strong><\/div>\n<div dir=\"auto\"><a class=\"oajrlxb2 g5ia77u1 qu0x051f esr5mh6w e9989ue4 r7d6kgcz rq0escxv nhd2j8a9 nc684nl6 p7hjln8o kvgmc6g5 cxmmr5t8 oygrvhab hcukyx3x jb3vyjys rz4wbd8a qt6c0cv9 a8nywdso i1ao9s8h esuyzwwr f1sip0of lzcic4wl gpro0wi8 py34i1dx\" tabindex=\"0\" role=\"link\" href=\"https:\/\/l.facebook.com\/l.php?u=https%3A%2F%2Fes.wikipedia.org%2Fwiki%2FRoger_Waters%3Ffbclid%3DIwAR1YTYXx36fLoqDMswE9G1ELPQWEMWgIaTmU5NCHWbymMKunK1M7B9iIfhU&amp;h=AT06ipQni2iBVz9KfMT_4KEsFxCRWsZIHl7hr1rvGIapTEXosPK7XB5mpszDP6zPbkUJsIw4zy7ITrCGf593Vu_707glPC-yNszVl-DGSQCYMOB_uqNFpDfNYAxdlXYNteSW&amp;__tn__=-UK-y-R&amp;c[0]=AT1OmkP_ASxy-F7s7W7LWPq9E79tlQ_WoF3Kz9dzjmFGaX_Lr2gkCI4dXvUyGDkZwCw1btpfDhueZ-cGzX8GyAozOH1ksJ25e54Fn3h6mEnvUPZ_NL-foCyrWIitf12a_IsSSI7JT9hYkdN7eoOtyrbFmQuqgpOwH1-_AdUSDC_JxceTFA\" target=\"_blank\" rel=\"nofollow noopener\">https:\/\/es.wikipedia.org\/wiki\/Roger_Waters<\/a><\/div>\n<div dir=\"auto\"><\/div>\n<\/div>\n<div class=\"epyt-video-wrapper\"><iframe loading=\"lazy\"  id=\"_ytid_82795\"  width=\"618\" height=\"347\"  data-origwidth=\"618\" data-origheight=\"347\" src=\"https:\/\/www.youtube.com\/embed\/6LSv8b-ZfXE?enablejsapi=1&#038;autoplay=0&#038;cc_load_policy=0&#038;cc_lang_pref=&#038;iv_load_policy=1&#038;loop=0&#038;modestbranding=0&#038;rel=1&#038;fs=1&#038;playsinline=0&#038;autohide=2&#038;theme=dark&#038;color=red&#038;controls=1&#038;\" class=\"__youtube_prefs__  epyt-is-override  no-lazyload\" title=\"YouTube player\"  allow=\"fullscreen; accelerometer; autoplay; clipboard-write; encrypted-media; gyroscope; picture-in-picture\" allowfullscreen data-no-lazy=\"1\" data-skipgform_ajax_framebjll=\"\"><\/iframe><\/div>\n","protected":false},"excerpt":{"rendered":"<p>Fecha de Nacimiento: 6 de septiembre de 1943 Biograf\u00eda: Convirti\u00e9ndose tras la marcha de Syd Barrett en el compositor conceptual de la banda. Adem\u00e1s de ser el bajista, comparti\u00f3 el lugar de cantante principal y experiment\u00f3 con sintetizadores, loops, guitarra el\u00e9ctrica y ac\u00fastica. Con \u00e9l, Pink Floyd alcanz\u00f3 \u00e9xito mundial en la d\u00e9cada de 1970 &hellip;<\/p>\n","protected":false},"author":1,"featured_media":0,"parent":0,"menu_order":0,"comment_status":"closed","ping_status":"closed","template":"","meta":{"footnotes":""},"class_list":["post-28679","page","type-page","status-publish",""],"jetpack_sharing_enabled":true,"_links":{"self":[{"href":"http:\/\/mickyandoniehn.com\/radio\/wp-json\/wp\/v2\/pages\/28679","targetHints":{"allow":["GET"]}}],"collection":[{"href":"http:\/\/mickyandoniehn.com\/radio\/wp-json\/wp\/v2\/pages"}],"about":[{"href":"http:\/\/mickyandoniehn.com\/radio\/wp-json\/wp\/v2\/types\/page"}],"author":[{"embeddable":true,"href":"http:\/\/mickyandoniehn.com\/radio\/wp-json\/wp\/v2\/users\/1"}],"replies":[{"embeddable":true,"href":"http:\/\/mickyandoniehn.com\/radio\/wp-json\/wp\/v2\/comments?post=28679"}],"version-history":[{"count":2,"href":"http:\/\/mickyandoniehn.com\/radio\/wp-json\/wp\/v2\/pages\/28679\/revisions"}],"predecessor-version":[{"id":30509,"href":"http:\/\/mickyandoniehn.com\/radio\/wp-json\/wp\/v2\/pages\/28679\/revisions\/30509"}],"wp:attachment":[{"href":"http:\/\/mickyandoniehn.com\/radio\/wp-json\/wp\/v2\/media?parent=28679"}],"curies":[{"name":"wp","href":"https:\/\/api.w.org\/{rel}","templated":true}]}}