{"id":28675,"date":"2022-08-26T11:27:53","date_gmt":"2022-08-26T17:27:53","guid":{"rendered":"https:\/\/mickyandoniehn.com\/radio\/?page_id=28675"},"modified":"2022-09-01T08:44:18","modified_gmt":"2022-09-01T14:44:18","slug":"barry-gibb","status":"publish","type":"page","link":"http:\/\/mickyandoniehn.com\/radio\/barry-gibb\/","title":{"rendered":"Barry Gibb"},"content":{"rendered":"<p style=\"text-align: justify;\"><img loading=\"lazy\" decoding=\"async\" class=\" wp-image-30088 aligncenter\" src=\"http:\/\/mickyandoniehn.com\/radio\/wp-content\/uploads\/2022\/09\/barryGibb-300x168.jpg\" alt=\"\" width=\"896\" height=\"502\" srcset=\"http:\/\/mickyandoniehn.com\/radio\/wp-content\/uploads\/2022\/09\/barryGibb-300x168.jpg 300w, http:\/\/mickyandoniehn.com\/radio\/wp-content\/uploads\/2022\/09\/barryGibb-768x429.jpg 768w, http:\/\/mickyandoniehn.com\/radio\/wp-content\/uploads\/2022\/09\/barryGibb.jpg 980w\" sizes=\"auto, (max-width: 896px) 100vw, 896px\" \/><\/p>\n<p>&nbsp;<\/p>\n<div class=\"cxmmr5t8 oygrvhab hcukyx3x c1et5uql o9v6fnle ii04i59q\" style=\"text-align: justify;\">\n<div dir=\"auto\"><strong>Fecha de Nacimiento:<\/strong> 1 de septiembre de 1946<\/div>\n<div dir=\"auto\"><\/div>\n<p>&nbsp;<\/p>\n<\/div>\n<div class=\"cxmmr5t8 oygrvhab hcukyx3x c1et5uql o9v6fnle ii04i59q\" style=\"text-align: justify;\">\n<div dir=\"auto\"><strong>Biograf\u00eda:<\/strong><\/div>\n<div dir=\"auto\"><\/div>\n<p>&nbsp;<\/p>\n<div dir=\"auto\">Salt\u00f3 a la fama en compa\u00f1\u00eda de sus hermanos, los mellizos Robin y Maurice formando el grupo de los Bee Gees.<\/div>\n<div dir=\"auto\"><\/div>\n<p>&nbsp;<\/p>\n<\/div>\n<div class=\"cxmmr5t8 oygrvhab hcukyx3x c1et5uql o9v6fnle ii04i59q\" style=\"text-align: justify;\">\n<div dir=\"auto\">Barry fue clasificado por la Q (revista) en el n\u00famero #38 en su lista de &#8220;100 mejores cantantes&#8221; en 2007.<\/div>\n<div dir=\"auto\"><\/div>\n<p>&nbsp;<\/p>\n<\/div>\n<div class=\"cxmmr5t8 oygrvhab hcukyx3x c1et5uql o9v6fnle ii04i59q\" style=\"text-align: justify;\">\n<div dir=\"auto\">Barry tuvo una carrera muy exitosa como miembro del grupo Bee Gees, un grupo cerca de la cima de la lista de los m\u00e1s vendidos de todos los tiempos. tambi\u00e9n es un compositor prol\u00edfico y exitoso y miembro de la Academia Brit\u00e1nica de Compositores, Compositores y Autores. En 1977, Barry vio cinco de sus canciones entrar simult\u00e1neamente en el Top Ten del Billboard Hot 100 y, durante una semana en marzo, cuatro de las cinco mejores canciones fueron escritas por Barry.<\/div>\n<div dir=\"auto\"><\/div>\n<p>&nbsp;<\/p>\n<\/div>\n<div class=\"cxmmr5t8 oygrvhab hcukyx3x c1et5uql o9v6fnle ii04i59q\" style=\"text-align: justify;\">\n<div dir=\"auto\">El 8 de mayo de 2007, en un episodio de American Idol, Barry actu\u00f3 como mentor de los cuatro concursantes restantes, y en la noche siguiente, cant\u00f3 su canci\u00f3n &#8220;To Love Somebody&#8221;, antes de la eliminaci\u00f3n de la LaKisha Jones. Gibb compuso el tema musical Grease is The Word para la ITV. Barry tambi\u00e9n fue el autor de la nueva composici\u00f3n para la cobertura por la NBC del torneo de golf del Campeonato de Maestros.<\/div>\n<p>&nbsp;<\/p>\n<div dir=\"auto\"><\/div>\n<\/div>\n<div class=\"cxmmr5t8 oygrvhab hcukyx3x c1et5uql o9v6fnle ii04i59q\" style=\"text-align: justify;\">\n<div dir=\"auto\"><strong>Date of Birth:<\/strong> September 01, 1946<\/div>\n<div dir=\"auto\"><\/div>\n<p>&nbsp;<\/p>\n<\/div>\n<div class=\"cxmmr5t8 oygrvhab hcukyx3x c1et5uql o9v6fnle ii04i59q\" style=\"text-align: justify;\">\n<div dir=\"auto\"><strong>Biography:<\/strong><\/div>\n<div dir=\"auto\"><\/div>\n<p>&nbsp;<\/p>\n<div dir=\"auto\">He rose to fame in the company of his brothers, twins Robin and Maurice, forming the group of the Bee Gees.<\/div>\n<div dir=\"auto\"><\/div>\n<p>&nbsp;<\/p>\n<\/div>\n<div class=\"cxmmr5t8 oygrvhab hcukyx3x c1et5uql o9v6fnle ii04i59q\" style=\"text-align: justify;\">\n<div dir=\"auto\">Barry was ranked by Q (magazine) at # 38 on their list of &#8220;100 Greatest Singers&#8221; in 2007.<\/div>\n<div dir=\"auto\"><\/div>\n<p>&nbsp;<\/p>\n<\/div>\n<div class=\"cxmmr5t8 oygrvhab hcukyx3x c1et5uql o9v6fnle ii04i59q\" style=\"text-align: justify;\">\n<div dir=\"auto\">Barry had a very successful career as a member of the group Bee Gees, a group near the top of the all-time bestseller list. He is also a prolific and successful songwriter and a member of the British Academy of Composers, Composers and Authors. In 1977, Barry saw five of his songs simultaneously enter the Top Ten of the Billboard Hot 100 and, for a week in March, four of the top five songs were written by Barry.<\/div>\n<div dir=\"auto\"><\/div>\n<p>&nbsp;<\/p>\n<\/div>\n<div class=\"cxmmr5t8 oygrvhab hcukyx3x c1et5uql o9v6fnle ii04i59q\" style=\"text-align: justify;\">\n<div dir=\"auto\">On May 8, 2007, on an episode of American Idol, Barry acted as a mentor to the four remaining contestants, and on the following night, he sang his song &#8220;To Love Somebody&#8221;, prior to the removal of LaKisha Jones. Gibb composed the song Grease is The Word for ITV. Barry also authored the new composition for NBC&#8217;s coverage of the Masters Championship golf tournament.<\/div>\n<\/div>\n<div dir=\"auto\">\n<strong>Discograf\u00eda<\/strong><\/div>\n<div class=\"cxmmr5t8 oygrvhab hcukyx3x c1et5uql o9v6fnle ii04i59q\" style=\"text-align: justify;\">\n<table width=\"474\">\n<tbody>\n<tr>\n<td style=\"text-align: center;\" width=\"80\"><strong>G\u00e9nero Country, Pop<\/strong><\/td>\n<td style=\"text-align: center;\" width=\"326\"><strong>Escuchar Tema<\/strong><\/td>\n<td style=\"text-align: center;\" width=\"68\"><strong>A\u00f1o de Publicaci\u00f3n<\/strong><\/td>\n<\/tr>\n<tr>\n<td style=\"text-align: center;\"><\/td>\n<td style=\"text-align: center;\"><strong>\u00c1lbumes<\/strong><\/td>\n<td style=\"text-align: center;\"><\/td>\n<\/tr>\n<tr>\n<td><\/td>\n<td><\/td>\n<td><\/td>\n<\/tr>\n<tr>\n<td>1<\/td>\n<td>The Kid&#8217;s No Good (No oficial)<\/td>\n<td>1970<\/td>\n<\/tr>\n<tr>\n<td>2<\/td>\n<td>Streisand-Guilty<\/td>\n<td>1980<\/td>\n<\/tr>\n<tr>\n<td>3<\/td>\n<td>Now Voyager\u200b<\/td>\n<td>1984<\/td>\n<\/tr>\n<tr>\n<td>4<\/td>\n<td>Hawks (Soundtrack)<\/td>\n<td>1988<\/td>\n<\/tr>\n<tr>\n<td>5<\/td>\n<td>The Eaten Alive Demos<\/td>\n<td>2006<\/td>\n<\/tr>\n<tr>\n<td>6<\/td>\n<td>The Guilty Demos<\/td>\n<td>2006<\/td>\n<\/tr>\n<tr>\n<td>7<\/td>\n<td>The Heartbreaker Demos<\/td>\n<td>2006<\/td>\n<\/tr>\n<tr>\n<td>8<\/td>\n<td>The Eyes That See in the Dark Demos \u200b<\/td>\n<td>2006<\/td>\n<\/tr>\n<tr>\n<td>9<\/td>\n<td>In the Now<\/td>\n<td>2016<\/td>\n<\/tr>\n<tr>\n<td><\/td>\n<td><\/td>\n<td><\/td>\n<\/tr>\n<tr>\n<td style=\"text-align: center;\"><\/td>\n<td style=\"text-align: center;\"><strong>Sencillos<\/strong><\/td>\n<td style=\"text-align: center;\"><\/td>\n<\/tr>\n<tr>\n<td><\/td>\n<td><\/td>\n<td><\/td>\n<\/tr>\n<tr>\n<td>1<\/td>\n<td>&#8220;I&#8217;ll Kiss Your Memory&#8221;<\/td>\n<td>1969<\/td>\n<\/tr>\n<tr>\n<td>2<\/td>\n<td>&#8220;A Day in the Life&#8221;<\/td>\n<td>1978<\/td>\n<\/tr>\n<tr>\n<td>3<\/td>\n<td>&#8220;Shine Shine&#8221;<\/td>\n<td>1984<\/td>\n<\/tr>\n<tr>\n<td>4<\/td>\n<td>&#8220;Fine Line&#8221; \u200b<\/td>\n<td>1984<\/td>\n<\/tr>\n<tr>\n<td>5<\/td>\n<td>&#8220;Childhood Days&#8221;<\/td>\n<td>1988<\/td>\n<\/tr>\n<tr>\n<td>6<\/td>\n<td>&#8220;Dr. Man&#8221;<\/td>\n<td>2006<\/td>\n<\/tr>\n<tr>\n<td>7<\/td>\n<td>&#8220;Underworld&#8221;<\/td>\n<td>2006<\/td>\n<\/tr>\n<tr>\n<td>8<\/td>\n<td>&#8220;Drown On the River&#8221;<\/td>\n<td>2007<\/td>\n<\/tr>\n<tr>\n<td>9<\/td>\n<td>&#8220;The Heart Knows&#8221; (con Olivia Newton John)<\/td>\n<td>2008<\/td>\n<\/tr>\n<tr>\n<td>10<\/td>\n<td>&#8220;In the Now&#8221;<\/td>\n<td>2016<\/td>\n<\/tr>\n<tr>\n<td><\/td>\n<td><\/td>\n<td><\/td>\n<\/tr>\n<\/tbody>\n<\/table>\n<\/div>\n<div class=\"cxmmr5t8 oygrvhab hcukyx3x c1et5uql o9v6fnle ii04i59q\" style=\"text-align: justify;\">\n<div dir=\"auto\"><\/div>\n<\/div>\n<div class=\"cxmmr5t8 oygrvhab hcukyx3x c1et5uql o9v6fnle ii04i59q\" style=\"text-align: justify;\">\n<div dir=\"auto\">Cr\u00e9ditos: Tomado de Wikipedia<\/div>\n<div dir=\"auto\"><a class=\"oajrlxb2 g5ia77u1 qu0x051f esr5mh6w e9989ue4 r7d6kgcz rq0escxv nhd2j8a9 nc684nl6 p7hjln8o kvgmc6g5 cxmmr5t8 oygrvhab hcukyx3x jb3vyjys rz4wbd8a qt6c0cv9 a8nywdso i1ao9s8h esuyzwwr f1sip0of lzcic4wl gpro0wi8 py34i1dx\" tabindex=\"0\" role=\"link\" href=\"https:\/\/l.facebook.com\/l.php?u=https%3A%2F%2Fes.wikipedia.org%2Fwiki%2FBarry_Gibb%3Ffbclid%3DIwAR0dZCBRccHFkFcwhY6bnVD6PjKdh3i7-6Ku8C59eLLNuuZikcPvQbQJYCY&amp;h=AT2qx0RexDzoY1GeNuqCOxMmwnYgdXjWjTIqEXOSoozHmFxwwGRqaczk4LNcB0VY0WeLG3XS12gz4G0UwEcq2yQlAvvbA5bBFyGJcslIo8LJCGpsIon52zN9lti-awh4e0cP&amp;__tn__=-UK-R&amp;c[0]=AT1jUADJOOmp7z7CXOd0HtZZ889ZbRZJtgPdoufYrbMAt2bDu5o0k5raRgz_2EByjybQ9w7X6oxnkCYn_i8qAnV1lr-EFq0SoZbkTSFYvUIfetUCDdF3hp6-PtpleWL9pJiHQGVA_cNd3tsCDQsDYcCNE4Gz0JimvErRVA\" target=\"_blank\" rel=\"nofollow noopener\">https:\/\/es.wikipedia.org\/wiki\/Barry_Gibb<\/a><\/div>\n<\/div>\n<p>&nbsp;<\/p>\n<div dir=\"auto\"><\/div>\n<div class=\"epyt-video-wrapper\"><iframe loading=\"lazy\"  id=\"_ytid_96073\"  width=\"618\" height=\"347\"  data-origwidth=\"618\" data-origheight=\"347\" src=\"https:\/\/www.youtube.com\/embed\/5xJKv3kor4U?enablejsapi=1&#038;autoplay=0&#038;cc_load_policy=0&#038;cc_lang_pref=&#038;iv_load_policy=1&#038;loop=0&#038;modestbranding=0&#038;rel=1&#038;fs=1&#038;playsinline=0&#038;autohide=2&#038;theme=dark&#038;color=red&#038;controls=1&#038;\" class=\"__youtube_prefs__  epyt-is-override  no-lazyload\" title=\"YouTube player\"  allow=\"fullscreen; accelerometer; autoplay; clipboard-write; encrypted-media; gyroscope; picture-in-picture\" allowfullscreen data-no-lazy=\"1\" data-skipgform_ajax_framebjll=\"\"><\/iframe><\/div>\n","protected":false},"excerpt":{"rendered":"<p>&nbsp; Fecha de Nacimiento: 1 de septiembre de 1946 &nbsp; Biograf\u00eda: &nbsp; Salt\u00f3 a la fama en compa\u00f1\u00eda de sus hermanos, los mellizos Robin y Maurice formando el grupo de los Bee Gees. &nbsp; Barry fue clasificado por la Q (revista) en el n\u00famero #38 en su lista de &#8220;100 mejores cantantes&#8221; en 2007. &nbsp; &hellip;<\/p>\n","protected":false},"author":1,"featured_media":0,"parent":0,"menu_order":0,"comment_status":"closed","ping_status":"closed","template":"","meta":{"footnotes":""},"class_list":["post-28675","page","type-page","status-publish",""],"jetpack_sharing_enabled":true,"_links":{"self":[{"href":"http:\/\/mickyandoniehn.com\/radio\/wp-json\/wp\/v2\/pages\/28675","targetHints":{"allow":["GET"]}}],"collection":[{"href":"http:\/\/mickyandoniehn.com\/radio\/wp-json\/wp\/v2\/pages"}],"about":[{"href":"http:\/\/mickyandoniehn.com\/radio\/wp-json\/wp\/v2\/types\/page"}],"author":[{"embeddable":true,"href":"http:\/\/mickyandoniehn.com\/radio\/wp-json\/wp\/v2\/users\/1"}],"replies":[{"embeddable":true,"href":"http:\/\/mickyandoniehn.com\/radio\/wp-json\/wp\/v2\/comments?post=28675"}],"version-history":[{"count":4,"href":"http:\/\/mickyandoniehn.com\/radio\/wp-json\/wp\/v2\/pages\/28675\/revisions"}],"predecessor-version":[{"id":30090,"href":"http:\/\/mickyandoniehn.com\/radio\/wp-json\/wp\/v2\/pages\/28675\/revisions\/30090"}],"wp:attachment":[{"href":"http:\/\/mickyandoniehn.com\/radio\/wp-json\/wp\/v2\/media?parent=28675"}],"curies":[{"name":"wp","href":"https:\/\/api.w.org\/{rel}","templated":true}]}}