{"id":28663,"date":"2022-08-26T11:21:45","date_gmt":"2022-08-26T17:21:45","guid":{"rendered":"https:\/\/mickyandoniehn.com\/radio\/?page_id=28663"},"modified":"2022-08-26T11:21:45","modified_gmt":"2022-08-26T17:21:45","slug":"los-kypus","status":"publish","type":"page","link":"http:\/\/mickyandoniehn.com\/radio\/los-kypus\/","title":{"rendered":"Los Kypus"},"content":{"rendered":"<p><img loading=\"lazy\" decoding=\"async\" class=\" wp-image-23221 aligncenter\" src=\"http:\/\/mickyandoniehn.com\/radio\/wp-content\/uploads\/2022\/07\/LOS-KYPUS-300x281.jpg\" alt=\"\" width=\"572\" height=\"535\" srcset=\"http:\/\/mickyandoniehn.com\/radio\/wp-content\/uploads\/2022\/07\/LOS-KYPUS-300x281.jpg 300w, http:\/\/mickyandoniehn.com\/radio\/wp-content\/uploads\/2022\/07\/LOS-KYPUS.jpg 600w\" sizes=\"auto, (max-width: 572px) 100vw, 572px\" \/><\/p>\n<p>&nbsp;<\/p>\n<p><strong>Fecha de Nacimiento: <\/strong>agosto 1959<\/p>\n<p><strong>Biograf\u00eda<\/strong><\/p>\n<p>Los Kipus, un grupo Peruano de M\u00fasica Criolla formado hoy por Paco Maceda, V\u00edctor Mel\u00e9ndez y Elizabeth Panchano inicia su historia en agosto de 1959 y sus primeras presentaciones se realizaron en enero de 1960 en Ecuador. Despu\u00e9s vinieron a Lima para ofrecer sus primeras actuaciones &#8220;en vivo&#8221;. Por eso, en aquel entonces muchos pensaron que eran ecuatorianos.<\/p>\n<p>Varias fueron las voces que interpretaron temas inolvidables. Entre ellas figuran Carmen Montoro, Zoraida Villanueva, Charito Alonso, Pilar Valdivia, Zenobia C\u00e1ceres, Eva Ayll\u00f3n, Teresita Andrade (ecuatoriana), Martha Valdivia, Rosa Garc\u00eda, Isabel La Rosa, Chela Lecca, Susana Santander, Vilma Paredes, Dolly Miranda y Sonia Berrocal. Y hasta el 31 de diciembre del 2001, Francoise Rodr\u00edguez fue la \u00faltima figura femenina del tr\u00edo mixto.<\/p>\n<p>Pero el jueves 14 de Febrero del 2002 se dio a conocer a la decimos\u00e9ptima voz, ella es Elizabeth Panchano, nuevo descubrimiento del fundador y director Paco Maceda.<\/p>\n<p><strong>Date of Birth:<\/strong> in August 1959<\/p>\n<p><strong>Biography<\/strong><\/p>\n<p>Los Kipus, a Peruvian Creole Music group formed today by Paco Maceda, V\u00edctor Mel\u00e9ndez and Elizabeth Panchano began its history in August 1959 and its first performances were held in January 1960 in Ecuador. Later they came to Lima to offer their first &#8220;live&#8221; performances. That is why, at that time, many thought that they were Ecuadorians.<\/p>\n<p>Several were the voices that interpreted unforgettable themes. Among them are Carmen Montoro, Zoraida Villanueva, Charito Alonso, Pilar Valdivia, Zenobia C\u00e1ceres, Eva Ayll\u00f3n, Teresita Andrade (Ecuadorian), Martha Valdivia, Rosa Garc\u00eda, Isabel La Rosa, Chela Lecca, Susana Santander, Vilma Paredes, Dolly Miranda and Sonia Berrocal. And until December 31, 2001, Francoise Rodr\u00edguez was the last female figure of the mixed trio.<br \/>\nBut on Thursday, February 14, 2002, the seventeenth voice was revealed, she is Elizabeth Panchano, a new discovery of the founder and director Paco Maceda.<\/p>\n<p><strong>Discography<\/strong><\/p>\n<table width=\"689\">\n<tbody>\n<tr>\n<td style=\"text-align: center;\" width=\"221\"><b>Temas Balls Criollo<\/b><\/td>\n<td style=\"text-align: center;\" width=\"280\"><strong>Escuchar tema<\/strong><\/td>\n<td style=\"text-align: center;\" width=\"188\"><strong>A\u00f1o de Publicacion\u00a0<\/strong><\/td>\n<\/tr>\n<tr>\n<td style=\"text-align: center;\" colspan=\"2\"><strong>Los Kipus\u00a0\u200e\u2013\u00a0&#8220;Carmen, Paco Y Genaro&#8221;<\/strong><\/td>\n<td style=\"text-align: center;\"><strong>1959<\/strong><\/td>\n<\/tr>\n<tr>\n<td>1<\/td>\n<td>Ven, Amor<\/td>\n<td><\/td>\n<\/tr>\n<tr>\n<td>2<\/td>\n<td>Tu Error<\/td>\n<td><\/td>\n<\/tr>\n<tr>\n<td>3<\/td>\n<td>Mi Compa\u00f1era<\/td>\n<td><\/td>\n<\/tr>\n<tr>\n<td>4<\/td>\n<td>No Vuelvas M\u00e1s<\/td>\n<td><\/td>\n<\/tr>\n<tr>\n<td>5<\/td>\n<td>Confesi\u00f3n<\/td>\n<td><\/td>\n<\/tr>\n<tr>\n<td>6<\/td>\n<td>Si, Si<\/td>\n<td><\/td>\n<\/tr>\n<tr>\n<td>7<\/td>\n<td>Dilema<\/td>\n<td><\/td>\n<\/tr>\n<tr>\n<td>8<\/td>\n<td>Nada Te Pido<\/td>\n<td><\/td>\n<\/tr>\n<tr>\n<td>9<\/td>\n<td>Mis L\u00e1grimas<\/td>\n<td><\/td>\n<\/tr>\n<tr>\n<td>10<\/td>\n<td>Te Vas<\/td>\n<td><\/td>\n<\/tr>\n<tr>\n<td>11<\/td>\n<td>Porque Sigues Llorando<\/td>\n<td><\/td>\n<\/tr>\n<tr>\n<td>12<\/td>\n<td>Te Alejas<\/td>\n<td><\/td>\n<\/tr>\n<tr>\n<td><\/td>\n<td><\/td>\n<td><\/td>\n<\/tr>\n<tr>\n<td style=\"text-align: center;\"><\/td>\n<td style=\"text-align: center;\"><strong>Cantan Los Kipus<\/strong><\/td>\n<td style=\"text-align: center;\"><strong>1960<\/strong><\/td>\n<\/tr>\n<tr>\n<td><\/td>\n<td><\/td>\n<td><\/td>\n<\/tr>\n<tr>\n<td>1<\/td>\n<td>Rosa Te<\/td>\n<td><\/td>\n<\/tr>\n<tr>\n<td>2<\/td>\n<td>Te Toca A Ti<\/td>\n<td><\/td>\n<\/tr>\n<tr>\n<td>3<\/td>\n<td>Que Nadie Sepa Mi Sufrir<\/td>\n<td><\/td>\n<\/tr>\n<tr>\n<td>4<\/td>\n<td>Por Que Sigues Llorando<\/td>\n<td><\/td>\n<\/tr>\n<tr>\n<td>5<\/td>\n<td>Pobre Cholito<\/td>\n<td><\/td>\n<\/tr>\n<tr>\n<td>6<\/td>\n<td>El Testamento<\/td>\n<td><\/td>\n<\/tr>\n<tr>\n<td>7<\/td>\n<td>Ansias<\/td>\n<td><\/td>\n<\/tr>\n<tr>\n<td>8<\/td>\n<td>Lejos Los Dos<\/td>\n<td><\/td>\n<\/tr>\n<tr>\n<td>9<\/td>\n<td>Golondrina<\/td>\n<td><\/td>\n<\/tr>\n<tr>\n<td>10<\/td>\n<td>Contestaci\u00f3n A Ilusi\u00f3n Perdida<\/td>\n<td><\/td>\n<\/tr>\n<tr>\n<td>11<\/td>\n<td>Mi Tondero<\/td>\n<td><\/td>\n<\/tr>\n<tr>\n<td>12<\/td>\n<td>Cinco Por Ocho, Cuarenta<\/td>\n<td><\/td>\n<\/tr>\n<tr>\n<td><\/td>\n<td><\/td>\n<td><\/td>\n<\/tr>\n<tr>\n<td style=\"text-align: center;\"><\/td>\n<td style=\"text-align: center;\"><strong>Los Kipus en Tv<\/strong><\/td>\n<td><\/td>\n<\/tr>\n<tr>\n<td>1<\/td>\n<td>Amorcito<\/td>\n<td><\/td>\n<\/tr>\n<tr>\n<td>2<\/td>\n<td>El Due\u00f1o Ausente<\/td>\n<td><\/td>\n<\/tr>\n<tr>\n<td>3<\/td>\n<td>Ingrata<\/td>\n<td><\/td>\n<\/tr>\n<tr>\n<td>4<\/td>\n<td>Adi\u00f3s Amor<\/td>\n<td><\/td>\n<\/tr>\n<tr>\n<td>5<\/td>\n<td>Melgar<\/td>\n<td><\/td>\n<\/tr>\n<tr>\n<td>6<\/td>\n<td>Rosaura Lindura<\/td>\n<td><\/td>\n<\/tr>\n<tr>\n<td>7<\/td>\n<td>Brujer\u00edas<\/td>\n<td><\/td>\n<\/tr>\n<tr>\n<td>8<\/td>\n<td>Adelante<\/td>\n<td><\/td>\n<\/tr>\n<tr>\n<td>9<\/td>\n<td>Luz Y Sombra<\/td>\n<td><\/td>\n<\/tr>\n<tr>\n<td>10<\/td>\n<td>Arrepentida<\/td>\n<td><\/td>\n<\/tr>\n<tr>\n<td>11<\/td>\n<td>Me Equivoque Contigo<\/td>\n<td><\/td>\n<\/tr>\n<tr>\n<td>12<\/td>\n<td>Juntito A Mi<\/td>\n<td><\/td>\n<\/tr>\n<tr>\n<td><\/td>\n<td><\/td>\n<td><\/td>\n<\/tr>\n<tr>\n<td style=\"text-align: center;\"><strong>Los Kipus en JET<\/strong><\/td>\n<td style=\"text-align: center;\"><strong>Lista de T\u00edtulos<\/strong><\/td>\n<td style=\"text-align: center;\"><strong>1964<\/strong><\/td>\n<\/tr>\n<tr>\n<td>1<\/td>\n<td>Ternura<\/td>\n<td><\/td>\n<\/tr>\n<tr>\n<td>2<\/td>\n<td>El C\u00e1liz Del Olvido<\/td>\n<td><\/td>\n<\/tr>\n<tr>\n<td>3<\/td>\n<td>Grata Mentira<\/td>\n<td><\/td>\n<\/tr>\n<tr>\n<td>4<\/td>\n<td>Picaflor Tarme\u00f1o<\/td>\n<td><\/td>\n<\/tr>\n<tr>\n<td>5<\/td>\n<td>Te Extra\u00f1o Cholita<\/td>\n<td><\/td>\n<\/tr>\n<tr>\n<td>6<\/td>\n<td>La Encomienda<\/td>\n<td><\/td>\n<\/tr>\n<tr>\n<td>7<\/td>\n<td>Mi Consentida<\/td>\n<td><\/td>\n<\/tr>\n<tr>\n<td>8<\/td>\n<td>Si Me Amaras<\/td>\n<td><\/td>\n<\/tr>\n<tr>\n<td>9<\/td>\n<td>Cualquier Cosa<\/td>\n<td><\/td>\n<\/tr>\n<tr>\n<td>10<\/td>\n<td>Casarme Quiero<\/td>\n<td><\/td>\n<\/tr>\n<tr>\n<td>11<\/td>\n<td>Un Buen Consejo<\/td>\n<td><\/td>\n<\/tr>\n<tr>\n<td>12<\/td>\n<td>Viru<\/td>\n<td><\/td>\n<\/tr>\n<tr>\n<td><\/td>\n<td><\/td>\n<td><\/td>\n<\/tr>\n<tr>\n<td style=\"text-align: center;\"><strong>Los Kipus en Mexico<\/strong><\/td>\n<td style=\"text-align: center;\"><strong>Lista de T\u00edtulos<\/strong><\/td>\n<td style=\"text-align: center;\"><strong>1965<\/strong><\/td>\n<\/tr>\n<tr>\n<td>1<\/td>\n<td>Vallarta<\/td>\n<td><\/td>\n<\/tr>\n<tr>\n<td>2<\/td>\n<td>Tampoco<\/td>\n<td><\/td>\n<\/tr>\n<tr>\n<td>3<\/td>\n<td>Bajo La Sombra<\/td>\n<td><\/td>\n<\/tr>\n<tr>\n<td>4<\/td>\n<td>Lo Que Somos<\/td>\n<td><\/td>\n<\/tr>\n<tr>\n<td>5<\/td>\n<td>Todos Esos D\u00edas<\/td>\n<td><\/td>\n<\/tr>\n<tr>\n<td>6<\/td>\n<td>Creo<\/td>\n<td><\/td>\n<\/tr>\n<tr>\n<td>7<\/td>\n<td>Ven Cari\u00f1ito, Ven<\/td>\n<td><\/td>\n<\/tr>\n<tr>\n<td>8<\/td>\n<td>Tu Eres<\/td>\n<td><\/td>\n<\/tr>\n<tr>\n<td>9<\/td>\n<td>Nadie Mas Que Yo<\/td>\n<td><\/td>\n<\/tr>\n<tr>\n<td>10<\/td>\n<td>Noche Tras Noche<\/td>\n<td><\/td>\n<\/tr>\n<tr>\n<td>11<\/td>\n<td>As\u00ed, As\u00ed<\/td>\n<td><\/td>\n<\/tr>\n<tr>\n<td>12<\/td>\n<td>Cuando Vivas<\/td>\n<td><\/td>\n<\/tr>\n<tr>\n<td><\/td>\n<td><\/td>\n<td><\/td>\n<\/tr>\n<\/tbody>\n<\/table>\n<p>&nbsp;<\/p>\n","protected":false},"excerpt":{"rendered":"<p>&nbsp; Fecha de Nacimiento: agosto 1959 Biograf\u00eda Los Kipus, un grupo Peruano de M\u00fasica Criolla formado hoy por Paco Maceda, V\u00edctor Mel\u00e9ndez y Elizabeth Panchano inicia su historia en agosto de 1959 y sus primeras presentaciones se realizaron en enero de 1960 en Ecuador. Despu\u00e9s vinieron a Lima para ofrecer sus primeras actuaciones &#8220;en vivo&#8221;. &hellip;<\/p>\n","protected":false},"author":1,"featured_media":0,"parent":0,"menu_order":0,"comment_status":"closed","ping_status":"closed","template":"","meta":{"footnotes":""},"class_list":["post-28663","page","type-page","status-publish",""],"jetpack_sharing_enabled":true,"_links":{"self":[{"href":"http:\/\/mickyandoniehn.com\/radio\/wp-json\/wp\/v2\/pages\/28663","targetHints":{"allow":["GET"]}}],"collection":[{"href":"http:\/\/mickyandoniehn.com\/radio\/wp-json\/wp\/v2\/pages"}],"about":[{"href":"http:\/\/mickyandoniehn.com\/radio\/wp-json\/wp\/v2\/types\/page"}],"author":[{"embeddable":true,"href":"http:\/\/mickyandoniehn.com\/radio\/wp-json\/wp\/v2\/users\/1"}],"replies":[{"embeddable":true,"href":"http:\/\/mickyandoniehn.com\/radio\/wp-json\/wp\/v2\/comments?post=28663"}],"version-history":[{"count":2,"href":"http:\/\/mickyandoniehn.com\/radio\/wp-json\/wp\/v2\/pages\/28663\/revisions"}],"predecessor-version":[{"id":30359,"href":"http:\/\/mickyandoniehn.com\/radio\/wp-json\/wp\/v2\/pages\/28663\/revisions\/30359"}],"wp:attachment":[{"href":"http:\/\/mickyandoniehn.com\/radio\/wp-json\/wp\/v2\/media?parent=28663"}],"curies":[{"name":"wp","href":"https:\/\/api.w.org\/{rel}","templated":true}]}}