{"id":28659,"date":"2022-08-26T11:20:48","date_gmt":"2022-08-26T17:20:48","guid":{"rendered":"https:\/\/mickyandoniehn.com\/radio\/?page_id=28659"},"modified":"2022-09-01T11:35:30","modified_gmt":"2022-09-01T17:35:30","slug":"michael-jackson","status":"publish","type":"page","link":"http:\/\/mickyandoniehn.com\/radio\/michael-jackson\/","title":{"rendered":"Michael Jackson"},"content":{"rendered":"<p><img loading=\"lazy\" decoding=\"async\" class=\" wp-image-29256 aligncenter\" src=\"http:\/\/mickyandoniehn.com\/radio\/wp-content\/uploads\/2022\/08\/jackson_michael_1-300x214.jpg\" alt=\"\" width=\"777\" height=\"554\" srcset=\"http:\/\/mickyandoniehn.com\/radio\/wp-content\/uploads\/2022\/08\/jackson_michael_1-300x214.jpg 300w, http:\/\/mickyandoniehn.com\/radio\/wp-content\/uploads\/2022\/08\/jackson_michael_1.jpg 420w\" sizes=\"auto, (max-width: 777px) 100vw, 777px\" \/><\/p>\n<p style=\"text-align: justify;\"><strong style=\"text-align: justify;\">Fecha de Nacimiento:<\/strong><span style=\"text-align: justify;\"> 29 de agosto de 1958<\/span><\/p>\n<p style=\"text-align: justify;\"><strong>Fecha de Fallecimiento:<\/strong> 25 de junio de 2009<\/p>\n<div class=\"cxmmr5t8 oygrvhab hcukyx3x c1et5uql o9v6fnle ii04i59q\" style=\"text-align: justify;\">\n<div dir=\"auto\"><\/div>\n<\/div>\n<div class=\"cxmmr5t8 oygrvhab hcukyx3x c1et5uql o9v6fnle ii04i59q\" style=\"text-align: justify;\">\n<div dir=\"auto\"><strong>Biograf\u00eda<\/strong><\/div>\n<p>&nbsp;<\/p>\n<div dir=\"auto\">Fue un cantante, compositor, productor discogr\u00e1fico, bailar\u00edn, actor y fil\u00e1ntropo estadounidense.<\/div>\n<p>&nbsp;<\/p>\n<div dir=\"auto\">Conocido como el \u00abRey del Pop\u00bb sus contribuciones y reconocimiento en la historia de la m\u00fasica y el baile, as\u00ed como su publicitado vida personal, lo convirtieron en una figura internacional en la cultura popular durante m\u00e1s de cuatro d\u00e9cadas.<\/div>\n<p>&nbsp;<\/p>\n<div dir=\"auto\"><\/div>\n<div dir=\"auto\"><\/div>\n<\/div>\n<div class=\"cxmmr5t8 oygrvhab hcukyx3x c1et5uql o9v6fnle ii04i59q\" style=\"text-align: justify;\">\n<div dir=\"auto\">Es reconocido como una de las estrellas de m\u00fasica pop m\u00e1s exitosa en el mundo. No obstante, su m\u00fasica incluy\u00f3 una amplia acepci\u00f3n de subg\u00e9neros.<\/div>\n<p>&nbsp;<\/p>\n<div dir=\"auto\"><\/div>\n<div dir=\"auto\"><\/div>\n<\/div>\n<div class=\"cxmmr5t8 oygrvhab hcukyx3x c1et5uql o9v6fnle ii04i59q\" style=\"text-align: justify;\">\n<div dir=\"auto\">Comenz\u00f3 su carrera art\u00edstica a mediados de los a\u00f1os 1960 en la agrupaci\u00f3n musical The Jackson 5, en la cual public\u00f3, junto con algunos de sus hermanos, diez \u00e1lbumes hasta 1975.<\/div>\n<p>&nbsp;<\/p>\n<div dir=\"auto\"><\/div>\n<div dir=\"auto\"><\/div>\n<\/div>\n<div class=\"cxmmr5t8 oygrvhab hcukyx3x c1et5uql o9v6fnle ii04i59q\" style=\"text-align: justify;\">\n<div dir=\"auto\">En 1971 inici\u00f3 su carrera como solista, aunque sigui\u00f3 perteneciendo al grupo. A principios de la d\u00e9cada de 1980, Jackson se convirti\u00f3 en una figura dominante en la m\u00fasica popular.<\/div>\n<p>&nbsp;<\/p>\n<div dir=\"auto\"><\/div>\n<div dir=\"auto\"><\/div>\n<div dir=\"auto\">Sus v\u00eddeos musicales, entre los que se destacan \u00abBeat It\u00bb, \u00abBillie Jean\u00bb y \u00abThriller\u00bb, de su \u00e1lbum de 1982 Thriller, son acreditados como una ruptura de las barreras raciales y la transformaci\u00f3n del medio en una forma de arte y herramienta promocional.<\/div>\n<p>&nbsp;<\/p>\n<div dir=\"auto\"><\/div>\n<div dir=\"auto\"><\/div>\n<div dir=\"auto\">La popularidad de estos ayud\u00f3 a llevar a la cadena televisiva MTV a la fama.<\/div>\n<p>&nbsp;<\/p>\n<div dir=\"auto\"><\/div>\n<div dir=\"auto\"><\/div>\n<\/div>\n<div class=\"cxmmr5t8 oygrvhab hcukyx3x c1et5uql o9v6fnle ii04i59q\" style=\"text-align: justify;\">\n<div dir=\"auto\">Thriller es el \u00e1lbum m\u00e1s vendido de todos los tiempos, con ventas estimadas en 65 millones de copias en todo el mundo. tambi\u00e9n figuran entre los \u00e1lbumes m\u00e1s vendidos de la historia.<\/div>\n<p>&nbsp;<\/p>\n<\/div>\n<div class=\"cxmmr5t8 oygrvhab hcukyx3x c1et5uql o9v6fnle ii04i59q\" style=\"text-align: justify;\">\n<div dir=\"auto\">Con Off the Wall, Jackson se convirti\u00f3 en el primer artista en solitario en tener cuatro sencillos del mismo \u00e1lbum dentro de los diez primeros puestos 10 del Billboard Hot 100. Es reconocido como el artista m\u00e1s exitoso de todos los tiempos por El libro Guinness de los r\u00e9cords.<\/div>\n<p>&nbsp;<\/p>\n<div dir=\"auto\"><\/div>\n<div dir=\"auto\"><\/div>\n<\/div>\n<div class=\"cxmmr5t8 oygrvhab hcukyx3x c1et5uql o9v6fnle ii04i59q\" style=\"text-align: justify;\">\n<div dir=\"auto\">Jackson es uno de los pocos artistas que han sido introducidos en el Sal\u00f3n de la Fama del Rock and Roll dos veces, y tambi\u00e9n fue incluido en el Sal\u00f3n de la Fama de los Compositores y el Sal\u00f3n de la Fama de la Danza como el \u00fanico bailar\u00edn de m\u00fasica pop y rock.<\/div>\n<p>&nbsp;<\/p>\n<div dir=\"auto\"><\/div>\n<div dir=\"auto\"><\/div>\n<\/div>\n<div class=\"cxmmr5t8 oygrvhab hcukyx3x c1et5uql o9v6fnle ii04i59q\" style=\"text-align: justify;\">\n<div dir=\"auto\">Sus otros logros incluyen varios r\u00e9cords Guinness, 13 premios Grammy, el premio Grammy Leyenda, el premio Grammy a la carrera art\u00edstica, 26 premios American Music, 13 sencillos n\u00famero uno en los Estados Unidos durante su carrera en solitario.<\/div>\n<p>&nbsp;<\/p>\n<div dir=\"auto\"><\/div>\n<div dir=\"auto\"><\/div>\n<\/div>\n<div class=\"cxmmr5t8 oygrvhab hcukyx3x c1et5uql o9v6fnle ii04i59q\" style=\"text-align: justify;\">\n<div dir=\"auto\">Se convirti\u00f3 en el primer artista en la historia en tener un top 10 en el Billboard Hot 100 en cinco d\u00e9cadas diferentes, cuando \u00abLove Never Felt So Good\u00bb alcanz\u00f3 el n\u00famero nueve el 21 de mayo de 2014.<\/div>\n<p>&nbsp;<\/p>\n<div dir=\"auto\"><\/div>\n<div dir=\"auto\"><\/div>\n<\/div>\n<div class=\"cxmmr5t8 oygrvhab hcukyx3x c1et5uql o9v6fnle ii04i59q\" style=\"text-align: justify;\">\n<div dir=\"auto\"><strong>Wikipedia in English<\/strong><\/div>\n<p>&nbsp;<\/p>\n<div dir=\"auto\"><\/div>\n<div dir=\"auto\"><strong>Date of Birth:<\/strong> August 29, 1958<\/div>\n<p>&nbsp;<\/p>\n<div dir=\"auto\"><\/div>\n<div dir=\"auto\"><strong>Date of Death:<\/strong> June 25, 2009<\/div>\n<p>&nbsp;<\/p>\n<\/div>\n<div class=\"cxmmr5t8 oygrvhab hcukyx3x c1et5uql o9v6fnle ii04i59q\" style=\"text-align: justify;\">\n<div dir=\"auto\"><\/div>\n<div dir=\"auto\"><\/div>\n<\/div>\n<div class=\"cxmmr5t8 oygrvhab hcukyx3x c1et5uql o9v6fnle ii04i59q\" style=\"text-align: justify;\">\n<div dir=\"auto\">He was an American singer, songwriter, record producer, dancer, actor, and philanthropist. Known as the &#8220;King of Pop&#8221; his contributions and recognition in the history of music and dance, as well as his publicized personal life, made him an international figure in popular culture for more than four decades.<\/div>\n<div dir=\"auto\"><\/div>\n<p>&nbsp;<\/p>\n<div dir=\"auto\"><\/div>\n<\/div>\n<div class=\"cxmmr5t8 oygrvhab hcukyx3x c1et5uql o9v6fnle ii04i59q\" style=\"text-align: justify;\">\n<div dir=\"auto\">He is recognized as one of the most successful pop music stars in the world. However, his music included a wide acceptance of subgenres.<\/div>\n<p>&nbsp;<\/p>\n<div dir=\"auto\"><\/div>\n<div dir=\"auto\"><\/div>\n<\/div>\n<div class=\"cxmmr5t8 oygrvhab hcukyx3x c1et5uql o9v6fnle ii04i59q\" style=\"text-align: justify;\">\n<div dir=\"auto\">He began his artistic career in the mid-1960s in the musical group The Jackson 5, in which he published, together with some of his brothers, ten albums until 1975.<\/div>\n<p>&nbsp;<\/p>\n<div dir=\"auto\"><\/div>\n<div dir=\"auto\"><\/div>\n<\/div>\n<div class=\"cxmmr5t8 oygrvhab hcukyx3x c1et5uql o9v6fnle ii04i59q\" style=\"text-align: justify;\">\n<div dir=\"auto\">In 1971 he began his solo career, although he continued to belong to the group. In the early 1980s, Jackson became a dominant figure in popular music.<\/div>\n<p>&nbsp;<\/p>\n<div dir=\"auto\"><\/div>\n<div dir=\"auto\"><\/div>\n<div dir=\"auto\">His music videos, notably &#8220;Beat It&#8221;, &#8220;Billie Jean&#8221; and &#8220;Thriller&#8221;, from his 1982 album Thriller, are credited as breaking down racial barriers and transforming the medium into an art form and promotional tool. Their popularity helped lead the MTV television network to fame.<\/div>\n<p>&nbsp;<\/p>\n<div dir=\"auto\"><\/div>\n<div dir=\"auto\"><\/div>\n<\/div>\n<div class=\"cxmmr5t8 oygrvhab hcukyx3x c1et5uql o9v6fnle ii04i59q\" style=\"text-align: justify;\">\n<div dir=\"auto\">Thriller is the best-selling album of all time, with sales estimated at 65 million copies worldwide. they are also among the best-selling albums in history.<\/div>\n<p>&nbsp;<\/p>\n<div dir=\"auto\"><\/div>\n<div dir=\"auto\"><\/div>\n<\/div>\n<div class=\"cxmmr5t8 oygrvhab hcukyx3x c1et5uql o9v6fnle ii04i59q\" style=\"text-align: justify;\">\n<div dir=\"auto\">With Off the Wall, Jackson became the first solo artist to have four singles from the same album in the top ten on the Billboard Hot 100. He is recognized as the most successful artist of all time by The Guinness Book of Records.<\/div>\n<div dir=\"auto\"><\/div>\n<\/div>\n<div class=\"cxmmr5t8 oygrvhab hcukyx3x c1et5uql o9v6fnle ii04i59q\" style=\"text-align: justify;\">\n<div dir=\"auto\">Jackson is one of the few artists to have been inducted into the Rock and Roll Hall of Fame twice, and was also inducted into the Songwriters Hall of Fame and the Dance Hall of Fame as the only dancer. of pop and rock music.<\/div>\n<p>&nbsp;<\/p>\n<div dir=\"auto\"><\/div>\n<div dir=\"auto\"><\/div>\n<\/div>\n<div class=\"cxmmr5t8 oygrvhab hcukyx3x c1et5uql o9v6fnle ii04i59q\" style=\"text-align: justify;\">\n<div dir=\"auto\">His other achievements include several Guinness Records, 13 Grammy Awards, the Legend Grammy Award, the Grammy Award for Art Career, 26 American Music Awards, 13 number one singles in the United States during his solo career.<\/div>\n<p>&nbsp;<\/p>\n<div dir=\"auto\"><\/div>\n<\/div>\n<div dir=\"auto\" style=\"text-align: justify;\"><\/div>\n<div class=\"cxmmr5t8 oygrvhab hcukyx3x c1et5uql o9v6fnle ii04i59q\" style=\"text-align: justify;\">\n<div dir=\"auto\" style=\"text-align: justify;\">He became the first artist in history to top 10 on the Billboard Hot 100 in five different decades, when &#8220;Love Never Felt So Good&#8221; reached number nine on May 21, 2014.<\/div>\n<p>&nbsp;<\/p>\n<div dir=\"auto\"><\/div>\n<div dir=\"auto\"><\/div>\n<\/div>\n<div class=\"cxmmr5t8 oygrvhab hcukyx3x c1et5uql o9v6fnle ii04i59q\" style=\"text-align: justify;\">\n<div dir=\"auto\"><strong>Discography<\/strong><\/div>\n<p>&nbsp;<\/p>\n<div dir=\"auto\"><\/div>\n<div dir=\"auto\">\n<table width=\"527\">\n<tbody>\n<tr>\n<td style=\"text-align: center;\" width=\"80\"><strong>G\u00e9nero R&amp;B\/Soul<\/strong><\/td>\n<td style=\"text-align: center;\" width=\"326\"><strong>Escuchar Tema<\/strong><\/td>\n<td style=\"text-align: center;\" width=\"121\"><strong>A\u00f1o de Publicaci\u00f3n<\/strong><\/td>\n<\/tr>\n<tr>\n<td><\/td>\n<td><\/td>\n<td><\/td>\n<\/tr>\n<tr>\n<td>1<\/td>\n<td>Got to Be There<\/td>\n<td>1972<\/td>\n<\/tr>\n<tr>\n<td>2<\/td>\n<td>Ben<\/td>\n<td>1972<\/td>\n<\/tr>\n<tr>\n<td>3<\/td>\n<td>Music and Me<\/td>\n<td>1973<\/td>\n<\/tr>\n<tr>\n<td>4<\/td>\n<td>Forever, Michael<\/td>\n<td>1975<\/td>\n<\/tr>\n<tr>\n<td>5<\/td>\n<td>Off the Wall<\/td>\n<td>1979<\/td>\n<\/tr>\n<tr>\n<td>6<\/td>\n<td>Thriller<\/td>\n<td>1982<\/td>\n<\/tr>\n<tr>\n<td>7<\/td>\n<td>Bad<\/td>\n<td>1987<\/td>\n<\/tr>\n<tr>\n<td>8<\/td>\n<td>Dangerous<\/td>\n<td>1991<\/td>\n<\/tr>\n<tr>\n<td>9<\/td>\n<td>History: Past, Present and Future, Book I<\/td>\n<td>1995<\/td>\n<\/tr>\n<tr>\n<td>10<\/td>\n<td>Blood on the Dance Floor: HIStory in the Mix<\/td>\n<td>1997<\/td>\n<\/tr>\n<tr>\n<td>11<\/td>\n<td>Invincible ()<\/td>\n<td>2001<\/td>\n<\/tr>\n<tr>\n<td><\/td>\n<td><\/td>\n<td><\/td>\n<\/tr>\n<tr>\n<td style=\"text-align: center;\"><\/td>\n<td style=\"text-align: center;\"><strong>\u00c1lbumes p\u00f3stumos<\/strong><\/td>\n<td><\/td>\n<\/tr>\n<tr>\n<td><\/td>\n<td><\/td>\n<td><\/td>\n<\/tr>\n<tr>\n<td>1<\/td>\n<td>Michael<\/td>\n<td>2010<\/td>\n<\/tr>\n<tr>\n<td>2<\/td>\n<td>Scape<\/td>\n<td>2014<\/td>\n<\/tr>\n<tr>\n<td><\/td>\n<td><\/td>\n<td><\/td>\n<\/tr>\n<\/tbody>\n<\/table>\n<\/div>\n<div dir=\"auto\"><\/div>\n<\/div>\n<div class=\"epyt-video-wrapper\"><iframe loading=\"lazy\"  id=\"_ytid_38866\"  width=\"618\" height=\"347\"  data-origwidth=\"618\" data-origheight=\"347\" src=\"https:\/\/www.youtube.com\/embed\/ZgCMRQPIJkE?enablejsapi=1&#038;autoplay=0&#038;cc_load_policy=0&#038;cc_lang_pref=&#038;iv_load_policy=1&#038;loop=0&#038;modestbranding=0&#038;rel=1&#038;fs=1&#038;playsinline=0&#038;autohide=2&#038;theme=dark&#038;color=red&#038;controls=1&#038;\" class=\"__youtube_prefs__  epyt-is-override  no-lazyload\" title=\"YouTube player\"  allow=\"fullscreen; accelerometer; autoplay; clipboard-write; encrypted-media; gyroscope; picture-in-picture\" allowfullscreen data-no-lazy=\"1\" data-skipgform_ajax_framebjll=\"\"><\/iframe><\/div>\n","protected":false},"excerpt":{"rendered":"<p>Fecha de Nacimiento: 29 de agosto de 1958 Fecha de Fallecimiento: 25 de junio de 2009 Biograf\u00eda &nbsp; Fue un cantante, compositor, productor discogr\u00e1fico, bailar\u00edn, actor y fil\u00e1ntropo estadounidense. &nbsp; Conocido como el \u00abRey del Pop\u00bb sus contribuciones y reconocimiento en la historia de la m\u00fasica y el baile, as\u00ed como su publicitado vida personal, &hellip;<\/p>\n","protected":false},"author":1,"featured_media":0,"parent":0,"menu_order":0,"comment_status":"closed","ping_status":"closed","template":"","meta":{"footnotes":""},"class_list":["post-28659","page","type-page","status-publish",""],"jetpack_sharing_enabled":true,"_links":{"self":[{"href":"http:\/\/mickyandoniehn.com\/radio\/wp-json\/wp\/v2\/pages\/28659","targetHints":{"allow":["GET"]}}],"collection":[{"href":"http:\/\/mickyandoniehn.com\/radio\/wp-json\/wp\/v2\/pages"}],"about":[{"href":"http:\/\/mickyandoniehn.com\/radio\/wp-json\/wp\/v2\/types\/page"}],"author":[{"embeddable":true,"href":"http:\/\/mickyandoniehn.com\/radio\/wp-json\/wp\/v2\/users\/1"}],"replies":[{"embeddable":true,"href":"http:\/\/mickyandoniehn.com\/radio\/wp-json\/wp\/v2\/comments?post=28659"}],"version-history":[{"count":3,"href":"http:\/\/mickyandoniehn.com\/radio\/wp-json\/wp\/v2\/pages\/28659\/revisions"}],"predecessor-version":[{"id":30412,"href":"http:\/\/mickyandoniehn.com\/radio\/wp-json\/wp\/v2\/pages\/28659\/revisions\/30412"}],"wp:attachment":[{"href":"http:\/\/mickyandoniehn.com\/radio\/wp-json\/wp\/v2\/media?parent=28659"}],"curies":[{"name":"wp","href":"https:\/\/api.w.org\/{rel}","templated":true}]}}