{"id":28657,"date":"2022-08-26T11:20:27","date_gmt":"2022-08-26T17:20:27","guid":{"rendered":"https:\/\/mickyandoniehn.com\/radio\/?page_id=28657"},"modified":"2022-09-01T11:55:12","modified_gmt":"2022-09-01T17:55:12","slug":"rafael-alfaro","status":"publish","type":"page","link":"http:\/\/mickyandoniehn.com\/radio\/rafael-alfaro\/","title":{"rendered":"Rafael Alfaro"},"content":{"rendered":"<div class=\"cxmmr5t8 oygrvhab hcukyx3x c1et5uql o9v6fnle\">\n<div dir=\"auto\" style=\"text-align: justify;\"><img loading=\"lazy\" decoding=\"async\" class=\" wp-image-23196 aligncenter\" src=\"http:\/\/mickyandoniehn.com\/radio\/wp-content\/uploads\/2022\/07\/Rafael-Alfaro-300x300.jpg\" alt=\"\" width=\"929\" height=\"929\" srcset=\"http:\/\/mickyandoniehn.com\/radio\/wp-content\/uploads\/2022\/07\/Rafael-Alfaro-300x300.jpg 300w, http:\/\/mickyandoniehn.com\/radio\/wp-content\/uploads\/2022\/07\/Rafael-Alfaro-150x150.jpg 150w, http:\/\/mickyandoniehn.com\/radio\/wp-content\/uploads\/2022\/07\/Rafael-Alfaro.jpg 400w\" sizes=\"auto, (max-width: 929px) 100vw, 929px\" \/><\/div>\n<\/div>\n<p>&nbsp;<\/p>\n<div dir=\"auto\"><\/div>\n<div dir=\"auto\"><\/div>\n<div dir=\"auto\"><\/div>\n<div class=\"cxmmr5t8 oygrvhab hcukyx3x c1et5uql o9v6fnle\">\n<div dir=\"auto\" style=\"text-align: justify;\"><strong>Fecha de Nacimiento:<\/strong> 27 de Agosto de 1965<\/div>\n<p>&nbsp;<\/p>\n<div dir=\"auto\"><\/div>\n<\/div>\n<div class=\"cxmmr5t8 oygrvhab hcukyx3x c1et5uql o9v6fnle\" style=\"text-align: justify;\">\n<div dir=\"auto\"><strong>Biograf\u00eda:<\/strong><\/div>\n<p>&nbsp;<\/p>\n<div dir=\"auto\"><\/div>\n<div dir=\"auto\">Estudi\u00f3 primaria y secundaria en el colegio Champagnat de los hermanos Maristas, ciudad de Santa Tecla. Para 1979 viaj\u00f3 a San Francisco California, EE.UU. donde estudi\u00f3 por un a\u00f1o en la ciudad de Half Moon Bay perfeccionando el idioma ingl\u00e9s, regresando despu\u00e9s a continuar sus estudios en el Champagnat, del cual nunca quiso cambiarse ya que sus padres trataron de ponerlo en La Escuela Alemana pero seg\u00fan sus palabras; &#8220;Hice todo lo posible por no quedar en esa escuela&#8221;, gradu\u00e1ndose as\u00ed de bachiller en su colegio natal.<\/div>\n<p>&nbsp;<\/p>\n<div dir=\"auto\"><\/div>\n<\/div>\n<div class=\"cxmmr5t8 oygrvhab hcukyx3x c1et5uql o9v6fnle\" style=\"text-align: justify;\">\n<div dir=\"auto\">Despu\u00e9s de su graduaci\u00f3n estudi\u00f3 dos a\u00f1os en la Universidad Centro Americana Jos\u00e9 Sime\u00f3n Ca\u00f1as UCA Ingenier\u00eda Mec\u00e1nica retir\u00e1ndose por motivos de salud, comenzando de nuevo en la Universidad Albert Einstein en la cual estudi\u00f3 solamente medio ciclo ya que en 1985 surge la oportunidad de estudiar Ingenier\u00eda de Sonido en Full Sail Center of the Recording Arts viajando a Orlando Florida, EE. UU., y en El Salvador no existe tal carrera, &#8220;Me decid\u00ed por la Ingenier\u00eda de Sonido pues en nuestro pa\u00eds es muy dif\u00edcil estudiar m\u00fasica, ya que esta nunca ha sido apreciada como carrera, adem\u00e1s me llam\u00f3 mucho la atenci\u00f3n el aspecto t\u00e9cnico del arte musical, desde el d\u00eda en que tuvimos con OVNI nuestra primera experiencia en un estudio (supuestamente de los mejores en el pa\u00eds), la grabaci\u00f3n qued\u00f3 tan mala que pens\u00e9: deber\u00edamos de tener nuestro propio estudio para poder producir como nosotros realmente queremos&#8221;.<\/div>\n<p>&nbsp;<\/p>\n<div dir=\"auto\"><\/div>\n<\/div>\n<div class=\"cxmmr5t8 oygrvhab hcukyx3x c1et5uql o9v6fnle\" style=\"text-align: justify;\">\n<div dir=\"auto\">Estas se dieron a conocer desde muy joven pero especialmente a los 11 \u00f3 12 a\u00f1os despu\u00e9s de escuchar un disco de The Beatles llamado The Beatles at the Hollywood Bowl, eso cambi\u00f3 todo.<\/div>\n<p>&nbsp;<\/p>\n<\/div>\n<div class=\"cxmmr5t8 oygrvhab hcukyx3x c1et5uql o9v6fnle\" style=\"text-align: justify;\">\n<div dir=\"auto\">Carmela, amiga de la familia regala una guitarra a R.A. y con m\u00e9todos de guitarra f\u00e1cil empieza su seudo-educaci\u00f3n musical, esto lo hizo empezar a componer y cantar sus propios temas, a\u00f1os despu\u00e9s recibir\u00eda clases un par de meses con Don C\u00e1ndido Morales, disc\u00edpulo de Mangor\u00e9, quien le ense\u00f1ar\u00eda las t\u00e9cnicas b\u00e1sicas de guitarra cl\u00e1sica, despertando su inter\u00e9s por otros instrumentos como el bajo, los teclados, la flauta dulce, la arm\u00f3nica, la bater\u00eda y \u00faltimamente por el charango. La afici\u00f3n por cantar y tocar la guitarra despert\u00f3 la curiosidad de sus compa\u00f1eros de f\u00f3rmula y sin realmente propon\u00e9rselo formaron KARN con su hermano Mauricio, Ayax y Kristi\u00e1n Calder\u00f3n. &#8220;El grupo surgi\u00f3 m\u00e1s de una amistad que de un inter\u00e9s musical&#8221;. Lo dem\u00e1s es parte de la historia de OVNI.<\/div>\n<p>&nbsp;<\/p>\n<div dir=\"auto\"><\/div>\n<\/div>\n<div class=\"cxmmr5t8 oygrvhab hcukyx3x c1et5uql o9v6fnle\" style=\"text-align: justify;\">\n<div dir=\"auto\">Los proyectos individuales de R.A. comenzaron a finales de los 80&#8217;s cuando junto con Roberto Salamanca y otro amigo (del cual no puede mencionar su nombre) formaron un grupo llamado &#8220;Ensamble Guitarra&#8221; pero fue en 1990 con el tema &#8220;Eres Yo&#8221;, cuando se promovi\u00f3 como solista paralelamente al proyecto OVNI, posteriormente surgieron temas como; &#8220;Mi Ella, T\u00fa&#8221;, &#8220;Puedes Ver&#8221;, &#8220;Mis Huellas&#8221;, etc. con los cuales hizo un \u00e1lbum llamado &#8220;TRAS LAS HUELLAS&#8221; el cual nunca sali\u00f3 a la venta.<\/div>\n<p>&nbsp;<\/p>\n<div dir=\"auto\"><\/div>\n<\/div>\n<div class=\"cxmmr5t8 oygrvhab hcukyx3x c1et5uql o9v6fnle\" style=\"text-align: justify;\">\n<div dir=\"auto\">&#8220;OVNI se desintegr\u00f3 pues ya no nos aguant\u00e1bamos, necesit\u00e1bamos m\u00e1s espacio para desarrollarnos musicalmente&#8221;. Tras la disoluci\u00f3n del grupo en 1995 se enfrasc\u00f3 en su proyecto &#8220;RETRATOS&#8221; un \u00e1lbum en el cual demuestra sus dotes como cantautor, m\u00fasico, arreglista y productor. En 1997 libera el primer sencillo &#8220;Retrato de una Pregunta a Dios&#8221; y luego los temas &#8220;Retrato de un Libro&#8221; y &#8220;Retrato de un So\u00f1ador&#8221; los tres con sus respectivos videos. &#8220;Retratos fue un \u00e1lbum muy introspectivo, en el cual pude expresar abiertamente mi sentir y pensar sin comprometer a otros miembros de un grupo, demostr\u00e1ndome que tanto pod\u00eda hacer musicalmente yo solo. Tambi\u00e9n fue interesante descubrir que nunca podr\u00eda lograr el sonido de OVNI por mi mismo&#8221;.<\/div>\n<p>&nbsp;<\/p>\n<div dir=\"auto\"><\/div>\n<\/div>\n<div class=\"cxmmr5t8 oygrvhab hcukyx3x c1et5uql o9v6fnle\" style=\"text-align: justify;\">\n<div dir=\"auto\">Rafael, junto a Mauricio y Kristi\u00e1n deciden reunirse nuevamente y re-enfocarse en un proyecto musical que comenz\u00f3 a mediados de 1998 y es as\u00ed que el doble CD &#8220;OVNI, Entre Seres y sus Ra\u00edces&#8221; es finalmente lanzado en el a\u00f1o 2000. Con esta producci\u00f3n OVNI logra darse a conocer el el mercado Europeo, en donde recibe muy buenos reviews por parte de revistas especializadas.<\/div>\n<p>&nbsp;<\/p>\n<div dir=\"auto\"><\/div>\n<\/div>\n<div class=\"cxmmr5t8 oygrvhab hcukyx3x c1et5uql o9v6fnle\" style=\"text-align: justify;\">\n<div dir=\"auto\"><strong>Date of Birth:<\/strong> August 27, 1965<\/div>\n<p>&nbsp;<\/p>\n<div dir=\"auto\"><\/div>\n<\/div>\n<div class=\"cxmmr5t8 oygrvhab hcukyx3x c1et5uql o9v6fnle\" style=\"text-align: justify;\">\n<div dir=\"auto\"><strong>Biography:<\/strong><\/div>\n<p>&nbsp;<\/p>\n<div dir=\"auto\"><\/div>\n<div dir=\"auto\">He studied primary and secondary school at the Champagnat school of the Marist brothers, city of Santa Tecla. In 1979 he traveled to San Francisco California, USA where he studied for a year in the city of Half Moon Bay perfecting the English language, returning later to continue his studies at Champagnat, from which he never wanted to change since his parents tried to put it in The German School but according to his words; &#8220;He did everything possible not to stay in that school&#8221;, thus graduating from high school in his native school.<\/div>\n<p>&nbsp;<\/p>\n<div dir=\"auto\"><\/div>\n<\/div>\n<div class=\"cxmmr5t8 oygrvhab hcukyx3x c1et5uql o9v6fnle\" style=\"text-align: justify;\">\n<div dir=\"auto\">After graduation, he studied for two years at the Jos\u00e9 Sime\u00f3n Ca\u00f1as Central American University, UCA Mechanical Engineering, retiring for health reasons, starting again at the Albert Einstein University in which he studied only half a cycle since in 1985 the opportunity to study Mechanical Engineering arose. Sound at Full Sail Center of the Recording Arts traveling to Orlando Florida, USA, and in El Salvador there is no such career, &#8220;I decided on Sound Engineering because in our country it is very difficult to study music, since it never It has been apreciarte as a career, also the technical aspect of musical art caught my attention, from the day we had our first experience with UFO in a studio (supposedly one of the best in the country), the recording was so bad that I thought : we should have our own studio to be able to produce the way we really want to &#8220;.<\/div>\n<p>&nbsp;<\/p>\n<div dir=\"auto\"><\/div>\n<\/div>\n<div class=\"cxmmr5t8 oygrvhab hcukyx3x c1et5uql o9v6fnle\" style=\"text-align: justify;\">\n<div dir=\"auto\">These became known from a very young age but especially at 11 or 12 years after listening to a Beatles album called The Beatles at the Holliwood Bowl, that changed everything.<\/div>\n<p>&nbsp;<\/p>\n<div dir=\"auto\"><\/div>\n<\/div>\n<div class=\"cxmmr5t8 oygrvhab hcukyx3x c1et5uql o9v6fnle\" style=\"text-align: justify;\">\n<div dir=\"auto\">Carmela, a friend of the family, gives R.A. a guitar. and with easy guitar methods he began his musical pseudo-education, this made him start composing and singing his own songs, years later he would receive classes for a couple of months with Don C\u00e1ndido Morales, a disciple of Mangor\u00e9, who would teach him basic guitar techniques classical, awakening his interest in other instruments such as bass, keyboards, recorder, harmonica, drums and lately the charango. His fondness for singing and playing the guitar aroused the curiosity of his running mates and without really intending to, they formed KARN with his brother Mauricio, Ayax and Kristi\u00e1n Calder\u00f3n. &#8220;The group grew more out of a friendship than a musical interest.&#8221; The rest is part of the history of UFO.<\/div>\n<p>&nbsp;<\/p>\n<div dir=\"auto\"><\/div>\n<\/div>\n<div class=\"cxmmr5t8 oygrvhab hcukyx3x c1et5uql o9v6fnle\" style=\"text-align: justify;\">\n<div dir=\"auto\">The individual projects of R.A. They began at the end of the 80&#8217;s when together with Roberto Salamanca and another friend (whose name he cannot mention) they formed a group called &#8220;Ensamble Guitarra&#8221; but it was in 1990 with the song &#8220;Eres Yo&#8221;, when he promoted himself as a soloist in parallel with the UFO project, later topics such as; &#8220;My She, You&#8221;, &#8220;You Can See&#8221;, &#8220;My Footprints&#8221;, etc. with which he made an album called &#8220;TRAS LAS HUELLAS&#8221; which never went on sale.<\/div>\n<p>&nbsp;<\/p>\n<div dir=\"auto\"><\/div>\n<\/div>\n<div class=\"cxmmr5t8 oygrvhab hcukyx3x c1et5uql o9v6fnle\" style=\"text-align: justify;\">\n<div dir=\"auto\">&#8220;UFO disintegrated because we could no longer bear it, we needed more space to develop musically.&#8221; After the dissolution of the group in 1995 he got involved in his project &#8220;PORTRAITS&#8221; an album in which he shows his talents as a singer-songwriter, musician, arranger and producer. In 1997 he released the first single &#8220;Portrait of a Question to God&#8221; and then the songs &#8220;Portrait of a Book&#8221; and &#8220;Portrait of a Dreamer&#8221; all three with their respective videos. &#8220;Portraits was a very introspective album, in which I was able to openly express my feelings and thoughts without compromising other members of a group, showing myself how much I could do musically alone. It was also interesting to discover that I could never achieve the UFO sound for myself. same&#8221;.<\/div>\n<p>&nbsp;<\/p>\n<\/div>\n<div class=\"cxmmr5t8 oygrvhab hcukyx3x c1et5uql o9v6fnle\" style=\"text-align: justify;\">\n<div dir=\"auto\">Rafael, together with Mauricio and Kristi\u00e1n decide to meet again and refocus on a musical project that began in mid-1998 and that is how the double CD &#8220;OVNI, Entre Seres y sus Ra\u00edces&#8221; is finally released in 2000. With this UFO production manages to make itself known in the European market, where it receives very good reviews from specialized magazines.<\/div>\n<p>&nbsp;<\/p>\n<div dir=\"auto\"><\/div>\n<\/div>\n<div class=\"cxmmr5t8 oygrvhab hcukyx3x c1et5uql o9v6fnle\" style=\"text-align: justify;\">\n<div dir=\"auto\"><strong>Discography<\/strong><\/div>\n<p>&nbsp;<\/p>\n<div dir=\"auto\"><\/div>\n<\/div>\n<div dir=\"auto\">\n<table style=\"height: 322px;\" width=\"615\">\n<tbody>\n<tr>\n<td style=\"text-align: center;\" width=\"178\"><strong>Rock<\/strong><\/td>\n<td style=\"text-align: center;\" width=\"187\"><strong>Escuchar tema<\/strong><\/td>\n<td style=\"text-align: center;\" width=\"64\"><strong>A\u00f1o de Publicaci\u00f3n<\/strong><\/td>\n<\/tr>\n<tr>\n<td style=\"text-align: center;\"><\/td>\n<td style=\"text-align: center;\"><strong>Retrato<\/strong><\/td>\n<td style=\"text-align: center;\"><strong>1997<\/strong><\/td>\n<\/tr>\n<tr>\n<td>1<\/td>\n<td>Retrato De Un Viejo Sentir<\/td>\n<td><\/td>\n<\/tr>\n<tr>\n<td>2<\/td>\n<td>Retrato De Un Deseo<\/td>\n<td><\/td>\n<\/tr>\n<tr>\n<td>3<\/td>\n<td>Retrato De Un Miedo<\/td>\n<td><\/td>\n<\/tr>\n<tr>\n<td>4<\/td>\n<td colspan=\"2\">Retrato De Un Libro (Mi Libro)<\/td>\n<\/tr>\n<tr>\n<td>5<\/td>\n<td colspan=\"2\">Retrato De Una Pregunta A Dios<\/td>\n<\/tr>\n<tr>\n<td>6<\/td>\n<td>Retrato De Un Duelo<\/td>\n<td><\/td>\n<\/tr>\n<tr>\n<td>7<\/td>\n<td colspan=\"2\">Retrato De Un Amor Compartido<\/td>\n<\/tr>\n<tr>\n<td>8<\/td>\n<td>Retrato De Un Sonador<\/td>\n<td><\/td>\n<\/tr>\n<tr>\n<td><\/td>\n<td><\/td>\n<td><\/td>\n<\/tr>\n<\/tbody>\n<\/table>\n<\/div>\n<div class=\"cxmmr5t8 oygrvhab hcukyx3x c1et5uql o9v6fnle\" style=\"text-align: justify;\">\n<div dir=\"auto\"><\/div>\n<\/div>\n<div class=\"cxmmr5t8 oygrvhab hcukyx3x c1et5uql o9v6fnle\" style=\"text-align: justify;\">\n<div dir=\"auto\">Cr\u00e9ditos tomados de Wikipedia:<\/div>\n<div dir=\"auto\"><a class=\"oajrlxb2 g5ia77u1 qu0x051f esr5mh6w e9989ue4 r7d6kgcz rq0escxv nhd2j8a9 nc684nl6 p7hjln8o kvgmc6g5 cxmmr5t8 oygrvhab hcukyx3x jb3vyjys rz4wbd8a qt6c0cv9 a8nywdso i1ao9s8h esuyzwwr f1sip0of lzcic4wl gpro0wi8 py34i1dx\" tabindex=\"0\" role=\"link\" href=\"http:\/\/guanaxia.wikidot.com\/wiki:rafael-alfaro?fbclid=IwAR20O8gQaRo5w5HFiz1NIxeY-ZWXMvN8XkM-466fpv3miGuu9YbGKPaceks\" target=\"_blank\" rel=\"nofollow noopener\">http:\/\/guanaxia.wikidot.com\/wiki:rafael-alfaro<\/a><\/div>\n<\/div>\n<div class=\"epyt-video-wrapper\"><iframe loading=\"lazy\"  id=\"_ytid_95388\"  width=\"618\" height=\"347\"  data-origwidth=\"618\" data-origheight=\"347\" src=\"https:\/\/www.youtube.com\/embed\/6rcJdZuQEng?enablejsapi=1&#038;autoplay=0&#038;cc_load_policy=0&#038;cc_lang_pref=&#038;iv_load_policy=1&#038;loop=0&#038;modestbranding=0&#038;rel=1&#038;fs=1&#038;playsinline=0&#038;autohide=2&#038;theme=dark&#038;color=red&#038;controls=1&#038;\" class=\"__youtube_prefs__  epyt-is-override  no-lazyload\" title=\"YouTube player\"  allow=\"fullscreen; accelerometer; autoplay; clipboard-write; encrypted-media; gyroscope; picture-in-picture\" allowfullscreen data-no-lazy=\"1\" data-skipgform_ajax_framebjll=\"\"><\/iframe><\/div>\n","protected":false},"excerpt":{"rendered":"<p>&nbsp; Fecha de Nacimiento: 27 de Agosto de 1965 &nbsp; Biograf\u00eda: &nbsp; Estudi\u00f3 primaria y secundaria en el colegio Champagnat de los hermanos Maristas, ciudad de Santa Tecla. Para 1979 viaj\u00f3 a San Francisco California, EE.UU. donde estudi\u00f3 por un a\u00f1o en la ciudad de Half Moon Bay perfeccionando el idioma ingl\u00e9s, regresando despu\u00e9s a &hellip;<\/p>\n","protected":false},"author":1,"featured_media":0,"parent":0,"menu_order":0,"comment_status":"closed","ping_status":"closed","template":"","meta":{"footnotes":""},"class_list":["post-28657","page","type-page","status-publish",""],"jetpack_sharing_enabled":true,"_links":{"self":[{"href":"http:\/\/mickyandoniehn.com\/radio\/wp-json\/wp\/v2\/pages\/28657","targetHints":{"allow":["GET"]}}],"collection":[{"href":"http:\/\/mickyandoniehn.com\/radio\/wp-json\/wp\/v2\/pages"}],"about":[{"href":"http:\/\/mickyandoniehn.com\/radio\/wp-json\/wp\/v2\/types\/page"}],"author":[{"embeddable":true,"href":"http:\/\/mickyandoniehn.com\/radio\/wp-json\/wp\/v2\/users\/1"}],"replies":[{"embeddable":true,"href":"http:\/\/mickyandoniehn.com\/radio\/wp-json\/wp\/v2\/comments?post=28657"}],"version-history":[{"count":3,"href":"http:\/\/mickyandoniehn.com\/radio\/wp-json\/wp\/v2\/pages\/28657\/revisions"}],"predecessor-version":[{"id":30484,"href":"http:\/\/mickyandoniehn.com\/radio\/wp-json\/wp\/v2\/pages\/28657\/revisions\/30484"}],"wp:attachment":[{"href":"http:\/\/mickyandoniehn.com\/radio\/wp-json\/wp\/v2\/media?parent=28657"}],"curies":[{"name":"wp","href":"https:\/\/api.w.org\/{rel}","templated":true}]}}