{"id":28655,"date":"2022-08-26T11:19:56","date_gmt":"2022-08-26T17:19:56","guid":{"rendered":"https:\/\/mickyandoniehn.com\/radio\/?page_id=28655"},"modified":"2022-09-01T09:22:42","modified_gmt":"2022-09-01T15:22:42","slug":"ceferino-nieto","status":"publish","type":"page","link":"http:\/\/mickyandoniehn.com\/radio\/ceferino-nieto\/","title":{"rendered":"Ceferino Nieto"},"content":{"rendered":"<p style=\"text-align: justify;\"><img loading=\"lazy\" decoding=\"async\" class=\" wp-image-23125 aligncenter\" src=\"http:\/\/mickyandoniehn.com\/radio\/wp-content\/uploads\/2022\/07\/Ceferino-Nieto-300x169.jpg\" alt=\"\" width=\"604\" height=\"340\" srcset=\"http:\/\/mickyandoniehn.com\/radio\/wp-content\/uploads\/2022\/07\/Ceferino-Nieto-300x169.jpg 300w, http:\/\/mickyandoniehn.com\/radio\/wp-content\/uploads\/2022\/07\/Ceferino-Nieto-768x432.jpg 768w, http:\/\/mickyandoniehn.com\/radio\/wp-content\/uploads\/2022\/07\/Ceferino-Nieto.jpg 802w\" sizes=\"auto, (max-width: 604px) 100vw, 604px\" \/><\/p>\n<p><strong>Fecha de Nacimiento:<\/strong> Pes\u00e9, Provincia de Herrera, el 26 de agosto de 1937<\/p>\n<div class=\"cxmmr5t8 oygrvhab hcukyx3x c1et5uql o9v6fnle\" style=\"text-align: justify;\">\n<div dir=\"auto\"><strong>Biograf\u00eda<\/strong><\/div>\n<p>&nbsp;<\/p>\n<div dir=\"auto\"><\/div>\n<div dir=\"auto\">Ceferino Nieto es un cantante paname\u00f1o de m\u00fasica t\u00edpica. Es apodado \u00abEl Tit\u00e1n de las Am\u00e9ricas\u00bb. A Ceferino le gusta la m\u00fasica por su padre Juan Jos\u00e9 quien lo inspir\u00f3 desde peque\u00f1o.<\/div>\n<p>&nbsp;<\/p>\n<\/div>\n<div class=\"cxmmr5t8 oygrvhab hcukyx3x c1et5uql o9v6fnle\" style=\"text-align: justify;\">\n<div dir=\"auto\">Dicen que es el heredero de la m\u00fasica de Rogelio &#8220;Gelo&#8221; C\u00f3rdoba. Su talento lo llev\u00f3 r\u00e1pidamente a la fama.<\/div>\n<p>&nbsp;<\/p>\n<div dir=\"auto\"><\/div>\n<\/div>\n<div class=\"cxmmr5t8 oygrvhab hcukyx3x c1et5uql o9v6fnle\" style=\"text-align: justify;\">\n<div dir=\"auto\">Inicia su carrera art\u00edstica con el viol\u00edn, ya que en aquellos tiempos era el instrumento de la m\u00fasica paname\u00f1a. Su primera oportunidad la recibi\u00f3 en La Cocobola una comunidad cerca de Las Tablas.<\/div>\n<p>&nbsp;<\/p>\n<div dir=\"auto\"><\/div>\n<div dir=\"auto\">Ceferino se\u00f1ala que su primer grupo profesional se fund\u00f3 en 1953, con el que graba su primer disco Mi lindo vig\u00eda, seguido por Para un rancho y se la lleva, luego por Tu vida y la m\u00eda. Siendo su primer \u00e9xito Mi linda saloma por Ana Mar\u00eda Cede\u00f1o.<\/div>\n<p>&nbsp;<\/p>\n<div dir=\"auto\"><\/div>\n<\/div>\n<div class=\"cxmmr5t8 oygrvhab hcukyx3x c1et5uql o9v6fnle\" style=\"text-align: justify;\">\n<div dir=\"auto\">Esthercita Nieto ha sido quien ha acompa\u00f1ado a su hermano Ceferino en parte de su larga trayectoria. Ha representado a Panam\u00e1 en diferentes lugares del mundo como Hong Kong, Miami, San Andr\u00e9s y Nicaragua.<\/div>\n<p>&nbsp;<\/p>\n<div dir=\"auto\"><\/div>\n<\/div>\n<div class=\"cxmmr5t8 oygrvhab hcukyx3x c1et5uql o9v6fnle\" style=\"text-align: justify;\">\n<div dir=\"auto\">Ceferino Nieto tambi\u00e9n viaj\u00f3 al Mundial de B\u00e9isbol de Nicaragua en 1972. Tambi\u00e9n viaj\u00f3 a Barranquilla, Colombia, donde fue galardonado como \u00abEl acordeonista internacional\u00bb.<\/div>\n<p>&nbsp;<\/p>\n<\/div>\n<div dir=\"auto\"><\/div>\n<div dir=\"auto\"><strong>Date of Birth:\u00a0<\/strong> Pes\u00e9, Province of Herrera, on August 26, 1937<\/div>\n<p>&nbsp;<\/p>\n<div class=\"cxmmr5t8 oygrvhab hcukyx3x c1et5uql o9v6fnle\" style=\"text-align: justify;\">\n<div dir=\"auto\"><\/div>\n<\/div>\n<div class=\"cxmmr5t8 oygrvhab hcukyx3x c1et5uql o9v6fnle\" style=\"text-align: justify;\">\n<div dir=\"auto\"><strong>Biography<\/strong><\/div>\n<p>&nbsp;<\/p>\n<div dir=\"auto\"><\/div>\n<div dir=\"auto\">Ceferino Nieto is a Panamanian singer of typical music. He is nicknamed &#8220;The Titan of the Americas.&#8221; Ceferino likes music because of his father Juan Jos\u00e9, who inspired him since he was little.<\/div>\n<p>&nbsp;<\/p>\n<div dir=\"auto\"><\/div>\n<\/div>\n<div class=\"cxmmr5t8 oygrvhab hcukyx3x c1et5uql o9v6fnle\" style=\"text-align: justify;\">\n<div dir=\"auto\">They say that he is the heir to the music of Rogelio &#8220;Gelo&#8221; C\u00f3rdoba. His talent quickly led him to fame.<\/div>\n<p>&nbsp;<\/p>\n<div dir=\"auto\"><\/div>\n<\/div>\n<div class=\"cxmmr5t8 oygrvhab hcukyx3x c1et5uql o9v6fnle\" style=\"text-align: justify;\">\n<div dir=\"auto\">He began his artistic career with the violin, since in those days it was the instrument of Panamanian music. His first opportunity was received in La Cocobola, a community near Las Tablas.<\/div>\n<p>&nbsp;<\/p>\n<div dir=\"auto\">Ceferino points out that his first professional group was founded in 1953, with which he recorded his first album, Mi lindo vig\u00eda, followed by Para un rancho y se lo lo, later by Tu vida y la m\u00eda. His first hit being Mi linda saloma by Ana Mar\u00eda Cede\u00f1o.<\/div>\n<p>&nbsp;<\/p>\n<div dir=\"auto\"><\/div>\n<\/div>\n<div class=\"cxmmr5t8 oygrvhab hcukyx3x c1et5uql o9v6fnle\" style=\"text-align: justify;\">\n<div dir=\"auto\">Esthercita Nieto has been the one who has accompanied her brother Ceferino in part of his long career. He has represented Panama in different parts of the world such as Hong Kong, Miami, San Andr\u00e9s and Nicaragua.<\/div>\n<p>&nbsp;<\/p>\n<div dir=\"auto\"><\/div>\n<\/div>\n<div class=\"cxmmr5t8 oygrvhab hcukyx3x c1et5uql o9v6fnle\" style=\"text-align: justify;\">\n<div dir=\"auto\">Ceferino Nieto also traveled to the Nicaraguan Baseball World Cup in 1972. He also traveled to Barranquilla, Colombia, where he was awarded as &#8220;The International Accordionist.&#8221;<\/div>\n<p>&nbsp;<\/p>\n<div dir=\"auto\"><\/div>\n<\/div>\n<div class=\"cxmmr5t8 oygrvhab hcukyx3x c1et5uql o9v6fnle\" style=\"text-align: justify;\">\n<div dir=\"auto\"><strong>Discography<\/strong><\/div>\n<p>&nbsp;<\/p>\n<div dir=\"auto\"><\/div>\n<div dir=\"auto\">\n<table width=\"508\">\n<tbody>\n<tr>\n<td style=\"text-align: center;\" width=\"142\"><b>Temas M\u00fasica T\u00edpica<\/b><\/td>\n<td style=\"text-align: center;\" width=\"232\"><strong>Escuchar tema<\/strong><\/td>\n<td style=\"text-align: center;\" width=\"134\"><strong>A\u00f1o de Publicaci\u00f3n<\/strong><\/td>\n<\/tr>\n<tr>\n<td style=\"text-align: center;\"><\/td>\n<td style=\"text-align: center;\"><strong>En salsa!<\/strong><\/td>\n<td style=\"text-align: center;\"><strong>1972<\/strong><\/td>\n<\/tr>\n<tr>\n<td>1<\/td>\n<td>Ceferino En Salsa<\/td>\n<td><\/td>\n<\/tr>\n<tr>\n<td>2<\/td>\n<td>Cubano, Te Presto Mi Tamborito<\/td>\n<td><\/td>\n<\/tr>\n<tr>\n<td>3<\/td>\n<td>Cada Loco Con Su Tema<\/td>\n<td><\/td>\n<\/tr>\n<tr>\n<td>4<\/td>\n<td>Violencia<\/td>\n<td><\/td>\n<\/tr>\n<tr>\n<td>5<\/td>\n<td>Los Astronautas En La Luna<\/td>\n<td><\/td>\n<\/tr>\n<tr>\n<td>6<\/td>\n<td>Brisas Mesanas<\/td>\n<td><\/td>\n<\/tr>\n<tr>\n<td>7<\/td>\n<td>Debajo Del Palo De Mango<\/td>\n<td><\/td>\n<\/tr>\n<tr>\n<td>8<\/td>\n<td>Facundo<\/td>\n<td><\/td>\n<\/tr>\n<tr>\n<td>9<\/td>\n<td>Milagro De Dios<\/td>\n<td><\/td>\n<\/tr>\n<tr>\n<td>10<\/td>\n<td>Pollo Canelo<\/td>\n<td><\/td>\n<\/tr>\n<tr>\n<td><\/td>\n<td><\/td>\n<td><\/td>\n<\/tr>\n<tr>\n<td style=\"text-align: center;\"><\/td>\n<td style=\"text-align: center;\"><strong>Triunfa Otra vez<\/strong><\/td>\n<td style=\"text-align: center;\"><strong>1982<\/strong><\/td>\n<\/tr>\n<tr>\n<td>1<\/td>\n<td>Caballo Viejo<\/td>\n<td><\/td>\n<\/tr>\n<tr>\n<td>2<\/td>\n<td>Malditos Celos<\/td>\n<td><\/td>\n<\/tr>\n<tr>\n<td>3<\/td>\n<td>Por Tu Desprecio<\/td>\n<td><\/td>\n<\/tr>\n<tr>\n<td>4<\/td>\n<td>Sangre Latina<\/td>\n<td><\/td>\n<\/tr>\n<tr>\n<td>5<\/td>\n<td>Remolino<\/td>\n<td><\/td>\n<\/tr>\n<tr>\n<td>6<\/td>\n<td>Tengo Una Novia<\/td>\n<td><\/td>\n<\/tr>\n<tr>\n<td>7<\/td>\n<td>Sto. Domingo En Parita<\/td>\n<td><\/td>\n<\/tr>\n<tr>\n<td>8<\/td>\n<td colspan=\"2\">Me Mata Mi Maye \/ El Manicero \/ El Que Siembra Su Ma\u00edz<\/td>\n<\/tr>\n<tr>\n<td><\/td>\n<td><\/td>\n<td><\/td>\n<\/tr>\n<tr>\n<td style=\"text-align: center;\"><\/td>\n<td style=\"text-align: center;\"><strong>A Escondidas\u2026<\/strong><\/td>\n<td style=\"text-align: center;\"><strong>1983<\/strong><\/td>\n<\/tr>\n<tr>\n<td>1<\/td>\n<td>Mi Novia Y Mi Pueblo<\/td>\n<td><\/td>\n<\/tr>\n<tr>\n<td>2<\/td>\n<td>Amor Querido<\/td>\n<td><\/td>\n<\/tr>\n<tr>\n<td>3<\/td>\n<td>Mi Presidio<\/td>\n<td><\/td>\n<\/tr>\n<tr>\n<td>4<\/td>\n<td>A Escondidas<\/td>\n<td><\/td>\n<\/tr>\n<tr>\n<td>5<\/td>\n<td>Como El Zarati No Hay<\/td>\n<td><\/td>\n<\/tr>\n<tr>\n<td>6<\/td>\n<td>Rio Sucui<\/td>\n<td><\/td>\n<\/tr>\n<tr>\n<td>7<\/td>\n<td>Sin Ti Aun Puedo Vivir<\/td>\n<td><\/td>\n<\/tr>\n<tr>\n<td>8<\/td>\n<td>Calle Abajo Y Calle Arriba<\/td>\n<td><\/td>\n<\/tr>\n<tr>\n<td><\/td>\n<td><\/td>\n<td><\/td>\n<\/tr>\n<\/tbody>\n<\/table>\n<\/div>\n<p>&nbsp;<\/p>\n<\/div>\n<div class=\"cxmmr5t8 oygrvhab hcukyx3x c1et5uql o9v6fnle\" style=\"text-align: justify;\">\n<div dir=\"auto\">Cr\u00e9ditos<\/div>\n<div dir=\"auto\"><a class=\"oajrlxb2 g5ia77u1 qu0x051f esr5mh6w e9989ue4 r7d6kgcz rq0escxv nhd2j8a9 nc684nl6 p7hjln8o kvgmc6g5 cxmmr5t8 oygrvhab hcukyx3x jb3vyjys rz4wbd8a qt6c0cv9 a8nywdso i1ao9s8h esuyzwwr f1sip0of lzcic4wl gpro0wi8 py34i1dx\" tabindex=\"0\" role=\"link\" href=\"https:\/\/es.wikipedia.org\/wiki\/Ceferino_Nieto?fbclid=IwAR1Am3xRNxX49MblkbcyytqgH3qx-zCqZQKPIi_LG72sutYaA5uLfEtGcPo\" target=\"_blank\" rel=\"nofollow noopener\">https:\/\/es.wikipedia.org\/wiki\/Ceferino_Nieto<\/a><\/div>\n<\/div>\n<div class=\"epyt-video-wrapper\"><iframe loading=\"lazy\"  id=\"_ytid_96175\"  width=\"618\" height=\"347\"  data-origwidth=\"618\" data-origheight=\"347\" src=\"https:\/\/www.youtube.com\/embed\/7WlVc3xFhmU?enablejsapi=1&#038;autoplay=0&#038;cc_load_policy=0&#038;cc_lang_pref=&#038;iv_load_policy=1&#038;loop=0&#038;modestbranding=0&#038;rel=1&#038;fs=1&#038;playsinline=0&#038;autohide=2&#038;theme=dark&#038;color=red&#038;controls=1&#038;\" class=\"__youtube_prefs__  epyt-is-override  no-lazyload\" title=\"YouTube player\"  allow=\"fullscreen; accelerometer; autoplay; clipboard-write; encrypted-media; gyroscope; picture-in-picture\" allowfullscreen data-no-lazy=\"1\" data-skipgform_ajax_framebjll=\"\"><\/iframe><\/div>\n","protected":false},"excerpt":{"rendered":"<p>Fecha de Nacimiento: Pes\u00e9, Provincia de Herrera, el 26 de agosto de 1937 Biograf\u00eda &nbsp; Ceferino Nieto es un cantante paname\u00f1o de m\u00fasica t\u00edpica. Es apodado \u00abEl Tit\u00e1n de las Am\u00e9ricas\u00bb. A Ceferino le gusta la m\u00fasica por su padre Juan Jos\u00e9 quien lo inspir\u00f3 desde peque\u00f1o. &nbsp; Dicen que es el heredero de la &hellip;<\/p>\n","protected":false},"author":1,"featured_media":0,"parent":0,"menu_order":0,"comment_status":"closed","ping_status":"closed","template":"","meta":{"footnotes":""},"class_list":["post-28655","page","type-page","status-publish",""],"jetpack_sharing_enabled":true,"_links":{"self":[{"href":"http:\/\/mickyandoniehn.com\/radio\/wp-json\/wp\/v2\/pages\/28655","targetHints":{"allow":["GET"]}}],"collection":[{"href":"http:\/\/mickyandoniehn.com\/radio\/wp-json\/wp\/v2\/pages"}],"about":[{"href":"http:\/\/mickyandoniehn.com\/radio\/wp-json\/wp\/v2\/types\/page"}],"author":[{"embeddable":true,"href":"http:\/\/mickyandoniehn.com\/radio\/wp-json\/wp\/v2\/users\/1"}],"replies":[{"embeddable":true,"href":"http:\/\/mickyandoniehn.com\/radio\/wp-json\/wp\/v2\/comments?post=28655"}],"version-history":[{"count":2,"href":"http:\/\/mickyandoniehn.com\/radio\/wp-json\/wp\/v2\/pages\/28655\/revisions"}],"predecessor-version":[{"id":30154,"href":"http:\/\/mickyandoniehn.com\/radio\/wp-json\/wp\/v2\/pages\/28655\/revisions\/30154"}],"wp:attachment":[{"href":"http:\/\/mickyandoniehn.com\/radio\/wp-json\/wp\/v2\/media?parent=28655"}],"curies":[{"name":"wp","href":"https:\/\/api.w.org\/{rel}","templated":true}]}}