{"id":28653,"date":"2022-08-26T11:19:37","date_gmt":"2022-08-26T17:19:37","guid":{"rendered":"https:\/\/mickyandoniehn.com\/radio\/?page_id=28653"},"modified":"2022-09-01T11:21:06","modified_gmt":"2022-09-01T17:21:06","slug":"lucho-de-sedas","status":"publish","type":"page","link":"http:\/\/mickyandoniehn.com\/radio\/lucho-de-sedas\/","title":{"rendered":"Lucho de Sedas"},"content":{"rendered":"<p style=\"text-align: justify;\"><img loading=\"lazy\" decoding=\"async\" class=\" wp-image-23122 aligncenter\" src=\"http:\/\/mickyandoniehn.com\/radio\/wp-content\/uploads\/2022\/07\/Lucho-de-Sedas-300x300.jpg\" alt=\"\" width=\"846\" height=\"846\" srcset=\"http:\/\/mickyandoniehn.com\/radio\/wp-content\/uploads\/2022\/07\/Lucho-de-Sedas-300x300.jpg 300w, http:\/\/mickyandoniehn.com\/radio\/wp-content\/uploads\/2022\/07\/Lucho-de-Sedas-150x150.jpg 150w, http:\/\/mickyandoniehn.com\/radio\/wp-content\/uploads\/2022\/07\/Lucho-de-Sedas.jpg 500w\" sizes=\"auto, (max-width: 846px) 100vw, 846px\" \/><\/p>\n<p>&nbsp;<\/p>\n<div class=\"cxmmr5t8 oygrvhab hcukyx3x c1et5uql o9v6fnle\" style=\"text-align: justify;\">\n<div dir=\"auto\"><strong>Fecha de Nacimiento:<\/strong> Ciudad de Panam\u00e1, Panam\u00e1, 25 de agosto<\/div>\n<p>&nbsp;<\/p>\n<div dir=\"auto\"><\/div>\n<\/div>\n<div class=\"cxmmr5t8 oygrvhab hcukyx3x c1et5uql o9v6fnle\" style=\"text-align: justify;\">\n<div dir=\"auto\"><strong>Biograf\u00eda:<\/strong><\/div>\n<p>&nbsp;<\/p>\n<div dir=\"auto\"><\/div>\n<div dir=\"auto\">M\u00e1s conocido por su nombre art\u00edstico Lucho de Sedas, hizo su debut a los 17 a\u00f1os como solista y bajista junto a Victorio Vergara Batista.<\/div>\n<p>&nbsp;<\/p>\n<div dir=\"auto\"><\/div>\n<\/div>\n<div class=\"cxmmr5t8 oygrvhab hcukyx3x c1et5uql o9v6fnle\" style=\"text-align: justify;\">\n<div dir=\"auto\">Cantautor paname\u00f1o, director de su propia agrupaci\u00f3n musical quien estuvo en la cima de la popularidad por m\u00e1s de 30 a\u00f1os y sigue siendo un \u00eddolo en Panam\u00e1, puesto que aunque ha estado por m\u00e1s de una d\u00e9cada fuera de su pa\u00eds, su m\u00fasica se escucha diariamente en la radio y televisi\u00f3n. Lucho De sedas se inici\u00f3 como profesional a los 16 a\u00f1os de edad integrado a dos grupos donde obtuvo reconocimiento como mejor cantante del a\u00f1o en varias ocasiones.<\/div>\n<div dir=\"auto\"><\/div>\n<p>&nbsp;<\/p>\n<\/div>\n<div class=\"cxmmr5t8 oygrvhab hcukyx3x c1et5uql o9v6fnle\" style=\"text-align: justify;\">\n<div dir=\"auto\">Luego form\u00f3 su propia agrupaci\u00f3n llamada &#8220;Grupo Selecto&#8221;, galardonado por la Universidad de Panam\u00e1, por la prensa, radio, televisi\u00f3n y por el gobierno de su pa\u00eds por su apoyo al folclor nacional. Ha grabado aproximadamente 80 discos sencillos, 8 de larga duraci\u00f3n y m\u00e1s de 20 CD en diferentes pa\u00edses como M\u00e9xico, Costa Rica, Panam\u00e1.<\/div>\n<p>&nbsp;<\/p>\n<div dir=\"auto\"><\/div>\n<\/div>\n<div class=\"cxmmr5t8 oygrvhab hcukyx3x c1et5uql o9v6fnle\" style=\"text-align: justify;\">\n<div dir=\"auto\">En el a\u00f1o 2001 emigra hacia Canad\u00e1,1 formando una nueva agrupaci\u00f3n donde la liderizan Lucho de Sedas y su hijo Juan Diego, quienes han sido reconocidos por la comunidad hispana como \u2018La Banda M\u00e1s Pega&#8217;, \u2018Los L\u00edderes De La Cumbia\u2019 Siendo distinguidos con varios premios y reconocimientos; The Latin Industry Award como Best Group\/Band, El Top Choice Award Mark Of Excellence como \u201cBest Male Artist Of The Year\u201d, La medalla de oro 2011 entregado por la Alcald\u00eda de Panam\u00e1 y muchos otros, reconoci\u00e9ndolas por las diferentes comunidades latinas de Norte Am\u00e9rica.<\/div>\n<div dir=\"auto\"><\/div>\n<p>&nbsp;<\/p>\n<\/div>\n<div class=\"cxmmr5t8 oygrvhab hcukyx3x c1et5uql o9v6fnle\" style=\"text-align: justify;\">\n<div dir=\"auto\">En el a\u00f1o 2010, Lucho de Sedas junto a su hijo, Juan Diego de Sedas, lanzaron al mercado el \u00e1lbum \u201cLos L\u00edderes De La Cumbia\u201d incluyendo la producci\u00f3n de un DVD con temas incluidos en el \u00e1lbum.<\/div>\n<div dir=\"auto\"><\/div>\n<p>&nbsp;<\/p>\n<\/div>\n<div class=\"cxmmr5t8 oygrvhab hcukyx3x c1et5uql o9v6fnle\" style=\"text-align: justify;\">\n<div dir=\"auto\">Tambi\u00e9n han estado viajando por lo extenso del territorio canadiense, Calgary, Edmonton, Vancouver y Quebec, donde participaron en el festival Rythmes Du Monde, siendo el artista con mayor aceptaci\u00f3n en dicho festival.<\/div>\n<p>&nbsp;<\/p>\n<div dir=\"auto\"><\/div>\n<\/div>\n<div class=\"cxmmr5t8 oygrvhab hcukyx3x c1et5uql o9v6fnle\" style=\"text-align: justify;\">\n<div dir=\"auto\"><\/div>\n<\/div>\n<div class=\"cxmmr5t8 oygrvhab hcukyx3x c1et5uql o9v6fnle\" style=\"text-align: justify;\">\n<div dir=\"auto\"><strong>Date of Birth:<\/strong> Panama City, Panama, August 25<\/div>\n<p>&nbsp;<\/p>\n<div dir=\"auto\"><\/div>\n<\/div>\n<div class=\"cxmmr5t8 oygrvhab hcukyx3x c1et5uql o9v6fnle\" style=\"text-align: justify;\">\n<div dir=\"auto\"><strong>Biography:<\/strong><\/div>\n<p>&nbsp;<\/p>\n<div dir=\"auto\"><\/div>\n<div dir=\"auto\">Better known by his stage name Lucho de Sedas, he made his debut at age 17 as a soloist and bassist alongside Victorio Vergara Batista.<\/div>\n<p>&nbsp;<\/p>\n<div dir=\"auto\"><\/div>\n<\/div>\n<div class=\"cxmmr5t8 oygrvhab hcukyx3x c1et5uql o9v6fnle\" style=\"text-align: justify;\">\n<div dir=\"auto\">Panamanian singer-songwriter, director of his own musical group who was at the peak of popularity for more than 30 years and continues to be an idol in Panama, since although he has been abroad for more than a decade, his music is heard daily. on radio and television. Lucho De Sedas began as a professional at the age of 16, integrated into two groups where he was recognized as the best singer of the year on several occasions.<\/div>\n<p>&nbsp;<\/p>\n<div dir=\"auto\"><\/div>\n<\/div>\n<div class=\"cxmmr5t8 oygrvhab hcukyx3x c1et5uql o9v6fnle\" style=\"text-align: justify;\">\n<div dir=\"auto\">He later formed his own group called &#8220;Grupo Selecto&#8221;, awarded by the University of Panama, by the press, radio, television and by the government of his country for its support of national folklore. He has recorded approximately 80 single discs, 8 full lengths and more than 20 CDs in different countries such as Mexico, Costa Rica, Panama.<\/div>\n<p>&nbsp;<\/p>\n<div dir=\"auto\"><\/div>\n<\/div>\n<div class=\"cxmmr5t8 oygrvhab hcukyx3x c1et5uql o9v6fnle\" style=\"text-align: justify;\">\n<div dir=\"auto\">In 2001 he emigrated to Canada, 1 forming a new group led by Lucho de Sedas and his son Juan Diego, who have been recognized by the Hispanic community as &#8216;La Banda M\u00e1s Pega&#8217;, &#8216;Los L\u00edderes De La Cumbia&#8217; Being distinguished with various awards and recognitions; The Latin Industry Award as Best Group \/ Band, The Top Choice Award Mark Of Excellence as \u201cBest Male Artist Of The Year\u201d, The 2011 gold medal awarded by the Mayor&#8217;s Office of Panama and many others, recognizing them by the different Latin communities of the North America.<\/div>\n<p>&nbsp;<\/p>\n<div dir=\"auto\"><\/div>\n<\/div>\n<div class=\"cxmmr5t8 oygrvhab hcukyx3x c1et5uql o9v6fnle\" style=\"text-align: justify;\">\n<div dir=\"auto\">In 2010, Lucho de Sedas together with his son, Juan Diego de Sedas, released the album &#8220;Los L\u00edderes De La Cumbia&#8221; including the production of a DVD with songs included in the album.<\/div>\n<p>&nbsp;<\/p>\n<div dir=\"auto\"><\/div>\n<\/div>\n<div class=\"cxmmr5t8 oygrvhab hcukyx3x c1et5uql o9v6fnle\" style=\"text-align: justify;\">\n<div dir=\"auto\">They have also been traveling throughout the extensive Canadian territory, Calgary, Edmonton, Vancouver and Quebec, where they participated in the Rythmes Du Monde festival, being the artist with the greatest acceptance in said festival.<\/div>\n<p>&nbsp;<\/p>\n<div dir=\"auto\"><\/div>\n<\/div>\n<div class=\"cxmmr5t8 oygrvhab hcukyx3x c1et5uql o9v6fnle\" style=\"text-align: justify;\">\n<div dir=\"auto\"><strong>Discography<\/strong><\/div>\n<p>&nbsp;<\/p>\n<div dir=\"auto\"><\/div>\n<\/div>\n<div class=\"cxmmr5t8 oygrvhab hcukyx3x c1et5uql o9v6fnle\" style=\"text-align: justify;\">\n<div dir=\"auto\">\n<table width=\"508\">\n<tbody>\n<tr>\n<td width=\"142\"><b>Temas M\u00fasica\u00a0T\u00edpica\u00a0de Panama<\/b><\/td>\n<td width=\"232\"><strong>Escuchar tema<\/strong><\/td>\n<td width=\"134\"><strong>A\u00f1o de Publicaci\u00f3n<\/strong><\/td>\n<\/tr>\n<tr>\n<td style=\"text-align: center;\"><\/td>\n<td style=\"text-align: center;\"><strong>Ulpiano y Lucho de Seda-Sin Rencores\u00a0<\/strong><\/td>\n<td style=\"text-align: center;\"><strong>1982<\/strong><\/td>\n<\/tr>\n<tr>\n<td>1<\/td>\n<td>Sin Rencores<\/td>\n<td><\/td>\n<\/tr>\n<tr>\n<td>2<\/td>\n<td>D\u00e9jalos Que Vengan<\/td>\n<td><\/td>\n<\/tr>\n<tr>\n<td>3<\/td>\n<td>El Pa\u00f1uelito<\/td>\n<td><\/td>\n<\/tr>\n<tr>\n<td>4<\/td>\n<td>Si El Mar Se Volviera Ron<\/td>\n<td><\/td>\n<\/tr>\n<tr>\n<td>5<\/td>\n<td>No Se Puede Vivir Sin Querer<\/td>\n<td><\/td>\n<\/tr>\n<tr>\n<td>6<\/td>\n<td>Paname\u00f1a Linda<\/td>\n<td><\/td>\n<\/tr>\n<tr>\n<td>7<\/td>\n<td>Leda Amaranto<\/td>\n<td><\/td>\n<\/tr>\n<tr>\n<td>8<\/td>\n<td>El Amor Que Me Ten\u00eda<\/td>\n<td><\/td>\n<\/tr>\n<tr>\n<td>9<\/td>\n<td>Te Invito Al Festival<\/td>\n<td><\/td>\n<\/tr>\n<tr>\n<td><\/td>\n<td><\/td>\n<td><\/td>\n<\/tr>\n<tr>\n<td style=\"text-align: center;\"><\/td>\n<td style=\"text-align: center;\"><strong>Ilusion de Estudiante<\/strong><\/td>\n<td style=\"text-align: center;\"><strong>1991<\/strong><\/td>\n<\/tr>\n<tr>\n<td>1<\/td>\n<td>Ilusion De Estudiante<\/td>\n<td><\/td>\n<\/tr>\n<tr>\n<td>2<\/td>\n<td>Quiero Que Vuelvas<\/td>\n<td><\/td>\n<\/tr>\n<tr>\n<td>3<\/td>\n<td>Para El Festival<\/td>\n<td><\/td>\n<\/tr>\n<tr>\n<td>4<\/td>\n<td>Notas Del carnaval<\/td>\n<td><\/td>\n<\/tr>\n<tr>\n<td>5<\/td>\n<td>Dec\u00eddete<\/td>\n<td><\/td>\n<\/tr>\n<tr>\n<td>6<\/td>\n<td>No Me Niegues Tu Miranda<\/td>\n<td><\/td>\n<\/tr>\n<tr>\n<td>7<\/td>\n<td>Amor Por Conveniencia<\/td>\n<td><\/td>\n<\/tr>\n<tr>\n<td>8<\/td>\n<td>Moreno Nos Vamos Ya<\/td>\n<td><\/td>\n<\/tr>\n<tr>\n<td><\/td>\n<td><\/td>\n<td><\/td>\n<\/tr>\n<tr>\n<td style=\"text-align: center;\"><\/td>\n<td style=\"text-align: center;\"><strong>A Tus 15 A\u00f1os\u00a0<\/strong><\/td>\n<td style=\"text-align: center;\"><strong>1993<\/strong><\/td>\n<\/tr>\n<tr>\n<td>1<\/td>\n<td>Triangulo de amor<\/td>\n<td><\/td>\n<\/tr>\n<tr>\n<td>2<\/td>\n<td>Quiero Ser Tu Enamorado<\/td>\n<td><\/td>\n<\/tr>\n<tr>\n<td>3<\/td>\n<td>Mis Sentimientos<\/td>\n<td><\/td>\n<\/tr>\n<tr>\n<td>4<\/td>\n<td>Cuando Empec\u00e9 A quarente<\/td>\n<td><\/td>\n<\/tr>\n<tr>\n<td>5<\/td>\n<td>Por La Vuelta<\/td>\n<td><\/td>\n<\/tr>\n<tr>\n<td>6<\/td>\n<td>Amor de Ayer<\/td>\n<td><\/td>\n<\/tr>\n<tr>\n<td>7<\/td>\n<td>Dame Un Poco de Tu Amor<\/td>\n<td><\/td>\n<\/tr>\n<tr>\n<td>8<\/td>\n<td>Quince anos<\/td>\n<td><\/td>\n<\/tr>\n<tr>\n<td><\/td>\n<td><\/td>\n<td><\/td>\n<\/tr>\n<\/tbody>\n<\/table>\n<p>&nbsp;<\/p>\n<\/div>\n<\/div>\n<div class=\"cxmmr5t8 oygrvhab hcukyx3x c1et5uql o9v6fnle\" style=\"text-align: justify;\">\n<div dir=\"auto\">Cr\u00e9ditos tomados de Wikipedia:<\/div>\n<div dir=\"auto\"><a class=\"oajrlxb2 g5ia77u1 qu0x051f esr5mh6w e9989ue4 r7d6kgcz rq0escxv nhd2j8a9 nc684nl6 p7hjln8o kvgmc6g5 cxmmr5t8 oygrvhab hcukyx3x jb3vyjys rz4wbd8a qt6c0cv9 a8nywdso i1ao9s8h esuyzwwr f1sip0of lzcic4wl gpro0wi8 py34i1dx\" tabindex=\"0\" role=\"link\" href=\"https:\/\/es.wikipedia.org\/wiki\/Lucho_de_Sedas?fbclid=IwAR1JLO_C_tCQ3FuGoO1tGwm-sy3hWaZe_ctfs7GYs88azHkDj9iHZqZ-TC0\" target=\"_blank\" rel=\"nofollow noopener\">https:\/\/es.wikipedia.org\/wiki\/Lucho_de_Sedas<\/a><\/div>\n<\/div>\n<div class=\"epyt-video-wrapper\"><iframe loading=\"lazy\"  id=\"_ytid_24401\"  width=\"618\" height=\"347\"  data-origwidth=\"618\" data-origheight=\"347\" src=\"https:\/\/www.youtube.com\/embed\/dy0RUIJa5-U?enablejsapi=1&#038;autoplay=0&#038;cc_load_policy=0&#038;cc_lang_pref=&#038;iv_load_policy=1&#038;loop=0&#038;modestbranding=0&#038;rel=1&#038;fs=1&#038;playsinline=0&#038;autohide=2&#038;theme=dark&#038;color=red&#038;controls=1&#038;\" class=\"__youtube_prefs__  epyt-is-override  no-lazyload\" title=\"YouTube player\"  allow=\"fullscreen; accelerometer; autoplay; clipboard-write; encrypted-media; gyroscope; picture-in-picture\" allowfullscreen data-no-lazy=\"1\" data-skipgform_ajax_framebjll=\"\"><\/iframe><\/div>\n","protected":false},"excerpt":{"rendered":"<p>&nbsp; Fecha de Nacimiento: Ciudad de Panam\u00e1, Panam\u00e1, 25 de agosto &nbsp; Biograf\u00eda: &nbsp; M\u00e1s conocido por su nombre art\u00edstico Lucho de Sedas, hizo su debut a los 17 a\u00f1os como solista y bajista junto a Victorio Vergara Batista. &nbsp; Cantautor paname\u00f1o, director de su propia agrupaci\u00f3n musical quien estuvo en la cima de la &hellip;<\/p>\n","protected":false},"author":1,"featured_media":0,"parent":0,"menu_order":0,"comment_status":"closed","ping_status":"closed","template":"","meta":{"footnotes":""},"class_list":["post-28653","page","type-page","status-publish",""],"jetpack_sharing_enabled":true,"_links":{"self":[{"href":"http:\/\/mickyandoniehn.com\/radio\/wp-json\/wp\/v2\/pages\/28653","targetHints":{"allow":["GET"]}}],"collection":[{"href":"http:\/\/mickyandoniehn.com\/radio\/wp-json\/wp\/v2\/pages"}],"about":[{"href":"http:\/\/mickyandoniehn.com\/radio\/wp-json\/wp\/v2\/types\/page"}],"author":[{"embeddable":true,"href":"http:\/\/mickyandoniehn.com\/radio\/wp-json\/wp\/v2\/users\/1"}],"replies":[{"embeddable":true,"href":"http:\/\/mickyandoniehn.com\/radio\/wp-json\/wp\/v2\/comments?post=28653"}],"version-history":[{"count":3,"href":"http:\/\/mickyandoniehn.com\/radio\/wp-json\/wp\/v2\/pages\/28653\/revisions"}],"predecessor-version":[{"id":30364,"href":"http:\/\/mickyandoniehn.com\/radio\/wp-json\/wp\/v2\/pages\/28653\/revisions\/30364"}],"wp:attachment":[{"href":"http:\/\/mickyandoniehn.com\/radio\/wp-json\/wp\/v2\/media?parent=28653"}],"curies":[{"name":"wp","href":"https:\/\/api.w.org\/{rel}","templated":true}]}}