{"id":28647,"date":"2022-08-26T11:06:31","date_gmt":"2022-08-26T17:06:31","guid":{"rendered":"https:\/\/mickyandoniehn.com\/radio\/?page_id=28647"},"modified":"2022-09-01T09:45:41","modified_gmt":"2022-09-01T15:45:41","slug":"eddie-santiago","status":"publish","type":"page","link":"http:\/\/mickyandoniehn.com\/radio\/eddie-santiago\/","title":{"rendered":"Eddie Santiago"},"content":{"rendered":"<div class=\"cxmmr5t8 oygrvhab hcukyx3x c1et5uql o9v6fnle ii04i59q\" style=\"text-align: justify;\">\n<div dir=\"auto\"><img loading=\"lazy\" decoding=\"async\" class=\" wp-image-23113 aligncenter\" src=\"http:\/\/mickyandoniehn.com\/radio\/wp-content\/uploads\/2022\/07\/Eddie-Santiago.jpg\" alt=\"\" width=\"495\" height=\"543\" \/><\/div>\n<div dir=\"auto\"><\/div>\n<div dir=\"auto\"><\/div>\n<p>&nbsp;<\/p>\n<div dir=\"auto\"><strong>Fecha de Nacimiento:<\/strong> 18 de agosto de 1955<\/div>\n<p>&nbsp;<\/p>\n<div dir=\"auto\"><\/div>\n<\/div>\n<div class=\"cxmmr5t8 oygrvhab hcukyx3x c1et5uql o9v6fnle ii04i59q\" style=\"text-align: justify;\">\n<div dir=\"auto\"><strong>Biograf\u00eda:<\/strong><\/div>\n<p>&nbsp;<\/p>\n<div dir=\"auto\"><\/div>\n<div dir=\"auto\">Empez\u00f3 con varias agrupaciones como Conjunto Chaney, Generaci\u00f3n 2000, Orquesta La Potente, Orquesta Opus, y la Orquesta Sarag\u00fcey. Tambi\u00e9n fue corista del destacado salsero Frankie Ruiz. En 1986 se lanza como solista y tiene gran \u00e9xito en la d\u00e9cada de los a\u00f1os 80&#8242; y 90&#8242;. Se hace famoso con canciones como Que locura fue enamorarme de ti, luego vienen exitazos como &#8220;Lluvia&#8221;, &#8220;Tu me quemas&#8221;, &#8220;Todo empez\u00f3&#8221;, &#8220;Nadie mejor que tu&#8221;, todos temas de la autor\u00eda del cantante y compositor argentino Luis \u00c1ngel M\u00e1rquez que primero los graba en balada.<\/div>\n<div dir=\"auto\"><\/div>\n<p>&nbsp;<\/p>\n<div dir=\"auto\">Tambi\u00e9n lanz\u00f3 \u00e9xitos como &#8220;Ant\u00eddoto y veneno&#8221;, luego canto a d\u00fao y reedit\u00f3 canciones con Huey Dunbar exvocalista del grupo DLG. En el a\u00f1o 2004 firma contrato con la disquera Musical Productions (MP) y graba &#8220;Despu\u00e9s del silencio&#8221;.<\/div>\n<p>&nbsp;<\/p>\n<div dir=\"auto\"><\/div>\n<\/div>\n<div class=\"cxmmr5t8 oygrvhab hcukyx3x c1et5uql o9v6fnle ii04i59q\" style=\"text-align: justify;\"><\/div>\n<div class=\"cxmmr5t8 oygrvhab hcukyx3x c1et5uql o9v6fnle ii04i59q\" style=\"text-align: justify;\">\n<div dir=\"auto\"><strong>Date of Birth:<\/strong> August 18, 1955<\/div>\n<p>&nbsp;<\/p>\n<div dir=\"auto\"><\/div>\n<\/div>\n<div class=\"cxmmr5t8 oygrvhab hcukyx3x c1et5uql o9v6fnle ii04i59q\" style=\"text-align: justify;\">\n<div dir=\"auto\"><strong>Biography:<\/strong><\/div>\n<p>&nbsp;<\/p>\n<div dir=\"auto\"><\/div>\n<div dir=\"auto\">He started with various groups such as Conjunto Chaney, Generaci\u00f3n 2000, Orquesta La Potente, Orquesta Opus, and Orquesta Sarag\u00fcey. She was also a backup singer for prominent salsa singer Frankie Ruiz. In 1986 she launched herself as a soloist and had great success in the 80&#8217;s and 90&#8217;s. He becomes famous with songs like What madness was falling in love with you, then hits like &#8220;Lluvia&#8221;, &#8220;You burn me&#8221;, &#8220;Everything started&#8221;, &#8220;No one better than you&#8221;, all songs by the Argentine singer and songwriter Luis \u00c1ngel M\u00e1rquez, who first recorded them as a ballad.<\/div>\n<p>&nbsp;<\/p>\n<div dir=\"auto\"><\/div>\n<div dir=\"auto\">He also released hits like &#8220;Antidote and Poison&#8221;, then she sang a duet and reissued songs with Huey Dunbar, former vocalist of the group DLG. In 2004 she signed a contract with the record label Musical Productions (MP) and recorded &#8220;After Silence&#8221;.<\/div>\n<p>&nbsp;<\/p>\n<div dir=\"auto\"><\/div>\n<\/div>\n<div class=\"cxmmr5t8 oygrvhab hcukyx3x c1et5uql o9v6fnle ii04i59q\" style=\"text-align: justify;\">\n<div dir=\"auto\">\n<p><strong>Discograf\u00eda:<\/strong><\/p>\n<table width=\"442\">\n<tbody>\n<tr>\n<td style=\"text-align: center;\" width=\"132\"><strong>G\u00e9nero Salsa y Baladas Rom\u00e1nticas<\/strong><\/td>\n<td style=\"text-align: center;\" width=\"246\"><strong>Escuchar tema<\/strong><\/td>\n<td style=\"text-align: center;\" width=\"64\"><strong>A\u00f1o de Publicaci\u00f3n<\/strong><\/td>\n<\/tr>\n<tr>\n<td style=\"text-align: center;\"><\/td>\n<td style=\"text-align: center;\"><strong>Atrevido y Diferente<\/strong><\/td>\n<td style=\"text-align: center;\"><strong>1986<\/strong><\/td>\n<\/tr>\n<tr>\n<td>1<\/td>\n<td>Tu Me Quemas<\/td>\n<td><\/td>\n<\/tr>\n<tr>\n<td>2<\/td>\n<td>Volc\u00e1n De Amor<\/td>\n<td><\/td>\n<\/tr>\n<tr>\n<td>3<\/td>\n<td>Nadie Mejor Que Tu<\/td>\n<td><\/td>\n<\/tr>\n<tr>\n<td>4<\/td>\n<td>De Profesi\u00f3n &#8230; Tu Amante<\/td>\n<td><\/td>\n<\/tr>\n<tr>\n<td>5<\/td>\n<td>Que Locura Enamorarme De Ti<\/td>\n<td><\/td>\n<\/tr>\n<tr>\n<td>6<\/td>\n<td>Secretos<\/td>\n<td><\/td>\n<\/tr>\n<tr>\n<td>7<\/td>\n<td>Quiero Amarte En La Yerba<\/td>\n<td><\/td>\n<\/tr>\n<tr>\n<td>8<\/td>\n<td>Se Acab\u00f3<\/td>\n<td><\/td>\n<\/tr>\n<tr>\n<td><\/td>\n<td><\/td>\n<td><\/td>\n<\/tr>\n<tr>\n<td style=\"text-align: center;\"><\/td>\n<td style=\"text-align: center;\"><strong>Sigo Atrevido<\/strong><\/td>\n<td style=\"text-align: center;\"><strong>1987<\/strong><\/td>\n<\/tr>\n<tr>\n<td>1<\/td>\n<td>Lluvia<\/td>\n<td><\/td>\n<\/tr>\n<tr>\n<td>2<\/td>\n<td>Insaciable<\/td>\n<td><\/td>\n<\/tr>\n<tr>\n<td>3<\/td>\n<td>Hagamoslo<\/td>\n<td><\/td>\n<\/tr>\n<tr>\n<td>4<\/td>\n<td>Vida De Amantes<\/td>\n<td><\/td>\n<\/tr>\n<tr>\n<td>5<\/td>\n<td>Momento De Amor<\/td>\n<td><\/td>\n<\/tr>\n<tr>\n<td>6<\/td>\n<td>Dejame Amarte<\/td>\n<td><\/td>\n<\/tr>\n<tr>\n<td>7<\/td>\n<td>Todo Empez\u00f3<\/td>\n<td><\/td>\n<\/tr>\n<tr>\n<td>8<\/td>\n<td>Cabalgata<\/td>\n<td><\/td>\n<\/tr>\n<tr>\n<td><\/td>\n<td><\/td>\n<td><\/td>\n<\/tr>\n<tr>\n<td style=\"text-align: center;\"><\/td>\n<td style=\"text-align: center;\"><strong>El Rom\u00e1ntico de la Salsa<\/strong><\/td>\n<td style=\"text-align: center;\"><strong>1988<\/strong><\/td>\n<\/tr>\n<tr>\n<td>1<\/td>\n<td>T\u00fa<\/td>\n<td><\/td>\n<\/tr>\n<tr>\n<td>2<\/td>\n<td>Detalles<\/td>\n<td><\/td>\n<\/tr>\n<tr>\n<td>3<\/td>\n<td>Esta Noche Te Voy A Estrenar<\/td>\n<td><\/td>\n<\/tr>\n<tr>\n<td>4<\/td>\n<td>Desesperado<\/td>\n<td><\/td>\n<\/tr>\n<tr>\n<td>5<\/td>\n<td>Qu\u00e9 Maravilla Fu\u00e9 Sentirte<\/td>\n<td><\/td>\n<\/tr>\n<tr>\n<td>6<\/td>\n<td>Paso la Vida Pensando<\/td>\n<td><\/td>\n<\/tr>\n<tr>\n<td>7<\/td>\n<td>Siempre Te Vas En Las Tardes<\/td>\n<td><\/td>\n<\/tr>\n<tr>\n<td><\/td>\n<td><\/td>\n<td><\/td>\n<\/tr>\n<tr>\n<td style=\"text-align: center;\"><\/td>\n<td style=\"text-align: center;\"><strong>Atrevido II<\/strong><\/td>\n<td style=\"text-align: center;\"><strong>1988<\/strong><\/td>\n<\/tr>\n<tr>\n<td>1<\/td>\n<td>Lluvia<\/td>\n<td><\/td>\n<\/tr>\n<tr>\n<td>2<\/td>\n<td>Insaciables<\/td>\n<td><\/td>\n<\/tr>\n<tr>\n<td>3<\/td>\n<td>Momento De Amor<\/td>\n<td><\/td>\n<\/tr>\n<tr>\n<td>4<\/td>\n<td>Volcan De Amor<\/td>\n<td><\/td>\n<\/tr>\n<tr>\n<td>5<\/td>\n<td>Tu Me Quemas<\/td>\n<td><\/td>\n<\/tr>\n<tr>\n<td>6<\/td>\n<td>Secretos<\/td>\n<td><\/td>\n<\/tr>\n<tr>\n<td>7<\/td>\n<td>Nadie Mejor Que Tu<\/td>\n<td><\/td>\n<\/tr>\n<tr>\n<td>8<\/td>\n<td>Quiero Amarte En La Tierra<\/td>\n<td><\/td>\n<\/tr>\n<tr>\n<td><\/td>\n<td><\/td>\n<td><\/td>\n<\/tr>\n<tr>\n<td style=\"text-align: center;\"><\/td>\n<td style=\"text-align: center;\"><strong>El Rey de la Salsa Romantica<\/strong><\/td>\n<td style=\"text-align: center;\"><strong>1990<\/strong><\/td>\n<\/tr>\n<tr>\n<td>1<\/td>\n<td>A La Vez Tu Y Yo<\/td>\n<td><\/td>\n<\/tr>\n<tr>\n<td>2<\/td>\n<td>Dime Que Si<\/td>\n<td><\/td>\n<\/tr>\n<tr>\n<td>3<\/td>\n<td>Cada Vez<\/td>\n<td><\/td>\n<\/tr>\n<tr>\n<td>4<\/td>\n<td>Dime Tu<\/td>\n<td><\/td>\n<\/tr>\n<tr>\n<td>5<\/td>\n<td>Tu Olvido<\/td>\n<td><\/td>\n<\/tr>\n<tr>\n<td>6<\/td>\n<td>Amame Otra Vez<\/td>\n<td><\/td>\n<\/tr>\n<tr>\n<td>7<\/td>\n<td>Todas<\/td>\n<td><\/td>\n<\/tr>\n<tr>\n<td>8<\/td>\n<td>El Muro<\/td>\n<td><\/td>\n<\/tr>\n<tr>\n<td><\/td>\n<td><\/td>\n<td><\/td>\n<\/tr>\n<\/tbody>\n<\/table>\n<p>&nbsp;<\/p>\n<\/div>\n<\/div>\n<div class=\"cxmmr5t8 oygrvhab hcukyx3x c1et5uql o9v6fnle ii04i59q\" style=\"text-align: justify;\">\n<div dir=\"auto\">Cr\u00e9ditos tomados de Wikipedia:<\/div>\n<div dir=\"auto\"><a class=\"oajrlxb2 g5ia77u1 qu0x051f esr5mh6w e9989ue4 r7d6kgcz rq0escxv nhd2j8a9 nc684nl6 p7hjln8o kvgmc6g5 cxmmr5t8 oygrvhab hcukyx3x jb3vyjys rz4wbd8a qt6c0cv9 a8nywdso i1ao9s8h esuyzwwr f1sip0of lzcic4wl gpro0wi8 py34i1dx\" tabindex=\"0\" role=\"link\" href=\"https:\/\/en.wikipedia.org\/wiki\/Eddie_Santiago?fbclid=IwAR3GmFDIwravElnHbdDyhDIOGZsTNH-j9Lk_KA-IvZU0AosIgmPRQxfqbUE\" target=\"_blank\" rel=\"nofollow noopener\">https:\/\/en.wikipedia.org\/wiki\/Eddie_Santiago<\/a><\/div>\n<div dir=\"auto\"><\/div>\n<\/div>\n<div class=\"epyt-video-wrapper\"><iframe loading=\"lazy\"  id=\"_ytid_27708\"  width=\"618\" height=\"347\"  data-origwidth=\"618\" data-origheight=\"347\" src=\"https:\/\/www.youtube.com\/embed\/r9Bv5HOq304?enablejsapi=1&#038;autoplay=0&#038;cc_load_policy=0&#038;cc_lang_pref=&#038;iv_load_policy=1&#038;loop=0&#038;modestbranding=0&#038;rel=1&#038;fs=1&#038;playsinline=0&#038;autohide=2&#038;theme=dark&#038;color=red&#038;controls=1&#038;\" class=\"__youtube_prefs__  epyt-is-override  no-lazyload\" title=\"YouTube player\"  allow=\"fullscreen; accelerometer; autoplay; clipboard-write; encrypted-media; gyroscope; picture-in-picture\" allowfullscreen data-no-lazy=\"1\" data-skipgform_ajax_framebjll=\"\"><\/iframe><\/div>\n","protected":false},"excerpt":{"rendered":"<p>&nbsp; Fecha de Nacimiento: 18 de agosto de 1955 &nbsp; Biograf\u00eda: &nbsp; Empez\u00f3 con varias agrupaciones como Conjunto Chaney, Generaci\u00f3n 2000, Orquesta La Potente, Orquesta Opus, y la Orquesta Sarag\u00fcey. Tambi\u00e9n fue corista del destacado salsero Frankie Ruiz. En 1986 se lanza como solista y tiene gran \u00e9xito en la d\u00e9cada de los a\u00f1os 80&#8242; &hellip;<\/p>\n","protected":false},"author":1,"featured_media":0,"parent":0,"menu_order":0,"comment_status":"closed","ping_status":"closed","template":"","meta":{"footnotes":""},"class_list":["post-28647","page","type-page","status-publish",""],"jetpack_sharing_enabled":true,"_links":{"self":[{"href":"http:\/\/mickyandoniehn.com\/radio\/wp-json\/wp\/v2\/pages\/28647","targetHints":{"allow":["GET"]}}],"collection":[{"href":"http:\/\/mickyandoniehn.com\/radio\/wp-json\/wp\/v2\/pages"}],"about":[{"href":"http:\/\/mickyandoniehn.com\/radio\/wp-json\/wp\/v2\/types\/page"}],"author":[{"embeddable":true,"href":"http:\/\/mickyandoniehn.com\/radio\/wp-json\/wp\/v2\/users\/1"}],"replies":[{"embeddable":true,"href":"http:\/\/mickyandoniehn.com\/radio\/wp-json\/wp\/v2\/comments?post=28647"}],"version-history":[{"count":2,"href":"http:\/\/mickyandoniehn.com\/radio\/wp-json\/wp\/v2\/pages\/28647\/revisions"}],"predecessor-version":[{"id":30203,"href":"http:\/\/mickyandoniehn.com\/radio\/wp-json\/wp\/v2\/pages\/28647\/revisions\/30203"}],"wp:attachment":[{"href":"http:\/\/mickyandoniehn.com\/radio\/wp-json\/wp\/v2\/media?parent=28647"}],"curies":[{"name":"wp","href":"https:\/\/api.w.org\/{rel}","templated":true}]}}