{"id":28608,"date":"2022-08-26T10:46:11","date_gmt":"2022-08-26T16:46:11","guid":{"rendered":"https:\/\/mickyandoniehn.com\/radio\/?page_id=28608"},"modified":"2022-09-01T10:21:11","modified_gmt":"2022-09-01T16:21:11","slug":"grupo-femenino-bolivia","status":"publish","type":"page","link":"http:\/\/mickyandoniehn.com\/radio\/grupo-femenino-bolivia\/","title":{"rendered":"Grupo Femenino Bolivia"},"content":{"rendered":"<p style=\"text-align: justify;\"><img loading=\"lazy\" decoding=\"async\" class=\"wp-image-23061 aligncenter\" src=\"http:\/\/mickyandoniehn.com\/radio\/wp-content\/uploads\/2022\/07\/GRUPO-FEMENINO-BOLIVIA-300x225.jpg\" alt=\"\" width=\"673\" height=\"505\" srcset=\"http:\/\/mickyandoniehn.com\/radio\/wp-content\/uploads\/2022\/07\/GRUPO-FEMENINO-BOLIVIA-300x225.jpg 300w, http:\/\/mickyandoniehn.com\/radio\/wp-content\/uploads\/2022\/07\/GRUPO-FEMENINO-BOLIVIA.jpg 480w\" sizes=\"auto, (max-width: 673px) 100vw, 673px\" \/><\/p>\n<p>&nbsp;<\/p>\n<div class=\"cxmmr5t8 oygrvhab hcukyx3x c1et5uql o9v6fnle\" style=\"text-align: justify;\">\n<div dir=\"auto\"><strong>Fundado:<\/strong> 6 de agosto de 1983<\/div>\n<p>&nbsp;<\/p>\n<div dir=\"auto\"><\/div>\n<\/div>\n<div class=\"cxmmr5t8 oygrvhab hcukyx3x c1et5uql o9v6fnle\" style=\"text-align: justify;\">\n<div dir=\"auto\"><strong>Biograf\u00eda:<\/strong><\/div>\n<p>&nbsp;<\/p>\n<div dir=\"auto\"><\/div>\n<div dir=\"auto\">Fundado un 6 de agosto del pa\u00eds Bolivia, aunque el motivo del nombre GRUPO BOLIVIA no fue ese, fue porque las primeras integrantes eran de diferentes ciudades, en realidad la fundaci\u00f3n tampoco tiene que ver a las fiestas patrias es m\u00e1s bien a la primera actuaci\u00f3n que tuvieron a las orillas del Lago Titicaca.<\/div>\n<div dir=\"auto\"><\/div>\n<p>&nbsp;<\/p>\n<div dir=\"auto\">Las fundadoras fueron:<\/div>\n<\/div>\n<div class=\"cxmmr5t8 oygrvhab hcukyx3x c1et5uql o9v6fnle\" style=\"text-align: justify;\">\n<div dir=\"auto\">\u2022 Luisa Molina<\/div>\n<div dir=\"auto\">\u2022 Nancy Pomier<\/div>\n<div dir=\"auto\">\u2022 Betty Paz<\/div>\n<div dir=\"auto\">\u2022 Sof\u00eda Paz<\/div>\n<p>&nbsp;<\/p>\n<div dir=\"auto\"><\/div>\n<\/div>\n<div class=\"cxmmr5t8 oygrvhab hcukyx3x c1et5uql o9v6fnle\" style=\"text-align: justify;\">\n<div dir=\"auto\">Hace 20 a\u00f1os, cinco muchachas alborotaron el Coliseo Cerrado cuando se presentaron con un atuendo t\u00edpico del Norte de Potos\u00ed y tocando instrumentos de cuerda, percusi\u00f3n y viento.<\/div>\n<p>&nbsp;<\/p>\n<\/div>\n<div class=\"cxmmr5t8 oygrvhab hcukyx3x c1et5uql o9v6fnle\" style=\"text-align: justify;\">\n<div dir=\"auto\">\u201cMi emoci\u00f3n fue grande desde que empezamos a interpretar el chuntunqui Bolivia y luego Altiplano (caporal) y la gente no paraba de aplaudirnos\u201d, recuerda Teresa Vela, fundadora del grupo femenino Bolivia, que el 6 de agosto cumpli\u00f3 dos d\u00e9cadas de vida art\u00edstica.<\/div>\n<p>&nbsp;<\/p>\n<div dir=\"auto\"><\/div>\n<\/div>\n<div class=\"cxmmr5t8 oygrvhab hcukyx3x c1et5uql o9v6fnle\" style=\"text-align: justify;\">\n<div dir=\"auto\">En su debut, en el Festival de M\u00fasica organizado por la Loter\u00eda Nacional (1983), el grupo gener\u00f3 gran sorpresa en el p\u00fablico y obtuvo el cuarto lugar, fue la revelaci\u00f3n y recibi\u00f3 la primera invitaci\u00f3n para participar en el Festival Internacional de M\u00fasica de Copacabana.<\/div>\n<p>&nbsp;<\/p>\n<div dir=\"auto\"><\/div>\n<\/div>\n<div class=\"cxmmr5t8 oygrvhab hcukyx3x c1et5uql o9v6fnle\" style=\"text-align: justify;\">\n<div dir=\"auto\">Por entonces, en el medio art\u00edstico hab\u00eda famosas cantantes solistas y se conoc\u00eda a Las Imillas y La \u00d1ustas, conformadas por las hermanas Sonia y Norma Ponce; pero el Grupo Femenino Bolivia se presentaba como el primer conjunto femenino instrumental y vocal.<\/div>\n<p>&nbsp;<\/p>\n<div dir=\"auto\"><\/div>\n<\/div>\n<div class=\"cxmmr5t8 oygrvhab hcukyx3x c1et5uql o9v6fnle\" style=\"text-align: justify;\">\n<div dir=\"auto\">\u201c\u00a1C\u00f3mo (va a tocar zampo\u00f1a)!, dec\u00edamos nosotros, machistas, pero a Alcides Mej\u00eda le encantaba que una mujer toque sus instrumentos\u201d, cuenta Mario Castro, m\u00fasico y actual representante del grupo Bolivia, cuando recuerda los inicios de Teresa en la interpretaci\u00f3n de instrumentos de viento.<\/div>\n<div dir=\"auto\"><\/div>\n<p>&nbsp;<\/p>\n<\/div>\n<div class=\"cxmmr5t8 oygrvhab hcukyx3x c1et5uql o9v6fnle\" style=\"text-align: justify;\">\n<div dir=\"auto\">\u201cEllas no deben nada a nadie y eso se lo ganaron. Todo lo que se propusieron lo lograron, a pesar de que para la mujer artista es mucho m\u00e1s dif\u00edcil y sacrificado\u201d, sostiene Castro ahora.<\/div>\n<p>&nbsp;<\/p>\n<\/div>\n<div class=\"cxmmr5t8 oygrvhab hcukyx3x c1et5uql o9v6fnle\" style=\"text-align: justify;\">\n<div dir=\"auto\">\u201cAl principio \u2014contin\u00faa Teresa\u2014 s\u00ed hab\u00eda un rechazo de los artistas y planteaban frecuentemente que las chicas abran el espect\u00e1culo o que esperen. Hoy eso se ha superado\u201d.<\/div>\n<p>&nbsp;<\/p>\n<\/div>\n<div class=\"cxmmr5t8 oygrvhab hcukyx3x c1et5uql o9v6fnle\" style=\"text-align: justify;\">\n<div dir=\"auto\">Otro obst\u00e1culo fue la mentalidad de los padres conservadores que no aceptaban que sus hijas sigan una carrera con trasnoches en locales nocturnos. \u201cFue un proceso de concientizar a los padres, a la sociedad y a los compa\u00f1eros de arte\u201d, dice Teresa.<\/div>\n<div dir=\"auto\"><\/div>\n<p>&nbsp;<\/p>\n<\/div>\n<div class=\"cxmmr5t8 oygrvhab hcukyx3x c1et5uql o9v6fnle\" style=\"text-align: justify;\">\n<div dir=\"auto\">En 1990, el grupo se present\u00f3 en Nice La Farandole, en Francia, y nuevamente gener\u00f3 gran sensaci\u00f3n en el p\u00fablico, que gust\u00f3 de la propuesta femenina.<\/div>\n<p>&nbsp;<\/p>\n<\/div>\n<div class=\"cxmmr5t8 oygrvhab hcukyx3x c1et5uql o9v6fnle\" style=\"text-align: justify;\">\n<div dir=\"auto\">Desde entonces, las m\u00fasicas realizaban giras internacionales de tres o seis meses por Francia, Alemania, Estados Unidos, Asia y Sudam\u00e9rica.<\/div>\n<p>&nbsp;<\/p>\n<div dir=\"auto\"><\/div>\n<\/div>\n<div class=\"cxmmr5t8 oygrvhab hcukyx3x c1et5uql o9v6fnle\" style=\"text-align: justify;\">\n<div dir=\"auto\">El agitado ritmo en el que ingres\u00f3 el conjunto hizo tambi\u00e9n que muchas de sus miembros optaran por dejar la m\u00fasica luego de contraer matrimonio o seguir una carrera profesional.<\/div>\n<\/div>\n<div class=\"cxmmr5t8 oygrvhab hcukyx3x c1et5uql o9v6fnle\" style=\"text-align: justify;\">\n<div dir=\"auto\">Encontrar integrantes que sepan ejecutar un instrumento tambi\u00e9n fue dif\u00edcil. Pero al final se descubri\u00f3 a talentos nuevos y surgi\u00f3 una cadena de j\u00f3venes que interpretan charangos, guitarras zampo\u00f1as y otros.<\/div>\n<p>&nbsp;<\/p>\n<div dir=\"auto\"><\/div>\n<\/div>\n<div class=\"cxmmr5t8 oygrvhab hcukyx3x c1et5uql o9v6fnle\" style=\"text-align: justify;\">\n<div dir=\"auto\">Hoy, con una gran trayectoria como emblema, el grupo cuenta con nueve discos y se encuentra en su momento m\u00e1s exitoso con su gran hit Nostalgias.<\/div>\n<p>&nbsp;<\/p>\n<div dir=\"auto\"><\/div>\n<\/div>\n<div class=\"cxmmr5t8 oygrvhab hcukyx3x c1et5uql o9v6fnle\" style=\"text-align: justify;\">\n<div dir=\"auto\"><strong>Wikipedia in English<\/strong><\/div>\n<p>&nbsp;<\/p>\n<div dir=\"auto\"><\/div>\n<\/div>\n<div class=\"cxmmr5t8 oygrvhab hcukyx3x c1et5uql o9v6fnle\" style=\"text-align: justify;\">\n<div dir=\"auto\"><strong>Founded:<\/strong> August 6, 1983<\/div>\n<p>&nbsp;<\/p>\n<div dir=\"auto\"><\/div>\n<\/div>\n<div class=\"cxmmr5t8 oygrvhab hcukyx3x c1et5uql o9v6fnle\" style=\"text-align: justify;\">\n<div dir=\"auto\"><strong>Biography:<\/strong><\/div>\n<p>&nbsp;<\/p>\n<div dir=\"auto\"><\/div>\n<div dir=\"auto\">Founded on August 6 in the country Bolivia, although the reason for the name GRUPO BOLIVIA was not that, it was because the first members were from different cities, in reality the foundation does not have to do with the national holidays, it is rather the first performance than they had on the shores of Lake Titicaca.<\/div>\n<div dir=\"auto\"><\/div>\n<p>&nbsp;<\/p>\n<div dir=\"auto\">The founders were:<\/div>\n<\/div>\n<div class=\"cxmmr5t8 oygrvhab hcukyx3x c1et5uql o9v6fnle\" style=\"text-align: justify;\">\n<div dir=\"auto\">\u2022 Luisa Molina<\/div>\n<div dir=\"auto\">\u2022 Nancy Pomier<\/div>\n<div dir=\"auto\">\u2022 Betty Paz<\/div>\n<div dir=\"auto\">\u2022 Sofia Paz<\/div>\n<div dir=\"auto\"><\/div>\n<p>&nbsp;<\/p>\n<\/div>\n<div class=\"cxmmr5t8 oygrvhab hcukyx3x c1et5uql o9v6fnle\" style=\"text-align: justify;\">\n<div dir=\"auto\">Twenty years ago, five girls rioted the Closed Coliseum when they showed up in typical North Potos\u00ed attire and playing strings, percussion and wind instruments.<\/div>\n<div dir=\"auto\">&#8220;My emotion was great since we began to interpret the chuntunqui Bolivia and then Altiplano (caporal) and people did not stop applauding us,&#8221; recalls Teresa Vela, founder of the Bolivian women&#8217;s group, which on August 6 celebrated two decades of artistic life.<\/div>\n<p>&nbsp;<\/p>\n<div dir=\"auto\"><\/div>\n<\/div>\n<div class=\"cxmmr5t8 oygrvhab hcukyx3x c1et5uql o9v6fnle\" style=\"text-align: justify;\">\n<div dir=\"auto\">In its debut, at the Music Festival organized by the National Lottery (1983), the group generated great surprise in the public and obtained fourth place, it was the revelation and received the first invitation to participated in the Copacabana International Music Festival.<\/div>\n<div dir=\"auto\"><\/div>\n<p>&nbsp;<\/p>\n<\/div>\n<div class=\"cxmmr5t8 oygrvhab hcukyx3x c1et5uql o9v6fnle\" style=\"text-align: justify;\">\n<div dir=\"auto\">At that time, in the artistic environment there were famous solo singers and Las Imillas and La \u00d1ustas were known, made up of the sisters Sonia and Norma Ponce; but the Bolivian Women&#8217;s Group was presented as the first instrumental and vocal female group.<\/div>\n<p>&nbsp;<\/p>\n<div dir=\"auto\"><\/div>\n<\/div>\n<div class=\"cxmmr5t8 oygrvhab hcukyx3x c1et5uql o9v6fnle\" style=\"text-align: justify;\">\n<div dir=\"auto\">&#8220;How (is he going to play zampo\u00f1a)! We macho men used to say, but Alcides Mej\u00eda loved it when a woman plays her instruments,&#8221; says Mario Castro, musician and current representative of the group Bolivia, when he recalls Teresa&#8217;s beginnings in the interpretation of wind instruments.<\/div>\n<div dir=\"auto\"><\/div>\n<\/div>\n<div class=\"cxmmr5t8 oygrvhab hcukyx3x c1et5uql o9v6fnle\" style=\"text-align: justify;\">\n<div dir=\"auto\">\u201cThey don&#8217;t owe anything to anyone and they earned that. Everything they set out to do, they achieved, despite the fact that it is much more difficult and sacrificing for the female artist \u201d, says Castro now.<\/div>\n<div dir=\"auto\"><\/div>\n<p>&nbsp;<\/p>\n<\/div>\n<div class=\"cxmmr5t8 oygrvhab hcukyx3x c1et5uql o9v6fnle\" style=\"text-align: justify;\">\n<div dir=\"auto\">\u201cAt the beginning,\u201d Teresa continues, \u201cthere was a rejection of the artists and they frequently suggested that the girls open the show or that they wait. Today that has been overcome \u201d.<\/div>\n<p>&nbsp;<\/p>\n<\/div>\n<div class=\"cxmmr5t8 oygrvhab hcukyx3x c1et5uql o9v6fnle\" style=\"text-align: justify;\">\n<div dir=\"auto\">Another obstacle was the mentality of conservative parents who did not accept that their daughters follow a career with late nights in nightclubs. &#8220;It was a process of raising awareness among parents, society and fellow art,&#8221; says Teresa.<\/div>\n<p>&nbsp;<\/p>\n<div dir=\"auto\"><\/div>\n<\/div>\n<div class=\"cxmmr5t8 oygrvhab hcukyx3x c1et5uql o9v6fnle\" style=\"text-align: justify;\">\n<div dir=\"auto\">In 1990, the group performed at Nice La Farandole, in France, and again generated a great sensation in the public, who liked the female proposal.<\/div>\n<p>&nbsp;<\/p>\n<\/div>\n<div class=\"cxmmr5t8 oygrvhab hcukyx3x c1et5uql o9v6fnle\" style=\"text-align: justify;\">\n<div dir=\"auto\">Since then, the musicians made international tours of three or six months through France, Germany, the United States, Asia and South America.<\/div>\n<p>&nbsp;<\/p>\n<div dir=\"auto\"><\/div>\n<\/div>\n<div class=\"cxmmr5t8 oygrvhab hcukyx3x c1et5uql o9v6fnle\" style=\"text-align: justify;\">\n<div dir=\"auto\">The hectic pace in which the group entered also made many of its members choose to leave music after marrying or pursuing a professional career.<\/div>\n<p>&nbsp;<\/p>\n<div dir=\"auto\"><\/div>\n<\/div>\n<div class=\"cxmmr5t8 oygrvhab hcukyx3x c1et5uql o9v6fnle\" style=\"text-align: justify;\">\n<div dir=\"auto\">Finding members who can play an instrument was also difficult. But in the end, new talents were discovered and a chain of young people emerged who play charangos, zampo\u00f1as guitars and others.<\/div>\n<p>&nbsp;<\/p>\n<div dir=\"auto\"><\/div>\n<\/div>\n<div class=\"cxmmr5t8 oygrvhab hcukyx3x c1et5uql o9v6fnle\" style=\"text-align: justify;\">\n<div dir=\"auto\">Today, with a great career as an emblem, the group has nine albums and is at its most successful with their great hit Nostalgias.<\/div>\n<p>&nbsp;<\/p>\n<div dir=\"auto\"><\/div>\n<\/div>\n<div class=\"cxmmr5t8 oygrvhab hcukyx3x c1et5uql o9v6fnle\" style=\"text-align: justify;\">\n<div dir=\"auto\"><strong>Discography.<\/strong><\/div>\n<p>&nbsp;<\/p>\n<\/div>\n<div dir=\"auto\">\n<table width=\"490\">\n<tbody>\n<tr>\n<td style=\"text-align: center;\" width=\"61\"><strong>Temas Instrumental y vocal<\/strong><\/td>\n<td style=\"text-align: center;\" width=\"259\"><strong>Escuchar tema<\/strong><\/td>\n<td style=\"text-align: center;\" width=\"170\"><strong>A\u00f1o de Publicacion<\/strong><\/td>\n<\/tr>\n<tr>\n<td>1<\/td>\n<td>Nostalgia<\/td>\n<td>2001<\/td>\n<\/tr>\n<tr>\n<td>2<\/td>\n<td>Solito El Moreno<\/td>\n<td><\/td>\n<\/tr>\n<tr>\n<td>3<\/td>\n<td>Amigo<\/td>\n<td>2001<\/td>\n<\/tr>\n<tr>\n<td>4<\/td>\n<td>Tobas Centralistas<\/td>\n<td>2001<\/td>\n<\/tr>\n<tr>\n<td>5<\/td>\n<td>En Oruro Bailare<\/td>\n<td>2004<\/td>\n<\/tr>\n<tr>\n<td>6<\/td>\n<td>Noche A Noche<\/td>\n<td>2001<\/td>\n<\/tr>\n<tr>\n<td>7<\/td>\n<td>Olvido Que Nunca Llegas<\/td>\n<td>2001<\/td>\n<\/tr>\n<tr>\n<td>8<\/td>\n<td>Vivir cantando<\/td>\n<td>2004<\/td>\n<\/tr>\n<tr>\n<td>9<\/td>\n<td>Nuestra Promesa<\/td>\n<td><\/td>\n<\/tr>\n<tr>\n<td><\/td>\n<td><\/td>\n<td><\/td>\n<\/tr>\n<tr>\n<td style=\"text-align: center;\"><\/td>\n<td style=\"text-align: center;\"><strong>\u00a0Siempre Bolivia<\/strong><\/td>\n<td style=\"text-align: center;\"><strong>2004<\/strong><\/td>\n<\/tr>\n<tr>\n<td style=\"text-align: center;\"><\/td>\n<td style=\"text-align: center;\"><strong>Lista de T\u00edtulos<\/strong><\/td>\n<td style=\"text-align: center;\"><\/td>\n<\/tr>\n<tr>\n<td>1<\/td>\n<td>Nostalgia<\/td>\n<td><\/td>\n<\/tr>\n<tr>\n<td>2<\/td>\n<td>Amigo (El Olvido)<\/td>\n<td><\/td>\n<\/tr>\n<tr>\n<td>3<\/td>\n<td>Recuerdos<\/td>\n<td><\/td>\n<\/tr>\n<tr>\n<td>4<\/td>\n<td>Cuando Me Vaya<\/td>\n<td><\/td>\n<\/tr>\n<tr>\n<td>5<\/td>\n<td>Amor Joven<\/td>\n<td><\/td>\n<\/tr>\n<tr>\n<td>6<\/td>\n<td>Echarte Al Olvido<\/td>\n<td><\/td>\n<\/tr>\n<tr>\n<td>7<\/td>\n<td>Regresa A Mi<\/td>\n<td><\/td>\n<\/tr>\n<tr>\n<td>8<\/td>\n<td>Tobas Centralistas<\/td>\n<td><\/td>\n<\/tr>\n<tr>\n<td>9<\/td>\n<td>Se\u00f1or Del Gran Poder<\/td>\n<td><\/td>\n<\/tr>\n<tr>\n<td>10<\/td>\n<td>El Amor<\/td>\n<td><\/td>\n<\/tr>\n<tr>\n<td>11<\/td>\n<td>Una Pena Tengo Yo<\/td>\n<td><\/td>\n<\/tr>\n<tr>\n<td>12<\/td>\n<td>Fue Un Error<\/td>\n<td><\/td>\n<\/tr>\n<tr>\n<td>13<\/td>\n<td>En Oruro Bailare<\/td>\n<td><\/td>\n<\/tr>\n<tr>\n<td>14<\/td>\n<td>Olvido Que Nunca Llegas<\/td>\n<td><\/td>\n<\/tr>\n<tr>\n<td>15<\/td>\n<td>Muchachos De Gran Coraz\u00f3n<\/td>\n<td><\/td>\n<\/tr>\n<tr>\n<td>16<\/td>\n<td>A Ella<\/td>\n<td><\/td>\n<\/tr>\n<tr>\n<td>17<\/td>\n<td>Noche A Noche<\/td>\n<td><\/td>\n<\/tr>\n<tr>\n<td>18<\/td>\n<td>Vete Nomas<\/td>\n<td><\/td>\n<\/tr>\n<tr>\n<td><\/td>\n<td><\/td>\n<td><\/td>\n<\/tr>\n<tr>\n<td style=\"text-align: center;\"><\/td>\n<td style=\"text-align: center;\"><strong>Gracias&#8230; Por Querernos Tanto<\/strong><\/td>\n<td style=\"text-align: center;\"><strong>2004<\/strong><\/td>\n<\/tr>\n<tr>\n<td><\/td>\n<td><strong>Lista de T\u00edtulos<\/strong><\/td>\n<td><\/td>\n<\/tr>\n<tr>\n<td>1<\/td>\n<td>Cocanis<\/td>\n<td><\/td>\n<\/tr>\n<tr>\n<td>2<\/td>\n<td>Vivir Cantando<\/td>\n<td><\/td>\n<\/tr>\n<tr>\n<td>3<\/td>\n<td>Como Poder Olvidar<\/td>\n<td><\/td>\n<\/tr>\n<tr>\n<td>4<\/td>\n<td>Mi Ultimo Carnaval<\/td>\n<td><\/td>\n<\/tr>\n<tr>\n<td>5<\/td>\n<td>Despidete<\/td>\n<td><\/td>\n<\/tr>\n<tr>\n<td>6<\/td>\n<td>Vuelve<\/td>\n<td><\/td>\n<\/tr>\n<tr>\n<td>7<\/td>\n<td>Soy Feliz<\/td>\n<td><\/td>\n<\/tr>\n<tr>\n<td>8<\/td>\n<td>Fue Por Ti<\/td>\n<td><\/td>\n<\/tr>\n<tr>\n<td>9<\/td>\n<td>Estas Por Demas<\/td>\n<td><\/td>\n<\/tr>\n<tr>\n<td>10<\/td>\n<td>Comerciantes Minoristas<\/td>\n<td><\/td>\n<\/tr>\n<tr>\n<td>11<\/td>\n<td>Decepci\u00f3n<\/td>\n<td><\/td>\n<\/tr>\n<tr>\n<td>12<\/td>\n<td>Basta Corazon<\/td>\n<td><\/td>\n<\/tr>\n<tr>\n<td>13<\/td>\n<td>No Lo Vuelvo A Hacer<\/td>\n<td><\/td>\n<\/tr>\n<tr>\n<td>14<\/td>\n<td>Tu Abandono<\/td>\n<td><\/td>\n<\/tr>\n<tr>\n<td>15<\/td>\n<td>Porque Me Enamore De Ti<\/td>\n<td><\/td>\n<\/tr>\n<tr>\n<td>16<\/td>\n<td>Vuelve<\/td>\n<td><\/td>\n<\/tr>\n<tr>\n<td>17<\/td>\n<td>Miles De Lagrimas<\/td>\n<td><\/td>\n<\/tr>\n<tr>\n<td>18<\/td>\n<td>Recuerdos<\/td>\n<td><\/td>\n<\/tr>\n<tr>\n<td>19<\/td>\n<td>Diablada Autentica<\/td>\n<td><\/td>\n<\/tr>\n<tr>\n<td>21<\/td>\n<td>Despidete (Premonici\u00f3n)<\/td>\n<td><\/td>\n<\/tr>\n<tr>\n<td><\/td>\n<td><\/td>\n<td><\/td>\n<\/tr>\n<tr>\n<td style=\"text-align: center;\"><\/td>\n<td style=\"text-align: center;\"><strong>Lo Mejor Del Grupo Femenino Bolivia<\/strong><\/td>\n<td style=\"text-align: center;\"><strong>2003<\/strong><\/td>\n<\/tr>\n<tr>\n<td>1<\/td>\n<td>Tacacome\u00f1a<\/td>\n<td><\/td>\n<\/tr>\n<tr>\n<td>2<\/td>\n<td>Remanzo Verde<\/td>\n<td><\/td>\n<\/tr>\n<tr>\n<td>3<\/td>\n<td>Se Feliz<\/td>\n<td><\/td>\n<\/tr>\n<tr>\n<td>4<\/td>\n<td>Torcasitay<\/td>\n<td><\/td>\n<\/tr>\n<tr>\n<td>5<\/td>\n<td>Cre\u00eddo<\/td>\n<td><\/td>\n<\/tr>\n<tr>\n<td>6<\/td>\n<td>Se Fue<\/td>\n<td><\/td>\n<\/tr>\n<tr>\n<td>7<\/td>\n<td>Pajarillo Carcelero<\/td>\n<td><\/td>\n<\/tr>\n<tr>\n<td>8<\/td>\n<td>Ilusi\u00f3n Perdida<\/td>\n<td><\/td>\n<\/tr>\n<tr>\n<td>9<\/td>\n<td>Adi\u00f3s Me Dijo Mi Negro<\/td>\n<td><\/td>\n<\/tr>\n<tr>\n<td>10<\/td>\n<td>Si Te Vas<\/td>\n<td><\/td>\n<\/tr>\n<tr>\n<td>11<\/td>\n<td>Abriendo Brechas<\/td>\n<td><\/td>\n<\/tr>\n<tr>\n<td>12<\/td>\n<td>Sentimiento Huancaino<\/td>\n<td><\/td>\n<\/tr>\n<tr>\n<td><\/td>\n<td><\/td>\n<td><\/td>\n<\/tr>\n<\/tbody>\n<\/table>\n<\/div>\n<div class=\"cxmmr5t8 oygrvhab hcukyx3x c1et5uql o9v6fnle\" style=\"text-align: justify;\">\n<div dir=\"auto\"><\/div>\n<\/div>\n<div class=\"cxmmr5t8 oygrvhab hcukyx3x c1et5uql o9v6fnle\">\n<div dir=\"auto\" style=\"text-align: justify;\">Cr\u00e9ditos: Tomado de Wikipedia<\/div>\n<div dir=\"auto\" style=\"text-align: justify;\"><a class=\"oajrlxb2 g5ia77u1 qu0x051f esr5mh6w e9989ue4 r7d6kgcz rq0escxv nhd2j8a9 nc684nl6 p7hjln8o kvgmc6g5 cxmmr5t8 oygrvhab hcukyx3x jb3vyjys rz4wbd8a qt6c0cv9 a8nywdso i1ao9s8h esuyzwwr f1sip0of lzcic4wl gpro0wi8 py34i1dx\" tabindex=\"0\" role=\"link\" href=\"https:\/\/es.wikipedia.org\/wiki\/Bolivia_(grupo_femenino)?fbclid=IwAR371URK6ZO3Heg89pbyYXvFnYa-ovGl4WD1DxA77ImSoFnwRLIGAdp1aQg\" target=\"_blank\" rel=\"nofollow noopener\">https:\/\/es.wikipedia.org\/wiki\/Bolivia_(grupo_femenino)<\/a><\/div>\n<\/div>\n<div class=\"cxmmr5t8 oygrvhab hcukyx3x c1et5uql o9v6fnle\">\n<div dir=\"auto\" style=\"text-align: justify;\"><\/div>\n<\/div>\n","protected":false},"excerpt":{"rendered":"<p>&nbsp; Fundado: 6 de agosto de 1983 &nbsp; Biograf\u00eda: &nbsp; Fundado un 6 de agosto del pa\u00eds Bolivia, aunque el motivo del nombre GRUPO BOLIVIA no fue ese, fue porque las primeras integrantes eran de diferentes ciudades, en realidad la fundaci\u00f3n tampoco tiene que ver a las fiestas patrias es m\u00e1s bien a la primera &hellip;<\/p>\n","protected":false},"author":1,"featured_media":0,"parent":0,"menu_order":0,"comment_status":"closed","ping_status":"closed","template":"","meta":{"footnotes":""},"class_list":["post-28608","page","type-page","status-publish",""],"jetpack_sharing_enabled":true,"_links":{"self":[{"href":"http:\/\/mickyandoniehn.com\/radio\/wp-json\/wp\/v2\/pages\/28608","targetHints":{"allow":["GET"]}}],"collection":[{"href":"http:\/\/mickyandoniehn.com\/radio\/wp-json\/wp\/v2\/pages"}],"about":[{"href":"http:\/\/mickyandoniehn.com\/radio\/wp-json\/wp\/v2\/types\/page"}],"author":[{"embeddable":true,"href":"http:\/\/mickyandoniehn.com\/radio\/wp-json\/wp\/v2\/users\/1"}],"replies":[{"embeddable":true,"href":"http:\/\/mickyandoniehn.com\/radio\/wp-json\/wp\/v2\/comments?post=28608"}],"version-history":[{"count":2,"href":"http:\/\/mickyandoniehn.com\/radio\/wp-json\/wp\/v2\/pages\/28608\/revisions"}],"predecessor-version":[{"id":30258,"href":"http:\/\/mickyandoniehn.com\/radio\/wp-json\/wp\/v2\/pages\/28608\/revisions\/30258"}],"wp:attachment":[{"href":"http:\/\/mickyandoniehn.com\/radio\/wp-json\/wp\/v2\/media?parent=28608"}],"curies":[{"name":"wp","href":"https:\/\/api.w.org\/{rel}","templated":true}]}}