{"id":28606,"date":"2022-08-26T10:45:50","date_gmt":"2022-08-26T16:45:50","guid":{"rendered":"https:\/\/mickyandoniehn.com\/radio\/?page_id=28606"},"modified":"2022-09-01T12:15:26","modified_gmt":"2022-09-01T18:15:26","slug":"tina-cole","status":"publish","type":"page","link":"http:\/\/mickyandoniehn.com\/radio\/tina-cole\/","title":{"rendered":"Tina Cole"},"content":{"rendered":"<p style=\"text-align: justify;\"><img loading=\"lazy\" decoding=\"async\" class=\" wp-image-23049 aligncenter\" src=\"http:\/\/mickyandoniehn.com\/radio\/wp-content\/uploads\/2022\/07\/tina-cole-216x300.jpg\" alt=\"\" width=\"412\" height=\"571\" srcset=\"http:\/\/mickyandoniehn.com\/radio\/wp-content\/uploads\/2022\/07\/tina-cole-216x300.jpg 216w, http:\/\/mickyandoniehn.com\/radio\/wp-content\/uploads\/2022\/07\/tina-cole-737x1024.jpg 737w, http:\/\/mickyandoniehn.com\/radio\/wp-content\/uploads\/2022\/07\/tina-cole-768x1067.jpg 768w, http:\/\/mickyandoniehn.com\/radio\/wp-content\/uploads\/2022\/07\/tina-cole.jpg 1000w\" sizes=\"auto, (max-width: 412px) 100vw, 412px\" \/><\/p>\n<p>&nbsp;<\/p>\n<div class=\"cxmmr5t8 oygrvhab hcukyx3x c1et5uql o9v6fnle\" style=\"text-align: justify;\">\n<div dir=\"auto\"><strong>Fecha de Nacimiento:<\/strong> 4 de agosto de 1943<\/div>\n<p>&nbsp;<\/p>\n<div dir=\"auto\"><\/div>\n<\/div>\n<div class=\"cxmmr5t8 oygrvhab hcukyx3x c1et5uql o9v6fnle\" style=\"text-align: justify;\">\n<div dir=\"auto\"><strong>Biograf\u00eda:<\/strong><\/div>\n<p>&nbsp;<\/p>\n<div dir=\"auto\"><\/div>\n<div dir=\"auto\">Es una actriz y cantante estadounidense. Ella es mejor conocida por su papel de Katie Miller Douglas en la comedia My Three Sons (1967\u20131972). Anteriormente tuvo un papel recurrente como Sunny Day en la serie de detectives Hawaiian Eye (1963).<\/div>\n<p>&nbsp;<\/p>\n<div dir=\"auto\"><\/div>\n<\/div>\n<div class=\"cxmmr5t8 oygrvhab hcukyx3x c1et5uql o9v6fnle\" style=\"text-align: justify;\">\n<div dir=\"auto\">Ella tambi\u00e9n era miembro de los Four King Cousins , un subgrupo de los King Family Singers . En 1963, interpret\u00f3 el papel menor (sin acreditar) de Ruth Stewart en Palm Springs Weekend , una pel\u00edcula de fiesta de vacaciones de primavera ambientada en Palm Springs, California . Ella tambi\u00e9n apareci\u00f3 previamente en My Three Sons como amiga de Robbie, elegida para el papel de Joanne, antes de que se creara el papel de Katie alrededor de 1966.<\/div>\n<p>&nbsp;<\/p>\n<div dir=\"auto\"><\/div>\n<\/div>\n<div class=\"cxmmr5t8 oygrvhab hcukyx3x c1et5uql o9v6fnle\" style=\"text-align: justify;\">\n<div dir=\"auto\">Despu\u00e9s de dejar la televisi\u00f3n, Cole era el director del Teatro Infantil de Sacramento. Fue entrenadora de actuaci\u00f3n en las escuelas de actuaci\u00f3n John Robert Powers en Roseville y Elk Grove , California, y en 2013 regres\u00f3 a la actuaci\u00f3n en pantalla.<\/div>\n<p>&nbsp;<\/p>\n<div dir=\"auto\"><\/div>\n<\/div>\n<div class=\"cxmmr5t8 oygrvhab hcukyx3x c1et5uql o9v6fnle\" style=\"text-align: justify;\">\n<div dir=\"auto\">A finales de 2013, actu\u00f3 con sus King Cousins (hermana Cathy y las primas Candy y Carolyn) e hizo una aparici\u00f3n \u00fanica en el Catalina Jazz Club en Hollywood en noviembre. Hicieron apariciones posteriores en el mismo club en abril de 2014 y agosto de 2016. Ella es una mormona.<\/div>\n<div dir=\"auto\"><\/div>\n<p>&nbsp;<\/p>\n<\/div>\n<div class=\"cxmmr5t8 oygrvhab hcukyx3x c1et5uql o9v6fnle\" style=\"text-align: justify;\">\n<div dir=\"auto\"><strong>Wikipedia in English<\/strong><\/div>\n<p>&nbsp;<\/p>\n<div dir=\"auto\"><\/div>\n<\/div>\n<div class=\"cxmmr5t8 oygrvhab hcukyx3x c1et5uql o9v6fnle\" style=\"text-align: justify;\">\n<div dir=\"auto\"><strong>Biography:<\/strong><\/div>\n<p>&nbsp;<\/p>\n<div dir=\"auto\"><\/div>\n<div dir=\"auto\"><strong>Date of Birth:<\/strong> August 04, 1943<\/div>\n<p>&nbsp;<\/p>\n<div dir=\"auto\"><\/div>\n<div dir=\"auto\">She is an American actress and singer. She is best known for her role as Katie Miller Douglas on the comedy My Three Sons (1967\u20131972). She previous had a recurring role as Sunny Day on the detective series Hawaiian Eye (1963).<\/div>\n<p>&nbsp;<\/p>\n<div dir=\"auto\"><\/div>\n<\/div>\n<div class=\"cxmmr5t8 oygrvhab hcukyx3x c1et5uql o9v6fnle\" style=\"text-align: justify;\">\n<div dir=\"auto\">She was also a member of the Four King Cousins, a subgroup of the King Family Singers. In 1963, she played the minor (uncredited) role of Ruth Stewart in Palm Springs Weekend, a spring break party movie set in Palm Springs, California. She also previously appeared on My Three Sons as a friend of Robbie, cast in the role of Joanne, before the role of Katie was created around 1966.<\/div>\n<p>&nbsp;<\/p>\n<\/div>\n<div class=\"cxmmr5t8 oygrvhab hcukyx3x c1et5uql o9v6fnle\" style=\"text-align: justify;\">\n<div dir=\"auto\">After leaving television, Cole was the director of the Sacramento Children&#8217;s Theater. She was an acting coach at John Robert Powers Acting Schools in Roseville and Elk Grove, California, and in 2013 she returned to screen acting.<\/div>\n<p>&nbsp;<\/p>\n<div dir=\"auto\"><\/div>\n<\/div>\n<div class=\"cxmmr5t8 oygrvhab hcukyx3x c1et5uql o9v6fnle\" style=\"text-align: justify;\">\n<div dir=\"auto\">In late 2013, she performed with her King Cousins (Sister Cathy and cousins Candy and Carolyn) and made a one-off appearance at the Catalina Jazz Club in Hollywood in November. They made subsequent appearances at the same club in April 2014 and August 2016. She is a Mormon.<\/div>\n<p>&nbsp;<\/p>\n<div dir=\"auto\"><\/div>\n<\/div>\n<div class=\"cxmmr5t8 oygrvhab hcukyx3x c1et5uql o9v6fnle\" style=\"text-align: justify;\">\n<div dir=\"auto\"><\/div>\n<div dir=\"auto\"><strong>Discography<\/strong><\/div>\n<p>&nbsp;<\/p>\n<div dir=\"auto\"><\/div>\n<div dir=\"auto\"><strong>\u00c1lbum<\/strong><\/div>\n<div dir=\"auto\"><\/div>\n<div dir=\"auto\"><strong>2013 The Four King Cousins<\/strong><\/div>\n<div dir=\"auto\"><\/div>\n<div dir=\"auto\"><strong>Lista de T\u00edtulos<\/strong><\/div>\n<ul>\n<li dir=\"auto\">On A Clear Day<\/li>\n<li dir=\"auto\">More Today Than Yesterday<\/li>\n<li dir=\"auto\">Lazy Day<\/li>\n<li dir=\"auto\">Happy Heart<\/li>\n<li dir=\"auto\">Tell All The World About You<\/li>\n<li dir=\"auto\">Your Mother Should Know<\/li>\n<li dir=\"auto\">I Couldn&#8217;t Live Without Your Love<\/li>\n<li dir=\"auto\">What Now My Love<\/li>\n<li dir=\"auto\">Happy Together<\/li>\n<li dir=\"auto\">Move In A Little Closer, Baby<\/li>\n<li dir=\"auto\">Leavin&#8217; It All Behin<\/li>\n<li dir=\"auto\">Bridge Over Troubled Water<\/li>\n<li dir=\"auto\">The Four King Cousin<\/li>\n<\/ul>\n<div dir=\"auto\"><\/div>\n<\/div>\n<div class=\"cxmmr5t8 oygrvhab hcukyx3x c1et5uql o9v6fnle\" style=\"text-align: justify;\">\n<div dir=\"auto\">Creditos tomados de Wikipedia:<\/div>\n<div dir=\"auto\"><a class=\"oajrlxb2 g5ia77u1 qu0x051f esr5mh6w e9989ue4 r7d6kgcz rq0escxv nhd2j8a9 nc684nl6 p7hjln8o kvgmc6g5 cxmmr5t8 oygrvhab hcukyx3x jb3vyjys rz4wbd8a qt6c0cv9 a8nywdso i1ao9s8h esuyzwwr f1sip0of lzcic4wl gpro0wi8 py34i1dx\" tabindex=\"0\" role=\"link\" href=\"https:\/\/en.wikipedia.org\/wiki\/Tina_Cole?fbclid=IwAR33Oc5xE7sFE9bSkqHViOgcqCO4jW1j4eR9tdZbmHyXeNwMmZqFVdxDs0c\" target=\"_blank\" rel=\"nofollow noopener\">https:\/\/en.wikipedia.org\/wiki\/Tina_Cole<\/a><\/div>\n<\/div>\n<div dir=\"auto\" style=\"text-align: justify;\"><\/div>\n<div class=\"epyt-video-wrapper\"><iframe loading=\"lazy\"  id=\"_ytid_10170\"  width=\"618\" height=\"347\"  data-origwidth=\"618\" data-origheight=\"347\" src=\"https:\/\/www.youtube.com\/embed\/l_ojzRaG-KI?enablejsapi=1&#038;autoplay=0&#038;cc_load_policy=0&#038;cc_lang_pref=&#038;iv_load_policy=1&#038;loop=0&#038;modestbranding=0&#038;rel=1&#038;fs=1&#038;playsinline=0&#038;autohide=2&#038;theme=dark&#038;color=red&#038;controls=1&#038;\" class=\"__youtube_prefs__  epyt-is-override  no-lazyload\" title=\"YouTube player\"  allow=\"fullscreen; accelerometer; autoplay; clipboard-write; encrypted-media; gyroscope; picture-in-picture\" allowfullscreen data-no-lazy=\"1\" data-skipgform_ajax_framebjll=\"\"><\/iframe><\/div>\n","protected":false},"excerpt":{"rendered":"<p>&nbsp; Fecha de Nacimiento: 4 de agosto de 1943 &nbsp; Biograf\u00eda: &nbsp; Es una actriz y cantante estadounidense. Ella es mejor conocida por su papel de Katie Miller Douglas en la comedia My Three Sons (1967\u20131972). Anteriormente tuvo un papel recurrente como Sunny Day en la serie de detectives Hawaiian Eye (1963). &nbsp; Ella tambi\u00e9n &hellip;<\/p>\n","protected":false},"author":1,"featured_media":0,"parent":0,"menu_order":0,"comment_status":"closed","ping_status":"closed","template":"","meta":{"footnotes":""},"class_list":["post-28606","page","type-page","status-publish",""],"jetpack_sharing_enabled":true,"_links":{"self":[{"href":"http:\/\/mickyandoniehn.com\/radio\/wp-json\/wp\/v2\/pages\/28606","targetHints":{"allow":["GET"]}}],"collection":[{"href":"http:\/\/mickyandoniehn.com\/radio\/wp-json\/wp\/v2\/pages"}],"about":[{"href":"http:\/\/mickyandoniehn.com\/radio\/wp-json\/wp\/v2\/types\/page"}],"author":[{"embeddable":true,"href":"http:\/\/mickyandoniehn.com\/radio\/wp-json\/wp\/v2\/users\/1"}],"replies":[{"embeddable":true,"href":"http:\/\/mickyandoniehn.com\/radio\/wp-json\/wp\/v2\/comments?post=28606"}],"version-history":[{"count":3,"href":"http:\/\/mickyandoniehn.com\/radio\/wp-json\/wp\/v2\/pages\/28606\/revisions"}],"predecessor-version":[{"id":30537,"href":"http:\/\/mickyandoniehn.com\/radio\/wp-json\/wp\/v2\/pages\/28606\/revisions\/30537"}],"wp:attachment":[{"href":"http:\/\/mickyandoniehn.com\/radio\/wp-json\/wp\/v2\/media?parent=28606"}],"curies":[{"name":"wp","href":"https:\/\/api.w.org\/{rel}","templated":true}]}}