{"id":28589,"date":"2022-08-26T10:41:13","date_gmt":"2022-08-26T16:41:13","guid":{"rendered":"https:\/\/mickyandoniehn.com\/radio\/?page_id=28589"},"modified":"2022-09-01T10:42:17","modified_gmt":"2022-09-01T16:42:17","slug":"jim-capaldi","status":"publish","type":"page","link":"http:\/\/mickyandoniehn.com\/radio\/jim-capaldi\/","title":{"rendered":"Jim Capaldi"},"content":{"rendered":"<p style=\"text-align: justify;\"><img loading=\"lazy\" decoding=\"async\" class=\" wp-image-23008 aligncenter\" src=\"http:\/\/mickyandoniehn.com\/radio\/wp-content\/uploads\/2022\/07\/Jim-Capaldi.jpg\" alt=\"\" width=\"586\" height=\"932\" \/><\/p>\n<p>&nbsp;<\/p>\n<div class=\"cxmmr5t8 oygrvhab hcukyx3x c1et5uql o9v6fnle ii04i59q\" style=\"text-align: justify;\">\n<div dir=\"auto\"><strong>Fecha de Nacimiento:<\/strong> 2 de agosto de 1944<\/div>\n<p>&nbsp;<\/p>\n<div dir=\"auto\"><\/div>\n<div dir=\"auto\"><strong>Fecha de Fallecimiento:<\/strong> 28 de enero de 2005<\/div>\n<p>&nbsp;<\/p>\n<div dir=\"auto\"><\/div>\n<\/div>\n<div class=\"cxmmr5t8 oygrvhab hcukyx3x c1et5uql o9v6fnle ii04i59q\" style=\"text-align: justify;\">\n<div dir=\"auto\"><strong>Biograf\u00eda:<\/strong><\/div>\n<p>&nbsp;<\/p>\n<div dir=\"auto\"><\/div>\n<div dir=\"auto\">Nicola James &#8220;Jim&#8221; Capaldi (2 de agosto de 1944 &#8211; 28 de enero de 2005) fue un m\u00fasico y compositor ingl\u00e9s fundador de la banda &#8220;Traffic&#8221;. Toc\u00f3 la bater\u00eda con varios cantantes y m\u00fasicos famosos, incluyendo a Jimmy Hendrix, Eric Clapton, George Harrison, Alvin Lee y Mylon Lefevre.<\/div>\n<p>&nbsp;<\/p>\n<div dir=\"auto\"><\/div>\n<\/div>\n<div class=\"cxmmr5t8 oygrvhab hcukyx3x c1et5uql o9v6fnle ii04i59q\" style=\"text-align: justify;\">\n<div dir=\"auto\">Nacido como Nicola James Capaldi en Evesham, Worcestershire, Inglaterra de padres inmigrantes italianos Nick y Maria Capaldi. Su hermano Phil, nacido el 1 de febrero de 1949 tambi\u00e9n toca bater\u00eda profesionalmente como miembro de tiempo completo de &#8220;Joe Brown&#8217;s Bruvvers&#8221;.<\/div>\n<p>&nbsp;<\/p>\n<div dir=\"auto\"><\/div>\n<\/div>\n<div class=\"cxmmr5t8 oygrvhab hcukyx3x c1et5uql o9v6fnle ii04i59q\" style=\"text-align: justify;\">\n<div dir=\"auto\">La carrera musical de Jim Capaldi dur\u00f3 m\u00e1s de cuatro d\u00e9cadas. Co-fund\u00f3 &#8220;Traffic&#8221; en Birmingham con Steve Winwood y el rock psicod\u00e9lico de la banda fue muy influyente en el Reino Unido y Estados Unidos de Norte Am\u00e9rica. Capaldi y Winwood escribieron muchos de los grandes \u00e9xitos de &#8220;Traffic&#8221; y la mayor\u00eda de las canciones en los 10 \u00e1lbumes de la banda.<\/div>\n<p>&nbsp;<\/p>\n<div dir=\"auto\"><\/div>\n<\/div>\n<div class=\"cxmmr5t8 oygrvhab hcukyx3x c1et5uql o9v6fnle ii04i59q\" style=\"text-align: justify;\">\n<div dir=\"auto\"><strong>Wikipedia in English<\/strong><\/div>\n<p>&nbsp;<\/p>\n<div dir=\"auto\"><\/div>\n<\/div>\n<div class=\"cxmmr5t8 oygrvhab hcukyx3x c1et5uql o9v6fnle ii04i59q\" style=\"text-align: justify;\">\n<div dir=\"auto\"><strong>Date of Birth:<\/strong> August 02, 1944<\/div>\n<p>&nbsp;<\/p>\n<div dir=\"auto\"><\/div>\n<div dir=\"auto\"><strong>Date of Death:<\/strong> January 28, 2005<\/div>\n<p>&nbsp;<\/p>\n<div dir=\"auto\"><\/div>\n<\/div>\n<div class=\"cxmmr5t8 oygrvhab hcukyx3x c1et5uql o9v6fnle ii04i59q\" style=\"text-align: justify;\">\n<div dir=\"auto\"><strong>Biography:<\/strong><\/div>\n<p>&nbsp;<\/p>\n<div dir=\"auto\"><\/div>\n<div dir=\"auto\">Nicola James &#8220;Jim&#8221; Capaldi (August 2, 1944 &#8211; January 28, 2005) was an English musician and composer who founded the band &#8220;Traffic&#8221;. He played drums with several famous singers and musicians, including Jimmy Hendrix, Eric Clapton, George Harrison, Alvin Lee, and Mylon LeFevre.<\/div>\n<p>&nbsp;<\/p>\n<div dir=\"auto\"><\/div>\n<\/div>\n<div class=\"cxmmr5t8 oygrvhab hcukyx3x c1et5uql o9v6fnle ii04i59q\" style=\"text-align: justify;\">\n<div dir=\"auto\">Born Nicola James Capaldi in Evesham, Worcestershire, England to Italian immigrant parents Nick and Maria Capaldi. His brother Phil, born February 1, 1949, also plays drums professionally as a full-time member of &#8220;Joe Brown&#8217;s Bruvvers.&#8221;<\/div>\n<p>&nbsp;<\/p>\n<div dir=\"auto\"><\/div>\n<\/div>\n<div class=\"cxmmr5t8 oygrvhab hcukyx3x c1et5uql o9v6fnle ii04i59q\" style=\"text-align: justify;\">\n<div dir=\"auto\">Jim Capaldi&#8217;s musical career spanned more than four decades. He co-founded &#8220;Traffic&#8221; in Birmingham with Steve Winwood and the band&#8217;s psychedelic rock was very influential in the United Kingdom and the United States of America. Capaldi and Winwood wrote many of the greatest hits for &#8220;Traffic&#8221; and most of the songs on the band&#8217;s 10 albums.<\/div>\n<p>&nbsp;<\/p>\n<div dir=\"auto\"><\/div>\n<\/div>\n<div class=\"cxmmr5t8 oygrvhab hcukyx3x c1et5uql o9v6fnle ii04i59q\" style=\"text-align: justify;\">\n<div dir=\"auto\"><strong>Discografia<\/strong><\/div>\n<p>&nbsp;<\/p>\n<div dir=\"auto\"><\/div>\n<\/div>\n<div class=\"cxmmr5t8 oygrvhab hcukyx3x c1et5uql o9v6fnle ii04i59q\" style=\"text-align: justify;\">\n<div dir=\"auto\">\n<table width=\"561\">\n<tbody>\n<tr>\n<td style=\"text-align: center;\" width=\"127\"><strong>Genero Rock, Funk \/ Soul<\/strong><\/td>\n<td style=\"text-align: center;\" width=\"319\"><strong>Escuchar Tema<\/strong><\/td>\n<td style=\"text-align: center;\" width=\"115\"><strong>A\u00f1o de Publicacion<\/strong><\/td>\n<\/tr>\n<tr>\n<td>1<\/td>\n<td>Old Photographs<\/td>\n<td>1981<\/td>\n<\/tr>\n<tr>\n<td>2<\/td>\n<td>That&#8217;s Love<\/td>\n<td>1983<\/td>\n<\/tr>\n<tr>\n<td>3<\/td>\n<td>Love Hurts<\/td>\n<td>1975<\/td>\n<\/tr>\n<tr>\n<td>4<\/td>\n<td>Eve<\/td>\n<td>1972<\/td>\n<\/tr>\n<tr>\n<td>5<\/td>\n<td>Living on the Edge<\/td>\n<td>1983<\/td>\n<\/tr>\n<tr>\n<td>6<\/td>\n<td>It&#8217;s All Up to You<\/td>\n<td>1975<\/td>\n<\/tr>\n<tr>\n<td>7<\/td>\n<td>Favela Music<\/td>\n<td>1981<\/td>\n<\/tr>\n<tr>\n<td>8<\/td>\n<td>It&#8217;s All Right<\/td>\n<td>1974<\/td>\n<\/tr>\n<tr>\n<td>9<\/td>\n<td>Empty Pages<\/td>\n<td>1970<\/td>\n<\/tr>\n<tr>\n<td>10<\/td>\n<td>Tonight You&#8217;re Mine<\/td>\n<td>1983<\/td>\n<\/tr>\n<tr>\n<td><\/td>\n<td><\/td>\n<td><\/td>\n<\/tr>\n<\/tbody>\n<\/table>\n<\/div>\n<div dir=\"auto\"><\/div>\n<\/div>\n<div class=\"cxmmr5t8 oygrvhab hcukyx3x c1et5uql o9v6fnle ii04i59q\" style=\"text-align: justify;\">\n<div dir=\"auto\">Cr\u00e9ditos: Tomado de Wikipedia<\/div>\n<div dir=\"auto\"><a class=\"oajrlxb2 g5ia77u1 qu0x051f esr5mh6w e9989ue4 r7d6kgcz rq0escxv nhd2j8a9 nc684nl6 p7hjln8o kvgmc6g5 cxmmr5t8 oygrvhab hcukyx3x jb3vyjys rz4wbd8a qt6c0cv9 a8nywdso i1ao9s8h esuyzwwr f1sip0of lzcic4wl gpro0wi8 py34i1dx\" tabindex=\"0\" role=\"link\" href=\"https:\/\/es.wikipedia.org\/wiki\/Jim_Capaldi?fbclid=IwAR1iHyIQHzqE5vQZIxtW1Qo9jAX300c7DBC1NT7LW78Nj82UJdUoyS4aQp4\" target=\"_blank\" rel=\"nofollow noopener\">https:\/\/es.wikipedia.org\/wiki\/Jim_Capaldi<\/a><\/div>\n<\/div>\n<div class=\"epyt-video-wrapper\"><iframe loading=\"lazy\"  id=\"_ytid_50722\"  width=\"618\" height=\"347\"  data-origwidth=\"618\" data-origheight=\"347\" src=\"https:\/\/www.youtube.com\/embed\/kezUZylbxvU?enablejsapi=1&#038;autoplay=0&#038;cc_load_policy=0&#038;cc_lang_pref=&#038;iv_load_policy=1&#038;loop=0&#038;modestbranding=0&#038;rel=1&#038;fs=1&#038;playsinline=0&#038;autohide=2&#038;theme=dark&#038;color=red&#038;controls=1&#038;\" class=\"__youtube_prefs__  epyt-is-override  no-lazyload\" title=\"YouTube player\"  allow=\"fullscreen; accelerometer; autoplay; clipboard-write; encrypted-media; gyroscope; picture-in-picture\" allowfullscreen data-no-lazy=\"1\" data-skipgform_ajax_framebjll=\"\"><\/iframe><\/div>\n","protected":false},"excerpt":{"rendered":"<p>&nbsp; Fecha de Nacimiento: 2 de agosto de 1944 &nbsp; Fecha de Fallecimiento: 28 de enero de 2005 &nbsp; Biograf\u00eda: &nbsp; Nicola James &#8220;Jim&#8221; Capaldi (2 de agosto de 1944 &#8211; 28 de enero de 2005) fue un m\u00fasico y compositor ingl\u00e9s fundador de la banda &#8220;Traffic&#8221;. Toc\u00f3 la bater\u00eda con varios cantantes y m\u00fasicos &hellip;<\/p>\n","protected":false},"author":1,"featured_media":0,"parent":0,"menu_order":0,"comment_status":"closed","ping_status":"closed","template":"","meta":{"footnotes":""},"class_list":["post-28589","page","type-page","status-publish",""],"jetpack_sharing_enabled":true,"_links":{"self":[{"href":"http:\/\/mickyandoniehn.com\/radio\/wp-json\/wp\/v2\/pages\/28589","targetHints":{"allow":["GET"]}}],"collection":[{"href":"http:\/\/mickyandoniehn.com\/radio\/wp-json\/wp\/v2\/pages"}],"about":[{"href":"http:\/\/mickyandoniehn.com\/radio\/wp-json\/wp\/v2\/types\/page"}],"author":[{"embeddable":true,"href":"http:\/\/mickyandoniehn.com\/radio\/wp-json\/wp\/v2\/users\/1"}],"replies":[{"embeddable":true,"href":"http:\/\/mickyandoniehn.com\/radio\/wp-json\/wp\/v2\/comments?post=28589"}],"version-history":[{"count":2,"href":"http:\/\/mickyandoniehn.com\/radio\/wp-json\/wp\/v2\/pages\/28589\/revisions"}],"predecessor-version":[{"id":30289,"href":"http:\/\/mickyandoniehn.com\/radio\/wp-json\/wp\/v2\/pages\/28589\/revisions\/30289"}],"wp:attachment":[{"href":"http:\/\/mickyandoniehn.com\/radio\/wp-json\/wp\/v2\/media?parent=28589"}],"curies":[{"name":"wp","href":"https:\/\/api.w.org\/{rel}","templated":true}]}}