{"id":28587,"date":"2022-08-26T10:40:35","date_gmt":"2022-08-26T16:40:35","guid":{"rendered":"https:\/\/mickyandoniehn.com\/radio\/?page_id=28587"},"modified":"2022-09-01T12:20:09","modified_gmt":"2022-09-01T18:20:09","slug":"walter-scharf","status":"publish","type":"page","link":"http:\/\/mickyandoniehn.com\/radio\/walter-scharf\/","title":{"rendered":"Walter Scharf"},"content":{"rendered":"<p style=\"text-align: justify;\"><img loading=\"lazy\" decoding=\"async\" class=\"wp-image-23055 aligncenter\" src=\"http:\/\/mickyandoniehn.com\/radio\/wp-content\/uploads\/2022\/07\/Scharf-Walter-250x300.jpg\" alt=\"\" width=\"637\" height=\"765\" srcset=\"http:\/\/mickyandoniehn.com\/radio\/wp-content\/uploads\/2022\/07\/Scharf-Walter-250x300.jpg 250w, http:\/\/mickyandoniehn.com\/radio\/wp-content\/uploads\/2022\/07\/Scharf-Walter.jpg 500w\" sizes=\"auto, (max-width: 637px) 100vw, 637px\" \/><\/p>\n<p>&nbsp;<\/p>\n<div class=\"cxmmr5t8 oygrvhab hcukyx3x c1et5uql o9v6fnle\" style=\"text-align: justify;\">\n<div dir=\"auto\"><strong>Fecha de Nacimiento:<\/strong> 1 de agosto de 1910<\/div>\n<p>&nbsp;<\/p>\n<div dir=\"auto\"><\/div>\n<div dir=\"auto\"><strong>Fecha de Fallecimiento:<\/strong> 24 de febrero de 2003<\/div>\n<p>&nbsp;<\/p>\n<div dir=\"auto\"><\/div>\n<\/div>\n<div class=\"cxmmr5t8 oygrvhab hcukyx3x c1et5uql o9v6fnle\" style=\"text-align: justify;\">\n<div dir=\"auto\"><strong>Biograf\u00eda:<\/strong><\/div>\n<p>&nbsp;<\/p>\n<div dir=\"auto\"><\/div>\n<div dir=\"auto\">Nacido en Manhattan , era hijo de la comediante de teatro yiddish Bessie Zwerling . Mientras que en sus 20 a\u00f1os, fue uno de los orquestadores de George Gershwin &#8216;s Broadway musical Girl Crazy ,se convirti\u00f3 en la cantante Helen Morgan &#8216; s acompa\u00f1ante, y m\u00e1s tarde trabaj\u00f3 como pianista y arreglista para el cantante Rudy Vallee .<\/div>\n<p>&nbsp;<\/p>\n<div dir=\"auto\"><\/div>\n<\/div>\n<div class=\"cxmmr5t8 oygrvhab hcukyx3x c1et5uql o9v6fnle\" style=\"text-align: justify;\">\n<div dir=\"auto\">Comenz\u00f3 a trabajar en Hollywood en 1933, haciendo arreglos para Al Jolson en Warner Bros. , Alice Faye en 20th Century-Fox y Bing Crosby en Paramount . Orquest\u00f3 la versi\u00f3n original de Irving Berlin &#8216;s White Christmas para la pel\u00edcula Holiday Inn (1942), y de 1942 a 1946 se desempe\u00f1\u00f3 como director de m\u00fasica para Fotos Rep\u00fablica.<\/div>\n<\/div>\n<p>&nbsp;<\/p>\n<div class=\"cxmmr5t8 oygrvhab hcukyx3x c1et5uql o9v6fnle\" style=\"text-align: justify;\">\n<div dir=\"auto\">De 1948 a 1954, Scharf fue arreglista y directora del programa de radio Phil Harris- Alice Faye.<\/div>\n<div dir=\"auto\"><\/div>\n<p>&nbsp;<\/p>\n<\/div>\n<div class=\"cxmmr5t8 oygrvhab hcukyx3x c1et5uql o9v6fnle\" style=\"text-align: justify;\">\n<div dir=\"auto\">Un tiempo de diez Oscar nominado, Scharf trabaj\u00f3 en m\u00e1s de 100 pel\u00edculas, recibiendo nominaciones por su direcci\u00f3n musical en tales im\u00e1genes como Danny Kaye &#8216;s Christian Andersen, Hans (1952), Barbra Streisand &#8216; s Funny Girl (1968) y Willy Wonka y la F\u00e1brica de chocolate (1971).<\/div>\n<p>&nbsp;<\/p>\n<div dir=\"auto\"><\/div>\n<\/div>\n<div class=\"cxmmr5t8 oygrvhab hcukyx3x c1et5uql o9v6fnle\" style=\"text-align: justify;\">\n<div dir=\"auto\">A principios de la d\u00e9cada de 1960, Harold Lloyd se acerc\u00f3 a \u00e9l para que proporcionara nuevas partituras para sus compilaciones de pel\u00edculas mudas. Lloyd consider\u00f3 la capacidad de Scharf para mezclar temas de comedia con toques orquestales grandes y dram\u00e1ticos como ideal para su tipo de comedia &#8220;emocionante&#8221;.<\/div>\n<p>&nbsp;<\/p>\n<div dir=\"auto\"><\/div>\n<\/div>\n<div class=\"cxmmr5t8 oygrvhab hcukyx3x c1et5uql o9v6fnle\" style=\"text-align: justify;\">\n<div dir=\"auto\">Scharf implement\u00f3 un estilo similar para la comedia inspirada en Jerry Lewis Jekyll y Hyde The Nutty Professor en (1963), trabajando en m\u00e1s de una docena de comedias de Lewis en total. Trabaj\u00f3 en tres pel\u00edculas de Elvis Presley, incluyendo Loving You (1957) y King Creole (1958), y con el letrista Don Black , escribi\u00f3 el exitoso sencillo de Michael Jackson de la pel\u00edcula Ben (1972), que le vali\u00f3 un Globo de Oro ; y anot\u00f3 la popular Walking Tall (1973) y sus dos secuelas. En 1973, \u00e9l y Don Black escribieron la m\u00fasica y la letra del musical de Londres. Quiz\u00e1s ese sea tu problema (libro de Lionel Chetwynd).<\/div>\n<p>&nbsp;<\/p>\n<div dir=\"auto\"><\/div>\n<\/div>\n<div class=\"cxmmr5t8 oygrvhab hcukyx3x c1et5uql o9v6fnle\" style=\"text-align: justify;\">\n<div dir=\"auto\">Scharf compuso m\u00fasica para docenas de dramas de televisi\u00f3n, incluidos Ben Casey , The Man from UNCLE , Mission: Impossible y la miniserie de 1979 From Here to Eternity y Blind Ambition , aunque se hizo mejor conocido por su m\u00fasica para la National Geographic Society y The Undersea World. de los documentales de Jacques Cousteau , que compuso entre 1965 y 1975. Recibi\u00f3 dos premios Emmy por la serie Cousteau, en 1970 y 1974, y compuso una obra sinf\u00f3nica original, The Legend of the Living Sea , para una exhibici\u00f3n en el museo Cousteau a bordo del RMS Queen Mary en 1971.<\/div>\n<p>&nbsp;<\/p>\n<div dir=\"auto\"><\/div>\n<\/div>\n<div class=\"cxmmr5t8 oygrvhab hcukyx3x c1et5uql o9v6fnle\" style=\"text-align: justify;\">\n<div dir=\"auto\">El trabajo inicial de Scharf para la sala de conciertos fue The Palestine Suite , escrito en 1945 y presentado en el Hollywood Bowl bajo la direcci\u00f3n de Leopold Stokowski . Despu\u00e9s de retirarse del cine y la televisi\u00f3n en la d\u00e9cada de 1980, volvi\u00f3 a escribir conciertos, en particular con The Tree Still Stands: A Symphonic Portrait of the Stages of a Hebraic Man , encargado por Stephen S. Wise Temple y estrenado en 1989, y la Suite Israel\u00ed de 1993 . Tambi\u00e9n escribi\u00f3 una \u00f3pera no producido sobre la base de Norman Corwin Es El plan para derrocar Navidad .<\/div>\n<p>&nbsp;<\/p>\n<\/div>\n<div class=\"cxmmr5t8 oygrvhab hcukyx3x c1et5uql o9v6fnle\" style=\"text-align: justify;\">\n<div dir=\"auto\">Scharf muri\u00f3 de insuficiencia card\u00edaca en su casa del barrio Brentwood de Los \u00c1ngeles, a la edad de 92 a\u00f1os.<\/div>\n<p>&nbsp;<\/p>\n<div dir=\"auto\"><\/div>\n<\/div>\n<div class=\"cxmmr5t8 oygrvhab hcukyx3x c1et5uql o9v6fnle\" style=\"text-align: justify;\">\n<div dir=\"auto\"><strong>Wikipedia in English<\/strong><\/div>\n<p>&nbsp;<\/p>\n<div dir=\"auto\"><\/div>\n<\/div>\n<div class=\"cxmmr5t8 oygrvhab hcukyx3x c1et5uql o9v6fnle\" style=\"text-align: justify;\">\n<div dir=\"auto\"><strong>Date of Birth:<\/strong> August 1, 1910<\/div>\n<p>&nbsp;<\/p>\n<div dir=\"auto\"><\/div>\n<div dir=\"auto\"><strong>Date of Death:<\/strong> February 24, 2003<\/div>\n<p>&nbsp;<\/p>\n<div dir=\"auto\"><\/div>\n<\/div>\n<div class=\"cxmmr5t8 oygrvhab hcukyx3x c1et5uql o9v6fnle\" style=\"text-align: justify;\">\n<div dir=\"auto\"><strong>Biography:<\/strong><\/div>\n<p>&nbsp;<\/p>\n<div dir=\"auto\"><\/div>\n<div dir=\"auto\">Born in Manhattan, he was the son of Yiddish stage comedian Bessie Zwerling. While in his early 20s, he was one of the orchestrators of George Gershwin&#8217;s Broadway musical Girl Crazy, he became singer Helen Morgan&#8217;s accompanist, and later worked as a pianist and arranger for singer Rudy Vallee.<\/div>\n<p>&nbsp;<\/p>\n<div dir=\"auto\"><\/div>\n<\/div>\n<div class=\"cxmmr5t8 oygrvhab hcukyx3x c1et5uql o9v6fnle\" style=\"text-align: justify;\">\n<div dir=\"auto\">He began working in Hollywood in 1933, arranging for Al Jolson at Warner Bros., Alice Faye at 20th Century-Fox, and Bing Crosby at Paramount. He orchestrated the original version of Irving Berlin&#8217;s White Christmas for the film Holiday Inn (1942), and from 1942 to 1946 he served as music director for Republic Photos.<\/div>\n<p>&nbsp;<\/p>\n<\/div>\n<div class=\"cxmmr5t8 oygrvhab hcukyx3x c1et5uql o9v6fnle\" style=\"text-align: justify;\">\n<div dir=\"auto\">From 1948 to 1954, Scharf was the arranger and director of the Phil Harris-Alice Faye radio show.<\/div>\n<p>&nbsp;<\/p>\n<div dir=\"auto\"><\/div>\n<\/div>\n<div class=\"cxmmr5t8 oygrvhab hcukyx3x c1et5uql o9v6fnle\" style=\"text-align: justify;\">\n<div dir=\"auto\">A ten-time Oscar nominee, Scharf worked on more than 100 films, receiving nominations for his musical direction in such pictures as Danny Kaye&#8217;s Christian Andersen, Hans (1952), Barbra Streisand&#8217;s Funny Girl (1968) and Willy Wonka and the Chocolate Factory (1971).<\/div>\n<div dir=\"auto\"><\/div>\n<\/div>\n<div class=\"cxmmr5t8 oygrvhab hcukyx3x c1et5uql o9v6fnle\" style=\"text-align: justify;\">\n<div dir=\"auto\">In the early 1960s, he was approached by Harold Lloyd to provide new scores for his silent film compilations. Lloyd consideres Scharf&#8217;s ability to mix comedy themes with big and dramatic orchestral touches as ideal for his &#8220;thrilling&#8221; kind of comedy.<\/div>\n<p>&nbsp;<\/p>\n<div dir=\"auto\"><\/div>\n<\/div>\n<div class=\"cxmmr5t8 oygrvhab hcukyx3x c1et5uql o9v6fnle\" style=\"text-align: justify;\">\n<div dir=\"auto\">Scharf implemented a similar style for the Jerry Lewis Jekyll and Hyde-inspired comedy The Nutty Professor in (1963), working on more than a dozen Lewis comedies in all. He worked on three Elvis Presley films, including Loving You (1957) and King Creole (1958), and with lyricist Don Black, wrote Michael Jackson&#8217;s hit single from the film Ben (1972), which earned him a Golden Globe. ; and scored the popular Walking Tall (1973) and its two sequels. In 1973, he and Don Black wrote the music and lyrics for the London musical Maybe That&#8217;s Your Problem (Lionel Chetwynd&#8217;s book).<\/div>\n<p>&nbsp;<\/p>\n<\/div>\n<div class=\"cxmmr5t8 oygrvhab hcukyx3x c1et5uql o9v6fnle\" style=\"text-align: justify;\">\n<div dir=\"auto\">Scharf composed music for dozens of television dramas, including Ben Casey, The Man from UNCLE, Mission: Impossible, and the 1979 miniseries From Here to Eternity and Blind Ambition, although he became best known for his music for the National Geographic Society and The Undersea World. of Jacques Cousteau&#8217;s documentaries, which he composed between 1965 and 1975. He received two Emmy Awards for the Cousteau series, in 1970 and 1974, and composed an original symphonic work, The Legend of the Living Sea, for an exhibition at the Cousteau museum a aboard the RMS Queen Mary in 1971.<\/div>\n<p>&nbsp;<\/p>\n<div dir=\"auto\"><\/div>\n<\/div>\n<div class=\"cxmmr5t8 oygrvhab hcukyx3x c1et5uql o9v6fnle\" style=\"text-align: justify;\">\n<div dir=\"auto\">Scharf&#8217;s initial work for the concert hall was The Palestine Suite, written in 1945 and presented at the Hollywood Bowl under the direction of Leopold Stokowski. After retiring from film and television in the 1980s, he returned to writing concerts, notably with The Tree Still Stands: A Symphonic Portrait of the Stages of a Hebraic Man, commissioned by Stephen S. Wise Temple and released in 1989, [1] and the Israeli Suite from 1993. He also wrote an unproduced opera based on Norman Corwin&#8217;s The Plan to Overthrow Christmas.<\/div>\n<p>&nbsp;<\/p>\n<\/div>\n<div class=\"cxmmr5t8 oygrvhab hcukyx3x c1et5uql o9v6fnle\" style=\"text-align: justify;\">\n<div dir=\"auto\">Scharf died of heart failure at his home in the Brentwood neighborhood of Los Angeles at the age of 92.<\/div>\n<p>&nbsp;<\/p>\n<div dir=\"auto\"><\/div>\n<\/div>\n<div class=\"cxmmr5t8 oygrvhab hcukyx3x c1et5uql o9v6fnle\" style=\"text-align: justify;\">\n<div dir=\"auto\"><strong>Filmography<\/strong><\/div>\n<p>&nbsp;<\/p>\n<div dir=\"auto\"><\/div>\n<\/div>\n<div class=\"cxmmr5t8 oygrvhab hcukyx3x c1et5uql o9v6fnle\" style=\"text-align: justify;\"><\/div>\n<div dir=\"auto\" style=\"text-align: justify;\">\n<table width=\"413\">\n<tbody>\n<tr>\n<td style=\"text-align: center;\" width=\"48\"><strong>N\u00b0<\/strong><\/td>\n<td style=\"text-align: center;\" width=\"237\"><strong>Ver<\/strong><\/td>\n<td style=\"text-align: center;\" width=\"128\"><strong>A\u00f1o de Publicaci\u00f3n<\/strong><\/td>\n<\/tr>\n<tr>\n<td><\/td>\n<td><\/td>\n<td><\/td>\n<\/tr>\n<tr>\n<td>1<\/td>\n<td>Josette (1938)<\/td>\n<td>1938<\/td>\n<\/tr>\n<tr>\n<td>2<\/td>\n<td>Hit Parade<\/td>\n<td>1940<\/td>\n<\/tr>\n<tr>\n<td>3<\/td>\n<td>Pulgares arriba<\/td>\n<td>1943<\/td>\n<\/tr>\n<tr>\n<td>4<\/td>\n<td>Alguien para recordar<\/td>\n<td>1943<\/td>\n<\/tr>\n<tr>\n<td>5<\/td>\n<td>En el viejo Oklahoma<\/td>\n<td>1943<\/td>\n<\/tr>\n<tr>\n<td>6<\/td>\n<td>Las abejas que luchan<\/td>\n<td>1944<\/td>\n<\/tr>\n<tr>\n<td>7<\/td>\n<td>La dama y el monstruo<\/td>\n<td><\/td>\n<\/tr>\n<tr>\n<td>8<\/td>\n<td>Atlantic City<\/td>\n<td>1944<\/td>\n<\/tr>\n<tr>\n<td>9<\/td>\n<td>Serenata de Lake Placid<\/td>\n<td>1944<\/td>\n<\/tr>\n<tr>\n<td>10<\/td>\n<td>Vanidades de Earl Carroll<\/td>\n<td>1945<\/td>\n<\/tr>\n<tr>\n<td>11<\/td>\n<td>Los tramposos<\/td>\n<td>1945<\/td>\n<\/tr>\n<tr>\n<td>12<\/td>\n<td>Mexicana<\/td>\n<td>1945<\/td>\n<\/tr>\n<tr>\n<td>13<\/td>\n<td>Dakota<\/td>\n<td>1945<\/td>\n<\/tr>\n<tr>\n<td>14<\/td>\n<td>Casbah<\/td>\n<td>1948<\/td>\n<\/tr>\n<tr>\n<td>15<\/td>\n<td>El encanto saj\u00f3n<\/td>\n<td>1948<\/td>\n<\/tr>\n<tr>\n<td>16<\/td>\n<td>Ciudad al otro lado del r\u00edo<\/td>\n<td>1949<\/td>\n<\/tr>\n<tr>\n<td>17<\/td>\n<td>Ca\u00f1\u00f3n rojo<\/td>\n<td>1949<\/td>\n<\/tr>\n<tr>\n<td>18<\/td>\n<td>Da un paso en falso<\/td>\n<td>1949<\/td>\n<\/tr>\n<tr>\n<td>19<\/td>\n<td>S\u00ed se\u00f1or, ese es mi beb\u00e9<\/td>\n<td>1949<\/td>\n<\/tr>\n<tr>\n<td>20<\/td>\n<td>La chica del bucanero<\/td>\n<td>1950<\/td>\n<\/tr>\n<tr>\n<td>21<\/td>\n<td>Sierra<\/td>\n<td>1950<\/td>\n<\/tr>\n<tr>\n<td>22<\/td>\n<td>Pecador de los mares del sur<\/td>\n<td>1950<\/td>\n<\/tr>\n<tr>\n<td>23<\/td>\n<td>Deportado<\/td>\n<td>1950<\/td>\n<\/tr>\n<tr>\n<td>24<\/td>\n<td>El buf\u00f3n de la corte<\/td>\n<td>1955<\/td>\n<\/tr>\n<tr>\n<td>25<\/td>\n<td>Tabla de tiempo<\/td>\n<td>1956<\/td>\n<\/tr>\n<tr>\n<td>26<\/td>\n<td>Tres personas violentas<\/td>\n<td>1957<\/td>\n<\/tr>\n<tr>\n<td>27<\/td>\n<td>El Joker es salvaje<\/td>\n<td>1957<\/td>\n<\/tr>\n<tr>\n<td>28<\/td>\n<td>El chico geisha<\/td>\n<td>1958<\/td>\n<\/tr>\n<tr>\n<td>29<\/td>\n<td>No renuncies al barco<\/td>\n<td>1959<\/td>\n<\/tr>\n<tr>\n<td>30<\/td>\n<td>El botones<\/td>\n<td>1960<\/td>\n<\/tr>\n<tr>\n<td>31<\/td>\n<td>Cinderfella<\/td>\n<td>1960<\/td>\n<\/tr>\n<tr>\n<td>32<\/td>\n<td>El hombre de las dama<\/td>\n<td>1961<\/td>\n<\/tr>\n<tr>\n<td>33<\/td>\n<td>El chico de los recados<\/td>\n<td>1961<\/td>\n<\/tr>\n<tr>\n<td>34<\/td>\n<td>Es solo dinero<\/td>\n<td>1962<\/td>\n<\/tr>\n<tr>\n<td>35<\/td>\n<td>Mis seis amores<\/td>\n<td>1963<\/td>\n<\/tr>\n<tr>\n<td>36<\/td>\n<td>El profesor chiflado<\/td>\n<td>1963<\/td>\n<\/tr>\n<tr>\n<td>37<\/td>\n<td>Hotel de luna de miel<\/td>\n<td>1964<\/td>\n<\/tr>\n<tr>\n<td>38<\/td>\n<td>Donde el amor se ha ido<\/td>\n<td>1964<\/td>\n<\/tr>\n<tr>\n<td>39<\/td>\n<td>Chica divertida<\/td>\n<td>1968<\/td>\n<\/tr>\n<tr>\n<td>40<\/td>\n<td>P\u00e9ndulo<\/td>\n<td>1969<\/td>\n<\/tr>\n<tr>\n<td>41<\/td>\n<td>Si es martes, esto debe ser B\u00e9lgica<\/td>\n<td>1969<\/td>\n<\/tr>\n<tr>\n<td>42<\/td>\n<td>El Cheyenne Social Club<\/td>\n<td>1970<\/td>\n<\/tr>\n<tr>\n<td>43<\/td>\n<td>Willy Wonka y la f\u00e1brica de chocolate<\/td>\n<td>1971<\/td>\n<\/tr>\n<tr>\n<td>44<\/td>\n<td>Ben<\/td>\n<td>1972<\/td>\n<\/tr>\n<tr>\n<td>45<\/td>\n<td>Caminando alto<\/td>\n<td>1973<\/td>\n<\/tr>\n<tr>\n<td>46<\/td>\n<td>Caminando alto parte 2<\/td>\n<td>1975<\/td>\n<\/tr>\n<tr>\n<td>47<\/td>\n<td>Walking Tall: Cap\u00edtulo final<\/td>\n<td>1977<\/td>\n<\/tr>\n<tr>\n<td>48<\/td>\n<td>Cuando todos los d\u00edas eran cuatro de julio<\/td>\n<td>1978<\/td>\n<\/tr>\n<tr>\n<td>49<\/td>\n<td>El esc\u00e1ndalo del incendio de Triangle Factory<\/td>\n<td>1979<\/td>\n<\/tr>\n<tr>\n<td>50<\/td>\n<td>La guerra de Scarlett O&#8217;H<\/td>\n<td>1980<\/td>\n<\/tr>\n<tr>\n<td>51<\/td>\n<td>La hora del crep\u00fasculo<\/td>\n<td>1982<\/td>\n<\/tr>\n<tr>\n<td><\/td>\n<td><\/td>\n<td><\/td>\n<\/tr>\n<\/tbody>\n<\/table>\n<p>&nbsp;<\/p>\n<\/div>\n<div class=\"cxmmr5t8 oygrvhab hcukyx3x c1et5uql o9v6fnle\" style=\"text-align: justify;\">\n<div dir=\"auto\">Cr\u00e9ditos: Tomado de Wikipedia<\/div>\n<div dir=\"auto\"><a class=\"oajrlxb2 g5ia77u1 qu0x051f esr5mh6w e9989ue4 r7d6kgcz rq0escxv nhd2j8a9 nc684nl6 p7hjln8o kvgmc6g5 cxmmr5t8 oygrvhab hcukyx3x jb3vyjys rz4wbd8a qt6c0cv9 a8nywdso i1ao9s8h esuyzwwr f1sip0of lzcic4wl gpro0wi8 py34i1dx\" tabindex=\"0\" role=\"link\" href=\"https:\/\/en.wikipedia.org\/wiki\/Walter_Scharf?fbclid=IwAR3fND2ZRZTxdLUDKlIQjtkJ6GoK1-uUVncrCf0M4yf2frKMby5ZhkKtlhM\" target=\"_blank\" rel=\"nofollow noopener\">https:\/\/en.wikipedia.org\/wiki\/Walter_Scharf<\/a><\/div>\n<\/div>\n<div class=\"epyt-video-wrapper\"><iframe loading=\"lazy\"  id=\"_ytid_47204\"  width=\"618\" height=\"347\"  data-origwidth=\"618\" data-origheight=\"347\" src=\"https:\/\/www.youtube.com\/embed\/S2RJ-2kHz94?enablejsapi=1&#038;autoplay=0&#038;cc_load_policy=0&#038;cc_lang_pref=&#038;iv_load_policy=1&#038;loop=0&#038;modestbranding=0&#038;rel=1&#038;fs=1&#038;playsinline=0&#038;autohide=2&#038;theme=dark&#038;color=red&#038;controls=1&#038;\" class=\"__youtube_prefs__  epyt-is-override  no-lazyload\" title=\"YouTube player\"  allow=\"fullscreen; accelerometer; autoplay; clipboard-write; encrypted-media; gyroscope; picture-in-picture\" allowfullscreen data-no-lazy=\"1\" data-skipgform_ajax_framebjll=\"\"><\/iframe><\/div>\n","protected":false},"excerpt":{"rendered":"<p>&nbsp; Fecha de Nacimiento: 1 de agosto de 1910 &nbsp; Fecha de Fallecimiento: 24 de febrero de 2003 &nbsp; Biograf\u00eda: &nbsp; Nacido en Manhattan , era hijo de la comediante de teatro yiddish Bessie Zwerling . Mientras que en sus 20 a\u00f1os, fue uno de los orquestadores de George Gershwin &#8216;s Broadway musical Girl Crazy &hellip;<\/p>\n","protected":false},"author":1,"featured_media":0,"parent":0,"menu_order":0,"comment_status":"closed","ping_status":"closed","template":"","meta":{"footnotes":""},"class_list":["post-28587","page","type-page","status-publish",""],"jetpack_sharing_enabled":true,"_links":{"self":[{"href":"http:\/\/mickyandoniehn.com\/radio\/wp-json\/wp\/v2\/pages\/28587","targetHints":{"allow":["GET"]}}],"collection":[{"href":"http:\/\/mickyandoniehn.com\/radio\/wp-json\/wp\/v2\/pages"}],"about":[{"href":"http:\/\/mickyandoniehn.com\/radio\/wp-json\/wp\/v2\/types\/page"}],"author":[{"embeddable":true,"href":"http:\/\/mickyandoniehn.com\/radio\/wp-json\/wp\/v2\/users\/1"}],"replies":[{"embeddable":true,"href":"http:\/\/mickyandoniehn.com\/radio\/wp-json\/wp\/v2\/comments?post=28587"}],"version-history":[{"count":3,"href":"http:\/\/mickyandoniehn.com\/radio\/wp-json\/wp\/v2\/pages\/28587\/revisions"}],"predecessor-version":[{"id":30558,"href":"http:\/\/mickyandoniehn.com\/radio\/wp-json\/wp\/v2\/pages\/28587\/revisions\/30558"}],"wp:attachment":[{"href":"http:\/\/mickyandoniehn.com\/radio\/wp-json\/wp\/v2\/media?parent=28587"}],"curies":[{"name":"wp","href":"https:\/\/api.w.org\/{rel}","templated":true}]}}