{"id":28573,"date":"2022-08-26T10:35:28","date_gmt":"2022-08-26T16:35:28","guid":{"rendered":"https:\/\/mickyandoniehn.com\/radio\/?page_id=28573"},"modified":"2024-07-23T08:48:06","modified_gmt":"2024-07-23T14:48:06","slug":"illan-chester","status":"publish","type":"page","link":"http:\/\/mickyandoniehn.com\/radio\/illan-chester\/","title":{"rendered":"Illan Chester"},"content":{"rendered":"<p style=\"text-align: justify;\"><img loading=\"lazy\" decoding=\"async\" class=\" wp-image-73719 aligncenter\" src=\"http:\/\/mickyandoniehn.com\/radio\/wp-content\/uploads\/2023\/07\/Illan-Chester-300x300.webp\" alt=\"\" width=\"509\" height=\"509\" srcset=\"http:\/\/mickyandoniehn.com\/radio\/wp-content\/uploads\/2023\/07\/Illan-Chester-300x300.webp 300w, http:\/\/mickyandoniehn.com\/radio\/wp-content\/uploads\/2023\/07\/Illan-Chester-150x150.webp 150w, http:\/\/mickyandoniehn.com\/radio\/wp-content\/uploads\/2023\/07\/Illan-Chester-768x768.webp 768w, http:\/\/mickyandoniehn.com\/radio\/wp-content\/uploads\/2023\/07\/Illan-Chester.webp 800w\" sizes=\"auto, (max-width: 509px) 100vw, 509px\" \/><\/p>\n<p>&nbsp;<\/p>\n<p style=\"text-align: justify;\"><strong>Fecha de Nacimiento: <\/strong>30 de julio de 1952 (Edad: 67)<\/p>\n<p>&nbsp;<\/p>\n<p style=\"text-align: justify;\"><b>Biograf\u00eda<\/b><\/p>\n<p>&nbsp;<\/p>\n<p style=\"text-align: justify;\">Ilan Czenstochowski Schaechter\u00a0(Jaffa; 30 de julio de\u00a01952), conocido simplemente como\u00a0Ilan Chester, es un m\u00fasico y cantautor\u00a0israel\u00ed. Entre sus influencias musicales, adem\u00e1s de la\u00a0m\u00fasica cl\u00e1sica, canciones tradicionales jud\u00edas, francesas e italianas, se cuentan tendencias como el\u00a0bolero, la m\u00fasica del Caribe, el\u00a0<em>blues<\/em>, el\u00a0<em>rock and roll<\/em>\u00a0y la m\u00fasica negra estadounidense; destac\u00e1ndose la influencia de artistas como\u00a0Tito Rodr\u00edguez\u00a0y los\u00a0Beatles. A pesar de haberse formado art\u00edstica e intelectualmente en\u00a0Caracas, actualmente reside en\u00a0Miami, Estados Unidos<\/p>\n<p>&nbsp;<\/p>\n<p style=\"text-align: justify;\">Ilan Chester, ganador del premio Grammy Latino en 2010, nacido en Israel y criado en Venezuela, es un m\u00fasico, cantante y compositor de m\u00faltiples talentos con m\u00e1s de 35 producciones musicales que ha incorporado una gama global de influencias en su m\u00fasica. Chester creci\u00f3 con las melod\u00edas jud\u00edas, francesas e italianas que escuchaba de ni\u00f1o en casa y luego se enamor\u00f3 por igual del R&amp;B americano (Ray Charles, Stevie Wonder) y del rock brit\u00e1nico (Beatles, s\u00ed, Jethro Tull).<\/p>\n<p>&nbsp;<\/p>\n<p style=\"text-align: justify;\">A la edad de 19 a\u00f1os, en 1971 conoci\u00f3 por primera vez a los devotos de Hare Krishna y dos a\u00f1os m\u00e1s tarde fue iniciado y recibi\u00f3 el nombre espiritual de Havi Das por parte de su maestro espiritual A.C. Bhaktivedanta Swami Prabhupada. Chester ha declarado que &#8216;la conciencia de Krishna es y siempre ha sido mi verdadera fuente de inspiraci\u00f3n. Es el amor que se encuentra en los corazones de los devotos por Krishna lo que me ha motivado a escribir canciones.&#8217; \u00c9l y su familia siguen siendo practicantes activos de la tradici\u00f3n Vaishnava Bhakti.<\/p>\n<p>&nbsp;<\/p>\n<p style=\"text-align: justify;\">Su m\u00fasica ha crecido para incluir elementos de m\u00fasica cl\u00e1sica, jazz, afrocaribe\u00f1a y m\u00fasica folcl\u00f3rica venezolana. Ex miembro de bandas de rock y pop como &#8220;Trams&#8221;, &#8220;Way&#8221; y &#8220;Melao&#8221;, Ilan tambi\u00e9n ha grabado cuatro producciones para el mercado de habla inglesa. Chester se hizo famoso como un artista excepcional en Venezuela y en toda Am\u00e9rica Latina desde que lanz\u00f3 su carrera en solitario en 1983 llenando auditorios y teatros masivos. Luego de una serie de \u00e1lbumes memorables, entre ellos &#8220;Amistad&#8221;, &#8220;Solo faltas tu&#8221;, &#8220;ASI&#8221;, &#8220;Libros de Canciones de Amor Venezolano&#8221;, Vols. 1, 2 y 3, atrajo a\u00fan m\u00e1s la atenci\u00f3n internacional con el disco de platino &#8220;Coraz\u00f3n Navide\u00f1o&#8221; y una colecci\u00f3n de 6 CD donde ha vendido m\u00e1s de 500.000 unidades en pocas semanas solo en Venezuela. Ilan Chester es reconocido en todas partes por artistas y cr\u00edticos como uno de los compositores y cantantes m\u00e1s talentosos en lengua espa\u00f1ola. Muchas de sus canciones se convirtieron en \u00e9xitos internacionales de estrellas latinas como Mark Anthony, Cheo Feliciano y Chayanne y tiene seguidores en todo el mundo.<\/p>\n<p>&nbsp;<\/p>\n<p style=\"text-align: justify;\"><strong>Wikipedia in English<\/strong><\/p>\n<p>&nbsp;<\/p>\n<p style=\"text-align: justify;\"><strong>Biography<\/strong><\/p>\n<p>&nbsp;<\/p>\n<p style=\"text-align: justify;\"><strong>Born: <\/strong>July 30, 1952, Tel Aviv (Israel).<\/p>\n<p>&nbsp;<\/p>\n<p style=\"text-align: justify;\">Ilan Chester (born Ilan Czenstochowski) is a celebrated Venezuelan musician, singer, songwriter and record producer. Born in Jaffa, Tel Aviv, Israel in 1952, to Ashkenazy parents, Ilan emigrated to Venezuela in 1953<\/p>\n<p>&nbsp;<\/p>\n<p style=\"text-align: justify;\">2010 award\u00a0winning\u00a0Latin Grammy, Israeli-born and Venezuelan-raised Ilan Chester is a multi-talented musician, singer and composer with more than 35 music productions who has incorporated a global range of influences into his music. Chester grew up with the Jewish, French and Italian melodies he heard as a child at home and later he was equally enamored with American R&amp;B (Ray Charles, Stevie Wonder) and the British rock movement (Beatles, yes, Jethro Tull).<\/p>\n<p>&nbsp;<\/p>\n<p style=\"text-align: justify;\">At the age of 19, in 1971 he first met\u00a0Hare Krishna\u00a0devotees and two years later he was initiated and given the spiritual name Havi Das by his spiritual master\u00a0A.C. Bhaktivedanta Swami Prabhupada. Chester has stated on record that &#8216;Krishna consciousness\u00a0is and has always been my true source of inspiration. It is the love found in the hearts of the devotees for Krishna that has motivated me to write songs.&#8217; He and his family continue to be active practitioners of the\u00a0Vaishnava\u00a0Bhakti\u00a0tradition.<\/p>\n<p>&nbsp;<\/p>\n<p style=\"text-align: justify;\"><b>Discograf\u00eda<\/b><\/p>\n<p>&nbsp;<\/p>\n<table width=\"531\">\n<tbody>\n<tr>\n<td style=\"text-align: center;\" width=\"211\"><strong>Temas Pop<\/strong><\/td>\n<td style=\"text-align: center;\" width=\"234\"><strong>Escuchar tema<\/strong><\/td>\n<td style=\"text-align: center;\" width=\"86\"><strong>A\u00f1o de Publicaci\u00f3n<\/strong><\/td>\n<\/tr>\n<tr>\n<td style=\"text-align: center;\"><\/td>\n<td style=\"text-align: center;\"><strong>Solo Exitos<\/strong><\/td>\n<td style=\"text-align: center;\"><strong>2001<\/strong><\/td>\n<\/tr>\n<tr>\n<td><\/td>\n<td><\/td>\n<td><\/td>\n<\/tr>\n<tr>\n<td>1<\/td>\n<td>Para Siempre<\/td>\n<td><\/td>\n<\/tr>\n<tr>\n<td>2<\/td>\n<td>Amor Sin Medida<\/td>\n<td><\/td>\n<\/tr>\n<tr>\n<td>3<\/td>\n<td>Solo Faltas Tu<\/td>\n<td><\/td>\n<\/tr>\n<tr>\n<td>4<\/td>\n<td>A Pasarla Bien<\/td>\n<td><\/td>\n<\/tr>\n<tr>\n<td>5<\/td>\n<td>Que Paso<\/td>\n<td><\/td>\n<\/tr>\n<tr>\n<td>6<\/td>\n<td>Misterio De Amor<\/td>\n<td><\/td>\n<\/tr>\n<tr>\n<td>7<\/td>\n<td>El Destino<\/td>\n<td><\/td>\n<\/tr>\n<tr>\n<td>8<\/td>\n<td>Amor Y Lluvia<\/td>\n<td><\/td>\n<\/tr>\n<tr>\n<td>9<\/td>\n<td>De Corazon<\/td>\n<td><\/td>\n<\/tr>\n<tr>\n<td>10<\/td>\n<td>Ojos Verdes<\/td>\n<td><\/td>\n<\/tr>\n<tr>\n<td>11<\/td>\n<td>Todo Mi Corazon<\/td>\n<td><\/td>\n<\/tr>\n<tr>\n<td>12<\/td>\n<td>Un Mundo Mejor<\/td>\n<td><\/td>\n<\/tr>\n<tr>\n<td>13<\/td>\n<td>Historia De Un Buen Dia<\/td>\n<td><\/td>\n<\/tr>\n<tr>\n<td>14<\/td>\n<td>Dimelo<\/td>\n<td><\/td>\n<\/tr>\n<tr>\n<td>15<\/td>\n<td>Lucha Por La Econom\u00eda<\/td>\n<td><\/td>\n<\/tr>\n<tr>\n<td>16<\/td>\n<td>Canto Al \u00c1vila<\/td>\n<td><\/td>\n<\/tr>\n<tr>\n<td><\/td>\n<td><\/td>\n<td><\/td>\n<\/tr>\n<\/tbody>\n<\/table>\n<p><a href=\"https:\/\/es.wikipedia.org\/wiki\/Ilan_Chester\">https:\/\/es.wikipedia.org\/wiki\/Ilan_Chester<\/a><\/p>\n<p><a href=\"http:\/\/mejorescanciones.es\/Ilan-Chester\">http:\/\/mejorescanciones.es\/Ilan-Chester<\/a><\/p>\n<p>&nbsp;<\/p>\n","protected":false},"excerpt":{"rendered":"<p>&nbsp; Fecha de Nacimiento: 30 de julio de 1952 (Edad: 67) &nbsp; Biograf\u00eda &nbsp; Ilan Czenstochowski Schaechter\u00a0(Jaffa; 30 de julio de\u00a01952), conocido simplemente como\u00a0Ilan Chester, es un m\u00fasico y cantautor\u00a0israel\u00ed. Entre sus influencias musicales, adem\u00e1s de la\u00a0m\u00fasica cl\u00e1sica, canciones tradicionales jud\u00edas, francesas e italianas, se cuentan tendencias como el\u00a0bolero, la m\u00fasica del Caribe, el\u00a0blues, el\u00a0rock &hellip;<\/p>\n","protected":false},"author":1,"featured_media":0,"parent":0,"menu_order":0,"comment_status":"closed","ping_status":"closed","template":"","meta":{"footnotes":""},"class_list":["post-28573","page","type-page","status-publish",""],"jetpack_sharing_enabled":true,"_links":{"self":[{"href":"http:\/\/mickyandoniehn.com\/radio\/wp-json\/wp\/v2\/pages\/28573","targetHints":{"allow":["GET"]}}],"collection":[{"href":"http:\/\/mickyandoniehn.com\/radio\/wp-json\/wp\/v2\/pages"}],"about":[{"href":"http:\/\/mickyandoniehn.com\/radio\/wp-json\/wp\/v2\/types\/page"}],"author":[{"embeddable":true,"href":"http:\/\/mickyandoniehn.com\/radio\/wp-json\/wp\/v2\/users\/1"}],"replies":[{"embeddable":true,"href":"http:\/\/mickyandoniehn.com\/radio\/wp-json\/wp\/v2\/comments?post=28573"}],"version-history":[{"count":3,"href":"http:\/\/mickyandoniehn.com\/radio\/wp-json\/wp\/v2\/pages\/28573\/revisions"}],"predecessor-version":[{"id":75229,"href":"http:\/\/mickyandoniehn.com\/radio\/wp-json\/wp\/v2\/pages\/28573\/revisions\/75229"}],"wp:attachment":[{"href":"http:\/\/mickyandoniehn.com\/radio\/wp-json\/wp\/v2\/media?parent=28573"}],"curies":[{"name":"wp","href":"https:\/\/api.w.org\/{rel}","templated":true}]}}