{"id":28567,"date":"2022-08-26T10:33:48","date_gmt":"2022-08-26T16:33:48","guid":{"rendered":"https:\/\/mickyandoniehn.com\/radio\/?page_id=28567"},"modified":"2024-07-23T08:45:21","modified_gmt":"2024-07-23T14:45:21","slug":"tino-lopez-guerra","status":"publish","type":"page","link":"http:\/\/mickyandoniehn.com\/radio\/tino-lopez-guerra\/","title":{"rendered":"Tino L\u00f3pez Guerra"},"content":{"rendered":"<p style=\"text-align: justify;\"><img loading=\"lazy\" decoding=\"async\" class=\" wp-image-73728 aligncenter\" src=\"http:\/\/mickyandoniehn.com\/radio\/wp-content\/uploads\/2023\/07\/Tino-Lopez-Guerra.jpeg\" alt=\"\" width=\"309\" height=\"460\" \/><\/p>\n<p>&nbsp;<\/p>\n<p>&nbsp;<\/p>\n<p style=\"text-align: justify;\"><strong>Fecha de Nacimiento:<\/strong> 20 de Julio de 1906<\/p>\n<p style=\"text-align: justify;\"><strong>Fecha de Fallecimiento: <\/strong>19 de Julio de 1967<\/p>\n<p style=\"text-align: justify;\"><strong>Biografia<\/strong><\/p>\n<p style=\"text-align: justify;\">Constantino L\u00f3pez Guerra, m\u00e1s conocido como Tino L\u00f3pez Guerra, fue un compositor nicarag\u00fcense de m\u00fasica vern\u00e1cula popular, siendo considerado el &#8220;Rey del Corrido Nicarag\u00fcense&#8221; porque sus composiciones m\u00e1s conocidas pertenecen a este ritmo musical mexicano.<\/p>\n<p style=\"text-align: justify;\">Naci\u00f3 en Chinandega, el 20 de julio de 1906. en el occidente del pa\u00eds, siendo sus padres el m\u00e9dico Eduardo L\u00f3pez Robelo y do\u00f1a Celina Guerra Lizano, nieta materna del presidente de Costa Rica Saturnino Lizano Guti\u00e9rrez. Tuvo seis hermanos. Se cas\u00f3 con Consuelo Rosales con quien procre\u00f3 dos hijos: Constantino y Mar\u00eda del Socorro.<\/p>\n<p style=\"text-align: justify;\">Desde joven escribi\u00f3 poemas y compuso canciones de tipo rom\u00e1ntico.<\/p>\n<p style=\"text-align: justify;\">Curs\u00f3 sus estudios primarios en el Instituto Pedag\u00f3gico de Varones &#8220;La Salle&#8221; de Managua, donde aprovechaba los recreos para usar a veces el \u00fanico piano del colegio y dar rienda suelta a su fina sensibilidad art\u00edstica.<\/p>\n<p style=\"text-align: justify;\">En 1927 se march\u00f3 a los Estados Unidos donde residi\u00f3 por varios a\u00f1os, luego regres\u00f3 a su patria y compuso muchos corridos, su g\u00e9nero musical m\u00e1s caracter\u00edstico, que han dado a conocer a Nicaragua por todo el mundo.<\/p>\n<p>&nbsp;<\/p>\n<p style=\"text-align: justify;\"><strong>Date of Birth<\/strong> July 20, 1906<\/p>\n<p style=\"text-align: justify;\"><strong>Date of Death<\/strong> July 19, 1967<\/p>\n<p style=\"text-align: justify;\"><strong>Biography<\/strong><\/p>\n<p style=\"text-align: justify;\">Constantino L\u00f3pez Guerra, better known as Tino L\u00f3pez Guerra, was a Nicaraguan composer of popular vernacular music, being considered the &#8220;King of the Nicaraguan Corrido&#8221; because his best-known compositions belong to this Mexican musical rhythm.<\/p>\n<p style=\"text-align: justify;\">He was born in Chinandega, on July 20, 1906, in the west of the country, his parents being the doctor Eduardo L\u00f3pez R\u00f3belo and Mrs. Celina Guerra Lizano, maternal granddaughter of the president of Costa Rica Saturnino Lizano Guti\u00e9rrez. He had six brothers. He married Consuelo Rosales with whom he had two children: Constantino and Mar\u00eda del Socorro.<\/p>\n<p style=\"text-align: justify;\">From a young age he wrote poems and composed romantic songs.<\/p>\n<p style=\"text-align: justify;\">He attended his primary studies at the &#8220;La Salle&#8221; Pedagogical Institute for Men in Managua, where he took advantage of breaks to sometimes use the only piano in the school and give free rein to his fine artistic sensibility.<br \/>\nIn 1927 he went to the United States where he lived for several years, then returned to his homeland and composed many corridos, his most characteristic musical genre, which have made Nicaragua known throughout the world.<\/p>\n<p style=\"text-align: justify;\"><strong>Discography<\/strong><\/p>\n<table width=\"495\">\n<tbody>\n<tr>\n<td style=\"text-align: center;\" width=\"117\"><strong>Temas Corrido y Bolero<\/strong><\/td>\n<td style=\"text-align: center;\" width=\"236\"><strong>Escuchar tema<\/strong><\/td>\n<td style=\"text-align: center;\" width=\"142\"><strong>A\u00f1o de Publicaci\u00f3n<\/strong><\/td>\n<\/tr>\n<tr>\n<td>1<\/td>\n<td>Nicaragua Mia<\/td>\n<td><\/td>\n<\/tr>\n<tr>\n<td>2<\/td>\n<td>Viva Leon Jodido<\/td>\n<td>1980<\/td>\n<\/tr>\n<tr>\n<td>3<\/td>\n<td>Corrido a Chinandega<\/td>\n<td><\/td>\n<\/tr>\n<tr>\n<td>4<\/td>\n<td>Corrido a Managua<\/td>\n<td><\/td>\n<\/tr>\n<tr>\n<td><\/td>\n<td><\/td>\n<td><\/td>\n<\/tr>\n<\/tbody>\n<\/table>\n","protected":false},"excerpt":{"rendered":"<p>&nbsp; &nbsp; Fecha de Nacimiento: 20 de Julio de 1906 Fecha de Fallecimiento: 19 de Julio de 1967 Biografia Constantino L\u00f3pez Guerra, m\u00e1s conocido como Tino L\u00f3pez Guerra, fue un compositor nicarag\u00fcense de m\u00fasica vern\u00e1cula popular, siendo considerado el &#8220;Rey del Corrido Nicarag\u00fcense&#8221; porque sus composiciones m\u00e1s conocidas pertenecen a este ritmo musical mexicano. Naci\u00f3 &hellip;<\/p>\n","protected":false},"author":1,"featured_media":0,"parent":0,"menu_order":0,"comment_status":"closed","ping_status":"closed","template":"","meta":{"footnotes":""},"class_list":["post-28567","page","type-page","status-publish",""],"jetpack_sharing_enabled":true,"_links":{"self":[{"href":"http:\/\/mickyandoniehn.com\/radio\/wp-json\/wp\/v2\/pages\/28567","targetHints":{"allow":["GET"]}}],"collection":[{"href":"http:\/\/mickyandoniehn.com\/radio\/wp-json\/wp\/v2\/pages"}],"about":[{"href":"http:\/\/mickyandoniehn.com\/radio\/wp-json\/wp\/v2\/types\/page"}],"author":[{"embeddable":true,"href":"http:\/\/mickyandoniehn.com\/radio\/wp-json\/wp\/v2\/users\/1"}],"replies":[{"embeddable":true,"href":"http:\/\/mickyandoniehn.com\/radio\/wp-json\/wp\/v2\/comments?post=28567"}],"version-history":[{"count":2,"href":"http:\/\/mickyandoniehn.com\/radio\/wp-json\/wp\/v2\/pages\/28567\/revisions"}],"predecessor-version":[{"id":75226,"href":"http:\/\/mickyandoniehn.com\/radio\/wp-json\/wp\/v2\/pages\/28567\/revisions\/75226"}],"wp:attachment":[{"href":"http:\/\/mickyandoniehn.com\/radio\/wp-json\/wp\/v2\/media?parent=28567"}],"curies":[{"name":"wp","href":"https:\/\/api.w.org\/{rel}","templated":true}]}}