{"id":28545,"date":"2022-08-26T10:27:26","date_gmt":"2022-08-26T16:27:26","guid":{"rendered":"https:\/\/mickyandoniehn.com\/radio\/?page_id=28545"},"modified":"2024-07-23T08:37:50","modified_gmt":"2024-07-23T14:37:50","slug":"johnny-laboriel","status":"publish","type":"page","link":"http:\/\/mickyandoniehn.com\/radio\/johnny-laboriel\/","title":{"rendered":"Johnny Laboriel"},"content":{"rendered":"<p style=\"text-align: justify;\"><img loading=\"lazy\" decoding=\"async\" class=\" wp-image-73721 aligncenter\" src=\"http:\/\/mickyandoniehn.com\/radio\/wp-content\/uploads\/2023\/07\/Johnny-Laboriel-300x195.jpg\" alt=\"\" width=\"585\" height=\"380\" srcset=\"http:\/\/mickyandoniehn.com\/radio\/wp-content\/uploads\/2023\/07\/Johnny-Laboriel-300x195.jpg 300w, http:\/\/mickyandoniehn.com\/radio\/wp-content\/uploads\/2023\/07\/Johnny-Laboriel.jpg 615w\" sizes=\"auto, (max-width: 585px) 100vw, 585px\" \/><\/p>\n<p>&nbsp;<\/p>\n<div class=\"cxmmr5t8 oygrvhab hcukyx3x c1et5uql o9v6fnle ii04i59q\" style=\"text-align: justify;\">\n<div dir=\"auto\"><strong>Fecha de Nacimiento:<\/strong> 09 de Julio de 1942<\/div>\n<p>&nbsp;<\/p>\n<div dir=\"auto\"><\/div>\n<div dir=\"auto\"><strong>Fecha de Fallecimiento:<\/strong> 18 de septiembre del 2013 (71 a\u00f1os)<\/div>\n<p>&nbsp;<\/p>\n<div dir=\"auto\"><\/div>\n<\/div>\n<div class=\"cxmmr5t8 oygrvhab hcukyx3x c1et5uql o9v6fnle ii04i59q\" style=\"text-align: justify;\">\n<div dir=\"auto\"><strong>Biograf\u00eda:<\/strong><\/div>\n<p>&nbsp;<\/p>\n<div dir=\"auto\"><\/div>\n<div dir=\"auto\">Junto a artistas como Ang\u00e9lica Mar\u00eda, C\u00e9sar Costa, Enrique Guzm\u00e1n, Alberto V\u00e1zquez y Manolo Mu\u00f1oz form\u00f3 parte de la llamada \u00e9poca de oro del rock and roll en M\u00e9xico. Form\u00f3 parte del grupo Los Rebeldes del Rock, primer grupo de rock en espa\u00f1ol de esa \u00e9poca que logr\u00f3 que les editar\u00e1n un disco en los a\u00f1os 60 en M\u00e9xico.<\/div>\n<div dir=\"auto\"><\/div>\n<p>&nbsp;<\/p>\n<\/div>\n<div class=\"cxmmr5t8 oygrvhab hcukyx3x c1et5uql o9v6fnle ii04i59q\" style=\"text-align: justify;\">\n<div dir=\"auto\">Fue hijo del actor y compositor Juan Jos\u00e9 Laboriel y de la actriz Francisca L\u00f3pez de Laboriel originarios de La Ceiba, Honduras, y hermano del bajista Abraham Laboriel y de la tambi\u00e9n cantante Ela Laboriel. En 1958 ingres\u00f3 en el grupo de rock and roll Los Rebeldes del Rock, donde comenz\u00f3 su carrera profesional, alcanz\u00f3 fama por la interpretaci\u00f3n de las canciones Rock del \u00e1ngelito (Rockin&#8217; Little Angel) y \u201cMelod\u00eda de amor\u201d pero logr\u00f3 una serie de m\u00e1s de 50 hits en la radio casi todos como cantante de Los Rebeldes del Rock. En 1963 inici\u00f3 su carrera como solista.<\/div>\n<p>&nbsp;<\/p>\n<div dir=\"auto\"><\/div>\n<div dir=\"auto\">Entre sus \u00e9xitos se encuentran: \u201cCorre Sans\u00f3n corre\u201d, \u201cCuando florezcan los manzanos\u201d, \u201cEl chico Danielito\u201d (\u201cDanny Boy\u201d), \u201cHistoria de amor\u201d, \u201cKansas City\u201d, \u201cEl mech\u00f3n\u201d, \u201cLa bamba\u201d, \u201cLa hiedra venenosa\u201d, \u201cLuces de Nueva York\u201d, \u201cMu\u00e9vanse todos\u201d, \u201cRecuerdas cuando\u201d, \u201cUn tonto como yo\u201d y \u201cYakety yak\u201d entre otras.<\/div>\n<div dir=\"auto\"><\/div>\n<p>&nbsp;<\/p>\n<div dir=\"auto\">Concurs\u00f3 en nueve ocasiones para el Festival OTI de la Canci\u00f3n. En 1978 interpret\u00f3 la canci\u00f3n \u201cSe\u00f1ora coraz\u00f3n\u201d, de Felipe Gil, con la cual obtuvo el 5\u00b0 lugar de la eliminatoria nacional.<\/div>\n<p>&nbsp;<\/p>\n<\/div>\n<div class=\"cxmmr5t8 oygrvhab hcukyx3x c1et5uql o9v6fnle ii04i59q\" style=\"text-align: justify;\">\n<div dir=\"auto\">Wikipedia in English<\/div>\n<p>&nbsp;<\/p>\n<div dir=\"auto\"><\/div>\n<\/div>\n<div class=\"cxmmr5t8 oygrvhab hcukyx3x c1et5uql o9v6fnle ii04i59q\" style=\"text-align: justify;\">\n<div dir=\"auto\"><strong>Date of Birth:<\/strong> July 09, 1942<\/div>\n<p>&nbsp;<\/p>\n<div dir=\"auto\"><\/div>\n<div dir=\"auto\"><strong>Date of Death:<\/strong> September 18, 2013 (age 71)<\/div>\n<p>&nbsp;<\/p>\n<div dir=\"auto\"><\/div>\n<\/div>\n<div class=\"cxmmr5t8 oygrvhab hcukyx3x c1et5uql o9v6fnle ii04i59q\" style=\"text-align: justify;\">\n<div dir=\"auto\"><strong>Biography:<\/strong><\/div>\n<p>&nbsp;<\/p>\n<div dir=\"auto\"><\/div>\n<div dir=\"auto\">Along with artists such as Ang\u00e9lica Mar\u00eda, C\u00e9sar Costa, Enrique Guzm\u00e1n, Alberto V\u00e1zquez and Manolo Mu\u00f1oz, he was part of the so-called golden age of rock and roll in Mexico. He was part of the group Los Rebeldes del Rock, the first rock group in Spanish of that time that managed to get an album released in the 60s in Mexico.<\/div>\n<div dir=\"auto\"><\/div>\n<p>&nbsp;<\/p>\n<\/div>\n<div class=\"cxmmr5t8 oygrvhab hcukyx3x c1et5uql o9v6fnle ii04i59q\" style=\"text-align: justify;\">\n<div dir=\"auto\">He was the son of actor and composer Juan Jos\u00e9 Laboriel and actress Francisca L\u00f3pez de Laboriel from La Ceiba, Honduras, and brother of bassist Abraham Laboriel and singer Ela Laboriel.<\/div>\n<p>&nbsp;<\/p>\n<div dir=\"auto\"><\/div>\n<div dir=\"auto\">In 1958 he joined the rock and roll group Los Rebeldes del Rock, where he began his professional career, achieved fame for the interpretation of the songs Rock del angelito (Rockin &#8216;Little Angel) and &#8220;Melod\u00eda de amor&#8221; but achieved a series of more of 50 hits on the radio almost all as a singer of Los Rebeldes del Rock. In 1963 he began his solo career.<\/div>\n<p>&nbsp;<\/p>\n<div dir=\"auto\"><\/div>\n<div dir=\"auto\">Among his successes are: &#8220;Run Samson, run&#8221;, &#8220;When the apple trees bloom&#8221;, &#8220;El chico Danielito&#8221; (&#8220;Danny Boy&#8221;), &#8220;Love story&#8221;, &#8220;Kansas City&#8221; , &#8220;El mech\u00f3n&#8221;, &#8220;La bamba&#8221;, &#8220;Poison ivy&#8221;, &#8220;New York lights&#8221;, &#8220;Move all&#8221;, &#8220;Do you remember when&#8221;, &#8220;A fool like me&#8221; and &#8220;Yakety yak&#8221; among others. nine times for the OTI Song Festival. In 1978 he performed the song \u201cSe\u00f1ora coraz\u00f3n\u201d, by Felipe Gil, with which he obtained the 5th place in the national qualifying round.<\/div>\n<p>&nbsp;<\/p>\n<div dir=\"auto\"><\/div>\n<\/div>\n<div class=\"cxmmr5t8 oygrvhab hcukyx3x c1et5uql o9v6fnle ii04i59q\" style=\"text-align: justify;\">\n<div dir=\"auto\"><strong>Discography<\/strong><\/div>\n<p>&nbsp;<\/p>\n<div dir=\"auto\"><\/div>\n<div dir=\"auto\">\n<table width=\"695\">\n<tbody>\n<tr>\n<td style=\"text-align: center;\" width=\"237\"><b>G\u00e9nero Rock and Roll<\/b><\/td>\n<td style=\"text-align: center;\" width=\"368\"><strong>Escuchar tema<\/strong><\/td>\n<td style=\"text-align: center;\" width=\"90\"><strong>A\u00f1o<\/strong><\/td>\n<\/tr>\n<tr>\n<td style=\"text-align: center;\"><\/td>\n<td style=\"text-align: center;\"><strong>Johnny Laboriel<\/strong><\/td>\n<td style=\"text-align: center;\"><strong>1970<\/strong><\/td>\n<\/tr>\n<tr>\n<td>1<\/td>\n<td>Santa Martha<\/td>\n<td><\/td>\n<\/tr>\n<tr>\n<td>2<\/td>\n<td>La ni\u00f1a Pop<\/td>\n<td><\/td>\n<\/tr>\n<tr>\n<td>3<\/td>\n<td>La Plaza<\/td>\n<td><\/td>\n<\/tr>\n<tr>\n<td>4<\/td>\n<td>Algo tonto<\/td>\n<td><\/td>\n<\/tr>\n<tr>\n<td>5<\/td>\n<td>Dame tu amor<\/td>\n<td><\/td>\n<\/tr>\n<tr>\n<td>6<\/td>\n<td>Lady<\/td>\n<td><\/td>\n<\/tr>\n<tr>\n<td>7<\/td>\n<td>Lodi<\/td>\n<td><\/td>\n<\/tr>\n<tr>\n<td>8<\/td>\n<td>El Juego de Simon<\/td>\n<td><\/td>\n<\/tr>\n<tr>\n<td>9<\/td>\n<td>Timbaoba<\/td>\n<td><\/td>\n<\/tr>\n<tr>\n<td>10<\/td>\n<td>El Viaducto del Amor<\/td>\n<td><\/td>\n<\/tr>\n<tr>\n<td>11<\/td>\n<td>Se\u00f1orita<\/td>\n<td><\/td>\n<\/tr>\n<tr>\n<td>12<\/td>\n<td>Pelo<\/td>\n<td><\/td>\n<\/tr>\n<tr>\n<td><\/td>\n<td><\/td>\n<td><\/td>\n<\/tr>\n<tr>\n<td style=\"text-align: center;\"><\/td>\n<td style=\"text-align: center;\"><strong>Salsa Rock<\/strong><\/td>\n<td style=\"text-align: center;\"><strong>1978<\/strong><\/td>\n<\/tr>\n<tr>\n<td>1<\/td>\n<td>No Pidas Mas Perd\u00f3n \/ Salome<\/td>\n<td><\/td>\n<\/tr>\n<tr>\n<td>2<\/td>\n<td>Golpes Que Te Da la Vida \/ El Golpe Traidor<\/td>\n<td><\/td>\n<\/tr>\n<tr>\n<td>3<\/td>\n<td>Solo Tu \/ Piel Canela<\/td>\n<td><\/td>\n<\/tr>\n<tr>\n<td>4<\/td>\n<td>Ella \/ La Mucura<\/td>\n<td><\/td>\n<\/tr>\n<tr>\n<td>5<\/td>\n<td>Cafe Del Rock<\/td>\n<td><\/td>\n<\/tr>\n<tr>\n<td>6<\/td>\n<td>Un Empujoncito Al Carro \/ Cochero Pare Cochero<\/td>\n<td><\/td>\n<\/tr>\n<tr>\n<td>7<\/td>\n<td>Mata Siguaraya \/ Fumando Espero<\/td>\n<td><\/td>\n<\/tr>\n<tr>\n<td>8<\/td>\n<td>El Gallo Tuerto \/ Dile A Catalina<\/td>\n<td><\/td>\n<\/tr>\n<tr>\n<td><\/td>\n<td><\/td>\n<td><\/td>\n<\/tr>\n<tr>\n<td style=\"text-align: center;\"><\/td>\n<td style=\"text-align: center;\"><strong>Se\u00f1ora Coraz\u00f3n<\/strong><\/td>\n<td style=\"text-align: center;\"><strong>1978<\/strong><\/td>\n<\/tr>\n<tr>\n<td>1<\/td>\n<td>Se\u00f1ora Coraz\u00f3n<\/td>\n<td><\/td>\n<\/tr>\n<tr>\n<td>2<\/td>\n<td>Son Im\u00e1genes<\/td>\n<td><\/td>\n<\/tr>\n<tr>\n<td>3<\/td>\n<td>D\u00e9jame Tratar<\/td>\n<td><\/td>\n<\/tr>\n<tr>\n<td>4<\/td>\n<td>Me Gusta<\/td>\n<td><\/td>\n<\/tr>\n<tr>\n<td>5<\/td>\n<td>Cantando Iremos<\/td>\n<td><\/td>\n<\/tr>\n<tr>\n<td>6<\/td>\n<td>Cisne Cuello Negro<\/td>\n<td><\/td>\n<\/tr>\n<tr>\n<td>7<\/td>\n<td>Este Dia<\/td>\n<td><\/td>\n<\/tr>\n<tr>\n<td>8<\/td>\n<td>Ni\u00f1os<\/td>\n<td><\/td>\n<\/tr>\n<tr>\n<td>9<\/td>\n<td>Vaquero De La Vida<\/td>\n<td><\/td>\n<\/tr>\n<tr>\n<td>10<\/td>\n<td>Nada Prohibido<\/td>\n<td><\/td>\n<\/tr>\n<tr>\n<td><\/td>\n<td><\/td>\n<td><\/td>\n<\/tr>\n<tr>\n<td style=\"text-align: center;\"><\/td>\n<td style=\"text-align: center;\"><strong>Amor sin Tiempo<\/strong><\/td>\n<td style=\"text-align: center;\"><strong>1980<\/strong><\/td>\n<\/tr>\n<tr>\n<td>1<\/td>\n<td>Amor Sin Tiempo<\/td>\n<td><\/td>\n<\/tr>\n<tr>\n<td>2<\/td>\n<td>La Primera Vez<\/td>\n<td><\/td>\n<\/tr>\n<tr>\n<td>3<\/td>\n<td>Vuelve Cari\u00f1o<\/td>\n<td><\/td>\n<\/tr>\n<tr>\n<td>4<\/td>\n<td>Cuando Me Dejes De Amar<\/td>\n<td><\/td>\n<\/tr>\n<tr>\n<td>5<\/td>\n<td>Cuenta Conmigo<\/td>\n<td><\/td>\n<\/tr>\n<tr>\n<td>6<\/td>\n<td>Volaras<\/td>\n<td><\/td>\n<\/tr>\n<tr>\n<td>7<\/td>\n<td>Amor<\/td>\n<td><\/td>\n<\/tr>\n<tr>\n<td>8<\/td>\n<td>Nada Prohibido<\/td>\n<td><\/td>\n<\/tr>\n<tr>\n<td>9<\/td>\n<td>Sembrador De Ma\u00f1anas<\/td>\n<td><\/td>\n<\/tr>\n<tr>\n<td>10<\/td>\n<td>Yo Escog\u00ed Nacer En M\u00e9xico<\/td>\n<td><\/td>\n<\/tr>\n<tr>\n<td><\/td>\n<td><\/td>\n<td><\/td>\n<\/tr>\n<\/tbody>\n<\/table>\n<p>&nbsp;<\/p>\n<\/div>\n<\/div>\n<div class=\"cxmmr5t8 oygrvhab hcukyx3x c1et5uql o9v6fnle ii04i59q\" style=\"text-align: justify;\">\n<div dir=\"auto\"><\/div>\n<\/div>\n<div class=\"cxmmr5t8 oygrvhab hcukyx3x c1et5uql o9v6fnle ii04i59q\" style=\"text-align: justify;\">\n<div dir=\"auto\">Cr\u00e9ditos: Tomado de Wikipedia<\/div>\n<div dir=\"auto\"><a class=\"oajrlxb2 g5ia77u1 qu0x051f esr5mh6w e9989ue4 r7d6kgcz rq0escxv nhd2j8a9 nc684nl6 p7hjln8o kvgmc6g5 cxmmr5t8 oygrvhab hcukyx3x jb3vyjys rz4wbd8a qt6c0cv9 a8nywdso i1ao9s8h esuyzwwr f1sip0of lzcic4wl gpro0wi8 py34i1dx\" tabindex=\"0\" role=\"link\" href=\"https:\/\/es.wikipedia.org\/wiki\/Johnny_Laboriel?fbclid=IwAR2Rjq-06zjorZ7yP_jSBb2kOFUNckU-fYKEm4VAU1iAroBKHFTVS74IuCk\" target=\"_blank\" rel=\"nofollow noopener\">https:\/\/es.wikipedia.org\/wiki\/Johnny_Laboriel<\/a><\/div>\n<div dir=\"auto\"><\/div>\n<p>&nbsp;<\/p>\n<\/div>\n<div class=\"epyt-video-wrapper\"><iframe loading=\"lazy\"  id=\"_ytid_17416\"  width=\"618\" height=\"347\"  data-origwidth=\"618\" data-origheight=\"347\" src=\"https:\/\/www.youtube.com\/embed\/EHLpO056DHg?enablejsapi=1&#038;autoplay=0&#038;cc_load_policy=0&#038;cc_lang_pref=&#038;iv_load_policy=1&#038;loop=0&#038;modestbranding=0&#038;rel=1&#038;fs=1&#038;playsinline=0&#038;autohide=2&#038;theme=dark&#038;color=red&#038;controls=1&#038;\" class=\"__youtube_prefs__  epyt-is-override  no-lazyload\" title=\"YouTube player\"  allow=\"fullscreen; accelerometer; autoplay; clipboard-write; encrypted-media; gyroscope; picture-in-picture\" allowfullscreen data-no-lazy=\"1\" data-skipgform_ajax_framebjll=\"\"><\/iframe><\/div>\n","protected":false},"excerpt":{"rendered":"<p>&nbsp; Fecha de Nacimiento: 09 de Julio de 1942 &nbsp; Fecha de Fallecimiento: 18 de septiembre del 2013 (71 a\u00f1os) &nbsp; Biograf\u00eda: &nbsp; Junto a artistas como Ang\u00e9lica Mar\u00eda, C\u00e9sar Costa, Enrique Guzm\u00e1n, Alberto V\u00e1zquez y Manolo Mu\u00f1oz form\u00f3 parte de la llamada \u00e9poca de oro del rock and roll en M\u00e9xico. Form\u00f3 parte del &hellip;<\/p>\n","protected":false},"author":1,"featured_media":0,"parent":0,"menu_order":0,"comment_status":"closed","ping_status":"closed","template":"","meta":{"footnotes":""},"class_list":["post-28545","page","type-page","status-publish",""],"jetpack_sharing_enabled":true,"_links":{"self":[{"href":"http:\/\/mickyandoniehn.com\/radio\/wp-json\/wp\/v2\/pages\/28545","targetHints":{"allow":["GET"]}}],"collection":[{"href":"http:\/\/mickyandoniehn.com\/radio\/wp-json\/wp\/v2\/pages"}],"about":[{"href":"http:\/\/mickyandoniehn.com\/radio\/wp-json\/wp\/v2\/types\/page"}],"author":[{"embeddable":true,"href":"http:\/\/mickyandoniehn.com\/radio\/wp-json\/wp\/v2\/users\/1"}],"replies":[{"embeddable":true,"href":"http:\/\/mickyandoniehn.com\/radio\/wp-json\/wp\/v2\/comments?post=28545"}],"version-history":[{"count":3,"href":"http:\/\/mickyandoniehn.com\/radio\/wp-json\/wp\/v2\/pages\/28545\/revisions"}],"predecessor-version":[{"id":75218,"href":"http:\/\/mickyandoniehn.com\/radio\/wp-json\/wp\/v2\/pages\/28545\/revisions\/75218"}],"wp:attachment":[{"href":"http:\/\/mickyandoniehn.com\/radio\/wp-json\/wp\/v2\/media?parent=28545"}],"curies":[{"name":"wp","href":"https:\/\/api.w.org\/{rel}","templated":true}]}}