{"id":28537,"date":"2022-08-26T10:20:14","date_gmt":"2022-08-26T16:20:14","guid":{"rendered":"https:\/\/mickyandoniehn.com\/radio\/?page_id=28537"},"modified":"2024-07-23T08:36:54","modified_gmt":"2024-07-23T14:36:54","slug":"carlota-jaramillo","status":"publish","type":"page","link":"http:\/\/mickyandoniehn.com\/radio\/carlota-jaramillo\/","title":{"rendered":"Carlota Jaramillo"},"content":{"rendered":"<p style=\"text-align: justify;\"><img loading=\"lazy\" decoding=\"async\" class=\" wp-image-73713 aligncenter\" src=\"http:\/\/mickyandoniehn.com\/radio\/wp-content\/uploads\/2023\/07\/Carlota-Jaramillo.jpeg\" alt=\"\" width=\"459\" height=\"459\" srcset=\"http:\/\/mickyandoniehn.com\/radio\/wp-content\/uploads\/2023\/07\/Carlota-Jaramillo.jpeg 225w, http:\/\/mickyandoniehn.com\/radio\/wp-content\/uploads\/2023\/07\/Carlota-Jaramillo-150x150.jpeg 150w\" sizes=\"auto, (max-width: 459px) 100vw, 459px\" \/><\/p>\n<p>&nbsp;<\/p>\n<div class=\"cxmmr5t8 oygrvhab hcukyx3x c1et5uql o9v6fnle\" style=\"text-align: justify;\">\n<div dir=\"auto\"><strong>Fecha de Nacimiento:<\/strong> 09 de Julio de 1904<\/div>\n<p>&nbsp;<\/p>\n<div dir=\"auto\"><\/div>\n<div dir=\"auto\"><strong>Fecha de Fallecimiento:<\/strong> 10 de diciembre de 1987 (83 a\u00f1os)<\/div>\n<p>&nbsp;<\/p>\n<div dir=\"auto\"><\/div>\n<\/div>\n<div class=\"cxmmr5t8 oygrvhab hcukyx3x c1et5uql o9v6fnle\" style=\"text-align: justify;\">\n<div dir=\"auto\"><strong>Biograf\u00eda:<\/strong><\/div>\n<p>&nbsp;<\/p>\n<div dir=\"auto\"><\/div>\n<div dir=\"auto\">Hered\u00f3 su talento art\u00edstico de su abuelo materno y de su t\u00edo Timole\u00f3n Jaramillo, que le ense\u00f1aron a tocar la guitarra y a cantar m\u00fasica aut\u00f3ctona. Mientras cursaba la secundaria, Carlota encontr\u00f3 motivaci\u00f3n en sus profesoras, especialmente en Eleonora Neumann, que le ayud\u00f3 para que realizara una prueba de voz para el maestro Sixto Mar\u00eda Dur\u00e1n. \u00c9ste se convirti\u00f3 luego en su profesor particular. Carlota particip\u00f3 en 1922 en un concurso de canto para aficionados en el teatro Ed\u00e9n de Quito, cantando a d\u00fao con su hermana In\u00e9s, y ambas ganaron el premio \u00fanico que consist\u00eda en una guitarra y una guindola. A poco de graduarse, Carlota e In\u00e9s fueron convocadas por el profesor Rafael Ramos Albuja, m\u00fasico y ex director de orquesta de la compa\u00f1\u00eda espa\u00f1ola de Esperanza Iris, para fundar la Compa\u00f1\u00eda de Revistas y Variedades Ramos Albuja, pero las j\u00f3venes estaban prohibidas por su madre para actuar y cantar. Adicionalmente, el p\u00fablico ecuatoriano estaba acostumbrado a las \u00f3peras y operetas europeas, y se resist\u00eda a lo aut\u00f3ctono.<\/div>\n<p>&nbsp;<\/p>\n<div dir=\"auto\"><\/div>\n<div dir=\"auto\">Sin embargo, la primera presentaci\u00f3n de la Compa\u00f1\u00eda fue un \u00e9xito y las hermanas Jaramillo fueron muy aplaudidas. En 1926 se form\u00f3 otra compa\u00f1\u00eda de Comedias y Variedades y Carlota fue su primera actriz. Carlota e In\u00e9s ten\u00edan amistad con Jorge Araujo Chiriboga, actor, cantante, compositor y representante art\u00edstico, con quien Carlota se cas\u00f3 pese a la oposici\u00f3n de su familia. En 1935 la cantante inici\u00f3 su carrera como solista en los programas radiales de HCJB, interpretando no solo pasillos sino pasodobles y tangos.<\/div>\n<p>&nbsp;<\/p>\n<div dir=\"auto\"><\/div>\n<\/div>\n<div class=\"cxmmr5t8 oygrvhab hcukyx3x c1et5uql o9v6fnle\" style=\"text-align: justify;\">\n<div dir=\"auto\">Adem\u00e1s se presentaba tres veces por semana en Radio Quito. En 1938 grab\u00f3 su primer disco sencillo, Honda pena, que vendi\u00f3 mil copias en un mes. Fue la primera vez que un artista nacional grababa en el pa\u00eds. El p\u00fablico y los medios de comunicaci\u00f3n la bautizaron como \u201creina del pasillo\u201d y tambi\u00e9n como \u201calondra quite\u00f1a\u201d. Con el sello Emporio Musical grab\u00f3 a d\u00fao con Luis Alberto Valencia y varios nuevos discos se sucedieron con \u00e9xito. Sin embargo, la cantante no vivi\u00f3 de su arte sino como Inspectora General del Colegio Bol\u00edvar y luego como Ayudante en el Ministerio de Econom\u00eda en la \u00e9poca de Velasco Ibarra. Se jubil\u00f3 a los 54 a\u00f1os con una pensi\u00f3n m\u00f3dica.<\/div>\n<p>&nbsp;<\/p>\n<div dir=\"auto\"><\/div>\n<div dir=\"auto\">En 1970, cuando se produjo la muerte de su esposo Jorge Araujo, la cantante puso fin a su carrera musical. Falleci\u00f3 en 1987 a los 83 a\u00f1os de edad.<\/div>\n<p>&nbsp;<\/p>\n<div dir=\"auto\"><\/div>\n<\/div>\n<div class=\"cxmmr5t8 oygrvhab hcukyx3x c1et5uql o9v6fnle\" style=\"text-align: justify;\">\n<div dir=\"auto\"><strong>Wikipedia in English<\/strong><\/div>\n<p>&nbsp;<\/p>\n<div dir=\"auto\"><\/div>\n<\/div>\n<div class=\"cxmmr5t8 oygrvhab hcukyx3x c1et5uql o9v6fnle\" style=\"text-align: justify;\">\n<div dir=\"auto\"><strong>Date of Birth:<\/strong> July 09, 1904<\/div>\n<p>&nbsp;<\/p>\n<div dir=\"auto\"><\/div>\n<div dir=\"auto\"><strong>Date of Death:<\/strong> December 10, 1987 (age 83)<\/div>\n<p>&nbsp;<\/p>\n<div dir=\"auto\"><\/div>\n<\/div>\n<div class=\"cxmmr5t8 oygrvhab hcukyx3x c1et5uql o9v6fnle\" style=\"text-align: justify;\">\n<div dir=\"auto\"><strong>Biography:<\/strong><\/div>\n<p>&nbsp;<\/p>\n<div dir=\"auto\"><\/div>\n<div dir=\"auto\">He inherited the artistic talent of his maternal grandfather and his uncle Timole\u00f3n Jaramillo, who taught him to play the guitar and sing native music. While in high school, Carlota found motivation in her teachers, especially in Eleonora Neumann, who helped her to perform a voice test for teacher Sixto Mar\u00eda Dur\u00e1n. He later became her private teacher. In 1922, Carlota participated in a singing competition for amateurs at the Ed\u00e9n theater in Quito, singing in a duet with her sister In\u00e9s hers, and both won the single prize that consisted of a guitar and a guindola. Shortly after graduating, Carlota and In\u00e9s were summoned by Professor Rafael Ramos Albuja, musician and former conductor of the Spanish Esperanza Iris company, to found the Ramos Albuja Magazines and Varieties Company, but the young women were forbidden by their mother to act and sing.<\/div>\n<p>&nbsp;<\/p>\n<div dir=\"auto\"><\/div>\n<div dir=\"auto\">Additionally, the Ecuadorian public was accustomed to European operas and operettas, and resisted the indigenous. However, the first presentation of the Company was a success and the Jaramillo sisters were highly applauded. In 1926 another Comedies and Varieties company was formed and Carlota was its first actress. Carlota and In\u00e9s were friends with Jorge Araujo Chiriboga, actor, singer, composer and artistic representative, with whom Carlota married despite opposition from her family. In 1935 the singer began her career as a soloist in the HCJB radio programs, interpreting not only corridors but pasodobles and tangos.<\/div>\n<p>&nbsp;<\/p>\n<div dir=\"auto\"><\/div>\n<\/div>\n<div class=\"cxmmr5t8 oygrvhab hcukyx3x c1et5uql o9v6fnle\" style=\"text-align: justify;\">\n<div dir=\"auto\">She also appeared three times a week on Radio Quito. In 1938 she recorded her first single, Honda pena, which sold a thousand copies in a month. It was the first time that a national artist recorded in the country. The public and the media baptized her as &#8220;queen of the hall&#8221; and also as &#8220;Quito lark&#8221;.<\/div>\n<p>&nbsp;<\/p>\n<div dir=\"auto\"><\/div>\n<div dir=\"auto\">With the Emporio Musical label she recorded as a duet with Luis Alberto Valencia and several new albums followed with success. However, the singer did not live on her art but as Inspector General of the Bol\u00edvar College and later as an Assistant in the Ministry of Economy in the time of Velasco Ibarra. She retired at 54 with a modest pension. In 1970, when her husband Jorge Araujo died, the singer put an end to her musical career. She passed away in 1987 at the age of 83.<\/div>\n<p>&nbsp;<\/p>\n<div dir=\"auto\"><\/div>\n<\/div>\n<div class=\"cxmmr5t8 oygrvhab hcukyx3x c1et5uql o9v6fnle\" style=\"text-align: justify;\">\n<div dir=\"auto\"><strong>Discography<\/strong><\/div>\n<p>&nbsp;<\/p>\n<div dir=\"auto\"><\/div>\n<\/div>\n<div class=\"cxmmr5t8 oygrvhab hcukyx3x c1et5uql o9v6fnle\" style=\"text-align: justify;\">\n<table width=\"737\">\n<tbody>\n<tr>\n<td style=\"text-align: center;\" width=\"182\"><strong>Temas Aut\u00f3ctono<\/strong><\/td>\n<td style=\"text-align: center;\" width=\"391\"><strong>Escuchar tema<\/strong><\/td>\n<td style=\"text-align: center;\" width=\"164\"><strong>A\u00f1o de Publicacion<\/strong><\/td>\n<\/tr>\n<tr>\n<td>1<\/td>\n<td>La Ingratitud (Albazo Ecuador)<\/td>\n<td>1935<\/td>\n<\/tr>\n<tr>\n<td>2<\/td>\n<td>A unos ojos<\/td>\n<td>2010<\/td>\n<\/tr>\n<tr>\n<td>3<\/td>\n<td>A Unos Ojos (Pasillo Ecuador)<\/td>\n<td>2010<\/td>\n<\/tr>\n<tr>\n<td>4<\/td>\n<td>Esta guitarra vieja<\/td>\n<td>1970<\/td>\n<\/tr>\n<tr>\n<td>5<\/td>\n<td>Honda pena<\/td>\n<td>1970<\/td>\n<\/tr>\n<tr>\n<td>6<\/td>\n<td>Aquellos ojos<\/td>\n<td>1970<\/td>\n<\/tr>\n<tr>\n<td>7<\/td>\n<td>apostemos que me caso<\/td>\n<td>1972<\/td>\n<\/tr>\n<tr>\n<td>8<\/td>\n<td>Esta pena m\u00eda<\/td>\n<td>1970<\/td>\n<\/tr>\n<tr>\n<td>9<\/td>\n<td>Profunda Herida (Pasillo Ecuador)<\/td>\n<td>1935<\/td>\n<\/tr>\n<tr>\n<td>10<\/td>\n<td>Arias Intimas (Yarav\u00ed Ecuador)<\/td>\n<td>2010<\/td>\n<\/tr>\n<tr>\n<td><\/td>\n<td><\/td>\n<td><\/td>\n<\/tr>\n<tr>\n<td style=\"text-align: center;\"><\/td>\n<td style=\"text-align: center;\"><strong>Eternamente<\/strong><\/td>\n<td style=\"text-align: center;\"><strong>1970<\/strong><\/td>\n<\/tr>\n<tr>\n<td><\/td>\n<td style=\"text-align: center;\"><strong>Lista de T\u00edtulos<\/strong><\/td>\n<td><\/td>\n<\/tr>\n<tr>\n<td>1<\/td>\n<td>Sabor De L\u00e1grimas<\/td>\n<td><\/td>\n<\/tr>\n<tr>\n<td>2<\/td>\n<td>Aquellos Ojos<\/td>\n<td><\/td>\n<\/tr>\n<tr>\n<td>3<\/td>\n<td>Esta Guitarra Vieja<\/td>\n<td><\/td>\n<\/tr>\n<tr>\n<td>4<\/td>\n<td>Mi Voluntad<\/td>\n<td><\/td>\n<\/tr>\n<tr>\n<td>5<\/td>\n<td>Honda Pena<\/td>\n<td><\/td>\n<\/tr>\n<tr>\n<td>6<\/td>\n<td>Esta Noche<\/td>\n<td><\/td>\n<\/tr>\n<tr>\n<td>7<\/td>\n<td>Esta Pena Mia<\/td>\n<td><\/td>\n<\/tr>\n<tr>\n<td>8<\/td>\n<td>Almas Gemelas<\/td>\n<td><\/td>\n<\/tr>\n<tr>\n<td>9<\/td>\n<td>Si Tu Me Olvidas<\/td>\n<td><\/td>\n<\/tr>\n<tr>\n<td>10<\/td>\n<td>Despedida<\/td>\n<td><\/td>\n<\/tr>\n<tr>\n<td>11<\/td>\n<td>Grito Del Alma<\/td>\n<td><\/td>\n<\/tr>\n<tr>\n<td>12<\/td>\n<td>Es En Vano<\/td>\n<td><\/td>\n<\/tr>\n<tr>\n<td><\/td>\n<td><\/td>\n<td><\/td>\n<\/tr>\n<tr>\n<td style=\"text-align: center;\"><\/td>\n<td style=\"text-align: center;\"><strong>Recuerdos<\/strong><\/td>\n<td style=\"text-align: center;\"><strong>1972<\/strong><\/td>\n<\/tr>\n<tr>\n<td style=\"text-align: center;\"><\/td>\n<td style=\"text-align: center;\"><strong>Lista de T\u00edtulos<\/strong><\/td>\n<td style=\"text-align: center;\"><\/td>\n<\/tr>\n<tr>\n<td>1<\/td>\n<td>Si Tu Me Olvidas<\/td>\n<td><\/td>\n<\/tr>\n<tr>\n<td>2<\/td>\n<td>Para Mi Tus Recuerdos<\/td>\n<td><\/td>\n<\/tr>\n<tr>\n<td>3<\/td>\n<td>Solo Por Tu Amor<\/td>\n<td><\/td>\n<\/tr>\n<tr>\n<td>5<\/td>\n<td>Nunca<\/td>\n<td><\/td>\n<\/tr>\n<tr>\n<td>6<\/td>\n<td>Adios<\/td>\n<td><\/td>\n<\/tr>\n<tr>\n<td>7<\/td>\n<td>Apostemos Que Me Caso<\/td>\n<td><\/td>\n<\/tr>\n<tr>\n<td>8<\/td>\n<td>Atardecer<\/td>\n<td><\/td>\n<\/tr>\n<tr>\n<td>9<\/td>\n<td>La Cancion de los Andes<\/td>\n<td><\/td>\n<\/tr>\n<tr>\n<td>10<\/td>\n<td>Claro de Luna<\/td>\n<td><\/td>\n<\/tr>\n<tr>\n<td><\/td>\n<td><\/td>\n<td><\/td>\n<\/tr>\n<tr>\n<td style=\"text-align: center;\"><\/td>\n<td style=\"text-align: center;\"><strong>Ecuador Y Sus Grandes Interpretes<\/strong><\/td>\n<td><\/td>\n<\/tr>\n<tr>\n<td>1<\/td>\n<td>La Ingratitud<\/td>\n<td><\/td>\n<\/tr>\n<tr>\n<td>2<\/td>\n<td>Ojos Azules<\/td>\n<td><\/td>\n<\/tr>\n<tr>\n<td>3<\/td>\n<td>Nostalgia<\/td>\n<td><\/td>\n<\/tr>\n<tr>\n<td>4<\/td>\n<td>Profunda Herida<\/td>\n<td><\/td>\n<\/tr>\n<tr>\n<td>5<\/td>\n<td>Tormentos<\/td>\n<td><\/td>\n<\/tr>\n<tr>\n<td>6<\/td>\n<td>El Pa\u00f1uelito<\/td>\n<td><\/td>\n<\/tr>\n<tr>\n<td>7<\/td>\n<td>Arias Intimas<\/td>\n<td><\/td>\n<\/tr>\n<tr>\n<td>8<\/td>\n<td>Chola Cuencana<\/td>\n<td><\/td>\n<\/tr>\n<tr>\n<td>9<\/td>\n<td>Manabi<\/td>\n<td><\/td>\n<\/tr>\n<tr>\n<td>10<\/td>\n<td>A Unos Ojos<\/td>\n<td><\/td>\n<\/tr>\n<tr>\n<td>11<\/td>\n<td>Dolencias<\/td>\n<td><\/td>\n<\/tr>\n<tr>\n<td>12<\/td>\n<td>Santuario<\/td>\n<td><\/td>\n<\/tr>\n<tr>\n<td><\/td>\n<td><\/td>\n<td><\/td>\n<\/tr>\n<tr>\n<td style=\"text-align: center;\"><\/td>\n<td style=\"text-align: center;\"><strong>Qui\u00e9reme \u00d1atita<\/strong><\/td>\n<td style=\"text-align: center;\"><strong>1957<\/strong><\/td>\n<\/tr>\n<tr>\n<td style=\"text-align: center;\"><\/td>\n<td style=\"text-align: center;\"><strong>Lista de T\u00edtulos<\/strong><\/td>\n<td><\/td>\n<\/tr>\n<tr>\n<td>1<\/td>\n<td>Qui\u00e9reme \u00d1atita<\/td>\n<td><\/td>\n<\/tr>\n<tr>\n<td>2<\/td>\n<td>Si Tu Me Olvidas<\/td>\n<td><\/td>\n<\/tr>\n<tr>\n<td><\/td>\n<td><\/td>\n<td><\/td>\n<\/tr>\n<tr>\n<td style=\"text-align: center;\"><\/td>\n<td style=\"text-align: center;\"><strong>Bonita Guambrita<\/strong><\/td>\n<td style=\"text-align: center;\"><strong>1967<\/strong><\/td>\n<\/tr>\n<tr>\n<td style=\"text-align: center;\"><\/td>\n<td style=\"text-align: center;\"><strong>Lista de T\u00edtulos<\/strong><\/td>\n<td><\/td>\n<\/tr>\n<tr>\n<td>1<\/td>\n<td>Bonita Guambrita<\/td>\n<td><\/td>\n<\/tr>\n<tr>\n<td>2<\/td>\n<td>Chamiza<\/td>\n<td><\/td>\n<\/tr>\n<tr>\n<td><\/td>\n<td><\/td>\n<td><\/td>\n<\/tr>\n<tr>\n<td><\/td>\n<td><\/td>\n<td><\/td>\n<\/tr>\n<tr>\n<td style=\"text-align: center;\"><\/td>\n<td style=\"text-align: center;\"><strong>Amor Imposible<\/strong><\/td>\n<td style=\"text-align: center;\"><strong>1967<\/strong><\/td>\n<\/tr>\n<tr>\n<td>1<\/td>\n<td>Amor Imposible<\/td>\n<td><\/td>\n<\/tr>\n<tr>\n<td>2<\/td>\n<td>Imploracion De Amor<\/td>\n<td><\/td>\n<\/tr>\n<tr>\n<td><\/td>\n<td><\/td>\n<td><\/td>\n<\/tr>\n<tr>\n<td style=\"text-align: center;\"><\/td>\n<td style=\"text-align: center;\"><strong>Aquellos Ojos \/ Almas Gemelas<\/strong><\/td>\n<td style=\"text-align: center;\"><strong>1971<\/strong><\/td>\n<\/tr>\n<tr>\n<td>1<\/td>\n<td>Aquellos Ojos<\/td>\n<td><\/td>\n<\/tr>\n<tr>\n<td>2<\/td>\n<td>Almas Gemelas<\/td>\n<td><\/td>\n<\/tr>\n<tr>\n<td><\/td>\n<td><\/td>\n<td><\/td>\n<\/tr>\n<tr>\n<td style=\"text-align: center;\"><\/td>\n<td style=\"text-align: center;\"><strong>A Unos Ojos \/ Profunda Herida<\/strong><\/td>\n<td><\/td>\n<\/tr>\n<tr>\n<td>1<\/td>\n<td>Profunda Herida<\/td>\n<td><\/td>\n<\/tr>\n<tr>\n<td>2<\/td>\n<td>A unos ojos<\/td>\n<td><\/td>\n<\/tr>\n<tr>\n<td><\/td>\n<td><\/td>\n<td><\/td>\n<\/tr>\n<tr>\n<td style=\"text-align: center;\"><\/td>\n<td style=\"text-align: center;\"><strong>\u00a0Carlota Jaramillo la Inolvidable<\/strong><\/td>\n<td style=\"text-align: center;\"><strong>1966<\/strong><\/td>\n<\/tr>\n<tr>\n<td style=\"text-align: center;\"><\/td>\n<td style=\"text-align: center;\"><strong>Lista de T\u00edtulos<\/strong><\/td>\n<td style=\"text-align: center;\"><\/td>\n<\/tr>\n<tr>\n<td>1<\/td>\n<td>Sendas Distintas<\/td>\n<td><\/td>\n<\/tr>\n<tr>\n<td>2<\/td>\n<td>Me Has Robado el Corazon<\/td>\n<td><\/td>\n<\/tr>\n<tr>\n<td>3<\/td>\n<td>Espinas<\/td>\n<td><\/td>\n<\/tr>\n<tr>\n<td>4<\/td>\n<td>Bonita Guambrita<\/td>\n<td><\/td>\n<\/tr>\n<tr>\n<td>5<\/td>\n<td>El Huasicama<\/td>\n<td><\/td>\n<\/tr>\n<tr>\n<td>6<\/td>\n<td>Mis Pesares<\/td>\n<td><\/td>\n<\/tr>\n<tr>\n<td>7<\/td>\n<td>Pajarillo<\/td>\n<td><\/td>\n<\/tr>\n<tr>\n<td>8<\/td>\n<td>Sin Esperanza<\/td>\n<td><\/td>\n<\/tr>\n<tr>\n<td>9<\/td>\n<td>Imploraci\u00f3n de Amor<\/td>\n<td><\/td>\n<\/tr>\n<tr>\n<td>10<\/td>\n<td>Chamiza<\/td>\n<td><\/td>\n<\/tr>\n<tr>\n<td>11<\/td>\n<td>Cholita Mia<\/td>\n<td><\/td>\n<\/tr>\n<tr>\n<td>12<\/td>\n<td>Amor Imposible<\/td>\n<td><\/td>\n<\/tr>\n<tr>\n<td><\/td>\n<td><\/td>\n<td><\/td>\n<\/tr>\n<tr>\n<td style=\"text-align: center;\"><\/td>\n<td style=\"text-align: center;\"><strong>Los Grandes Exitos De:Carlota Jaramillo<\/strong><\/td>\n<td style=\"text-align: center;\"><\/td>\n<\/tr>\n<tr>\n<td style=\"text-align: center;\"><\/td>\n<td style=\"text-align: center;\"><strong>Lista de T\u00edtulos<\/strong><\/td>\n<td><\/td>\n<\/tr>\n<tr>\n<td>1<\/td>\n<td>La Ingratitud<\/td>\n<td><\/td>\n<\/tr>\n<tr>\n<td>2<\/td>\n<td>Ojos Azules<\/td>\n<td><\/td>\n<\/tr>\n<tr>\n<td>3<\/td>\n<td>Nostalgia<\/td>\n<td><\/td>\n<\/tr>\n<tr>\n<td>4<\/td>\n<td>Profonda Herida<\/td>\n<td><\/td>\n<\/tr>\n<tr>\n<td>5<\/td>\n<td>Tormentos<\/td>\n<td><\/td>\n<\/tr>\n<tr>\n<td>6<\/td>\n<td>El Pa\u00f1uelito<\/td>\n<td><\/td>\n<\/tr>\n<tr>\n<td>7<\/td>\n<td>Arias Intimas<\/td>\n<td><\/td>\n<\/tr>\n<tr>\n<td>8<\/td>\n<td>Chola Cuencana<\/td>\n<td><\/td>\n<\/tr>\n<tr>\n<td>9<\/td>\n<td>Manabi<\/td>\n<td><\/td>\n<\/tr>\n<tr>\n<td>10<\/td>\n<td>A Unos Ojos<\/td>\n<td><\/td>\n<\/tr>\n<tr>\n<td>11<\/td>\n<td>Dolencias<\/td>\n<td><\/td>\n<\/tr>\n<tr>\n<td>12<\/td>\n<td>Santuario De Amor<\/td>\n<td><\/td>\n<\/tr>\n<tr>\n<td><\/td>\n<td><\/td>\n<td><\/td>\n<\/tr>\n<\/tbody>\n<\/table>\n<div dir=\"auto\"><\/div>\n<\/div>\n<div class=\"cxmmr5t8 oygrvhab hcukyx3x c1et5uql o9v6fnle\" style=\"text-align: justify;\">\n<div dir=\"auto\">Cr\u00e9ditos: Tomado de Wikipedia<\/div>\n<div dir=\"auto\"><a class=\"oajrlxb2 g5ia77u1 qu0x051f esr5mh6w e9989ue4 r7d6kgcz rq0escxv nhd2j8a9 nc684nl6 p7hjln8o kvgmc6g5 cxmmr5t8 oygrvhab hcukyx3x jb3vyjys rz4wbd8a qt6c0cv9 a8nywdso i1ao9s8h esuyzwwr f1sip0of lzcic4wl gpro0wi8 py34i1dx\" tabindex=\"0\" role=\"link\" href=\"https:\/\/en.wikipedia.org\/wiki\/Carlota_Jaramillo?fbclid=IwAR1UcEwBfCLo7yvGy-f4jvj3daiOhMvWrUzCgQnkyCI3AlVi_bGJUdhsgtw\" target=\"_blank\" rel=\"nofollow noopener\">https:\/\/en.wikipedia.org\/wiki\/Carlota_Jaramillo<\/a><\/div>\n<div dir=\"auto\"><\/div>\n<\/div>\n<div class=\"epyt-video-wrapper\"><iframe loading=\"lazy\"  id=\"_ytid_64945\"  width=\"618\" height=\"347\"  data-origwidth=\"618\" data-origheight=\"347\" src=\"https:\/\/www.youtube.com\/embed\/3kEobihpLEg?enablejsapi=1&#038;autoplay=0&#038;cc_load_policy=0&#038;cc_lang_pref=&#038;iv_load_policy=1&#038;loop=0&#038;modestbranding=0&#038;rel=1&#038;fs=1&#038;playsinline=0&#038;autohide=2&#038;theme=dark&#038;color=red&#038;controls=1&#038;\" class=\"__youtube_prefs__  epyt-is-override  no-lazyload\" title=\"YouTube player\"  allow=\"fullscreen; accelerometer; autoplay; clipboard-write; encrypted-media; gyroscope; picture-in-picture\" allowfullscreen data-no-lazy=\"1\" data-skipgform_ajax_framebjll=\"\"><\/iframe><\/div>\n","protected":false},"excerpt":{"rendered":"<p>&nbsp; Fecha de Nacimiento: 09 de Julio de 1904 &nbsp; Fecha de Fallecimiento: 10 de diciembre de 1987 (83 a\u00f1os) &nbsp; Biograf\u00eda: &nbsp; Hered\u00f3 su talento art\u00edstico de su abuelo materno y de su t\u00edo Timole\u00f3n Jaramillo, que le ense\u00f1aron a tocar la guitarra y a cantar m\u00fasica aut\u00f3ctona. Mientras cursaba la secundaria, Carlota encontr\u00f3 &hellip;<\/p>\n","protected":false},"author":1,"featured_media":0,"parent":0,"menu_order":0,"comment_status":"closed","ping_status":"closed","template":"","meta":{"footnotes":""},"class_list":["post-28537","page","type-page","status-publish",""],"jetpack_sharing_enabled":true,"_links":{"self":[{"href":"http:\/\/mickyandoniehn.com\/radio\/wp-json\/wp\/v2\/pages\/28537","targetHints":{"allow":["GET"]}}],"collection":[{"href":"http:\/\/mickyandoniehn.com\/radio\/wp-json\/wp\/v2\/pages"}],"about":[{"href":"http:\/\/mickyandoniehn.com\/radio\/wp-json\/wp\/v2\/types\/page"}],"author":[{"embeddable":true,"href":"http:\/\/mickyandoniehn.com\/radio\/wp-json\/wp\/v2\/users\/1"}],"replies":[{"embeddable":true,"href":"http:\/\/mickyandoniehn.com\/radio\/wp-json\/wp\/v2\/comments?post=28537"}],"version-history":[{"count":3,"href":"http:\/\/mickyandoniehn.com\/radio\/wp-json\/wp\/v2\/pages\/28537\/revisions"}],"predecessor-version":[{"id":75217,"href":"http:\/\/mickyandoniehn.com\/radio\/wp-json\/wp\/v2\/pages\/28537\/revisions\/75217"}],"wp:attachment":[{"href":"http:\/\/mickyandoniehn.com\/radio\/wp-json\/wp\/v2\/media?parent=28537"}],"curies":[{"name":"wp","href":"https:\/\/api.w.org\/{rel}","templated":true}]}}