{"id":28533,"date":"2022-08-26T10:17:26","date_gmt":"2022-08-26T16:17:26","guid":{"rendered":"https:\/\/mickyandoniehn.com\/radio\/?page_id=28533"},"modified":"2024-07-23T08:30:54","modified_gmt":"2024-07-23T14:30:54","slug":"ulpiano-vergara","status":"publish","type":"page","link":"http:\/\/mickyandoniehn.com\/radio\/ulpiano-vergara\/","title":{"rendered":"Ulpiano Vergara"},"content":{"rendered":"<p style=\"text-align: justify;\"><img loading=\"lazy\" decoding=\"async\" class=\" wp-image-73730 aligncenter\" src=\"http:\/\/mickyandoniehn.com\/radio\/wp-content\/uploads\/2023\/07\/Ulpiano-Vergara-300x250.jpg\" alt=\"\" width=\"508\" height=\"423\" srcset=\"http:\/\/mickyandoniehn.com\/radio\/wp-content\/uploads\/2023\/07\/Ulpiano-Vergara-300x250.jpg 300w, http:\/\/mickyandoniehn.com\/radio\/wp-content\/uploads\/2023\/07\/Ulpiano-Vergara-1024x852.jpg 1024w, http:\/\/mickyandoniehn.com\/radio\/wp-content\/uploads\/2023\/07\/Ulpiano-Vergara-768x639.jpg 768w, http:\/\/mickyandoniehn.com\/radio\/wp-content\/uploads\/2023\/07\/Ulpiano-Vergara.jpg 1080w\" sizes=\"auto, (max-width: 508px) 100vw, 508px\" \/><\/p>\n<p>&nbsp;<\/p>\n<p style=\"text-align: justify;\"><strong>Fecha de Nacimiento: 7 de julio de 1948<\/strong><\/p>\n<p style=\"text-align: justify;\"><strong>Biograf\u00eda<\/strong><\/p>\n<p style=\"text-align: justify;\">Nace un 7 de julio de 1948 en Las Tablas, Panam\u00e1. Sus padres son Abraham Vergara y Mercedes D\u00edaz de Vergara.<\/p>\n<p style=\"text-align: justify;\">Ulpiano lleva ya m\u00e1s de 40 a\u00f1os de trayectoria por lo que se convierte en una de las figuras m\u00e1s reconocidas de Panam\u00e1. Explica el cantante que tocaba acordeones desde los 6 a\u00f1os de edad. Tambi\u00e9n dice que las primeras notas se las ense\u00f1\u00f3 su hermano Hern\u00e1n Vergara.<\/p>\n<p style=\"text-align: justify;\">Su conjunto ha estado conformado con muchos artistas, entre ellos Domingo &#8220;Mingo&#8221; Cede\u00f1o, Dalys Villarreal, Franklin Vergara (hermano), Luis Rey (Lucho) De Sedas, Elita Delgado entre otros. Su trayectoria comienza desde muy peque\u00f1o cuando toca su primer baile en San Miguel, pueblo vecino a San Jos\u00e9. Luego viene a estudiar a Panama al Instituto Nacional donde participa en el conjunto folcl\u00f3rico de la profesora Petita Escobar, donde tiene la oportunidad de viajar al exterior y con el dinero que gana ah\u00ed comienza a guardar para comprarse sus primeros instrumentos. Su hermano Hern\u00e1n Vergara no estuvo de acuerdo al principio con esta vida pero el la escogi\u00f3 y la sigui\u00f3, cosechando \u00e9xitos.<\/p>\n<p style=\"text-align: justify;\"><strong>Date of Birth:<\/strong> July 7, 1948<\/p>\n<p style=\"text-align: justify;\"><strong>Biography<\/strong><\/p>\n<p style=\"text-align: justify;\">He was born on July 7, 1948 in Las Tablas, Panama. His parents are Abraham Vergara and Mercedes Diaz de Vergara.<\/p>\n<p style=\"text-align: justify;\">Ulpiano has been in business for more than 40 years, making him one of the most recognized figures in Panama. Explains the singer who played accordions since he was 6 years old. He also says that the first notes were taught to him by his brother Hern\u00e1n Vergara.<\/p>\n<p style=\"text-align: justify;\">His ensemble has been made up of many artists, including Domingo &#8220;Mingo&#8221; Cede\u00f1o, Dalys Villarreal, Franklin Vergara (brother), Luis Rey (Lucho) De Sedas, Elita Delgado, among others. His career began at a very young age when he played his first dance in San Miguel, a neighboring town to San Jos\u00e9. Then he comes to study in Panama at the National Institute where he participates in the folkloric group of Professor Petita Escobar, where he has the opportunity to travel abroad and with the money he earns there he begins to save to buy his first instruments. His brother Hern\u00e1n Vergara did not agree with this life at first, but he chose it and followed it, reaping success.<\/p>\n<p style=\"text-align: justify;\"><strong>Discography<\/strong><\/p>\n<table width=\"508\">\n<tbody>\n<tr>\n<td style=\"text-align: center;\" width=\"142\"><strong>Temas\u00a0<\/strong><b>Folcl\u00f3rica<\/b><\/td>\n<td style=\"text-align: center;\" width=\"232\"><strong>Escuchar tema<\/strong><\/td>\n<td style=\"text-align: center;\" width=\"134\"><strong>A\u00f1o de Publicaci\u00f3n<\/strong><\/td>\n<\/tr>\n<tr>\n<td style=\"text-align: center;\"><\/td>\n<td style=\"text-align: center;\"><strong>Sin Rencores<\/strong><\/td>\n<td style=\"text-align: center;\"><strong>1982<\/strong><\/td>\n<\/tr>\n<tr>\n<td>1<\/td>\n<td>Sin Rencores<\/td>\n<td><\/td>\n<\/tr>\n<tr>\n<td>2<\/td>\n<td>D\u00e9jalos Que Vengan<\/td>\n<td><\/td>\n<\/tr>\n<tr>\n<td>3<\/td>\n<td>El Pa\u00f1uelito<\/td>\n<td><\/td>\n<\/tr>\n<tr>\n<td>4<\/td>\n<td>Si El Mar Se Volviera Ron<\/td>\n<td><\/td>\n<\/tr>\n<tr>\n<td>5<\/td>\n<td>No Se Puede Vivir Sin Querer<\/td>\n<td><\/td>\n<\/tr>\n<tr>\n<td>6<\/td>\n<td>Paname\u00f1a Linda<\/td>\n<td><\/td>\n<\/tr>\n<tr>\n<td>7<\/td>\n<td>Leda Amaranto<\/td>\n<td><\/td>\n<\/tr>\n<tr>\n<td>8<\/td>\n<td>El Amor Que Me Ten\u00eda<\/td>\n<td><\/td>\n<\/tr>\n<tr>\n<td>9<\/td>\n<td>Te Invito Al Festival<\/td>\n<td><\/td>\n<\/tr>\n<tr>\n<td><\/td>\n<td><\/td>\n<td><\/td>\n<\/tr>\n<tr>\n<td style=\"text-align: center;\"><\/td>\n<td style=\"text-align: center;\"><strong>Ulpiano Vergara y Sus Exitos\u00a0<\/strong><\/td>\n<td style=\"text-align: center;\"><strong>1983<\/strong><\/td>\n<\/tr>\n<tr>\n<td>1<\/td>\n<td>Una Nueva Ilusion<\/td>\n<td><\/td>\n<\/tr>\n<tr>\n<td>2<\/td>\n<td>Eres Solo Para Mi<\/td>\n<td><\/td>\n<\/tr>\n<tr>\n<td>3<\/td>\n<td>No Puedo Vivir De Recuerdos<\/td>\n<td><\/td>\n<\/tr>\n<tr>\n<td>4<\/td>\n<td>Llevo Triste El Corazon<\/td>\n<td><\/td>\n<\/tr>\n<tr>\n<td>5<\/td>\n<td>San Antonio En Pe\u00f1a Blanca<\/td>\n<td><\/td>\n<\/tr>\n<tr>\n<td>6<\/td>\n<td>Recuerdo De Santa Rosa<\/td>\n<td><\/td>\n<\/tr>\n<tr>\n<td>7<\/td>\n<td>Venga A La Fiesta Del Pueblo<\/td>\n<td><\/td>\n<\/tr>\n<tr>\n<td>8<\/td>\n<td>Las Flores Del Camino<\/td>\n<td><\/td>\n<\/tr>\n<tr>\n<td>9<\/td>\n<td>No Me Pidas Que Te Olvide<\/td>\n<td><\/td>\n<\/tr>\n<tr>\n<td>10<\/td>\n<td>Te Pido Que No Te Vayas<\/td>\n<td><\/td>\n<\/tr>\n<tr>\n<td><\/td>\n<td><\/td>\n<td><\/td>\n<\/tr>\n<\/tbody>\n<\/table>\n<p style=\"text-align: justify;\"><a href=\"https:\/\/es.wikipedia.org\/wiki\/Ulpiano_Vergara\">https:\/\/es.wikipedia.org\/wiki\/Ulpiano_Vergara<\/a><\/p>\n<p style=\"text-align: justify;\"><a href=\"http:\/\/mejorescanciones.es\/ulpiano-vergara\">http:\/\/mejorescanciones.es\/ulpiano-vergara<\/a><\/p>\n<div class=\"epyt-video-wrapper\"><iframe loading=\"lazy\"  id=\"_ytid_99354\"  width=\"618\" height=\"347\"  data-origwidth=\"618\" data-origheight=\"347\" src=\"https:\/\/www.youtube.com\/embed\/1v8GDCqZXK0?enablejsapi=1&#038;autoplay=0&#038;cc_load_policy=0&#038;cc_lang_pref=&#038;iv_load_policy=1&#038;loop=0&#038;modestbranding=0&#038;rel=1&#038;fs=1&#038;playsinline=0&#038;autohide=2&#038;theme=dark&#038;color=red&#038;controls=1&#038;\" class=\"__youtube_prefs__  epyt-is-override  no-lazyload\" title=\"YouTube player\"  allow=\"fullscreen; accelerometer; autoplay; clipboard-write; encrypted-media; gyroscope; picture-in-picture\" allowfullscreen data-no-lazy=\"1\" data-skipgform_ajax_framebjll=\"\"><\/iframe><\/div>\n","protected":false},"excerpt":{"rendered":"<p>&nbsp; Fecha de Nacimiento: 7 de julio de 1948 Biograf\u00eda Nace un 7 de julio de 1948 en Las Tablas, Panam\u00e1. Sus padres son Abraham Vergara y Mercedes D\u00edaz de Vergara. Ulpiano lleva ya m\u00e1s de 40 a\u00f1os de trayectoria por lo que se convierte en una de las figuras m\u00e1s reconocidas de Panam\u00e1. Explica &hellip;<\/p>\n","protected":false},"author":1,"featured_media":0,"parent":0,"menu_order":0,"comment_status":"closed","ping_status":"closed","template":"","meta":{"footnotes":""},"class_list":["post-28533","page","type-page","status-publish",""],"jetpack_sharing_enabled":true,"_links":{"self":[{"href":"http:\/\/mickyandoniehn.com\/radio\/wp-json\/wp\/v2\/pages\/28533","targetHints":{"allow":["GET"]}}],"collection":[{"href":"http:\/\/mickyandoniehn.com\/radio\/wp-json\/wp\/v2\/pages"}],"about":[{"href":"http:\/\/mickyandoniehn.com\/radio\/wp-json\/wp\/v2\/types\/page"}],"author":[{"embeddable":true,"href":"http:\/\/mickyandoniehn.com\/radio\/wp-json\/wp\/v2\/users\/1"}],"replies":[{"embeddable":true,"href":"http:\/\/mickyandoniehn.com\/radio\/wp-json\/wp\/v2\/comments?post=28533"}],"version-history":[{"count":2,"href":"http:\/\/mickyandoniehn.com\/radio\/wp-json\/wp\/v2\/pages\/28533\/revisions"}],"predecessor-version":[{"id":75211,"href":"http:\/\/mickyandoniehn.com\/radio\/wp-json\/wp\/v2\/pages\/28533\/revisions\/75211"}],"wp:attachment":[{"href":"http:\/\/mickyandoniehn.com\/radio\/wp-json\/wp\/v2\/media?parent=28533"}],"curies":[{"name":"wp","href":"https:\/\/api.w.org\/{rel}","templated":true}]}}