{"id":28513,"date":"2022-08-26T10:12:09","date_gmt":"2022-08-26T16:12:09","guid":{"rendered":"https:\/\/mickyandoniehn.com\/radio\/?page_id=28513"},"modified":"2022-09-01T11:56:10","modified_gmt":"2022-09-01T17:56:10","slug":"raul-seixas","status":"publish","type":"page","link":"http:\/\/mickyandoniehn.com\/radio\/raul-seixas\/","title":{"rendered":"Raul Seixas"},"content":{"rendered":"<p style=\"text-align: justify;\"><img loading=\"lazy\" decoding=\"async\" class=\" wp-image-25647 aligncenter\" src=\"http:\/\/mickyandoniehn.com\/radio\/wp-content\/uploads\/2022\/08\/Raul-Seixas-300x300.png\" alt=\"\" width=\"774\" height=\"774\" srcset=\"http:\/\/mickyandoniehn.com\/radio\/wp-content\/uploads\/2022\/08\/Raul-Seixas-300x300.png 300w, http:\/\/mickyandoniehn.com\/radio\/wp-content\/uploads\/2022\/08\/Raul-Seixas-150x150.png 150w, http:\/\/mickyandoniehn.com\/radio\/wp-content\/uploads\/2022\/08\/Raul-Seixas.png 316w\" sizes=\"auto, (max-width: 774px) 100vw, 774px\" \/><\/p>\n<p>&nbsp;<\/p>\n<div class=\"cxmmr5t8 oygrvhab hcukyx3x c1et5uql o9v6fnle ii04i59q\" style=\"text-align: justify;\">\n<div dir=\"auto\"><strong>Fecha de Nacimiento<\/strong> 28 de junio de 1945<\/div>\n<p>&nbsp;<\/p>\n<div dir=\"auto\"><\/div>\n<div dir=\"auto\"><strong>Fecha de Fallecimiento<\/strong> 21 de agosto de 1989 (44 a\u00f1os)<\/div>\n<p>&nbsp;<\/p>\n<div dir=\"auto\"><\/div>\n<\/div>\n<div class=\"cxmmr5t8 oygrvhab hcukyx3x c1et5uql o9v6fnle ii04i59q\" style=\"text-align: justify;\">\n<div dir=\"auto\"><strong>Biograf\u00eda<\/strong><\/div>\n<p>&nbsp;<\/p>\n<div dir=\"auto\"><\/div>\n<div dir=\"auto\">Fue un cantor y compositor brasile\u00f1o, pionero del rock brasile\u00f1o. Por esa raz\u00f3n es conocido en Brasil como padre del rock and roll brasile\u00f1o.<\/div>\n<p>&nbsp;<\/p>\n<div dir=\"auto\"><\/div>\n<\/div>\n<div class=\"cxmmr5t8 oygrvhab hcukyx3x c1et5uql o9v6fnle ii04i59q\" style=\"text-align: justify;\">\n<div dir=\"auto\">Su gusto musical se fue modelando: primero, por la radio, a trav\u00e9s de la cual fue impactado por el \u00e9xito de Luiz Gonzaga, y por los viajes en los que acompa\u00f1aba a su padre (inspector ferroviario), donde o\u00eda en las bodegas los desaf\u00edos entre repentistas, conformando una &#8220;ra\u00edz&#8221; nordestina que nunca lo abandonar\u00eda.<\/div>\n<div dir=\"auto\"><\/div>\n<p>&nbsp;<\/p>\n<\/div>\n<div class=\"cxmmr5t8 oygrvhab hcukyx3x c1et5uql o9v6fnle ii04i59q\" style=\"text-align: justify;\">\n<div dir=\"auto\">En un segundo momento, en el cine, qued\u00f3 subyugado con el talento de Elvis Presley, de quien se vuelve fan, decidiendo su rumbo musical: el Rock&#8217;n Roll. Adem\u00e1s, siempre disfrut\u00f3 de los cl\u00e1sicos del rock de los a\u00f1os 50 y 60.<\/div>\n<p>&nbsp;<\/p>\n<div dir=\"auto\"><\/div>\n<\/div>\n<div class=\"cxmmr5t8 oygrvhab hcukyx3x c1et5uql o9v6fnle ii04i59q\" style=\"text-align: justify;\">\n<div dir=\"auto\">En 1973, contratado por Philips (actual Universal Music), grab\u00f3 el \u00e1lbum Krig-Ha, Bandolo! con el cual alcanz\u00f3 el \u00e9xito, y estableci\u00f3 una fruct\u00edfera dupla creativa con el hoy mundialmente famoso escritor Paulo Coelho.<\/div>\n<p>&nbsp;<\/p>\n<div dir=\"auto\"><\/div>\n<\/div>\n<div class=\"cxmmr5t8 oygrvhab hcukyx3x c1et5uql o9v6fnle ii04i59q\" style=\"text-align: justify;\">\n<div dir=\"auto\">El \u00faltimo \u00e1lbum lanzado en vida fue realizado junto con Marcelo Nova, titulado &#8220;A Panela do Diabo&#8221; (La Caldera del Diablo), que fue lanzado por Warner Music Brasil dos d\u00edas antes de su muerte.<\/div>\n<div dir=\"auto\"><\/div>\n<\/div>\n<div class=\"cxmmr5t8 oygrvhab hcukyx3x c1et5uql o9v6fnle ii04i59q\" style=\"text-align: justify;\">\n<div dir=\"auto\">Raul Seixas muri\u00f3 el 21 de agosto de 1989, a los 44 a\u00f1os de edad. Su cuerpo fue encontrado a las ocho horas de la ma\u00f1ana, por su empleada de hogar, Dalva. Falleci\u00f3 por un paro card\u00edaco como resultado de su alcoholismo agravado por su diabetes, y por no haber tomado la insulina la noche anterior.<\/div>\n<p>&nbsp;<\/p>\n<div dir=\"auto\"><\/div>\n<\/div>\n<div class=\"cxmmr5t8 oygrvhab hcukyx3x c1et5uql o9v6fnle ii04i59q\" style=\"text-align: justify;\">\n<div dir=\"auto\">Ese le caus\u00f3 una pancreatitis aguda fulminante. &#8220;A Panela do Diabo&#8221; (La Cacerola del Diablo) vendi\u00f3 m\u00e1s de 100.000 copias, que lleg\u00f3 a disco de oro p\u00f3stumo. Le fue entregado a su familia y tambi\u00e9n a Marcelo Nova, constituy\u00e9ndose en uno de los discos de mayor \u00e9xito.<\/div>\n<p>&nbsp;<\/p>\n<div dir=\"auto\"><\/div>\n<\/div>\n<div class=\"cxmmr5t8 oygrvhab hcukyx3x c1et5uql o9v6fnle ii04i59q\" style=\"text-align: justify;\">\n<div dir=\"auto\"><strong>Wikipedia in English<\/strong><\/div>\n<p>&nbsp;<\/p>\n<div dir=\"auto\"><\/div>\n<\/div>\n<div class=\"cxmmr5t8 oygrvhab hcukyx3x c1et5uql o9v6fnle ii04i59q\" style=\"text-align: justify;\">\n<div dir=\"auto\"><strong>Biography<\/strong><\/div>\n<p>&nbsp;<\/p>\n<div dir=\"auto\"><\/div>\n<div dir=\"auto\"><strong>Born:<\/strong> June 28, 1945<\/div>\n<p>&nbsp;<\/p>\n<div dir=\"auto\"><\/div>\n<div dir=\"auto\"><strong>Died<\/strong> August 21, 1989 (44 years)<\/div>\n<p>&nbsp;<\/p>\n<div dir=\"auto\"><\/div>\n<div dir=\"auto\">He was a Brazilian singer and composer, a pioneer of Brazilian rock. For that reason he is known in Brazil as the father of Brazilian rock and roll.<\/div>\n<p>&nbsp;<\/p>\n<div dir=\"auto\"><\/div>\n<\/div>\n<div class=\"cxmmr5t8 oygrvhab hcukyx3x c1et5uql o9v6fnle ii04i59q\" style=\"text-align: justify;\">\n<div dir=\"auto\">His musical taste was shaped: first, by the radio, through which he was impacted by the success of Luiz Gonzaga, and by the trips in which he accompanied his father (railway inspector), where he heard the challenges in the warehouses. among repentistas, forming a northeastern &#8220;root&#8221; that would never abandon it.<\/div>\n<div dir=\"auto\"><\/div>\n<p>&nbsp;<\/p>\n<\/div>\n<div class=\"cxmmr5t8 oygrvhab hcukyx3x c1et5uql o9v6fnle ii04i59q\" style=\"text-align: justify;\">\n<div dir=\"auto\">In a second moment, in the cinema, he was captivated by the talent of Elvis Presley, of whom he became a fan, deciding his musical direction: Rock&#8217;n Roll. Also, he always enjoyed rock classics from the 50s and 60s.<\/div>\n<div dir=\"auto\"><\/div>\n<p>&nbsp;<\/p>\n<\/div>\n<div class=\"cxmmr5t8 oygrvhab hcukyx3x c1et5uql o9v6fnle ii04i59q\" style=\"text-align: justify;\">\n<div dir=\"auto\">In 1973, hired by Philips (now Universal Music), he recorded the album Krig-Ha, Bandolo! with which he achieved success, and established a fruitful creative duo with the now world famous writer Paulo Coelho.<\/div>\n<div dir=\"auto\"><\/div>\n<p>&nbsp;<\/p>\n<\/div>\n<div class=\"cxmmr5t8 oygrvhab hcukyx3x c1et5uql o9v6fnle ii04i59q\" style=\"text-align: justify;\">\n<div dir=\"auto\">The last album released in life was made together with Marcelo Nova, entitled &#8220;A Panela do Diabo&#8221; (The Devil&#8217;s Caldera), which was released by Warner Music Brasil two days before his death.<\/div>\n<div dir=\"auto\"><\/div>\n<p>&nbsp;<\/p>\n<\/div>\n<div class=\"cxmmr5t8 oygrvhab hcukyx3x c1et5uql o9v6fnle ii04i59q\" style=\"text-align: justify;\">\n<div dir=\"auto\">Raul Seixas died on August 21, 1989, at the age of 44. His body was found at eight o&#8217;clock in the morning, by his housekeeper, Dalva. He passed away from cardiac arrest as a result of his alcoholism compounded by his diabetes, and from not taking his insulin the night before.<\/div>\n<div dir=\"auto\"><\/div>\n<p>&nbsp;<\/p>\n<\/div>\n<div class=\"cxmmr5t8 oygrvhab hcukyx3x c1et5uql o9v6fnle ii04i59q\" style=\"text-align: justify;\">\n<div dir=\"auto\">That one caused fulminant acute pancreatitis. &#8220;A Panela do Diabo&#8221; (La Cacerola del Diablo) sold more than 100,000 copies, which reached a posthumous gold record. It was given to his family and also to Marcelo Nova, becoming one of the most successful albums.<\/div>\n<p>&nbsp;<\/p>\n<div dir=\"auto\"><\/div>\n<\/div>\n<div class=\"cxmmr5t8 oygrvhab hcukyx3x c1et5uql o9v6fnle ii04i59q\" style=\"text-align: justify;\">\n<div dir=\"auto\"><strong>Discography<\/strong><\/div>\n<p>&nbsp;<\/p>\n<div dir=\"auto\"><\/div>\n<div dir=\"auto\">\n<table style=\"height: 3915px;\" width=\"781\">\n<tbody>\n<tr>\n<td style=\"text-align: center;\" width=\"168\"><strong>Temas\u00a0\u00a0\u00a0 Rock Brasile\u00f1o<\/strong><\/td>\n<td style=\"text-align: center;\" width=\"237\"><strong>Escuchar tema<\/strong><\/td>\n<td style=\"text-align: center;\" width=\"201\"><strong>A\u00f1o de Publicacion<\/strong><\/td>\n<\/tr>\n<tr>\n<td>1<\/td>\n<td>\u00a0Tente Outra Vez<\/td>\n<td>1975<\/td>\n<\/tr>\n<tr>\n<td>2<\/td>\n<td>\u00a0Ouro De Tolo<\/td>\n<td>1973<\/td>\n<\/tr>\n<tr>\n<td>3<\/td>\n<td>\u00a0Maluco Beleza<\/td>\n<td>1977<\/td>\n<\/tr>\n<tr>\n<td>4<\/td>\n<td>\u00a0Medo Da Chuva<\/td>\n<td>1974<\/td>\n<\/tr>\n<tr>\n<td>5<\/td>\n<td>\u00a0Al Capone<\/td>\n<td>1974<\/td>\n<\/tr>\n<tr>\n<td>6<\/td>\n<td>\u00a0Cowboy fora da lei<\/td>\n<td>1987<\/td>\n<\/tr>\n<tr>\n<td>7<\/td>\n<td>\u00a0Gita<\/td>\n<td>1974<\/td>\n<\/tr>\n<tr>\n<td>8<\/td>\n<td>\u00a0Eu Nasce H\u00e1 10 Mil Anos Atr\u00e1s<\/td>\n<td>1976<\/td>\n<\/tr>\n<tr>\n<td>9<\/td>\n<td>\u00a0O Dia Em Que A Terra Parou<\/td>\n<td>1977<\/td>\n<\/tr>\n<tr>\n<td>10<\/td>\n<td>\u00a0Eu Tamb\u00e9m Vou Reclamar<\/td>\n<td>1976<\/td>\n<\/tr>\n<tr>\n<td>11<\/td>\n<td>\u00a0Eu Sou Ego\u00edsta<\/td>\n<td>1975<\/td>\n<\/tr>\n<tr>\n<td>12<\/td>\n<td>\u00a0Por Quem Os Sinos Dobram<\/td>\n<td>1979<\/td>\n<\/tr>\n<tr>\n<td>13<\/td>\n<td>\u00a0Loteria Da Babil\u00f4nia<\/td>\n<td>1974<\/td>\n<\/tr>\n<tr>\n<td>14<\/td>\n<td>\u00a0Como vov\u00f3 j\u00e1 dizia<\/td>\n<td>1973<\/td>\n<\/tr>\n<tr>\n<td>15<\/td>\n<td>\u00a0Capim Guin\u00e9<\/td>\n<td>1983<\/td>\n<\/tr>\n<tr>\n<td><\/td>\n<td><\/td>\n<td><\/td>\n<\/tr>\n<tr>\n<td style=\"text-align: center;\"><\/td>\n<td style=\"text-align: center;\"><strong>Gita<\/strong><\/td>\n<td style=\"text-align: center;\"><strong>1974<\/strong><\/td>\n<\/tr>\n<tr>\n<td>1<\/td>\n<td>Super-Her is<\/td>\n<td><\/td>\n<\/tr>\n<tr>\n<td>2<\/td>\n<td>Medo da chuva<\/td>\n<td><\/td>\n<\/tr>\n<tr>\n<td>3<\/td>\n<td colspan=\"2\">As aventuras de Raul Seixas na cidade de Thor<\/td>\n<\/tr>\n<tr>\n<td>4<\/td>\n<td>\u00c1gua Viva<\/td>\n<td><\/td>\n<\/tr>\n<tr>\n<td>5<\/td>\n<td>Moleque maravilhoso<\/td>\n<td><\/td>\n<\/tr>\n<tr>\n<td>6<\/td>\n<td>Sess o das 10<\/td>\n<td><\/td>\n<\/tr>\n<tr>\n<td>7<\/td>\n<td>Sociedade alternativa<\/td>\n<td><\/td>\n<\/tr>\n<tr>\n<td>8<\/td>\n<td>O trem das 7<\/td>\n<td><\/td>\n<\/tr>\n<tr>\n<td>9<\/td>\n<td>S.O.S.<\/td>\n<td><\/td>\n<\/tr>\n<tr>\n<td>10<\/td>\n<td>Prel dio<\/td>\n<td><\/td>\n<\/tr>\n<tr>\n<td>11<\/td>\n<td>Loteria da Babil nia<\/td>\n<td><\/td>\n<\/tr>\n<tr>\n<td>12<\/td>\n<td>Gita<\/td>\n<td><\/td>\n<\/tr>\n<tr>\n<td><\/td>\n<td><\/td>\n<td><\/td>\n<\/tr>\n<tr>\n<td style=\"text-align: center;\"><\/td>\n<td style=\"text-align: center;\"><strong>Krig-ha, Bandallo!<\/strong><\/td>\n<td style=\"text-align: center;\"><strong>1973<\/strong><\/td>\n<\/tr>\n<tr>\n<td>1<\/td>\n<td>Introdu\u00e7\u00e3o: Good Rockin&#8217; Tonight<\/td>\n<td><\/td>\n<\/tr>\n<tr>\n<td>2<\/td>\n<td>Mosca na sopa<\/td>\n<td><\/td>\n<\/tr>\n<tr>\n<td>3<\/td>\n<td>Metamorfose ambulante<\/td>\n<td><\/td>\n<\/tr>\n<tr>\n<td>4<\/td>\n<td>Dentadura Posti\u00e7a<\/td>\n<td><\/td>\n<\/tr>\n<tr>\n<td>5<\/td>\n<td>As minas do Rei Salomado<\/td>\n<td><\/td>\n<\/tr>\n<tr>\n<td>6<\/td>\n<td>A Hora do Trem Passar<\/td>\n<td><\/td>\n<\/tr>\n<tr>\n<td>7<\/td>\n<td>Al Capone<\/td>\n<td><\/td>\n<\/tr>\n<tr>\n<td>8<\/td>\n<td>How Could I Know<\/td>\n<td><\/td>\n<\/tr>\n<tr>\n<td>9<\/td>\n<td>Rockixe<\/td>\n<td><\/td>\n<\/tr>\n<tr>\n<td>10<\/td>\n<td>Cachorro &#8211; Urubu<\/td>\n<td><\/td>\n<\/tr>\n<tr>\n<td>11<\/td>\n<td>Ouro de tolo<\/td>\n<td><\/td>\n<\/tr>\n<tr>\n<td>12<\/td>\n<td>Ta Gravando Ai Meu Mego?<\/td>\n<td><\/td>\n<\/tr>\n<tr>\n<td><\/td>\n<td><\/td>\n<td><\/td>\n<\/tr>\n<tr>\n<td style=\"text-align: center;\"><\/td>\n<td style=\"text-align: center;\"><strong>H\u00e1 10 Mil Anos Atr\u00e1s<\/strong><\/td>\n<td style=\"text-align: center;\"><strong>1976<\/strong><\/td>\n<\/tr>\n<tr>\n<td>1<\/td>\n<td>Canto para minha morte<\/td>\n<td><\/td>\n<\/tr>\n<tr>\n<td>2<\/td>\n<td>Meu amigo Pedro<\/td>\n<td><\/td>\n<\/tr>\n<tr>\n<td>3<\/td>\n<td>Ave Maria da Rua<\/td>\n<td><\/td>\n<\/tr>\n<tr>\n<td>4<\/td>\n<td>Quando voc\u00ea crescer<\/td>\n<td><\/td>\n<\/tr>\n<tr>\n<td>5<\/td>\n<td>O dia da saudade<\/td>\n<td><\/td>\n<\/tr>\n<tr>\n<td>6<\/td>\n<td>Eu Tambem Vou Reclamar<\/td>\n<td><\/td>\n<\/tr>\n<tr>\n<td>7<\/td>\n<td>As Minas Do Rei Salomao<\/td>\n<td><\/td>\n<\/tr>\n<tr>\n<td>8<\/td>\n<td>O homem<\/td>\n<td><\/td>\n<\/tr>\n<tr>\n<td>9<\/td>\n<td>Os N\u00fameros<\/td>\n<td><\/td>\n<\/tr>\n<tr>\n<td>10<\/td>\n<td>Cantiga de ninar<\/td>\n<td><\/td>\n<\/tr>\n<tr>\n<td>11<\/td>\n<td>Eu Nasci H\u00e1 10 Mil Anos Atr\u00e1s<\/td>\n<td><\/td>\n<\/tr>\n<tr>\n<td><\/td>\n<td><\/td>\n<td><\/td>\n<\/tr>\n<tr>\n<td style=\"text-align: center;\"><\/td>\n<td style=\"text-align: center;\"><strong>O Dia em que a Terra Parou<\/strong><\/td>\n<td style=\"text-align: center;\"><strong>1977<\/strong><\/td>\n<\/tr>\n<tr>\n<td>1<\/td>\n<td>Tapanacara<\/td>\n<td><\/td>\n<\/tr>\n<tr>\n<td>2<\/td>\n<td>Maluco beleza<\/td>\n<td><\/td>\n<\/tr>\n<tr>\n<td>3<\/td>\n<td>O dia em que a Terra parou<\/td>\n<td><\/td>\n<\/tr>\n<tr>\n<td>4<\/td>\n<td>No fundo do quintal da escola<\/td>\n<td><\/td>\n<\/tr>\n<tr>\n<td>5<\/td>\n<td>Eu quero mesmo<\/td>\n<td><\/td>\n<\/tr>\n<tr>\n<td>6<\/td>\n<td>Sapato 36<\/td>\n<td><\/td>\n<\/tr>\n<tr>\n<td>7<\/td>\n<td>Voc\u00ea<\/td>\n<td><\/td>\n<\/tr>\n<tr>\n<td>8<\/td>\n<td>Sim<\/td>\n<td><\/td>\n<\/tr>\n<tr>\n<td>9<\/td>\n<td>Que luz \u00e9 essa?<\/td>\n<td><\/td>\n<\/tr>\n<tr>\n<td>10<\/td>\n<td>De cabe\u00e7a-pra-baixo<\/td>\n<td><\/td>\n<\/tr>\n<tr>\n<td><\/td>\n<td><\/td>\n<td><\/td>\n<\/tr>\n<tr>\n<td style=\"text-align: center;\"><\/td>\n<td style=\"text-align: center;\"><strong>A Panela do Diabo<\/strong><\/td>\n<td style=\"text-align: center;\"><strong>1989<\/strong><\/td>\n<\/tr>\n<tr>\n<td>1<\/td>\n<td>Be Pop a Lulla<\/td>\n<td><\/td>\n<\/tr>\n<tr>\n<td>2<\/td>\n<td>Rock n&#8217; Roll<\/td>\n<td><\/td>\n<\/tr>\n<tr>\n<td>3<\/td>\n<td>Carpinteiro do Universo<\/td>\n<td><\/td>\n<\/tr>\n<tr>\n<td>4<\/td>\n<td>Quando eu morri<\/td>\n<td><\/td>\n<\/tr>\n<tr>\n<td>5<\/td>\n<td>Banquete de lixo<\/td>\n<td><\/td>\n<\/tr>\n<tr>\n<td>6<\/td>\n<td>Pastor Jo\u00e3o e a Igreja Invis\u00edvel<\/td>\n<td><\/td>\n<\/tr>\n<tr>\n<td>7<\/td>\n<td>S\u00e9culo XXI<\/td>\n<td><\/td>\n<\/tr>\n<tr>\n<td>8<\/td>\n<td>Nuit<\/td>\n<td><\/td>\n<\/tr>\n<tr>\n<td>9<\/td>\n<td>Best Seller<\/td>\n<td><\/td>\n<\/tr>\n<tr>\n<td>10<\/td>\n<td>Voc\u00ea roubou meu v\u00eddeo cassete<\/td>\n<td><\/td>\n<\/tr>\n<tr>\n<td>11<\/td>\n<td>C\u00e3imbra no P\u00e9<\/td>\n<td><\/td>\n<\/tr>\n<tr>\n<td><\/td>\n<td><\/td>\n<td><\/td>\n<\/tr>\n<tr>\n<td style=\"text-align: center;\"><\/td>\n<td style=\"text-align: center;\"><strong>Novo Aeon<\/strong><\/td>\n<td style=\"text-align: center;\"><strong>1975<\/strong><\/td>\n<\/tr>\n<tr>\n<td>1<\/td>\n<td>Tente Outra Vez<\/td>\n<td><\/td>\n<\/tr>\n<tr>\n<td>2<\/td>\n<td>Rock do Diabo<\/td>\n<td><\/td>\n<\/tr>\n<tr>\n<td>3<\/td>\n<td>A Ma\u00e7\u00e3<\/td>\n<td><\/td>\n<\/tr>\n<tr>\n<td>4<\/td>\n<td>Eu sou ego\u00edsta<\/td>\n<td><\/td>\n<\/tr>\n<tr>\n<td>5<\/td>\n<td>Caminhos<\/td>\n<td><\/td>\n<\/tr>\n<tr>\n<td>6<\/td>\n<td>Tu \u00c9s o MDC da Minha Vida<\/td>\n<td><\/td>\n<\/tr>\n<tr>\n<td>7<\/td>\n<td>A verdade sobre a nostalgia<\/td>\n<td><\/td>\n<\/tr>\n<tr>\n<td>8<\/td>\n<td>Para N\u00f3ia<\/td>\n<td><\/td>\n<\/tr>\n<tr>\n<td>9<\/td>\n<td>Peixuxa (O Amiguinho Dos Peixes)<\/td>\n<td><\/td>\n<\/tr>\n<tr>\n<td>10<\/td>\n<td>\u00c9 fim de m\u00eas<\/td>\n<td><\/td>\n<\/tr>\n<tr>\n<td>11<\/td>\n<td>Sunseed<\/td>\n<td><\/td>\n<\/tr>\n<tr>\n<td>12<\/td>\n<td>Caminho II<\/td>\n<td><\/td>\n<\/tr>\n<tr>\n<td>13<\/td>\n<td>Novo Aeon<\/td>\n<td><\/td>\n<\/tr>\n<tr>\n<td><\/td>\n<td><\/td>\n<td><\/td>\n<\/tr>\n<tr>\n<td style=\"text-align: center;\"><\/td>\n<td style=\"text-align: center;\"><strong>Abre-te s\u00e9samo<\/strong><\/td>\n<td style=\"text-align: center;\"><strong>1980<\/strong><\/td>\n<\/tr>\n<tr>\n<td>1<\/td>\n<td>Abre-te S\u00e9samo<\/td>\n<td><\/td>\n<\/tr>\n<tr>\n<td>2<\/td>\n<td>Aluga-se<\/td>\n<td><\/td>\n<\/tr>\n<tr>\n<td>3<\/td>\n<td>Anos 80<\/td>\n<td><\/td>\n<\/tr>\n<tr>\n<td>4<\/td>\n<td>Angela<\/td>\n<td><\/td>\n<\/tr>\n<tr>\n<td>5<\/td>\n<td>Conversa pra Boi Dormir<\/td>\n<td><\/td>\n<\/tr>\n<tr>\n<td>6<\/td>\n<td>Minha Viola<\/td>\n<td><\/td>\n<\/tr>\n<tr>\n<td>7<\/td>\n<td>Rock das &#8216;Aranha&#8217;<\/td>\n<td><\/td>\n<\/tr>\n<tr>\n<td>8<\/td>\n<td>O Conto Do S\u00e1bio Chin\u00eas<\/td>\n<td><\/td>\n<\/tr>\n<tr>\n<td>9<\/td>\n<td>S\u00f3 Pra Variar<\/td>\n<td><\/td>\n<\/tr>\n<tr>\n<td>10<\/td>\n<td>Baby<\/td>\n<td><\/td>\n<\/tr>\n<tr>\n<td>11<\/td>\n<td>\u00c9 Meu Pai<\/td>\n<td><\/td>\n<\/tr>\n<tr>\n<td>12<\/td>\n<td>A Beira do Pantanal<\/td>\n<td><\/td>\n<\/tr>\n<tr>\n<td><\/td>\n<td><\/td>\n<td><\/td>\n<\/tr>\n<tr>\n<td style=\"text-align: center;\"><\/td>\n<td style=\"text-align: center;\"><strong>O Ba\u00fa do Raul: Uma Homenagem a Raul Seixas<\/strong><\/td>\n<td style=\"text-align: center;\"><strong>2004<\/strong><\/td>\n<\/tr>\n<tr>\n<td>1<\/td>\n<td>Gita<\/td>\n<td><\/td>\n<\/tr>\n<tr>\n<td>2<\/td>\n<td>Ouro de Tolo<\/td>\n<td><\/td>\n<\/tr>\n<tr>\n<td>3<\/td>\n<td>O Carimbador Maluco<\/td>\n<td><\/td>\n<\/tr>\n<tr>\n<td>4<\/td>\n<td>Al Capone<\/td>\n<td><\/td>\n<\/tr>\n<tr>\n<td>5<\/td>\n<td>Pastor Jo\u00e3o e a Igreja Invis\u00edvel<\/td>\n<td><\/td>\n<\/tr>\n<tr>\n<td>6<\/td>\n<td>N\u00e3o Fosse o Cabral<\/td>\n<td><\/td>\n<\/tr>\n<tr>\n<td>7<\/td>\n<td>Canceriano sem Lar<\/td>\n<td><\/td>\n<\/tr>\n<tr>\n<td>8<\/td>\n<td>Metamorfose Ambulante<\/td>\n<td><\/td>\n<\/tr>\n<tr>\n<td>9<\/td>\n<td>Eu Sou Ego\u00edsta<\/td>\n<td><\/td>\n<\/tr>\n<tr>\n<td>10<\/td>\n<td>\u00c9 Fim de M\u00eas<\/td>\n<td><\/td>\n<\/tr>\n<tr>\n<td>11<\/td>\n<td>Como Vov\u00f3 J\u00e1 Dizia<\/td>\n<td><\/td>\n<\/tr>\n<tr>\n<td>12<\/td>\n<td colspan=\"2\">Como Vov\u00f3 J\u00e1 Dizia (Remix por DJ Vivi Seixas e DJ Lenox)<\/td>\n<\/tr>\n<tr>\n<td>13<\/td>\n<td>Rockixe<\/td>\n<td><\/td>\n<\/tr>\n<tr>\n<td>14<\/td>\n<td>Por Quem os Sinos Dobram<\/td>\n<td><\/td>\n<\/tr>\n<tr>\n<td>15<\/td>\n<td>Let Me Sing, Let Me Sing<\/td>\n<td><\/td>\n<\/tr>\n<tr>\n<td>16<\/td>\n<td>Rock do Diabo<\/td>\n<td><\/td>\n<\/tr>\n<tr>\n<td>17<\/td>\n<td>\u00c1gua Viva<\/td>\n<td><\/td>\n<\/tr>\n<tr>\n<td>18<\/td>\n<td>N\u00e3o Pare na Pista<\/td>\n<td><\/td>\n<\/tr>\n<tr>\n<td>19<\/td>\n<td colspan=\"2\">As Aventuras de Raul Seixas na Cidade de Thor<\/td>\n<\/tr>\n<tr>\n<td>20<\/td>\n<td>Maluco Beleza<\/td>\n<td><\/td>\n<\/tr>\n<tr>\n<td>21<\/td>\n<td>Mosca na Sopa<\/td>\n<td><\/td>\n<\/tr>\n<tr>\n<td>22<\/td>\n<td>Tente Outra Vez<\/td>\n<td><\/td>\n<\/tr>\n<tr>\n<td>23<\/td>\n<td>Sociedade Alternativa<\/td>\n<td><\/td>\n<\/tr>\n<tr>\n<td>24<\/td>\n<td colspan=\"2\">Rock das Aranhas (remix por Dj Marlboro)<\/td>\n<\/tr>\n<tr>\n<td><\/td>\n<td><\/td>\n<td><\/td>\n<\/tr>\n<\/tbody>\n<\/table>\n<\/div>\n<\/div>\n<div class=\"cxmmr5t8 oygrvhab hcukyx3x c1et5uql o9v6fnle ii04i59q\" style=\"text-align: justify;\">\n<div dir=\"auto\">Cr\u00e9ditos tomados de Wikipedia<\/div>\n<div dir=\"auto\"><a class=\"oajrlxb2 g5ia77u1 qu0x051f esr5mh6w e9989ue4 r7d6kgcz rq0escxv nhd2j8a9 nc684nl6 p7hjln8o kvgmc6g5 cxmmr5t8 oygrvhab hcukyx3x jb3vyjys rz4wbd8a qt6c0cv9 a8nywdso i1ao9s8h esuyzwwr f1sip0of lzcic4wl gpro0wi8 py34i1dx\" tabindex=\"0\" role=\"link\" href=\"https:\/\/es.wikipedia.org\/wiki\/Raul_Seixas?fbclid=IwAR28xz12WMy9USdmQuCANvOZXu8hzlUBJqcVJP3itqzFWnTEHnR8LCUGRCU\" target=\"_blank\" rel=\"nofollow noopener\">https:\/\/es.wikipedia.org\/wiki\/Raul_Seixas<\/a><\/div>\n<div dir=\"auto\"><\/div>\n<\/div>\n<div class=\"epyt-video-wrapper\"><iframe loading=\"lazy\"  id=\"_ytid_30266\"  width=\"618\" height=\"347\"  data-origwidth=\"618\" data-origheight=\"347\" src=\"https:\/\/www.youtube.com\/embed\/kW_IXJ2lujk?enablejsapi=1&#038;autoplay=0&#038;cc_load_policy=0&#038;cc_lang_pref=&#038;iv_load_policy=1&#038;loop=0&#038;modestbranding=0&#038;rel=1&#038;fs=1&#038;playsinline=0&#038;autohide=2&#038;theme=dark&#038;color=red&#038;controls=1&#038;\" class=\"__youtube_prefs__  epyt-is-override  no-lazyload\" title=\"YouTube player\"  allow=\"fullscreen; accelerometer; autoplay; clipboard-write; encrypted-media; gyroscope; picture-in-picture\" allowfullscreen data-no-lazy=\"1\" data-skipgform_ajax_framebjll=\"\"><\/iframe><\/div>\n","protected":false},"excerpt":{"rendered":"<p>&nbsp; Fecha de Nacimiento 28 de junio de 1945 &nbsp; Fecha de Fallecimiento 21 de agosto de 1989 (44 a\u00f1os) &nbsp; Biograf\u00eda &nbsp; Fue un cantor y compositor brasile\u00f1o, pionero del rock brasile\u00f1o. Por esa raz\u00f3n es conocido en Brasil como padre del rock and roll brasile\u00f1o. &nbsp; Su gusto musical se fue modelando: primero, &hellip;<\/p>\n","protected":false},"author":1,"featured_media":0,"parent":0,"menu_order":0,"comment_status":"closed","ping_status":"closed","template":"","meta":{"footnotes":""},"class_list":["post-28513","page","type-page","status-publish",""],"jetpack_sharing_enabled":true,"_links":{"self":[{"href":"http:\/\/mickyandoniehn.com\/radio\/wp-json\/wp\/v2\/pages\/28513","targetHints":{"allow":["GET"]}}],"collection":[{"href":"http:\/\/mickyandoniehn.com\/radio\/wp-json\/wp\/v2\/pages"}],"about":[{"href":"http:\/\/mickyandoniehn.com\/radio\/wp-json\/wp\/v2\/types\/page"}],"author":[{"embeddable":true,"href":"http:\/\/mickyandoniehn.com\/radio\/wp-json\/wp\/v2\/users\/1"}],"replies":[{"embeddable":true,"href":"http:\/\/mickyandoniehn.com\/radio\/wp-json\/wp\/v2\/comments?post=28513"}],"version-history":[{"count":3,"href":"http:\/\/mickyandoniehn.com\/radio\/wp-json\/wp\/v2\/pages\/28513\/revisions"}],"predecessor-version":[{"id":30488,"href":"http:\/\/mickyandoniehn.com\/radio\/wp-json\/wp\/v2\/pages\/28513\/revisions\/30488"}],"wp:attachment":[{"href":"http:\/\/mickyandoniehn.com\/radio\/wp-json\/wp\/v2\/media?parent=28513"}],"curies":[{"name":"wp","href":"https:\/\/api.w.org\/{rel}","templated":true}]}}