{"id":28508,"date":"2022-08-26T10:10:21","date_gmt":"2022-08-26T16:10:21","guid":{"rendered":"https:\/\/mickyandoniehn.com\/radio\/?page_id=28508"},"modified":"2024-07-23T10:50:41","modified_gmt":"2024-07-23T16:50:41","slug":"alfredo-escudero","status":"publish","type":"page","link":"http:\/\/mickyandoniehn.com\/radio\/alfredo-escudero\/","title":{"rendered":"Alfredo Escudero"},"content":{"rendered":"<p style=\"text-align: justify;\"><img loading=\"lazy\" decoding=\"async\" class=\" wp-image-72538 aligncenter\" src=\"http:\/\/mickyandoniehn.com\/radio\/wp-content\/uploads\/2023\/06\/Alfredo-Escudero.jpg\" alt=\"\" width=\"481\" height=\"481\" srcset=\"http:\/\/mickyandoniehn.com\/radio\/wp-content\/uploads\/2023\/06\/Alfredo-Escudero.jpg 225w, http:\/\/mickyandoniehn.com\/radio\/wp-content\/uploads\/2023\/06\/Alfredo-Escudero-150x150.jpg 150w\" sizes=\"auto, (max-width: 481px) 100vw, 481px\" \/><\/p>\n<p>&nbsp;<\/p>\n<p style=\"text-align: justify;\"><strong>Fecha de Nacimiento: <\/strong>24 de Junio de 1946<\/p>\n<p>&nbsp;<\/p>\n<p style=\"text-align: justify;\"><strong>Biografia<\/strong><\/p>\n<p>&nbsp;<\/p>\n<p style=\"text-align: justify;\">Bajo el signo de los sentimientos y de la imaginaci\u00f3n, C\u00e1ncer, nace un 24 de junio de 1946, Alfredo de Jes\u00fas Cede\u00f1o Gonz\u00e1lez, conocido en el mundo art\u00edstico de las manifestaciones t\u00edpicas como Alfredo Escudero.<\/p>\n<p>&nbsp;<\/p>\n<p style=\"text-align: justify;\">Este acontecimiento ocurri\u00f3 en el pueblo de San Jos\u00e9, donde llen\u00f3 de j\u00fabilo y alegr\u00eda el hogar formado por don Gilberto Cede\u00f1o y do\u00f1a Celia Gonz\u00e1lez. Por razones familiares se cri\u00f3 en Quebrada Grande de Bajo Corral, donde hizo sus estudios de educaci\u00f3n primaria. Esta \u00e9poca marc\u00f3 el amor de Alfredo Escudero por la campi\u00f1a en todas sus manifestaciones, pues all\u00ed que con sus cinco hermanos sabore\u00f3 la brisa fresca, al agua de manantiales y pozos artesianos, los trinos de las aves y, sobre todo, el canto alegre y so\u00f1ador de las mujeres del pueblo cuando hac\u00edan los alegres tamboritos.<\/p>\n<p>&nbsp;<\/p>\n<p style=\"text-align: justify;\">Desde muy ni\u00f1o mostr\u00f3 su inclinaci\u00f3n hacia la m\u00fasica, pues ya a los cinco a\u00f1os le sacaba bellas piezas musicales a una arm\u00f3nica y repicaba y pujaba, con no menos habilidad, el tambor. Igualmente aprendi\u00f3 a tocar el viol\u00edn, pero entre los diez y once a\u00f1os comenz\u00f3 en \u00e9l la fiebre del acorde\u00f3n, instrumento que aprendi\u00f3 a tocar con maestr\u00eda y que se ha convertido en el compa\u00f1ero permanente de sus penas y alegr\u00edas. Ya en 1965 formaba parte del Conjunto Folkl\u00f3rico Aires Table\u00f1os, dirigido por el profesor Bol\u00edvar De Gracia, y ese a\u00f1o gan\u00f3 el Concurso Gelo C\u00f3rdoba, evento competitivo de mayor prestigio para acordeonistas. En febrero de 1966 forma su primer conjunto, por el cual desfilaron cantantes de gran renombre nacional, entre ellas: Lucy Ja\u00e9n, Claudina Barahona, Dorita Pe\u00f1a y posteriormente Leonidas Moreno, quien adem\u00e1s de ser su cantante oficial tambi\u00e9n es su esposa.<\/p>\n<p>&nbsp;<\/p>\n<p style=\"text-align: justify;\">Denomin\u00f3 inicialmente su conjunto con el nombre de \u201cCinco Estrellas\u201d, con el que realiz\u00f3 sus primeras grabaciones comerciales, las cuales fueron un \u00e9xito por aquel a\u00f1o 1968 que lo vio encumbrarse en el Festival de la Mejorana en Guarar\u00e9. Bajo el Cielo de San Jos\u00e9, Playa Brisa y Mar y La Golondrina fueron sus primeros \u00e9xitos en el acetato el\u00e9ctrico. Su carrera mete\u00f3rica pronto lo habr\u00eda de llevar a los mejores centros de bailes del pa\u00eds, entre \u00e9stos el Jard\u00edn Orgullo de Azuero, donde se convirti\u00f3 en uno de los baluartes de la empresa ORCA. Alfredo Escudero fue por muchos a\u00f1os el m\u00fasico oficial de la Tuna de Calle Arriba de Las Tablas. En esta internacional festividad carnestolenda table\u00f1a, Fello vio coronado con el \u00e9xito sus anhelos, y desde entonces ha ratificado su alta calidad art\u00edstica en ferias como la de La Chorrera, La Candelaria y San Jos\u00e9 en Chiriqu\u00ed, fiestas patronales de Santa Librada de Las Tablas, de la Mejorana en Guarar\u00e9, Festivales Nacionales del Acorde\u00f3n y en innumerables eventos m\u00e1s.<\/p>\n<p>&nbsp;<\/p>\n<p style=\"text-align: justify;\">En su extensa y brillante carrera profesional Alfredo Escudero ha logrado grabar centenares de discos sencillos (acetato), discos de larga duraci\u00f3n y doce CDs. De igual manera es autor de m\u00e1s de cien composiciones de diferentes ritmos t\u00edpicos: cumbia, danz\u00f3n cumbia, cumbia cerrada, atravesados y cumbia zapateada, de los cuales aproximadamente el 50% no han sido grabadas. entre las cuales tenemos las siguientes: No s\u00e9 por qu\u00e9 sufro tanto, Mi morena si baila la cumbia, La cumbia de mi tierra, Canto a La Chorrera, La Monta\u00f1erita, Alegr\u00eda de Carnaval y muchas m\u00e1s, especialmente en honor a Santa Librada, Patrona de Las Tablas y a Santa Rosa de Llano de Piedra, en Macaracas.<\/p>\n<p>&nbsp;<\/p>\n<p style=\"text-align: justify;\">Ha sido galardonado siete veces como el mejor acordeonista del a\u00f1o, igualmente ha ganado el B\u00faho de Oro. Es conocido con diversos apodos que sintetizan la grandeza de su calidad art\u00edstica y musical, entre ellos: \u201cEl Arquitecto de su Propia Fama\u201d, \u201cEl Representante de la Cumbia\u201d, \u201cEl Monta\u00f1ero Mayor\u201d, pero especialmente como: \u201cEl Amo, due\u00f1o y Se\u00f1or de la Cumbia\u201d. Con treinta y ocho a\u00f1os de vida art\u00edstica, Alfredo Escudero sigue en los primero lugares de preferencia del p\u00fablico amante de la m\u00fasica vernacular, de la cumbia con sabor a tierra nuestra, adornada por la inigualable saloma de Leonidas Moreno, pues su m\u00fasica y su estilo se identifican con el sentir de nuestros pueblos. Felizmente casado con Leonidas Moreno, tienen tres hijos y cuatro nietos, que significan la coronaci\u00f3n de una historia feliz, donde la m\u00fasica de Fello y la voz de Leoni contrajeron nupcias para deleite y felicidad de los paname\u00f1os que amamos nuestras costumbres y tradiciones.<\/p>\n<p>&nbsp;<\/p>\n<p style=\"text-align: justify;\">Ahora vamos a conocer un poco m\u00e1s sobre la dama que ha hecho mancuerna con Alfredo Escudero. Se trata de Leonidas Moreno Vega, quien vino al mundo el 29 de noviembre de 1949, protegida por el signo del fuego y la turquesa, Sagitario, en el pueblo de Llano Abajo de Guarar\u00e9, donde la naturaleza entera guard\u00f3 silencio para deleitarse con su primera saloma. Hija de don Clemente Moreno y Sara Mar\u00eda Vega, realiz\u00f3 sus estudios primarios en su pueblo natal y comparti\u00f3 las alegr\u00edas y los sue\u00f1os de la ni\u00f1ez con otros cuatro hermanos; pues en cuanto entr\u00f3 a la adolescencia, desde los catorce a\u00f1os, comenz\u00f3 a cantar profesionalmente, primero con Roberto \u201cFito\u201d Espino y despu\u00e9s con Teres\u00edn Ja\u00e9n.<\/p>\n<p>&nbsp;<\/p>\n<p style=\"text-align: justify;\"><strong>Date of Birth:<\/strong> June 24, 1946<\/p>\n<p>&nbsp;<\/p>\n<p style=\"text-align: justify;\"><strong>Biography<\/strong><\/p>\n<p>&nbsp;<\/p>\n<p style=\"text-align: justify;\">Under the sign of feelings and imagination, Cancer, Alfredo de Jes\u00fas Cede\u00f1o Gonz\u00e1lez was born on June 24, 1946, known in the artistic world of typical manifestations as Alfredo Escudero.<\/p>\n<p style=\"text-align: justify;\">This event occurred in the town of San Jos\u00e9, where the home formed by Mr. Gilberto Cede\u00f1o and Mrs. Celia Gonz\u00e1lez filled with joy and happiness. For family reasons, he grew up in Quebrada Grande de Bajo Corral, where he studied primary education. This period marked Alfredo Escudero&#8217;s love for the countryside in all its manifestations, because there, with his five brothers, he savored the fresh breeze, the water from springs and artesian wells, the trills of the birds and, above all, the joyful song and dreamer of the women of the town when they made the joyful little drums.<\/p>\n<p>&nbsp;<\/p>\n<p style=\"text-align: justify;\">From a very young age he showed his inclination towards music, since at the age of five he was already playing beautiful musical pieces on a harmonica and the drum rang and pushed, with no less skill. He also learned to play the violin, but between the ages of ten and eleven the accordion fever began in him, an instrument that he learned to play masterfully and that has become the permanent companion of his sorrows and joys. Already in 1965 he was part of the Aires Table\u00f1os Folkloric Ensemble, directed by Professor Bol\u00edvar De Gracia, and that year he won the Gelo C\u00f3rdoba Contest, the most prestigious competitive event for accordionists. In February 1966 he formed his first ensemble, which featured singers of great national renown, among them: Lucy Ja\u00e9n, Claudina Barahona, Dorita Pe\u00f1a and later Leonidas Moreno, who in addition to being his official singer is also his wife.<\/p>\n<p>&nbsp;<\/p>\n<p style=\"text-align: justify;\">Initially he called his ensemble &#8220;Five Stars&#8221;, with which he made his first commercial recordings, which were a success in that year 1968 that saw him rise to the top at the Mejorana Festival in Guarar\u00e9. Bajo el Cielo de San Jos\u00e9, Playa Brisa y Mar and La Golondrina were his first successes on electric acetate. His meteoric career would soon take him to the best dance centers in the country, including the Jard\u00edn Pride de Azuero, where he became one of the bastions of the ORCA company. Alfredo Escudero was for many years the official musician of the Tuna de Calle Arriba de Las Tablas. In this international carnival festival in Table\u00f1a, Fello saw his desires crowned with success, and since then he has ratified his high artistic quality in fairs such as La Chorrera, La Candelaria and San Jos\u00e9 in Chiriqu\u00ed, patron saint festivities of Santa Librada de Las Tablas, de la Mejorana in Guarar\u00e9, National Accordion Festivals and countless other events.<\/p>\n<p>&nbsp;<\/p>\n<p style=\"text-align: justify;\">In his extensive and brilliant professional career, Alfredo Escudero has managed to record hundreds of single records (acetate), long-playing records and twelve CDs. In the same way, he is the author of more than one hundred compositions of different typical rhythms: cumbia, danz\u00f3n cumbia, closed cumbia, crossed and cumbia zapateada, of which approximately 50% have not been recorded. among which we have the following: I don&#8217;t know why I suffer so much, My brunette dances the cumbia, The cumbia of my land, I sing to La Chorrera, La Monta\u00f1erita, Joy of Carnival and many more, especially in honor of Santa Librada, patron saint de Las Tablas and Santa Rosa de Llano de Piedra, in Macaracas.<\/p>\n<p style=\"text-align: justify;\">He has been awarded seven times as the best accordionist of the year, he has also won the Golden Owl. He is known by various nicknames that synthesize the greatness of his artistic and musical quality, among them: \u201cThe Architect of his Own Fame\u201d, \u201cThe Representative of Cumbia\u201d, \u201cEl Monta\u00f1ero Mayor\u201d, but especially as: \u201cEl Amo, owner and Se\u00f1or de la Cumbia\u201d. With thirty-eight years of artistic life, Alfredo Escudero continues to be in the first places preferred by the public who love vernacular music, cumbia with a flavor of our land, adorned by the incomparable shantytown of Leonidas Moreno, because his music and his style they identify with the feelings of our peoples. Happily married to Leonidas Moreno, they have three children and four grandchildren, which signify the crowning of a happy story, where Fello&#8217;s music and Leoni&#8217;s voice married to the delight and happiness of Panamanians who love our customs and traditions.<\/p>\n<p>&nbsp;<\/p>\n<p style=\"text-align: justify;\">Now we are going to learn a little more about the lady who has teamed up with Alfredo Escudero. This is Leonidas Moreno Vega, who came into the world on November 29, 1949, protected by the sign of fire and turquoise, Sagittarius, in the town of Llano Abajo de Guarar\u00e9, where all of nature remained silent to enjoy his first chantey. Daughter of Don Clemente Moreno and Sara Mar\u00eda Vega, she completed her primary studies in her hometown and shared the joys and dreams of childhood with four other siblings; Well, as soon as he entered adolescence, from the age of fourteen, he began to sing professionally, first with Roberto &#8220;Fito&#8221; Espino and later with Teres\u00edn Ja\u00e9n.<\/p>\n<p><strong>Discografia<\/strong><\/p>\n<table width=\"508\">\n<tbody>\n<tr>\n<td style=\"text-align: center;\" width=\"142\"><strong>Temas Cumbia y Folclor<\/strong><\/td>\n<td style=\"text-align: center;\" width=\"232\"><strong>Escuchar tema<\/strong><\/td>\n<td style=\"text-align: center;\" width=\"134\"><strong>A\u00f1o de\u00a0<\/strong><br \/>\n<strong>Publicaci\u00f3n<\/strong><\/td>\n<\/tr>\n<tr>\n<td style=\"text-align: center;\"><\/td>\n<td style=\"text-align: center;\"><strong>20 Exitos de Alfredo Escudero<\/strong><\/td>\n<td style=\"text-align: center;\"><strong>2013<\/strong><\/td>\n<\/tr>\n<tr>\n<td>1<\/td>\n<td>Corazon Alegre<\/td>\n<td><\/td>\n<\/tr>\n<tr>\n<td>2<\/td>\n<td>Acordeon de la Monta\u00f1a<\/td>\n<td><\/td>\n<\/tr>\n<tr>\n<td>3<\/td>\n<td>Coralito<\/td>\n<td><\/td>\n<\/tr>\n<tr>\n<td>4<\/td>\n<td>No Quiero Verte Llorar<\/td>\n<td><\/td>\n<\/tr>\n<tr>\n<td>5<\/td>\n<td>Me Gustas<\/td>\n<td><\/td>\n<\/tr>\n<tr>\n<td>6<\/td>\n<td>Ojitos Mentirosos<\/td>\n<td><\/td>\n<\/tr>\n<tr>\n<td>7<\/td>\n<td>El Mogollon<\/td>\n<td><\/td>\n<\/tr>\n<tr>\n<td>8<\/td>\n<td>La Escoba<\/td>\n<td><\/td>\n<\/tr>\n<tr>\n<td>9<\/td>\n<td>La Monta\u00f1erita<\/td>\n<td><\/td>\n<\/tr>\n<tr>\n<td>10<\/td>\n<td>Si Pudiera Quererte<\/td>\n<td><\/td>\n<\/tr>\n<tr>\n<td>11<\/td>\n<td>Se Fue el Verano<\/td>\n<td><\/td>\n<\/tr>\n<tr>\n<td>12<\/td>\n<td>Yatilca<\/td>\n<td><\/td>\n<\/tr>\n<tr>\n<td>13<\/td>\n<td>Me Matar\u00eda la Tristeza<\/td>\n<td><\/td>\n<\/tr>\n<tr>\n<td>14<\/td>\n<td>No Se Porque Sufro Tanto<\/td>\n<td><\/td>\n<\/tr>\n<tr>\n<td>15<\/td>\n<td>Canto a Mi Tierra<\/td>\n<td><\/td>\n<\/tr>\n<tr>\n<td>16<\/td>\n<td>Noche de Cumbia<\/td>\n<td><\/td>\n<\/tr>\n<tr>\n<td>17<\/td>\n<td>Revolc\u00f3n en San Antonio<\/td>\n<td><\/td>\n<\/tr>\n<tr>\n<td>18<\/td>\n<td>La Suegra<\/td>\n<td><\/td>\n<\/tr>\n<tr>\n<td>19<\/td>\n<td>Deysi Tejada<\/td>\n<td><\/td>\n<\/tr>\n<tr>\n<td>20<\/td>\n<td>Alegr\u00eda de Carnaval<\/td>\n<td><\/td>\n<\/tr>\n<tr>\n<td><\/td>\n<td><\/td>\n<td><\/td>\n<\/tr>\n<\/tbody>\n<\/table>\n<p style=\"text-align: justify;\">Creditos: Tomados de Wikipedia<\/p>\n<p style=\"text-align: justify;\"><a href=\"https:\/\/www.musica.com\/letras.asp?biografia=35474\">https:\/\/www.musica.com\/letras.asp?biografia=35474<\/a><\/p>\n<p style=\"text-align: justify;\"><a href=\"http:\/\/mejorescanciones.es\/alfredo-escudero\/DILE-QUE-NO-LO-AMAS\">http:\/\/mejorescanciones.es\/alfredo-escudero\/DILE-QUE-NO-LO-AMAS<\/a><\/p>\n<div class=\"epyt-video-wrapper\"><iframe loading=\"lazy\"  id=\"_ytid_19979\"  width=\"618\" height=\"347\"  data-origwidth=\"618\" data-origheight=\"347\" src=\"https:\/\/www.youtube.com\/embed\/GixLUNlcWf4?enablejsapi=1&#038;autoplay=0&#038;cc_load_policy=0&#038;cc_lang_pref=&#038;iv_load_policy=1&#038;loop=0&#038;modestbranding=0&#038;rel=1&#038;fs=1&#038;playsinline=0&#038;autohide=2&#038;theme=dark&#038;color=red&#038;controls=1&#038;\" class=\"__youtube_prefs__  epyt-is-override  no-lazyload\" title=\"YouTube player\"  allow=\"fullscreen; accelerometer; autoplay; clipboard-write; encrypted-media; gyroscope; picture-in-picture\" allowfullscreen data-no-lazy=\"1\" data-skipgform_ajax_framebjll=\"\"><\/iframe><\/div>\n","protected":false},"excerpt":{"rendered":"<p>&nbsp; Fecha de Nacimiento: 24 de Junio de 1946 &nbsp; Biografia &nbsp; Bajo el signo de los sentimientos y de la imaginaci\u00f3n, C\u00e1ncer, nace un 24 de junio de 1946, Alfredo de Jes\u00fas Cede\u00f1o Gonz\u00e1lez, conocido en el mundo art\u00edstico de las manifestaciones t\u00edpicas como Alfredo Escudero. &nbsp; Este acontecimiento ocurri\u00f3 en el pueblo de &hellip;<\/p>\n","protected":false},"author":1,"featured_media":0,"parent":0,"menu_order":0,"comment_status":"closed","ping_status":"closed","template":"","meta":{"footnotes":""},"class_list":["post-28508","page","type-page","status-publish",""],"jetpack_sharing_enabled":true,"_links":{"self":[{"href":"http:\/\/mickyandoniehn.com\/radio\/wp-json\/wp\/v2\/pages\/28508","targetHints":{"allow":["GET"]}}],"collection":[{"href":"http:\/\/mickyandoniehn.com\/radio\/wp-json\/wp\/v2\/pages"}],"about":[{"href":"http:\/\/mickyandoniehn.com\/radio\/wp-json\/wp\/v2\/types\/page"}],"author":[{"embeddable":true,"href":"http:\/\/mickyandoniehn.com\/radio\/wp-json\/wp\/v2\/users\/1"}],"replies":[{"embeddable":true,"href":"http:\/\/mickyandoniehn.com\/radio\/wp-json\/wp\/v2\/comments?post=28508"}],"version-history":[{"count":3,"href":"http:\/\/mickyandoniehn.com\/radio\/wp-json\/wp\/v2\/pages\/28508\/revisions"}],"predecessor-version":[{"id":75255,"href":"http:\/\/mickyandoniehn.com\/radio\/wp-json\/wp\/v2\/pages\/28508\/revisions\/75255"}],"wp:attachment":[{"href":"http:\/\/mickyandoniehn.com\/radio\/wp-json\/wp\/v2\/media?parent=28508"}],"curies":[{"name":"wp","href":"https:\/\/api.w.org\/{rel}","templated":true}]}}