{"id":28500,"date":"2022-08-26T10:05:36","date_gmt":"2022-08-26T16:05:36","guid":{"rendered":"https:\/\/mickyandoniehn.com\/radio\/?page_id=28500"},"modified":"2022-09-01T09:29:29","modified_gmt":"2022-09-01T15:29:29","slug":"colin-blunstone","status":"publish","type":"page","link":"http:\/\/mickyandoniehn.com\/radio\/colin-blunstone\/","title":{"rendered":"Colin Blunstone"},"content":{"rendered":"<p style=\"text-align: justify;\"><img loading=\"lazy\" decoding=\"async\" class=\" wp-image-25637 aligncenter\" src=\"http:\/\/mickyandoniehn.com\/radio\/wp-content\/uploads\/2022\/08\/Colin-Blunstone.png\" alt=\"\" width=\"656\" height=\"659\" srcset=\"http:\/\/mickyandoniehn.com\/radio\/wp-content\/uploads\/2022\/08\/Colin-Blunstone.png 250w, http:\/\/mickyandoniehn.com\/radio\/wp-content\/uploads\/2022\/08\/Colin-Blunstone-150x150.png 150w\" sizes=\"auto, (max-width: 656px) 100vw, 656px\" \/><\/p>\n<p>&nbsp;<\/p>\n<p style=\"text-align: justify;\"><strong>Fecha de Nacimiento:<\/strong> Hatfield, Hertfordshire, 24 de junio de 1945<\/p>\n<p>&nbsp;<\/p>\n<div class=\"cxmmr5t8 oygrvhab hcukyx3x c1et5uql o9v6fnle ii04i59q\" style=\"text-align: justify;\">\n<div dir=\"auto\"><strong>Biograf\u00eda<\/strong><\/div>\n<p>&nbsp;<\/p>\n<div dir=\"auto\"><\/div>\n<div dir=\"auto\">Colin Edward Michael Blunstone,\u00a0 es un cantante, compositor y m\u00fasico ingl\u00e9s, reconocido por su asociaci\u00f3n con las bandas The Zombies, Argent y The Alan Parsons Project y por su larga carrera como solista.<\/div>\n<div dir=\"auto\"><\/div>\n<p>&nbsp;<\/p>\n<div dir=\"auto\">Si alg\u00fan grupo en los a\u00f1os 60 tuvo que merecer mayor reconocimiento popular y cr\u00edtico ese fue The Zombies, un espl\u00e9ndido conjunto que ten\u00eda como pieza clave de su sonoridad a Colin Blunstone, un fenomenal cantante de elegante, d\u00factil, melanc\u00f3lica y susurrante voz, que acariciaba de manera distinguida las grandes composiciones de Rod Argent y Chris White.<\/div>\n<p>&nbsp;<\/p>\n<div dir=\"auto\"><\/div>\n<\/div>\n<div class=\"cxmmr5t8 oygrvhab hcukyx3x c1et5uql o9v6fnle ii04i59q\" style=\"text-align: justify;\">\n<div dir=\"auto\">Cuando los Zombies dejaron de existir en 1968, Colin, que hab\u00eda nacido en St. Albans (Inglaterra), el 24 de junio de 1945, abandon\u00f3 la m\u00fasica para trabajar en una compa\u00f1\u00eda de seguros, mientras que Argent y White fundaban Argent junto a Russ Ballard, al mismo tiempo que firmaban un contrato como productores con Epic Records.<\/div>\n<div dir=\"auto\"><\/div>\n<p>&nbsp;<\/p>\n<\/div>\n<div class=\"cxmmr5t8 oygrvhab hcukyx3x c1et5uql o9v6fnle ii04i59q\" style=\"text-align: justify;\">\n<div dir=\"auto\">Los Zombies hab\u00edan disuelto el grupo por su escaso \u00e9xito comercial, pero tras la publicaci\u00f3n gracias a Al Kooper de su indispensable \u201cOddesey &amp; Oracle\u201d y el triunfo en single de \u201cTime Of The Season\u201d en 1969, Blunstone decidi\u00f3 regresar al mundillo musical a instancias del productor Mike Hurst.<\/div>\n<p>&nbsp;<\/p>\n<div dir=\"auto\"><\/div>\n<\/div>\n<div class=\"cxmmr5t8 oygrvhab hcukyx3x c1et5uql o9v6fnle ii04i59q\" style=\"text-align: justify;\">\n<div dir=\"auto\">Grab\u00f3 de nuevo el tema \u201cShe\u2019s Not There\u201d pero con el seud\u00f3nimo de Neil MacArthur y logr\u00f3 estimables ventas que estimularon su regreso.<\/div>\n<p>&nbsp;<\/p>\n<div dir=\"auto\"><\/div>\n<\/div>\n<div class=\"cxmmr5t8 oygrvhab hcukyx3x c1et5uql o9v6fnle ii04i59q\" style=\"text-align: justify;\">\n<div dir=\"auto\">Poco despu\u00e9s public\u00f3 su primer LP, \u201cOne Year\u201d (1971), ya adoptando su nombre real.<\/div>\n<p>&nbsp;<\/p>\n<div dir=\"auto\"><\/div>\n<\/div>\n<div class=\"cxmmr5t8 oygrvhab hcukyx3x c1et5uql o9v6fnle ii04i59q\" style=\"text-align: justify;\">\n<div dir=\"auto\">El disco es una maravilla que mezcla el pop y la m\u00fasica cl\u00e1sica, de ritmos pausados y con una atm\u00f3sfera calma llena de arpas y violines.<\/div>\n<p>&nbsp;<\/p>\n<div dir=\"auto\"><\/div>\n<\/div>\n<div class=\"cxmmr5t8 oygrvhab hcukyx3x c1et5uql o9v6fnle ii04i59q\" style=\"text-align: justify;\">\n<div dir=\"auto\">El \u00e1lbum fue producido por sus antiguos compa\u00f1eros, Argent y White, quienes tambi\u00e9n le escribieron algunos cortes.<\/div>\n<p>&nbsp;<\/p>\n<div dir=\"auto\"><\/div>\n<\/div>\n<div class=\"cxmmr5t8 oygrvhab hcukyx3x c1et5uql o9v6fnle ii04i59q\" style=\"text-align: justify;\">\n<div dir=\"auto\">El propio Blunstone, que ya hab\u00eda hecho sus pinitos como compositor con los Zombies, compuso espl\u00e9ndidos y nost\u00e1lgicos temas propios, como \u201cThough You Are Far Away\u201d o \u201cCaroline Goodbye\u201d.<\/div>\n<p>&nbsp;<\/p>\n<div dir=\"auto\"><\/div>\n<\/div>\n<div class=\"cxmmr5t8 oygrvhab hcukyx3x c1et5uql o9v6fnle ii04i59q\" style=\"text-align: justify;\">\n<div dir=\"auto\">Aunque el primer single, \u201cCaroline Goodbye\u201d, no consigui\u00f3 entrar en listas, su segundo sencillo, \u201cSay You Don\u2019t Mind\u201d, un tema de Denny Laine, le llev\u00f3 al puesto n\u00famero 15 en Gran Breta\u00f1a.<\/div>\n<p>&nbsp;<\/p>\n<div dir=\"auto\"><\/div>\n<\/div>\n<div class=\"cxmmr5t8 oygrvhab hcukyx3x c1et5uql o9v6fnle ii04i59q\" style=\"text-align: justify;\">\n<div dir=\"auto\">\u201cEnnismore\u201d (1972) fue su segundo disco, m\u00e1s pop-rock y con menor acentuaci\u00f3n en los arreglos de cuerda.<\/div>\n<p>&nbsp;<\/p>\n<div dir=\"auto\"><\/div>\n<\/div>\n<div class=\"cxmmr5t8 oygrvhab hcukyx3x c1et5uql o9v6fnle ii04i59q\" style=\"text-align: justify;\">\n<div dir=\"auto\">Incluye los singles \u201cI Don\u2019t Belive In Miracles\u201d, compuesto por el miembro de Argent Russ Ballard; y \u201cHow Could We Dare To Be Wrong\u201d.<\/div>\n<p>&nbsp;<\/p>\n<div dir=\"auto\"><\/div>\n<\/div>\n<div class=\"cxmmr5t8 oygrvhab hcukyx3x c1et5uql o9v6fnle ii04i59q\" style=\"text-align: justify;\">\n<div dir=\"auto\">El LP volvi\u00f3 a estar producido por Rod Argent y Chris White.<\/div>\n<p>&nbsp;<\/p>\n<div dir=\"auto\"><\/div>\n<\/div>\n<div class=\"cxmmr5t8 oygrvhab hcukyx3x c1et5uql o9v6fnle ii04i59q\" style=\"text-align: justify;\">\n<div dir=\"auto\">\u201cJourney\u201d (1974) no funcion\u00f3 tan bien a nivel ventas pero result\u00f3 otro \u00e1lbum meritorio e infravalorado.<\/div>\n<p>&nbsp;<\/p>\n<div dir=\"auto\"><\/div>\n<div dir=\"auto\">El disco fue producido en solitario por Chris White, aunque Argent sigui\u00f3 colaborando instrumentalmente, con sus inconfundibles pasajes de teclado.<\/div>\n<div dir=\"auto\"><\/div>\n<p>&nbsp;<\/p>\n<\/div>\n<div class=\"cxmmr5t8 oygrvhab hcukyx3x c1et5uql o9v6fnle ii04i59q\" style=\"text-align: justify;\">\n<div dir=\"auto\">El siguiente trabajo en LP, \u201cPlanes\u201d (1976) fue su primer disco grabado en el sello de Elton John, Rocket Records, y su esfuerzo menos destacado hasta el momento.<\/div>\n<div dir=\"auto\"><\/div>\n<p>&nbsp;<\/p>\n<\/div>\n<div class=\"cxmmr5t8 oygrvhab hcukyx3x c1et5uql o9v6fnle ii04i59q\" style=\"text-align: justify;\">\n<div dir=\"auto\">Por esa \u00e9poca comenz\u00f3 a colaborar con gente como Alan Parsons (en \u201cPyramid\u201d, \u201cEye In The Sky\u201d o \u201cAmmonia Avenue\u201d), Mike Batt (\u201cTarot Suite\u201d) o Mae McKenna (\u201cWalk On Water).<\/div>\n<div dir=\"auto\"><\/div>\n<p>&nbsp;<\/p>\n<\/div>\n<div class=\"cxmmr5t8 oygrvhab hcukyx3x c1et5uql o9v6fnle ii04i59q\" style=\"text-align: justify;\">\n<div dir=\"auto\">Su carrera en solitario descendi\u00f3 en calidad y public\u00f3 discos irregulares como \u201cNever Evern Thought\u201d (1978) o \u201cLate Nights In Soho\u201d (1979), su \u00faltimo disco en Rocket Records.<\/div>\n<p>&nbsp;<\/p>\n<div dir=\"auto\"><\/div>\n<\/div>\n<div class=\"cxmmr5t8 oygrvhab hcukyx3x c1et5uql o9v6fnle ii04i59q\" style=\"text-align: justify;\">\n<div dir=\"auto\">Posteriormente sac\u00f3 al mercado el recopilatorio \u201cI Don\u2019t Believe In Miracles\u201d (1982).<\/div>\n<p>&nbsp;<\/p>\n<div dir=\"auto\"><\/div>\n<\/div>\n<div class=\"cxmmr5t8 oygrvhab hcukyx3x c1et5uql o9v6fnle ii04i59q\" style=\"text-align: justify;\">\n<div dir=\"auto\">En los a\u00f1os 80 grab\u00f3 con Dave Stewart, Alan Parsons y Smokey Robinson, adem\u00e1s de probar fortuna con el grupo Keats, conjunto formado con varios m\u00fasicos de Alan Parsons Project con los que grab\u00f3 un estimable LP hom\u00f3nimo en 1984, producido por el propio Parsons.<\/div>\n<p>&nbsp;<\/p>\n<div dir=\"auto\"><\/div>\n<\/div>\n<div class=\"cxmmr5t8 oygrvhab hcukyx3x c1et5uql o9v6fnle ii04i59q\" style=\"text-align: justify;\">\n<div dir=\"auto\">En \u201cColin Blunstone Sings His Single Hits\u201d (1991) el gran vocalista regrab\u00f3 sus canciones m\u00e1s conocidas, tanto de su etapa con los Zombies como en solitario.<\/div>\n<p>&nbsp;<\/p>\n<div dir=\"auto\"><\/div>\n<\/div>\n<div class=\"cxmmr5t8 oygrvhab hcukyx3x c1et5uql o9v6fnle ii04i59q\" style=\"text-align: justify;\">\n<div dir=\"auto\">\u201cEcho Bridge\u201d (1995) fue un nuevo disco con temas originales publicado el mismo a\u00f1o en que se edit\u00f3 una brillante recopilaci\u00f3n de sus \u00e9xitos.<\/div>\n<p>&nbsp;<\/p>\n<div dir=\"auto\"><\/div>\n<\/div>\n<div class=\"cxmmr5t8 oygrvhab hcukyx3x c1et5uql o9v6fnle ii04i59q\" style=\"text-align: justify;\">\n<div dir=\"auto\">Con posterioridad apareci\u00f3 \u201cLight inside\u201d (1998).<\/div>\n<p>&nbsp;<\/p>\n<div dir=\"auto\"><\/div>\n<\/div>\n<div class=\"cxmmr5t8 oygrvhab hcukyx3x c1et5uql o9v6fnle ii04i59q\" style=\"text-align: justify;\">\n<div dir=\"auto\">Sus actuaciones en directo, girando a menudo con Rod Argent, Jim Rodford, Mark Johns y Steve Rodford, cosecharon un gran \u00e9xito entre una audiencia entregada a su portentosa capacidad como cantante, sin duda una de las mejores voces en la historia del pop.<\/div>\n<p>&nbsp;<\/p>\n<div dir=\"auto\"><\/div>\n<\/div>\n<div class=\"cxmmr5t8 oygrvhab hcukyx3x c1et5uql o9v6fnle ii04i59q\" style=\"text-align: justify;\">\n<div dir=\"auto\">Argent y Blunstone publicaron en el a\u00f1o 2001 \u201cOut Of The Shadows\u201d (2001), un \u00e1lbum bastante digno que volv\u00eda a recuperar en portada a dos componentes de uno de los mejores grupos de los a\u00f1os 60, los Zombies.<\/div>\n<p>&nbsp;<\/p>\n<div dir=\"auto\"><\/div>\n<\/div>\n<div class=\"cxmmr5t8 oygrvhab hcukyx3x c1et5uql o9v6fnle ii04i59q\" style=\"text-align: justify;\">\n<div dir=\"auto\">M\u00e1s tarde grab\u00f3 en solitario \u201cThe Ghost Of You And Me\u201d (2009) y \u201cOn The Air Tonight\u201d (2012).<\/div>\n<p>&nbsp;<\/p>\n<div dir=\"auto\"><\/div>\n<\/div>\n<div class=\"cxmmr5t8 oygrvhab hcukyx3x c1et5uql o9v6fnle ii04i59q\" style=\"text-align: justify;\">\n<div dir=\"auto\">En el a\u00f1o 2014 public\u00f3 el recopilatorio \u201cCollected\u201d (2014), con tres CDs.<\/div>\n<p>&nbsp;<\/p>\n<div dir=\"auto\"><\/div>\n<\/div>\n<div class=\"cxmmr5t8 oygrvhab hcukyx3x c1et5uql o9v6fnle ii04i59q\" style=\"text-align: justify;\">\n<div dir=\"auto\"><strong>Wikipedia in English<\/strong><\/div>\n<p>&nbsp;<\/p>\n<\/div>\n<div dir=\"auto\" style=\"text-align: justify;\"><\/div>\n<div dir=\"auto\" style=\"text-align: justify;\"><strong>Date of Birth:<\/strong> Hatfield, Hertfordshire, June 24, 1945<\/div>\n<p>&nbsp;<\/p>\n<div class=\"cxmmr5t8 oygrvhab hcukyx3x c1et5uql o9v6fnle ii04i59q\" style=\"text-align: justify;\">\n<div dir=\"auto\"><\/div>\n<p>&nbsp;<\/p>\n<div dir=\"auto\"><strong>Biography<\/strong><\/div>\n<div dir=\"auto\"><\/div>\n<div dir=\"auto\">Colin Edward Michael Blunstone (Hatfield, Hertfordshire, June 24, 1945) is an English singer, songwriter and musician, recognized for his association with the bands The Zombies, Argent and The Alan Parsons Project and for his long career as a soloist.<\/div>\n<p>&nbsp;<\/p>\n<div dir=\"auto\"><\/div>\n<div dir=\"auto\">If any group in the 60s had to deserve more popular and critical recognition, it was The Zombies, a splendid ensemble whose key part of its sound was Colin Blunstone, a phenomenal singer with an elegant, ductile, melancholic and whispering voice, who caressed in a distinguished way the great compositions of Rod Argent and Chris White.<\/div>\n<p>&nbsp;<\/p>\n<div dir=\"auto\"><\/div>\n<\/div>\n<div class=\"cxmmr5t8 oygrvhab hcukyx3x c1et5uql o9v6fnle ii04i59q\" style=\"text-align: justify;\">\n<div dir=\"auto\">When the Zombies ceased to exist in 1968, Colin, who was born in St. Albans (England) on June 24, 1945, left music to work in an insurance company, while Argent and White founded Argent together with Russ. Ballard, at the same time that they signed a contract as producers with Epic Records.<\/div>\n<p>&nbsp;<\/p>\n<div dir=\"auto\"><\/div>\n<\/div>\n<div class=\"cxmmr5t8 oygrvhab hcukyx3x c1et5uql o9v6fnle ii04i59q\" style=\"text-align: justify;\">\n<div dir=\"auto\">The Zombies have dissolved the group due to their limited commercial success, but after the publication thanks to their indispensable &#8220;Oddesey &amp; Oracle&#8221; and the triumph in single of &#8220;Time Of The Season&#8221; in 1969, Blunstone return to the musical world at the request of producer Mike Hurst.<\/div>\n<p>&nbsp;<\/p>\n<div dir=\"auto\"><\/div>\n<\/div>\n<div class=\"cxmmr5t8 oygrvhab hcukyx3x c1et5uql o9v6fnle ii04i59q\" style=\"text-align: justify;\">\n<div dir=\"auto\">He recorded the song &#8220;She\u2019s Not There&#8221; again but under the pseudonym Neil MacArthur and achieved considerable sales that spurred his comeback.<\/div>\n<p>&nbsp;<\/p>\n<div dir=\"auto\"><\/div>\n<\/div>\n<div class=\"cxmmr5t8 oygrvhab hcukyx3x c1et5uql o9v6fnle ii04i59q\" style=\"text-align: justify;\">\n<div dir=\"auto\">Shortly after he published his first LP, &#8220;One Year&#8221; (1971), already adopting his real name.<\/div>\n<div dir=\"auto\"><\/div>\n<p>&nbsp;<\/p>\n<\/div>\n<div class=\"cxmmr5t8 oygrvhab hcukyx3x c1et5uql o9v6fnle ii04i59q\" style=\"text-align: justify;\">\n<div dir=\"auto\">The album is a marvel that mixes pop and classical music, with slow rhythms and a calm atmosphere full of harps and violins.<\/div>\n<p>&nbsp;<\/p>\n<div dir=\"auto\"><\/div>\n<\/div>\n<div class=\"cxmmr5t8 oygrvhab hcukyx3x c1et5uql o9v6fnle ii04i59q\" style=\"text-align: justify;\">\n<div dir=\"auto\">The album was produced by his former partners, Argent and White, who also wrote some tracks for him.<\/div>\n<p>&nbsp;<\/p>\n<div dir=\"auto\"><\/div>\n<\/div>\n<div class=\"cxmmr5t8 oygrvhab hcukyx3x c1et5uql o9v6fnle ii04i59q\" style=\"text-align: justify;\">\n<div dir=\"auto\">Blunstone himself, who had already made his first steps as a songwriter with the Zombies, composed splendid and nostalgic songs of his own, such as &#8220;Though You Are Far Away&#8221; or &#8220;Caroline Goodbye&#8221;.<\/div>\n<div dir=\"auto\"><\/div>\n<p>&nbsp;<\/p>\n<\/div>\n<div class=\"cxmmr5t8 oygrvhab hcukyx3x c1et5uql o9v6fnle ii04i59q\" style=\"text-align: justify;\">\n<div dir=\"auto\">Although the first single, &#8220;Caroline Goodbye,&#8221; failed to chart, her second single, &#8220;Say You Don&#8217;t Mind,&#8221; a Denny Laine track, took it to No. 15 in Britain.<\/div>\n<p>&nbsp;<\/p>\n<div dir=\"auto\"><\/div>\n<\/div>\n<div class=\"cxmmr5t8 oygrvhab hcukyx3x c1et5uql o9v6fnle ii04i59q\" style=\"text-align: justify;\">\n<div dir=\"auto\">\u201cEnnismore\u201d (1972) was his second album, more pop-rock and with less emphasis on the string arrangements.<\/div>\n<p>&nbsp;<\/p>\n<div dir=\"auto\"><\/div>\n<\/div>\n<div class=\"cxmmr5t8 oygrvhab hcukyx3x c1et5uql o9v6fnle ii04i59q\" style=\"text-align: justify;\">\n<div dir=\"auto\">It includes the singles \u201cI Don\u2019t Belive In Miracles,\u201d composed by Argent member Russ Ballard; and &#8220;How Could We Dare To Be Wrong.&#8221;<\/div>\n<div dir=\"auto\"><\/div>\n<\/div>\n<div class=\"cxmmr5t8 oygrvhab hcukyx3x c1et5uql o9v6fnle ii04i59q\" style=\"text-align: justify;\">\n<div dir=\"auto\">The LP was again produced by Rod Argent and Chris White.<\/div>\n<p>&nbsp;<\/p>\n<div dir=\"auto\"><\/div>\n<\/div>\n<div class=\"cxmmr5t8 oygrvhab hcukyx3x c1et5uql o9v6fnle ii04i59q\" style=\"text-align: justify;\">\n<div dir=\"auto\">&#8220;Journey&#8221; (1974) did not do so well at the sales level but it turned out to be another worth while and underrated album.<\/div>\n<p>&nbsp;<\/p>\n<div dir=\"auto\"><\/div>\n<div dir=\"auto\">The album was produced alone by Chris White, although Argent continued to collaborate instrumentally, with his unmistakable keyboard passages.<\/div>\n<p>&nbsp;<\/p>\n<div dir=\"auto\"><\/div>\n<\/div>\n<div class=\"cxmmr5t8 oygrvhab hcukyx3x c1et5uql o9v6fnle ii04i59q\" style=\"text-align: justify;\">\n<div dir=\"auto\">The next LP work, &#8220;Planes&#8221; (1976) was his first album recorded on Elton John&#8217;s Rocket Records label, and his least prominent effort to date.<\/div>\n<p>&nbsp;<\/p>\n<div dir=\"auto\"><\/div>\n<\/div>\n<div class=\"cxmmr5t8 oygrvhab hcukyx3x c1et5uql o9v6fnle ii04i59q\" style=\"text-align: justify;\">\n<div dir=\"auto\">Around that time he began to collaborate with people like Alan Parsons (in &#8220;Pyramid&#8221;, &#8220;Eye In The Sky&#8221; or &#8220;Ammonia Avenue&#8221;), Mike Batt (&#8220;Tarot Suite&#8221;) or Mae McKenna (&#8220;Walk On Water).<\/div>\n<p>&nbsp;<\/p>\n<div dir=\"auto\"><\/div>\n<\/div>\n<div class=\"cxmmr5t8 oygrvhab hcukyx3x c1et5uql o9v6fnle ii04i59q\" style=\"text-align: justify;\">\n<div dir=\"auto\">His solo career declined in quality and he released irregular records such as &#8220;Never Evern Thought&#8221; (1978) or &#8220;Late Nights In Soho&#8221; (1979), his last album on Rocket Records.<\/div>\n<p>&nbsp;<\/p>\n<div dir=\"auto\"><\/div>\n<\/div>\n<div class=\"cxmmr5t8 oygrvhab hcukyx3x c1et5uql o9v6fnle ii04i59q\" style=\"text-align: justify;\">\n<div dir=\"auto\">Later he released the compilation &#8220;I Don\u2019t Believe In Miracles&#8221; (1982).<\/div>\n<p>&nbsp;<\/p>\n<div dir=\"auto\"><\/div>\n<\/div>\n<div class=\"cxmmr5t8 oygrvhab hcukyx3x c1et5uql o9v6fnle ii04i59q\" style=\"text-align: justify;\">\n<div dir=\"auto\">In the 80s he recorded with Dave Stewart, Alan Parsons and Smokey Robinson, in addition to trying his luck with the group Keats, a group formed with several musicians from the Alan Parsons Project with whom he recorded an estimable self-titled LP in 1984, produced by Parsons himself.<\/div>\n<p>&nbsp;<\/p>\n<div dir=\"auto\"><\/div>\n<\/div>\n<div class=\"cxmmr5t8 oygrvhab hcukyx3x c1et5uql o9v6fnle ii04i59q\" style=\"text-align: justify;\">\n<div dir=\"auto\">In &#8220;Colin Blunstone Sings His Single Hits&#8221; (1991) the great vocalist re-recorded his best-known songs, both from his time with the Zombies and solo.<\/div>\n<p>&nbsp;<\/p>\n<div dir=\"auto\"><\/div>\n<\/div>\n<div class=\"cxmmr5t8 oygrvhab hcukyx3x c1et5uql o9v6fnle ii04i59q\" style=\"text-align: justify;\">\n<div dir=\"auto\">&#8220;Echo Bridge&#8221; (1995) was a new album with original songs released the same year that a brilliant compilation of his hits was released.<\/div>\n<p>&nbsp;<\/p>\n<div dir=\"auto\"><\/div>\n<\/div>\n<div class=\"cxmmr5t8 oygrvhab hcukyx3x c1et5uql o9v6fnle ii04i59q\" style=\"text-align: justify;\">\n<div dir=\"auto\">Later, \u201cLight inside\u201d (1998) appeared.<\/div>\n<p>&nbsp;<\/p>\n<div dir=\"auto\"><\/div>\n<\/div>\n<div class=\"cxmmr5t8 oygrvhab hcukyx3x c1et5uql o9v6fnle ii04i59q\" style=\"text-align: justify;\">\n<div dir=\"auto\">His live performances, often touring with Rod Argent, Jim Rodford, Mark Johns and Steve Rodford, were a huge success with an audience devoted to his prodigious singing abilities, undoubtedly one of the best voices in pop history.<\/div>\n<p>&nbsp;<\/p>\n<div dir=\"auto\"><\/div>\n<div dir=\"auto\">Argent and Blunstone published in 2001 \u201cOut Of The Shadows\u201d (2001), a quite worthy album that brought back two members of one of the best groups of the 60s, the Zombies, on the cover.<\/div>\n<p>&nbsp;<\/p>\n<div dir=\"auto\"><\/div>\n<\/div>\n<div class=\"cxmmr5t8 oygrvhab hcukyx3x c1et5uql o9v6fnle ii04i59q\" style=\"text-align: justify;\">\n<div dir=\"auto\">Later he recorded solo &#8220;The Ghost Of You And Me&#8221; (2009) and &#8220;On The Air Tonight&#8221; (2012).<\/div>\n<p>&nbsp;<\/p>\n<div dir=\"auto\"><\/div>\n<\/div>\n<div class=\"cxmmr5t8 oygrvhab hcukyx3x c1et5uql o9v6fnle ii04i59q\" style=\"text-align: justify;\">\n<div dir=\"auto\">In 2014 he published the compilation &#8220;Collected&#8221; (2014), with three CDs.<\/div>\n<p>&nbsp;<\/p>\n<\/div>\n<div dir=\"auto\" style=\"text-align: justify;\"><\/div>\n<div class=\"cxmmr5t8 oygrvhab hcukyx3x c1et5uql o9v6fnle ii04i59q\" style=\"text-align: justify;\">\n<div dir=\"auto\"><strong>Discography<\/strong><\/div>\n<p>&nbsp;<\/p>\n<div dir=\"auto\"><\/div>\n<div dir=\"auto\">\n<table width=\"340\">\n<tbody>\n<tr>\n<td style=\"text-align: center;\" width=\"31\"><\/td>\n<td style=\"text-align: center;\" width=\"309\"><b>G\u00e9nero Rock, Pop<\/b><\/td>\n<\/tr>\n<tr>\n<td style=\"text-align: center;\" width=\"31\"><strong>N\u00b0<\/strong><\/td>\n<td style=\"text-align: center;\" width=\"309\"><strong>Escuchar Tema<\/strong><\/td>\n<\/tr>\n<tr>\n<td width=\"31\">1<\/td>\n<td width=\"309\">She Loves The Way They Love Her<\/td>\n<\/tr>\n<tr>\n<td width=\"31\">2<\/td>\n<td width=\"309\">Misty Roses<\/td>\n<\/tr>\n<tr>\n<td width=\"31\">3<\/td>\n<td width=\"309\">Smoky Day<\/td>\n<\/tr>\n<tr>\n<td width=\"31\">4<\/td>\n<td width=\"309\">Caroline Goodbye<\/td>\n<\/tr>\n<tr>\n<td width=\"31\">5<\/td>\n<td width=\"309\">Though You Are Far Away<\/td>\n<\/tr>\n<tr>\n<td width=\"31\">6<\/td>\n<td width=\"309\">Mary Won&#8217;t You Warm My Bed<\/td>\n<\/tr>\n<tr>\n<td width=\"31\">7<\/td>\n<td width=\"309\">Her Song<\/td>\n<\/tr>\n<tr>\n<td width=\"31\">8<\/td>\n<td width=\"309\">I Can&#8217;t Live Without You<\/td>\n<\/tr>\n<tr>\n<td width=\"31\">9<\/td>\n<td width=\"309\">Let Me Come Closer<\/td>\n<\/tr>\n<tr>\n<td width=\"31\">10<\/td>\n<td width=\"309\">Say You Don&#8217;t Mind<\/td>\n<\/tr>\n<tr>\n<td width=\"31\">11<\/td>\n<td width=\"309\">I Want Some More<\/td>\n<\/tr>\n<tr>\n<td width=\"31\">12<\/td>\n<td width=\"309\">Pay Me Later<\/td>\n<\/tr>\n<tr>\n<td width=\"31\">13<\/td>\n<td width=\"309\">Andorra<\/td>\n<\/tr>\n<tr>\n<td width=\"31\">14<\/td>\n<td width=\"309\">I&#8217;ve Always Had You<\/td>\n<\/tr>\n<tr>\n<td width=\"31\">15<\/td>\n<td width=\"309\">Time&#8217;s Running Out<\/td>\n<\/tr>\n<tr>\n<td width=\"31\">16<\/td>\n<td width=\"309\">How Could We Dare To Be Wrong<\/td>\n<\/tr>\n<tr>\n<td width=\"31\">17<\/td>\n<td width=\"309\">Wonderful<\/td>\n<\/tr>\n<tr>\n<td width=\"31\">18<\/td>\n<td width=\"309\">Beginning<\/td>\n<\/tr>\n<tr>\n<td width=\"31\">19<\/td>\n<td width=\"309\">Keep The Curtains Closed Today<\/td>\n<\/tr>\n<tr>\n<td width=\"31\">20<\/td>\n<td width=\"309\">Weak For You<\/td>\n<\/tr>\n<tr>\n<td width=\"31\">21<\/td>\n<td width=\"309\">Beware<\/td>\n<\/tr>\n<tr>\n<td width=\"31\">22<\/td>\n<td width=\"309\">Smooth Operation<\/td>\n<\/tr>\n<tr>\n<td width=\"31\">23<\/td>\n<td width=\"309\">This Is Your Captain Calling<\/td>\n<\/tr>\n<tr>\n<td width=\"31\">24<\/td>\n<td width=\"309\">Something Happens When You Touch Me<\/td>\n<\/tr>\n<tr>\n<td width=\"31\">25<\/td>\n<td width=\"309\">Setting Yourself Up<\/td>\n<\/tr>\n<tr>\n<td width=\"31\">26<\/td>\n<td width=\"309\">Brother Lover<\/td>\n<\/tr>\n<tr>\n<td width=\"31\">27<\/td>\n<td width=\"309\">Shadow Of A Doubt<\/td>\n<\/tr>\n<tr>\n<td width=\"31\">28<\/td>\n<td width=\"309\">Beautiful You<\/td>\n<\/tr>\n<tr>\n<td width=\"31\">29<\/td>\n<td width=\"309\">Planes<\/td>\n<\/tr>\n<tr>\n<td width=\"31\">30<\/td>\n<td width=\"309\">Since I&#8217;ve Been Loving You<\/td>\n<\/tr>\n<tr>\n<td width=\"31\">31<\/td>\n<td width=\"309\">Ain&#8217;t It Funny<\/td>\n<\/tr>\n<tr>\n<td width=\"31\">32<\/td>\n<td width=\"309\">Only With You<\/td>\n<\/tr>\n<tr>\n<td width=\"31\">33<\/td>\n<td width=\"309\">I Can Almost See The Light<\/td>\n<\/tr>\n<tr>\n<td width=\"31\">34<\/td>\n<td width=\"309\">Good Guys Don&#8217;t Always Win<\/td>\n<\/tr>\n<tr>\n<td width=\"31\">35<\/td>\n<td width=\"309\">Loving And Free<\/td>\n<\/tr>\n<tr>\n<td width=\"31\">36<\/td>\n<td width=\"309\">Dancing In The Dark<\/td>\n<\/tr>\n<tr>\n<td width=\"31\">37<\/td>\n<td width=\"309\">It&#8217;s Hard To Say Goodbye<\/td>\n<\/tr>\n<tr>\n<td width=\"31\">38<\/td>\n<td width=\"309\">(Care Of) Cell 44<\/td>\n<\/tr>\n<tr>\n<td width=\"31\">39<\/td>\n<td width=\"309\">Tell Me How<\/td>\n<\/tr>\n<tr>\n<td width=\"31\">40<\/td>\n<td width=\"309\">I&#8217;ll Never Forget You<\/td>\n<\/tr>\n<tr>\n<td width=\"31\">41<\/td>\n<td width=\"309\">Lovelight<\/td>\n<\/tr>\n<tr>\n<td width=\"31\">42<\/td>\n<td width=\"309\">Ain&#8217;t It Funny<\/td>\n<\/tr>\n<tr>\n<td width=\"31\">43<\/td>\n<td width=\"309\">Who&#8217;s That Knocking<\/td>\n<\/tr>\n<tr>\n<td width=\"31\">44<\/td>\n<td width=\"309\">Never Even Thought<\/td>\n<\/tr>\n<tr>\n<td width=\"31\">45<\/td>\n<td width=\"309\">Touch And Go<\/td>\n<\/tr>\n<tr>\n<td width=\"31\">46<\/td>\n<td width=\"309\">You Are The Way For Me<\/td>\n<\/tr>\n<tr>\n<td width=\"31\">47<\/td>\n<td width=\"309\">Photograph<\/td>\n<\/tr>\n<tr>\n<td width=\"31\">48<\/td>\n<td width=\"309\">Do Magnolia<\/td>\n<\/tr>\n<tr>\n<td width=\"31\">49<\/td>\n<td width=\"309\">Hearts That Turn<\/td>\n<\/tr>\n<tr>\n<td width=\"31\">50<\/td>\n<td width=\"309\">Till We Try Again<\/td>\n<\/tr>\n<\/tbody>\n<\/table>\n<p>&nbsp;<\/p>\n<\/div>\n<\/div>\n<div class=\"epyt-video-wrapper\"><iframe loading=\"lazy\"  id=\"_ytid_57705\"  width=\"618\" height=\"347\"  data-origwidth=\"618\" data-origheight=\"347\" src=\"https:\/\/www.youtube.com\/embed\/D7CLBUoXVIM?enablejsapi=1&#038;autoplay=0&#038;cc_load_policy=0&#038;cc_lang_pref=&#038;iv_load_policy=1&#038;loop=0&#038;modestbranding=0&#038;rel=1&#038;fs=1&#038;playsinline=0&#038;autohide=2&#038;theme=dark&#038;color=red&#038;controls=1&#038;\" class=\"__youtube_prefs__  epyt-is-override  no-lazyload\" title=\"YouTube player\"  allow=\"fullscreen; accelerometer; autoplay; clipboard-write; encrypted-media; gyroscope; picture-in-picture\" allowfullscreen data-no-lazy=\"1\" data-skipgform_ajax_framebjll=\"\"><\/iframe><\/div>\n","protected":false},"excerpt":{"rendered":"<p>&nbsp; Fecha de Nacimiento: Hatfield, Hertfordshire, 24 de junio de 1945 &nbsp; Biograf\u00eda &nbsp; Colin Edward Michael Blunstone,\u00a0 es un cantante, compositor y m\u00fasico ingl\u00e9s, reconocido por su asociaci\u00f3n con las bandas The Zombies, Argent y The Alan Parsons Project y por su larga carrera como solista. &nbsp; Si alg\u00fan grupo en los a\u00f1os 60 &hellip;<\/p>\n","protected":false},"author":1,"featured_media":0,"parent":0,"menu_order":0,"comment_status":"closed","ping_status":"closed","template":"","meta":{"footnotes":""},"class_list":["post-28500","page","type-page","status-publish",""],"jetpack_sharing_enabled":true,"_links":{"self":[{"href":"http:\/\/mickyandoniehn.com\/radio\/wp-json\/wp\/v2\/pages\/28500","targetHints":{"allow":["GET"]}}],"collection":[{"href":"http:\/\/mickyandoniehn.com\/radio\/wp-json\/wp\/v2\/pages"}],"about":[{"href":"http:\/\/mickyandoniehn.com\/radio\/wp-json\/wp\/v2\/types\/page"}],"author":[{"embeddable":true,"href":"http:\/\/mickyandoniehn.com\/radio\/wp-json\/wp\/v2\/users\/1"}],"replies":[{"embeddable":true,"href":"http:\/\/mickyandoniehn.com\/radio\/wp-json\/wp\/v2\/comments?post=28500"}],"version-history":[{"count":2,"href":"http:\/\/mickyandoniehn.com\/radio\/wp-json\/wp\/v2\/pages\/28500\/revisions"}],"predecessor-version":[{"id":30167,"href":"http:\/\/mickyandoniehn.com\/radio\/wp-json\/wp\/v2\/pages\/28500\/revisions\/30167"}],"wp:attachment":[{"href":"http:\/\/mickyandoniehn.com\/radio\/wp-json\/wp\/v2\/media?parent=28500"}],"curies":[{"name":"wp","href":"https:\/\/api.w.org\/{rel}","templated":true}]}}