{"id":28496,"date":"2022-08-26T09:59:13","date_gmt":"2022-08-26T15:59:13","guid":{"rendered":"https:\/\/mickyandoniehn.com\/radio\/?page_id=28496"},"modified":"2022-08-26T09:59:13","modified_gmt":"2022-08-26T15:59:13","slug":"katia-cardenal","status":"publish","type":"page","link":"http:\/\/mickyandoniehn.com\/radio\/katia-cardenal\/","title":{"rendered":"Katia Cardenal"},"content":{"rendered":"<p style=\"text-align: justify;\"><img loading=\"lazy\" decoding=\"async\" class=\"wp-image-25631 aligncenter\" src=\"http:\/\/mickyandoniehn.com\/radio\/wp-content\/uploads\/2022\/08\/Katia-Cardenal.png\" alt=\"\" width=\"581\" height=\"621\" \/><\/p>\n<p>&nbsp;<\/p>\n<p>&nbsp;<\/p>\n<div class=\"cxmmr5t8 oygrvhab hcukyx3x c1et5uql o9v6fnle ii04i59q\" style=\"text-align: justify;\">\n<div dir=\"auto\"><strong>Fecha de Nacimiento:<\/strong> Managua, 19 de junio de 1963<\/div>\n<div dir=\"auto\"><\/div>\n<\/div>\n<div class=\"cxmmr5t8 oygrvhab hcukyx3x c1et5uql o9v6fnle ii04i59q\" style=\"text-align: justify;\">\n<div dir=\"auto\"><strong>Biografia:<\/strong><\/div>\n<div dir=\"auto\"><\/div>\n<div dir=\"auto\">Desde inicios de 1980, con apenas 16 a\u00f1os, junto a su hermano Salvador Cardenal (Distrito Federal, 6 de octubre de 1960 &#8211; Managua, 8 de marzo de 2010) y con el nombre de D\u00fao Guardabarranco (p\u00e1jaro nacional de Nicaragua), empez\u00f3 a presentarse p\u00fablicamente en Nicaragua revolucionaria, recorrieron escuelas, f\u00e1bricas, teatros, pueblos, campamentos, etc.<\/div>\n<div dir=\"auto\"><\/div>\n<\/div>\n<div class=\"cxmmr5t8 oygrvhab hcukyx3x c1et5uql o9v6fnle ii04i59q\" style=\"text-align: justify;\">\n<div dir=\"auto\">La frescura de sus armon\u00edas y la originalidad po\u00e9tica y mel\u00f3dica de sus canciones fueron reconocidas, no solo por el p\u00fablico, sino por la comunidad internacional del Movimiento de la Nueva Canci\u00f3n Latinoamericana. Con solo un a\u00f1o de experiencia empezaron a realizar giras internacionales por Am\u00e9rica y Europa, participando en festivales de M\u00fasica Folk, Canci\u00f3n Pol\u00edtica, Estudiantiles, del Arte o de la Canci\u00f3n, Campa\u00f1as de Solidaridad, del Medio Ambiente o los Derechos Humanos.<\/div>\n<div dir=\"auto\"><\/div>\n<\/div>\n<div class=\"cxmmr5t8 oygrvhab hcukyx3x c1et5uql o9v6fnle ii04i59q\" style=\"text-align: justify;\">\n<div dir=\"auto\">Katia y Salvador estuvieron haciendo m\u00fasica juntos durante 30 a\u00f1os, desde el 8 de febrero de 1980 hasta el 8 de febrero del 2010, un mes antes de que Salvador ingresara al hospital a causa de una septicemia causada por una infecci\u00f3n a consecuencia de una enfermedad que le caus\u00f3 la muerte el 8 de marzo del 2010.<\/div>\n<div dir=\"auto\"><\/div>\n<\/div>\n<div class=\"cxmmr5t8 oygrvhab hcukyx3x c1et5uql o9v6fnle ii04i59q\" style=\"text-align: justify;\">\n<div dir=\"auto\">Simult\u00e1neamente con su labor como cantante y a ratos compositora, logr\u00f3 graduarse como educadora musical en la Escuela Nacional de M\u00fasica de Managua, en 1984, y trabaj\u00f3 como maestra de flauta dulce y solfeo para ni\u00f1os y adolescentes en diferentes escuelas de 1984 a 1994.<\/div>\n<div dir=\"auto\"><\/div>\n<\/div>\n<div class=\"cxmmr5t8 oygrvhab hcukyx3x c1et5uql o9v6fnle ii04i59q\" style=\"text-align: justify;\">\n<div dir=\"auto\">En 1996 graba en Nicaragua Brazos de Sol, su primer disco como solista, donde reafirma su vocaci\u00f3n de trovadora al interpretar algunos temas de su autor\u00eda as\u00ed como otros de variados cantautores hispanoamericanos. En 1996 se muda a Noruega y graba 6 discos m\u00e1s como solista con la disquera noruega Kirkelig kulturverksted.<\/div>\n<div dir=\"auto\"><\/div>\n<\/div>\n<div class=\"cxmmr5t8 oygrvhab hcukyx3x c1et5uql o9v6fnle ii04i59q\" style=\"text-align: justify;\">\n<div dir=\"auto\">Navegas por las costas en 1999, disco que permanece m\u00e1s de 15 semanas en el Top 40 de popularidad en Noruega y la hace ganadora de un Disco de oro, En Reveslandia 1999, ambos discos contienen canciones de Alf Pr\u00f8ysen en espa\u00f1ol, Ven a mi casa esta Navidad 2000, Fragancia (canciones de Evert Taube en espa\u00f1ol) 2001, Sue\u00f1o de una noche de verano (canciones de Silvio Rodr\u00edguez) 2002 y Messe for Kari og Ola 2008, versi\u00f3n biling\u00fce de la Misa Campesina Nicarag\u00fcense con el coro noruego Skruk. En el a\u00f1o 2000 se muda de regreso a Nicaragua. Crea su propio sello disquero MOKA DISCOS y graba Hojarasca 2004, Mariposa de alas rotas 2007, Misa campesina nicarag\u00fcense 2008, Trampolin 2017, Basta un suspiro 2019,<\/div>\n<div dir=\"auto\"><\/div>\n<\/div>\n<div class=\"cxmmr5t8 oygrvhab hcukyx3x c1et5uql o9v6fnle ii04i59q\" style=\"text-align: justify;\">\n<div dir=\"auto\"><strong>Wikipedia in English<\/strong><\/div>\n<div dir=\"auto\"><\/div>\n<\/div>\n<div class=\"cxmmr5t8 oygrvhab hcukyx3x c1et5uql o9v6fnle ii04i59q\" style=\"text-align: justify;\">\n<div dir=\"auto\"><strong>Date of Born:<\/strong> Managua, June 19, 1963<\/div>\n<div dir=\"auto\"><\/div>\n<\/div>\n<div class=\"cxmmr5t8 oygrvhab hcukyx3x c1et5uql o9v6fnle ii04i59q\" style=\"text-align: justify;\">\n<div dir=\"auto\"><strong>Biography:<\/strong><\/div>\n<div dir=\"auto\"><\/div>\n<div dir=\"auto\">Since the beginning of 1980, when he was just 16 years old, together with his brother Salvador Cardenal (Federal District, October 6, 1960 &#8211; Managua, March 8, 2010) and with the name of D\u00fao Guardabarranco (Nicaraguan national bird), he began to to appear publicly in revolutionary Nicaragua, they toured schools, factories, theaters, towns, camps, etc.<\/div>\n<div dir=\"auto\"><\/div>\n<\/div>\n<div class=\"cxmmr5t8 oygrvhab hcukyx3x c1et5uql o9v6fnle ii04i59q\" style=\"text-align: justify;\">\n<div dir=\"auto\">The freshness of his harmonies and the poetic and melodic originality of his songs were recognized, not only by the public, but by the international community of the New Latin American Song Movement. With only one year of experience, they began to make international tours of America and Europe, participating in festivals of Folk Music, Political Song, Students, Art or Song, Solidarity Campaigns, the Environment or Human Rights.<\/div>\n<div dir=\"auto\"><\/div>\n<\/div>\n<div class=\"cxmmr5t8 oygrvhab hcukyx3x c1et5uql o9v6fnle ii04i59q\" style=\"text-align: justify;\">\n<div dir=\"auto\">Katia and Salvador were making music together for 30 years, from February 8, 1980 to February 8, 2010, a month before Salvador was admitted to the hospital due to septicemia caused by an infection resulting from a disease that killed him on March 8, 2010.<\/div>\n<div dir=\"auto\"><\/div>\n<\/div>\n<div class=\"cxmmr5t8 oygrvhab hcukyx3x c1et5uql o9v6fnle ii04i59q\" style=\"text-align: justify;\">\n<div dir=\"auto\">Simultaneously with her work as a singer and at times a composer, she managed to graduate as a music educator at the National School of Music in Managua in 1984, and worked as a recorder and music theory teacher for children and adolescents in different schools from 1984 to 1994.<\/div>\n<div dir=\"auto\"><\/div>\n<\/div>\n<div class=\"cxmmr5t8 oygrvhab hcukyx3x c1et5uql o9v6fnle ii04i59q\" style=\"text-align: justify;\">\n<div dir=\"auto\">In 1996 he recorded in Nicaragua Brazos de Sol, his first solo album, where he reaffirmed his vocation as a troubadour by interpreting some songs of his own as well as others by various Latin American singer-songwriters. In 1996 he moved to Norway and recorded 6 more albums as a soloist with the Norwegian label Kirkelig kulturverksted.<\/div>\n<div dir=\"auto\"><\/div>\n<\/div>\n<div class=\"cxmmr5t8 oygrvhab hcukyx3x c1et5uql o9v6fnle ii04i59q\" style=\"text-align: justify;\">\n<div dir=\"auto\">You sail along the coasts in 1999, an album that remains more than 15 weeks in the Top 40 of popularity in Norway and makes it the winner of a Gold Record, In Reveslandia 1999, both discs contain songs by Alf Pr\u00f8ysen in Spanish, Come to my house this Christmas 2000, Fragrance (songs by Evert Taube in Spanish) 2001, Sue\u00f1o de una noche de verano (songs by Silvio Rodr\u00edguez) 2002 and Messe for Kari og Ola 2008, bilingual version of the Nicaraguan Peasant Mass with the Norwegian Skruk choir. In 2000 he moved back to Nicaragua. He created his own record label MOKA DISCOS and recorded Hojarasca 2004, Mariposa de alas rotas 2007, Nicaraguan peasant mass 2008, Trampolin 2017, Basta un suspiro 2019,<\/div>\n<div dir=\"auto\"><\/div>\n<\/div>\n<div class=\"cxmmr5t8 oygrvhab hcukyx3x c1et5uql o9v6fnle ii04i59q\" style=\"text-align: justify;\">\n<div dir=\"auto\"><strong>Discography<\/strong><\/div>\n<\/div>\n<div dir=\"auto\"><\/div>\n<div dir=\"auto\">\n<table style=\"height: 1852px;\" width=\"752\">\n<tbody>\n<tr>\n<td style=\"text-align: center;\" width=\"117\"><strong>Temas T\u00edpico Nicarag\u00fcense<\/strong><\/td>\n<td style=\"text-align: center;\" width=\"236\"><strong>En Reveslandia<\/strong><\/td>\n<td style=\"text-align: center;\" width=\"142\"><strong>A\u00f1o de Publicaci\u00f3n<\/strong><\/td>\n<\/tr>\n<tr>\n<td>1<\/td>\n<td>El Puercoespin (Bolla Pinnsvin)<\/td>\n<td><\/td>\n<\/tr>\n<tr>\n<td>2<\/td>\n<td colspan=\"2\">Nuececita Va A La Escuela (N\u00f8tteliten G\u00e5r P\u00e5 Skolen)<\/td>\n<\/tr>\n<tr>\n<td>3<\/td>\n<td colspan=\"2\">Marta Y Sebasti\u00e1n (Marte Og Baldrian)<\/td>\n<\/tr>\n<tr>\n<td>4<\/td>\n<td colspan=\"2\">La Liebre Helena (Helene Harefr\u00f8ken)<\/td>\n<\/tr>\n<tr>\n<td>5<\/td>\n<td colspan=\"2\">Tu Y Yo Y Don Tuc\u00e1n ( Du Og Jeg Og Dompapen)<\/td>\n<\/tr>\n<tr>\n<td>6<\/td>\n<td colspan=\"2\">Osito De Peluche (Teddybj\u00f8rnens Vise)<\/td>\n<\/tr>\n<tr>\n<td>7<\/td>\n<td>Dos Centavos (Sparegris-Visa)<\/td>\n<td><\/td>\n<\/tr>\n<tr>\n<td>8<\/td>\n<td colspan=\"2\">Para La Pasqua Un Sonar (Romjulsdr\u00f8m)<\/td>\n<\/tr>\n<tr>\n<td>9<\/td>\n<td colspan=\"2\">Que Feliz Se Est\u00e1 En El Campo (Det Er Gemt \u00c5 Bo P\u00e5 Landet)<\/td>\n<\/tr>\n<tr>\n<td>10<\/td>\n<td>En Reveslandia (I Bakvendtland)<\/td>\n<td><\/td>\n<\/tr>\n<tr>\n<td>11<\/td>\n<td colspan=\"2\">Rayos De Sol Y Una Canci\u00f3n (Solskinn Og Sang)<\/td>\n<\/tr>\n<tr>\n<td>12<\/td>\n<td>El Pequen\u00edn Adrian (Lillebrors Vise)<\/td>\n<td><\/td>\n<\/tr>\n<tr>\n<td><\/td>\n<td><\/td>\n<td><\/td>\n<\/tr>\n<tr>\n<td style=\"text-align: center;\"><\/td>\n<td style=\"text-align: center;\"><strong>Navega por las Costas<\/strong><\/td>\n<td style=\"text-align: center;\"><strong>1999<\/strong><\/td>\n<\/tr>\n<tr>\n<td>1<\/td>\n<td>Juan Y Salom\u00f3n<\/td>\n<td><\/td>\n<\/tr>\n<tr>\n<td>2<\/td>\n<td>Venga Esta Noche<\/td>\n<td><\/td>\n<\/tr>\n<tr>\n<td>3<\/td>\n<td>Viento Del Sur<\/td>\n<td><\/td>\n<\/tr>\n<tr>\n<td>4<\/td>\n<td>Canta Piedra De Afilar<\/td>\n<td><\/td>\n<\/tr>\n<tr>\n<td>5<\/td>\n<td>Al Pie De La Colina<\/td>\n<td><\/td>\n<\/tr>\n<tr>\n<td>6<\/td>\n<td>Jacinto Se Fu\u00e9 A La Ciudad<\/td>\n<td><\/td>\n<\/tr>\n<tr>\n<td>7<\/td>\n<td>Campanita De Abril<\/td>\n<td><\/td>\n<\/tr>\n<tr>\n<td>8<\/td>\n<td>Clara La Del Valle<\/td>\n<td><\/td>\n<\/tr>\n<tr>\n<td>9<\/td>\n<td>Navegas Por Las Costas<\/td>\n<td><\/td>\n<\/tr>\n<tr>\n<td>10<\/td>\n<td>Arrullo Navide\u00f1o<\/td>\n<td><\/td>\n<\/tr>\n<tr>\n<td>11<\/td>\n<td>Canci\u00f3n De Consuelo Al Pe\u00f3n<\/td>\n<td><\/td>\n<\/tr>\n<tr>\n<td>12<\/td>\n<td>En La Capital Hay Un Pariente<\/td>\n<td><\/td>\n<\/tr>\n<tr>\n<td>13<\/td>\n<td>Ya Ver\u00e1s Que Hay Un Ma\u00f1ana<\/td>\n<td><\/td>\n<\/tr>\n<tr>\n<td><\/td>\n<td><\/td>\n<td><\/td>\n<\/tr>\n<tr>\n<td style=\"text-align: center;\"><\/td>\n<td style=\"text-align: center;\"><strong>Ven a Mi casa Esta Navidad<\/strong><\/td>\n<td style=\"text-align: center;\"><strong>2000<\/strong><\/td>\n<\/tr>\n<tr>\n<td>1<\/td>\n<td>El Ni\u00f1o Del Tambor<\/td>\n<td><\/td>\n<\/tr>\n<tr>\n<td>2<\/td>\n<td>Cristo De Palacaguina<\/td>\n<td><\/td>\n<\/tr>\n<tr>\n<td>3<\/td>\n<td>Noche De Paz<\/td>\n<td><\/td>\n<\/tr>\n<tr>\n<td>4<\/td>\n<td>Los Reyes Magos<\/td>\n<td><\/td>\n<\/tr>\n<tr>\n<td>5<\/td>\n<td>Ven A Mi Casa Esta Navidad<\/td>\n<td><\/td>\n<\/tr>\n<tr>\n<td>6<\/td>\n<td>Bella Es La Tierra<\/td>\n<td><\/td>\n<\/tr>\n<tr>\n<td>7<\/td>\n<td>Soy Tan Feliz Cada Navidad<\/td>\n<td><\/td>\n<\/tr>\n<tr>\n<td>8<\/td>\n<td>\u00c1ngelus<\/td>\n<td><\/td>\n<\/tr>\n<tr>\n<td>9<\/td>\n<td>Pues Concebida<\/td>\n<td><\/td>\n<\/tr>\n<tr>\n<td>10<\/td>\n<td>Adeste Fideles<\/td>\n<td><\/td>\n<\/tr>\n<tr>\n<td>11<\/td>\n<td>Duerme Salvador<\/td>\n<td><\/td>\n<\/tr>\n<tr>\n<td>12<\/td>\n<td>El Ni\u00f1o De Maria<\/td>\n<td><\/td>\n<\/tr>\n<tr>\n<td>13<\/td>\n<td>Ave Maria<\/td>\n<td><\/td>\n<\/tr>\n<tr>\n<td><\/td>\n<td><\/td>\n<td><\/td>\n<\/tr>\n<tr>\n<td style=\"text-align: center;\"><\/td>\n<td style=\"text-align: center;\"><strong>Sueno de Una Noche de Verano<\/strong><\/td>\n<td style=\"text-align: center;\"><strong>2001<\/strong><\/td>\n<\/tr>\n<tr>\n<td>1<\/td>\n<td>El Dia Feliz Que Est\u00e1 Llegando<\/td>\n<td><\/td>\n<\/tr>\n<tr>\n<td>2<\/td>\n<td>Hoy Mi Deber<\/td>\n<td><\/td>\n<\/tr>\n<tr>\n<td>3<\/td>\n<td>Historia De Las Sillas<\/td>\n<td><\/td>\n<\/tr>\n<tr>\n<td>4<\/td>\n<td>A D\u00f3nde Van?<\/td>\n<td><\/td>\n<\/tr>\n<tr>\n<td>5<\/td>\n<td>Ojal\u00e1<\/td>\n<td><\/td>\n<\/tr>\n<tr>\n<td>6<\/td>\n<td>Sue\u00f1o De Una Noche De Verano<\/td>\n<td><\/td>\n<\/tr>\n<tr>\n<td>7<\/td>\n<td>Rabo De Nube<\/td>\n<td><\/td>\n<\/tr>\n<tr>\n<td>8<\/td>\n<td>D\u00f3nde Pongo Lo Hallado?<\/td>\n<td><\/td>\n<\/tr>\n<tr>\n<td>9<\/td>\n<td>Qui\u00e9n Fuera<\/td>\n<td><\/td>\n<\/tr>\n<tr>\n<td>10<\/td>\n<td>El Reparador De Sue\u00f1os<\/td>\n<td><\/td>\n<\/tr>\n<tr>\n<td>11<\/td>\n<td>Te Amar\u00e9<\/td>\n<td><\/td>\n<\/tr>\n<tr>\n<td>12<\/td>\n<td>Pioneros<\/td>\n<td><\/td>\n<\/tr>\n<tr>\n<td>13<\/td>\n<td>Nuestro Tema<\/td>\n<td><\/td>\n<\/tr>\n<tr>\n<td>14<\/td>\n<td>D\u00edas Y Flores<\/td>\n<td><\/td>\n<\/tr>\n<tr>\n<td>15<\/td>\n<td>Playa Gir\u00f3n<\/td>\n<td><\/td>\n<\/tr>\n<tr>\n<td>16<\/td>\n<td>La Gaviota<\/td>\n<td><\/td>\n<\/tr>\n<tr>\n<td><\/td>\n<td><\/td>\n<td><\/td>\n<\/tr>\n<\/tbody>\n<\/table>\n<\/div>\n<div dir=\"auto\"><\/div>\n<div dir=\"auto\"><\/div>\n<div class=\"cxmmr5t8 oygrvhab hcukyx3x c1et5uql o9v6fnle ii04i59q\" style=\"text-align: justify;\">\n<div dir=\"auto\">Cr\u00e9ditos: Tomado de Wikipedia<\/div>\n<div dir=\"auto\"><a class=\"oajrlxb2 g5ia77u1 qu0x051f esr5mh6w e9989ue4 r7d6kgcz rq0escxv nhd2j8a9 nc684nl6 p7hjln8o kvgmc6g5 cxmmr5t8 oygrvhab hcukyx3x jb3vyjys rz4wbd8a qt6c0cv9 a8nywdso i1ao9s8h esuyzwwr f1sip0of lzcic4wl gpro0wi8 py34i1dx\" tabindex=\"0\" role=\"link\" href=\"https:\/\/es.wikipedia.org\/wiki\/Katia_Cardenal?fbclid=IwAR136N3lFx5F-GJ17qu41eA4lHb_HPUX3WeIdSZiEgdHRa-ZlcetD2R2gHE\" target=\"_blank\" rel=\"nofollow noopener\">https:\/\/es.wikipedia.org\/wiki\/Katia_Cardenal<\/a><\/div>\n<div dir=\"auto\"><\/div>\n<\/div>\n<div class=\"epyt-video-wrapper\"><iframe loading=\"lazy\"  id=\"_ytid_72447\"  width=\"618\" height=\"347\"  data-origwidth=\"618\" data-origheight=\"347\" src=\"https:\/\/www.youtube.com\/embed\/_76wVtVVFd8?enablejsapi=1&#038;autoplay=0&#038;cc_load_policy=0&#038;cc_lang_pref=&#038;iv_load_policy=1&#038;loop=0&#038;modestbranding=0&#038;rel=1&#038;fs=1&#038;playsinline=0&#038;autohide=2&#038;theme=dark&#038;color=red&#038;controls=1&#038;\" class=\"__youtube_prefs__  epyt-is-override  no-lazyload\" title=\"YouTube player\"  allow=\"fullscreen; accelerometer; autoplay; clipboard-write; encrypted-media; gyroscope; picture-in-picture\" allowfullscreen data-no-lazy=\"1\" data-skipgform_ajax_framebjll=\"\"><\/iframe><\/div>\n","protected":false},"excerpt":{"rendered":"<p>&nbsp; &nbsp; Fecha de Nacimiento: Managua, 19 de junio de 1963 Biografia: Desde inicios de 1980, con apenas 16 a\u00f1os, junto a su hermano Salvador Cardenal (Distrito Federal, 6 de octubre de 1960 &#8211; Managua, 8 de marzo de 2010) y con el nombre de D\u00fao Guardabarranco (p\u00e1jaro nacional de Nicaragua), empez\u00f3 a presentarse p\u00fablicamente &hellip;<\/p>\n","protected":false},"author":1,"featured_media":0,"parent":0,"menu_order":0,"comment_status":"closed","ping_status":"closed","template":"","meta":{"footnotes":""},"class_list":["post-28496","page","type-page","status-publish",""],"jetpack_sharing_enabled":true,"_links":{"self":[{"href":"http:\/\/mickyandoniehn.com\/radio\/wp-json\/wp\/v2\/pages\/28496","targetHints":{"allow":["GET"]}}],"collection":[{"href":"http:\/\/mickyandoniehn.com\/radio\/wp-json\/wp\/v2\/pages"}],"about":[{"href":"http:\/\/mickyandoniehn.com\/radio\/wp-json\/wp\/v2\/types\/page"}],"author":[{"embeddable":true,"href":"http:\/\/mickyandoniehn.com\/radio\/wp-json\/wp\/v2\/users\/1"}],"replies":[{"embeddable":true,"href":"http:\/\/mickyandoniehn.com\/radio\/wp-json\/wp\/v2\/comments?post=28496"}],"version-history":[{"count":1,"href":"http:\/\/mickyandoniehn.com\/radio\/wp-json\/wp\/v2\/pages\/28496\/revisions"}],"predecessor-version":[{"id":28497,"href":"http:\/\/mickyandoniehn.com\/radio\/wp-json\/wp\/v2\/pages\/28496\/revisions\/28497"}],"wp:attachment":[{"href":"http:\/\/mickyandoniehn.com\/radio\/wp-json\/wp\/v2\/media?parent=28496"}],"curies":[{"name":"wp","href":"https:\/\/api.w.org\/{rel}","templated":true}]}}