{"id":28490,"date":"2022-08-26T09:58:17","date_gmt":"2022-08-26T15:58:17","guid":{"rendered":"https:\/\/mickyandoniehn.com\/radio\/?page_id=28490"},"modified":"2022-09-01T08:59:11","modified_gmt":"2022-09-01T14:59:11","slug":"bruno-lomas","status":"publish","type":"page","link":"http:\/\/mickyandoniehn.com\/radio\/bruno-lomas\/","title":{"rendered":"Bruno Lomas"},"content":{"rendered":"<p style=\"text-align: justify;\"><img loading=\"lazy\" decoding=\"async\" class=\" wp-image-30116 aligncenter\" src=\"http:\/\/mickyandoniehn.com\/radio\/wp-content\/uploads\/2022\/06\/Bruno-Lomas-300x185.jpg\" alt=\"\" width=\"795\" height=\"490\" srcset=\"http:\/\/mickyandoniehn.com\/radio\/wp-content\/uploads\/2022\/06\/Bruno-Lomas-300x185.jpg 300w, http:\/\/mickyandoniehn.com\/radio\/wp-content\/uploads\/2022\/06\/Bruno-Lomas.jpg 624w\" sizes=\"auto, (max-width: 795px) 100vw, 795px\" \/><\/p>\n<p>&nbsp;<\/p>\n<div class=\"cxmmr5t8 oygrvhab hcukyx3x c1et5uql o9v6fnle\" style=\"text-align: justify;\">\n<div dir=\"auto\"><strong>Fecha de Nacimiento:<\/strong> 14 de junio de 1940<\/div>\n<p>&nbsp;<\/p>\n<div dir=\"auto\"><\/div>\n<div dir=\"auto\"><strong>Fecha de Fallecimiento:<\/strong> 17 de agosto de 1990<\/div>\n<p>&nbsp;<\/p>\n<\/div>\n<div dir=\"auto\"><\/div>\n<div dir=\"auto\"><strong>Biografia<\/strong><\/div>\n<p>&nbsp;<\/p>\n<div class=\"cxmmr5t8 oygrvhab hcukyx3x c1et5uql o9v6fnle\" style=\"text-align: justify;\">\n<div dir=\"auto\"><\/div>\n<\/div>\n<div class=\"cxmmr5t8 oygrvhab hcukyx3x c1et5uql o9v6fnle\" style=\"text-align: justify;\">\n<div dir=\"auto\">Emilio Baldov\u00ed Men\u00e9ndez, conocido art\u00edsticamente como Bruno Lomas fue un cantante de rock espa\u00f1ol, naci\u00f3 en la localidad valenciana de J\u00e1tiva. Hijo de un alto mando del Ej\u00e9rcito de Tierra espa\u00f1ol, Emilio pronto dej\u00f3 los estudios de la Facultad de Derecho para dedicarse a su carrera art\u00edstica como roquero. Junto con dos antiguos compa\u00f1eros de colegio, Salvador Blesa (guitarra solista) y Vicente Castell\u00f3 (guitarra ac\u00fastica) form\u00f3 a principios de los 60 su primer grupo al que pusieron de nombre Los Milos. Sus influencias estaban claras: el rock que llegaba de los Estados Unidos junto a los cantantes italianos y franceses.<\/div>\n<p>&nbsp;<\/p>\n<div dir=\"auto\"><\/div>\n<\/div>\n<div class=\"cxmmr5t8 oygrvhab hcukyx3x c1et5uql o9v6fnle\" style=\"text-align: justify;\">\n<div dir=\"auto\">Los Milos se dieron a conocer al gran p\u00fablico gracias a ganar un festival de conjuntos organizado por el programa de Radio Valencia &#8220;En pos de la fama&#8221; de Juan Granell con la canci\u00f3n &#8220;Tintarella di luna&#8221;. En esta \u00e9poca Salvador Blesa abandona la formaci\u00f3n siendo sustituido por Pascual Olivas y coinciden en algunos ensayos con el gran compositor valenciano Raimon.<\/div>\n<p>&nbsp;<\/p>\n<div dir=\"auto\"><\/div>\n<div dir=\"auto\">En agosto de 1960, Los Milos graban su primer disco con el sello discogr\u00e1fico Discophon, con el que grabaron 16 canciones en 4 EP. Entre ellos, destacan las versiones de &#8220;Be bop a Lula&#8221; de Gene Vincent, &#8220;Bailando conmigo&#8221; (&#8220;Dance with me Henry&#8221;, de Etta James), &#8220;Zapatos de gamuza azul&#8221; (&#8220;Blue suede shoes&#8221; de Carl Perkins), Rave on de Buddy Holly o &#8220;Lucila&#8221; (&#8220;Lucille&#8221; de Little Richard).<\/div>\n<p>&nbsp;<\/p>\n<div dir=\"auto\"><\/div>\n<\/div>\n<div class=\"cxmmr5t8 oygrvhab hcukyx3x c1et5uql o9v6fnle\" style=\"text-align: justify;\">\n<div dir=\"auto\">Durante la Feria de Julio de Valencia, Los Milos tocaron junto al gran roquero franc\u00e9s Johnny Hallyday. \u00c9l y su m\u00e1nager Johny Star se interesan por el grupo y les ofrecen la posibilidad de realizar unas actuaciones en Francia.<\/div>\n<p>&nbsp;<\/p>\n<div dir=\"auto\"><\/div>\n<div dir=\"auto\">Bruno Lomas acepta y prepara un viaje al pa\u00eds vecino para estudiar el terreno, dejando grabado antes de irse el quinto disco del grupo, aunque \u00e9ste ya saldr\u00eda publicado en otra Compa\u00f1\u00eda, EMI.<\/div>\n<div dir=\"auto\"><\/div>\n<p>&nbsp;<\/p>\n<div dir=\"auto\">Pero aqu\u00ed empezaron los problemas de la banda. Primero, el resto del grupo prefiri\u00f3 quedarse en Valencia mientras su cantante viajaba a Francia y, posteriormente, Vicente Castell\u00f3 encuentra problemas con el nombre del grupo, que hab\u00eda sido registrado por Discophon y opta por cambiarlo por el de los Top Son. Esto molesta a Bruno a su regreso de la gira francesa, as\u00ed que deja el grupo y forma uno nuevo, partiendo de algunos componentes de Los Di\u00e1bolos de Burjasot, adoptando el nombre de Las Estrellas de Fuego, que despu\u00e9s ser\u00edan renombrados como Bruno y sus rockeros.<\/div>\n<p>&nbsp;<\/p>\n<div dir=\"auto\"><\/div>\n<\/div>\n<div class=\"cxmmr5t8 oygrvhab hcukyx3x c1et5uql o9v6fnle\" style=\"text-align: justify;\">\n<div dir=\"auto\"><strong>Wikipedia in English<\/strong><\/div>\n<p>&nbsp;<\/p>\n<div dir=\"auto\"><\/div>\n<\/div>\n<div class=\"cxmmr5t8 oygrvhab hcukyx3x c1et5uql o9v6fnle\" style=\"text-align: justify;\">\n<div dir=\"auto\"><strong>Date of Born:<\/strong> June 14, 1940<\/div>\n<p>&nbsp;<\/p>\n<div dir=\"auto\"><\/div>\n<div dir=\"auto\"><strong>Date of Death:<\/strong> August 17, 1990<\/div>\n<p>&nbsp;<\/p>\n<\/div>\n<div dir=\"auto\"><\/div>\n<div dir=\"auto\"><strong>Biography<\/strong><\/div>\n<p>&nbsp;<\/p>\n<div dir=\"auto\"><\/div>\n<div class=\"cxmmr5t8 oygrvhab hcukyx3x c1et5uql o9v6fnle\" style=\"text-align: justify;\">\n<div dir=\"auto\">Emilio Baldov\u00ed Men\u00e9ndez, artistically known as Bruno Lomas was a Spanish rock singer, born in the Valencian town of J\u00e1tiva. Son of a high command of the Spanish Army, Emilio soon dropped out of Law School to pursue his artistic career as a rocker. Together with two old schoolmates, Salvador Blesa (solo guitar) and Vicente Castell\u00f3 (acoustic guitar), he formed his first group at the beginning of the 60s, which they named Los Milos. His influences were clear: the rock that came from the United States along with the Italian and French singers.<\/div>\n<div dir=\"auto\"><\/div>\n<p>&nbsp;<\/p>\n<\/div>\n<div class=\"cxmmr5t8 oygrvhab hcukyx3x c1et5uql o9v6fnle\" style=\"text-align: justify;\">\n<div dir=\"auto\">Los Milos made themselves known to the general public thanks to winning a festival of ensembles organized by the Radio Valencia program &#8220;In pursuit of fame&#8221; by Juan Granell with the song &#8220;Tintarella di luna&#8221;. At this time Salvador Blesa left the group being replaced by Pascual Olivas and they coincide in some rehearsals with the great Valencian composer Raimon.<\/div>\n<p>&nbsp;<\/p>\n<div dir=\"auto\"><\/div>\n<div dir=\"auto\">In August 1960, Los Milos recorded their first album with the Discophon record label, with which they recorded 16 songs on 4 EPs. Among them, stand out the versions of &#8220;Be bop a Lula&#8221; by Gene Vincent, &#8220;Dancing with me&#8221; (&#8220;Dance with me Henry&#8221;, by Etta James), &#8220;Blue suede shoes&#8221; (&#8220;Blue suede shoes&#8221; by Carl Perkins) , Rave on by Buddy Holly or &#8220;Lucila&#8221; (&#8220;Lucille&#8221; by Little Richard).<\/div>\n<p>&nbsp;<\/p>\n<div dir=\"auto\"><\/div>\n<\/div>\n<div class=\"cxmmr5t8 oygrvhab hcukyx3x c1et5uql o9v6fnle\" style=\"text-align: justify;\">\n<div dir=\"auto\">During the July Fair in Valencia, Los Milos played alongside the great French rocker Johnny Hallyday. He and his manager Johny Star take an interest in the group and offer them the chance to perform in France. Bruno Lomas accepts and prepares a trip to the neighboring country to study the terrain, leaving the group&#8217;s fifth album recorded before leaving, although it would already be published in another Company, EMI.<\/div>\n<div dir=\"auto\"><\/div>\n<p>&nbsp;<\/p>\n<div dir=\"auto\">But here the problems of the band began. First, the rest of the group preferred to stay in Valencia while their singer traveled to France and, later, Vicente Castell\u00f3 encountered problems with the name of the group, which had been registered by Discophon and chose to change it to the Top Son. This annoys Bruno upon his return from the French tour, so he leaves the group and forms a new one, starting with some members of Los Diabolos de Burjasot, adopting the name Las Estrellas de Fuego, which would later be renamed Bruno and his rockers.<\/div>\n<div dir=\"auto\"><\/div>\n<div dir=\"auto\"><strong>Discografia<\/strong><\/div>\n<p>&nbsp;<\/p>\n<div dir=\"auto\"><\/div>\n<div dir=\"auto\">\n<table width=\"840\">\n<tbody>\n<tr>\n<td style=\"text-align: center;\" width=\"248\"><b>G\u00e8nero\u00a0Rock<\/b><\/td>\n<td style=\"text-align: center;\" width=\"423\"><strong>Escuchar tema<\/strong><\/td>\n<td style=\"text-align: center;\" width=\"169\"><strong>A\u00f1o<\/strong><\/td>\n<\/tr>\n<tr>\n<td style=\"text-align: center;\"><\/td>\n<td style=\"text-align: center;\"><strong>Canta en Directo<\/strong><\/td>\n<td style=\"text-align: center;\"><strong>1967<\/strong><\/td>\n<\/tr>\n<tr>\n<td>1<\/td>\n<td>Be Bop A Lula<\/td>\n<td><\/td>\n<\/tr>\n<tr>\n<td>2<\/td>\n<td>Irresponsable<\/td>\n<td><\/td>\n<\/tr>\n<tr>\n<td>3<\/td>\n<td>Love Me Please Love Me<\/td>\n<td><\/td>\n<\/tr>\n<tr>\n<td>4<\/td>\n<td>Es Muy Dif\u00edcil<\/td>\n<td><\/td>\n<\/tr>\n<tr>\n<td>5<\/td>\n<td>Nadie Como Tu<\/td>\n<td><\/td>\n<\/tr>\n<tr>\n<td>6<\/td>\n<td>Es Mejor Dejarlo Como Esta<\/td>\n<td><\/td>\n<\/tr>\n<tr>\n<td>7<\/td>\n<td>What They Say<\/td>\n<td><\/td>\n<\/tr>\n<tr>\n<td>8<\/td>\n<td>Eres Mi Chica So\u00f1ada<\/td>\n<td><\/td>\n<\/tr>\n<tr>\n<td>9<\/td>\n<td>Un Hombre Sin Amor<\/td>\n<td><\/td>\n<\/tr>\n<tr>\n<td>10<\/td>\n<td>Ayer Cumpliste Los 16<\/td>\n<td><\/td>\n<\/tr>\n<tr>\n<td>11<\/td>\n<td>Como Ayer<\/td>\n<td><\/td>\n<\/tr>\n<tr>\n<td>12<\/td>\n<td>Me Haces Falta Tu<\/td>\n<td><\/td>\n<\/tr>\n<tr>\n<td><\/td>\n<td><\/td>\n<td><\/td>\n<\/tr>\n<tr>\n<td style=\"text-align: center;\"><\/td>\n<td style=\"text-align: center;\"><strong>Bruno Lomas<\/strong><\/td>\n<td style=\"text-align: center;\"><strong>1968<\/strong><\/td>\n<\/tr>\n<tr>\n<td>1<\/td>\n<td>En El Desv\u00e1n Antiguo De Mi Abuela<\/td>\n<td><\/td>\n<\/tr>\n<tr>\n<td>2<\/td>\n<td>Love Me Please Love Me<\/td>\n<td><\/td>\n<\/tr>\n<tr>\n<td>3<\/td>\n<td>Codo Con Codo<\/td>\n<td><\/td>\n<\/tr>\n<tr>\n<td>4<\/td>\n<td>La Casa Del Sol Naciente<\/td>\n<td><\/td>\n<\/tr>\n<tr>\n<td>5<\/td>\n<td>Llanto<\/td>\n<td><\/td>\n<\/tr>\n<tr>\n<td>6<\/td>\n<td>Comprensi\u00f3n<\/td>\n<td><\/td>\n<\/tr>\n<tr>\n<td>7<\/td>\n<td>Melancol\u00eda<\/td>\n<td><\/td>\n<\/tr>\n<tr>\n<td>8<\/td>\n<td>Como Ayer<\/td>\n<td><\/td>\n<\/tr>\n<tr>\n<td>9<\/td>\n<td>Amor Amargo<\/td>\n<td><\/td>\n<\/tr>\n<tr>\n<td>10<\/td>\n<td>\u00bfA Quien Crees?<\/td>\n<td><\/td>\n<\/tr>\n<tr>\n<td>11<\/td>\n<td>Es Mejor Dejarlo Como Esta<\/td>\n<td><\/td>\n<\/tr>\n<tr>\n<td>12<\/td>\n<td>Ayer Cumpliste Los 16<\/td>\n<td><\/td>\n<\/tr>\n<tr>\n<td>13<\/td>\n<td>Lo Equivocado<\/td>\n<td><\/td>\n<\/tr>\n<tr>\n<td>14<\/td>\n<td>Irresponsable<\/td>\n<td><\/td>\n<\/tr>\n<tr>\n<td><\/td>\n<td><\/td>\n<td><\/td>\n<\/tr>\n<tr>\n<td style=\"text-align: center;\"><\/td>\n<td style=\"text-align: center;\"><strong>Cara y Cruz<\/strong><\/td>\n<td style=\"text-align: center;\"><strong>1968<\/strong><\/td>\n<\/tr>\n<tr>\n<td>1<\/td>\n<td>si no me quieres tu<\/td>\n<td><\/td>\n<\/tr>\n<tr>\n<td>2<\/td>\n<td>seis d\u00edas<\/td>\n<td><\/td>\n<\/tr>\n<tr>\n<td>3<\/td>\n<td>la sombra de tu sonrisa<\/td>\n<td><\/td>\n<\/tr>\n<tr>\n<td>4<\/td>\n<td>llama<\/td>\n<td><\/td>\n<\/tr>\n<tr>\n<td>5<\/td>\n<td>no es serio tu amor<\/td>\n<td><\/td>\n<\/tr>\n<tr>\n<td>6<\/td>\n<td>chica de Ipanema<\/td>\n<td><\/td>\n<\/tr>\n<tr>\n<td>7<\/td>\n<td>ll\u00e9vame a la luna<\/td>\n<td><\/td>\n<\/tr>\n<tr>\n<td>8<\/td>\n<td>de aquel gran amor<\/td>\n<td><\/td>\n<\/tr>\n<tr>\n<td>9<\/td>\n<td>insensatez<\/td>\n<td><\/td>\n<\/tr>\n<tr>\n<td>10<\/td>\n<td>no podre<\/td>\n<td><\/td>\n<\/tr>\n<tr>\n<td>11<\/td>\n<td>vuelvo a casa<\/td>\n<td><\/td>\n<\/tr>\n<tr>\n<td>12<\/td>\n<td>por esa mujer<\/td>\n<td><\/td>\n<\/tr>\n<tr>\n<td><\/td>\n<td><\/td>\n<td><\/td>\n<\/tr>\n<\/tbody>\n<\/table>\n<p>&nbsp;<\/p>\n<\/div>\n<\/div>\n<div class=\"epyt-video-wrapper\"><iframe loading=\"lazy\"  id=\"_ytid_37230\"  width=\"618\" height=\"347\"  data-origwidth=\"618\" data-origheight=\"347\" src=\"https:\/\/www.youtube.com\/embed\/gQIH9OjD6X0?enablejsapi=1&#038;autoplay=0&#038;cc_load_policy=0&#038;cc_lang_pref=&#038;iv_load_policy=1&#038;loop=0&#038;modestbranding=0&#038;rel=1&#038;fs=1&#038;playsinline=0&#038;autohide=2&#038;theme=dark&#038;color=red&#038;controls=1&#038;\" class=\"__youtube_prefs__  epyt-is-override  no-lazyload\" title=\"YouTube player\"  allow=\"fullscreen; accelerometer; autoplay; clipboard-write; encrypted-media; gyroscope; picture-in-picture\" allowfullscreen data-no-lazy=\"1\" data-skipgform_ajax_framebjll=\"\"><\/iframe><\/div>\n","protected":false},"excerpt":{"rendered":"<p>&nbsp; Fecha de Nacimiento: 14 de junio de 1940 &nbsp; Fecha de Fallecimiento: 17 de agosto de 1990 &nbsp; Biografia &nbsp; Emilio Baldov\u00ed Men\u00e9ndez, conocido art\u00edsticamente como Bruno Lomas fue un cantante de rock espa\u00f1ol, naci\u00f3 en la localidad valenciana de J\u00e1tiva. Hijo de un alto mando del Ej\u00e9rcito de Tierra espa\u00f1ol, Emilio pronto dej\u00f3 &hellip;<\/p>\n","protected":false},"author":1,"featured_media":0,"parent":0,"menu_order":0,"comment_status":"closed","ping_status":"closed","template":"","meta":{"footnotes":""},"class_list":["post-28490","page","type-page","status-publish",""],"jetpack_sharing_enabled":true,"_links":{"self":[{"href":"http:\/\/mickyandoniehn.com\/radio\/wp-json\/wp\/v2\/pages\/28490","targetHints":{"allow":["GET"]}}],"collection":[{"href":"http:\/\/mickyandoniehn.com\/radio\/wp-json\/wp\/v2\/pages"}],"about":[{"href":"http:\/\/mickyandoniehn.com\/radio\/wp-json\/wp\/v2\/types\/page"}],"author":[{"embeddable":true,"href":"http:\/\/mickyandoniehn.com\/radio\/wp-json\/wp\/v2\/users\/1"}],"replies":[{"embeddable":true,"href":"http:\/\/mickyandoniehn.com\/radio\/wp-json\/wp\/v2\/comments?post=28490"}],"version-history":[{"count":2,"href":"http:\/\/mickyandoniehn.com\/radio\/wp-json\/wp\/v2\/pages\/28490\/revisions"}],"predecessor-version":[{"id":30119,"href":"http:\/\/mickyandoniehn.com\/radio\/wp-json\/wp\/v2\/pages\/28490\/revisions\/30119"}],"wp:attachment":[{"href":"http:\/\/mickyandoniehn.com\/radio\/wp-json\/wp\/v2\/media?parent=28490"}],"curies":[{"name":"wp","href":"https:\/\/api.w.org\/{rel}","templated":true}]}}