{"id":28480,"date":"2022-08-26T09:55:58","date_gmt":"2022-08-26T15:55:58","guid":{"rendered":"https:\/\/mickyandoniehn.com\/radio\/?page_id=28480"},"modified":"2022-09-01T10:26:45","modified_gmt":"2022-09-01T16:26:45","slug":"huascar-barradas","status":"publish","type":"page","link":"http:\/\/mickyandoniehn.com\/radio\/huascar-barradas\/","title":{"rendered":"Hu\u00e1scar Barradas"},"content":{"rendered":"<p style=\"text-align: justify;\"><img loading=\"lazy\" decoding=\"async\" class=\" wp-image-25615 aligncenter\" src=\"http:\/\/mickyandoniehn.com\/radio\/wp-content\/uploads\/2022\/08\/Huascar-Barradas-300x167.png\" alt=\"\" width=\"860\" height=\"479\" srcset=\"http:\/\/mickyandoniehn.com\/radio\/wp-content\/uploads\/2022\/08\/Huascar-Barradas-300x167.png 300w, http:\/\/mickyandoniehn.com\/radio\/wp-content\/uploads\/2022\/08\/Huascar-Barradas-768x427.png 768w, http:\/\/mickyandoniehn.com\/radio\/wp-content\/uploads\/2022\/08\/Huascar-Barradas.png 900w\" sizes=\"auto, (max-width: 860px) 100vw, 860px\" \/><\/p>\n<p>&nbsp;<\/p>\n<div class=\"cxmmr5t8 oygrvhab hcukyx3x c1et5uql o9v6fnle\" style=\"text-align: justify;\">\n<div dir=\"auto\"><strong>Fecha de Nacimiento:<\/strong> 12 de junio de 1964 (55 a\u00f1os)<\/div>\n<p>&nbsp;<\/p>\n<div dir=\"auto\"><\/div>\n<\/div>\n<div class=\"cxmmr5t8 oygrvhab hcukyx3x c1et5uql o9v6fnle\" style=\"text-align: justify;\">\n<div dir=\"auto\"><strong>Biograf\u00eda:<\/strong><\/div>\n<p>&nbsp;<\/p>\n<div dir=\"auto\"><\/div>\n<div dir=\"auto\">Nacido en Maracaibo, el flautista venezolano Hu\u00e1scar Barradas se ha hecho merecedor de elogios como el del prestigioso peri\u00f3dico alem\u00e1n Frankfurter Allgemaine Zeitung, que escribi\u00f3: \u201cEl Sr. Barradas nos elev\u00f3 al espectro expresivo de la flauta, m\u00e1s all\u00e1 de a lo que nuestros o\u00eddos europeos est\u00e1n acostumbrados. Brillo con absoluta precisi\u00f3n r\u00edtmica y virtuosidad\u2026\u201d.<\/div>\n<p>&nbsp;<\/p>\n<div dir=\"auto\"><\/div>\n<\/div>\n<div class=\"cxmmr5t8 oygrvhab hcukyx3x c1et5uql o9v6fnle\" style=\"text-align: justify;\">\n<div dir=\"auto\">Precisamente ampliar el espectro de posibilidades de la flauta ha sido el principal objetivo de este perticular y vers\u00e1til m\u00fasico a quien se le puede ver en escena interpretando pr\u00e1cticamente cualquier corriente desde Bach hasta los Beatles, como solista, m\u00fasico sinf\u00f3nico, tocando m\u00fasica de c\u00e1mara, contempor\u00e1nea, folkore, flamenco, salsa, jazz o m\u00fasica africana. Para \u00e9l y su flauta todo parece ser &#8220;s\u00f3lo m\u00fasica&#8221;.<\/div>\n<p>&nbsp;<\/p>\n<div dir=\"auto\"><\/div>\n<\/div>\n<div class=\"cxmmr5t8 oygrvhab hcukyx3x c1et5uql o9v6fnle\" style=\"text-align: justify;\">\n<div dir=\"auto\">Su talento lo ha llevado a importantes escenarios en Venezuela, Estados Unidos, Jap\u00f3n, Alemania, Francia, Inglaterra, Canad\u00e1, Espa\u00f1a, Suiza, Turqu\u00eda, Colombia, Italia, Martinica, Aruba y El Salvador. Ha representado a Venezuela en importantes Festivales como en el Festival de Radio France et de Montpellier, European Flute Festival de Frankfurt, Expo-Hannover 2000, National Flute association Convention 2000, Festival Internacional de M\u00fasica Contempor\u00e1nea de Bogot\u00e1, Festival Internacional del Folklore en Turqu\u00eda, I encuentro Latinoamericano de Flauta en Caracas, XII Encuentro Internacional de M\u00fasica de Medell\u00edn entre otros.<\/div>\n<p>&nbsp;<\/p>\n<div dir=\"auto\"><\/div>\n<\/div>\n<div class=\"cxmmr5t8 oygrvhab hcukyx3x c1et5uql o9v6fnle\" style=\"text-align: justify;\">\n<div dir=\"auto\">Ha producido cinco discos compactos con su agrupaci\u00f3n musical venezolana \u201cHu\u00e1scar Barradas y Maracaibo\u201d adem\u00e1s de grabar como solista junto a la Orquesta Filarm\u00f3nica Nacional la obra escrita especialmente para \u00e9l por el compositor venezolano Domingo S\u00e1nchez Bor \u201cEl Viaje de la Jirafa\u201d.<\/div>\n<p>&nbsp;<\/p>\n<div dir=\"auto\"><\/div>\n<\/div>\n<div class=\"cxmmr5t8 oygrvhab hcukyx3x c1et5uql o9v6fnle\" style=\"text-align: justify;\">\n<div dir=\"auto\">Hu\u00e1scar es producto de una excelente formaci\u00f3n acad\u00e9mica que incluye estudios en el Conservatorio de M\u00fasica Jos\u00e9 Luis Paz de Maracaibo, en el Brooklyn Conservatory de New York (Cum laude), en La Julliard School of Music, en la Escuela Superior de M\u00fasica de Frankfurt (sehr gut) con prestigiosos maestros como Eulogio G\u00f3mez, Bernard Golberg, Nirijam Nastasy, Robert Aitken, Aurele Nicolet, Peter Lukas Graf, Michael Schneider entre otros (flauta).<\/div>\n<p>&nbsp;<\/p>\n<div dir=\"auto\"><\/div>\n<div dir=\"auto\">Estudi\u00f3 direcci\u00f3n de orquesta con Vincent La Selva y Karoly Kope, y de Jazz con Shelton Berg y Ron Carter. Miembro fundador de la Estudiantina Juvenil y de la Orquesta Sinf\u00f3nica Juvenil del Estado Zulia. Ganador del Texas Junior College Competition (1983). Patrocinado tras concurso en Alemania por la Sociedad para el desarrollo profesional de J\u00f3venes Artistas de Hannover, Alemania.<\/div>\n<p>&nbsp;<\/p>\n<div dir=\"auto\"><\/div>\n<\/div>\n<div class=\"cxmmr5t8 oygrvhab hcukyx3x c1et5uql o9v6fnle\" style=\"text-align: justify;\">\n<div dir=\"auto\">Ha recibido importantes becas como la del servicio de intercambio acad\u00e9mico alem\u00e1n y la Fundaci\u00f3n Beracasa, adem\u00e1s de la orden \u201cRel\u00e1mpago del Catatumbo\u201d del gobierno del Estado Zulia, as\u00ed como la orden \u201cCiudad de Barquisimeto\u201d. Ha sido flautista asistente principal de la Orquesta Sinf\u00f3nica de Maracaibo y la Orquesta Filarm\u00f3nica Nacional, la misma posici\u00f3n que ahora ocupa con la Orquesta Sinf\u00f3nica Municipal de Caracas.<\/div>\n<p>&nbsp;<\/p>\n<div dir=\"auto\"><\/div>\n<\/div>\n<div class=\"cxmmr5t8 oygrvhab hcukyx3x c1et5uql o9v6fnle\" style=\"text-align: justify;\">\n<div dir=\"auto\">Ha actuado con numerosos artistas de importante trayectoria, quienes tambi\u00e9n han sido invitados especiales en sus conciertos: Sim\u00f3n D\u00edaz, Maria Teresa Chac\u00edn, Cecilia Todd, Ilan Chester, Guaco, Pedro Castillo, Aldemaro Romero, &#8220;&#8221;El Pavo&#8221; Frank Hern\u00e1ndez, Martirio, Chavela Vargas, entre otros.<\/div>\n<p>&nbsp;<\/p>\n<div dir=\"auto\"><\/div>\n<\/div>\n<div class=\"cxmmr5t8 oygrvhab hcukyx3x c1et5uql o9v6fnle\" style=\"text-align: justify;\">\n<div dir=\"auto\">Como pedagogo ha trabajado como tallista en la Orquesta Nacional Infantil de Venezuela y dictando su curso \u201cEl arte de interpretar la flauta\u201d en diferentes conservatorios dentro y fuera del pa\u00eds. Actualmente es profesor de flauta en el Instituto Universitario de de Estudios Musicales en Caracas, actividad que completa su ocupada agenda profesional.<\/div>\n<p>&nbsp;<\/p>\n<div dir=\"auto\"><\/div>\n<\/div>\n<div class=\"cxmmr5t8 oygrvhab hcukyx3x c1et5uql o9v6fnle\" style=\"text-align: justify;\">\n<div dir=\"auto\"><strong>Wikipedia in English<\/strong><\/div>\n<p>&nbsp;<\/p>\n<div dir=\"auto\"><\/div>\n<\/div>\n<div class=\"cxmmr5t8 oygrvhab hcukyx3x c1et5uql o9v6fnle\" style=\"text-align: justify;\">\n<div dir=\"auto\"><strong>Date of Born:<\/strong> June. 12, 1964 (55 age)<\/div>\n<p>&nbsp;<\/p>\n<div dir=\"auto\"><\/div>\n<\/div>\n<div class=\"cxmmr5t8 oygrvhab hcukyx3x c1et5uql o9v6fnle\" style=\"text-align: justify;\">\n<div dir=\"auto\"><strong>Biography<\/strong><\/div>\n<p>&nbsp;<\/p>\n<div dir=\"auto\"><\/div>\n<div dir=\"auto\">Born in Maracaibo, Venezuelan flutist Hu\u00e1scar Barradas has earned accolades such as that of the prestigious German newspaper Frankfurter Allgemaine Zeitung, who wrote: \u201cMr. Barradas elevated us to the expressive spectrum of the flute, beyond what our ears Europeans are used to it. Shine with absolute rhythmic precision and virtuosity\u2026 \u201d.<\/div>\n<p>&nbsp;<\/p>\n<div dir=\"auto\"><\/div>\n<\/div>\n<div class=\"cxmmr5t8 oygrvhab hcukyx3x c1et5uql o9v6fnle\" style=\"text-align: justify;\">\n<div dir=\"auto\">Precisely expanding the spectrum of possibilities of the flute has been the main objective of this peculiar and versatile musician who can be seen on stage playing practically any current from Bach to the Beatles, as a soloist, symphonic musician, playing chamber music, contemporary , folk, flamenco, salsa, jazz or African music. For him and his flute everything seems to be &#8220;just music.&#8221;.<\/div>\n<p>&nbsp;<\/p>\n<div dir=\"auto\"><\/div>\n<div dir=\"auto\">His talent has taken him to important stages in Venezuela, the United States, Japan, Germany, France, England, Canada, Spain, Switzerland, Turkey, Colombia, Italy, Martinique, Aruba and El Salvador. He has represented Venezuela in important Festivals such as the Festival de Radio France et de Montpellier, European Flute Festival in Frankfurt, Expo-Hannover 2000, National Flute association Convention 2000, International Festival of Contemporary Music of Bogot\u00e1, International Festival of Folklore in Turkey, I Latin American Flute Meeting in Caracas, XII International Music Meeting of Medell\u00edn among others.<\/div>\n<p>&nbsp;<\/p>\n<div dir=\"auto\"><\/div>\n<\/div>\n<div class=\"cxmmr5t8 oygrvhab hcukyx3x c1et5uql o9v6fnle\" style=\"text-align: justify;\">\n<div dir=\"auto\">He has produced five compact discs with his Venezuelan musical group &#8220;Hu\u00e1scar Barradas y Maracaibo&#8221; in addition to recording as a soloist with the National Philharmonic Orchestra the work written especially for him by the Venezuelan composer Domingo S\u00e1nchez Bor &#8220;El Viaje de la Jirafa&#8221;.<\/div>\n<p>&nbsp;<\/p>\n<div dir=\"auto\"><\/div>\n<\/div>\n<div class=\"cxmmr5t8 oygrvhab hcukyx3x c1et5uql o9v6fnle\" style=\"text-align: justify;\">\n<div dir=\"auto\">Hu\u00e1scar is the product of an excellent academic training that includes studies at the Jos\u00e9 Luis Paz de Maracaibo Music Conservatory, at the Brooklyn Conservatory in New York (Cum laude), at La Julliard School of Music, at the Frankfurt School of Music ( sehr gut) with prestigious teachers such as Eulogio G\u00f3mez, Bernard Golberg, Nirijam Nastasy, Robert Aitken, Aurele Nicolet, Peter Lukas Graf, Michael Schneider among others (flute).<\/div>\n<p>&nbsp;<\/p>\n<div dir=\"auto\"><\/div>\n<div dir=\"auto\">He studied conducting with Vincent La Selva and Karoly Kope, and jazz with Shelton Berg and Ron Carter. Founding member of the Youth Studentina and the Zulia State Youth Symphony Orchestra. Winner of the Texas Junior College Competition (1983). Sponsored after competition in Germany by the Society for the Professional Development of Young Artists of Hannover, Germany.<\/div>\n<p>&nbsp;<\/p>\n<div dir=\"auto\"><\/div>\n<div dir=\"auto\">He has received important scholarships such as the German academic exchange service and the Beracasa Foundation, as well as the &#8220;Rel\u00e1mpago del Catatumbo&#8221; order from the Zulia state government, as well as the &#8220;Ciudad de Barquisimeto&#8221; order. He has been principal assistant flutist of the Maracaibo Symphony Orchestra and the National Philharmonic Orchestra, the same position that he now occupies with the Caracas Municipal Symphony Orchestra.<\/div>\n<div dir=\"auto\"><\/div>\n<p>&nbsp;<\/p>\n<\/div>\n<div class=\"cxmmr5t8 oygrvhab hcukyx3x c1et5uql o9v6fnle\" style=\"text-align: justify;\">\n<div dir=\"auto\">He has performed with numerous artists of important trajectory, who have also been special guests in his concerts: Sim\u00f3n D\u00edaz, Maria Teresa Chac\u00edn, Cecilia Todd, Ilan Chester, Guaco, Pedro Castillo, Aldemaro Romero, &#8220;&#8221; El Pavo &#8220;Frank Hern\u00e1ndez, Martirio, Chavela Vargas, among others.<\/div>\n<p>&nbsp;<\/p>\n<div dir=\"auto\"><\/div>\n<div dir=\"auto\">As a pedagogue he has worked as a carver in the National Children&#8217;s Orchestra of Venezuela and teaching his course &#8220;The art of interpreting the flute&#8221; in different conservatories inside and outside the country. He is currently a flute professor at the University Institute of Musical Studies in Caracas, an activity that completes his busy professional schedule.<\/div>\n<p>&nbsp;<\/p>\n<div dir=\"auto\"><\/div>\n<\/div>\n<div class=\"cxmmr5t8 oygrvhab hcukyx3x c1et5uql o9v6fnle\" style=\"text-align: justify;\">\n<div dir=\"auto\"><strong>Discography<\/strong><\/div>\n<p>&nbsp;<\/p>\n<div dir=\"auto\"><\/div>\n<\/div>\n<table width=\"531\">\n<tbody>\n<tr>\n<td style=\"text-align: center;\" width=\"211\"><b>Tema Folclore, Flamenco, Jazz, Salsa<\/b><\/td>\n<td style=\"text-align: center;\" width=\"234\"><strong>Escuchar tema<\/strong><\/td>\n<td style=\"text-align: center;\" width=\"86\"><strong>A\u00f1o de Publicaci\u00f3n<\/strong><\/td>\n<\/tr>\n<tr>\n<td style=\"text-align: center;\"><\/td>\n<td style=\"text-align: center;\"><strong>Folklore From Venezuela<\/strong><\/td>\n<td style=\"text-align: center;\"><strong>1990<\/strong><\/td>\n<\/tr>\n<tr>\n<td>1<\/td>\n<td>La Marusa<\/td>\n<td><\/td>\n<\/tr>\n<tr>\n<td>2<\/td>\n<td>El Becerrito<\/td>\n<td><\/td>\n<\/tr>\n<tr>\n<td>3<\/td>\n<td>Maracaibo En La Noche<\/td>\n<td><\/td>\n<\/tr>\n<tr>\n<td>4<\/td>\n<td>Endrina<\/td>\n<td><\/td>\n<\/tr>\n<tr>\n<td>5<\/td>\n<td>El Diablo Suelto<\/td>\n<td><\/td>\n<\/tr>\n<tr>\n<td>6<\/td>\n<td>Quitiplas<\/td>\n<td><\/td>\n<\/tr>\n<tr>\n<td>7<\/td>\n<td>Por El Camino Pela&#8217;o Con Pajarillo<\/td>\n<td><\/td>\n<\/tr>\n<tr>\n<td>8<\/td>\n<td>Dama Anta\u00f1ona<\/td>\n<td><\/td>\n<\/tr>\n<tr>\n<td>9<\/td>\n<td>Brisas Del Torbes<\/td>\n<td><\/td>\n<\/tr>\n<tr>\n<td>10<\/td>\n<td>Polo Coriano<\/td>\n<td><\/td>\n<\/tr>\n<tr>\n<td>11<\/td>\n<td>Merenguito<\/td>\n<td><\/td>\n<\/tr>\n<tr>\n<td>12<\/td>\n<td>Ni\u00f1o Lindo<\/td>\n<td><\/td>\n<\/tr>\n<tr>\n<td><\/td>\n<td><\/td>\n<td><\/td>\n<\/tr>\n<\/tbody>\n<\/table>\n<p><span style=\"text-align: justify;\">Cr\u00e9ditos: Tomado de Wikipedia<\/span><\/p>\n<div class=\"cxmmr5t8 oygrvhab hcukyx3x c1et5uql o9v6fnle\" style=\"text-align: justify;\">\n<div dir=\"auto\"><a class=\"oajrlxb2 g5ia77u1 qu0x051f esr5mh6w e9989ue4 r7d6kgcz rq0escxv nhd2j8a9 nc684nl6 p7hjln8o kvgmc6g5 cxmmr5t8 oygrvhab hcukyx3x jb3vyjys rz4wbd8a qt6c0cv9 a8nywdso i1ao9s8h esuyzwwr f1sip0of lzcic4wl gpro0wi8 py34i1dx\" tabindex=\"0\" role=\"link\" href=\"https:\/\/en.wikipedia.org\/wiki\/Hu%C3%A1scar_Barradas?fbclid=IwAR1yQ7YGrFI-dK0aRyBpbdlAv9bkCf5mV2lbiy6tX6guYhTt85aAxRQON44\" target=\"_blank\" rel=\"nofollow noopener\">https:\/\/en.wikipedia.org\/wiki\/Hu%C3%A1scar_Barradas<\/a><\/div>\n<div dir=\"auto\"><\/div>\n<\/div>\n<div class=\"epyt-video-wrapper\"><iframe loading=\"lazy\"  id=\"_ytid_10772\"  width=\"618\" height=\"347\"  data-origwidth=\"618\" data-origheight=\"347\" src=\"https:\/\/www.youtube.com\/embed\/-QrRi8ItFPY?enablejsapi=1&#038;autoplay=0&#038;cc_load_policy=0&#038;cc_lang_pref=&#038;iv_load_policy=1&#038;loop=0&#038;modestbranding=0&#038;rel=1&#038;fs=1&#038;playsinline=0&#038;autohide=2&#038;theme=dark&#038;color=red&#038;controls=1&#038;\" class=\"__youtube_prefs__  epyt-is-override  no-lazyload\" title=\"YouTube player\"  allow=\"fullscreen; accelerometer; autoplay; clipboard-write; encrypted-media; gyroscope; picture-in-picture\" allowfullscreen data-no-lazy=\"1\" data-skipgform_ajax_framebjll=\"\"><\/iframe><\/div>\n","protected":false},"excerpt":{"rendered":"<p>&nbsp; Fecha de Nacimiento: 12 de junio de 1964 (55 a\u00f1os) &nbsp; Biograf\u00eda: &nbsp; Nacido en Maracaibo, el flautista venezolano Hu\u00e1scar Barradas se ha hecho merecedor de elogios como el del prestigioso peri\u00f3dico alem\u00e1n Frankfurter Allgemaine Zeitung, que escribi\u00f3: \u201cEl Sr. Barradas nos elev\u00f3 al espectro expresivo de la flauta, m\u00e1s all\u00e1 de a lo &hellip;<\/p>\n","protected":false},"author":1,"featured_media":0,"parent":0,"menu_order":0,"comment_status":"closed","ping_status":"closed","template":"","meta":{"footnotes":""},"class_list":["post-28480","page","type-page","status-publish",""],"jetpack_sharing_enabled":true,"_links":{"self":[{"href":"http:\/\/mickyandoniehn.com\/radio\/wp-json\/wp\/v2\/pages\/28480","targetHints":{"allow":["GET"]}}],"collection":[{"href":"http:\/\/mickyandoniehn.com\/radio\/wp-json\/wp\/v2\/pages"}],"about":[{"href":"http:\/\/mickyandoniehn.com\/radio\/wp-json\/wp\/v2\/types\/page"}],"author":[{"embeddable":true,"href":"http:\/\/mickyandoniehn.com\/radio\/wp-json\/wp\/v2\/users\/1"}],"replies":[{"embeddable":true,"href":"http:\/\/mickyandoniehn.com\/radio\/wp-json\/wp\/v2\/comments?post=28480"}],"version-history":[{"count":2,"href":"http:\/\/mickyandoniehn.com\/radio\/wp-json\/wp\/v2\/pages\/28480\/revisions"}],"predecessor-version":[{"id":30269,"href":"http:\/\/mickyandoniehn.com\/radio\/wp-json\/wp\/v2\/pages\/28480\/revisions\/30269"}],"wp:attachment":[{"href":"http:\/\/mickyandoniehn.com\/radio\/wp-json\/wp\/v2\/media?parent=28480"}],"curies":[{"name":"wp","href":"https:\/\/api.w.org\/{rel}","templated":true}]}}