{"id":28462,"date":"2022-08-26T09:47:42","date_gmt":"2022-08-26T15:47:42","guid":{"rendered":"https:\/\/mickyandoniehn.com\/radio\/?page_id=28462"},"modified":"2022-09-01T11:02:16","modified_gmt":"2022-09-01T17:02:16","slug":"leonardo-favio","status":"publish","type":"page","link":"http:\/\/mickyandoniehn.com\/radio\/leonardo-favio\/","title":{"rendered":"Leonardo Favio"},"content":{"rendered":"<p style=\"text-align: justify;\"><img loading=\"lazy\" decoding=\"async\" class=\" wp-image-25587 aligncenter\" src=\"http:\/\/mickyandoniehn.com\/radio\/wp-content\/uploads\/2022\/08\/Leonardo-Favio.png\" alt=\"\" width=\"536\" height=\"735\" \/><\/p>\n<p>&nbsp;<\/p>\n<div class=\"\" dir=\"auto\" style=\"text-align: justify;\">\n<div id=\"jsc_c_ao\" class=\"ecm0bbzt hv4rvrfc ihqw7lf3 dati1w0a\" data-ad-comet-preview=\"message\" data-ad-preview=\"message\">\n<div class=\"j83agx80 cbu4d94t ew0dbk1b irj2b8pg\">\n<div class=\"qzhwtbm6 knvmm38d\">\n<div class=\"cxmmr5t8 oygrvhab hcukyx3x c1et5uql o9v6fnle ii04i59q\">\n<div dir=\"auto\"><strong>Fecha de Nacimiento:<\/strong> 28 de mayo de 1938; Las Catitas, departamento Santa Rosa, provincia de Mendoza<\/div>\n<p>&nbsp;<\/p>\n<div dir=\"auto\"><\/div>\n<div dir=\"auto\"><strong>Fecha de Fallecimiento:<\/strong> 5 de noviembre de 2012, Buenos Aires<\/div>\n<p>&nbsp;<\/p>\n<\/div>\n<div dir=\"auto\"><\/div>\n<div class=\"cxmmr5t8 oygrvhab hcukyx3x c1et5uql o9v6fnle ii04i59q\">\n<div dir=\"auto\"><strong>Biograf\u00eda<\/strong><\/div>\n<p>&nbsp;<\/p>\n<div dir=\"auto\"><\/div>\n<div dir=\"auto\">Es considerado un director de culto, y uno de los m\u00e1s brillantes cineastas de su pa\u00eds. Sus pel\u00edculas Cr\u00f3nica de un ni\u00f1o solo y El romance del Aniceto y la Francisca suelen ser evaluadas entre las mejores de la historia del cine argentino.<\/div>\n<p>&nbsp;<\/p>\n<div dir=\"auto\"><\/div>\n<\/div>\n<div class=\"cxmmr5t8 oygrvhab hcukyx3x c1et5uql o9v6fnle ii04i59q\">\n<div dir=\"auto\">Como cantante y compositor fue uno de los precursores de la balada rom\u00e1ntica latinoamericana en los a\u00f1os sesenta y setenta, alcanzando el \u00e9xito en toda Am\u00e9rica Latina.<\/div>\n<p>&nbsp;<\/p>\n<div dir=\"auto\"><\/div>\n<\/div>\n<div class=\"cxmmr5t8 oygrvhab hcukyx3x c1et5uql o9v6fnle ii04i59q\">\n<div dir=\"auto\">Falleci\u00f3 el 5 de noviembre de 2012, a causa de una neumon\u00eda agravada, luego de estar varias semanas internado en una cl\u00ednica de Buenos Aires.<\/div>\n<p>&nbsp;<\/p>\n<div dir=\"auto\"><\/div>\n<\/div>\n<div class=\"cxmmr5t8 oygrvhab hcukyx3x c1et5uql o9v6fnle ii04i59q\">\n<div dir=\"auto\">Se march\u00f3 a Buenos Aires. Trabaj\u00f3 de extra en la pel\u00edcula El \u00c1ngel de Espa\u00f1a (1958), del cineasta peruano Enrique Carreras, y posteriormente \u2015bajo el padrinazgo de Babsy Torre Nilsson\u2015 comenz\u00f3 su carrera de actor participando en filmaciones como El secuestrador (1958) y Fin de fiesta (1960), entre otras. Su dote de director naci\u00f3 con el cortometraje El amigo (1960), contando ya con una obra a cuestas, pero inconclusa: El se\u00f1or Fern\u00e1ndez (1958).<\/div>\n<p>&nbsp;<\/p>\n<div dir=\"auto\"><\/div>\n<\/div>\n<div class=\"cxmmr5t8 oygrvhab hcukyx3x c1et5uql o9v6fnle ii04i59q\">\n<div dir=\"auto\">En 1965 estren\u00f3 su \u00f3pera prima Cr\u00f3nica de un ni\u00f1o solo, producida por Luis Dest\u00e9fano, aunque quien le aprob\u00f3 el guion fue Torre Nilsson, quien no se anim\u00f3 a producirla.<\/div>\n<p>&nbsp;<\/p>\n<div dir=\"auto\"><\/div>\n<\/div>\n<div class=\"cxmmr5t8 oygrvhab hcukyx3x c1et5uql o9v6fnle ii04i59q\">\n<div dir=\"auto\">En 1967 realiz\u00f3 El romance del Aniceto y la Francisca&#8230;, con Federico Luppi, Elsa Daniel y Mar\u00eda Vaner. A menudo es mencionada como la mejor pel\u00edcula argentina de todos los tiempos.<\/div>\n<p>&nbsp;<\/p>\n<div dir=\"auto\"><\/div>\n<\/div>\n<div class=\"cxmmr5t8 oygrvhab hcukyx3x c1et5uql o9v6fnle ii04i59q\">\n<div dir=\"auto\">En 1969 Favio estren\u00f3 El dependiente, basado en un cuento de su hermano y coguionista Jorge Zuhair Jury (1937) \u2015tambi\u00e9n director, escritor, actor y pintor\u2015. La pel\u00edcula fue catalogada por el entonces Instituto Nacional de Cinematograf\u00eda (hoy INCAA: Instituto Nacional de Cine y Artes Audiovisuales) de \u00abexhibici\u00f3n no obligatoria\u00bb, significando la supresi\u00f3n del apoyo oficial argentino hacia el filme.<\/div>\n<p>&nbsp;<\/p>\n<div dir=\"auto\"><\/div>\n<\/div>\n<div class=\"cxmmr5t8 oygrvhab hcukyx3x c1et5uql o9v6fnle ii04i59q\">\n<div dir=\"auto\">De peque\u00f1o Favio aprendi\u00f3 a tocar la guitarra, intercambiando clases por trabajo. Antes del reconocimiento solo cantaba en reuniones \u00edntimas, entre amigos y familiares. Su debut como cantante le llev\u00f3 a La Botica del \u00c1ngel, a manos de Eduardo Bergara Leumann. Ese mismo d\u00eda un ejecutivo de la CBS le propuso grabar un disco, resultando el primer sencillo de Favio \u00abQuiero la libertad\u00bb, un gran fracaso. La productora entonces le aconsej\u00f3 grabar \u00abFuiste m\u00eda un verano\u00bb y \u00abO quiz\u00e1s simplemente le regale una rosa\u00bb; \u00edconos de su primer \u00e1lbum, tambi\u00e9n titulado Fuiste m\u00eda un verano (1968). El disco result\u00f3 emblem\u00e1tico, constituyendo el m\u00e1s cl\u00e1sico de sus repertorios. Tras su participaci\u00f3n en el Festival Internacional de la Canci\u00f3n de Vi\u00f1a del Mar (en Chile), Leonardo consolid\u00f3 su fama internacional.<\/div>\n<div dir=\"auto\"><\/div>\n<p>&nbsp;<\/p>\n<\/div>\n<div class=\"cxmmr5t8 oygrvhab hcukyx3x c1et5uql o9v6fnle ii04i59q\">\n<div dir=\"auto\">Aunque durante sus \u00faltimos a\u00f1os se hab\u00eda hecho correr el rumor de que padec\u00eda c\u00e1ncer,se confirm\u00f3 que tuvo que someterse a varios tratamientos por sufrir hepatitis C cr\u00f3nica. Luego de estar varias semanas internado, falleci\u00f3 de una neumon\u00eda a los 74 a\u00f1os en una cl\u00ednica de Buenos Aires, el 5 de noviembre de 2012.<\/div>\n<p>&nbsp;<\/p>\n<div dir=\"auto\"><\/div>\n<\/div>\n<div class=\"cxmmr5t8 oygrvhab hcukyx3x c1et5uql o9v6fnle ii04i59q\">\n<div dir=\"auto\"><strong>Wikipedia in English<\/strong><\/div>\n<p>&nbsp;<\/p>\n<div dir=\"auto\"><\/div>\n<\/div>\n<div class=\"cxmmr5t8 oygrvhab hcukyx3x c1et5uql o9v6fnle ii04i59q\">\n<div dir=\"auto\"><strong>Date of Born:<\/strong> May 28, 1938; Las Catitas, Santa Rosa department, Mendoza province<\/div>\n<p>&nbsp;<\/p>\n<div dir=\"auto\"><\/div>\n<div dir=\"auto\"><strong>Date of Death:<\/strong> November 5, 2012, Buenos Aires<\/div>\n<p>&nbsp;<\/p>\n<div dir=\"auto\"><\/div>\n<\/div>\n<div class=\"cxmmr5t8 oygrvhab hcukyx3x c1et5uql o9v6fnle ii04i59q\">\n<div dir=\"auto\"><strong>Biography<\/strong><\/div>\n<p>&nbsp;<\/p>\n<div dir=\"auto\"><\/div>\n<div dir=\"auto\">He is considered a cult director, and one of the most brilliant filmmakers in his country. His films Chronicle of a child alone and El romance del Aniceto y la Francisca are usually rated among the best in the history of Argentine cinema.<\/div>\n<p>&nbsp;<\/p>\n<div dir=\"auto\"><\/div>\n<\/div>\n<div class=\"cxmmr5t8 oygrvhab hcukyx3x c1et5uql o9v6fnle ii04i59q\">\n<div dir=\"auto\">As a singer and songwriter, he was one of the forerunners of the Latin American romantic ballad in the sixties and seventies, achieving success throughout Latin America.<\/div>\n<p>&nbsp;<\/p>\n<div dir=\"auto\"><\/div>\n<\/div>\n<div class=\"cxmmr5t8 oygrvhab hcukyx3x c1et5uql o9v6fnle ii04i59q\">\n<div dir=\"auto\">He died on November 5, 2012, due to aggravated pneumonia, after being hospitalized for several weeks in a clinic in Buenos Aires.<\/div>\n<p>&nbsp;<\/p>\n<div dir=\"auto\"><\/div>\n<\/div>\n<div class=\"cxmmr5t8 oygrvhab hcukyx3x c1et5uql o9v6fnle ii04i59q\">\n<div dir=\"auto\">He went to Buenos Aires. He worked as an extra in the film El \u00c1ngel de Espa\u00f1a (1958), by the Peruvian filmmaker Enrique Carreras, and later &#8211; under the patronage of Babsy Torre Nilsson &#8211; he began his acting career participating in films such as El hijador (1958) and Fin de fiesta ( 1960), among others. His dowry as a director was born with the short film El amigo (1960), already having a work in tow, but unfinished: El Se\u00f1or Fern\u00e1ndez (1958).<\/div>\n<p>&nbsp;<\/p>\n<div dir=\"auto\"><\/div>\n<\/div>\n<div class=\"cxmmr5t8 oygrvhab hcukyx3x c1et5uql o9v6fnle ii04i59q\">\n<div dir=\"auto\">In 1965 he premiered his debut feature Cr\u00f3nica de un ni\u00f1o solo, produced by Luis Dest\u00e9fano, although the one who approved the script was Torre Nilsson, who did not dare to produce it.<\/div>\n<p>&nbsp;<\/p>\n<div dir=\"auto\"><\/div>\n<\/div>\n<div class=\"cxmmr5t8 oygrvhab hcukyx3x c1et5uql o9v6fnle ii04i59q\">\n<div dir=\"auto\">In 1967 he made El romance del Aniceto y la Francisca &#8230;, with Federico Luppi, Elsa Daniel and Mar\u00eda Vaner. It is often referred to as the best Argentine film of all time.<\/div>\n<p>&nbsp;<\/p>\n<div dir=\"auto\"><\/div>\n<\/div>\n<div class=\"cxmmr5t8 oygrvhab hcukyx3x c1et5uql o9v6fnle ii04i59q\">\n<div dir=\"auto\">In 1969 Favio premiered El dependent, based on a story by his brother and co-screenwriter Jorge Zuhair Jury (1937) &#8211; also a director, writer, actor and painter. The film was cataloged by the then National Institute of Cinematography (today INCAA: National Institute of Cinema and Audiovisual Arts) of &#8220;non-compulsory exhibition&#8221;, signifying the suppression of official Argentine support for the film.<\/div>\n<p>&nbsp;<\/p>\n<div dir=\"auto\"><\/div>\n<\/div>\n<div class=\"cxmmr5t8 oygrvhab hcukyx3x c1et5uql o9v6fnle ii04i59q\">\n<div dir=\"auto\">As a child Favio learned to play the guitar, exchanging classes for work. Before the recognition he only sang in intimate gatherings, among friends and family. His debut as a singer led him to La Botica del \u00c1ngel, at the hands of Eduardo Bergara Leumann. That same day, a CBS executive proposed to him to record an album, resulting in Favio&#8217;s first single &#8220;I want freedom&#8221;, a great failure. The producer then advised him to record &#8220;You were mine for a summer&#8221; and &#8220;Or maybe I&#8217;ll just give him a rose&#8221;; icons from her first album, also titled You were mine one summer (1968). The album was emblematic, constituting the most classic of their repertoires. After his participation in the Vi\u00f1a del Mar International Song Festival (in Chile), Leonardo consolidated his international fame.<\/div>\n<p>&nbsp;<\/p>\n<div dir=\"auto\"><\/div>\n<\/div>\n<div class=\"cxmmr5t8 oygrvhab hcukyx3x c1et5uql o9v6fnle ii04i59q\">\n<div dir=\"auto\">Although the rumor had spread that he suffered from cancer in his later years, it was confirmed that he had to undergo various treatments for suffering from chronic hepatitis C. After being hospitalized for several weeks, he died of pneumonia at age 74 in a clinic in Buenos Aires, on November 5, 2012.<\/div>\n<p>&nbsp;<\/p>\n<div dir=\"auto\"><\/div>\n<\/div>\n<div class=\"cxmmr5t8 oygrvhab hcukyx3x c1et5uql o9v6fnle ii04i59q\">\n<div dir=\"auto\"><strong>Discography<\/strong><\/div>\n<p>&nbsp;<\/p>\n<div dir=\"auto\"><\/div>\n<\/div>\n<div class=\"cxmmr5t8 oygrvhab hcukyx3x c1et5uql o9v6fnle ii04i59q\">\n<div dir=\"auto\">\n<table style=\"height: 1144px;\" width=\"867\">\n<tbody>\n<tr>\n<td style=\"text-align: center;\" width=\"217\"><strong>Genero: Balada Rom\u00e1ntica<\/strong><\/td>\n<td style=\"text-align: center;\" width=\"249\"><strong>Escuchar tema<\/strong><\/td>\n<td style=\"text-align: center;\" width=\"130\"><strong>A\u00f1o de Publicaci\u00f3n<\/strong><\/td>\n<\/tr>\n<tr>\n<td style=\"text-align: center;\"><strong>Album<\/strong><\/td>\n<td style=\"text-align: center;\"><strong>Fuiste Mia<\/strong><\/td>\n<td style=\"text-align: center;\"><strong>1968<\/strong><\/td>\n<\/tr>\n<tr>\n<td>1<\/td>\n<td>As\u00ed Es Carolita<\/td>\n<td><\/td>\n<\/tr>\n<tr>\n<td>2<\/td>\n<td>Mi Tristeza Es Mia Y Nada M\u00e1s<\/td>\n<td><\/td>\n<\/tr>\n<tr>\n<td>3<\/td>\n<td colspan=\"2\">Ella&#8230; Ella Ya Me Olvido, Yo La Recuerdo Ahora<\/td>\n<\/tr>\n<tr>\n<td>4<\/td>\n<td>Ni El Clavel, Ni La Rosa<\/td>\n<td><\/td>\n<\/tr>\n<tr>\n<td>5<\/td>\n<td>Fuiste Mia Un Verano<\/td>\n<td><\/td>\n<\/tr>\n<tr>\n<td>6<\/td>\n<td>No Ser Dios Y Cuidarlos<\/td>\n<td><\/td>\n<\/tr>\n<tr>\n<td>7<\/td>\n<td>Quiero Aprender De Memoria<\/td>\n<td><\/td>\n<\/tr>\n<tr>\n<td>8<\/td>\n<td>Para Saber Como Es La Soledad<\/td>\n<td><\/td>\n<\/tr>\n<tr>\n<td>9<\/td>\n<td>Anny<\/td>\n<td><\/td>\n<\/tr>\n<tr>\n<td>10<\/td>\n<td>Alguna Vez Una Cancion (Qu\u00e9 Tal?)<\/td>\n<td><\/td>\n<\/tr>\n<tr>\n<td>11<\/td>\n<td colspan=\"2\">O Quiz\u00e1s Simplemente Le Regale Una Rose<\/td>\n<\/tr>\n<tr>\n<td><\/td>\n<td><\/td>\n<td><\/td>\n<\/tr>\n<tr>\n<td style=\"text-align: center;\"><strong>Album<\/strong><\/td>\n<td style=\"text-align: center;\"><strong>Leonardo Favio<\/strong><\/td>\n<td style=\"text-align: center;\"><strong>1969<\/strong><\/td>\n<\/tr>\n<tr>\n<td>1<\/td>\n<td>Un Cuento De Amor<\/td>\n<td><\/td>\n<\/tr>\n<tr>\n<td>2<\/td>\n<td>Mi Tristeza Es Mia Y Nada Mas<\/td>\n<td><\/td>\n<\/tr>\n<tr>\n<td>3<\/td>\n<td>Ella Es<\/td>\n<td><\/td>\n<\/tr>\n<tr>\n<td>4<\/td>\n<td>Y No Tendr\u00e9 Con Quien Charlar<\/td>\n<td><\/td>\n<\/tr>\n<tr>\n<td>5<\/td>\n<td>Y El Mundo Sigue Girando<\/td>\n<td><\/td>\n<\/tr>\n<tr>\n<td>6<\/td>\n<td>Canci\u00f3n Del Ni\u00f1o Y Las Manzanas<\/td>\n<td><\/td>\n<\/tr>\n<tr>\n<td>7<\/td>\n<td colspan=\"2\">Ding Dong, Ding Dong, Estas Cosas Del Amor<\/td>\n<\/tr>\n<tr>\n<td>8<\/td>\n<td>No Sab\u00eda Tu Nombre<\/td>\n<td><\/td>\n<\/tr>\n<tr>\n<td>9<\/td>\n<td>Vieja Calesita<\/td>\n<td><\/td>\n<\/tr>\n<tr>\n<td>10<\/td>\n<td>Aquella Noche<\/td>\n<td><\/td>\n<\/tr>\n<tr>\n<td>11<\/td>\n<td>Hoy No Quiero Cantar<\/td>\n<td><\/td>\n<\/tr>\n<tr>\n<td><\/td>\n<td><\/td>\n<td><\/td>\n<\/tr>\n<tr>\n<td style=\"text-align: center;\"><strong>Album<\/strong><\/td>\n<td style=\"text-align: center;\"><strong>Su Musica, sus Canciones<\/strong><\/td>\n<td style=\"text-align: center;\"><strong>1969<\/strong><\/td>\n<\/tr>\n<tr>\n<td>1<\/td>\n<td>No Sab\u00eda Tu Nombre<\/td>\n<td><\/td>\n<\/tr>\n<tr>\n<td>2<\/td>\n<td>Milagro De Amor<\/td>\n<td><\/td>\n<\/tr>\n<tr>\n<td>3<\/td>\n<td>Yo Escrib\u00ed Sobre La Luna Y El Sol<\/td>\n<td><\/td>\n<\/tr>\n<tr>\n<td>4<\/td>\n<td>Canci\u00f3n Del Ni\u00f1o Y Las Manzanas<\/td>\n<td><\/td>\n<\/tr>\n<tr>\n<td>5<\/td>\n<td>Ella Es<\/td>\n<td><\/td>\n<\/tr>\n<tr>\n<td>6<\/td>\n<td>Y El Mundo Sigue Girando<\/td>\n<td><\/td>\n<\/tr>\n<tr>\n<td>7<\/td>\n<td>Vieja Calesita<\/td>\n<td><\/td>\n<\/tr>\n<tr>\n<td>8<\/td>\n<td>Aquella Noche<\/td>\n<td><\/td>\n<\/tr>\n<tr>\n<td>9<\/td>\n<td>Un Cuento De Amor<\/td>\n<td><\/td>\n<\/tr>\n<tr>\n<td>10<\/td>\n<td>Y No Tendr\u00e9 Con Quien Charlar<\/td>\n<td><\/td>\n<\/tr>\n<tr>\n<td>11<\/td>\n<td>Hoy No Quiero Cantar<\/td>\n<td><\/td>\n<\/tr>\n<tr>\n<td><\/td>\n<td><\/td>\n<td><\/td>\n<\/tr>\n<\/tbody>\n<\/table>\n<p>&nbsp;<\/p>\n<\/div>\n<\/div>\n<div class=\"cxmmr5t8 oygrvhab hcukyx3x c1et5uql o9v6fnle ii04i59q\">\n<div dir=\"auto\">Cr\u00e9ditos: Tomado de Wikipedia<\/div>\n<div dir=\"auto\"><a class=\"oajrlxb2 g5ia77u1 qu0x051f esr5mh6w e9989ue4 r7d6kgcz rq0escxv nhd2j8a9 nc684nl6 p7hjln8o kvgmc6g5 cxmmr5t8 oygrvhab hcukyx3x jb3vyjys rz4wbd8a qt6c0cv9 a8nywdso i1ao9s8h esuyzwwr f1sip0of lzcic4wl gpro0wi8 py34i1dx\" tabindex=\"0\" role=\"link\" href=\"https:\/\/es.wikipedia.org\/wiki\/Leonardo_Favio?fbclid=IwAR1mgxjJkvKlMS6ksbEMpUsqzkJ2-IDsQXsBGQCBh6NMxiOcjZCV4q8g1gg\" target=\"_blank\" rel=\"nofollow noopener\">https:\/\/es.wikipedia.org\/wiki\/Leonardo_Favio<\/a><\/div>\n<\/div>\n<\/div>\n<\/div>\n<\/div>\n<\/div>\n<div id=\"jsc_c_ap\" class=\"l9j0dhe7\" style=\"text-align: justify;\">\n<div class=\"l9j0dhe7\">\n<div>\n<div class=\"l9j0dhe7 stjgntxs ni8dbmo4 cbu4d94t j83agx80\">\n<div class=\"l9j0dhe7 stjgntxs ni8dbmo4\">\n<div class=\"l9j0dhe7\">\n<div class=\"i09qtzwb n7fi1qx3 datstx6m pmk7jnqg j9ispegn kr520xx4 k4urcfbm\" data-visualcompletion=\"ignore\">\n<div class=\"k4urcfbm l9j0dhe7 datstx6m a8c37x1j du4w35lb\">\n<div data-instancekey=\"id-vpuid-f119628e602ed98\">\n<div class=\"k4urcfbm kr520xx4 pmk7jnqg datstx6m\" data-visualcompletion=\"ignore\">\n<div class=\"k4urcfbm oqujnh0m\"><\/div>\n<\/div>\n<\/div>\n<\/div>\n<\/div>\n<\/div>\n<\/div>\n<\/div>\n<\/div>\n<\/div>\n<\/div>\n<div class=\"epyt-video-wrapper\"><iframe loading=\"lazy\"  id=\"_ytid_39826\"  width=\"618\" height=\"347\"  data-origwidth=\"618\" data-origheight=\"347\" src=\"https:\/\/www.youtube.com\/embed\/519slCL8gMg?enablejsapi=1&#038;autoplay=0&#038;cc_load_policy=0&#038;cc_lang_pref=&#038;iv_load_policy=1&#038;loop=0&#038;modestbranding=0&#038;rel=1&#038;fs=1&#038;playsinline=0&#038;autohide=2&#038;theme=dark&#038;color=red&#038;controls=1&#038;\" class=\"__youtube_prefs__  epyt-is-override  no-lazyload\" title=\"YouTube player\"  allow=\"fullscreen; accelerometer; autoplay; clipboard-write; encrypted-media; gyroscope; picture-in-picture\" allowfullscreen data-no-lazy=\"1\" data-skipgform_ajax_framebjll=\"\"><\/iframe><\/div>\n","protected":false},"excerpt":{"rendered":"<p>&nbsp; Fecha de Nacimiento: 28 de mayo de 1938; Las Catitas, departamento Santa Rosa, provincia de Mendoza &nbsp; Fecha de Fallecimiento: 5 de noviembre de 2012, Buenos Aires &nbsp; Biograf\u00eda &nbsp; Es considerado un director de culto, y uno de los m\u00e1s brillantes cineastas de su pa\u00eds. Sus pel\u00edculas Cr\u00f3nica de un ni\u00f1o solo y &hellip;<\/p>\n","protected":false},"author":1,"featured_media":0,"parent":0,"menu_order":0,"comment_status":"closed","ping_status":"closed","template":"","meta":{"footnotes":""},"class_list":["post-28462","page","type-page","status-publish",""],"jetpack_sharing_enabled":true,"_links":{"self":[{"href":"http:\/\/mickyandoniehn.com\/radio\/wp-json\/wp\/v2\/pages\/28462","targetHints":{"allow":["GET"]}}],"collection":[{"href":"http:\/\/mickyandoniehn.com\/radio\/wp-json\/wp\/v2\/pages"}],"about":[{"href":"http:\/\/mickyandoniehn.com\/radio\/wp-json\/wp\/v2\/types\/page"}],"author":[{"embeddable":true,"href":"http:\/\/mickyandoniehn.com\/radio\/wp-json\/wp\/v2\/users\/1"}],"replies":[{"embeddable":true,"href":"http:\/\/mickyandoniehn.com\/radio\/wp-json\/wp\/v2\/comments?post=28462"}],"version-history":[{"count":2,"href":"http:\/\/mickyandoniehn.com\/radio\/wp-json\/wp\/v2\/pages\/28462\/revisions"}],"predecessor-version":[{"id":30329,"href":"http:\/\/mickyandoniehn.com\/radio\/wp-json\/wp\/v2\/pages\/28462\/revisions\/30329"}],"wp:attachment":[{"href":"http:\/\/mickyandoniehn.com\/radio\/wp-json\/wp\/v2\/media?parent=28462"}],"curies":[{"name":"wp","href":"https:\/\/api.w.org\/{rel}","templated":true}]}}