{"id":28446,"date":"2022-08-26T09:43:44","date_gmt":"2022-08-26T15:43:44","guid":{"rendered":"https:\/\/mickyandoniehn.com\/radio\/?page_id=28446"},"modified":"2022-09-01T09:56:42","modified_gmt":"2022-09-01T15:56:42","slug":"facundo-cabral","status":"publish","type":"page","link":"http:\/\/mickyandoniehn.com\/radio\/facundo-cabral\/","title":{"rendered":"Facundo Cabral"},"content":{"rendered":"<p><img loading=\"lazy\" decoding=\"async\" class=\" wp-image-25487 aligncenter\" src=\"http:\/\/mickyandoniehn.com\/radio\/wp-content\/uploads\/2022\/08\/Facundo-Cabral-300x200.png\" alt=\"\" width=\"742\" height=\"494\" srcset=\"http:\/\/mickyandoniehn.com\/radio\/wp-content\/uploads\/2022\/08\/Facundo-Cabral-300x200.png 300w, http:\/\/mickyandoniehn.com\/radio\/wp-content\/uploads\/2022\/08\/Facundo-Cabral-310x205.png 310w\" sizes=\"auto, (max-width: 742px) 100vw, 742px\" \/><\/p>\n<p>&nbsp;<\/p>\n<div class=\"cxmmr5t8 oygrvhab hcukyx3x c1et5uql o9v6fnle ii04i59q\">\n<div dir=\"auto\"><strong>Fecha de Nacimiento:<\/strong> La Plata, Buenos Aires, 22 de mayo de 1937<\/div>\n<p>&nbsp;<\/p>\n<div dir=\"auto\"><\/div>\n<div dir=\"auto\"><strong>Fecha de Fallecimiento:<\/strong> Ciudad de Guatemala, 9 de julio de 2011<\/div>\n<p>&nbsp;<\/p>\n<div dir=\"auto\"><\/div>\n<\/div>\n<div class=\"cxmmr5t8 oygrvhab hcukyx3x c1et5uql o9v6fnle ii04i59q\">\n<div dir=\"auto\"><strong>Biograf\u00eda:<\/strong><\/div>\n<p>&nbsp;<\/p>\n<div dir=\"auto\"><\/div>\n<div dir=\"auto\">Rodolfo Enrique Cabral Cami\u00f1as, de nombre art\u00edstico Indio Gasparino \u2014en sus comienzos\u2014 y luego Facundo Cabral, Su propuesta art\u00edstica resulta dif\u00edcil de encasillar. Aunque compuso canciones y algunas de estas trascendieron a nivel hispanoamericano como No soy de aqu\u00ed ni soy de all\u00e1, su obra tambi\u00e9n consist\u00eda en contar historias con una est\u00e9tica que entremezclaba la cr\u00edtica social, s\u00e1tira, misticismo, cristianismo, anarquismo, optimismo, hedonismo y libertad.<\/div>\n<p>&nbsp;<\/p>\n<\/div>\n<div class=\"cxmmr5t8 oygrvhab hcukyx3x c1et5uql o9v6fnle ii04i59q\">\n<div dir=\"auto\">En ellas citaba constantemente a Jes\u00fas, Atahualpa Yupanqui, Krishnamurti, Borges, Whitman y Teresa de Calcuta, entre otros.<\/div>\n<p>&nbsp;<\/p>\n<div dir=\"auto\"><\/div>\n<div dir=\"auto\">Al momento de definir su trabajo, Cabral aseguraba que en vez de trovador o un contador de historia, \u00e9l representaba lo que en la Edad Media se conoc\u00eda como juglar \u2212artista ambulante que ofrec\u00eda su espect\u00e1culo (m\u00fasica, teatro, literatura o charlataner\u00eda) a cambio de dinero.<\/div>\n<p>&nbsp;<\/p>\n<div dir=\"auto\"><\/div>\n<\/div>\n<div class=\"cxmmr5t8 oygrvhab hcukyx3x c1et5uql o9v6fnle ii04i59q\">\n<div dir=\"auto\">En los recitales que realiz\u00f3, el compositor revelaba algunos aspectos personales de su vida como que no ten\u00eda hogar y que recorr\u00eda el mundo viajando de hotel a hotel. Por eso se autodefini\u00f3 como &#8220;vagabundo first class&#8221;.<\/div>\n<p>&nbsp;<\/p>\n<\/div>\n<div class=\"cxmmr5t8 oygrvhab hcukyx3x c1et5uql o9v6fnle ii04i59q\">\n<div dir=\"auto\">El cantautor fue el \u00fanico portavoz acerca de su vida y obra. Por ejemplo, el cantante Alberto Cortez \u2014quien realiz\u00f3 extensas giras con el m\u00fasico\u2014 escribi\u00f3 una columna de opini\u00f3n cuando falleci\u00f3 el cantautor en la que sosten\u00eda que &#8220;fue un personaje controversial que se invent\u00f3 a s\u00ed mismo&#8221;<\/div>\n<p>&nbsp;<\/p>\n<div dir=\"auto\"><\/div>\n<\/div>\n<div class=\"cxmmr5t8 oygrvhab hcukyx3x c1et5uql o9v6fnle ii04i59q\">\n<div dir=\"auto\">Facundo Cabral fue asesinado en Ciudad de Guatemala el 9 de julio de 2011 por sicarios que lo confundieron con un empresario vinculado al narcotr\u00e1fico. La Unesco lo declar\u00f3 en 1996 &#8220;Mensajero mundial de la paz&#8221; y fue nominado al premio Nobel de la Paz en 2008.<\/div>\n<p>&nbsp;<\/p>\n<div dir=\"auto\"><\/div>\n<\/div>\n<div class=\"cxmmr5t8 oygrvhab hcukyx3x c1et5uql o9v6fnle ii04i59q\">\n<div dir=\"auto\">Cabral citar\u00eda as\u00ed sus inicios en el medio musical: &#8220;Empec\u00e9 a cantar con los paisanos, con la familia Techeiro, en Tandil. El 24 de febrero de 1954, un vagabundo me recit\u00f3 el serm\u00f3n de la monta\u00f1a y descubr\u00ed que estaba naciendo. Corr\u00ed a escribir una canci\u00f3n de cuna, Vuele bajo, y empez\u00f3 todo.&#8221;<\/div>\n<p>&nbsp;<\/p>\n<div dir=\"auto\"><\/div>\n<\/div>\n<div class=\"cxmmr5t8 oygrvhab hcukyx3x c1et5uql o9v6fnle ii04i59q\">\n<div dir=\"auto\">En 1959, ya tocaba la guitarra y cantaba m\u00fasica folcl\u00f3rica, admiraba a Atahualpa Yupanqui y a Jos\u00e9 Larralde, se traslad\u00f3 a Mar del Plata, ciudad balnearia argentina, y solicit\u00f3 trabajo en un hotel; el due\u00f1o lo vio con su guitarra y le dio la oportunidad de cantar. As\u00ed comenz\u00f3 su carrera dedicada a la m\u00fasica; su primer nombre art\u00edstico fue El Indio Gasparino. Sus primeras grabaciones no tuvieron mayor repercusi\u00f3n. Luego se present\u00f3 con su apellido verdadero.<\/div>\n<p>&nbsp;<\/p>\n<div dir=\"auto\"><\/div>\n<\/div>\n<div class=\"cxmmr5t8 oygrvhab hcukyx3x c1et5uql o9v6fnle ii04i59q\">\n<div dir=\"auto\">En 1970, grab\u00f3 No soy de aqu\u00ed ni soy de all\u00e1 que consagr\u00f3 su \u00e9xito. Empez\u00f3 a ser conocido en el mundo, grab\u00f3 en nueve idiomas con cantantes de la talla de Alberto Cortez, Julio Iglesias, Pedro Vargas o Neil Diamond entre otros.<\/div>\n<div dir=\"auto\"><\/div>\n<p>&nbsp;<\/p>\n<\/div>\n<div class=\"cxmmr5t8 oygrvhab hcukyx3x c1et5uql o9v6fnle ii04i59q\">\n<div dir=\"auto\">Sus \u00faltimos conciertos los realiz\u00f3 en una gira en Centroam\u00e9rica. Se present\u00f3 en la Ciudad de Guatemala el 5 de julio de 2011 en el Expocenter del Grand Tikal Futura Hotel, a las veinte horas donde para despedirse expres\u00f3 lo siguiente: \u201cya le di las gracias a ustedes; las dar\u00e9 en Quetzaltenango, y despu\u00e9s que sea lo que Dios quiera, porque \u00c9l sabe lo que hace\u201d. El jueves 7 se present\u00f3 en el que ser\u00eda su \u00faltimo concierto, en el Teatro Roma de la ciudad de Quetzaltenango, el cual cerr\u00f3 interpretando la canci\u00f3n &#8220;No soy de aqu\u00ed, ni soy de all\u00e1&#8221;.<\/div>\n<div dir=\"auto\"><\/div>\n<\/div>\n<div class=\"cxmmr5t8 oygrvhab hcukyx3x c1et5uql o9v6fnle ii04i59q\">\n<div dir=\"auto\">Fue asesinado el 9 de julio de 2011 en Ciudad de Guatemala, v\u00edctima de un atentado aparentemente dirigido al empresario Henry Fari\u00f1a el cual conduc\u00eda al cantautor y a su representante al Aeropuerto Internacional La Aurora desde el hotel donde se hospedaba, para continuar en Nicaragua con su gira de presentaciones. El atentado fue perpetrado por varios sicarios que se dirig\u00edan en tres veh\u00edculos y armados con fusiles de asalto en el Boulevard Liberaci\u00f3n, quedando \u00fanicamente herido el empresario y fallecido el cantautor.<\/div>\n<div dir=\"auto\"><\/div>\n<p>&nbsp;<\/p>\n<\/div>\n<div class=\"cxmmr5t8 oygrvhab hcukyx3x c1et5uql o9v6fnle ii04i59q\">\n<div dir=\"auto\"><strong>Wikipedia in English<\/strong><\/div>\n<p>&nbsp;<\/p>\n<div dir=\"auto\"><\/div>\n<\/div>\n<div class=\"cxmmr5t8 oygrvhab hcukyx3x c1et5uql o9v6fnle ii04i59q\">\n<div dir=\"auto\"><strong>Date of Born:<\/strong> La Plata, Buenos Aires, May 22, 1937<\/div>\n<p>&nbsp;<\/p>\n<div dir=\"auto\"><\/div>\n<div dir=\"auto\"><strong>Date of Death:<\/strong> Guatemala City, July 9, 2011<\/div>\n<p>&nbsp;<\/p>\n<div dir=\"auto\"><\/div>\n<\/div>\n<div class=\"cxmmr5t8 oygrvhab hcukyx3x c1et5uql o9v6fnle ii04i59q\">\n<div dir=\"auto\"><strong>Biography:<\/strong><\/div>\n<p>&nbsp;<\/p>\n<div dir=\"auto\"><\/div>\n<div dir=\"auto\">Rodolfo Enrique Cabral Cami\u00f1as, with the artistic name Indio Gasparino \u2014in his beginnings\u2014 and later Facundo Cabral, His artistic proposal is difficult to pigeonhole. Although he composed songs and some of these transcended at a Spanish-American level such as I am not from here nor am I from there, his work also consisted of telling stories with an aesthetic that mixed social criticism, satire, mysticism, Christianity, anarchism, optimism, hedonism and freedom .<\/div>\n<p>&nbsp;<\/p>\n<div dir=\"auto\"><\/div>\n<\/div>\n<div class=\"cxmmr5t8 oygrvhab hcukyx3x c1et5uql o9v6fnle ii04i59q\">\n<div dir=\"auto\">In them he constantly cited Jesus, Atahualpa Yupanqui, Krishnamurti, Borges, Whitman and Teresa of Calcutta, among others.<\/div>\n<p>&nbsp;<\/p>\n<div dir=\"auto\"><\/div>\n<\/div>\n<div class=\"cxmmr5t8 oygrvhab hcukyx3x c1et5uql o9v6fnle ii04i59q\">\n<div dir=\"auto\">When defining his work, Cabral assured that instead of being a troubadour or a history counter, he represented what in the Middle Ages was known as a minstrel &#8211; an itinerant artist who offered his show (music, theater, literature or charlatanism) in exchange. of money.<\/div>\n<p>&nbsp;<\/p>\n<div dir=\"auto\"><\/div>\n<\/div>\n<div class=\"cxmmr5t8 oygrvhab hcukyx3x c1et5uql o9v6fnle ii04i59q\">\n<div dir=\"auto\">In the recitals he performed, the composer revealed some personal aspects of his life such as that he was homeless and that he traveled the world traveling from hotel to hotel. That is why he defined himself as a &#8220;first class vagabond&#8221;.<\/div>\n<p>&nbsp;<\/p>\n<div dir=\"auto\"><\/div>\n<\/div>\n<div class=\"cxmmr5t8 oygrvhab hcukyx3x c1et5uql o9v6fnle ii04i59q\">\n<div dir=\"auto\">The singer-songwriter was the only spokesperson for his life and work. For example, the singer Alberto Cortez \u2014who toured extensively with the musician\u2014 wrote an opinion column when the singer-songwriter died in which he argued that &#8220;he was a controversial character who invented himself&#8221;.<\/div>\n<p>&nbsp;<\/p>\n<div dir=\"auto\"><\/div>\n<\/div>\n<div class=\"cxmmr5t8 oygrvhab hcukyx3x c1et5uql o9v6fnle ii04i59q\">\n<div dir=\"auto\">Facundo Cabral was assassinated in Guatemala City on July 9, 2011 by hitmen who mistook him for a businessman linked to drug trafficking. UNESCO declared him in 1996 &#8220;World Messenger of Peace&#8221; and he was nominated for the Nobel Peace Prize in 2008.<\/div>\n<p>&nbsp;<\/p>\n<div dir=\"auto\"><\/div>\n<\/div>\n<div class=\"cxmmr5t8 oygrvhab hcukyx3x c1et5uql o9v6fnle ii04i59q\">\n<div dir=\"auto\">Cabral would cite his beginnings in the musical environment as follows: &#8220;I began to sing with the countrymen, with the Techeiro family, in Tandil. On February 24, 1954, a vagabond recited the Sermon on the Mount to me and I discovered that I was being born. write a lullaby, Fly low, and it all started. &#8220;<\/div>\n<p>&nbsp;<\/p>\n<div dir=\"auto\"><\/div>\n<\/div>\n<div class=\"cxmmr5t8 oygrvhab hcukyx3x c1et5uql o9v6fnle ii04i59q\">\n<div dir=\"auto\">In 1959, he was already playing the guitar and singing folk music, he admired Atahualpa Yupanqui and Jos\u00e9 Larralde, he moved to Mar del Plata, an Argentine seaside resort, and applied for a job in a hotel; the owner saw him with his guitar and gave him the opportunity to sing. Thus began his career dedicated to music; his first stage name was El Indio Gasparino. His first recordings had no greater impact. Then he was presented with his real name.<\/div>\n<p>&nbsp;<\/p>\n<div dir=\"auto\"><\/div>\n<\/div>\n<div class=\"cxmmr5t8 oygrvhab hcukyx3x c1et5uql o9v6fnle ii04i59q\">\n<div dir=\"auto\">En 1970, grab\u00f3 No soy de aqu\u00ed ni soy de all\u00e1 que consagr\u00f3 su \u00e9xito. Empez\u00f3 a ser conocido en el mundo, grab\u00f3 en nueve idiomas con cantantes de la talla de Alberto Cortez, Julio Iglesias, Pedro Vargas o Neil Diamond entre otros.<\/div>\n<p>&nbsp;<\/p>\n<div dir=\"auto\"><\/div>\n<\/div>\n<div class=\"cxmmr5t8 oygrvhab hcukyx3x c1et5uql o9v6fnle ii04i59q\">\n<div dir=\"auto\">Sus \u00faltimos conciertos los realiz\u00f3 en una gira en Centroam\u00e9rica. Se present\u00f3 en la Ciudad de Guatemala el 5 de julio de 2011 en el Expocenter del Grand Tikal Futura Hotel, a las veinte horas donde para despedirse expres\u00f3 lo siguiente: \u201cya le di las gracias a ustedes; las dar\u00e9 en Quetzaltenango, y despu\u00e9s que sea lo que Dios quiera, porque \u00c9l sabe lo que hace\u201d. El jueves 7 se present\u00f3 en el que ser\u00eda su \u00faltimo concierto, en el Teatro Roma de la ciudad de Quetzaltenango, el cual cerr\u00f3 interpretando la canci\u00f3n &#8220;No soy de aqu\u00ed, ni soy de all\u00e1&#8221;.<\/div>\n<p>&nbsp;<\/p>\n<div dir=\"auto\"><\/div>\n<\/div>\n<div class=\"cxmmr5t8 oygrvhab hcukyx3x c1et5uql o9v6fnle ii04i59q\">\n<div dir=\"auto\">Fue asesinado el 9 de julio de 2011 en Ciudad de Guatemala, v\u00edctima de un atentado aparentemente dirigido al empresario Henry Fari\u00f1a el cual conduc\u00eda al cantautor y a su representante al Aeropuerto Internacional La Aurora desde el hotel donde se hospedaba, para continuar en Nicaragua con su gira de presentaciones. El atentado fue perpetrado por varios sicarios que se dirig\u00edan en tres veh\u00edculos y armados con fusiles de asalto en el Boulevard Liberaci\u00f3n, quedando \u00fanicamente herido el empresario y fallecido el cantautor.<\/div>\n<p>&nbsp;<\/p>\n<div dir=\"auto\"><\/div>\n<\/div>\n<div class=\"cxmmr5t8 oygrvhab hcukyx3x c1et5uql o9v6fnle ii04i59q\">\n<div dir=\"auto\"><strong>Discography<\/strong><\/div>\n<p>&nbsp;<\/p>\n<div dir=\"auto\"><\/div>\n<div dir=\"auto\">\n<table style=\"height: 1134px;\" width=\"747\">\n<tbody>\n<tr>\n<td style=\"text-align: center;\" width=\"217\"><b>G\u00e9nero: Balada Rom\u00e1ntica<\/b><\/td>\n<td style=\"text-align: center;\" width=\"249\"><strong>Escuchar tema<\/strong><\/td>\n<td style=\"text-align: center;\" width=\"130\"><strong>A\u00f1o de Publicaci\u00f3n<\/strong><\/td>\n<\/tr>\n<tr>\n<td style=\"text-align: center;\"><b>\u00c1lbum<\/b><\/td>\n<td style=\"text-align: center;\"><strong>Facundo Cabral<\/strong><\/td>\n<td style=\"text-align: center;\"><strong>1971<\/strong><\/td>\n<\/tr>\n<tr>\n<td>1<\/td>\n<td>Buen Dia Paloma<\/td>\n<td><\/td>\n<\/tr>\n<tr>\n<td>2<\/td>\n<td>Yo No Vendo, Yo No Compro<\/td>\n<td><\/td>\n<\/tr>\n<tr>\n<td>3<\/td>\n<td>Nuestros Pasos<\/td>\n<td><\/td>\n<\/tr>\n<tr>\n<td>4<\/td>\n<td>Ella No Dice Nada<\/td>\n<td><\/td>\n<\/tr>\n<tr>\n<td>5<\/td>\n<td>Que Si, Que No<\/td>\n<td><\/td>\n<\/tr>\n<tr>\n<td>6<\/td>\n<td>No Soy de Aqui, No Soy de Alla<\/td>\n<td><\/td>\n<\/tr>\n<tr>\n<td>7<\/td>\n<td>Si El Espejo Te Mostrara Como Sos<\/td>\n<td><\/td>\n<\/tr>\n<tr>\n<td>8<\/td>\n<td>Pobre Mi Patron<\/td>\n<td><\/td>\n<\/tr>\n<tr>\n<td>9<\/td>\n<td>Nuestra Querida Casa<\/td>\n<td><\/td>\n<\/tr>\n<tr>\n<td>10<\/td>\n<td>Con Una Flor En La Mano<\/td>\n<td><\/td>\n<\/tr>\n<tr>\n<td>11<\/td>\n<td>El Amor y Las Palomas<\/td>\n<td><\/td>\n<\/tr>\n<tr>\n<td>12<\/td>\n<td>Ella<\/td>\n<td><\/td>\n<\/tr>\n<tr>\n<td>13<\/td>\n<td colspan=\"2\">Muchacha Siempre Desnuda Caminando Entre Los Grillos<\/td>\n<\/tr>\n<tr>\n<td><\/td>\n<td><\/td>\n<td><\/td>\n<\/tr>\n<tr>\n<td style=\"text-align: center;\"><strong>Album<\/strong><\/td>\n<td style=\"text-align: center;\" colspan=\"2\"><strong>Grabado En Vivo El 20 de Marzo de 1972 En el Teatro Embassy de Buenos Aires<\/strong><\/td>\n<\/tr>\n<tr>\n<td>1<\/td>\n<td>Vengo De Un Lugar<\/td>\n<td><\/td>\n<\/tr>\n<tr>\n<td>2<\/td>\n<td>Mula, Mulita<\/td>\n<td><\/td>\n<\/tr>\n<tr>\n<td>3<\/td>\n<td>Vengo De Todas Las Cosas<\/td>\n<td><\/td>\n<\/tr>\n<tr>\n<td>4<\/td>\n<td>Cuando Vengas A Buscarme<\/td>\n<td><\/td>\n<\/tr>\n<tr>\n<td>5<\/td>\n<td>John Parker Dimitrinsky<\/td>\n<td><\/td>\n<\/tr>\n<tr>\n<td>6<\/td>\n<td>El Diablo Es Un Se\u00f1or<\/td>\n<td><\/td>\n<\/tr>\n<tr>\n<td>7<\/td>\n<td>Tengo<\/td>\n<td><\/td>\n<\/tr>\n<tr>\n<td>8<\/td>\n<td>El Oficio De Cantor<\/td>\n<td><\/td>\n<\/tr>\n<tr>\n<td><\/td>\n<td><\/td>\n<td><\/td>\n<\/tr>\n<tr>\n<td style=\"text-align: center;\"><strong>Album<\/strong><\/td>\n<td style=\"text-align: center;\"><strong>Buen Dia America del Sur<\/strong><\/td>\n<td style=\"text-align: center;\"><strong>1972<\/strong><\/td>\n<\/tr>\n<tr>\n<td>1<\/td>\n<td>De Tandil A Este Lugar<\/td>\n<td><\/td>\n<\/tr>\n<tr>\n<td>2<\/td>\n<td>Agua y Manzana<\/td>\n<td><\/td>\n<\/tr>\n<tr>\n<td>3<\/td>\n<td>Yo Se Que Si<\/td>\n<td><\/td>\n<\/tr>\n<tr>\n<td>4<\/td>\n<td>Vida Sencilla<\/td>\n<td><\/td>\n<\/tr>\n<tr>\n<td>5<\/td>\n<td>Ella Tiene La Costumbre<\/td>\n<td><\/td>\n<\/tr>\n<tr>\n<td>6<\/td>\n<td>Buen D\u00eda Am\u00e9rica Del Sur<\/td>\n<td><\/td>\n<\/tr>\n<tr>\n<td>7<\/td>\n<td>Yo Soy Lo Que Canto<\/td>\n<td><\/td>\n<\/tr>\n<tr>\n<td>8<\/td>\n<td>Cuando Mataron A Jesucristo<\/td>\n<td><\/td>\n<\/tr>\n<tr>\n<td>9<\/td>\n<td>No Me Voy<\/td>\n<td><\/td>\n<\/tr>\n<tr>\n<td>10<\/td>\n<td>Temprano Voy A Levantarme<\/td>\n<td><\/td>\n<\/tr>\n<tr>\n<td><\/td>\n<td><\/td>\n<td><\/td>\n<\/tr>\n<\/tbody>\n<\/table>\n<p>&nbsp;<\/p>\n<\/div>\n<\/div>\n<div class=\"cxmmr5t8 oygrvhab hcukyx3x c1et5uql o9v6fnle ii04i59q\">\n<div dir=\"auto\">Cr\u00e9ditos: Tomado de Wikipedia<\/div>\n<div dir=\"auto\"><a class=\"oajrlxb2 g5ia77u1 qu0x051f esr5mh6w e9989ue4 r7d6kgcz rq0escxv nhd2j8a9 nc684nl6 p7hjln8o kvgmc6g5 cxmmr5t8 oygrvhab hcukyx3x jb3vyjys rz4wbd8a qt6c0cv9 a8nywdso i1ao9s8h esuyzwwr f1sip0of lzcic4wl gpro0wi8 py34i1dx\" tabindex=\"0\" role=\"link\" href=\"https:\/\/es.wikipedia.org\/wiki\/Facundo_Cabral?fbclid=IwAR3FzGfZ-jCqWo6-Q1_TIQqhIWoZxzy5YU1Oc8s1ln89ouiRCcmWnML7444\" target=\"_blank\" rel=\"nofollow noopener\">https:\/\/es.wikipedia.org\/wiki\/Facundo_Cabral<\/a><\/div>\n<div dir=\"auto\"><\/div>\n<p>&nbsp;<\/p>\n<\/div>\n<div class=\"epyt-video-wrapper\"><iframe loading=\"lazy\"  id=\"_ytid_77840\"  width=\"618\" height=\"347\"  data-origwidth=\"618\" data-origheight=\"347\" src=\"https:\/\/www.youtube.com\/embed\/T8L3dkFAavY?enablejsapi=1&#038;autoplay=0&#038;cc_load_policy=0&#038;cc_lang_pref=&#038;iv_load_policy=1&#038;loop=0&#038;modestbranding=0&#038;rel=1&#038;fs=1&#038;playsinline=0&#038;autohide=2&#038;theme=dark&#038;color=red&#038;controls=1&#038;\" class=\"__youtube_prefs__  epyt-is-override  no-lazyload\" title=\"YouTube player\"  allow=\"fullscreen; accelerometer; autoplay; clipboard-write; encrypted-media; gyroscope; picture-in-picture\" allowfullscreen data-no-lazy=\"1\" data-skipgform_ajax_framebjll=\"\"><\/iframe><\/div>\n","protected":false},"excerpt":{"rendered":"<p>&nbsp; Fecha de Nacimiento: La Plata, Buenos Aires, 22 de mayo de 1937 &nbsp; Fecha de Fallecimiento: Ciudad de Guatemala, 9 de julio de 2011 &nbsp; Biograf\u00eda: &nbsp; Rodolfo Enrique Cabral Cami\u00f1as, de nombre art\u00edstico Indio Gasparino \u2014en sus comienzos\u2014 y luego Facundo Cabral, Su propuesta art\u00edstica resulta dif\u00edcil de encasillar. Aunque compuso canciones y &hellip;<\/p>\n","protected":false},"author":1,"featured_media":0,"parent":0,"menu_order":0,"comment_status":"closed","ping_status":"closed","template":"","meta":{"footnotes":""},"class_list":["post-28446","page","type-page","status-publish",""],"jetpack_sharing_enabled":true,"_links":{"self":[{"href":"http:\/\/mickyandoniehn.com\/radio\/wp-json\/wp\/v2\/pages\/28446","targetHints":{"allow":["GET"]}}],"collection":[{"href":"http:\/\/mickyandoniehn.com\/radio\/wp-json\/wp\/v2\/pages"}],"about":[{"href":"http:\/\/mickyandoniehn.com\/radio\/wp-json\/wp\/v2\/types\/page"}],"author":[{"embeddable":true,"href":"http:\/\/mickyandoniehn.com\/radio\/wp-json\/wp\/v2\/users\/1"}],"replies":[{"embeddable":true,"href":"http:\/\/mickyandoniehn.com\/radio\/wp-json\/wp\/v2\/comments?post=28446"}],"version-history":[{"count":2,"href":"http:\/\/mickyandoniehn.com\/radio\/wp-json\/wp\/v2\/pages\/28446\/revisions"}],"predecessor-version":[{"id":30227,"href":"http:\/\/mickyandoniehn.com\/radio\/wp-json\/wp\/v2\/pages\/28446\/revisions\/30227"}],"wp:attachment":[{"href":"http:\/\/mickyandoniehn.com\/radio\/wp-json\/wp\/v2\/media?parent=28446"}],"curies":[{"name":"wp","href":"https:\/\/api.w.org\/{rel}","templated":true}]}}