{"id":28444,"date":"2022-08-26T09:43:19","date_gmt":"2022-08-26T15:43:19","guid":{"rendered":"https:\/\/mickyandoniehn.com\/radio\/?page_id=28444"},"modified":"2024-07-23T08:34:21","modified_gmt":"2024-07-23T14:34:21","slug":"albert-hammond","status":"publish","type":"page","link":"http:\/\/mickyandoniehn.com\/radio\/albert-hammond\/","title":{"rendered":"Albert Hammond"},"content":{"rendered":"<p><img loading=\"lazy\" decoding=\"async\" class=\" wp-image-71548 aligncenter\" src=\"http:\/\/mickyandoniehn.com\/radio\/wp-content\/uploads\/2023\/05\/Albert-Hammond-200x300.jpg\" alt=\"\" width=\"408\" height=\"612\" srcset=\"http:\/\/mickyandoniehn.com\/radio\/wp-content\/uploads\/2023\/05\/Albert-Hammond-200x300.jpg 200w, http:\/\/mickyandoniehn.com\/radio\/wp-content\/uploads\/2023\/05\/Albert-Hammond-683x1024.jpg 683w, http:\/\/mickyandoniehn.com\/radio\/wp-content\/uploads\/2023\/05\/Albert-Hammond-768x1151.jpg 768w, http:\/\/mickyandoniehn.com\/radio\/wp-content\/uploads\/2023\/05\/Albert-Hammond-1025x1536.jpg 1025w, http:\/\/mickyandoniehn.com\/radio\/wp-content\/uploads\/2023\/05\/Albert-Hammond.jpg 1200w\" sizes=\"auto, (max-width: 408px) 100vw, 408px\" \/><\/p>\n<p>&nbsp;<\/p>\n<div class=\"cxmmr5t8 oygrvhab hcukyx3x c1et5uql o9v6fnle ii04i59q\">\n<div dir=\"auto\"><strong>Fecha de Nacimiento<\/strong> 18 de mayo de 1944<\/div>\n<p>&nbsp;<\/p>\n<div dir=\"auto\"><\/div>\n<\/div>\n<div class=\"cxmmr5t8 oygrvhab hcukyx3x c1et5uql o9v6fnle ii04i59q\">\n<div dir=\"auto\"><strong>Biograf\u00eda<\/strong><\/div>\n<p>&nbsp;<\/p>\n<div dir=\"auto\"><\/div>\n<div dir=\"auto\">Albert Hammond (18 de mayo de 1944) es un cantante, compositor y productor musical ingl\u00e9s. Hammond es uno de los compositores m\u00e1s exitosos que produjo Inglaterra en los a\u00f1os 1960s y 1970s, y ha vivido una larga y exitosa carrera como int\u00e9rprete debido a su popular producci\u00f3n en tres continentes, en dos idiomas y a lo largo de cuatro d\u00e9cadas.<\/div>\n<p>&nbsp;<\/p>\n<div dir=\"auto\"><\/div>\n<\/div>\n<div class=\"cxmmr5t8 oygrvhab hcukyx3x c1et5uql o9v6fnle ii04i59q\">\n<div dir=\"auto\">Hammond naci\u00f3 en Londres, Inglaterra donde su familia hab\u00eda sido trasladada desde Gibraltar durante la Segunda Guerra Mundial. Su familia regres\u00f3 a Gibraltar al poco tiempo de su nacimiento, lugar donde \u00e9l creci\u00f3. En 1960 se inici\u00f3 en el campo de la m\u00fasica con la banda gibralte\u00f1a &#8216;The Diamond Boys&#8217;, que no tuvo un exito comercial real pero que jug\u00f3 un papel importante en su introducci\u00f3n a la m\u00fasica popular espa\u00f1ola. Los Diamond Boys realizaron algunas presentaciones en los primeros clubes nocturnos en Madrid, donde convivieron bandas modernas junto a pioneros del rock and roll espa\u00f1ol, tales como Miguel R\u00edos. En 1966 Hammond fue cofundador del grupo vocal brit\u00e1nico &#8220;The Family Dog&#8221; cuyo &#8220;A way of Life&#8221; alcanz\u00f3 el n\u00famero 10 de las listas del Reino Unido en 1969.<\/div>\n<p>&nbsp;<\/p>\n<div dir=\"auto\"><\/div>\n<\/div>\n<div class=\"cxmmr5t8 oygrvhab hcukyx3x c1et5uql o9v6fnle ii04i59q\">\n<div dir=\"auto\">Hammond tambi\u00e9n escribi\u00f3 algunas canciones para otros int\u00e9rpretes, con su colaborador frecuente, Mike Hazlewood.<\/div>\n<div dir=\"auto\"><\/div>\n<div dir=\"auto\">Estos incluyeron &#8220;Little Arrows&#8221; para Leapy Lee, &#8220;Make me an Island&#8221; (1969), que Hammond regrabar\u00eda en 1979 en una versi\u00f3n espa\u00f1ola, y &#8220;You are such a good looking woman&#8221; (1970 para Joe Dolan, &#8220;Give me that thing&#8221; para los Pipkins en 1970 (un &#8220;cover&#8221; del album &#8220;The Freddie and the Dreamers &#8211; Oliver in the Overworld&#8221;; &#8220;Good morning freedom&#8221; para Blue Mink, &#8220;Freedom come, freedom go&#8221; para The Fortunes en 1971 y &#8220;The air that I breathe&#8221; que fue todo un \u00e9xito para The Hollies en 1974. In 1971 Hammond cant\u00f3 en el cuarto \u00e1lbum de Michael Chapman, titulado &#8220;Wrecked again&#8221;, y trabaj\u00f3 brevemente con The Magic Lanterns en grabaciones suyas y de Mike Hazlewood.<\/div>\n<div dir=\"auto\"><\/div>\n<p>&nbsp;<\/p>\n<\/div>\n<div class=\"cxmmr5t8 oygrvhab hcukyx3x c1et5uql o9v6fnle ii04i59q\">\n<div dir=\"auto\">M\u00e1s tarde Hammond se traslad\u00f3 a los Estados Unidos, donde continu\u00f3 con su carrera profesional como m\u00fasico, donde se dio a conocer por sus \u00e9xitos de los setentas, producidos por Columbia a trav\u00e9s de su subsidiaria Mums Records, tales como:<\/div>\n<p>&nbsp;<\/p>\n<div dir=\"auto\"><\/div>\n<\/div>\n<div class=\"cxmmr5t8 oygrvhab hcukyx3x c1et5uql o9v6fnle ii04i59q\">\n<div dir=\"auto\">&#8220;It Never Rains in Southern California&#8221;<\/div>\n<div dir=\"auto\">&#8220;The Free Electric Band&#8221;<\/div>\n<div dir=\"auto\">&#8220;I Don&#8217;t Wanna Die in an Air Disaster&#8221;<\/div>\n<div dir=\"auto\">&#8220;I&#8217;m a Train&#8221;<\/div>\n<div dir=\"auto\">&#8220;Down by the River&#8221;<\/div>\n<p>&nbsp;<\/p>\n<div dir=\"auto\"><\/div>\n<div dir=\"auto\">&#8220;It Never Rains in Southern California&#8221; se convirti\u00f3 en el n\u00famero cinco en el American Billboard Hot 100 y coloc\u00f3 un mill\u00f3n de copias vendidas en todo el mundo, siendo el primero de una cadena de ocho sencillos que se convertir\u00edan en \u00e9xitos en los cinco a\u00f1os subsecuentes. El \u00e1lbum incluy\u00f3 &#8220;Down by the River&#8221; y &#8220;If you gotta break another heart&#8221;, que fue grabado por Cass Elliot en una versi\u00f3n reescrita &#8211; y &#8220;The air that I breathe&#8221;. Esta \u00faltima fue la canci\u00f3n favorita de Hammond en dicho \u00e1lbum, y m\u00e1s tarde se convirti\u00f3 en el m\u00e1s importante \u00e9xito internacional en manos de The Holies. Entre tanto, el siguiente album de Hammond, &#8220;The Free Electric Band&#8221; (t\u00edtulo tomado de un musical que no alcanz\u00f3 a ser producido). Su siguiente \u00e9xito, &#8220;I&#8217;m a train&#8221;, vio la luz en una etapa fren\u00e9tica de la carrera de Hammond. \u00c9l produjo grabaciones con Johnny Cash (&#8220;Praise the Lord and pass the soup), colabor\u00f3 con Richard Carpenter y John Bettis (&#8220;I need to be in love&#8221;), escribi\u00f3 canciones con Art Garfunkel, y, como supbroducto de este \u00faltimo proyecto, grab\u00f3 un tercer \u00e1lbum con el mismo t\u00edtulo producido por Garfunkel y Roy Halee.<\/div>\n<p>&nbsp;<\/p>\n<div dir=\"auto\"><\/div>\n<\/div>\n<div class=\"cxmmr5t8 oygrvhab hcukyx3x c1et5uql o9v6fnle ii04i59q\">\n<div dir=\"auto\">A mediados de los setentas Hammond trabaj\u00f3 con el productor e ingeniero Phil Ramone y colabor\u00f3 con el letrista Hal David, generando un sencillo n\u00famero uno en las listas de popularidad de adultos contempor\u00e1neos con &#8220;99 Miles from L.A.&#8221; La disquera, no obstante, se opuso a la liberaci\u00f3n de este LP o de su sucesor, &#8220;When I need you&#8221;, el \u00faltimo en ser liberado solo cuando Leo Sayer gener\u00f3 un sencillo con su versi\u00f3n del t\u00edtulo de la canci\u00f3n. &#8220;When I need you&#8221;, coescrita por Hammond con Carole Bayer Sager, fue grabada por primera vez por Hammond en su \u00e1lbum de 1976, con el mismo t\u00edtulo. Producida por Richard Perry, la versi\u00f3n de Leo Sayer alcanz\u00f3 el n\u00famero 1 en las listas de popularidad del Reino Unido durante dos semanas en febrero de 1977, despu\u00e9s de tres sencillos propios que se colocaron en el n\u00famero 2. Considerado un \u00e9xito mundial, este alcanz\u00f3 el n\u00famero 1 en el Billboard Hot 100 durante una semana en mayo de 1977.<\/div>\n<p>&nbsp;<\/p>\n<div dir=\"auto\"><\/div>\n<\/div>\n<div class=\"cxmmr5t8 oygrvhab hcukyx3x c1et5uql o9v6fnle ii04i59q\">\n<div dir=\"auto\">Hammond tuvo un tremendo \u00e9xito como compositor de sencillos con sus grabaciones en espa\u00f1ol, bajo la marca de Epic Records, lo que le permiti\u00f3 realizar algunas giras en varios pa\u00edses de Am\u00e9rica Latina. Fue durante esta \u00e9poca cuando conoci\u00f3 a Manuel Montoya, ejecutivo de CBS en M\u00e9xico, que eventualmente se convertir\u00eda en su manager personal en 1985, lo que condujo a la producci\u00f3n ganadora de los Premios Grammi de Lani Hall &#8220;Es f\u00e1cil amar&#8221;, productor y escritor de &#8220;Cantar\u00e9, cantar\u00e1s&#8221;. En 1977, fue invitado por el Departamento de Prensa de la Televisi\u00f3n Nacional de Chile, para cerrar su noticiero central 60 Minutos.<\/div>\n<p>&nbsp;<\/p>\n<div dir=\"auto\"><\/div>\n<\/div>\n<div class=\"cxmmr5t8 oygrvhab hcukyx3x c1et5uql o9v6fnle ii04i59q\">\n<div dir=\"auto\">Hammond tambi\u00e9n colabor\u00f3 con Diane Warren en &#8220;Nothing&#8217;s Gonna Stop Us Now&#8221; que se convirti\u00f3 en un n\u00famero 1 en 1987 con Starship, y &#8220;I don&#8217;t wanna live without your love,&#8221; un \u00e9xito para Chicago, que alcanz\u00f3 el n\u00famero 3 en las listas de popularidad de los EE.UU en 1988. Hammond escribi\u00f3 tambi\u00e9n &#8220;One moment in time&#8221;, el tema musical interpretado por Whitney Houston en las olimpiadas de verano de 1988 celebradas en Se\u00fal, Corea del Sur. Junto con Hal David, Hammond coescribi\u00f3 el \u00e9xito de 1984 &#8220;To all the girls I have loved before&#8221; para Julio Iglesias y Willie Nelson.<\/div>\n<p>&nbsp;<\/p>\n<div dir=\"auto\"><\/div>\n<div dir=\"auto\">Hammond tambi\u00e9n escribi\u00f3 algunas canciones para Tina Turner, incluyendo &#8220;I don&#8217;t wanna lose you,&#8221; &#8220;Be tender with me, baby,&#8221; &#8220;Way of the World&#8221; and &#8220;Love Thing&#8221;) quien tambi\u00e9n grab\u00f3 la versi\u00f3n original de Hammond-Warren &#8220;Don&#8217;t turn around,&#8221; n\u00famero 1 en Reino Unido interpretado por Aswad en 1988, y un exito para Ace of Base cinco a\u00f1os despu\u00e9s.<\/div>\n<p>&nbsp;<\/p>\n<\/div>\n<div class=\"cxmmr5t8 oygrvhab hcukyx3x c1et5uql o9v6fnle ii04i59q\">\n<div dir=\"auto\">Hammond ha grabado varios albumes tanto en ingl\u00e9s como en espa\u00f1ol, interpretando sus canciones en ambos idiomas. En 1999 fue condecorado &#8220;Caballero de la Orden del Imperio Brit\u00e1nico&#8221; (OBE) por la Reina Isabel II de Inglaterra.<\/div>\n<div dir=\"auto\">En 2005 Hammond produjo su primer \u00e1lbum brit\u00e1nico en varios a\u00f1os, titulado &#8220;Revolution of the heart&#8221;, con el sencillo &#8220;This side of midnight&#8221;.<\/div>\n<p>&nbsp;<\/p>\n<div dir=\"auto\"><\/div>\n<\/div>\n<div class=\"cxmmr5t8 oygrvhab hcukyx3x c1et5uql o9v6fnle ii04i59q\">\n<div dir=\"auto\">Su hijo, Albert Hammond Jr. es un exitoso m\u00fasico, quien act\u00faa por su cuenta y tambi\u00e9n es integrante de &#8220;The Strokes&#8221;.<\/div>\n<\/div>\n<div class=\"cxmmr5t8 oygrvhab hcukyx3x c1et5uql o9v6fnle ii04i59q\">\n<div dir=\"auto\">Hammond fue inmortalizado en una canci\u00f3n de Half Man Half Biscuit en su pista de 1986 titulada &#8220;Albert Hammond Bootleg&#8221;. El 19 de junio de 2008 Hammond fue incluido en el Sal\u00f3n de la Fama de los compositores.<\/div>\n<p>&nbsp;<\/p>\n<\/div>\n<div class=\"cxmmr5t8 oygrvhab hcukyx3x c1et5uql o9v6fnle ii04i59q\">\n<div dir=\"auto\">Hammond had tremendous success as a composer of singles with his recordings in Spanish, under the Epic Records label, which allowed him to tour several Latin American countries. It was during this time that he met Manuel Montoya, a CBS executive in Mexico, who would eventually become his personal manager in 1985, which led to Lani Hall&#8217;s Grammi Award-winning production &#8220;It&#8217;s Easy to Love,&#8221; producer and writer. from &#8220;I will sing, you will sing.&#8221; In 1977, he was invited by the Press Department of the National Television of Chile, to close its central newscast 60 Minutes.<\/div>\n<p>&nbsp;<\/p>\n<div dir=\"auto\"><\/div>\n<\/div>\n<div class=\"cxmmr5t8 oygrvhab hcukyx3x c1et5uql o9v6fnle ii04i59q\">\n<div dir=\"auto\">Hammond also collaborated with Diane Warren on &#8220;Nothing&#8217;s Gonna Stop Us Now,&#8221; which became a No. 1 in 1987 with Starship, and &#8220;I don&#8217;t wanna live without your love,&#8221; a hit for Chicago, which reached No. 3 on the US charts in 1988. Hammond also wrote &#8220;One moment in time&#8221;, the theme song performed by Whitney Houston at the 1988 Summer Olympics held in Seoul, South Korea. Along with Hal David, Hammond co-wrote the 1984 hit &#8220;To all the girls I have loved before&#8221; for Julio Iglesias and Willie Nelson.<\/div>\n<p>&nbsp;<\/p>\n<\/div>\n<div dir=\"auto\"><\/div>\n<div class=\"cxmmr5t8 oygrvhab hcukyx3x c1et5uql o9v6fnle ii04i59q\">\n<div dir=\"auto\">Hammond also wrote some songs for Tina Turner, including &#8220;I don&#8217;t wanna lose you,&#8221; &#8220;Be tender with me, baby,&#8221; &#8220;Way of the World&#8221; and &#8220;Love Thing&#8221;) who also recorded the original version of Hammond- Warren&#8217;s &#8220;Don&#8217;t turn around,&#8221; number 1 in the UK performed by Aswad in 1988, and a hit for Ace of Base five years later.<\/div>\n<p>&nbsp;<\/p>\n<div dir=\"auto\"><\/div>\n<\/div>\n<div class=\"cxmmr5t8 oygrvhab hcukyx3x c1et5uql o9v6fnle ii04i59q\">\n<div dir=\"auto\">Hammond has recorded several albums in both English and Spanish, performing his songs in both languages. In 1999 he was awarded &#8220;Knight of the Order of the British Empire&#8221; (OBE) by Queen Elizabeth II of England.<\/div>\n<p>&nbsp;<\/p>\n<div dir=\"auto\"><\/div>\n<div dir=\"auto\">In 2005 Hammond produced his first British album in several years, entitled &#8220;Revolution of the heart&#8221;, with the single &#8220;This side of midnight&#8221;.<\/div>\n<p>&nbsp;<\/p>\n<div dir=\"auto\"><\/div>\n<\/div>\n<div class=\"cxmmr5t8 oygrvhab hcukyx3x c1et5uql o9v6fnle ii04i59q\">\n<div dir=\"auto\"><strong>Date of Birth<\/strong> May 18, 1944<\/div>\n<p>&nbsp;<\/p>\n<div dir=\"auto\"><\/div>\n<\/div>\n<div class=\"cxmmr5t8 oygrvhab hcukyx3x c1et5uql o9v6fnle ii04i59q\">\n<div dir=\"auto\"><strong>Biography<\/strong><\/div>\n<p>&nbsp;<\/p>\n<div dir=\"auto\"><\/div>\n<div dir=\"auto\">Albert Hammond (18 May 1944) is an English singer, songwriter and music producer. Hammond is one of the most successful composers that England produced in the 1960s and 1970s, and has had a long and successful career as a performer due to his popular production on three continents, in two languages \u200b\u200band spanning four decades.<\/div>\n<p>&nbsp;<\/p>\n<div dir=\"auto\"><\/div>\n<\/div>\n<div class=\"cxmmr5t8 oygrvhab hcukyx3x c1et5uql o9v6fnle ii04i59q\">\n<div dir=\"auto\">Hammond was born in London, England where his family had been relocated from Gibraltar during World War II. His family returned to Gibraltar shortly after his birth, where he grew up. In 1960 he started in the field of music with the Gibraltarian band &#8216;The Diamond Boys&#8217;, which did not have a real commercial success but played an important role in its introduction to Spanish popular music. The Diamond Boys made some presentations in the first nightclubs in Madrid, where modern bands coexisted with pioneers of Spanish rock and roll, such as Miguel R\u00edos. In 1966 Hammond co-founded the British vocal group &#8220;The Family Dog&#8221; whose &#8220;A way of Life&#8221; reached number 10 on the UK charts in 1969.<\/div>\n<p>&nbsp;<\/p>\n<div dir=\"auto\"><\/div>\n<\/div>\n<div class=\"cxmmr5t8 oygrvhab hcukyx3x c1et5uql o9v6fnle ii04i59q\">\n<div dir=\"auto\">Hammond also wrote some songs for other performers, with his frequent collaborator, Mike Hazlewood. These included &#8220;Little Arrows&#8221; for Leapy Lee, &#8220;Make me an Island&#8221; (1969), which Hammond would rerecord in 1979 in a Spanish version, and &#8220;You are such a good looking woman&#8221; (1970 for Joe Dolan, &#8220;Give me that thing &#8220;for the Pipkins in 1970 (a&#8221; cover &#8220;of the album&#8221; The Freddie and the Dreamers &#8211; Oliver in the Overworld &#8220;;&#8221; Good morning freedom &#8220;for Blue Mink,&#8221; Freedom come, freedom go &#8220;for The Fortunes in 1971 and&#8221; The air that I breathe &#8220;which was a hit for The Hollies in 1974. In 1971 Hammond sang on Michael Chapman&#8217;s fourth album, entitled&#8221; Wrecked again &#8220;, and worked briefly with The Magic Lanterns on his and Mike Hazlewood&#8217;s recordings.<\/div>\n<p>&nbsp;<\/p>\n<div dir=\"auto\"><\/div>\n<\/div>\n<div class=\"cxmmr5t8 oygrvhab hcukyx3x c1et5uql o9v6fnle ii04i59q\">\n<div dir=\"auto\">Later Hammond moved to the United States, where he continued his professional career as a musician, where he became known for his hits of the seventies, produced by Columbia through its subsidiary Mums Records, such as:<\/div>\n<p>&nbsp;<\/p>\n<div dir=\"auto\"><\/div>\n<\/div>\n<div class=\"cxmmr5t8 oygrvhab hcukyx3x c1et5uql o9v6fnle ii04i59q\">\n<div dir=\"auto\">&#8220;It Never Rains in Southern California&#8221;<\/div>\n<div dir=\"auto\">&#8220;The Free Electric Band&#8221;<\/div>\n<div dir=\"auto\">&#8220;I Don&#8217;t Wanna Die in an Air Disaster&#8221;<\/div>\n<div dir=\"auto\">&#8220;I&#8217;m a Train&#8221;<\/div>\n<div dir=\"auto\">&#8220;Down by the River&#8221;<\/div>\n<p>&nbsp;<\/p>\n<div dir=\"auto\"><\/div>\n<div dir=\"auto\">&#8220;It Never Rains in Southern California&#8221; became number five on the American Billboard Hot 100 and had one million copies sold worldwide, being the first of a string of eight singles that would become hits within five years. subsequent. The album included &#8220;Down by the River&#8221; and &#8220;If you gotta break another heart&#8221;, which was recorded by Cass Elliot in a rewritten version &#8211; and &#8220;The air that I breathe.&#8221; The latter was Hammond&#8217;s favorite song on the album, and later became the biggest international hit at the hands of The Holies. Meanwhile, Hammond&#8217;s next album, &#8220;The Free Electric Band&#8221; (title taken from a musical that failed to be produced). His next hit, &#8220;I&#8217;m a train&#8221;, saw the light of day in a frenzy in Hammond&#8217;s career. He produced recordings with Johnny Cash (&#8220;Praise the Lord and pass the soup), collaborated with Richard Carpenter and John Bettis (&#8221; I need to be in love &#8220;), wrote songs with Art Garfunkel, and, as a byproduct of the latter project, recorded a third album with the same title produced by Garfunkel and Roy Halee.<\/div>\n<p>&nbsp;<\/p>\n<div dir=\"auto\"><\/div>\n<\/div>\n<div class=\"cxmmr5t8 oygrvhab hcukyx3x c1et5uql o9v6fnle ii04i59q\">\n<div dir=\"auto\">In the mid-1970s Hammond worked with producer and engineer Phil Ramone and collaborated with lyricist Hal David, generating a number one single on the contemporary adult charts with &#8220;99 Miles from L.A.&#8221; The label, however, opposed the release of this LP or its successor, &#8220;When I need you&#8221;, the last to be released only when Leo Sayer generated a single with his version of the song&#8217;s title. &#8220;When I Need You&#8221;, co-written by Hammond with Carole Bayer Sager, was first recorded by Hammond on his 1976 album of the same title. Produced by Richard Perry, the Leo Sayer version reached number 1 on the UK charts for two weeks in February 1977, after three singles of his own that reached number 2. Considered a worldwide hit, it reached # 1 on the Billboard Hot 100 for one week in May 1977.<\/div>\n<p>&nbsp;<\/p>\n<div dir=\"auto\"><\/div>\n<\/div>\n<div class=\"cxmmr5t8 oygrvhab hcukyx3x c1et5uql o9v6fnle ii04i59q\">\n<div dir=\"auto\">Hammond had tremendous success as a composer of singles with his recordings in Spanish, under the Epic Records label, which allowed him to tour several Latin American countries. It was during this time that he met Manuel Montoya, a CBS executive in Mexico, who would eventually become his personal manager in 1985, which led to Lani Hall&#8217;s Grammi Award-winning production &#8220;It&#8217;s Easy to Love,&#8221; producer and writer. from &#8220;I will sing, you will sing.&#8221; In 1977, he was invited by the Press Department of the National Television of Chile, to close its central newscast 60 Minutes.<\/div>\n<p>&nbsp;<\/p>\n<div dir=\"auto\"><\/div>\n<\/div>\n<div class=\"cxmmr5t8 oygrvhab hcukyx3x c1et5uql o9v6fnle ii04i59q\">\n<div dir=\"auto\">Hammond also collaborated with Diane Warren on &#8220;Nothing&#8217;s Gonna Stop Us Now,&#8221; which became a No. 1 in 1987 with Starship, and &#8220;I don&#8217;t wanna live without your love,&#8221; a hit for Chicago, which reached No. 3 on the US charts in 1988.<\/div>\n<p>&nbsp;<\/p>\n<div dir=\"auto\"><\/div>\n<div dir=\"auto\">Hammond also wrote &#8220;One moment in time&#8221;, the theme song performed by Whitney Houston at the 1988 Summer Olympics held in Seoul, South Korea. Along with Hal David, Hammond co-wrote the 1984 hit &#8220;To all the girls I have loved before&#8221; for Julio Iglesias and Willie Nelson.<\/div>\n<p>&nbsp;<\/p>\n<div dir=\"auto\"><\/div>\n<div dir=\"auto\">Hammond also wrote some songs for Tina Turner, including &#8220;I don&#8217;t wanna lose you,&#8221; &#8220;Be tender with me, baby,&#8221; &#8220;Way of the World&#8221; and &#8220;Love Thing&#8221;) who also recorded the original version of Hammond- Warren&#8217;s &#8220;Don&#8217;t turn around,&#8221; number 1 in the UK performed by Aswad in 1988, and a hit for Ace of Base five years later.<\/div>\n<p>&nbsp;<\/p>\n<div dir=\"auto\"><\/div>\n<\/div>\n<div class=\"cxmmr5t8 oygrvhab hcukyx3x c1et5uql o9v6fnle ii04i59q\">\n<div dir=\"auto\">Hammond has recorded several albums in both English and Spanish, performing his songs in both languages. In 1999 he was awarded &#8220;Knight of the Order of the British Empire&#8221; (OBE) by Queen Elizabeth II of England.<\/div>\n<p>&nbsp;<\/p>\n<div dir=\"auto\"><\/div>\n<div dir=\"auto\">In 2005 Hammond produced his first British album in several years, entitled &#8220;Revolution of the heart&#8221;, with the single &#8220;This side of midnight&#8221;.<\/div>\n<p>&nbsp;<\/p>\n<div dir=\"auto\"><\/div>\n<\/div>\n<div class=\"cxmmr5t8 oygrvhab hcukyx3x c1et5uql o9v6fnle ii04i59q\">\n<div dir=\"auto\">His son, Albert Hammond Jr. is a successful musician, who performs on his own and is also a member of &#8220;The Strokes.&#8221;<\/div>\n<p>&nbsp;<\/p>\n<div dir=\"auto\"><\/div>\n<\/div>\n<div class=\"cxmmr5t8 oygrvhab hcukyx3x c1et5uql o9v6fnle ii04i59q\">\n<div dir=\"auto\">Hammond was immortalized in a Half Man song Half Biscuit on his 1986 track titled &#8220;Albert Hammond Bootleg&#8221;.<\/div>\n<p>&nbsp;<\/p>\n<div dir=\"auto\"><\/div>\n<div dir=\"auto\">On June 19, 2008, Hammond was inducted into the Songwriters Hall of Fame.<\/div>\n<p>&nbsp;<\/p>\n<\/div>\n<div class=\"cxmmr5t8 oygrvhab hcukyx3x c1et5uql o9v6fnle ii04i59q\">\n<div dir=\"auto\"><\/div>\n<\/div>\n<div class=\"cxmmr5t8 oygrvhab hcukyx3x c1et5uql o9v6fnle ii04i59q\">\n<div dir=\"auto\"><strong>Discography<\/strong><\/div>\n<p>&nbsp;<\/p>\n<div dir=\"auto\"><\/div>\n<div dir=\"auto\">\n<table width=\"561\">\n<tbody>\n<tr>\n<td style=\"text-align: center;\" width=\"127\"><strong>Genero Rock, Pop<\/strong><\/td>\n<td style=\"text-align: center;\" width=\"319\"><strong>Escuchar Tema<\/strong><\/td>\n<td style=\"text-align: center;\" width=\"115\"><strong>A\u00f1o de Publicacion<\/strong><\/td>\n<\/tr>\n<tr>\n<td>1<\/td>\n<td>Echame a Mi la Culpa<\/td>\n<td>1976<\/td>\n<\/tr>\n<tr>\n<td>2<\/td>\n<td>Eres toda una mujer<\/td>\n<td>1992<\/td>\n<\/tr>\n<tr>\n<td>3<\/td>\n<td>Si me amaras<\/td>\n<td>1976<\/td>\n<\/tr>\n<tr>\n<td>4<\/td>\n<td>Fallaste Coraz\u00f3n<\/td>\n<td>1976<\/td>\n<\/tr>\n<tr>\n<td>5<\/td>\n<td>I&#8217;m A Train<\/td>\n<td>1974<\/td>\n<\/tr>\n<tr>\n<td>6<\/td>\n<td>Ansiedad<\/td>\n<td>1976<\/td>\n<\/tr>\n<tr>\n<td>7<\/td>\n<td>El aire que respiro<\/td>\n<td>1992<\/td>\n<\/tr>\n<tr>\n<td>8<\/td>\n<td>I Don&#8217;t Wanna Die In An Air Disaster<\/td>\n<td>1974<\/td>\n<\/tr>\n<tr>\n<td>9<\/td>\n<td>These Are the Good Old Days<\/td>\n<td>1975<\/td>\n<\/tr>\n<tr>\n<td>10<\/td>\n<td>Esp\u00e9rame En El Cielo<\/td>\n<td>1976<\/td>\n<\/tr>\n<tr>\n<td>11<\/td>\n<td>Que Seas Feliz<\/td>\n<td>1976<\/td>\n<\/tr>\n<tr>\n<td>12<\/td>\n<td>Comprenderte<\/td>\n<td>1992<\/td>\n<\/tr>\n<tr>\n<td><\/td>\n<td><\/td>\n<td><\/td>\n<\/tr>\n<\/tbody>\n<\/table>\n<p>&nbsp;<\/p>\n<\/div>\n<\/div>\n<div class=\"epyt-video-wrapper\"><iframe loading=\"lazy\"  id=\"_ytid_62442\"  width=\"618\" height=\"347\"  data-origwidth=\"618\" data-origheight=\"347\" src=\"https:\/\/www.youtube.com\/embed\/yhSHJ36f75Q?enablejsapi=1&#038;autoplay=0&#038;cc_load_policy=0&#038;cc_lang_pref=&#038;iv_load_policy=1&#038;loop=0&#038;modestbranding=0&#038;rel=1&#038;fs=1&#038;playsinline=0&#038;autohide=2&#038;theme=dark&#038;color=red&#038;controls=1&#038;\" class=\"__youtube_prefs__  epyt-is-override  no-lazyload\" title=\"YouTube player\"  allow=\"fullscreen; accelerometer; autoplay; clipboard-write; encrypted-media; gyroscope; picture-in-picture\" allowfullscreen data-no-lazy=\"1\" data-skipgform_ajax_framebjll=\"\"><\/iframe><\/div>\n","protected":false},"excerpt":{"rendered":"<p>&nbsp; Fecha de Nacimiento 18 de mayo de 1944 &nbsp; Biograf\u00eda &nbsp; Albert Hammond (18 de mayo de 1944) es un cantante, compositor y productor musical ingl\u00e9s. Hammond es uno de los compositores m\u00e1s exitosos que produjo Inglaterra en los a\u00f1os 1960s y 1970s, y ha vivido una larga y exitosa carrera como int\u00e9rprete debido &hellip;<\/p>\n","protected":false},"author":1,"featured_media":0,"parent":0,"menu_order":0,"comment_status":"closed","ping_status":"closed","template":"","meta":{"footnotes":""},"class_list":["post-28444","page","type-page","status-publish",""],"jetpack_sharing_enabled":true,"_links":{"self":[{"href":"http:\/\/mickyandoniehn.com\/radio\/wp-json\/wp\/v2\/pages\/28444","targetHints":{"allow":["GET"]}}],"collection":[{"href":"http:\/\/mickyandoniehn.com\/radio\/wp-json\/wp\/v2\/pages"}],"about":[{"href":"http:\/\/mickyandoniehn.com\/radio\/wp-json\/wp\/v2\/types\/page"}],"author":[{"embeddable":true,"href":"http:\/\/mickyandoniehn.com\/radio\/wp-json\/wp\/v2\/users\/1"}],"replies":[{"embeddable":true,"href":"http:\/\/mickyandoniehn.com\/radio\/wp-json\/wp\/v2\/comments?post=28444"}],"version-history":[{"count":4,"href":"http:\/\/mickyandoniehn.com\/radio\/wp-json\/wp\/v2\/pages\/28444\/revisions"}],"predecessor-version":[{"id":75215,"href":"http:\/\/mickyandoniehn.com\/radio\/wp-json\/wp\/v2\/pages\/28444\/revisions\/75215"}],"wp:attachment":[{"href":"http:\/\/mickyandoniehn.com\/radio\/wp-json\/wp\/v2\/media?parent=28444"}],"curies":[{"name":"wp","href":"https:\/\/api.w.org\/{rel}","templated":true}]}}