{"id":28436,"date":"2022-08-26T09:41:47","date_gmt":"2022-08-26T15:41:47","guid":{"rendered":"https:\/\/mickyandoniehn.com\/radio\/?page_id=28436"},"modified":"2022-09-01T09:54:15","modified_gmt":"2022-09-01T15:54:15","slug":"eric-burdon","status":"publish","type":"page","link":"http:\/\/mickyandoniehn.com\/radio\/eric-burdon\/","title":{"rendered":"Eric Burdon"},"content":{"rendered":"<p style=\"text-align: justify;\"><img loading=\"lazy\" decoding=\"async\" class=\" wp-image-25470 aligncenter\" src=\"http:\/\/mickyandoniehn.com\/radio\/wp-content\/uploads\/2022\/08\/Eric-Burdon-300x300.png\" alt=\"\" width=\"597\" height=\"597\" srcset=\"http:\/\/mickyandoniehn.com\/radio\/wp-content\/uploads\/2022\/08\/Eric-Burdon-300x300.png 300w, http:\/\/mickyandoniehn.com\/radio\/wp-content\/uploads\/2022\/08\/Eric-Burdon-150x150.png 150w, http:\/\/mickyandoniehn.com\/radio\/wp-content\/uploads\/2022\/08\/Eric-Burdon.png 481w\" sizes=\"auto, (max-width: 597px) 100vw, 597px\" \/><\/p>\n<p>&nbsp;<\/p>\n<div class=\"cxmmr5t8 oygrvhab hcukyx3x c1et5uql o9v6fnle ii04i59q\" style=\"text-align: justify;\">\n<div dir=\"auto\"><strong>Fecha de Nacimiento:<\/strong>\u00a011 de mayo de 1941<\/div>\n<p>&nbsp;<\/p>\n<div dir=\"auto\"><\/div>\n<\/div>\n<div class=\"cxmmr5t8 oygrvhab hcukyx3x c1et5uql o9v6fnle ii04i59q\" style=\"text-align: justify;\">\n<div dir=\"auto\"><strong>Biograf\u00eda<\/strong><\/div>\n<p>&nbsp;<\/p>\n<div dir=\"auto\"><\/div>\n<div dir=\"auto\">Es un cantante y compositor brit\u00e1nico de blues, rhythm and blues y rock. Se hizo famoso como l\u00edder de The Animals y del grupo de funk rock War, antes de iniciar su carrera como solista. Ha sido incluido por Rolling Stone en el puesto 57\u00ba de su lista de los 100 mejores cantantes de todos los tiempos.<\/div>\n<p>&nbsp;<\/p>\n<div dir=\"auto\"><\/div>\n<\/div>\n<div class=\"cxmmr5t8 oygrvhab hcukyx3x c1et5uql o9v6fnle ii04i59q\" style=\"text-align: justify;\">\n<div dir=\"auto\">Fue miembro fundador y vocalista de The Animals, banda originalmente formada en Newcastle en los primeros a\u00f1os sesenta. Burdon cant\u00f3 muchos cl\u00e1sicos de los Animals.<\/div>\n<p>&nbsp;<\/p>\n<div dir=\"auto\"><\/div>\n<\/div>\n<div class=\"cxmmr5t8 oygrvhab hcukyx3x c1et5uql o9v6fnle ii04i59q\" style=\"text-align: justify;\">\n<div dir=\"auto\">Este grupo tuvo \u00e9xitos con canciones como &#8220;When I Was Young&#8221;, &#8220;Sky Pilot&#8221; y &#8220;Monterey&#8221;. Esta uni\u00f3n dur\u00f3 hasta 1969, tuvo grandes cambios en la formaci\u00f3n y cambi\u00f3 su nombre Eric Burdon and the Animals por el de Eric Burdon and the New Animals. Cuando los New Animals se fueron, Burdon uni\u00f3 fuerzas con el grupo funky de Los \u00c1ngeles War. El \u00e1lbum Eric Burdon Declares War cre\u00f3 cl\u00e1sicos como &#8220;Spill The Wine&#8221; y &#8220;Tobacco Road&#8221;. En 1971 Burdon empez\u00f3 su carrera en solitario.<\/div>\n<p>&nbsp;<\/p>\n<div dir=\"auto\"><\/div>\n<\/div>\n<div class=\"cxmmr5t8 oygrvhab hcukyx3x c1et5uql o9v6fnle ii04i59q\" style=\"text-align: justify;\">\n<div dir=\"auto\">Burdon se volvi\u00f3 a unir con los otros Animals originales en 1976 y 1983, pero esta uni\u00f3n acab\u00f3 pronto. Aun as\u00ed, en la reuni\u00f3n de 1983 se public\u00f3 el sencillo The Night, que hab\u00eda sido ignorado en las listas de ventas. Burdon dirigi\u00f3 a unos cuantos grupos llamados Eric Burdon Band o alguna variaci\u00f3n parecida, con constantes cambios en la formaci\u00f3n.<\/div>\n<p>&nbsp;<\/p>\n<div dir=\"auto\"><\/div>\n<div dir=\"auto\">Su popularidad se hizo m\u00e1s fuerte en la Europa continental que en el Reino Unido o en los Estados Unidos. Hoy en d\u00eda contin\u00faa grabando y dando conciertos, en solitario o al frente de otra versi\u00f3n de Eric Burdon and the Animals. En 1990, un nuevo Eric Burdon and the Animals grab\u00f3 una versi\u00f3n del sencillo Sixteen Tons, de Merle Travis, para la pel\u00edcula Joe contra el volc\u00e1n, en cuyos cr\u00e9ditos iniciales apareci\u00f3.<\/div>\n<p>&nbsp;<\/p>\n<div dir=\"auto\"><\/div>\n<\/div>\n<div class=\"cxmmr5t8 oygrvhab hcukyx3x c1et5uql o9v6fnle ii04i59q\" style=\"text-align: justify;\">\n<div dir=\"auto\"><strong>Wikipedia in English<\/strong><\/div>\n<p>&nbsp;<\/p>\n<div dir=\"auto\"><\/div>\n<\/div>\n<div class=\"cxmmr5t8 oygrvhab hcukyx3x c1et5uql o9v6fnle ii04i59q\" style=\"text-align: justify;\">\n<div dir=\"auto\"><strong>Biography<\/strong><\/div>\n<p>&nbsp;<\/p>\n<div dir=\"auto\"><\/div>\n<div dir=\"auto\"><strong>Date of Born:<\/strong> May 11, 1941<\/div>\n<p>&nbsp;<\/p>\n<div dir=\"auto\"><\/div>\n<\/div>\n<div class=\"cxmmr5t8 oygrvhab hcukyx3x c1et5uql o9v6fnle ii04i59q\" style=\"text-align: justify;\">\n<div dir=\"auto\">is a British blues, rhythm and blues and rock singer and songwriter. He became famous as the frontman for The Animals and the funk rock group War, before starting his solo career. He has been included by Rolling Stone in the 57th position on their list of the 100 greatest singers of all time.<\/div>\n<p>&nbsp;<\/p>\n<div dir=\"auto\"><\/div>\n<\/div>\n<div class=\"cxmmr5t8 oygrvhab hcukyx3x c1et5uql o9v6fnle ii04i59q\" style=\"text-align: justify;\">\n<div dir=\"auto\">He was a founding member and vocalist of The Animals, a band originally formed in Newcastle in the early 1960s. Burdon sang many Animal classics.<\/div>\n<p>&nbsp;<\/p>\n<div dir=\"auto\"><\/div>\n<\/div>\n<div class=\"cxmmr5t8 oygrvhab hcukyx3x c1et5uql o9v6fnle ii04i59q\" style=\"text-align: justify;\">\n<div dir=\"auto\">This group had successes with songs like &#8220;When I Was Young&#8221;, &#8220;Sky Pilot&#8221; and &#8220;Monterey&#8221;. This union lasted until 1969, had great changes in the formation and changed its name from Eric Burdon and the Animals to Eric Burdon and the New Animals. When the New Animals left, Burdon joined forces with the funky group Los Angeles War. The Eric Burdon Declares War album created classics like &#8220;Spill The Wine&#8221; and &#8220;Tobacco Road.&#8221; In 1971 Burdon began his solo career.<\/div>\n<p>&nbsp;<\/p>\n<div dir=\"auto\"><\/div>\n<\/div>\n<div class=\"cxmmr5t8 oygrvhab hcukyx3x c1et5uql o9v6fnle ii04i59q\" style=\"text-align: justify;\">\n<div dir=\"auto\">Burdon rejoined with the other original Animals in 1976 and 1983, but this union soon ended. Even so, the 1983 reunion released the single The Night, which had been ignored on the charts. Burdon led a few groups called the Eric Burdon Band or some similar variation, with constant line-up changes. Its popularity grew stronger in continental Europe than in the United Kingdom or the United States. Today he continues recording and giving concerts, alone or in front of another version of Eric Burdon and the Animals. In 1990, a new Eric Burdon and the Animals recorded a cover of Merle Travis&#8217; single Sixteen Tons for the movie Joe Against the Volcano, in whose opening credits it appeared.<\/div>\n<p>&nbsp;<\/p>\n<div dir=\"auto\"><\/div>\n<\/div>\n<div class=\"cxmmr5t8 oygrvhab hcukyx3x c1et5uql o9v6fnle ii04i59q\" style=\"text-align: justify;\">\n<div dir=\"auto\"><strong>Discography<\/strong><\/div>\n<p>&nbsp;<\/p>\n<\/div>\n<div dir=\"auto\"><\/div>\n<div dir=\"auto\">\n<table width=\"762\">\n<tbody>\n<tr>\n<td style=\"text-align: center;\" width=\"110\"><strong>Genero blues, rhythm and blues y rock<\/strong><\/td>\n<td style=\"text-align: center;\" width=\"524\"><strong>Escuchar Musica\u00a0<\/strong><\/td>\n<td style=\"text-align: center;\" width=\"128\"><strong>A\u00f1o de Publicaci\u00f3n<\/strong><\/td>\n<\/tr>\n<tr>\n<td><\/td>\n<td><\/td>\n<td><\/td>\n<\/tr>\n<tr>\n<td>1<\/td>\n<td>The Animals<\/td>\n<td>1964<\/td>\n<\/tr>\n<tr>\n<td>2<\/td>\n<td>The Animals On Tour<\/td>\n<td>1965<\/td>\n<\/tr>\n<tr>\n<td>3<\/td>\n<td>Animal Tracks<\/td>\n<td>1965<\/td>\n<\/tr>\n<tr>\n<td>4<\/td>\n<td>Animalisms<\/td>\n<td>1966<\/td>\n<\/tr>\n<tr>\n<td>5<\/td>\n<td>Animalization<\/td>\n<td>1966<\/td>\n<\/tr>\n<tr>\n<td>6<\/td>\n<td>Animalism<\/td>\n<td>1966<\/td>\n<\/tr>\n<tr>\n<td>7<\/td>\n<td>Eric Is Here<\/td>\n<td>1967<\/td>\n<\/tr>\n<tr>\n<td>8<\/td>\n<td>Winds of Change<\/td>\n<td>1967<\/td>\n<\/tr>\n<tr>\n<td>9<\/td>\n<td>The Twain Shall Meet<\/td>\n<td>1968<\/td>\n<\/tr>\n<tr>\n<td>10<\/td>\n<td>Every One of Us<\/td>\n<td>1968<\/td>\n<\/tr>\n<tr>\n<td>11<\/td>\n<td>Love Is<\/td>\n<td>1968<\/td>\n<\/tr>\n<tr>\n<td>12<\/td>\n<td>Eric Burdon Declares &#8220;War&#8221;<\/td>\n<td>1970<\/td>\n<\/tr>\n<tr>\n<td>13<\/td>\n<td>The Black Man&#8217;s Burdon<\/td>\n<td>1970<\/td>\n<\/tr>\n<tr>\n<td>14<\/td>\n<td>Guilty!<\/td>\n<td>1971<\/td>\n<\/tr>\n<tr>\n<td>15<\/td>\n<td>Sun Secrets<\/td>\n<td>1974<\/td>\n<\/tr>\n<tr>\n<td>16<\/td>\n<td>Stop \u2013<\/td>\n<td>1975<\/td>\n<\/tr>\n<tr>\n<td>17<\/td>\n<td>Love Is All Around<\/td>\n<td>1976<\/td>\n<\/tr>\n<tr>\n<td>18<\/td>\n<td>Before We Were So Rudely Interrupted<\/td>\n<td>1977<\/td>\n<\/tr>\n<tr>\n<td>19<\/td>\n<td>Survivor<\/td>\n<td>1977<\/td>\n<\/tr>\n<tr>\n<td>20<\/td>\n<td>Darkness Darkness<\/td>\n<td>1980<\/td>\n<\/tr>\n<tr>\n<td>21<\/td>\n<td>The Last Drive<\/td>\n<td>1980<\/td>\n<\/tr>\n<tr>\n<td>22<\/td>\n<td>Comeback<\/td>\n<td>1982<\/td>\n<\/tr>\n<tr>\n<td>23<\/td>\n<td>Ark<\/td>\n<td>1983<\/td>\n<\/tr>\n<tr>\n<td>24<\/td>\n<td>Power Company<\/td>\n<td>1983<\/td>\n<\/tr>\n<tr>\n<td>25<\/td>\n<td>I Used To Be An Animal<\/td>\n<td>1988<\/td>\n<\/tr>\n<tr>\n<td>26<\/td>\n<td>Lost Within The Halls of Fame<\/td>\n<td>1995<\/td>\n<\/tr>\n<tr>\n<td>27<\/td>\n<td>My Secret Life<\/td>\n<td>2004<\/td>\n<\/tr>\n<tr>\n<td>28<\/td>\n<td>Soul of a Man<\/td>\n<td>2006<\/td>\n<\/tr>\n<tr>\n<td>29<\/td>\n<td>Til your River Runs Dry<\/td>\n<td>2013<\/td>\n<\/tr>\n<tr>\n<td><\/td>\n<td><\/td>\n<td><\/td>\n<\/tr>\n<\/tbody>\n<\/table>\n<p>&nbsp;<\/p>\n<\/div>\n<div dir=\"auto\"><\/div>\n<div class=\"cxmmr5t8 oygrvhab hcukyx3x c1et5uql o9v6fnle ii04i59q\" style=\"text-align: justify;\">\n<div dir=\"auto\">Cr\u00e9ditos: Tomados de Wikipedia<\/div>\n<div dir=\"auto\"><a class=\"oajrlxb2 g5ia77u1 qu0x051f esr5mh6w e9989ue4 r7d6kgcz rq0escxv nhd2j8a9 nc684nl6 p7hjln8o kvgmc6g5 cxmmr5t8 oygrvhab hcukyx3x jb3vyjys rz4wbd8a qt6c0cv9 a8nywdso i1ao9s8h esuyzwwr f1sip0of lzcic4wl gpro0wi8 py34i1dx\" tabindex=\"0\" role=\"link\" href=\"https:\/\/es.wikipedia.org\/wiki\/Eric_Burdon?fbclid=IwAR0I3WDb4TVsQ0g27Q2jLiwwMZlGibJu4FyBhpu18cVT_0rpBpuUQlJ1T9Q\" target=\"_blank\" rel=\"nofollow noopener\">https:\/\/es.wikipedia.org\/wiki\/Eric_Burdon<\/a><\/div>\n<div dir=\"auto\"><\/div>\n<p>&nbsp;<\/p>\n<\/div>\n<div class=\"epyt-video-wrapper\"><iframe loading=\"lazy\"  id=\"_ytid_22409\"  width=\"618\" height=\"347\"  data-origwidth=\"618\" data-origheight=\"347\" src=\"https:\/\/www.youtube.com\/embed\/Zi_LYiUAxKw?enablejsapi=1&#038;autoplay=0&#038;cc_load_policy=0&#038;cc_lang_pref=&#038;iv_load_policy=1&#038;loop=0&#038;modestbranding=0&#038;rel=1&#038;fs=1&#038;playsinline=0&#038;autohide=2&#038;theme=dark&#038;color=red&#038;controls=1&#038;\" class=\"__youtube_prefs__  epyt-is-override  no-lazyload\" title=\"YouTube player\"  allow=\"fullscreen; accelerometer; autoplay; clipboard-write; encrypted-media; gyroscope; picture-in-picture\" allowfullscreen data-no-lazy=\"1\" data-skipgform_ajax_framebjll=\"\"><\/iframe><\/div>\n","protected":false},"excerpt":{"rendered":"<p>&nbsp; Fecha de Nacimiento:\u00a011 de mayo de 1941 &nbsp; Biograf\u00eda &nbsp; Es un cantante y compositor brit\u00e1nico de blues, rhythm and blues y rock. Se hizo famoso como l\u00edder de The Animals y del grupo de funk rock War, antes de iniciar su carrera como solista. Ha sido incluido por Rolling Stone en el puesto &hellip;<\/p>\n","protected":false},"author":1,"featured_media":0,"parent":0,"menu_order":0,"comment_status":"closed","ping_status":"closed","template":"","meta":{"footnotes":""},"class_list":["post-28436","page","type-page","status-publish",""],"jetpack_sharing_enabled":true,"_links":{"self":[{"href":"http:\/\/mickyandoniehn.com\/radio\/wp-json\/wp\/v2\/pages\/28436","targetHints":{"allow":["GET"]}}],"collection":[{"href":"http:\/\/mickyandoniehn.com\/radio\/wp-json\/wp\/v2\/pages"}],"about":[{"href":"http:\/\/mickyandoniehn.com\/radio\/wp-json\/wp\/v2\/types\/page"}],"author":[{"embeddable":true,"href":"http:\/\/mickyandoniehn.com\/radio\/wp-json\/wp\/v2\/users\/1"}],"replies":[{"embeddable":true,"href":"http:\/\/mickyandoniehn.com\/radio\/wp-json\/wp\/v2\/comments?post=28436"}],"version-history":[{"count":2,"href":"http:\/\/mickyandoniehn.com\/radio\/wp-json\/wp\/v2\/pages\/28436\/revisions"}],"predecessor-version":[{"id":30222,"href":"http:\/\/mickyandoniehn.com\/radio\/wp-json\/wp\/v2\/pages\/28436\/revisions\/30222"}],"wp:attachment":[{"href":"http:\/\/mickyandoniehn.com\/radio\/wp-json\/wp\/v2\/media?parent=28436"}],"curies":[{"name":"wp","href":"https:\/\/api.w.org\/{rel}","templated":true}]}}