{"id":28408,"date":"2022-08-26T09:29:43","date_gmt":"2022-08-26T15:29:43","guid":{"rendered":"https:\/\/mickyandoniehn.com\/radio\/?page_id=28408"},"modified":"2024-07-23T08:31:57","modified_gmt":"2024-07-23T14:31:57","slug":"agustin-barboza","status":"publish","type":"page","link":"http:\/\/mickyandoniehn.com\/radio\/agustin-barboza\/","title":{"rendered":"Agust\u00edn Barboza"},"content":{"rendered":"<p style=\"text-align: justify;\"><img loading=\"lazy\" decoding=\"async\" class=\" wp-image-71546 aligncenter\" src=\"http:\/\/mickyandoniehn.com\/radio\/wp-content\/uploads\/2023\/05\/Agustin-Barboza-300x203.jpeg\" alt=\"\" width=\"536\" height=\"363\" srcset=\"http:\/\/mickyandoniehn.com\/radio\/wp-content\/uploads\/2023\/05\/Agustin-Barboza-300x203.jpeg 300w, http:\/\/mickyandoniehn.com\/radio\/wp-content\/uploads\/2023\/05\/Agustin-Barboza-768x520.jpeg 768w, http:\/\/mickyandoniehn.com\/radio\/wp-content\/uploads\/2023\/05\/Agustin-Barboza-110x75.jpeg 110w, http:\/\/mickyandoniehn.com\/radio\/wp-content\/uploads\/2023\/05\/Agustin-Barboza.jpeg 1000w\" sizes=\"auto, (max-width: 536px) 100vw, 536px\" \/><\/p>\n<p>&nbsp;<\/p>\n<div class=\"cxmmr5t8 oygrvhab hcukyx3x c1et5uql o9v6fnle\" style=\"text-align: justify;\">\n<div dir=\"auto\"><strong>Fecha de Nacimiento:<\/strong> 5 de mayo de 1913<\/div>\n<p>&nbsp;<\/p>\n<div dir=\"auto\"><\/div>\n<div dir=\"auto\"><strong>Fecha de Fallecimiento:<\/strong> 18 de diciembre de 1998<\/div>\n<p>&nbsp;<\/p>\n<div dir=\"auto\"><\/div>\n<\/div>\n<div class=\"cxmmr5t8 oygrvhab hcukyx3x c1et5uql o9v6fnle\" style=\"text-align: justify;\">\n<div dir=\"auto\"><strong>Biograf\u00eda<\/strong><\/div>\n<p>&nbsp;<\/p>\n<div dir=\"auto\"><\/div>\n<div dir=\"auto\">Fue un m\u00fasico y compositor paraguayo nacido en Asunci\u00f3n el 5 de mayo de 1913 y muerto en la misma ciudad el 18 de diciembre de 1998. Inici\u00f3 su carrera actuando en festivales con el tr\u00edo Melgarejo-Barboza-Feli\u00fa. En 1929 march\u00f3 a Buenos Aires, donde se encontrar\u00eda en 1933 con Jos\u00e9 Asunci\u00f3n Flores, con quien grab\u00f3 \u201c\u00d1asaindype\u201d, la primera guarania grabada en disco. Integr\u00f3 la orquesta Ort\u00edz Guerrero como solista y form\u00f3 un tr\u00edo con F\u00e9lix P\u00e9rez Cardozo y Eulogio Cardozo.<\/div>\n<p>&nbsp;<\/p>\n<div dir=\"auto\"><\/div>\n<div dir=\"auto\">En 1944 march\u00f3 a R\u00edo de Janeiro para estudiar canto en la Escuela de M\u00fasica de la Universidad. En 1954, a instancias de Luis Alberto del Paran\u00e1, form\u00f3 parte del Tr\u00edo Los Paraguayos junto al arpista Digno Garc\u00eda. En 1994 fue condecorado con la Orden Nacional del M\u00e9rito y en 1997 se le otorg\u00f3 el Premio Nacional de M\u00fasica. Realiz\u00f3 giras por todo el mundo difundiendo la m\u00fasica paraguaya.<\/div>\n<p>&nbsp;<\/p>\n<div dir=\"auto\"><\/div>\n<\/div>\n<div class=\"cxmmr5t8 oygrvhab hcukyx3x c1et5uql o9v6fnle\" style=\"text-align: justify;\">\n<div dir=\"auto\">Es autor de unas ochenta piezas, como &#8220;Alma Vibrante&#8221;, &#8220;Flor de Pilar&#8221;, &#8220;Mi Patria So\u00f1ada&#8221;, &#8220;Sobre el coraz\u00f3n de mi guitarra&#8221;, &#8220;Muchachita campesina&#8221; (con letra del poeta Carlos Miguel Jim\u00e9nez), &#8220;Dulce tierra m\u00eda&#8221;, &#8220;Viva la vida, Viva el amor&#8221; (con letra de Augusto Roa Bastos), &#8220;Che r\u00f3ga&#8221;, &#8220;O\u00f1ondivemi&#8221; y &#8220;Reservista Purah\u00e9i&#8221; con F\u00e9lix Fern\u00e1ndez, entre otras. Escribi\u00f3 tambi\u00e9n el libro Ruego y camino y su composici\u00f3n &#8220;Reservista purah\u00e9i&#8221; lleg\u00f3 a ser plagiada por Charles Aznavour en 1962, quien tuvo que llegar a un acuerdo econ\u00f3mico con \u00e9l.<\/div>\n<p>&nbsp;<\/p>\n<div dir=\"auto\"><\/div>\n<\/div>\n<div class=\"cxmmr5t8 oygrvhab hcukyx3x c1et5uql o9v6fnle\" style=\"text-align: justify;\">\n<div dir=\"auto\"><strong>Wikipedia in English<\/strong><\/div>\n<p>&nbsp;<\/p>\n<div dir=\"auto\"><\/div>\n<\/div>\n<div class=\"cxmmr5t8 oygrvhab hcukyx3x c1et5uql o9v6fnle\" style=\"text-align: justify;\">\n<div dir=\"auto\"><strong>Date of Born<\/strong> May 5, 1913<\/div>\n<p>&nbsp;<\/p>\n<div dir=\"auto\"><\/div>\n<div dir=\"auto\"><strong>Date of Death<\/strong> December 18, 1998<\/div>\n<p>&nbsp;<\/p>\n<div dir=\"auto\"><\/div>\n<\/div>\n<div class=\"cxmmr5t8 oygrvhab hcukyx3x c1et5uql o9v6fnle\" style=\"text-align: justify;\">\n<div dir=\"auto\"><strong>Biography<\/strong><\/div>\n<p>&nbsp;<\/p>\n<div dir=\"auto\"><\/div>\n<div dir=\"auto\">He was a Paraguayan musician and composer born in Asunci\u00f3n on May 5, 1913 and died in the same city on December 18, 1998. He began his career performing at festivals with the Melgarejo-Barboza-Feli\u00fa trio. In 1929 he went to Buenos Aires, where in 1933 he would meet Jos\u00e9 Asunci\u00f3n Flores, with whom he recorded \u201c\u00d1asaindype\u201d, the first guarania recorded on disk. He was a member of the Ort\u00edz Guerrero orchestra as a soloist and formed a trio with F\u00e9lix P\u00e9rez Cardozo and Eulogio Cardozo.<\/div>\n<p>&nbsp;<\/p>\n<div dir=\"auto\"><\/div>\n<div dir=\"auto\">In 1944 he went to Rio de Janeiro to study singing at the University&#8217;s School of Music. In 1954, at the request of Luis Alberto del Paran\u00e1, he was part of the Los Paraguayos Trio together with the harpist Digno Garc\u00eda. In 1994 he was awarded the National Order of Merit and in 1997 he was awarded the National Music Prize. He toured the world spreading Paraguayan music.<\/div>\n<p>&nbsp;<\/p>\n<div dir=\"auto\"><\/div>\n<\/div>\n<div class=\"cxmmr5t8 oygrvhab hcukyx3x c1et5uql o9v6fnle\" style=\"text-align: justify;\">\n<div dir=\"auto\">He is the author of some eighty pieces, such as &#8220;Alma Vibrante&#8221;, &#8220;Flor de Pilar&#8221;, &#8220;Mi Patria So\u00f1ada&#8221;, &#8220;On the heart of my guitar&#8221;, &#8220;Muchachita campesina&#8221; (with lyrics by the poet Carlos Miguel Jim\u00e9nez), &#8220;Dulce Tierra m\u00eda &#8220;,&#8221; Viva la vida, Viva el amor &#8220;(with lyrics by Augusto Roa Bastos),&#8221; Che r\u00f3ga &#8220;,&#8221; O\u00f1ondivemi &#8220;and&#8221; Reservista Purah\u00e9i &#8220;with F\u00e9lix Fern\u00e1ndez, among others. He also wrote the book Pray y camino and his composition &#8220;Reservista Purah\u00e9i&#8221; was plagiarized by Charles Aznavour in 1962, who had to reach an economic agreement with him.<\/div>\n<p>&nbsp;<\/p>\n<div dir=\"auto\"><\/div>\n<\/div>\n<div dir=\"auto\" style=\"text-align: justify;\"><strong>Discografia<\/strong><\/div>\n<p>&nbsp;<\/p>\n<div dir=\"auto\"><\/div>\n<div dir=\"auto\">\n<table width=\"673\">\n<tbody>\n<tr>\n<td style=\"text-align: center;\" width=\"184\"><strong>Temas Folclor<\/strong><\/td>\n<td style=\"text-align: center;\" width=\"390\"><strong>Escuchar tema<\/strong><\/td>\n<td style=\"text-align: center;\" width=\"99\"><strong>A\u00f1o de Publicaci\u00f3n<\/strong><\/td>\n<\/tr>\n<tr>\n<td style=\"text-align: center;\"><\/td>\n<td style=\"text-align: center;\"><strong>Viva Paraguay<\/strong><\/td>\n<td style=\"text-align: center;\"><\/td>\n<\/tr>\n<tr>\n<td>1<\/td>\n<td>Viva El Paraguay<\/td>\n<td><\/td>\n<\/tr>\n<tr>\n<td>2<\/td>\n<td>Sobre El Coraz\u00f3n De Mi Guitarra<\/td>\n<td><\/td>\n<\/tr>\n<tr>\n<td>3<\/td>\n<td>Ko&#8217;eramo, Ko&#8217;eramo<\/td>\n<td><\/td>\n<\/tr>\n<tr>\n<td>4<\/td>\n<td>Sobras De Ausencia<\/td>\n<td><\/td>\n<\/tr>\n<tr>\n<td>5<\/td>\n<td>Oimeba Cheroga<\/td>\n<td><\/td>\n<\/tr>\n<tr>\n<td>6<\/td>\n<td>Mucacha Dorada<\/td>\n<td><\/td>\n<\/tr>\n<tr>\n<td>7<\/td>\n<td>Reservista Purajhei<\/td>\n<td><\/td>\n<\/tr>\n<tr>\n<td>8<\/td>\n<td>Chipera Luque<\/td>\n<td><\/td>\n<\/tr>\n<tr>\n<td>9<\/td>\n<td>Mandu&#8217;a Pojhei<\/td>\n<td><\/td>\n<\/tr>\n<tr>\n<td>10<\/td>\n<td>O\u00f1ondive Mi<\/td>\n<td><\/td>\n<\/tr>\n<tr>\n<td>11<\/td>\n<td>Solamente Mia<\/td>\n<td><\/td>\n<\/tr>\n<tr>\n<td>12<\/td>\n<td>Viva La Vida, Viva El Amor<\/td>\n<td><\/td>\n<\/tr>\n<tr>\n<td><\/td>\n<td><\/td>\n<td><\/td>\n<\/tr>\n<tr>\n<td style=\"text-align: center;\"><\/td>\n<td style=\"text-align: center;\"><strong>Ecos de la Selva<\/strong><\/td>\n<td style=\"text-align: center;\"><\/td>\n<\/tr>\n<tr>\n<td>1<\/td>\n<td>Acosta N\u00fa<\/td>\n<td><\/td>\n<\/tr>\n<tr>\n<td>2<\/td>\n<td>Meu Barquinho<\/td>\n<td><\/td>\n<\/tr>\n<tr>\n<td>3<\/td>\n<td>Mi Viejo Amor<\/td>\n<td><\/td>\n<\/tr>\n<tr>\n<td>4<\/td>\n<td>Mia, Guarania<\/td>\n<td><\/td>\n<\/tr>\n<tr>\n<td>5<\/td>\n<td>Ag\u00e1chate El Sombrerito<\/td>\n<td><\/td>\n<\/tr>\n<tr>\n<td>6<\/td>\n<td>Sambado Na Lua<\/td>\n<td><\/td>\n<\/tr>\n<tr>\n<td>7<\/td>\n<td>Muchachita Campesina<\/td>\n<td><\/td>\n<\/tr>\n<tr>\n<td>8<\/td>\n<td>Cerro Kora<\/td>\n<td><\/td>\n<\/tr>\n<tr>\n<td><\/td>\n<td><\/td>\n<td><\/td>\n<\/tr>\n<tr>\n<td style=\"text-align: center;\"><\/td>\n<td style=\"text-align: center;\"><strong>Ecos Sudamericanos<\/strong><\/td>\n<td style=\"text-align: center;\"><strong>1960<\/strong><\/td>\n<\/tr>\n<tr>\n<td>1<\/td>\n<td>Meu Barquinho, Folklore Brasileno (Valentim)<\/td>\n<td><\/td>\n<\/tr>\n<tr>\n<td>2<\/td>\n<td>Agachate El Sombrerito, Bambuco Colombiano (Aryes)<\/td>\n<td><\/td>\n<\/tr>\n<tr>\n<td>3<\/td>\n<td>Yo Vendo Unos Ojos Negros, Cueca Chilena (Roman)<\/td>\n<td><\/td>\n<\/tr>\n<tr>\n<td>4<\/td>\n<td>Mia, Guarania Paraguaya (Barboza-Papotin)<\/td>\n<td><\/td>\n<\/tr>\n<tr>\n<td style=\"text-align: center;\"><\/td>\n<td style=\"text-align: center;\"><\/td>\n<td style=\"text-align: center;\"><\/td>\n<\/tr>\n<tr>\n<td style=\"text-align: center;\"><\/td>\n<td style=\"text-align: center;\"><strong>Sud Constellation<\/strong><\/td>\n<td><\/td>\n<\/tr>\n<tr>\n<td>1<\/td>\n<td>Acuarela Do Brasil<\/td>\n<td><\/td>\n<\/tr>\n<tr>\n<td>2<\/td>\n<td>Colorado<\/td>\n<td><\/td>\n<\/tr>\n<tr>\n<td>3<\/td>\n<td>Mi Estrellita Blanca<\/td>\n<td><\/td>\n<\/tr>\n<tr>\n<td>4<\/td>\n<td>Yo Vento Unos Ojos Negros<\/td>\n<td><\/td>\n<\/tr>\n<tr>\n<td>5<\/td>\n<td>Lamento Borincana<\/td>\n<td><\/td>\n<\/tr>\n<tr>\n<td>6<\/td>\n<td>Aurora De Felicidad<\/td>\n<td><\/td>\n<\/tr>\n<tr>\n<td>7<\/td>\n<td>Ir\u00e8ne<\/td>\n<td><\/td>\n<\/tr>\n<tr>\n<td>8<\/td>\n<td>Boquita De Miel<\/td>\n<td><\/td>\n<\/tr>\n<tr>\n<td><\/td>\n<td><\/td>\n<td><\/td>\n<\/tr>\n<tr>\n<td style=\"text-align: center;\"><\/td>\n<td style=\"text-align: center;\"><strong>Echos de la Pampa<\/strong><\/td>\n<td><\/td>\n<\/tr>\n<tr>\n<td>1<\/td>\n<td>Acosta Nu<\/td>\n<td><\/td>\n<\/tr>\n<tr>\n<td>2<\/td>\n<td>Meu Barquinho<\/td>\n<td><\/td>\n<\/tr>\n<tr>\n<td>3<\/td>\n<td>Mi Viejo Amor<\/td>\n<td><\/td>\n<\/tr>\n<tr>\n<td>4<\/td>\n<td>Mia<\/td>\n<td><\/td>\n<\/tr>\n<tr>\n<td>5<\/td>\n<td>Agachate El Sombrerito<\/td>\n<td><\/td>\n<\/tr>\n<tr>\n<td>6<\/td>\n<td>Sambando Na Lua<\/td>\n<td><\/td>\n<\/tr>\n<tr>\n<td>7<\/td>\n<td>Muchachita Campesina<\/td>\n<td><\/td>\n<\/tr>\n<tr>\n<td>8<\/td>\n<td>Cerro Kora<\/td>\n<td><\/td>\n<\/tr>\n<tr>\n<td><\/td>\n<td><\/td>\n<td><\/td>\n<\/tr>\n<\/tbody>\n<\/table>\n<\/div>\n<div dir=\"auto\"><\/div>\n<div dir=\"auto\"><\/div>\n<p style=\"text-align: justify;\">Creditos<\/p>\n<p style=\"text-align: justify;\"><a href=\"http:\/\/www.mcnbiografias.com\/app-bio\/do\/show?key=barboza-agustin\">http:\/\/www.mcnbiografias.com\/app-bio\/do\/show?key=barboza-agustin<\/a><\/p>\n<div class=\"epyt-video-wrapper\"><iframe loading=\"lazy\"  id=\"_ytid_29327\"  width=\"618\" height=\"347\"  data-origwidth=\"618\" data-origheight=\"347\" src=\"https:\/\/www.youtube.com\/embed\/dbArMlUkzRE?enablejsapi=1&#038;autoplay=0&#038;cc_load_policy=0&#038;cc_lang_pref=&#038;iv_load_policy=1&#038;loop=0&#038;modestbranding=0&#038;rel=1&#038;fs=1&#038;playsinline=0&#038;autohide=2&#038;theme=dark&#038;color=red&#038;controls=1&#038;\" class=\"__youtube_prefs__  epyt-is-override  no-lazyload\" title=\"YouTube player\"  allow=\"fullscreen; accelerometer; autoplay; clipboard-write; encrypted-media; gyroscope; picture-in-picture\" allowfullscreen data-no-lazy=\"1\" data-skipgform_ajax_framebjll=\"\"><\/iframe><\/div>\n","protected":false},"excerpt":{"rendered":"<p>&nbsp; Fecha de Nacimiento: 5 de mayo de 1913 &nbsp; Fecha de Fallecimiento: 18 de diciembre de 1998 &nbsp; Biograf\u00eda &nbsp; Fue un m\u00fasico y compositor paraguayo nacido en Asunci\u00f3n el 5 de mayo de 1913 y muerto en la misma ciudad el 18 de diciembre de 1998. Inici\u00f3 su carrera actuando en festivales con &hellip;<\/p>\n","protected":false},"author":1,"featured_media":0,"parent":0,"menu_order":0,"comment_status":"closed","ping_status":"closed","template":"","meta":{"footnotes":""},"class_list":["post-28408","page","type-page","status-publish",""],"jetpack_sharing_enabled":true,"_links":{"self":[{"href":"http:\/\/mickyandoniehn.com\/radio\/wp-json\/wp\/v2\/pages\/28408","targetHints":{"allow":["GET"]}}],"collection":[{"href":"http:\/\/mickyandoniehn.com\/radio\/wp-json\/wp\/v2\/pages"}],"about":[{"href":"http:\/\/mickyandoniehn.com\/radio\/wp-json\/wp\/v2\/types\/page"}],"author":[{"embeddable":true,"href":"http:\/\/mickyandoniehn.com\/radio\/wp-json\/wp\/v2\/users\/1"}],"replies":[{"embeddable":true,"href":"http:\/\/mickyandoniehn.com\/radio\/wp-json\/wp\/v2\/comments?post=28408"}],"version-history":[{"count":10,"href":"http:\/\/mickyandoniehn.com\/radio\/wp-json\/wp\/v2\/pages\/28408\/revisions"}],"predecessor-version":[{"id":75212,"href":"http:\/\/mickyandoniehn.com\/radio\/wp-json\/wp\/v2\/pages\/28408\/revisions\/75212"}],"wp:attachment":[{"href":"http:\/\/mickyandoniehn.com\/radio\/wp-json\/wp\/v2\/media?parent=28408"}],"curies":[{"name":"wp","href":"https:\/\/api.w.org\/{rel}","templated":true}]}}