{"id":28402,"date":"2022-08-26T09:26:21","date_gmt":"2022-08-26T15:26:21","guid":{"rendered":"https:\/\/mickyandoniehn.com\/radio\/?page_id=28402"},"modified":"2022-09-01T10:04:10","modified_gmt":"2022-09-01T16:04:10","slug":"frankie-valli","status":"publish","type":"page","link":"http:\/\/mickyandoniehn.com\/radio\/frankie-valli\/","title":{"rendered":"Frankie Valli"},"content":{"rendered":"<p style=\"text-align: justify;\"><img loading=\"lazy\" decoding=\"async\" class=\" wp-image-25435 aligncenter\" src=\"http:\/\/mickyandoniehn.com\/radio\/wp-content\/uploads\/2022\/08\/Frankie-Valli-210x300.png\" alt=\"\" width=\"430\" height=\"614\" srcset=\"http:\/\/mickyandoniehn.com\/radio\/wp-content\/uploads\/2022\/08\/Frankie-Valli-210x300.png 210w, http:\/\/mickyandoniehn.com\/radio\/wp-content\/uploads\/2022\/08\/Frankie-Valli.png 415w\" sizes=\"auto, (max-width: 430px) 100vw, 430px\" \/><\/p>\n<p>&nbsp;<\/p>\n<p>&nbsp;<\/p>\n<p style=\"text-align: justify;\"><strong>Fecha de Nacimiento: <\/strong>3 de mayo de 1934<\/p>\n<p style=\"text-align: justify;\"><strong>Biograf\u00eda<\/strong><\/p>\n<p style=\"text-align: justify;\">Es un cantante y actor estadounidense, vocalista del grupo The Four Seasons, uno de los m\u00e1s destacados grupos musicales de la d\u00e9cada de 1960. Es conocido por su poderosa voz inusual de falsete, que tambi\u00e9n incursion\u00f3 por la m\u00fasica disco de los a\u00f1os 70. Fue operado de una lesi\u00f3n en sus o\u00eddos, lo cual casi le origin\u00f3 sordera, por lo cual muchas de las canciones las cantaba bas\u00e1ndose en el movimiento de labios de sus compa\u00f1eros.<\/p>\n<p style=\"text-align: justify;\">Valli naci\u00f3 como Francesco Stephen Castellucio siendo el mayor de tres hermanos de una familia italiana en First Ward of Newark, New Jersey. Su padre, Anthony Castellucio, fue un peluquero y dise\u00f1ador de pantalla para los modelos de trenes Lionel. Su madre, Mary Rinaldi, era ama de casa y empleada de una compa\u00f1\u00eda cervecera. La inspiraci\u00f3n para ser cantante le lleg\u00f3 a la edad de siete a\u00f1os, despu\u00e9s de que fue con su madre a ver al joven Frank Sinatra, en el Paramount Theater en New York City. Su maestra inicial fue la cantante &#8220;Texas&#8221; Jean Valli, de qui\u00e9n tomar\u00eda su nombre. Hasta que pudo sostenerse con la m\u00fasica, trabaj\u00f3 como peluquero.<\/p>\n<p style=\"text-align: justify;\">El a\u00f1o de nacimiento de Valli siempre ha originado preguntas. Valli nunca respondi\u00f3 esta pregunta hasta el 2007 en Official Frankie Valli Site, expuesta por su sello de grabaci\u00f3n, Universal Records. Mucha de la publicidad oficial previa de su carrera, mencionaba alrededor de 1937 como el a\u00f1o de nacimiento. Otras fuentes, como Bear Family Records liberaba, titulado como &#8220;The Four Lovers&#8221; (BCD 15424) o bien como en 1965 como ficha policial valorizable a trav\u00e9s de la pistola humeante, todos identificaron como su a\u00f1o de nacimiento 1934.<\/p>\n<p style=\"text-align: justify;\"><strong>Biography<\/strong><\/p>\n<p style=\"text-align: justify;\"><strong>Date of Born: <\/strong>May 3, 1934<\/p>\n<p style=\"text-align: justify;\">He is an American singer and actor, the vocalist of the group The Four Seasons, one of the most prominent musical groups of the 1960s. He is known for his unusual powerful falsetto voice, which also dabbled in 1970s disco music. He underwent surgery for an injury to his ears, which almost caused him to become deaf, which is why he sang many of the songs based on the movement of his companions&#8217; lips.<\/p>\n<p style=\"text-align: justify;\">Valli was born Francesco Stephen Castellucio, the eldest of three brothers in an Italian family in the First Ward of Newark, New Jersey. His father, Anthony Castellucio, was a hairdresser and display designer for Lionel model trains. His mother, Mary Rinaldi, was a homemaker and employee of a brewing company. The inspiration to be a singer came to him at the age of seven, after he went with his mother to see the young Frank Sinatra, at the Paramount Theater in New York City. His initial teacher was the singer &#8220;Texas&#8221; Jean Valli, from whom he would take his name. Until he was able to sustain himself with music, he worked as a hairdresser.<\/p>\n<p style=\"text-align: justify;\">Valli&#8217;s birth year has always raised questions. Valli never answered this question until the 2007 Official Frankie Valli Site, featured on his record label, Universal Records. Much of the previous official publicity of his career, mentioned around 1937 as the year of birth. Other sources, such as Bear Family Records released, titled as &#8220;The Four Lovers&#8221; (BCD 15424) or as in 1965 as a police file recoverable through the smoking gun, all identified as his year of birth 1934.<\/p>\n<p style=\"text-align: justify;\"><strong>Discograf\u00eda<\/strong><\/p>\n<table width=\"762\">\n<tbody>\n<tr>\n<td style=\"text-align: center;\" width=\"110\"><strong>Genero Pop, R&amp;B, Soul<\/strong><\/td>\n<td style=\"text-align: center;\" width=\"524\"><strong>Escuchar Musica\u00a0<\/strong><\/td>\n<td style=\"text-align: center;\" width=\"128\"><strong>A\u00f1o de Publicaci\u00f3n<\/strong><\/td>\n<\/tr>\n<tr>\n<td>1<\/td>\n<td>The Four Seasons Present frankie valli solo<\/td>\n<td>1967<\/td>\n<\/tr>\n<tr>\n<td>2<\/td>\n<td>Timeless &#8211;<\/td>\n<td>1968<\/td>\n<\/tr>\n<tr>\n<td>3<\/td>\n<td>Half &amp; Half<\/td>\n<td>1970<\/td>\n<\/tr>\n<tr>\n<td>4<\/td>\n<td>Chameleon<\/td>\n<td>1972<\/td>\n<\/tr>\n<tr>\n<td>5<\/td>\n<td>Closeup<\/td>\n<td>1975<\/td>\n<\/tr>\n<tr>\n<td>6<\/td>\n<td>Inside You<\/td>\n<td>1975<\/td>\n<\/tr>\n<tr>\n<td>7<\/td>\n<td>Our Day Will Come<\/td>\n<td>1975<\/td>\n<\/tr>\n<tr>\n<td>8<\/td>\n<td>Valli Gold<\/td>\n<td>1975<\/td>\n<\/tr>\n<tr>\n<td>9<\/td>\n<td>Valli<\/td>\n<td>1976<\/td>\n<\/tr>\n<tr>\n<td>10<\/td>\n<td>Lady Put the Light Out<\/td>\n<td>1977<\/td>\n<\/tr>\n<tr>\n<td>11<\/td>\n<td>Frankie Valli Hits<\/td>\n<td>1978<\/td>\n<\/tr>\n<tr>\n<td>12<\/td>\n<td>Frankie Valli&#8230; is the word<\/td>\n<td>1978<\/td>\n<\/tr>\n<tr>\n<td>13<\/td>\n<td>Very Best Of Frankie Valli<\/td>\n<td>1979<\/td>\n<\/tr>\n<tr>\n<td>14<\/td>\n<td>Superstar Series Volume 4<\/td>\n<td>1980<\/td>\n<\/tr>\n<tr>\n<td>15<\/td>\n<td>Heaven Above Me<\/td>\n<td>1980<\/td>\n<\/tr>\n<tr>\n<td>16<\/td>\n<td>Frankie Valli and The Four Seasons 25th Anniversary Collection \u2013<\/td>\n<td>1988<\/td>\n<\/tr>\n<tr>\n<td>17<\/td>\n<td>Frankie Valli &amp; The Four Seasons volume 2 rarities \u2013<\/td>\n<td>1990<\/td>\n<\/tr>\n<tr>\n<td>18<\/td>\n<td>Frankie Valli Solo Timeless&#8217; 2LP on 1 CD + Bonus Tracks&#8217; &#8211;<\/td>\n<td>1994<\/td>\n<\/tr>\n<tr>\n<td>19<\/td>\n<td>The Four Seasons Frankie Valli &#8216;Half &amp; Half Plus 6 Bonus Tracks<\/td>\n<td>1996<\/td>\n<\/tr>\n<tr>\n<td>20<\/td>\n<td>Frankie Valli &#8216;Greatest Hits<\/td>\n<td>1996<\/td>\n<\/tr>\n<tr>\n<td>21<\/td>\n<td>In Season the The Frankie Valli &amp; The Four Seasons Anthology<\/td>\n<td>2001<\/td>\n<\/tr>\n<tr>\n<td>22<\/td>\n<td>Jersey Beat&#8230; The Music Of Frankie Valli &amp; &#8216;The Four Seasons<\/td>\n<td>2007<\/td>\n<\/tr>\n<tr>\n<td>23<\/td>\n<td>Romancing The &#8217;60s<\/td>\n<td>2007<\/td>\n<\/tr>\n<tr>\n<td>24<\/td>\n<td>The Four Seasons Present frankie valli solo<\/td>\n<td>2008<\/td>\n<\/tr>\n<tr>\n<td>25<\/td>\n<td>Closeup &#8211; Valli<\/td>\n<td>2008<\/td>\n<\/tr>\n<tr>\n<td>26<\/td>\n<td>Our Day Will Come<\/td>\n<td>2008<\/td>\n<\/tr>\n<tr>\n<td>27<\/td>\n<td>Frankie Valli Is the Word<\/td>\n<td>2008<\/td>\n<\/tr>\n<tr>\n<td>28<\/td>\n<td>Frankie Valli and The Four Seasons: The Motown Years<\/td>\n<td>2008<\/td>\n<\/tr>\n<tr>\n<td><\/td>\n<td><\/td>\n<td><\/td>\n<\/tr>\n<\/tbody>\n<\/table>\n","protected":false},"excerpt":{"rendered":"<p>&nbsp; &nbsp; Fecha de Nacimiento: 3 de mayo de 1934 Biograf\u00eda Es un cantante y actor estadounidense, vocalista del grupo The Four Seasons, uno de los m\u00e1s destacados grupos musicales de la d\u00e9cada de 1960. Es conocido por su poderosa voz inusual de falsete, que tambi\u00e9n incursion\u00f3 por la m\u00fasica disco de los a\u00f1os 70. &hellip;<\/p>\n","protected":false},"author":1,"featured_media":0,"parent":0,"menu_order":0,"comment_status":"closed","ping_status":"closed","template":"","meta":{"footnotes":""},"class_list":["post-28402","page","type-page","status-publish",""],"jetpack_sharing_enabled":true,"_links":{"self":[{"href":"http:\/\/mickyandoniehn.com\/radio\/wp-json\/wp\/v2\/pages\/28402","targetHints":{"allow":["GET"]}}],"collection":[{"href":"http:\/\/mickyandoniehn.com\/radio\/wp-json\/wp\/v2\/pages"}],"about":[{"href":"http:\/\/mickyandoniehn.com\/radio\/wp-json\/wp\/v2\/types\/page"}],"author":[{"embeddable":true,"href":"http:\/\/mickyandoniehn.com\/radio\/wp-json\/wp\/v2\/users\/1"}],"replies":[{"embeddable":true,"href":"http:\/\/mickyandoniehn.com\/radio\/wp-json\/wp\/v2\/comments?post=28402"}],"version-history":[{"count":1,"href":"http:\/\/mickyandoniehn.com\/radio\/wp-json\/wp\/v2\/pages\/28402\/revisions"}],"predecessor-version":[{"id":28403,"href":"http:\/\/mickyandoniehn.com\/radio\/wp-json\/wp\/v2\/pages\/28402\/revisions\/28403"}],"wp:attachment":[{"href":"http:\/\/mickyandoniehn.com\/radio\/wp-json\/wp\/v2\/media?parent=28402"}],"curies":[{"name":"wp","href":"https:\/\/api.w.org\/{rel}","templated":true}]}}