{"id":28385,"date":"2022-08-26T09:21:56","date_gmt":"2022-08-26T15:21:56","guid":{"rendered":"https:\/\/mickyandoniehn.com\/radio\/?page_id=28385"},"modified":"2024-04-01T17:55:43","modified_gmt":"2024-04-01T23:55:43","slug":"maria-del-monte-tejado-algaba","status":"publish","type":"page","link":"http:\/\/mickyandoniehn.com\/radio\/maria-del-monte-tejado-algaba\/","title":{"rendered":"Mar\u00eda del Monte Tejado Algaba"},"content":{"rendered":"<p style=\"text-align: justify;\"><img loading=\"lazy\" decoding=\"async\" class=\" wp-image-70018 aligncenter\" src=\"http:\/\/mickyandoniehn.com\/radio\/wp-content\/uploads\/2023\/04\/Maria-del-Monte-Tejado-Algaba-300x200.jpg\" alt=\"\" width=\"584\" height=\"389\" srcset=\"http:\/\/mickyandoniehn.com\/radio\/wp-content\/uploads\/2023\/04\/Maria-del-Monte-Tejado-Algaba-300x200.jpg 300w, http:\/\/mickyandoniehn.com\/radio\/wp-content\/uploads\/2023\/04\/Maria-del-Monte-Tejado-Algaba-310x205.jpg 310w, http:\/\/mickyandoniehn.com\/radio\/wp-content\/uploads\/2023\/04\/Maria-del-Monte-Tejado-Algaba.jpg 600w\" sizes=\"auto, (max-width: 584px) 100vw, 584px\" \/><\/p>\n<p>&nbsp;<\/p>\n<p style=\"text-align: justify;\"><strong>Fecha de Nacimiento:\u00a0<\/strong> 26 de abril 1963<\/p>\n<p>&nbsp;<\/p>\n<div class=\"cxmmr5t8 oygrvhab hcukyx3x c1et5uql o9v6fnle\" style=\"text-align: justify;\">\n<div dir=\"auto\"><strong>Biograf\u00eda<\/strong><\/div>\n<p>&nbsp;<\/p>\n<div dir=\"auto\"><\/div>\n<div dir=\"auto\">Mar\u00eda del Monte Tejado Algaba, conocida art\u00edsticamente como MAR\u00cdA DEL MONTE, es una cantante espa\u00f1ola de sevillanas y de copla, as\u00ed como presentadora de radio y televisi\u00f3n.<\/div>\n<p>&nbsp;<\/p>\n<div dir=\"auto\"><\/div>\n<\/div>\n<div class=\"cxmmr5t8 oygrvhab hcukyx3x c1et5uql o9v6fnle\" style=\"text-align: justify;\">\n<div dir=\"auto\">Tras ganar el concurso televisivo Gente joven edit\u00f3 su primer disco. El segundo, titulado C\u00e1ntame sevillanas se convirti\u00f3 en poco tiempo en un \u00e9xito, consigui\u00f3 13 discos de platino, su tema m\u00e1s popular fue C\u00e1ntame, este tema que habla sobre el camino hacia El Roc\u00edo hizo que empezara a ser popular en Espa\u00f1a. Con el paso del tiempo y con varios discos ha conseguido ganarse al p\u00fablico y es llamada &#8220;Reina de las sevillanas&#8221; por uno de sus discos con ese nombre.<\/div>\n<div dir=\"auto\"><\/div>\n<\/div>\n<div class=\"cxmmr5t8 oygrvhab hcukyx3x c1et5uql o9v6fnle\" style=\"text-align: justify;\">\n<div dir=\"auto\">Adem\u00e1s de su actividad art\u00edstica como cantante de sevillanas y en el mundo de la copla, Mar\u00eda del Monte es presentadora de programas en radio y televisi\u00f3n. En 1993-1994 presenta Vamos juntos de Canal Sur Radio. En 1995 pasa a ser presentadora en televisi\u00f3n, donde trabaja para la tercera cadena en el espacio semanal Qu\u00e9date con la copla. Ha colaborado en los programas Gente joven de TVE en 1982, Los debates de Hermida en Antena 3 Televisi\u00f3n (2000) , y en el Show de Flo en La Sexta. En TVE presenta La canci\u00f3n de mi querer, Esa copla me suena (1998), Especial Feria de Abril. En 2000 ficha por Canal Sur Televisi\u00f3n y presenta C\u00e1ntame (2000), Contigo (hasta la temporada 2002), galas de verano y Nochebuena flamenca (2003), en 2004 presenta el Especial de Nochebuena, un a\u00f1o m\u00e1s tarde trabaja para Forta en Shalakabula. Posteriormente presenta las galas de primavera, as\u00ed como el especial 10 a\u00f1os de Roc\u00edo y el programa especial Roc\u00edo Jurado, un a\u00f1o despu\u00e9s, tambi\u00e9n particip\u00f3 en el programa concurso de TVE Mira quien baila en 2005, y presenta su popular magazine diario en Canal Sur Televisi\u00f3n: La tarde con Mar\u00eda.<\/div>\n<div dir=\"auto\"><\/div>\n<\/div>\n<div class=\"cxmmr5t8 oygrvhab hcukyx3x c1et5uql o9v6fnle\" style=\"text-align: justify;\">\n<div dir=\"auto\"><strong>Wikipedia in English<\/strong><\/div>\n<div dir=\"auto\"><\/div>\n<div dir=\"auto\"><strong>Date of Birth:<\/strong> April 26, 1963<\/div>\n<p>&nbsp;<\/p>\n<div dir=\"auto\"><\/div>\n<\/div>\n<div class=\"cxmmr5t8 oygrvhab hcukyx3x c1et5uql o9v6fnle\" style=\"text-align: justify;\">\n<div dir=\"auto\"><strong>Biography<\/strong><\/div>\n<p>&nbsp;<\/p>\n<div dir=\"auto\"><\/div>\n<div dir=\"auto\">Mar\u00eda del Monte Tejado Algaba (Seville, April 26, 1963), artistically known as MAR\u00cdA DEL MONTE, is a Spanish singer of Sevillanas and copla, as well as a radio and television presenter.<\/div>\n<p>&nbsp;<\/p>\n<div dir=\"auto\"><\/div>\n<\/div>\n<div class=\"cxmmr5t8 oygrvhab hcukyx3x c1et5uql o9v6fnle\" style=\"text-align: justify;\">\n<div dir=\"auto\">After winning the television contest Gente Joven, he released his first album. The second, entitled C\u00e1ntame sevillanas, became a success in a short time, achieved 13 platinum records, its most popular song was C\u00e1ntame, this song that talks about the road to El Roc\u00edo made it become popular in Spain. With the passage of time and with several albums she has managed to win over the public and is called &#8220;Reina de las sevillanas&#8221; for one of her albums with that name.<\/div>\n<p>&nbsp;<\/p>\n<div dir=\"auto\"><\/div>\n<\/div>\n<div class=\"cxmmr5t8 oygrvhab hcukyx3x c1et5uql o9v6fnle\" style=\"text-align: justify;\">\n<div dir=\"auto\">In addition to her artistic activity as a singer of Sevillanas and in the world of copla, Mar\u00eda del Monte is a presenter of radio and television programs. In 1993-1994 he presented Let&#8217;s Go Together on Canal Sur Radio. In 1995 she became a television presenter, where she worked for the third network in the weekly space Qu\u00e9date con la copla. He has collaborated in the 1982 TVE Young People programs, Hermida&#8217;s Debates on Antena 3 Televisi\u00f3n (2000), and on Flo&#8217;s Show on La Sexta. In TVE he presents The song of my love, That song sounds to me (1998), Special April Fair. In 2000 he signed on Canal Sur Televisi\u00f3n and presented C\u00e1ntame (2000), Contigo (until the 2002 season), summer galas and flamenco Christmas Eve (2003), in 2004 he presented the Christmas Eve Special, a year later he worked for Forta in Shalakabula. Later, she presented the spring galas, as well as the special 10 years of Roc\u00edo and the special program Roc\u00edo Jurado, a year later, she also participated in the TVE contest program Mira who dances in 2005, and presented her popular daily magazine on Canal Sur Televisi\u00f3n : The afternoon with Maria.<\/div>\n<p>&nbsp;<\/p>\n<div dir=\"auto\"><\/div>\n<\/div>\n<div dir=\"auto\"><strong>Discografia<\/strong><\/div>\n<p>&nbsp;<\/p>\n<div dir=\"auto\"><\/div>\n<div dir=\"auto\" style=\"text-align: justify;\">\n<table width=\"671\">\n<tbody>\n<tr>\n<td style=\"text-align: center;\" width=\"248\"><strong>G\u00e9nero Latin, Folk, World, &amp; Country<\/strong><\/td>\n<td style=\"text-align: center;\" width=\"423\"><strong>Escuchar Tema<\/strong><\/td>\n<\/tr>\n<tr>\n<td>1<\/td>\n<td>Te Amar\u00e9 Como T\u00fa<\/td>\n<\/tr>\n<tr>\n<td>2<\/td>\n<td>Malena<\/td>\n<\/tr>\n<tr>\n<td>3<\/td>\n<td>Quiero Ser Tu Amante<\/td>\n<\/tr>\n<tr>\n<td>4<\/td>\n<td>Te Doy La Espalda<\/td>\n<\/tr>\n<tr>\n<td>5<\/td>\n<td>Rosa Canela<\/td>\n<\/tr>\n<tr>\n<td>6<\/td>\n<td>Lalayla, Lalayla<\/td>\n<\/tr>\n<tr>\n<td>7<\/td>\n<td>El Poeta De Andaluc\u00eda<\/td>\n<\/tr>\n<tr>\n<td>8<\/td>\n<td>Vamos Andando<\/td>\n<\/tr>\n<tr>\n<td>9<\/td>\n<td>Ser\u00e1 Mejor Que No Vuelvas<\/td>\n<\/tr>\n<tr>\n<td>10<\/td>\n<td>La Casa Vac\u00eda<\/td>\n<\/tr>\n<tr>\n<td>11<\/td>\n<td>C\u00e1ntame<\/td>\n<\/tr>\n<tr>\n<td>12<\/td>\n<td>Sin Ti<\/td>\n<\/tr>\n<tr>\n<td>13<\/td>\n<td>Ya Lo Sabes<\/td>\n<\/tr>\n<tr>\n<td>14<\/td>\n<td>El Brillo De Tus Ojos<\/td>\n<\/tr>\n<tr>\n<td>15<\/td>\n<td>Le Ment\u00ed<\/td>\n<\/tr>\n<tr>\n<td>16<\/td>\n<td>Agua Pasada<\/td>\n<\/tr>\n<tr>\n<td>17<\/td>\n<td>Colombiana Rociera<\/td>\n<\/tr>\n<tr>\n<td>18<\/td>\n<td>Los Verdes Pinos<\/td>\n<\/tr>\n<tr>\n<td>19<\/td>\n<td>Mi Amor No Tiene Nombre<\/td>\n<\/tr>\n<tr>\n<td>20<\/td>\n<td>Tus Ojos<\/td>\n<\/tr>\n<tr>\n<td>21<\/td>\n<td>Acomp\u00e1\u00f1ame<\/td>\n<\/tr>\n<tr>\n<td>22<\/td>\n<td>Contigo<\/td>\n<\/tr>\n<tr>\n<td>23<\/td>\n<td>Panderetas Y Palillos<\/td>\n<\/tr>\n<tr>\n<td>24<\/td>\n<td>T\u00fa Vienes Y Te Vas<\/td>\n<\/tr>\n<tr>\n<td>25<\/td>\n<td>Entre Los Dos<\/td>\n<\/tr>\n<tr>\n<td>26<\/td>\n<td>Una Historia En El Camino<\/td>\n<\/tr>\n<tr>\n<td>27<\/td>\n<td>Ay&#8230; Sevilla<\/td>\n<\/tr>\n<tr>\n<td>28<\/td>\n<td>Fuimos Amigos<\/td>\n<\/tr>\n<tr>\n<td>29<\/td>\n<td>Como Un Sue\u00f1o<\/td>\n<\/tr>\n<tr>\n<td>30<\/td>\n<td>Prisionera<\/td>\n<\/tr>\n<tr>\n<td>31<\/td>\n<td>Besaba La Luna<\/td>\n<\/tr>\n<tr>\n<td>32<\/td>\n<td>As\u00ed Es La Vida<\/td>\n<\/tr>\n<tr>\n<td>33<\/td>\n<td>Desde Chiquitita<\/td>\n<\/tr>\n<tr>\n<td>34<\/td>\n<td>Amor Primero<\/td>\n<\/tr>\n<tr>\n<td>35<\/td>\n<td>Te Cantare<\/td>\n<\/tr>\n<tr>\n<td>36<\/td>\n<td>Amigo Si Lo Ves<\/td>\n<\/tr>\n<tr>\n<td>37<\/td>\n<td>Dime Que Me Quieres<\/td>\n<\/tr>\n<tr>\n<td>38<\/td>\n<td>La Historia Termino<\/td>\n<\/tr>\n<tr>\n<td>39<\/td>\n<td>Voy Navegando<\/td>\n<\/tr>\n<tr>\n<td>40<\/td>\n<td>Y La Virgen Con Los Dos<\/td>\n<\/tr>\n<tr>\n<td>41<\/td>\n<td>Te Quiero Cantar<\/td>\n<\/tr>\n<tr>\n<td>42<\/td>\n<td>Loca<\/td>\n<\/tr>\n<tr>\n<td>43<\/td>\n<td>Me Gusta Cantarle<\/td>\n<\/tr>\n<tr>\n<td>44<\/td>\n<td>Acar\u00edciame<\/td>\n<\/tr>\n<tr>\n<td>45<\/td>\n<td>Qui\u00e9reme<\/td>\n<\/tr>\n<tr>\n<td>46<\/td>\n<td>Al Alba<\/td>\n<\/tr>\n<tr>\n<td>47<\/td>\n<td>El Hombre Que Yo M\u00e1s Quiero<\/td>\n<\/tr>\n<tr>\n<td>48<\/td>\n<td>Cuentan<\/td>\n<\/tr>\n<tr>\n<td>49<\/td>\n<td>Amor Amante<\/td>\n<\/tr>\n<tr>\n<td>50<\/td>\n<td>Tu Perd\u00f3n<\/td>\n<\/tr>\n<tr>\n<td><\/td>\n<td><\/td>\n<\/tr>\n<\/tbody>\n<\/table>\n<p>&nbsp;<\/p>\n<\/div>\n<div class=\"epyt-video-wrapper\"><iframe loading=\"lazy\"  id=\"_ytid_23338\"  width=\"618\" height=\"347\"  data-origwidth=\"618\" data-origheight=\"347\" src=\"https:\/\/www.youtube.com\/embed\/wWS4-mbl9js?enablejsapi=1&#038;autoplay=0&#038;cc_load_policy=0&#038;cc_lang_pref=&#038;iv_load_policy=1&#038;loop=0&#038;modestbranding=0&#038;rel=1&#038;fs=1&#038;playsinline=0&#038;autohide=2&#038;theme=dark&#038;color=red&#038;controls=1&#038;\" class=\"__youtube_prefs__  epyt-is-override  no-lazyload\" title=\"YouTube player\"  allow=\"fullscreen; accelerometer; autoplay; clipboard-write; encrypted-media; gyroscope; picture-in-picture\" allowfullscreen data-no-lazy=\"1\" data-skipgform_ajax_framebjll=\"\"><\/iframe><\/div>\n","protected":false},"excerpt":{"rendered":"<p>&nbsp; Fecha de Nacimiento:\u00a0 26 de abril 1963 &nbsp; Biograf\u00eda &nbsp; Mar\u00eda del Monte Tejado Algaba, conocida art\u00edsticamente como MAR\u00cdA DEL MONTE, es una cantante espa\u00f1ola de sevillanas y de copla, as\u00ed como presentadora de radio y televisi\u00f3n. &nbsp; Tras ganar el concurso televisivo Gente joven edit\u00f3 su primer disco. El segundo, titulado C\u00e1ntame sevillanas &hellip;<\/p>\n","protected":false},"author":1,"featured_media":0,"parent":0,"menu_order":0,"comment_status":"closed","ping_status":"closed","template":"","meta":{"footnotes":""},"class_list":["post-28385","page","type-page","status-publish",""],"jetpack_sharing_enabled":true,"_links":{"self":[{"href":"http:\/\/mickyandoniehn.com\/radio\/wp-json\/wp\/v2\/pages\/28385","targetHints":{"allow":["GET"]}}],"collection":[{"href":"http:\/\/mickyandoniehn.com\/radio\/wp-json\/wp\/v2\/pages"}],"about":[{"href":"http:\/\/mickyandoniehn.com\/radio\/wp-json\/wp\/v2\/types\/page"}],"author":[{"embeddable":true,"href":"http:\/\/mickyandoniehn.com\/radio\/wp-json\/wp\/v2\/users\/1"}],"replies":[{"embeddable":true,"href":"http:\/\/mickyandoniehn.com\/radio\/wp-json\/wp\/v2\/comments?post=28385"}],"version-history":[{"count":4,"href":"http:\/\/mickyandoniehn.com\/radio\/wp-json\/wp\/v2\/pages\/28385\/revisions"}],"predecessor-version":[{"id":70050,"href":"http:\/\/mickyandoniehn.com\/radio\/wp-json\/wp\/v2\/pages\/28385\/revisions\/70050"}],"wp:attachment":[{"href":"http:\/\/mickyandoniehn.com\/radio\/wp-json\/wp\/v2\/media?parent=28385"}],"curies":[{"name":"wp","href":"https:\/\/api.w.org\/{rel}","templated":true}]}}