{"id":28346,"date":"2022-08-26T09:14:06","date_gmt":"2022-08-26T15:14:06","guid":{"rendered":"https:\/\/mickyandoniehn.com\/radio\/?page_id=28346"},"modified":"2024-04-01T17:46:59","modified_gmt":"2024-04-01T23:46:59","slug":"alfredo-gutierrez","status":"publish","type":"page","link":"http:\/\/mickyandoniehn.com\/radio\/alfredo-gutierrez\/","title":{"rendered":"Alfredo Guti\u00e9rrez"},"content":{"rendered":"<p style=\"text-align: justify;\"><img loading=\"lazy\" decoding=\"async\" class=\" wp-image-69992 aligncenter\" src=\"http:\/\/mickyandoniehn.com\/radio\/wp-content\/uploads\/2023\/04\/Alfredo-Gutierrez.jpg\" alt=\"\" width=\"418\" height=\"525\" \/><\/p>\n<p>&nbsp;<\/p>\n<div class=\"cxmmr5t8 oygrvhab hcukyx3x c1et5uql o9v6fnle ii04i59q\" style=\"text-align: justify;\">\n<div dir=\"auto\"><strong>Fecha de Nacimiento:<\/strong> 17 de abril de 1943<\/div>\n<p>&nbsp;<\/p>\n<div dir=\"auto\"><\/div>\n<div dir=\"auto\"><strong>Biografia<\/strong><\/div>\n<p>&nbsp;<\/p>\n<div dir=\"auto\"><\/div>\n<\/div>\n<div class=\"cxmmr5t8 oygrvhab hcukyx3x c1et5uql o9v6fnle ii04i59q\" style=\"text-align: justify;\">\n<div dir=\"auto\">Alfredo de Jes\u00fas Guti\u00e9rrez Vital (Los Palmitos, Sucre, 17 de abril de 1943), apodado \u00abEl monstruo del acorde\u00f3n\u00bb, es un m\u00fasico, acordeonero, compositor, arreglista y cantante de m\u00fasica tropical colombiano.<\/div>\n<p>&nbsp;<\/p>\n<div dir=\"auto\"><\/div>\n<div dir=\"auto\">Se ha coronado &#8220;Rey Vallenato&#8221; en la categor\u00eda acorde\u00f3n profesional del Festival de la Leyenda Vallenata en Valledupar, en tres ocasiones, por lo que recibe el apodo de Tri-Rey Vallenato.<\/div>\n<p>&nbsp;<\/p>\n<div dir=\"auto\"><\/div>\n<div dir=\"auto\">Guti\u00e9rrez es de los artistas vallenatos que m\u00e1s ha grabado producciones musicales en Colombia. En su extensa carrera art\u00edstica ha recibido numerosos premios entre los que se cuentan tres Congos de Oro del Carnaval de Barranquilla; dos Tr\u00e9bol de Oro y un Califa de Oro, en M\u00e9xico; cinco Guaicaipuro de Oro en Venezuela, y la nominaci\u00f3n al Grammy Latino, en 2007 en Estados Unidos, en la categor\u00eda Cumbia\/Vallenato, por su \u00e1lbum El m\u00e1s grande con los grandes.<\/div>\n<p>&nbsp;<\/p>\n<div dir=\"auto\"><\/div>\n<\/div>\n<div class=\"cxmmr5t8 oygrvhab hcukyx3x c1et5uql o9v6fnle ii04i59q\" style=\"text-align: justify;\">\n<div dir=\"auto\"><strong>Wikipedia in English<\/strong><\/div>\n<p>&nbsp;<\/p>\n<div dir=\"auto\"><\/div>\n<\/div>\n<div class=\"cxmmr5t8 oygrvhab hcukyx3x c1et5uql o9v6fnle ii04i59q\" style=\"text-align: justify;\">\n<div dir=\"auto\"><strong>Biography<\/strong><\/div>\n<p>&nbsp;<\/p>\n<div dir=\"auto\"><\/div>\n<\/div>\n<div class=\"cxmmr5t8 oygrvhab hcukyx3x c1et5uql o9v6fnle ii04i59q\" style=\"text-align: justify;\">\n<div dir=\"auto\"><strong>Date of Birth<\/strong>\u00a0April 17, 1943<\/div>\n<p>&nbsp;<\/p>\n<div dir=\"auto\"><\/div>\n<\/div>\n<div class=\"cxmmr5t8 oygrvhab hcukyx3x c1et5uql o9v6fnle ii04i59q\" style=\"text-align: justify;\">\n<div dir=\"auto\">Alfredo de Jes\u00fas Guti\u00e9rrez Vital (Los Palmitos, Sucre, April 17, 1943), nicknamed &#8220;The Accordion Monster&#8221;, is a Colombian musician, accordionist, composer, arranger and singer of tropical music.<\/div>\n<p>&nbsp;<\/p>\n<div dir=\"auto\"><\/div>\n<\/div>\n<div class=\"cxmmr5t8 oygrvhab hcukyx3x c1et5uql o9v6fnle ii04i59q\" style=\"text-align: justify;\">\n<div dir=\"auto\">He has been crowned &#8220;Rey Vallenato&#8221; in the professional accordion category of the Vallenata Legend Festival in Valledupar, on three occasions, for which he receives the nickname of Tri-Rey Vallenato.<\/div>\n<p>&nbsp;<\/p>\n<div dir=\"auto\"><\/div>\n<\/div>\n<div class=\"cxmmr5t8 oygrvhab hcukyx3x c1et5uql o9v6fnle ii04i59q\" style=\"text-align: justify;\">\n<div dir=\"auto\">Guti\u00e9rrez is one of the Vallenato artists who has recorded the most musical productions in Colombia. In his extensive artistic career he has received numerous awards, including three Congos de Oro from the Barranquilla Carnival; two Gold Clover and a Golden Caliph, in Mexico; five Guaicaipuro de Oro in Venezuela, and the Latin Grammy nomination, in 2007 in the United States, in the Cumbia \/ Vallenato category, for his album The greatest with the greats.<\/div>\n<p>&nbsp;<\/p>\n<div dir=\"auto\"><\/div>\n<\/div>\n<div class=\"cxmmr5t8 oygrvhab hcukyx3x c1et5uql o9v6fnle ii04i59q\" style=\"text-align: justify;\">\n<div dir=\"auto\"><strong>Discografia<\/strong><\/div>\n<p>&nbsp;<\/p>\n<div dir=\"auto\"><\/div>\n<\/div>\n<table width=\"640\">\n<tbody>\n<tr>\n<td style=\"text-align: center;\" width=\"181\"><strong>Temas Cumbia<\/strong><\/td>\n<td style=\"text-align: center;\" width=\"296\"><strong>Escuchar tema<\/strong><\/td>\n<td style=\"text-align: center;\" width=\"163\"><strong>A\u00f1o de Publicacion<\/strong><\/td>\n<\/tr>\n<tr>\n<td style=\"text-align: center;\"><\/td>\n<td style=\"text-align: center;\"><strong>Fiesta en Corraleja<\/strong><\/td>\n<td style=\"text-align: center;\"><strong>1969<\/strong><\/td>\n<\/tr>\n<tr>\n<td>1<\/td>\n<td>Fiesta En Corraleja<\/td>\n<td><\/td>\n<\/tr>\n<tr>\n<td>2<\/td>\n<td>Coquito De Agua<\/td>\n<td><\/td>\n<\/tr>\n<tr>\n<td>3<\/td>\n<td>Cumbion De Simon<\/td>\n<td><\/td>\n<\/tr>\n<tr>\n<td>4<\/td>\n<td>Mosaico<\/td>\n<td><\/td>\n<\/tr>\n<tr>\n<td>5<\/td>\n<td>Tolu Viejo<\/td>\n<td><\/td>\n<\/tr>\n<tr>\n<td>6<\/td>\n<td>Palito E&#8217; Caimito<\/td>\n<td><\/td>\n<\/tr>\n<tr>\n<td>7<\/td>\n<td>El Lunar De Nubia<\/td>\n<td><\/td>\n<\/tr>\n<tr>\n<td>8<\/td>\n<td>El Campesino<\/td>\n<td><\/td>\n<\/tr>\n<tr>\n<td>9<\/td>\n<td>Atraco Es Atraco<\/td>\n<td><\/td>\n<\/tr>\n<tr>\n<td>10<\/td>\n<td>Sonia Quiere Un Son<\/td>\n<td><\/td>\n<\/tr>\n<tr>\n<td>11<\/td>\n<td>Porro Del Amor<\/td>\n<td><\/td>\n<\/tr>\n<tr>\n<td><\/td>\n<td><\/td>\n<td><\/td>\n<\/tr>\n<tr>\n<td style=\"text-align: center;\"><\/td>\n<td style=\"text-align: center;\"><strong>El Publico Manda<\/strong><\/td>\n<td style=\"text-align: center;\"><strong>1973<\/strong><\/td>\n<\/tr>\n<tr>\n<td>1<\/td>\n<td>Me Llevaron Preso<\/td>\n<td><\/td>\n<\/tr>\n<tr>\n<td>2<\/td>\n<td>El Publico Manda<\/td>\n<td><\/td>\n<\/tr>\n<tr>\n<td>3<\/td>\n<td>La Cutanga<\/td>\n<td><\/td>\n<\/tr>\n<tr>\n<td>4<\/td>\n<td>Chola<\/td>\n<td><\/td>\n<\/tr>\n<tr>\n<td>5<\/td>\n<td>Bajo Y Charanga<\/td>\n<td><\/td>\n<\/tr>\n<tr>\n<td>6<\/td>\n<td>Los Capullitos<\/td>\n<td><\/td>\n<\/tr>\n<tr>\n<td>7<\/td>\n<td>Catalina<\/td>\n<td><\/td>\n<\/tr>\n<tr>\n<td>8<\/td>\n<td>Te Llevare Al Festival<\/td>\n<td><\/td>\n<\/tr>\n<tr>\n<td>9<\/td>\n<td>Cleta<\/td>\n<td><\/td>\n<\/tr>\n<tr>\n<td>10<\/td>\n<td>Recuerdos Del Carmen<\/td>\n<td><\/td>\n<\/tr>\n<tr>\n<td><\/td>\n<td><\/td>\n<td><\/td>\n<\/tr>\n<tr>\n<td style=\"text-align: center;\"><\/td>\n<td style=\"text-align: center;\"><strong>El Rey del Vallenato<\/strong><\/td>\n<td style=\"text-align: center;\"><strong>1974<\/strong><\/td>\n<\/tr>\n<tr>\n<td>1<\/td>\n<td>La Tragedia De Alberto<\/td>\n<td><\/td>\n<\/tr>\n<tr>\n<td>2<\/td>\n<td>No Me Quieres<\/td>\n<td><\/td>\n<\/tr>\n<tr>\n<td>3<\/td>\n<td>Charanguiando<\/td>\n<td><\/td>\n<\/tr>\n<tr>\n<td>4<\/td>\n<td>La Juma<\/td>\n<td><\/td>\n<\/tr>\n<tr>\n<td>5<\/td>\n<td>Tumba Y Mocha<\/td>\n<td><\/td>\n<\/tr>\n<tr>\n<td>6<\/td>\n<td>Bendito Vicio<\/td>\n<td><\/td>\n<\/tr>\n<tr>\n<td>7<\/td>\n<td>Cholo Encorbatao<\/td>\n<td><\/td>\n<\/tr>\n<tr>\n<td>8<\/td>\n<td>La Manta Colora<\/td>\n<td><\/td>\n<\/tr>\n<tr>\n<td>9<\/td>\n<td>La Trompeta Burra<\/td>\n<td><\/td>\n<\/tr>\n<tr>\n<td>10<\/td>\n<td>Jurame<\/td>\n<td><\/td>\n<\/tr>\n<tr>\n<td>11<\/td>\n<td>Al Galope De Mi Caballo<\/td>\n<td><\/td>\n<\/tr>\n<tr>\n<td>12<\/td>\n<td>No Tengo Por Que Sufrir<\/td>\n<td><\/td>\n<\/tr>\n<tr>\n<td><\/td>\n<td><\/td>\n<td><\/td>\n<\/tr>\n<tr>\n<td style=\"text-align: center;\"><\/td>\n<td style=\"text-align: center;\"><strong>Ganadores del Festival Vallenato<\/strong><\/td>\n<td style=\"text-align: center;\"><strong>1974<\/strong><\/td>\n<\/tr>\n<tr>\n<td>1<\/td>\n<td>La Estrella<\/td>\n<td><\/td>\n<\/tr>\n<tr>\n<td>2<\/td>\n<td>Lengua Sanjuanera<\/td>\n<td><\/td>\n<\/tr>\n<tr>\n<td>3<\/td>\n<td>Hombre Demalas<\/td>\n<td><\/td>\n<\/tr>\n<tr>\n<td>4<\/td>\n<td>El Zorro<\/td>\n<td><\/td>\n<\/tr>\n<tr>\n<td>5<\/td>\n<td>Camino Agreste<\/td>\n<td><\/td>\n<\/tr>\n<tr>\n<td>6<\/td>\n<td>Callate Corazoncito<\/td>\n<td><\/td>\n<\/tr>\n<tr>\n<td>7<\/td>\n<td>Marula<\/td>\n<td><\/td>\n<\/tr>\n<tr>\n<td>8<\/td>\n<td>Buscando Un Ni\u00f1o<\/td>\n<td><\/td>\n<\/tr>\n<tr>\n<td>9<\/td>\n<td>El Monito<\/td>\n<td><\/td>\n<\/tr>\n<tr>\n<td>10<\/td>\n<td>La Descuidada<\/td>\n<td><\/td>\n<\/tr>\n<tr>\n<td>11<\/td>\n<td>Recuerdos De Ella<\/td>\n<td><\/td>\n<\/tr>\n<tr>\n<td>12<\/td>\n<td>Matica De Toronjil<\/td>\n<td><\/td>\n<\/tr>\n<tr>\n<td><\/td>\n<td><\/td>\n<td><\/td>\n<\/tr>\n<tr>\n<td style=\"text-align: center;\"><\/td>\n<td style=\"text-align: center;\"><strong>El Legitimo Rey del Acordeon<\/strong><\/td>\n<td style=\"text-align: center;\"><strong>1974<\/strong><\/td>\n<\/tr>\n<tr>\n<td>1<\/td>\n<td>Dos Rosas<\/td>\n<td><\/td>\n<\/tr>\n<tr>\n<td>2<\/td>\n<td>As\u00ed Es Fonseca<\/td>\n<td><\/td>\n<\/tr>\n<tr>\n<td>3<\/td>\n<td>Dina Luz<\/td>\n<td><\/td>\n<\/tr>\n<tr>\n<td>4<\/td>\n<td>La Loma<\/td>\n<td><\/td>\n<\/tr>\n<tr>\n<td>5<\/td>\n<td>Puya Rebelde<\/td>\n<td><\/td>\n<\/tr>\n<tr>\n<td>6<\/td>\n<td>Mi Hijo<\/td>\n<td><\/td>\n<\/tr>\n<tr>\n<td>7<\/td>\n<td>Rio Crecido<\/td>\n<td><\/td>\n<\/tr>\n<tr>\n<td>8<\/td>\n<td>Remembranza<\/td>\n<td><\/td>\n<\/tr>\n<tr>\n<td>9<\/td>\n<td>Si Me Amaras<\/td>\n<td><\/td>\n<\/tr>\n<tr>\n<td>10<\/td>\n<td>Tigre Punta Menuda<\/td>\n<td><\/td>\n<\/tr>\n<tr>\n<td>11<\/td>\n<td>Compadre Tomas<\/td>\n<td><\/td>\n<\/tr>\n<tr>\n<td>12<\/td>\n<td>Chiquita Pero Cumplidora<\/td>\n<td><\/td>\n<\/tr>\n<tr>\n<td><\/td>\n<td><\/td>\n<td><\/td>\n<\/tr>\n<\/tbody>\n<\/table>\n<div class=\"epyt-video-wrapper\"><iframe loading=\"lazy\"  id=\"_ytid_16129\"  width=\"618\" height=\"347\"  data-origwidth=\"618\" data-origheight=\"347\" src=\"https:\/\/www.youtube.com\/embed\/YXixNhntrro?enablejsapi=1&#038;autoplay=0&#038;cc_load_policy=0&#038;cc_lang_pref=&#038;iv_load_policy=1&#038;loop=0&#038;modestbranding=0&#038;rel=1&#038;fs=1&#038;playsinline=0&#038;autohide=2&#038;theme=dark&#038;color=red&#038;controls=1&#038;\" class=\"__youtube_prefs__  epyt-is-override  no-lazyload\" title=\"YouTube player\"  allow=\"fullscreen; accelerometer; autoplay; clipboard-write; encrypted-media; gyroscope; picture-in-picture\" allowfullscreen data-no-lazy=\"1\" data-skipgform_ajax_framebjll=\"\"><\/iframe><\/div>\n","protected":false},"excerpt":{"rendered":"<p>&nbsp; Fecha de Nacimiento: 17 de abril de 1943 &nbsp; Biografia &nbsp; Alfredo de Jes\u00fas Guti\u00e9rrez Vital (Los Palmitos, Sucre, 17 de abril de 1943), apodado \u00abEl monstruo del acorde\u00f3n\u00bb, es un m\u00fasico, acordeonero, compositor, arreglista y cantante de m\u00fasica tropical colombiano. &nbsp; Se ha coronado &#8220;Rey Vallenato&#8221; en la categor\u00eda acorde\u00f3n profesional del Festival &hellip;<\/p>\n","protected":false},"author":1,"featured_media":0,"parent":0,"menu_order":0,"comment_status":"closed","ping_status":"closed","template":"","meta":{"footnotes":""},"class_list":["post-28346","page","type-page","status-publish",""],"jetpack_sharing_enabled":true,"_links":{"self":[{"href":"http:\/\/mickyandoniehn.com\/radio\/wp-json\/wp\/v2\/pages\/28346","targetHints":{"allow":["GET"]}}],"collection":[{"href":"http:\/\/mickyandoniehn.com\/radio\/wp-json\/wp\/v2\/pages"}],"about":[{"href":"http:\/\/mickyandoniehn.com\/radio\/wp-json\/wp\/v2\/types\/page"}],"author":[{"embeddable":true,"href":"http:\/\/mickyandoniehn.com\/radio\/wp-json\/wp\/v2\/users\/1"}],"replies":[{"embeddable":true,"href":"http:\/\/mickyandoniehn.com\/radio\/wp-json\/wp\/v2\/comments?post=28346"}],"version-history":[{"count":3,"href":"http:\/\/mickyandoniehn.com\/radio\/wp-json\/wp\/v2\/pages\/28346\/revisions"}],"predecessor-version":[{"id":70042,"href":"http:\/\/mickyandoniehn.com\/radio\/wp-json\/wp\/v2\/pages\/28346\/revisions\/70042"}],"wp:attachment":[{"href":"http:\/\/mickyandoniehn.com\/radio\/wp-json\/wp\/v2\/media?parent=28346"}],"curies":[{"name":"wp","href":"https:\/\/api.w.org\/{rel}","templated":true}]}}