{"id":28341,"date":"2022-08-26T09:11:06","date_gmt":"2022-08-26T15:11:06","guid":{"rendered":"https:\/\/mickyandoniehn.com\/radio\/?page_id=28341"},"modified":"2024-04-01T17:45:48","modified_gmt":"2024-04-01T23:45:48","slug":"nick-kamen","status":"publish","type":"page","link":"http:\/\/mickyandoniehn.com\/radio\/nick-kamen\/","title":{"rendered":"Nick Kamen"},"content":{"rendered":"<p style=\"text-align: justify;\"><img loading=\"lazy\" decoding=\"async\" class=\" wp-image-70001 aligncenter\" src=\"http:\/\/mickyandoniehn.com\/radio\/wp-content\/uploads\/2023\/04\/Nick-Kamen-300x300.webp\" alt=\"\" width=\"576\" height=\"576\" srcset=\"http:\/\/mickyandoniehn.com\/radio\/wp-content\/uploads\/2023\/04\/Nick-Kamen-300x300.webp 300w, http:\/\/mickyandoniehn.com\/radio\/wp-content\/uploads\/2023\/04\/Nick-Kamen-1024x1024.webp 1024w, http:\/\/mickyandoniehn.com\/radio\/wp-content\/uploads\/2023\/04\/Nick-Kamen-150x150.webp 150w, http:\/\/mickyandoniehn.com\/radio\/wp-content\/uploads\/2023\/04\/Nick-Kamen-768x768.webp 768w, http:\/\/mickyandoniehn.com\/radio\/wp-content\/uploads\/2023\/04\/Nick-Kamen.webp 1200w\" sizes=\"auto, (max-width: 576px) 100vw, 576px\" \/><\/p>\n<p>&nbsp;<\/p>\n<div class=\"cxmmr5t8 oygrvhab hcukyx3x c1et5uql o9v6fnle ii04i59q\" style=\"text-align: justify;\">\n<div dir=\"auto\"><strong>Fecha de Nacimiento<\/strong> 15 de abril de 1962<\/div>\n<p>&nbsp;<\/p>\n<div dir=\"auto\"><\/div>\n<div dir=\"auto\"><\/div>\n<div dir=\"auto\"><span class=\"w8qArf\"><strong>Fecha de Fallecimiento:<\/strong>\u00a0<\/span><span class=\"LrzXr kno-fv wHYlTd z8gr9e\">4 de mayo de 2021<\/span><\/div>\n<p>&nbsp;<\/p>\n<div dir=\"auto\"><\/div>\n<div dir=\"auto\"><\/div>\n<\/div>\n<div class=\"cxmmr5t8 oygrvhab hcukyx3x c1et5uql o9v6fnle ii04i59q\" style=\"text-align: justify;\">\n<div dir=\"auto\"><strong>Biograf\u00eda<\/strong><\/div>\n<p>&nbsp;<\/p>\n<div dir=\"auto\"><\/div>\n<div dir=\"auto\">Nick Kamen (Harlow, Essex, Inglaterra; 15 de abril de 1962) -nacido como Nicholas Ivor Kamen- es un cantante, compositor y modelo ingl\u00e9s. Desde peque\u00f1o sinti\u00f3 una gran atracci\u00f3n por la m\u00fasica inculcada por su hermano mayor que fue guitarrista y estrecho colaborador de Bryan Ferry. M\u00e1s tarde y con el apoyo de su padre se traslad\u00f3 a Londres para iniciarse como modelo, para posteriormente, a los 17 a\u00f1os desplazarse a Nueva York y continuar en el mundo de la moda, aunque su aut\u00e9ntica pasi\u00f3n era la m\u00fasica. Estando en Am\u00e9rica comienza a componer algunas canciones con la ayuda de algunos amigos m\u00fasicos.<\/div>\n<p>&nbsp;<\/p>\n<div dir=\"auto\"><\/div>\n<\/div>\n<div class=\"cxmmr5t8 oygrvhab hcukyx3x c1et5uql o9v6fnle ii04i59q\" style=\"text-align: justify;\">\n<div dir=\"auto\">La fama le lleg\u00f3 con un anuncio de pantalones &#8220;Levis 501&#8221; en 1985. El spot duraba 30 segundos, pero bastaron para cambiar radicalmente su vida. Dicho anuncio desarrollaba en una lavander\u00eda ambientada en los a\u00f1os 50 donde Nick echaba a lavar su pantal\u00f3n qued\u00e1ndose en calzoncillos boxers ante la mirada at\u00f3nita de otros clientes.<\/div>\n<p>&nbsp;<\/p>\n<div dir=\"auto\"><\/div>\n<\/div>\n<div class=\"cxmmr5t8 oygrvhab hcukyx3x c1et5uql o9v6fnle ii04i59q\" style=\"text-align: justify;\">\n<div dir=\"auto\">Su fama crec\u00eda d\u00eda a d\u00eda en todo el mundo hasta que lleg\u00f3 a o\u00eddos de Madonna, quien decidi\u00f3 junto con Stephen Bray componerle su primer tema en el que tambi\u00e9n particip\u00f3 en los coros.<\/div>\n<p>&nbsp;<\/p>\n<div dir=\"auto\"><\/div>\n<\/div>\n<div class=\"cxmmr5t8 oygrvhab hcukyx3x c1et5uql o9v6fnle ii04i59q\" style=\"text-align: justify;\">\n<div dir=\"auto\">Se trataba de &#8220;Each Time You Break My Heart&#8221;, seguida en 1987 del disco titulado &#8220;Nick Kamen&#8221; (disco debut), que ser\u00eda su primer \u00e9xito musical.<\/div>\n<p>&nbsp;<\/p>\n<div dir=\"auto\"><\/div>\n<\/div>\n<div class=\"cxmmr5t8 oygrvhab hcukyx3x c1et5uql o9v6fnle ii04i59q\" style=\"text-align: justify;\">\n<div dir=\"auto\">Desp\u00faes de la colaboraci\u00f3n con Madonna surgi\u00f3 el rumor de una posible relaci\u00f3n sentimental entre ambos. Aunque por entonces Nick manten\u00eda una relaci\u00f3n con el top model Talisa Soto con la que protagonizar\u00eda el videoclip &#8220;Nobody Else&#8221;.<\/div>\n<p>&nbsp;<\/p>\n<div dir=\"auto\"><\/div>\n<\/div>\n<div class=\"cxmmr5t8 oygrvhab hcukyx3x c1et5uql o9v6fnle ii04i59q\" style=\"text-align: justify;\">\n<div dir=\"auto\">M\u00e1s tarde llegar\u00eda su segundo album &#8220;Us&#8221; (1988) producido por Pat Leonard y la colaboraci\u00f3n de grandes artistas como Roxy Music o la propia Madonna.<\/div>\n<p>&nbsp;<\/p>\n<div dir=\"auto\"><\/div>\n<\/div>\n<div class=\"cxmmr5t8 oygrvhab hcukyx3x c1et5uql o9v6fnle ii04i59q\" style=\"text-align: justify;\">\n<div dir=\"auto\">Le sigui\u00f3 en 1990: &#8220;Move Until We Fly&#8221; que conten\u00eda el tema &#8220;I Promised Myself&#8221;, la m\u00e1s famosa de sus canciones. Y continu\u00f3 su carrera musical con los discos &#8220;Each Time You Break My Heart&#8221; (1991) y &#8220;Whatever, Whenever&#8221; (1992).<\/div>\n<p>&nbsp;<\/p>\n<div dir=\"auto\"><\/div>\n<\/div>\n<div class=\"cxmmr5t8 oygrvhab hcukyx3x c1et5uql o9v6fnle ii04i59q\" style=\"text-align: justify;\">\n<div dir=\"auto\">Adem\u00e1s, cabe resaltar musicalmente algunos otros hechos como la colaboraci\u00f3n en las bandas sonoras de las pel\u00edculas &#8220;Dick Tracy&#8221; y &#8220;Cari\u00f1o, He Encogido A Los Ni\u00f1os&#8221; (&#8220;Honey, I Shrunk The Kids&#8221;).<\/div>\n<p>&nbsp;<\/p>\n<div dir=\"auto\"><\/div>\n<div dir=\"auto\">En 2004 se edit\u00f3 un nuevo remezcla de &#8220;I Promised Myself&#8221;. En cuanto a sus relaciones de pareja fue novio de Talisa Soto, de Tatiana Patitz y en 2001 conoci\u00f3 a su pareja actual Amanda de Cadenet.<\/div>\n<p>&nbsp;<\/p>\n<div dir=\"auto\"><\/div>\n<\/div>\n<div class=\"cxmmr5t8 oygrvhab hcukyx3x c1et5uql o9v6fnle ii04i59q\" style=\"text-align: justify;\">\n<div dir=\"auto\">Hoy en d\u00eda, vive en Londres donde colabora con proyectos de m\u00fasica independiente y una de sus m\u00e1s grandes aficiones heredada de su hermano Barry: la pintura.<\/div>\n<p>&nbsp;<\/p>\n<div dir=\"auto\"><\/div>\n<\/div>\n<div class=\"cxmmr5t8 oygrvhab hcukyx3x c1et5uql o9v6fnle ii04i59q\" style=\"text-align: justify;\">\n<div dir=\"auto\">Nick est\u00e1 considerado por algunos como el \u00edcono gay por excelencia de los a\u00f1os 80.<\/div>\n<p>&nbsp;<\/p>\n<\/div>\n<div dir=\"auto\" style=\"text-align: justify;\"><\/div>\n<div dir=\"auto\" style=\"text-align: justify;\">\n<p><strong>Date of Birth<\/strong> April 15, 1962<\/p>\n<p>&nbsp;<\/p>\n<\/div>\n<p><strong>Date of Death:<\/strong> May 4, 2021<\/p>\n<p>&nbsp;<\/p>\n<div dir=\"auto\" style=\"text-align: justify;\">\n<p><strong>Biography<\/strong><\/p>\n<p>Nick Kamen (Harlow, Essex, England, April 15, 1962) -born Nicholas Ivor Kamen- is an English singer, songwriter and model. Since childhood he felt a great attraction to music instilled by his older brother who was a guitarist and close collaborator with Bryan Ferry. Later, and with the support of her father, she moved to London to start as a model, and later, at the age of 17, she moved to New York and continued in the world of fashion, although her true passion was music. Being in America he begins to compose some songs with the help of some musician friends.<\/p>\n<p>Fame came to him with an advertisement for &#8220;Levis 501&#8221; pants in 1985. The spot lasted 30 seconds, but it was enough to radically change his life. Said advertisement took place in a laundromat set in the 50s where Nick washed his pants, staying in boxer shorts before the astonished gaze of other customers.<\/p>\n<p>His fame grew day by day throughout the world until it reached the ears of Madonna, who decided together with Stephen Bray to compose his first song in which he also participated in the choirs.<\/p>\n<p>It was &#8220;Each Time You Break My Heart&#8221;, followed in 1987 by the album entitled &#8220;Nick Kamen&#8221; (debut album), which would be his first musical success.<\/p>\n<p>After the collaboration with Madonna, the rumor of a possible sentimental relationship between the two arose. Although at that time Nick had a relationship with the top model Talisa Soto with whom he would star in the video clip &#8220;Nobody Else&#8221;.<\/p>\n<p>Later came his second album &#8220;Us&#8221; (1988) produced by Pat Leonard and the collaboration of great artists such as Roxy Music or Madonna herself.<\/p>\n<p>It was followed in 1990: &#8220;Move Until We Fly&#8221; which contained the theme &#8220;I Promised Myself&#8221;, the most famous of his songs. And he continued his musical career with the albums &#8220;Each Time You Break My Heart&#8221; (1991) and &#8220;Whatever, Whenever&#8221; (1992).<\/p>\n<p>In addition, some other musical facts should be highlighted, such as the collaboration on the soundtracks of the films &#8220;Dick Tracy&#8221; and &#8220;Cari\u00f1o, He Shrunk A Los Ni\u00f1os&#8221; (&#8220;Honey, I Shrunk The Kids&#8221;).<\/p>\n<p>In 2004 a new remix of &#8220;I Promised Myself&#8221; was released. As for his relationships, he was the boyfriend of Talisa Soto, Tatiana Patitz and in 2001 he met his current partner Amanda de Cadenet.<\/p>\n<\/div>\n<p style=\"text-align: justify;\">Nowadays, he lives in London where he collaborates with independent music projects and one of his greatest hobbies inherited from his brother Barry: painting.<\/p>\n<p>&nbsp;<\/p>\n<p style=\"text-align: justify;\">Nick is considered by some to be the quintessential gay icon of the &#8217;80s.<\/p>\n<p>&nbsp;<\/p>\n<div class=\"cxmmr5t8 oygrvhab hcukyx3x c1et5uql o9v6fnle ii04i59q\" style=\"text-align: justify;\">\n<div dir=\"auto\"><\/div>\n<\/div>\n<div class=\"cxmmr5t8 oygrvhab hcukyx3x c1et5uql o9v6fnle ii04i59q\" style=\"text-align: justify;\">\n<div dir=\"auto\"><strong>Discograf\u00eda<\/strong><\/div>\n<p>&nbsp;<\/p>\n<div dir=\"auto\"><\/div>\n<div dir=\"auto\">\n<table width=\"561\">\n<tbody>\n<tr>\n<td style=\"text-align: center;\" width=\"127\"><strong>Genero Electronic, Pop, Rock<\/strong><\/td>\n<td style=\"text-align: center;\" width=\"319\"><strong>Escuchar Tema<\/strong><\/td>\n<td style=\"text-align: center;\" width=\"115\"><strong>A\u00f1o de Publicacion<\/strong><\/td>\n<\/tr>\n<tr>\n<td>1<\/td>\n<td>I Promised Myself<\/td>\n<td>1990<\/td>\n<\/tr>\n<tr>\n<td>2<\/td>\n<td>Each Time You Break My Heart<\/td>\n<td>1987<\/td>\n<\/tr>\n<tr>\n<td>3<\/td>\n<td>Loving You Is Sweeter Than Ever<\/td>\n<td>1987<\/td>\n<\/tr>\n<tr>\n<td>4<\/td>\n<td>Tell Me<\/td>\n<td>1988<\/td>\n<\/tr>\n<tr>\n<td>5<\/td>\n<td>Bring Me Your Love<\/td>\n<td>1987<\/td>\n<\/tr>\n<tr>\n<td>6<\/td>\n<td>Come Softly to Me<\/td>\n<td>1987<\/td>\n<\/tr>\n<tr>\n<td>7<\/td>\n<td>Nobody Else<\/td>\n<td>1987<\/td>\n<\/tr>\n<tr>\n<td>8<\/td>\n<td>The Man in Me<\/td>\n<td>1987<\/td>\n<\/tr>\n<tr>\n<td>9<\/td>\n<td>Turn It Up<\/td>\n<td>1988<\/td>\n<\/tr>\n<tr>\n<td>10<\/td>\n<td>Any Day Now<\/td>\n<td>1987<\/td>\n<\/tr>\n<tr>\n<td>11<\/td>\n<td>You Are<\/td>\n<td>1990<\/td>\n<\/tr>\n<tr>\n<td><\/td>\n<td><\/td>\n<td><\/td>\n<\/tr>\n<\/tbody>\n<\/table>\n<p>&nbsp;<\/p>\n<\/div>\n<\/div>\n<div class=\"epyt-video-wrapper\"><iframe loading=\"lazy\"  id=\"_ytid_24080\"  width=\"618\" height=\"347\"  data-origwidth=\"618\" data-origheight=\"347\" src=\"https:\/\/www.youtube.com\/embed\/umpXSfs7Zdg?enablejsapi=1&#038;autoplay=0&#038;cc_load_policy=0&#038;cc_lang_pref=&#038;iv_load_policy=1&#038;loop=0&#038;modestbranding=0&#038;rel=1&#038;fs=1&#038;playsinline=0&#038;autohide=2&#038;theme=dark&#038;color=red&#038;controls=1&#038;\" class=\"__youtube_prefs__  epyt-is-override  no-lazyload\" title=\"YouTube player\"  allow=\"fullscreen; accelerometer; autoplay; clipboard-write; encrypted-media; gyroscope; picture-in-picture\" allowfullscreen data-no-lazy=\"1\" data-skipgform_ajax_framebjll=\"\"><\/iframe><\/div>\n","protected":false},"excerpt":{"rendered":"<p>&nbsp; Fecha de Nacimiento 15 de abril de 1962 &nbsp; Fecha de Fallecimiento:\u00a04 de mayo de 2021 &nbsp; Biograf\u00eda &nbsp; Nick Kamen (Harlow, Essex, Inglaterra; 15 de abril de 1962) -nacido como Nicholas Ivor Kamen- es un cantante, compositor y modelo ingl\u00e9s. Desde peque\u00f1o sinti\u00f3 una gran atracci\u00f3n por la m\u00fasica inculcada por su hermano &hellip;<\/p>\n","protected":false},"author":1,"featured_media":0,"parent":0,"menu_order":0,"comment_status":"closed","ping_status":"closed","template":"","meta":{"footnotes":""},"class_list":["post-28341","page","type-page","status-publish",""],"jetpack_sharing_enabled":true,"_links":{"self":[{"href":"http:\/\/mickyandoniehn.com\/radio\/wp-json\/wp\/v2\/pages\/28341","targetHints":{"allow":["GET"]}}],"collection":[{"href":"http:\/\/mickyandoniehn.com\/radio\/wp-json\/wp\/v2\/pages"}],"about":[{"href":"http:\/\/mickyandoniehn.com\/radio\/wp-json\/wp\/v2\/types\/page"}],"author":[{"embeddable":true,"href":"http:\/\/mickyandoniehn.com\/radio\/wp-json\/wp\/v2\/users\/1"}],"replies":[{"embeddable":true,"href":"http:\/\/mickyandoniehn.com\/radio\/wp-json\/wp\/v2\/comments?post=28341"}],"version-history":[{"count":3,"href":"http:\/\/mickyandoniehn.com\/radio\/wp-json\/wp\/v2\/pages\/28341\/revisions"}],"predecessor-version":[{"id":70040,"href":"http:\/\/mickyandoniehn.com\/radio\/wp-json\/wp\/v2\/pages\/28341\/revisions\/70040"}],"wp:attachment":[{"href":"http:\/\/mickyandoniehn.com\/radio\/wp-json\/wp\/v2\/media?parent=28341"}],"curies":[{"name":"wp","href":"https:\/\/api.w.org\/{rel}","templated":true}]}}