{"id":28329,"date":"2022-08-26T09:07:56","date_gmt":"2022-08-26T15:07:56","guid":{"rendered":"https:\/\/mickyandoniehn.com\/radio\/?page_id=28329"},"modified":"2024-04-01T17:41:16","modified_gmt":"2024-04-01T23:41:16","slug":"al-green","status":"publish","type":"page","link":"http:\/\/mickyandoniehn.com\/radio\/al-green\/","title":{"rendered":"Al Green"},"content":{"rendered":"<p style=\"text-align: justify;\"><img loading=\"lazy\" decoding=\"async\" class=\" wp-image-69985 aligncenter\" src=\"http:\/\/mickyandoniehn.com\/radio\/wp-content\/uploads\/2023\/04\/Al-Green-245x300.jpg\" alt=\"\" width=\"540\" height=\"661\" srcset=\"http:\/\/mickyandoniehn.com\/radio\/wp-content\/uploads\/2023\/04\/Al-Green-245x300.jpg 245w, http:\/\/mickyandoniehn.com\/radio\/wp-content\/uploads\/2023\/04\/Al-Green.jpg 406w\" sizes=\"auto, (max-width: 540px) 100vw, 540px\" \/><\/p>\n<p>&nbsp;<\/p>\n<p>&nbsp;<\/p>\n<p style=\"text-align: justify;\"><strong>Fecha de Nacimiento<\/strong>: 13 de abril de 1946<\/p>\n<p style=\"text-align: justify;\"><strong>Biograf\u00eda<\/strong><\/p>\n<p style=\"text-align: justify;\">Es un cantante y compositor estadounidense pentecostal. La mayor\u00eda de sus interpretaciones musicales pertenecen a los g\u00e9neros gospel y soul. Ha sido vastamente reconocido por fusionar estos diferentes estilos musicales entre s\u00ed, logrando la uni\u00f3n de lo secular con lo religioso. Durante los a\u00f1os 1970s obtuvo su mayor \u00e9xito, convirti\u00e9ndose en uno de los m\u00fasicos con m\u00e1s superventas de esa \u00e9poca.\u200b En el a\u00f1o 2008, Green recibi\u00f3 un premio por toda su trayectoria art\u00edstica llamado Lifetime Achievement Award durante el evento de premiaci\u00f3n BET Awards.\u200b Su estilo vocal ha sido descrito como un \u00e1spero y c\u00e1lido bar\u00edtono y un et\u00e9reo falsetto.<\/p>\n<p style=\"text-align: justify;\">En el a\u00f1o 2004 la revista Rolling Stone lo coloc\u00f3 en el puesto 65 de su lista de los cien artistas mejores e inmortales de todos los tiempos<\/p>\n<p style=\"text-align: justify;\">Greene empez\u00f3 su carrera musical cuando ten\u00eda nueve a\u00f1os de edad, en un cuarteto conocido como Greene Brothers, en compa\u00f1\u00eda de sus hermanos Robert, Walter y William. Sin embargo, su padre lo expuls\u00f3 de la agrupaci\u00f3n musical debido a que Albert escuchaba la m\u00fasica de Jackie Wilson y porque expres\u00f3 su inter\u00e9s de iniciar una carrera musical.<\/p>\n<p style=\"text-align: justify;\">En 1969, Greene inici\u00f3 su carrera como solista en clubes nocturnos y adopt\u00f3 el nombre art\u00edstico de Al Green. En una de sus presentaciones en Midland, tuvo la oportunidad de conocer al trompetista y vicepresidente de la discogr\u00e1fica Hi Records, Willie Mitchell, el cual despu\u00e9s de ver la presentaci\u00f3n de Green qued\u00f3 impresionado y lo invit\u00f3 a Memphis para que realizaran un \u00e1lbum musical juntos. Mitchell hab\u00eda predicho el \u00e9xito de Green, y lo incentiv\u00f3 a que buscara su propio estilo de voz, en una \u00e9poca en la que el joven artista buscaba imitar a sus \u00eddolos musicales que eran Jackie Wilson, Wilson Pickett, James Brown, y Sam Cooke.<\/p>\n<p style=\"text-align: justify;\"><strong>Biography<\/strong><\/p>\n<p style=\"text-align: justify;\"><strong>Date of Birth<\/strong>\u00a0April 13, 1946<\/p>\n<p style=\"text-align: justify;\">is an American Pentecostal singer and songwriter. Most of his musical performances belong to the gospel and soul genres. He has been widely recognized for fusing these different musical styles with each other, achieving the union of the secular with the religious. During the 1970s he achieved his greatest success, becoming one of the best-selling musicians of that time. In 2008, Green received a Lifetime Achievement Award called the Lifetime Achievement Award during the BET Awards. His vocal style has been described as a rough, warm baritone and an ethereal falsetto.<\/p>\n<p style=\"text-align: justify;\">In 2004, Rolling Stone magazine placed him at number 65 on its list of the hundred best and immortal artists of all time.<\/p>\n<p style=\"text-align: justify;\">Greene began his musical career when he was nine years old, in a quartet known as the Greene Brothers, in the company of his brothers Robert, Walter and William. However, his father expelled him from the musical group because Albert listened to the music of Jackie Wilson and because he expressed his interest in starting a musical career.<\/p>\n<p style=\"text-align: justify;\">In 1969, Greene began his nightclub solo career and adopted the stage name Al Green. At one of his performances in Midland, he had the opportunity to meet the trumpeter and vice president of record label Hi Records, Willie Mitchell, who after seeing Green&#8217;s performance was impressed and invited him to Memphis to make a musical album together. Mitchell had predicted Green&#8217;s success, and encouraged him to seek his own style of voice, at a time when the young artist sought to imitate his musical idols who were Jackie Wilson, Wilson Pickett, James Brown, and Sam Cooke.<\/p>\n<p style=\"text-align: justify;\"><strong>Discograf\u00eda<\/strong><\/p>\n<table width=\"637\">\n<tbody>\n<tr>\n<td style=\"text-align: center;\" width=\"139\"><strong>Genero gospel y soul<\/strong><\/td>\n<td style=\"text-align: center;\" width=\"418\"><strong>Escuchar Musica<\/strong><\/td>\n<td style=\"text-align: center;\" width=\"80\"><strong>A\u00f1o<\/strong><\/td>\n<\/tr>\n<tr>\n<td><\/td>\n<td><\/td>\n<td><\/td>\n<\/tr>\n<tr>\n<td>1<\/td>\n<td>Back Up Train<\/td>\n<td>1967<\/td>\n<\/tr>\n<tr>\n<td>2<\/td>\n<td>Green is Blues<\/td>\n<td>1969<\/td>\n<\/tr>\n<tr>\n<td>3<\/td>\n<td>Al Green Gets Next to You<\/td>\n<td>1971<\/td>\n<\/tr>\n<tr>\n<td>4<\/td>\n<td>Let&#8217;s Stay Together<\/td>\n<td>1972<\/td>\n<\/tr>\n<tr>\n<td>5<\/td>\n<td>I&#8217;m Still in Love with You<\/td>\n<td>1972<\/td>\n<\/tr>\n<tr>\n<td>6<\/td>\n<td>Call Me<\/td>\n<td>1973<\/td>\n<\/tr>\n<tr>\n<td>7<\/td>\n<td>Livin&#8217; for You<\/td>\n<td>1973<\/td>\n<\/tr>\n<tr>\n<td>8<\/td>\n<td>Al Green Explores Your Mind<\/td>\n<td>1974<\/td>\n<\/tr>\n<tr>\n<td>9<\/td>\n<td>Al Green Is Love<\/td>\n<td>1975<\/td>\n<\/tr>\n<tr>\n<td>10<\/td>\n<td>Al Green&#8217;s Greatest Hits<\/td>\n<td>1975<\/td>\n<\/tr>\n<tr>\n<td>11<\/td>\n<td>Full of Fire<\/td>\n<td>1976<\/td>\n<\/tr>\n<tr>\n<td>12<\/td>\n<td>Have a Good Time<\/td>\n<td>1976<\/td>\n<\/tr>\n<tr>\n<td>13<\/td>\n<td>The Belle Album<\/td>\n<td>1977<\/td>\n<\/tr>\n<tr>\n<td>14<\/td>\n<td>Al Green&#8217;s Greatest Hits, Vol. 2<\/td>\n<td>1977<\/td>\n<\/tr>\n<tr>\n<td>15<\/td>\n<td>Truth N&#8217; Time<\/td>\n<td>1978<\/td>\n<\/tr>\n<tr>\n<td>16<\/td>\n<td>The Lord Will Make a Way<\/td>\n<td>1980<\/td>\n<\/tr>\n<tr>\n<td>17<\/td>\n<td>Higher Plane<\/td>\n<td>1981<\/td>\n<\/tr>\n<tr>\n<td>18<\/td>\n<td>Tokyo Live<\/td>\n<td>1981<\/td>\n<\/tr>\n<tr>\n<td>19<\/td>\n<td>Precious Lord<\/td>\n<td>1982<\/td>\n<\/tr>\n<tr>\n<td>20<\/td>\n<td>I&#8217;ll Rise Again<\/td>\n<td>1983<\/td>\n<\/tr>\n<tr>\n<td>21<\/td>\n<td>The Christmas Album<\/td>\n<td>1983<\/td>\n<\/tr>\n<tr>\n<td>22<\/td>\n<td>Trust in God<\/td>\n<td>1984<\/td>\n<\/tr>\n<tr>\n<td>23<\/td>\n<td>He is the Light<\/td>\n<td>1985<\/td>\n<\/tr>\n<tr>\n<td>24<\/td>\n<td>White Christmas<\/td>\n<td>1986<\/td>\n<\/tr>\n<tr>\n<td>25<\/td>\n<td>Soul Survivor<\/td>\n<td>1987<\/td>\n<\/tr>\n<tr>\n<td>26<\/td>\n<td>Hi Life &#8211; The Best of Al Green<\/td>\n<td>1988<\/td>\n<\/tr>\n<tr>\n<td>27<\/td>\n<td>I Get Joy<\/td>\n<td>1989<\/td>\n<\/tr>\n<tr>\n<td>28<\/td>\n<td>Love is Reality<\/td>\n<td>1992<\/td>\n<\/tr>\n<tr>\n<td>29<\/td>\n<td>Gospel Soul<\/td>\n<td>1993<\/td>\n<\/tr>\n<tr>\n<td>30<\/td>\n<td>Your Heart&#8217;s in Good Hands<\/td>\n<td>1995<\/td>\n<\/tr>\n<tr>\n<td>31<\/td>\n<td>Don&#8217;t Look Back<\/td>\n<td>1997<\/td>\n<\/tr>\n<tr>\n<td>32<\/td>\n<td>Take Me to the River (compilaci\u00f3n)<\/td>\n<td>2000<\/td>\n<\/tr>\n<tr>\n<td>33<\/td>\n<td>Feels Like Christmas<\/td>\n<td>2001<\/td>\n<\/tr>\n<tr>\n<td>34<\/td>\n<td>Love &#8211; The Essential Al Green<\/td>\n<td>2002<\/td>\n<\/tr>\n<tr>\n<td>35<\/td>\n<td>I Can&#8217;t Stop<\/td>\n<td>2003<\/td>\n<\/tr>\n<tr>\n<td>36<\/td>\n<td>The Love Songs Collection (compilaci\u00f3n)<\/td>\n<td>2003<\/td>\n<\/tr>\n<tr>\n<td>37<\/td>\n<td>Everything&#8217;s OK<\/td>\n<td>2005<\/td>\n<\/tr>\n<tr>\n<td>38<\/td>\n<td>Lay it Down<\/td>\n<td>2008<\/td>\n<\/tr>\n<tr>\n<td><\/td>\n<td><\/td>\n<td><\/td>\n<\/tr>\n<\/tbody>\n<\/table>\n","protected":false},"excerpt":{"rendered":"<p>&nbsp; &nbsp; Fecha de Nacimiento: 13 de abril de 1946 Biograf\u00eda Es un cantante y compositor estadounidense pentecostal. La mayor\u00eda de sus interpretaciones musicales pertenecen a los g\u00e9neros gospel y soul. Ha sido vastamente reconocido por fusionar estos diferentes estilos musicales entre s\u00ed, logrando la uni\u00f3n de lo secular con lo religioso. Durante los a\u00f1os &hellip;<\/p>\n","protected":false},"author":1,"featured_media":0,"parent":0,"menu_order":0,"comment_status":"closed","ping_status":"closed","template":"","meta":{"footnotes":""},"class_list":["post-28329","page","type-page","status-publish",""],"jetpack_sharing_enabled":true,"_links":{"self":[{"href":"http:\/\/mickyandoniehn.com\/radio\/wp-json\/wp\/v2\/pages\/28329","targetHints":{"allow":["GET"]}}],"collection":[{"href":"http:\/\/mickyandoniehn.com\/radio\/wp-json\/wp\/v2\/pages"}],"about":[{"href":"http:\/\/mickyandoniehn.com\/radio\/wp-json\/wp\/v2\/types\/page"}],"author":[{"embeddable":true,"href":"http:\/\/mickyandoniehn.com\/radio\/wp-json\/wp\/v2\/users\/1"}],"replies":[{"embeddable":true,"href":"http:\/\/mickyandoniehn.com\/radio\/wp-json\/wp\/v2\/comments?post=28329"}],"version-history":[{"count":2,"href":"http:\/\/mickyandoniehn.com\/radio\/wp-json\/wp\/v2\/pages\/28329\/revisions"}],"predecessor-version":[{"id":70038,"href":"http:\/\/mickyandoniehn.com\/radio\/wp-json\/wp\/v2\/pages\/28329\/revisions\/70038"}],"wp:attachment":[{"href":"http:\/\/mickyandoniehn.com\/radio\/wp-json\/wp\/v2\/media?parent=28329"}],"curies":[{"name":"wp","href":"https:\/\/api.w.org\/{rel}","templated":true}]}}