{"id":28326,"date":"2022-08-26T09:07:22","date_gmt":"2022-08-26T15:07:22","guid":{"rendered":"https:\/\/mickyandoniehn.com\/radio\/?page_id=28326"},"modified":"2024-04-01T17:39:55","modified_gmt":"2024-04-01T23:39:55","slug":"johnny-dodds","status":"publish","type":"page","link":"http:\/\/mickyandoniehn.com\/radio\/johnny-dodds\/","title":{"rendered":"Johnny Dodds"},"content":{"rendered":"<p style=\"text-align: justify;\"><img loading=\"lazy\" decoding=\"async\" class=\" wp-image-69982 aligncenter\" src=\"http:\/\/mickyandoniehn.com\/radio\/wp-content\/uploads\/2023\/04\/Johnny-Dodds-237x300.jpg\" alt=\"\" width=\"488\" height=\"618\" srcset=\"http:\/\/mickyandoniehn.com\/radio\/wp-content\/uploads\/2023\/04\/Johnny-Dodds-237x300.jpg 237w, http:\/\/mickyandoniehn.com\/radio\/wp-content\/uploads\/2023\/04\/Johnny-Dodds-809x1024.jpg 809w, http:\/\/mickyandoniehn.com\/radio\/wp-content\/uploads\/2023\/04\/Johnny-Dodds-768x972.jpg 768w, http:\/\/mickyandoniehn.com\/radio\/wp-content\/uploads\/2023\/04\/Johnny-Dodds-1214x1536.jpg 1214w, http:\/\/mickyandoniehn.com\/radio\/wp-content\/uploads\/2023\/04\/Johnny-Dodds.jpg 1304w\" sizes=\"auto, (max-width: 488px) 100vw, 488px\" \/><\/p>\n<p>&nbsp;<\/p>\n<div class=\"cxmmr5t8 oygrvhab hcukyx3x c1et5uql o9v6fnle\" style=\"text-align: justify;\">\n<div dir=\"auto\"><strong>Fecha de Nacimiento<\/strong> 12 de abril de 1892<\/div>\n<p>&nbsp;<\/p>\n<div dir=\"auto\"><\/div>\n<div dir=\"auto\"><strong>Fecha de Fallecimiento<\/strong> 8 de agosto de 1940<\/div>\n<p>&nbsp;<\/p>\n<div dir=\"auto\"><\/div>\n<\/div>\n<div class=\"cxmmr5t8 oygrvhab hcukyx3x c1et5uql o9v6fnle\" style=\"text-align: justify;\">\n<div dir=\"auto\"><strong>Biograf\u00eda:<\/strong><\/div>\n<p>&nbsp;<\/p>\n<div dir=\"auto\"><\/div>\n<div dir=\"auto\">Fue un clarinetista y saxofonista de hot-jazz, estadounidense, nacido en Nueva Orleans (Luisiana) el 12 de abril de 1892, y fallecido en Chicago (Illinois) el 8 de agosto de 1940.<\/div>\n<p>&nbsp;<\/p>\n<div dir=\"auto\"><\/div>\n<\/div>\n<div class=\"cxmmr5t8 oygrvhab hcukyx3x c1et5uql o9v6fnle\" style=\"text-align: justify;\">\n<div dir=\"auto\">Estudi\u00f3 clarinete con Lorenzo Tio y se enrol\u00f3 en la banda del trombonista Kid Ory, en la que permaneci\u00f3 entre 1911 y 1918, tras lo cual estuvo en una compa\u00f1\u00eda de vodevil, con Billy Mack, y en un riverboat, en la banda de Fate Marable. Se traslad\u00f3 a Chicago, en 1920, llamado por Joe King Oliver, con quien estuvo hasta 1924.<\/div>\n<p>&nbsp;<\/p>\n<div dir=\"auto\"><\/div>\n<\/div>\n<div class=\"cxmmr5t8 oygrvhab hcukyx3x c1et5uql o9v6fnle\" style=\"text-align: justify;\">\n<div dir=\"auto\">Form\u00f3 su propio grupo, que estuvo de residente en el Kelly&#8217;s Stables y, entre 1925 y 1930, grab\u00f3 con numerosas cantantes: Ida Cox, Viola Bartlett y otras, adem\u00e1s de grabar con los Hot Five de Louis Armstrong, con Jelly Roll Morton y otros m\u00fasicos. Tras unos a\u00f1os de silencio, vuelve a grabar en 1938, con el trompetista Charlie Shavers y con Lilian Hardin.<\/div>\n<p>&nbsp;<\/p>\n<div dir=\"auto\"><\/div>\n<\/div>\n<div class=\"cxmmr5t8 oygrvhab hcukyx3x c1et5uql o9v6fnle\" style=\"text-align: justify;\">\n<div dir=\"auto\">Johnny Dodds fue un ejecutante, b\u00e1sicamente, de peque\u00f1os combos, en los que se convert\u00eda en insustituible. Generaba exquisitas frases mel\u00f3dicas, mudando sucesivamente los esquemas y la entonaci\u00f3n robusta, graduando su vibrato caracter\u00edstico. Destacado int\u00e9rprete de blues, era un magn\u00edfico improvisador colectivo, maestro en el contrapunto a la trompeta y al tromb\u00f3n.<\/div>\n<p>&nbsp;<\/p>\n<div dir=\"auto\"><\/div>\n<\/div>\n<div class=\"cxmmr5t8 oygrvhab hcukyx3x c1et5uql o9v6fnle\" style=\"text-align: justify;\">\n<div dir=\"auto\">Influy\u00f3 a un gran n\u00famero de clarinetistas, entre los que destacan Buster Bailey y Mezz Mezzrow.<\/div>\n<p>&nbsp;<\/p>\n<div dir=\"auto\"><\/div>\n<\/div>\n<div class=\"cxmmr5t8 oygrvhab hcukyx3x c1et5uql o9v6fnle\" style=\"text-align: justify;\">\n<div dir=\"auto\">Fallece de un ataque card\u00edaco en 1940, tras una sesi\u00f3n de grabaci\u00f3n con Natty Dominique.<\/div>\n<p>&nbsp;<\/p>\n<div dir=\"auto\"><\/div>\n<\/div>\n<div class=\"cxmmr5t8 oygrvhab hcukyx3x c1et5uql o9v6fnle\" style=\"text-align: justify;\">\n<div dir=\"auto\"><strong>Wikipedia in English<\/strong><\/div>\n<p>&nbsp;<\/p>\n<div dir=\"auto\"><\/div>\n<\/div>\n<div class=\"cxmmr5t8 oygrvhab hcukyx3x c1et5uql o9v6fnle\" style=\"text-align: justify;\">\n<div dir=\"auto\"><strong>Biography:<\/strong><\/div>\n<p>&nbsp;<\/p>\n<div dir=\"auto\"><\/div>\n<div dir=\"auto\"><strong>Date of Birth<\/strong> April 12, 1892<\/div>\n<p>&nbsp;<\/p>\n<div dir=\"auto\"><\/div>\n<div dir=\"auto\"><strong>Date of Death<\/strong> August 8, 1940<\/div>\n<p>&nbsp;<\/p>\n<div dir=\"auto\"><\/div>\n<\/div>\n<div class=\"cxmmr5t8 oygrvhab hcukyx3x c1et5uql o9v6fnle\" style=\"text-align: justify;\">\n<div dir=\"auto\">He was a clarinetist and saxophonist of hot-jazz, American, born in New Orleans (Louisiana) on April 12, 1892, and died in Chicago (Illinois) on August 8, 1940.<\/div>\n<p>&nbsp;<\/p>\n<div dir=\"auto\"><\/div>\n<\/div>\n<div class=\"cxmmr5t8 oygrvhab hcukyx3x c1et5uql o9v6fnle\" style=\"text-align: justify;\">\n<div dir=\"auto\">He studied clarinet with Lorenzo Tio and joined the band of the trombonist Kid Ory, in which he remained between 1911 and 1918, after which he was in a vaudeville company, with Billy Mack, and on a riverboat, in the Fate Marable band. . He moved to Chicago in 1920, called by Joe King Oliver, with whom he was until 1924.<\/div>\n<p>&nbsp;<\/p>\n<div dir=\"auto\"><\/div>\n<\/div>\n<div class=\"cxmmr5t8 oygrvhab hcukyx3x c1et5uql o9v6fnle\" style=\"text-align: justify;\">\n<div dir=\"auto\">He formed his own group, which was a resident at Kelly&#8217;s Stables and, between 1925 and 1930, recorded with numerous singers: Ida Cox, Viola Bartlett and others, as well as recording with Louis Armstrong&#8217;s Hot Five, with Jelly Roll Morton and others. musicians. After a few years of silence, he recorded again in 1938, with the trumpeter Charlie Shavers and with Lilian Hardin.<\/div>\n<p>&nbsp;<\/p>\n<div dir=\"auto\"><\/div>\n<\/div>\n<div class=\"cxmmr5t8 oygrvhab hcukyx3x c1et5uql o9v6fnle\" style=\"text-align: justify;\">\n<div dir=\"auto\">Johnny Dodds was a player, basically, of small combos, in which he became irreplaceable. It generated exquisite melodic phrases, successively changing the patterns and robust intonation, graduating its characteristic vibrato.<\/div>\n<p>&nbsp;<\/p>\n<div dir=\"auto\"><\/div>\n<div dir=\"auto\">An outstanding blues player, he was a magnificent collective improviser, master of counterpoint to the trumpet and trombone. He influenced a large number of clarinetists, including Buster Bailey and Mezz Mezzrow.<\/div>\n<p>&nbsp;<\/p>\n<div dir=\"auto\"><\/div>\n<\/div>\n<div class=\"cxmmr5t8 oygrvhab hcukyx3x c1et5uql o9v6fnle\" style=\"text-align: justify;\">\n<div dir=\"auto\">He died of a heart attack in 1940, after a recording session with Natty Dominique.<\/div>\n<p>&nbsp;<\/p>\n<\/div>\n<div dir=\"auto\" style=\"text-align: justify;\">\n<p><strong>Discograf\u00eda:<\/strong><\/p>\n<table width=\"637\">\n<tbody>\n<tr>\n<td style=\"text-align: center;\" width=\"139\"><strong>Genero Jazz<\/strong><\/td>\n<td style=\"text-align: center;\" width=\"418\"><strong>Escuchar Musica<\/strong><\/td>\n<td style=\"text-align: center;\" width=\"80\"><strong>A\u00f1o<\/strong><\/td>\n<\/tr>\n<tr>\n<td style=\"text-align: center;\"><\/td>\n<td style=\"text-align: center;\"><strong>Albums<\/strong><\/td>\n<td style=\"text-align: center;\"><\/td>\n<\/tr>\n<tr>\n<td><\/td>\n<td><\/td>\n<td><\/td>\n<\/tr>\n<tr>\n<td>1<\/td>\n<td>The King of New Orleans Clarinets (Volume One)<\/td>\n<td>1945<\/td>\n<\/tr>\n<tr>\n<td>2<\/td>\n<td>Johnny Dodds<\/td>\n<td>1981<\/td>\n<\/tr>\n<tr>\n<td><\/td>\n<td><\/td>\n<td><\/td>\n<\/tr>\n<\/tbody>\n<\/table>\n<p>&nbsp;<\/p>\n<\/div>\n<div class=\"epyt-video-wrapper\"><iframe loading=\"lazy\"  id=\"_ytid_37671\"  width=\"618\" height=\"347\"  data-origwidth=\"618\" data-origheight=\"347\" src=\"https:\/\/www.youtube.com\/embed\/GwJ7ZUbgGJk?enablejsapi=1&#038;autoplay=0&#038;cc_load_policy=0&#038;cc_lang_pref=&#038;iv_load_policy=1&#038;loop=0&#038;modestbranding=0&#038;rel=1&#038;fs=1&#038;playsinline=0&#038;autohide=2&#038;theme=dark&#038;color=red&#038;controls=1&#038;\" class=\"__youtube_prefs__  epyt-is-override  no-lazyload\" title=\"YouTube player\"  allow=\"fullscreen; accelerometer; autoplay; clipboard-write; encrypted-media; gyroscope; picture-in-picture\" allowfullscreen data-no-lazy=\"1\" data-skipgform_ajax_framebjll=\"\"><\/iframe><\/div>\n","protected":false},"excerpt":{"rendered":"<p>&nbsp; Fecha de Nacimiento 12 de abril de 1892 &nbsp; Fecha de Fallecimiento 8 de agosto de 1940 &nbsp; Biograf\u00eda: &nbsp; Fue un clarinetista y saxofonista de hot-jazz, estadounidense, nacido en Nueva Orleans (Luisiana) el 12 de abril de 1892, y fallecido en Chicago (Illinois) el 8 de agosto de 1940. &nbsp; Estudi\u00f3 clarinete con &hellip;<\/p>\n","protected":false},"author":1,"featured_media":0,"parent":0,"menu_order":0,"comment_status":"closed","ping_status":"closed","template":"","meta":{"footnotes":""},"class_list":["post-28326","page","type-page","status-publish",""],"jetpack_sharing_enabled":true,"_links":{"self":[{"href":"http:\/\/mickyandoniehn.com\/radio\/wp-json\/wp\/v2\/pages\/28326","targetHints":{"allow":["GET"]}}],"collection":[{"href":"http:\/\/mickyandoniehn.com\/radio\/wp-json\/wp\/v2\/pages"}],"about":[{"href":"http:\/\/mickyandoniehn.com\/radio\/wp-json\/wp\/v2\/types\/page"}],"author":[{"embeddable":true,"href":"http:\/\/mickyandoniehn.com\/radio\/wp-json\/wp\/v2\/users\/1"}],"replies":[{"embeddable":true,"href":"http:\/\/mickyandoniehn.com\/radio\/wp-json\/wp\/v2\/comments?post=28326"}],"version-history":[{"count":3,"href":"http:\/\/mickyandoniehn.com\/radio\/wp-json\/wp\/v2\/pages\/28326\/revisions"}],"predecessor-version":[{"id":70037,"href":"http:\/\/mickyandoniehn.com\/radio\/wp-json\/wp\/v2\/pages\/28326\/revisions\/70037"}],"wp:attachment":[{"href":"http:\/\/mickyandoniehn.com\/radio\/wp-json\/wp\/v2\/media?parent=28326"}],"curies":[{"name":"wp","href":"https:\/\/api.w.org\/{rel}","templated":true}]}}