{"id":28324,"date":"2022-08-26T09:06:26","date_gmt":"2022-08-26T15:06:26","guid":{"rendered":"https:\/\/mickyandoniehn.com\/radio\/?page_id=28324"},"modified":"2024-04-01T17:39:17","modified_gmt":"2024-04-01T23:39:17","slug":"esthercita-nieto","status":"publish","type":"page","link":"http:\/\/mickyandoniehn.com\/radio\/esthercita-nieto\/","title":{"rendered":"Esthercita Nieto"},"content":{"rendered":"<p><img loading=\"lazy\" decoding=\"async\" class=\" wp-image-69977 aligncenter\" src=\"http:\/\/mickyandoniehn.com\/radio\/wp-content\/uploads\/2023\/04\/Esthercita-Nieto-300x237.jpg\" alt=\"\" width=\"597\" height=\"472\" srcset=\"http:\/\/mickyandoniehn.com\/radio\/wp-content\/uploads\/2023\/04\/Esthercita-Nieto-300x237.jpg 300w, http:\/\/mickyandoniehn.com\/radio\/wp-content\/uploads\/2023\/04\/Esthercita-Nieto.jpg 345w\" sizes=\"auto, (max-width: 597px) 100vw, 597px\" \/><\/p>\n<p>&nbsp;<\/p>\n<p>&nbsp;<\/p>\n<p><strong>Fecha de Nacimiento:<\/strong> 11 de abril de 1944<\/p>\n<p><strong>Biografia<\/strong><\/p>\n<p>Naci\u00f3 en Las Guabas, Proviene de una familia llena de cantantes.<\/p>\n<p>Esthercita era la esposa del folklorista y periodista To\u00f1o D\u00edaz (fallecido), con el cual tuvieron dos hijos Diamar D\u00edaz y Juan Antonio D\u00edaz.<\/p>\n<p>Perdi\u00f3 la timidez de los escenarios cantando junto a Midas Alfonso G\u00f3mez de La Arena, Chitr\u00e9. Luego cant\u00f3 junto a Nato Monga y sinti\u00f3 mas confianza cantando con su hermano Ceferino.<\/p>\n<p>Esthercita ha grabado varios discos junto a su hermano Ceferino, uno de estos es Amanecer en el campo. Ceferino tambi\u00e9n la ha acompa\u00f1ado a varias giras entre estas Nicaragua, Colombia y Costa Rica.<\/p>\n<p>En su discograf\u00eda se puede decir que ha grabado m\u00e1s de 15 LP, cerca de 45 sencillos y 5 Discos.<\/p>\n<p><strong>Date of Birth:<\/strong> April 11, 1944<\/p>\n<p><strong>Biography<\/strong><\/p>\n<p>He was born in Las Guabas, he comes from a family full of singers.<\/p>\n<p>Esthercita was the wife of the folklorist and journalist To\u00f1o D\u00edaz (deceased), with whom they had two children, Diamar D\u00edaz and Juan Antonio D\u00edaz.<\/p>\n<p>He lost the shyness of the stage singing with Midas Alfonso G\u00f3mez from La Arena, Chitr\u00e9. Later he sang with Nato Monga and felt more confident singing with his brother Ceferino.<\/p>\n<p>Esthercita has recorded several albums with her brother Ceferino, one of which is Amanecer en el campo. Ceferino has also accompanied her on several tours including Nicaragua, Colombia and Costa Rica.<\/p>\n<p>In his discography it can be said that he has recorded more than 15 LPs, about 45 singles and 5 albums.<\/p>\n<p><strong>Discografia<\/strong><\/p>\n<table width=\"508\">\n<tbody>\n<tr>\n<td style=\"text-align: center;\" width=\"142\"><b>Temas Musica T\u00edpica de Panama<\/b><\/td>\n<td style=\"text-align: center;\" width=\"232\"><strong>Escuchar tema<\/strong><\/td>\n<td style=\"text-align: center;\" width=\"134\"><strong>A\u00f1o de Publicaci\u00f3n<\/strong><\/td>\n<\/tr>\n<tr>\n<td style=\"text-align: center;\"><\/td>\n<td style=\"text-align: center;\"><strong>Triunfa otra vez<\/strong><\/td>\n<td style=\"text-align: center;\"><strong>1982<\/strong><\/td>\n<\/tr>\n<tr>\n<td>1<\/td>\n<td>Caballo Viejo<\/td>\n<td><\/td>\n<\/tr>\n<tr>\n<td>2<\/td>\n<td>Malditos Celos<\/td>\n<td><\/td>\n<\/tr>\n<tr>\n<td>3<\/td>\n<td>Por Tu Desprecio<\/td>\n<td><\/td>\n<\/tr>\n<tr>\n<td>4<\/td>\n<td>Sangre Latina<\/td>\n<td><\/td>\n<\/tr>\n<tr>\n<td>5<\/td>\n<td>Remolino<\/td>\n<td><\/td>\n<\/tr>\n<tr>\n<td>6<\/td>\n<td>Tengo Una Novia<\/td>\n<td><\/td>\n<\/tr>\n<tr>\n<td>7<\/td>\n<td>Sto. Domingo En Parita<\/td>\n<td><\/td>\n<\/tr>\n<tr>\n<td>8<\/td>\n<td colspan=\"2\">Me Mata Mi Maye \/ El Manicero \/ El Que Siembra Su Ma\u00edz<\/td>\n<\/tr>\n<tr>\n<td><\/td>\n<td><\/td>\n<td><\/td>\n<\/tr>\n<\/tbody>\n<\/table>\n<p><a href=\"https:\/\/es.wikipedia.org\/wiki\/Esthercita_Nieto\">https:\/\/es.wikipedia.org\/wiki\/Esthercita_Nieto<\/a><\/p>\n<p><a href=\"http:\/\/mejorescanciones.es\/esthercita-nieto-y-conjunto-nuevo-bella-luna\">http:\/\/mejorescanciones.es\/esthercita-nieto-y-conjunto-nuevo-bella-luna<\/a><\/p>\n<div class=\"epyt-video-wrapper\"><iframe loading=\"lazy\"  id=\"_ytid_22707\"  width=\"618\" height=\"347\"  data-origwidth=\"618\" data-origheight=\"347\" src=\"https:\/\/www.youtube.com\/embed\/AcKx4XEk0O4?enablejsapi=1&#038;autoplay=0&#038;cc_load_policy=0&#038;cc_lang_pref=&#038;iv_load_policy=1&#038;loop=0&#038;modestbranding=0&#038;rel=1&#038;fs=1&#038;playsinline=0&#038;autohide=2&#038;theme=dark&#038;color=red&#038;controls=1&#038;\" class=\"__youtube_prefs__  epyt-is-override  no-lazyload\" title=\"YouTube player\"  allow=\"fullscreen; accelerometer; autoplay; clipboard-write; encrypted-media; gyroscope; picture-in-picture\" allowfullscreen data-no-lazy=\"1\" data-skipgform_ajax_framebjll=\"\"><\/iframe><\/div>\n","protected":false},"excerpt":{"rendered":"<p>&nbsp; &nbsp; Fecha de Nacimiento: 11 de abril de 1944 Biografia Naci\u00f3 en Las Guabas, Proviene de una familia llena de cantantes. Esthercita era la esposa del folklorista y periodista To\u00f1o D\u00edaz (fallecido), con el cual tuvieron dos hijos Diamar D\u00edaz y Juan Antonio D\u00edaz. Perdi\u00f3 la timidez de los escenarios cantando junto a Midas &hellip;<\/p>\n","protected":false},"author":1,"featured_media":0,"parent":0,"menu_order":0,"comment_status":"closed","ping_status":"closed","template":"","meta":{"footnotes":""},"class_list":["post-28324","page","type-page","status-publish",""],"jetpack_sharing_enabled":true,"_links":{"self":[{"href":"http:\/\/mickyandoniehn.com\/radio\/wp-json\/wp\/v2\/pages\/28324","targetHints":{"allow":["GET"]}}],"collection":[{"href":"http:\/\/mickyandoniehn.com\/radio\/wp-json\/wp\/v2\/pages"}],"about":[{"href":"http:\/\/mickyandoniehn.com\/radio\/wp-json\/wp\/v2\/types\/page"}],"author":[{"embeddable":true,"href":"http:\/\/mickyandoniehn.com\/radio\/wp-json\/wp\/v2\/users\/1"}],"replies":[{"embeddable":true,"href":"http:\/\/mickyandoniehn.com\/radio\/wp-json\/wp\/v2\/comments?post=28324"}],"version-history":[{"count":4,"href":"http:\/\/mickyandoniehn.com\/radio\/wp-json\/wp\/v2\/pages\/28324\/revisions"}],"predecessor-version":[{"id":70036,"href":"http:\/\/mickyandoniehn.com\/radio\/wp-json\/wp\/v2\/pages\/28324\/revisions\/70036"}],"wp:attachment":[{"href":"http:\/\/mickyandoniehn.com\/radio\/wp-json\/wp\/v2\/media?parent=28324"}],"curies":[{"name":"wp","href":"https:\/\/api.w.org\/{rel}","templated":true}]}}