{"id":28319,"date":"2022-08-26T09:05:21","date_gmt":"2022-08-26T15:05:21","guid":{"rendered":"https:\/\/mickyandoniehn.com\/radio\/?page_id=28319"},"modified":"2024-04-01T17:34:43","modified_gmt":"2024-04-01T23:34:43","slug":"alvaro-torres","status":"publish","type":"page","link":"http:\/\/mickyandoniehn.com\/radio\/alvaro-torres\/","title":{"rendered":"\u00c1lvaro Torres"},"content":{"rendered":"<p style=\"text-align: justify;\"><img loading=\"lazy\" decoding=\"async\" class=\" wp-image-69975 aligncenter\" src=\"http:\/\/mickyandoniehn.com\/radio\/wp-content\/uploads\/2023\/04\/Alvaro-Torres.jpeg\" alt=\"\" width=\"504\" height=\"511\" \/><\/p>\n<p>&nbsp;<\/p>\n<p style=\"text-align: justify;\"><strong>Fecha de Nacimiento:<\/strong> 09 de abril de 1954<\/p>\n<p>&nbsp;<\/p>\n<p style=\"text-align: justify;\"><strong>Biografia<\/strong><\/p>\n<p>&nbsp;<\/p>\n<p style=\"text-align: justify;\">\u00c1lvaro Torres naci\u00f3 en Hacienda Nueva, municipio de Concepci\u00f3n Batres, departamento de Usulut\u00e1n, Rep\u00fablica de El Salvador. Creci\u00f3 en la regi\u00f3n del Bajo Lempa, concretamente en el cant\u00f3n Los Linderos a orillas del R\u00edo Lempa.<\/p>\n<p>&nbsp;<\/p>\n<p style=\"text-align: justify;\">Sus padres, Mar\u00eda del Carmen Torres y Jos\u00e9 Germ\u00e1n Ibarra se separaron cuando \u00e9l ten\u00eda dos a\u00f1os de edad y a pesar de no haberse criado con su padre, fue de \u00e9l que hered\u00f3 su hermoso talento y la pasi\u00f3n por la m\u00fasica.<\/p>\n<p>&nbsp;<\/p>\n<p style=\"text-align: justify;\">Entre sus canciones m\u00e1s conocidas est\u00e1n: &#8220;Chiquita m\u00eda&#8221;, &#8220;He vivido esperando por ti&#8221;, &#8220;De Punta a punta&#8221;, &#8220;Hazme olvidarla&#8221;, &#8220;Yo Te seguir\u00e9 queriendo&#8221;, &#8220;Mi verdadero amor&#8221;, &#8220;Si estuvieras conmigo&#8221;, &#8220;Te va a doler&#8221;, &#8220;Tres&#8221;, &#8220;Yo te seguir\u00e9 queriendo&#8221;, &#8220;Stress&#8221;, &#8220;Ojal\u00e1&#8221;, &#8220;Todo se paga&#8221;, &#8220;Amor que mata&#8221;, &#8220;Lo que se dice olvidar&#8221;, &#8220;Reencuentro&#8221;, &#8220;Nada se compara contigo&#8221;, &#8220;Te olvidar\u00e9&#8221;, &#8220;El \u00daltimo Rom\u00e1ntico&#8221;, &#8220;A ti mi amor&#8221;, &#8220;Al acecho&#8221;, &#8220;M\u00e1s rom\u00e1ntico que nadie&#8221;, &#8220;Ni t\u00fa ni ella&#8221;, &#8220;Espacios vac\u00edos&#8221;, &#8220;Al\u00e9jate de m\u00ed&#8221;, entre muchas otras. Ha cantado a d\u00fao con cantantes mexicanas como: Dulce, con el tema &#8220;Nuestro Amor&#8221;; Marisela, con la canci\u00f3n &#8220;Mi amor por ti&#8221;; Tatiana, con quien grab\u00f3 &#8220;Quiero volver a tu lado&#8221;; y Selena, con quien interpret\u00f3 &#8220;Buenos Amigos&#8221;. Adem\u00e1s de otros duetos grab\u00f3 con Jos\u00e9 Feliciano en el a\u00f1o 2005 el tema &#8220;No Me Vuelvo A Enamorar&#8221; y &#8220;He Venido a Pedirte Perd\u00f3n&#8221;, canciones incluidas en el \u00e1lbum \u00c1lvaro Torres Interpreta a Juan Gabriel en Boleros. A lo largo de su trayectoria ha obtenido muchos reconocimientos entre ellos varios discos de oro y platino.<\/p>\n<p>&nbsp;<\/p>\n<p style=\"text-align: justify;\"><strong>Date of Birth:<\/strong> April 09, 1954<\/p>\n<p>&nbsp;<\/p>\n<p style=\"text-align: justify;\"><strong>Biography<\/strong><\/p>\n<p>&nbsp;<\/p>\n<p style=\"text-align: justify;\">\u00c1lvaro Torres was born in Hacienda Nueva, municipality of Concepci\u00f3n Batres, department of Usulutan, Republic of El Salvador. He grew up in the Bajo Lempa region, specifically in the Los Linderos cant\u00f3n on the banks of the Lempa River.<\/p>\n<p>&nbsp;<\/p>\n<p style=\"text-align: justify;\">His parents, Mar\u00eda del Carmen Torres and Jos\u00e9 Germ\u00e1n Ibarra, separated when he was two years old and despite not having grown up with his father, it was from him that he inherited his beautiful talent and passion for music.<\/p>\n<p style=\"text-align: justify;\">Among his best-known songs are: &#8220;My little girl&#8221;, &#8220;I have lived waiting for you&#8221;, &#8220;From end to end&#8221;, &#8220;Make me forget her&#8221;, &#8220;I will continue to love you&#8221;, &#8220;My true love&#8221;, &#8220;If you were with me&#8221; , &#8220;It&#8217;s going to hurt&#8221;, &#8220;Three&#8221;, &#8220;I&#8217;ll still love you&#8221;, &#8220;Stress&#8221;, &#8220;Hopefully&#8221;, &#8220;Everything is paid&#8221;, &#8220;Love that kills&#8221;, &#8220;What is said to forget&#8221;, &#8220;Reunion&#8221; , &#8220;Nothing compares to you&#8221;, &#8220;I will forget you&#8221;, &#8220;The Last Romantic&#8221;, &#8220;To you my love&#8221;, &#8220;On the prowl&#8221;, &#8220;More romantic than anyone&#8221;, &#8220;Neither you nor her&#8221;, &#8220;Empty spaces&#8221;, &#8220;Get away from me&#8221;, among many others. He has sung a duet with Mexican singers such as: Dulce, with the song &#8220;Our Love&#8221;; Marisela, with the song &#8220;My love for you&#8221;; Tatiana, with whom he recorded &#8220;I want to return to your side&#8221;; and Selena, with whom she performed &#8220;Buenos Amigos.&#8221; In addition to other duets, he recorded with Jos\u00e9 Feliciano in 2005 the song &#8220;No Me Vuelvo A Enamorar&#8221; and &#8220;I&#8217;ve Come to Ask You Forgiveness&#8221;, songs included in the album \u00c1lvaro Torres Interprets Juan Gabriel in Boleros. Throughout his career he has obtained many awards, including several gold and platinum records.<\/p>\n<p>&nbsp;<\/p>\n<p style=\"text-align: justify;\"><strong>Discografia<\/strong><\/p>\n<p>&nbsp;<\/p>\n<table width=\"429\">\n<tbody>\n<tr>\n<td style=\"text-align: center;\" width=\"178\"><strong>Musica T\u00edpica del El Salvador<\/strong><\/td>\n<td style=\"text-align: center;\" width=\"187\"><strong>Escuchar tema<\/strong><\/td>\n<td style=\"text-align: center;\" width=\"64\"><strong>A\u00f1o de Publicaci\u00f3n<\/strong><\/td>\n<\/tr>\n<tr>\n<td>1<\/td>\n<td>Acar\u00edciame<\/td>\n<td><\/td>\n<\/tr>\n<tr>\n<td>2<\/td>\n<td>Algo Mas Que Tu Cuerpo<\/td>\n<td><\/td>\n<\/tr>\n<tr>\n<td>3<\/td>\n<td>Deja Que Mi Corazon Te Ame<\/td>\n<td><\/td>\n<\/tr>\n<tr>\n<td>4<\/td>\n<td>Hoy no te vi<\/td>\n<td><\/td>\n<\/tr>\n<tr>\n<td>5<\/td>\n<td>Se\u00f1ora Mia<\/td>\n<td><\/td>\n<\/tr>\n<tr>\n<td>6<\/td>\n<td>Algo De Ti<\/td>\n<td><\/td>\n<\/tr>\n<tr>\n<td>7<\/td>\n<td>Luna De Xelaju<\/td>\n<td><\/td>\n<\/tr>\n<tr>\n<td>8<\/td>\n<td>Soy Yo Soy<\/td>\n<td><\/td>\n<\/tr>\n<tr>\n<td>9<\/td>\n<td>El Profeta<\/td>\n<td><\/td>\n<\/tr>\n<tr>\n<td>10<\/td>\n<td>Y Esto Es Vida?<\/td>\n<td><\/td>\n<\/tr>\n<tr>\n<td><\/td>\n<td><\/td>\n<td><\/td>\n<\/tr>\n<tr>\n<td style=\"text-align: center;\"><\/td>\n<td style=\"text-align: center;\"><strong>Mis Mejores Canciones\u00a0<\/strong><\/td>\n<td style=\"text-align: center;\"><strong>1993<\/strong><\/td>\n<\/tr>\n<tr>\n<td>1<\/td>\n<td>Nada Se Comparara Contigo<\/td>\n<td><\/td>\n<\/tr>\n<tr>\n<td>2<\/td>\n<td>De Punta A Punta<\/td>\n<td><\/td>\n<\/tr>\n<tr>\n<td>3<\/td>\n<td>Ni Tu Ni Ella<\/td>\n<td><\/td>\n<\/tr>\n<tr>\n<td>4<\/td>\n<td>MI Verdadero Amor<\/td>\n<td><\/td>\n<\/tr>\n<tr>\n<td>5<\/td>\n<td>Estoy Enamorado De Ti<\/td>\n<td><\/td>\n<\/tr>\n<tr>\n<td>6<\/td>\n<td>Buenos Amigos<\/td>\n<td><\/td>\n<\/tr>\n<tr>\n<td>7<\/td>\n<td>Te Dejo Libre<\/td>\n<td><\/td>\n<\/tr>\n<tr>\n<td>8<\/td>\n<td>Hazme Olvidarla<\/td>\n<td><\/td>\n<\/tr>\n<tr>\n<td>9<\/td>\n<td>Te Olvidare<\/td>\n<td><\/td>\n<\/tr>\n<tr>\n<td>10<\/td>\n<td>Si Estuvieras Conmigo<\/td>\n<td><\/td>\n<\/tr>\n<tr>\n<td>11<\/td>\n<td>He Venido Esperando Por Ti<\/td>\n<td><\/td>\n<\/tr>\n<tr>\n<td>12<\/td>\n<td>Ven Y Dame Un Poco Mas<\/td>\n<td><\/td>\n<\/tr>\n<tr>\n<td><\/td>\n<td><\/td>\n<td><\/td>\n<\/tr>\n<tr>\n<td style=\"text-align: center;\"><\/td>\n<td style=\"text-align: center;\"><strong>Exitos y Recuerdos<\/strong><\/td>\n<td style=\"text-align: center;\"><strong>1997<\/strong><\/td>\n<\/tr>\n<tr>\n<td>1<\/td>\n<td>Ni Tu, Ni Ella<\/td>\n<td><\/td>\n<\/tr>\n<tr>\n<td>2<\/td>\n<td>He Vivido Esperando Por Ti<\/td>\n<td><\/td>\n<\/tr>\n<tr>\n<td>3<\/td>\n<td>Entrega Total<\/td>\n<td><\/td>\n<\/tr>\n<tr>\n<td>4<\/td>\n<td colspan=\"2\">Buenos Amigos (A Duet With Selena)<\/td>\n<\/tr>\n<tr>\n<td><\/td>\n<td>Featuring \u2013\u00a0Selena<\/td>\n<td><\/td>\n<\/tr>\n<tr>\n<td>5<\/td>\n<td>Nada Se Compara Contigo<\/td>\n<td><\/td>\n<\/tr>\n<tr>\n<td>6<\/td>\n<td>Mi Verdadero Amor<\/td>\n<td><\/td>\n<\/tr>\n<tr>\n<td>7<\/td>\n<td>El Pastor<\/td>\n<td><\/td>\n<\/tr>\n<tr>\n<td><\/td>\n<td>Featuring \u2013\u00a0Cuates Castilla<\/td>\n<td><\/td>\n<\/tr>\n<tr>\n<td>8<\/td>\n<td>Te Dejo Libre<\/td>\n<td><\/td>\n<\/tr>\n<tr>\n<td>9<\/td>\n<td>De Punta A Punta<\/td>\n<td><\/td>\n<\/tr>\n<tr>\n<td><\/td>\n<td><\/td>\n<td><\/td>\n<\/tr>\n<\/tbody>\n<\/table>\n<p>&nbsp;<\/p>\n<div class=\"epyt-video-wrapper\"><iframe loading=\"lazy\"  id=\"_ytid_66434\"  width=\"618\" height=\"347\"  data-origwidth=\"618\" data-origheight=\"347\" src=\"https:\/\/www.youtube.com\/embed\/UVj_ZJ0yZhk?enablejsapi=1&#038;autoplay=0&#038;cc_load_policy=0&#038;cc_lang_pref=&#038;iv_load_policy=1&#038;loop=0&#038;modestbranding=0&#038;rel=1&#038;fs=1&#038;playsinline=0&#038;autohide=2&#038;theme=dark&#038;color=red&#038;controls=1&#038;\" class=\"__youtube_prefs__  epyt-is-override  no-lazyload\" title=\"YouTube player\"  allow=\"fullscreen; accelerometer; autoplay; clipboard-write; encrypted-media; gyroscope; picture-in-picture\" allowfullscreen data-no-lazy=\"1\" data-skipgform_ajax_framebjll=\"\"><\/iframe><\/div>\n","protected":false},"excerpt":{"rendered":"<p>&nbsp; Fecha de Nacimiento: 09 de abril de 1954 &nbsp; Biografia &nbsp; \u00c1lvaro Torres naci\u00f3 en Hacienda Nueva, municipio de Concepci\u00f3n Batres, departamento de Usulut\u00e1n, Rep\u00fablica de El Salvador. Creci\u00f3 en la regi\u00f3n del Bajo Lempa, concretamente en el cant\u00f3n Los Linderos a orillas del R\u00edo Lempa. &nbsp; Sus padres, Mar\u00eda del Carmen Torres y &hellip;<\/p>\n","protected":false},"author":1,"featured_media":0,"parent":0,"menu_order":0,"comment_status":"closed","ping_status":"closed","template":"","meta":{"footnotes":""},"class_list":["post-28319","page","type-page","status-publish",""],"jetpack_sharing_enabled":true,"_links":{"self":[{"href":"http:\/\/mickyandoniehn.com\/radio\/wp-json\/wp\/v2\/pages\/28319","targetHints":{"allow":["GET"]}}],"collection":[{"href":"http:\/\/mickyandoniehn.com\/radio\/wp-json\/wp\/v2\/pages"}],"about":[{"href":"http:\/\/mickyandoniehn.com\/radio\/wp-json\/wp\/v2\/types\/page"}],"author":[{"embeddable":true,"href":"http:\/\/mickyandoniehn.com\/radio\/wp-json\/wp\/v2\/users\/1"}],"replies":[{"embeddable":true,"href":"http:\/\/mickyandoniehn.com\/radio\/wp-json\/wp\/v2\/comments?post=28319"}],"version-history":[{"count":3,"href":"http:\/\/mickyandoniehn.com\/radio\/wp-json\/wp\/v2\/pages\/28319\/revisions"}],"predecessor-version":[{"id":70033,"href":"http:\/\/mickyandoniehn.com\/radio\/wp-json\/wp\/v2\/pages\/28319\/revisions\/70033"}],"wp:attachment":[{"href":"http:\/\/mickyandoniehn.com\/radio\/wp-json\/wp\/v2\/media?parent=28319"}],"curies":[{"name":"wp","href":"https:\/\/api.w.org\/{rel}","templated":true}]}}