{"id":28310,"date":"2022-08-26T09:02:29","date_gmt":"2022-08-26T15:02:29","guid":{"rendered":"https:\/\/mickyandoniehn.com\/radio\/?page_id=28310"},"modified":"2024-04-01T17:33:54","modified_gmt":"2024-04-01T23:33:54","slug":"andre-manoukian","status":"publish","type":"page","link":"http:\/\/mickyandoniehn.com\/radio\/andre-manoukian\/","title":{"rendered":"Andr\u00e9 Manoukian"},"content":{"rendered":"<p style=\"text-align: justify;\"><img loading=\"lazy\" decoding=\"async\" class=\" wp-image-69973 aligncenter\" src=\"http:\/\/mickyandoniehn.com\/radio\/wp-content\/uploads\/2023\/04\/Andre-Manoukian-300x300.jpg\" alt=\"\" width=\"558\" height=\"558\" srcset=\"http:\/\/mickyandoniehn.com\/radio\/wp-content\/uploads\/2023\/04\/Andre-Manoukian-300x300.jpg 300w, http:\/\/mickyandoniehn.com\/radio\/wp-content\/uploads\/2023\/04\/Andre-Manoukian-1024x1024.jpg 1024w, http:\/\/mickyandoniehn.com\/radio\/wp-content\/uploads\/2023\/04\/Andre-Manoukian-150x150.jpg 150w, http:\/\/mickyandoniehn.com\/radio\/wp-content\/uploads\/2023\/04\/Andre-Manoukian-768x768.jpg 768w, http:\/\/mickyandoniehn.com\/radio\/wp-content\/uploads\/2023\/04\/Andre-Manoukian.jpg 1200w\" sizes=\"auto, (max-width: 558px) 100vw, 558px\" \/><\/p>\n<p>&nbsp;<\/p>\n<p>&nbsp;<\/p>\n<p>&nbsp;<\/p>\n<div class=\"cxmmr5t8 oygrvhab hcukyx3x c1et5uql o9v6fnle ii04i59q\" style=\"text-align: justify;\">\n<div dir=\"auto\"><strong>Fecha de Nacimiento<\/strong> 9 de abril de 1957<\/div>\n<p>&nbsp;<\/p>\n<div dir=\"auto\"><\/div>\n<\/div>\n<div class=\"cxmmr5t8 oygrvhab hcukyx3x c1et5uql o9v6fnle ii04i59q\" style=\"text-align: justify;\">\n<div dir=\"auto\"><strong>Biograf\u00eda:<\/strong><\/div>\n<p>&nbsp;<\/p>\n<div dir=\"auto\"><\/div>\n<div dir=\"auto\">Es un compositor, arreglista, m\u00fasico de jazz y actor franc\u00e9s de ascendencia armenia. Desde 2002, tambi\u00e9n ha sido uno de los cuatro jueces en la versi\u00f3n francesa de Pop Idol , Nouvelle Star .<\/div>\n<p>&nbsp;<\/p>\n<div dir=\"auto\"><\/div>\n<div dir=\"auto\">Nacido en Lyon , Francia, Manoukian es de ascendencia armenia . Comenz\u00f3 a tocar el piano cuando ten\u00eda siete a\u00f1os. M\u00e1s tarde, cuando era estudiante, vendi\u00f3 \u00f3rganos en una tienda para ganar dinero. A los 20 a\u00f1os, estudi\u00f3 m\u00fasica en el Berklee College of Music de Boston . Despu\u00e9s de lo b\u00e1sico estudi\u00f3 composici\u00f3n musical, arreglos y armon\u00eda.<\/div>\n<p>&nbsp;<\/p>\n<div dir=\"auto\"><\/div>\n<\/div>\n<div class=\"cxmmr5t8 oygrvhab hcukyx3x c1et5uql o9v6fnle ii04i59q\" style=\"text-align: justify;\">\n<div dir=\"auto\">Al regresar a Francia, Manoukian fund\u00f3 una banda de jazz llamada Horn Stuff . Al mismo tiempo compuso para cantantes femeninas y se grabaron dos \u00e1lbumes de jazz-funk. Tambi\u00e9n se le acerc\u00f3 para unirse a la banda de la cantante Mich\u00e8le Torr .<\/div>\n<p>&nbsp;<\/p>\n<div dir=\"auto\"><\/div>\n<\/div>\n<div class=\"cxmmr5t8 oygrvhab hcukyx3x c1et5uql o9v6fnle ii04i59q\" style=\"text-align: justify;\">\n<div dir=\"auto\">Actualmente es bien conocido por el p\u00fablico en general por estar en la serie de televisi\u00f3n de realidad M6 , Nouvelle Star (New Star). Forma parte del jurado desde la primera temporada junto a Marianne James , Manu Katch\u00e9 y Dove Attia . Durante la transmisi\u00f3n es el jurado &#8221; poeta &#8221; y fil\u00f3sofo . Es miembro del jurado de la serie 6 de Nouvelle Star, adem\u00e1s de los cantantes Sinclair y Lio y el periodista musical Philippe Maneuver.<\/div>\n<p>&nbsp;<\/p>\n<div dir=\"auto\"><\/div>\n<\/div>\n<div class=\"cxmmr5t8 oygrvhab hcukyx3x c1et5uql o9v6fnle ii04i59q\" style=\"text-align: justify;\">\n<div dir=\"auto\">En 2004 hizo doblaje en el bono DVD de Shrek II , donde apod\u00f3 a uno de los jurados del concurso de canto.<\/div>\n<p>&nbsp;<\/p>\n<div dir=\"auto\"><\/div>\n<\/div>\n<div class=\"cxmmr5t8 oygrvhab hcukyx3x c1et5uql o9v6fnle ii04i59q\" style=\"text-align: justify;\">\n<div dir=\"auto\">Tambi\u00e9n estuvo en la transmisi\u00f3n de T&#8217;emp\u00eaches tout le monde de dormir en M6 presentado por Marc-Olivier Fogiel donde retrat\u00f3 a su manera el &#8220;Psico-er\u00f3tico-c\u00f3smico-musical&#8221; de los invitados traduciendo el nombre de una personalidad en notas taquigr\u00e1ficas con una melod\u00eda que compuso y toc\u00f3 en el sintetizador.<\/div>\n<p>&nbsp;<\/p>\n<div dir=\"auto\"><\/div>\n<\/div>\n<div class=\"cxmmr5t8 oygrvhab hcukyx3x c1et5uql o9v6fnle ii04i59q\" style=\"text-align: justify;\">\n<div dir=\"auto\"><strong>Wikipedia in English<\/strong><\/div>\n<p>&nbsp;<\/p>\n<div dir=\"auto\"><\/div>\n<\/div>\n<div class=\"cxmmr5t8 oygrvhab hcukyx3x c1et5uql o9v6fnle ii04i59q\" style=\"text-align: justify;\">\n<div dir=\"auto\"><strong>Biography:<\/strong><\/div>\n<p>&nbsp;<\/p>\n<div dir=\"auto\"><\/div>\n<div dir=\"auto\"><strong>Date of Birth<\/strong>\u00a0April 9, 1957<\/div>\n<p>&nbsp;<\/p>\n<div dir=\"auto\"><\/div>\n<\/div>\n<div class=\"cxmmr5t8 oygrvhab hcukyx3x c1et5uql o9v6fnle ii04i59q\" style=\"text-align: justify;\">\n<div dir=\"auto\">He is a French composer, arranger, jazz musician and actor of Armenian descent. Since 2002, he has also been one of the four judges on the French version of Pop Idol, Nouvelle Star.<\/div>\n<p>&nbsp;<\/p>\n<div dir=\"auto\"><\/div>\n<\/div>\n<div class=\"cxmmr5t8 oygrvhab hcukyx3x c1et5uql o9v6fnle ii04i59q\" style=\"text-align: justify;\">\n<div dir=\"auto\">Born in Lyon, France, Manoukian is of Armenian descent. He started playing the piano when he was seven years old. Later, when he was a student, he sold organs in a store to earn money. At age 20, he studied music at Berklee College of Music in Boston. After the basics he studied music composition, arrangements and harmony.<\/div>\n<p>&nbsp;<\/p>\n<div dir=\"auto\"><\/div>\n<div dir=\"auto\">Upon returning to France, Manoukian founded a jazz band called Horn Stuff. At the same time he composed for female singers and two jazz-funk albums were recorded. He was also approached to join singer Mich\u00e8le Torr&#8217;s band.<\/div>\n<p>&nbsp;<\/p>\n<div dir=\"auto\"><\/div>\n<\/div>\n<div class=\"cxmmr5t8 oygrvhab hcukyx3x c1et5uql o9v6fnle ii04i59q\" style=\"text-align: justify;\">\n<div dir=\"auto\">He is currently well known to the general public for being on the M6 reality television series, Nouvelle Star (New Star). He has been on the jury since the first season along with Marianne James, Manu Katch\u00e9 and Dove Attia.<\/div>\n<p>&nbsp;<\/p>\n<div dir=\"auto\"><\/div>\n<div dir=\"auto\">During the broadcast is the jury &#8220;poet&#8221; and philosopher. He is a member of the jury for series 6 of Nouvelle Star, as well as singers Sinclair and Lio and music journalist Philippe Maneuver.<\/div>\n<p>&nbsp;<\/p>\n<div dir=\"auto\"><\/div>\n<\/div>\n<div class=\"cxmmr5t8 oygrvhab hcukyx3x c1et5uql o9v6fnle ii04i59q\" style=\"text-align: justify;\">\n<div dir=\"auto\">In 2004 he dubbed the bonus DVD of Shrek II, where he dubbed one of the judges for the singing contest.<\/div>\n<p>&nbsp;<\/p>\n<div dir=\"auto\"><\/div>\n<div dir=\"auto\">He was also in the transmission of T&#8217;emp\u00eaches tout le monde de paja en M6 presented by Marc-Olivier Fogiel where he portrayed in his own way the &#8220;Psycho-erotic-cosmic-musical&#8221; of the guests, translating the name of a personality in shorthand a melody that he composed and played on the synthesizer.<\/div>\n<p>&nbsp;<\/p>\n<div dir=\"auto\"><\/div>\n<\/div>\n<div class=\"cxmmr5t8 oygrvhab hcukyx3x c1et5uql o9v6fnle ii04i59q\" style=\"text-align: justify;\">\n<div dir=\"auto\"><strong>Discography<\/strong><\/div>\n<p>&nbsp;<\/p>\n<div dir=\"auto\"><\/div>\n<\/div>\n<table width=\"637\">\n<tbody>\n<tr>\n<td style=\"text-align: center;\" width=\"139\"><strong>Genero Jazz<\/strong><\/td>\n<td style=\"text-align: center;\" width=\"418\"><strong>Escuchar Musica<\/strong><\/td>\n<td style=\"text-align: center;\" width=\"80\"><strong>A\u00f1o<\/strong><\/td>\n<\/tr>\n<tr>\n<td style=\"text-align: center;\"><\/td>\n<td style=\"text-align: center;\"><strong>\u00c1lbumes\u00a0<\/strong><\/td>\n<td style=\"text-align: center;\"><\/td>\n<\/tr>\n<tr>\n<td><\/td>\n<td><\/td>\n<td><\/td>\n<\/tr>\n<tr>\n<td>1<\/td>\n<td>2008 &#8211; Inkala<\/td>\n<td>2008<\/td>\n<\/tr>\n<tr>\n<td>2<\/td>\n<td>2010 &#8211; Tan enamorado<\/td>\n<td>2010<\/td>\n<\/tr>\n<tr>\n<td>3<\/td>\n<td>2011 &#8211; Melancolog\u00eda<\/td>\n<td>2011<\/td>\n<\/tr>\n<tr>\n<td>4<\/td>\n<td>2017 \u2013 Apatride<\/td>\n<td>2017<\/td>\n<\/tr>\n<tr>\n<td><\/td>\n<td><\/td>\n<td><\/td>\n<\/tr>\n<tr>\n<td style=\"text-align: center;\"><\/td>\n<td style=\"text-align: center;\"><strong>Compositor y productor<\/strong><\/td>\n<td><\/td>\n<\/tr>\n<tr>\n<td><\/td>\n<td><\/td>\n<td><\/td>\n<\/tr>\n<tr>\n<td>1<\/td>\n<td>1988 &#8211; El hombre que amo<\/td>\n<td>1988<\/td>\n<\/tr>\n<tr>\n<td>2<\/td>\n<td>1990 &#8211; R\u00eave Orange<\/td>\n<td>1990<\/td>\n<\/tr>\n<tr>\n<td>3<\/td>\n<td>1991 &#8211; Mis deliciosos venenos<\/td>\n<td>1991<\/td>\n<\/tr>\n<tr>\n<td>4<\/td>\n<td>1993 &#8211; Les petites notes<\/td>\n<td>1993<\/td>\n<\/tr>\n<tr>\n<td>5<\/td>\n<td>1994 &#8211; Dulce misterio<\/td>\n<td>1994<\/td>\n<\/tr>\n<tr>\n<td>6<\/td>\n<td>2002 &#8211; Narcisos amarillos<\/td>\n<td>2002<\/td>\n<\/tr>\n<tr>\n<td>7<\/td>\n<td>2004 &#8211; La Chanteuse de bal<\/td>\n<td>2004<\/td>\n<\/tr>\n<tr>\n<td>8<\/td>\n<td>2004 &#8211; Ecos de los sue\u00f1os<\/td>\n<td>2004<\/td>\n<\/tr>\n<tr>\n<td>9<\/td>\n<td>2007 &#8211; Young Bones &#8211; Malia<\/td>\n<td>2007<\/td>\n<\/tr>\n<tr>\n<td>10<\/td>\n<td>2008 &#8211; Cheyenne Song<\/td>\n<td>2008<\/td>\n<\/tr>\n<tr>\n<td><\/td>\n<td><\/td>\n<td><\/td>\n<\/tr>\n<\/tbody>\n<\/table>\n<p>&nbsp;<\/p>\n<div class=\"epyt-video-wrapper\"><iframe loading=\"lazy\"  id=\"_ytid_90650\"  width=\"618\" height=\"347\"  data-origwidth=\"618\" data-origheight=\"347\" src=\"https:\/\/www.youtube.com\/embed\/FzyE1TmgiKU?enablejsapi=1&#038;autoplay=0&#038;cc_load_policy=0&#038;cc_lang_pref=&#038;iv_load_policy=1&#038;loop=0&#038;modestbranding=0&#038;rel=1&#038;fs=1&#038;playsinline=0&#038;autohide=2&#038;theme=dark&#038;color=red&#038;controls=1&#038;\" class=\"__youtube_prefs__  epyt-is-override  no-lazyload\" title=\"YouTube player\"  allow=\"fullscreen; accelerometer; autoplay; clipboard-write; encrypted-media; gyroscope; picture-in-picture\" allowfullscreen data-no-lazy=\"1\" data-skipgform_ajax_framebjll=\"\"><\/iframe><\/div>\n","protected":false},"excerpt":{"rendered":"<p>&nbsp; &nbsp; &nbsp; Fecha de Nacimiento 9 de abril de 1957 &nbsp; Biograf\u00eda: &nbsp; Es un compositor, arreglista, m\u00fasico de jazz y actor franc\u00e9s de ascendencia armenia. Desde 2002, tambi\u00e9n ha sido uno de los cuatro jueces en la versi\u00f3n francesa de Pop Idol , Nouvelle Star . &nbsp; Nacido en Lyon , Francia, Manoukian &hellip;<\/p>\n","protected":false},"author":1,"featured_media":0,"parent":0,"menu_order":0,"comment_status":"closed","ping_status":"closed","template":"","meta":{"footnotes":""},"class_list":["post-28310","page","type-page","status-publish",""],"jetpack_sharing_enabled":true,"_links":{"self":[{"href":"http:\/\/mickyandoniehn.com\/radio\/wp-json\/wp\/v2\/pages\/28310","targetHints":{"allow":["GET"]}}],"collection":[{"href":"http:\/\/mickyandoniehn.com\/radio\/wp-json\/wp\/v2\/pages"}],"about":[{"href":"http:\/\/mickyandoniehn.com\/radio\/wp-json\/wp\/v2\/types\/page"}],"author":[{"embeddable":true,"href":"http:\/\/mickyandoniehn.com\/radio\/wp-json\/wp\/v2\/users\/1"}],"replies":[{"embeddable":true,"href":"http:\/\/mickyandoniehn.com\/radio\/wp-json\/wp\/v2\/comments?post=28310"}],"version-history":[{"count":3,"href":"http:\/\/mickyandoniehn.com\/radio\/wp-json\/wp\/v2\/pages\/28310\/revisions"}],"predecessor-version":[{"id":70032,"href":"http:\/\/mickyandoniehn.com\/radio\/wp-json\/wp\/v2\/pages\/28310\/revisions\/70032"}],"wp:attachment":[{"href":"http:\/\/mickyandoniehn.com\/radio\/wp-json\/wp\/v2\/media?parent=28310"}],"curies":[{"name":"wp","href":"https:\/\/api.w.org\/{rel}","templated":true}]}}