{"id":28308,"date":"2022-08-26T09:01:28","date_gmt":"2022-08-26T15:01:28","guid":{"rendered":"https:\/\/mickyandoniehn.com\/radio\/?page_id=28308"},"modified":"2024-04-01T17:33:16","modified_gmt":"2024-04-01T23:33:16","slug":"julian-lennon","status":"publish","type":"page","link":"http:\/\/mickyandoniehn.com\/radio\/julian-lennon\/","title":{"rendered":"Julian Lennon"},"content":{"rendered":"<p style=\"text-align: justify;\"><img loading=\"lazy\" decoding=\"async\" class=\" wp-image-69970 aligncenter\" src=\"http:\/\/mickyandoniehn.com\/radio\/wp-content\/uploads\/2023\/04\/Julian-Lennon-300x263.jpeg\" alt=\"\" width=\"510\" height=\"447\" srcset=\"http:\/\/mickyandoniehn.com\/radio\/wp-content\/uploads\/2023\/04\/Julian-Lennon-300x263.jpeg 300w, http:\/\/mickyandoniehn.com\/radio\/wp-content\/uploads\/2023\/04\/Julian-Lennon-1024x896.jpeg 1024w, http:\/\/mickyandoniehn.com\/radio\/wp-content\/uploads\/2023\/04\/Julian-Lennon-768x672.jpeg 768w, http:\/\/mickyandoniehn.com\/radio\/wp-content\/uploads\/2023\/04\/Julian-Lennon.jpeg 1200w\" sizes=\"auto, (max-width: 510px) 100vw, 510px\" \/><\/p>\n<p>&nbsp;<\/p>\n<p>&nbsp;<\/p>\n<p style=\"text-align: justify;\"><strong>Fecha de Nacimiento: <\/strong>8 de abril de 1963<\/p>\n<p style=\"text-align: justify;\"><strong>Biograf\u00eda<\/strong><\/p>\n<p style=\"text-align: justify;\">John Charles Julian Lennon, naci\u00f3 el 8 de abril de 1963, en Liverpool, Inglaterra. Cantante, compositor y m\u00fasico. Hijo \u00fanico del matrimonio conformado por el Beatle John Lennon y Cynthia Powell y medio hermano de Sean Lennon. El nombre de Julian viene a ser un homenaje a la madre de John, Julia.<\/p>\n<p style=\"text-align: justify;\">Brian Epstein, m\u00e1nager de The Beatles y padrino de Julian, sugiri\u00f3 a John ocultar su matrimonio y paternidad por un tiempo para no afectar la popularidad del grupo. Fue as\u00ed que Julian vivi\u00f3 alejado de los medios y de la publicidad de la Beatleman\u00eda. A ra\u00edz de ello, Julian vivi\u00f3 su infancia con un padre ausente, por lo que se muestra fr\u00edo al referirse a John, a su medio hermano Sean y en especial a Yoko Ono.<\/p>\n<p style=\"text-align: justify;\">Julian inspir\u00f3 ciertas composiciones musicales de The Beatles, como la conocida canci\u00f3n Lucy in the Sky with Diamonds, a partir de un dibujo que \u00e9l hab\u00eda hecho; inspir\u00f3 a Paul McCartney en la canci\u00f3n Hey Jude y John escribi\u00f3 Good Night, cantada por Ringo Starr.<\/p>\n<p style=\"text-align: justify;\">El debut musical de Julian fue a temprana edad, a los 10 a\u00f1os, tocando la bater\u00eda en la canci\u00f3n Ya-Ya del \u00e1lbum Walls and Bridges de John Lennon. Su carrera art\u00edstica se hizo popular con el debut de su disco Valotte y con la canci\u00f3n Too late for Goodbyes en 1984. Luego del gran \u00e9xito, hubo tiempos de ventas bajas y Julian recurri\u00f3 al alcohol y drogas. Mantiene muy buenas relaciones con los ex integrantes de The Beatles, en especial con Paul McCartney, quien para el lanzamiento del disco debut de Julian, le envi\u00f3 un telegrama dese\u00e1ndole suerte. Incluso, Julian ha admitido que prefiere el trabajo musical de Paul McCartney al de su padre.<\/p>\n<p style=\"text-align: justify;\">Su voz, aspecto y estilo musical son muy similares a los de John Lennon, por lo que se especul\u00f3 alguna vez con el retorno de The Beatles con \u00e9l como integrante, lo que nunca sucedi\u00f3.<\/p>\n<p style=\"text-align: justify;\">En su MySpace se pueden escuchar tres nuevas canciones y una versi\u00f3n nueva de la canci\u00f3n Saltwater. Julian termin\u00f3 un \u00e1lbum nuevo en el 2008 y lo lanzar\u00e1 posiblemente en el 2009.<\/p>\n<p style=\"text-align: justify;\">Julian Lennon es tambi\u00e9n el productor del documental llamado &#8220;WhaleDreamers&#8221; que trata acerca de una tribu aborigen de Australia y de su relaci\u00f3n especial con las ballenas. Este documental tambi\u00e9n trata acerca de muchos asuntos del medio ambiente. Esta pel\u00edcula ha recibido muchos premios y fue presentada en la Fiesta Cinematogr\u00e1fica de Cannes 2007.<\/p>\n<p style=\"text-align: justify;\"><strong>Date of Birth:<\/strong> April 8, 1963<\/p>\n<p style=\"text-align: justify;\"><strong>Biography<\/strong><\/p>\n<p style=\"text-align: justify;\">John Charles Julian Lennon was born on April 8, 1963, in Liverpool, England. Singer, songwriter and musician. Only child of the marriage made up of the Beatle John Lennon and Cynthia Powell and half brother of Sean Lennon. Julian&#8217;s name comes to be a tribute to John&#8217;s mother, Julia.<\/p>\n<p style=\"text-align: justify;\">Brian Epstein, manager of The Beatles and Julian&#8217;s godfather, suggested that John hide his marriage and fatherhood for a while so as not to affect the group&#8217;s popularity. It was thus that Julian lived away from the media and publicity of Beatlemania. As a result, Julian lived his childhood with an absent father, so he is cold when referring to John, his half brother Sean and especially Yoko Ono.<\/p>\n<p style=\"text-align: justify;\">Julian inspired certain musical compositions by The Beatles, such as the well-known song Lucy in the Sky with Diamonds, from a drawing he had done; inspired Paul McCartney in the song Hey Jude and John wrote Good Night, sung by Ringo Starr.<br \/>\nJulian&#8217;s musical debut was at an early age, at age 10, playing drums on the song Ya-Ya from the John Lennon album Walls and Bridges. His artistic career became popular with the debut of his album Valotte and with the song Too late for Goodbyes in 1984. After the great success, there were times of low sales and Julian turned to alcohol and drugs. He maintains very good relations with the former members of The Beatles, especially with Paul McCartney, who for the release of Julian&#8217;s debut album, sent him a telegram wishing him luck. Julian has even admitted that he prefers the musical work of Paul McCartney to that of his father.<\/p>\n<p style=\"text-align: justify;\">His voice, appearance and musical style are very similar to those of John Lennon, so there was some speculation that The Beatles would return with him as a member, which never happened.<\/p>\n<p style=\"text-align: justify;\">Three new songs and a new version of the song Saltwater can be heard on his MySpace. Julian finished a new album in 2008 and will possibly release it in 2009.<\/p>\n<p style=\"text-align: justify;\">Julian Lennon is also the producer of the documentary called &#8220;WhaleDreamers&#8221; about an Australian Aboriginal tribe and their special relationship with whales. This documentary also deals with many environmental issues. This film has received many awards and was presented at the 2007 Cannes Film Festival.<\/p>\n<p style=\"text-align: justify;\"><strong>Discografia<\/strong><\/p>\n<table width=\"340\">\n<tbody>\n<tr>\n<td width=\"31\"><strong>\u00a0<\/strong><\/td>\n<td width=\"309\"><strong>Genero Rock, Pop, Non-Music, Funk \/ Soul<\/strong><\/td>\n<\/tr>\n<tr>\n<td width=\"31\"><strong>N\u00b0<\/strong><\/td>\n<td width=\"309\"><strong>Escuchar Tema<\/strong><\/td>\n<\/tr>\n<tr>\n<td width=\"31\">1<\/td>\n<td width=\"309\">Valotte<\/td>\n<\/tr>\n<tr>\n<td width=\"31\">2<\/td>\n<td width=\"309\">O.K. For You<\/td>\n<\/tr>\n<tr>\n<td width=\"31\">3<\/td>\n<td width=\"309\">On The Phone<\/td>\n<\/tr>\n<tr>\n<td width=\"31\">4<\/td>\n<td width=\"309\">Space<\/td>\n<\/tr>\n<tr>\n<td width=\"31\">5<\/td>\n<td width=\"309\">Well I Don&#8217;t Know<\/td>\n<\/tr>\n<tr>\n<td width=\"31\">6<\/td>\n<td width=\"309\">Too Late For Goodbyes<\/td>\n<\/tr>\n<tr>\n<td width=\"31\">7<\/td>\n<td width=\"309\">Lonely<\/td>\n<\/tr>\n<tr>\n<td width=\"31\">8<\/td>\n<td width=\"309\">Say You&#8217;re Wrong<\/td>\n<\/tr>\n<tr>\n<td width=\"31\">9<\/td>\n<td width=\"309\">Jesse<\/td>\n<\/tr>\n<tr>\n<td width=\"31\">10<\/td>\n<td width=\"309\">Let Me Be<\/td>\n<\/tr>\n<tr>\n<td width=\"31\">11<\/td>\n<td width=\"309\">Stick Around<\/td>\n<\/tr>\n<tr>\n<td width=\"31\">12<\/td>\n<td width=\"309\">You Get What You Want<\/td>\n<\/tr>\n<tr>\n<td width=\"31\">13<\/td>\n<td width=\"309\">Let Me Tell You<\/td>\n<\/tr>\n<tr>\n<td width=\"31\">14<\/td>\n<td width=\"309\">I&#8217;ve Seen Your Face<\/td>\n<\/tr>\n<tr>\n<td width=\"31\">15<\/td>\n<td width=\"309\">Coward Till The End?<\/td>\n<\/tr>\n<tr>\n<td width=\"31\">16<\/td>\n<td width=\"309\">This Is My Day<\/td>\n<\/tr>\n<tr>\n<td width=\"31\">17<\/td>\n<td width=\"309\">You Don&#8217;t Have To Tell Me<\/td>\n<\/tr>\n<tr>\n<td width=\"31\">18<\/td>\n<td width=\"309\">Every Day<\/td>\n<\/tr>\n<tr>\n<td width=\"31\">19<\/td>\n<td width=\"309\">Always Think Twice<\/td>\n<\/tr>\n<tr>\n<td width=\"31\">20<\/td>\n<td width=\"309\">Want Your Body<\/td>\n<\/tr>\n<tr>\n<td width=\"31\">21<\/td>\n<td width=\"309\">Questions And Answers (Unbanded)<\/td>\n<\/tr>\n<tr>\n<td width=\"31\">22<\/td>\n<td width=\"309\">Answers Only (Banded)<\/td>\n<\/tr>\n<tr>\n<td width=\"31\">23<\/td>\n<td width=\"309\">Now You&#8217;re In Heaven<\/td>\n<\/tr>\n<tr>\n<td width=\"31\">24<\/td>\n<td width=\"309\">You&#8217;re The One<\/td>\n<\/tr>\n<tr>\n<td width=\"31\">25<\/td>\n<td width=\"309\">I Get Up<\/td>\n<\/tr>\n<tr>\n<td width=\"31\">26<\/td>\n<td width=\"309\">Mother Mary<\/td>\n<\/tr>\n<tr>\n<td width=\"31\">27<\/td>\n<td width=\"309\">Angillette<\/td>\n<\/tr>\n<tr>\n<td width=\"31\">28<\/td>\n<td width=\"309\">Open Your Eyes<\/td>\n<\/tr>\n<tr>\n<td width=\"31\">29<\/td>\n<td width=\"309\">Make It Up To You<\/td>\n<\/tr>\n<tr>\n<td width=\"31\">30<\/td>\n<td width=\"309\">Sunday Morning<\/td>\n<\/tr>\n<tr>\n<td width=\"31\">31<\/td>\n<td width=\"309\">Second Time<\/td>\n<\/tr>\n<tr>\n<td width=\"31\">32<\/td>\n<td width=\"309\">I Want You To Know<\/td>\n<\/tr>\n<tr>\n<td width=\"31\">33<\/td>\n<td width=\"309\">Johnny B. Goode<\/td>\n<\/tr>\n<tr>\n<td width=\"31\">34<\/td>\n<td width=\"309\">Rebel King<\/td>\n<\/tr>\n<tr>\n<td width=\"31\">35<\/td>\n<td width=\"309\">Saltwater<\/td>\n<\/tr>\n<tr>\n<td width=\"31\">36<\/td>\n<td width=\"309\">Get A Life<\/td>\n<\/tr>\n<tr>\n<td width=\"31\">37<\/td>\n<td width=\"309\">Would You<\/td>\n<\/tr>\n<tr>\n<td width=\"31\">38<\/td>\n<td width=\"309\">Maybe I Was Wrong<\/td>\n<\/tr>\n<tr>\n<td width=\"31\">39<\/td>\n<td width=\"309\">Help Yourself<\/td>\n<\/tr>\n<tr>\n<td width=\"31\">40<\/td>\n<td width=\"309\">Listen<\/td>\n<\/tr>\n<tr>\n<td width=\"31\">41<\/td>\n<td width=\"309\">Other Side Of Town<\/td>\n<\/tr>\n<tr>\n<td width=\"31\">42<\/td>\n<td width=\"309\">New Physics Rant<\/td>\n<\/tr>\n<tr>\n<td width=\"31\">43<\/td>\n<td width=\"309\">Take Me Home<\/td>\n<\/tr>\n<tr>\n<td width=\"31\">44<\/td>\n<td width=\"309\">Imaginary Lines<\/td>\n<\/tr>\n<tr>\n<td width=\"31\">45<\/td>\n<td width=\"309\">Keep The People Working<\/td>\n<\/tr>\n<tr>\n<td width=\"31\">46<\/td>\n<td width=\"309\">Day After Day<\/td>\n<\/tr>\n<tr>\n<td width=\"31\">47<\/td>\n<td width=\"309\">Cold<\/td>\n<\/tr>\n<tr>\n<td width=\"31\">48<\/td>\n<td width=\"309\">I Should Have Known<\/td>\n<\/tr>\n<tr>\n<td width=\"31\">49<\/td>\n<td width=\"309\">How Many Times<\/td>\n<\/tr>\n<tr>\n<td width=\"31\">50<\/td>\n<td width=\"309\">I Don&#8217;t Wanna Know<\/td>\n<\/tr>\n<\/tbody>\n<\/table>\n","protected":false},"excerpt":{"rendered":"<p>&nbsp; &nbsp; Fecha de Nacimiento: 8 de abril de 1963 Biograf\u00eda John Charles Julian Lennon, naci\u00f3 el 8 de abril de 1963, en Liverpool, Inglaterra. Cantante, compositor y m\u00fasico. Hijo \u00fanico del matrimonio conformado por el Beatle John Lennon y Cynthia Powell y medio hermano de Sean Lennon. El nombre de Julian viene a ser &hellip;<\/p>\n","protected":false},"author":1,"featured_media":0,"parent":0,"menu_order":0,"comment_status":"closed","ping_status":"closed","template":"","meta":{"footnotes":""},"class_list":["post-28308","page","type-page","status-publish",""],"jetpack_sharing_enabled":true,"_links":{"self":[{"href":"http:\/\/mickyandoniehn.com\/radio\/wp-json\/wp\/v2\/pages\/28308","targetHints":{"allow":["GET"]}}],"collection":[{"href":"http:\/\/mickyandoniehn.com\/radio\/wp-json\/wp\/v2\/pages"}],"about":[{"href":"http:\/\/mickyandoniehn.com\/radio\/wp-json\/wp\/v2\/types\/page"}],"author":[{"embeddable":true,"href":"http:\/\/mickyandoniehn.com\/radio\/wp-json\/wp\/v2\/users\/1"}],"replies":[{"embeddable":true,"href":"http:\/\/mickyandoniehn.com\/radio\/wp-json\/wp\/v2\/comments?post=28308"}],"version-history":[{"count":2,"href":"http:\/\/mickyandoniehn.com\/radio\/wp-json\/wp\/v2\/pages\/28308\/revisions"}],"predecessor-version":[{"id":70031,"href":"http:\/\/mickyandoniehn.com\/radio\/wp-json\/wp\/v2\/pages\/28308\/revisions\/70031"}],"wp:attachment":[{"href":"http:\/\/mickyandoniehn.com\/radio\/wp-json\/wp\/v2\/media?parent=28308"}],"curies":[{"name":"wp","href":"https:\/\/api.w.org\/{rel}","templated":true}]}}