{"id":28306,"date":"2022-08-26T09:01:11","date_gmt":"2022-08-26T15:01:11","guid":{"rendered":"https:\/\/mickyandoniehn.com\/radio\/?page_id=28306"},"modified":"2024-04-01T17:32:25","modified_gmt":"2024-04-01T23:32:25","slug":"andre-previn","status":"publish","type":"page","link":"http:\/\/mickyandoniehn.com\/radio\/andre-previn\/","title":{"rendered":"Andr\u00e9 Previn"},"content":{"rendered":"<p><img loading=\"lazy\" decoding=\"async\" class=\" wp-image-69968\" src=\"http:\/\/mickyandoniehn.com\/radio\/wp-content\/uploads\/2023\/04\/Andre-Previn-300x225.jpg\" alt=\"\" width=\"557\" height=\"418\" srcset=\"http:\/\/mickyandoniehn.com\/radio\/wp-content\/uploads\/2023\/04\/Andre-Previn-300x225.jpg 300w, http:\/\/mickyandoniehn.com\/radio\/wp-content\/uploads\/2023\/04\/Andre-Previn-768x576.jpg 768w, http:\/\/mickyandoniehn.com\/radio\/wp-content\/uploads\/2023\/04\/Andre-Previn.jpg 1024w\" sizes=\"auto, (max-width: 557px) 100vw, 557px\" \/><\/p>\n<p>&nbsp;<\/p>\n<div class=\"cxmmr5t8 oygrvhab hcukyx3x c1et5uql o9v6fnle ii04i59q\" style=\"text-align: justify;\">\n<div dir=\"auto\"><strong>Fecha de Nacimiento<\/strong> 6 de abril de 1929<\/div>\n<p>&nbsp;<\/p>\n<div dir=\"auto\"><\/div>\n<div dir=\"auto\"><strong>Fecha de Fallecimiento<\/strong> 28 de febrero de 2019 (89 a\u00f1os)<\/div>\n<p>&nbsp;<\/p>\n<div dir=\"auto\"><\/div>\n<\/div>\n<div class=\"cxmmr5t8 oygrvhab hcukyx3x c1et5uql o9v6fnle ii04i59q\" style=\"text-align: justify;\">\n<div dir=\"auto\"><strong>Biograf\u00eda<\/strong><\/div>\n<p>&nbsp;<\/p>\n<div dir=\"auto\"><\/div>\n<div dir=\"auto\">Fue un pianista, director de orquesta y compositor estadounidense de origen alem\u00e1n.<\/div>\n<div dir=\"auto\"><\/div>\n<p>&nbsp;<\/p>\n<\/div>\n<div class=\"cxmmr5t8 oygrvhab hcukyx3x c1et5uql o9v6fnle ii04i59q\" style=\"text-align: justify;\">\n<div dir=\"auto\">Andr\u00e9 Previn naci\u00f3 en una familia jud\u00eda de Berl\u00edn. Emigr\u00f3 con su familia a los Estados Unidos en 1938 huyendo del r\u00e9gimen nazi.<\/div>\n<p>&nbsp;<\/p>\n<div dir=\"auto\"><\/div>\n<\/div>\n<div class=\"cxmmr5t8 oygrvhab hcukyx3x c1et5uql o9v6fnle ii04i59q\" style=\"text-align: justify;\">\n<div dir=\"auto\">Consigui\u00f3 la nacionalidad estadounidense en 1943, se estableci\u00f3 en Los \u00c1ngeles y comenz\u00f3 su carrera en 1948 arreglando y componiendo m\u00fasica para pel\u00edculas de Hollywood.<\/div>\n<p>&nbsp;<\/p>\n<div dir=\"auto\"><\/div>\n<\/div>\n<div class=\"cxmmr5t8 oygrvhab hcukyx3x c1et5uql o9v6fnle ii04i59q\" style=\"text-align: justify;\">\n<div dir=\"auto\">Durante muchos a\u00f1os trabaj\u00f3 en el departamento musical de la Metro Goldwyn Mayer, dirigido por Arthur Freed.<\/div>\n<p>&nbsp;<\/p>\n<div dir=\"auto\"><\/div>\n<\/div>\n<div class=\"cxmmr5t8 oygrvhab hcukyx3x c1et5uql o9v6fnle ii04i59q\" style=\"text-align: justify;\">\n<div dir=\"auto\">A finales de la d\u00e9cada de 1950, grab\u00f3 discos como pianista de jazz que aparecieron sobre todo en la discogr\u00e1fica Contemporary Records.<\/div>\n<p>&nbsp;<\/p>\n<div dir=\"auto\"><\/div>\n<\/div>\n<div class=\"cxmmr5t8 oygrvhab hcukyx3x c1et5uql o9v6fnle ii04i59q\" style=\"text-align: justify;\">\n<div dir=\"auto\">Colabor\u00f3 con Shelly Manne y Benny Carter. Su \u00e1lbum con Manne con canciones de My Fair Lady (1956) tuvo un \u00e9xito enorme.<\/div>\n<p>&nbsp;<\/p>\n<div dir=\"auto\"><\/div>\n<\/div>\n<div class=\"cxmmr5t8 oygrvhab hcukyx3x c1et5uql o9v6fnle ii04i59q\" style=\"text-align: justify;\">\n<div dir=\"auto\">En 1967, Previn fue nombrado director de la Orquesta Sinf\u00f3nica de Houston y al a\u00f1o siguiente de la Orquesta Sinf\u00f3nica de Londres, con la que grab\u00f3 numerosos y prestigiosos discos. Otras orquestas con las que colabor\u00f3 estrechamente fueron la Orquesta Sinf\u00f3nica de Pittsburgh, la Royal Philharmonic Orchestra de Londres y la Orquesta Filarm\u00f3nica de Los \u00c1ngeles. Desde 2002 a 2006 fue director musical de la Orquesta Filarm\u00f3nica de Oslo.<\/div>\n<p>&nbsp;<\/p>\n<div dir=\"auto\"><\/div>\n<\/div>\n<div class=\"cxmmr5t8 oygrvhab hcukyx3x c1et5uql o9v6fnle ii04i59q\" style=\"text-align: justify;\">\n<div dir=\"auto\">Entre el resto de sus obras destaca un Concierto para violonchelo dedicado a Yo-Yo Ma, un Concierto para piano dedicado a Vladimir Ashkenazy, un concierto para guitarra, ciclos de canciones dedicados a grandes int\u00e9rpretes como Janet Baker, Kathleen Battle, Barbara Bonney, Anthony Dean Griffey.<\/div>\n<p>&nbsp;<\/p>\n<div dir=\"auto\"><\/div>\n<\/div>\n<div class=\"cxmmr5t8 oygrvhab hcukyx3x c1et5uql o9v6fnle ii04i59q\" style=\"text-align: justify;\">\n<div dir=\"auto\"><strong>Wikipedia in English<\/strong><\/div>\n<p>&nbsp;<\/p>\n<\/div>\n<div class=\"cxmmr5t8 oygrvhab hcukyx3x c1et5uql o9v6fnle ii04i59q\" style=\"text-align: justify;\">\n<div dir=\"auto\"><\/div>\n<div dir=\"auto\"><strong>Date of Birth:<\/strong> April 6, 1929<\/div>\n<p>&nbsp;<\/p>\n<div dir=\"auto\"><\/div>\n<div dir=\"auto\"><strong>Date of Died:<\/strong> February 28, 2019 (89 years)<\/div>\n<p>&nbsp;<\/p>\n<\/div>\n<div dir=\"auto\" style=\"text-align: justify;\"><\/div>\n<div dir=\"auto\" style=\"text-align: justify;\"><strong>Biography<\/strong><\/div>\n<p>&nbsp;<\/p>\n<div class=\"cxmmr5t8 oygrvhab hcukyx3x c1et5uql o9v6fnle ii04i59q\" style=\"text-align: justify;\">\n<div dir=\"auto\"><\/div>\n<\/div>\n<div class=\"cxmmr5t8 oygrvhab hcukyx3x c1et5uql o9v6fnle ii04i59q\" style=\"text-align: justify;\">\n<div dir=\"auto\">Was a German-American pianist, conductor and composer.<\/div>\n<p>&nbsp;<\/p>\n<div dir=\"auto\"><\/div>\n<div dir=\"auto\">Andr\u00e9 Previn was born into a Jewish family in Berlin.<\/div>\n<p>&nbsp;<\/p>\n<div dir=\"auto\"><\/div>\n<\/div>\n<div class=\"cxmmr5t8 oygrvhab hcukyx3x c1et5uql o9v6fnle ii04i59q\" style=\"text-align: justify;\">\n<div dir=\"auto\">He emigrated with his family to the United States in 1938 fleeing the Nazi regime.3 He obtained American citizenship in 1943, settled in Los Angeles, and began his career in 1948 arranging and composing music for Hollywood films. For many years he worked in the music department of Metro Goldwyn Mayer, directed by Arthur Freed.<\/div>\n<p>&nbsp;<\/p>\n<div dir=\"auto\"><\/div>\n<\/div>\n<div class=\"cxmmr5t8 oygrvhab hcukyx3x c1et5uql o9v6fnle ii04i59q\" style=\"text-align: justify;\">\n<div dir=\"auto\">In the late 1950s, he made records as a jazz pianist that appeared mostly on the Contemporary Records label. He collaborated with Shelly Manne and Benny Carter. His album with Manne with songs from My Fair Lady (1956) was a huge success.<\/div>\n<p>&nbsp;<\/p>\n<div dir=\"auto\"><\/div>\n<\/div>\n<div class=\"cxmmr5t8 oygrvhab hcukyx3x c1et5uql o9v6fnle ii04i59q\" style=\"text-align: justify;\">\n<div dir=\"auto\">In 1967, Previn was appointed conductor of the Houston Symphony Orchestra and the following year of the London Symphony Orchestra, with which he recorded numerous prestigious records. Other orchestras with which he collaborated closely included the Pittsburgh Symphony Orchestra, the Royal Philharmonic Orchestra of London and the Los Angeles Philharmonic Orchestra. From 2002 to 2006 he was musical director of the Oslo Philharmonic Orchestra.<\/div>\n<p>&nbsp;<\/p>\n<div dir=\"auto\"><\/div>\n<\/div>\n<div class=\"cxmmr5t8 oygrvhab hcukyx3x c1et5uql o9v6fnle ii04i59q\" style=\"text-align: justify;\">\n<div dir=\"auto\">Among the rest of his works stands out a Cello Concerto dedicated to Yo-Yo Ma, a Piano Concerto dedicated to Vladimir Ashkenazy, a guitar concerto, song cycles dedicated to great performers such as Janet Baker, Kathleen Battle, Barbara Bonney, Anthony Dean Griffey.<\/div>\n<p>&nbsp;<\/p>\n<div dir=\"auto\"><\/div>\n<\/div>\n<div class=\"cxmmr5t8 oygrvhab hcukyx3x c1et5uql o9v6fnle ii04i59q\" style=\"text-align: justify;\">\n<div dir=\"auto\"><strong>Discography<\/strong><\/div>\n<p>&nbsp;<\/p>\n<div dir=\"auto\"><\/div>\n<div dir=\"auto\">\n<table width=\"637\">\n<tbody>\n<tr>\n<td style=\"text-align: center;\" width=\"139\"><strong>Genero Jazz, \u00f3pera y m\u00fasica cl\u00e1sica\u200e<\/strong><\/td>\n<td style=\"text-align: center;\" width=\"418\"><strong>Escuchar Musica<\/strong><\/td>\n<td style=\"text-align: center;\" width=\"80\"><strong>A\u00f1o<\/strong><\/td>\n<\/tr>\n<tr>\n<td><\/td>\n<td><\/td>\n<td><\/td>\n<\/tr>\n<tr>\n<td>1<\/td>\n<td>Collaboration<\/td>\n<td>1955<\/td>\n<\/tr>\n<tr>\n<td>2<\/td>\n<td>Double Play!<\/td>\n<td>1957<\/td>\n<\/tr>\n<tr>\n<td>3<\/td>\n<td>West Side Story<\/td>\n<td>1959<\/td>\n<\/tr>\n<tr>\n<td>4<\/td>\n<td>The Subterraneans<\/td>\n<td>1960<\/td>\n<\/tr>\n<tr>\n<td>5<\/td>\n<td>Like Previn!<\/td>\n<td>1960<\/td>\n<\/tr>\n<tr>\n<td>6<\/td>\n<td>Andr\u00e9 Previn Plays Songs by Harold Arlen<\/td>\n<td>1960<\/td>\n<\/tr>\n<tr>\n<td>7<\/td>\n<td>Andr\u00e9 Previn and J. J. Johnson<\/td>\n<td>1961<\/td>\n<\/tr>\n<tr>\n<td>8<\/td>\n<td>Duet<\/td>\n<td>1962<\/td>\n<\/tr>\n<tr>\n<td>9<\/td>\n<td>4 to Go!<\/td>\n<td>1963<\/td>\n<\/tr>\n<tr>\n<td>10<\/td>\n<td>A Different Kind of Blues<\/td>\n<td>1980<\/td>\n<\/tr>\n<tr>\n<td>11<\/td>\n<td>Nice Work if You Can Get It<\/td>\n<td>1983<\/td>\n<\/tr>\n<tr>\n<td>12<\/td>\n<td>After Hours<\/td>\n<td>1989<\/td>\n<\/tr>\n<tr>\n<td>13<\/td>\n<td>Uptown<\/td>\n<td>1990<\/td>\n<\/tr>\n<tr>\n<td>14<\/td>\n<td>Old Friends<\/td>\n<td>1992<\/td>\n<\/tr>\n<tr>\n<td>15<\/td>\n<td>Kiri Sidetracks: The Jazz Album<\/td>\n<td>1992<\/td>\n<\/tr>\n<tr>\n<td>16<\/td>\n<td>Andr\u00e9 Previn and Friends Play Show Boat<\/td>\n<td>1995<\/td>\n<\/tr>\n<tr>\n<td>17<\/td>\n<td>Sure Thing: The Jerome Kern Songbook<\/td>\n<td>1996<\/td>\n<\/tr>\n<tr>\n<td>18<\/td>\n<td>Ballads: Solo Jazz Standards<\/td>\n<td>1996<\/td>\n<\/tr>\n<tr>\n<td>19<\/td>\n<td>Come Rain or Shine: The Harold Arlen Songbook<\/td>\n<td>1996<\/td>\n<\/tr>\n<tr>\n<td>20<\/td>\n<td>Jazz at the Musikverein<\/td>\n<td>1997<\/td>\n<\/tr>\n<tr>\n<td>21<\/td>\n<td>We Got Rhythm: A Gershwin Songbook<\/td>\n<td>1998<\/td>\n<\/tr>\n<tr>\n<td>22<\/td>\n<td>We Got It Good and That Ain&#8217;t Bad: An Ellington Songbook<\/td>\n<td>1999<\/td>\n<\/tr>\n<tr>\n<td>23<\/td>\n<td>Live at the Jazz Standard<\/td>\n<td>2001<\/td>\n<\/tr>\n<tr>\n<td>24<\/td>\n<td>Alone: Ballads for Solo Piano<\/td>\n<td>2007<\/td>\n<\/tr>\n<tr>\n<td><\/td>\n<td><\/td>\n<td><\/td>\n<\/tr>\n<\/tbody>\n<\/table>\n<p>&nbsp;<\/p>\n<\/div>\n<\/div>\n<div class=\"epyt-video-wrapper\"><iframe loading=\"lazy\"  id=\"_ytid_15481\"  width=\"618\" height=\"347\"  data-origwidth=\"618\" data-origheight=\"347\" src=\"https:\/\/www.youtube.com\/embed\/pggND_kLP4c?enablejsapi=1&#038;autoplay=0&#038;cc_load_policy=0&#038;cc_lang_pref=&#038;iv_load_policy=1&#038;loop=0&#038;modestbranding=0&#038;rel=1&#038;fs=1&#038;playsinline=0&#038;autohide=2&#038;theme=dark&#038;color=red&#038;controls=1&#038;\" class=\"__youtube_prefs__  epyt-is-override  no-lazyload\" title=\"YouTube player\"  allow=\"fullscreen; accelerometer; autoplay; clipboard-write; encrypted-media; gyroscope; picture-in-picture\" allowfullscreen data-no-lazy=\"1\" data-skipgform_ajax_framebjll=\"\"><\/iframe><\/div>\n","protected":false},"excerpt":{"rendered":"<p>&nbsp; Fecha de Nacimiento 6 de abril de 1929 &nbsp; Fecha de Fallecimiento 28 de febrero de 2019 (89 a\u00f1os) &nbsp; Biograf\u00eda &nbsp; Fue un pianista, director de orquesta y compositor estadounidense de origen alem\u00e1n. &nbsp; Andr\u00e9 Previn naci\u00f3 en una familia jud\u00eda de Berl\u00edn. Emigr\u00f3 con su familia a los Estados Unidos en 1938 &hellip;<\/p>\n","protected":false},"author":1,"featured_media":0,"parent":0,"menu_order":0,"comment_status":"closed","ping_status":"closed","template":"","meta":{"footnotes":""},"class_list":["post-28306","page","type-page","status-publish",""],"jetpack_sharing_enabled":true,"_links":{"self":[{"href":"http:\/\/mickyandoniehn.com\/radio\/wp-json\/wp\/v2\/pages\/28306","targetHints":{"allow":["GET"]}}],"collection":[{"href":"http:\/\/mickyandoniehn.com\/radio\/wp-json\/wp\/v2\/pages"}],"about":[{"href":"http:\/\/mickyandoniehn.com\/radio\/wp-json\/wp\/v2\/types\/page"}],"author":[{"embeddable":true,"href":"http:\/\/mickyandoniehn.com\/radio\/wp-json\/wp\/v2\/users\/1"}],"replies":[{"embeddable":true,"href":"http:\/\/mickyandoniehn.com\/radio\/wp-json\/wp\/v2\/comments?post=28306"}],"version-history":[{"count":3,"href":"http:\/\/mickyandoniehn.com\/radio\/wp-json\/wp\/v2\/pages\/28306\/revisions"}],"predecessor-version":[{"id":70030,"href":"http:\/\/mickyandoniehn.com\/radio\/wp-json\/wp\/v2\/pages\/28306\/revisions\/70030"}],"wp:attachment":[{"href":"http:\/\/mickyandoniehn.com\/radio\/wp-json\/wp\/v2\/media?parent=28306"}],"curies":[{"name":"wp","href":"https:\/\/api.w.org\/{rel}","templated":true}]}}