{"id":28291,"date":"2022-08-26T08:57:06","date_gmt":"2022-08-26T14:57:06","guid":{"rendered":"https:\/\/mickyandoniehn.com\/radio\/?page_id=28291"},"modified":"2022-09-01T10:25:04","modified_gmt":"2022-09-01T16:25:04","slug":"herb-alpert","status":"publish","type":"page","link":"http:\/\/mickyandoniehn.com\/radio\/herb-alpert\/","title":{"rendered":"Herb Alpert"},"content":{"rendered":"<p style=\"text-align: justify;\">\n<p style=\"text-align: justify;\"><img loading=\"lazy\" decoding=\"async\" class=\" wp-image-25212 aligncenter\" src=\"http:\/\/mickyandoniehn.com\/radio\/wp-content\/uploads\/2022\/08\/Herb-Alpert-222x300.png\" alt=\"\" width=\"708\" height=\"956\" \/><\/p>\n<p>&nbsp;<\/p>\n<div class=\"cxmmr5t8 oygrvhab hcukyx3x c1et5uql o9v6fnle ii04i59q\" style=\"text-align: justify;\">\n<div dir=\"auto\"><strong>Fecha de Nacimiento<\/strong> 31 de marzo de 1935<\/div>\n<p>&nbsp;<\/p>\n<div dir=\"auto\"><\/div>\n<\/div>\n<div class=\"cxmmr5t8 oygrvhab hcukyx3x c1et5uql o9v6fnle ii04i59q\" style=\"text-align: justify;\">\n<div dir=\"auto\"><strong>Biograf\u00eda:<\/strong><\/div>\n<p>&nbsp;<\/p>\n<div dir=\"auto\"><\/div>\n<div dir=\"auto\">Es un trompetista y cantante estadounidense conocido por formar parte del grupo Herb Alpert &amp; The Tijuana Brass, Herb Alpert&#8217;s Tijuana Brass o simplemente TJB. Tambi\u00e9n es famoso por ser un ejecutivo de la industria fonogr\u00e1fica -es la letra &#8220;A&#8221; de A&amp;M Records, un sello de grabaci\u00f3n fundado junto a Jerry Moss.<\/div>\n<p>&nbsp;<\/p>\n<div dir=\"auto\"><\/div>\n<\/div>\n<div class=\"cxmmr5t8 oygrvhab hcukyx3x c1et5uql o9v6fnle ii04i59q\" style=\"text-align: justify;\">\n<div dir=\"auto\">Los logros musicales de Alpert incluyen cinco n\u00fameros uno, veintiocho \u00e1lbumes en las listas de Billboard, ocho Premios Grammy, catorce discos de platino y quince discos de oro. En 1996, Alpert hab\u00eda vendido 72 millones de \u00e1lbumes en todo el mundo.<\/div>\n<div dir=\"auto\"><\/div>\n<p>&nbsp;<\/p>\n<div dir=\"auto\">Nacido en Los \u00c1ngeles, California, Alpert empez\u00f3 a recibir lecciones de trompeta a los ocho a\u00f1os y, siendo todav\u00eda adolescente, ya tocaba en bailes. Adquiri\u00f3 su primer magnet\u00f3fono en la escuela secundaria, empezando a experimentar grabando con este equipo sencillo. Despu\u00e9s de graduarse en la escuela secundaria de Fairfax en 1952, se uni\u00f3 al ej\u00e9rcito norteamericano actuando frecuentemente en ceremonias militares. Despu\u00e9s del servicio en el Ej\u00e9rcito, Alpert prob\u00f3 suerte con actuaciones dram\u00e1ticas, pero acab\u00f3 dedic\u00e1ndose a la carrera musical. Mientras asist\u00eda a la Universidad de California del Sur en los a\u00f1os cincuenta, fue miembro de la USC Banda de Marcha de Troya durante dos a\u00f1os. Se gradu\u00f3 como Licenciado en M\u00fasica en 1954.<\/div>\n<p>&nbsp;<\/p>\n<div dir=\"auto\"><\/div>\n<\/div>\n<div class=\"cxmmr5t8 oygrvhab hcukyx3x c1et5uql o9v6fnle ii04i59q\" style=\"text-align: justify;\">\n<div dir=\"auto\">Alpert contin\u00faa tocando su trompeta actualmente, pero tambi\u00e9n se dedica a su segunda carrera como pintor expresionista abstracto y escultor con las exposiciones alrededor de los Estados Unidos. Tambi\u00e9n ha trabajado como productor del teatro de Broadway, con su producci\u00f3n de los \u00c1ngeles de Tony Kushner en Am\u00e9rica ganando un premio Tony.<\/div>\n<p>&nbsp;<\/p>\n<div dir=\"auto\"><\/div>\n<\/div>\n<div class=\"cxmmr5t8 oygrvhab hcukyx3x c1et5uql o9v6fnle ii04i59q\" style=\"text-align: justify;\">\n<div dir=\"auto\">En los a\u00f1os ochenta cre\u00f3 la Fundaci\u00f3n Herb Alpert y los Premios Alpert de las Artes con El Instituto de California de las Artes (CalArts). La Fundaci\u00f3n apoya juventud y educaci\u00f3n de artes as\u00ed como los problemas medioambientales y fondo de auxilios la serie de PBS &#8220;Bill Moyers en la Fe y Raz\u00f3n.&#8221;<\/div>\n<p>&nbsp;<\/p>\n<div dir=\"auto\"><\/div>\n<\/div>\n<div class=\"cxmmr5t8 oygrvhab hcukyx3x c1et5uql o9v6fnle ii04i59q\" style=\"text-align: justify;\">\n<div dir=\"auto\">Ha mantenido los fondos para el grupo disidente cultural conocido como The Yesmen.<\/div>\n<p>&nbsp;<\/p>\n<div dir=\"auto\"><\/div>\n<\/div>\n<div class=\"cxmmr5t8 oygrvhab hcukyx3x c1et5uql o9v6fnle ii04i59q\" style=\"text-align: justify;\">\n<div dir=\"auto\"><strong>Wikipedia in English<\/strong><\/div>\n<p>&nbsp;<\/p>\n<div dir=\"auto\"><\/div>\n<\/div>\n<div class=\"cxmmr5t8 oygrvhab hcukyx3x c1et5uql o9v6fnle ii04i59q\" style=\"text-align: justify;\">\n<div dir=\"auto\"><strong>Biography:<\/strong><\/div>\n<p>&nbsp;<\/p>\n<div dir=\"auto\"><\/div>\n<div dir=\"auto\"><strong>Date of Birth:<\/strong> March 31, 1935<\/div>\n<p>&nbsp;<\/p>\n<div dir=\"auto\"><\/div>\n<div dir=\"auto\">He is an American trumpeter and singer known for being part of the group Herb Alpert &amp; The Tijuana Brass, Herb Alpert&#8217;s Tijuana Brass or simply TJB. He&#8217;s also famous for being an executive in the recording industry &#8211; he&#8217;s the letter &#8220;A&#8221; for A&amp;M Records, a recording label founded with Jerry Moss.<\/div>\n<p>&nbsp;<\/p>\n<div dir=\"auto\"><\/div>\n<\/div>\n<div class=\"cxmmr5t8 oygrvhab hcukyx3x c1et5uql o9v6fnle ii04i59q\" style=\"text-align: justify;\">\n<div dir=\"auto\">Alpert&#8217;s musical achievements include five number one, twenty-eight Billboard chart albums, eight Grammy Awards, fourteen platinum records, and fifteen gold records. By 1996, Alpert had sold 72 million albums worldwide.<\/div>\n<p>&nbsp;<\/p>\n<\/div>\n<div class=\"cxmmr5t8 oygrvhab hcukyx3x c1et5uql o9v6fnle ii04i59q\" style=\"text-align: justify;\">\n<div dir=\"auto\">Born in Los Angeles, California, Alpert began taking trumpet lessons at age eight and, as a teenager, was already playing dances. He acquired his first tape recorder in high school, beginning to experiment with recording with this simple equipment. After graduating from Fairfax High School in 1952, he joined the American Army by performing frequently at military ceremonies. After service in the Army, Alpert tried his hand at dramatic performances, but ended up pursuing a career in music. While attending the University of Southern California in the 1950s, he was a member of the USC Trojan Marching Band for two years. He graduated with a Bachelor of Music in 1954.<\/div>\n<p>&nbsp;<\/p>\n<div dir=\"auto\"><\/div>\n<\/div>\n<div class=\"cxmmr5t8 oygrvhab hcukyx3x c1et5uql o9v6fnle ii04i59q\" style=\"text-align: justify;\">\n<div dir=\"auto\">Alpert continues to play his trumpet today, but is also pursuing his second career as an Abstract Expressionist painter and sculptor with exhibitions around the United States. He has also worked as a Broadway theater producer, with his production of Tony Kushner&#8217;s Angels in America winning a Tony Award.<\/div>\n<p>&nbsp;<\/p>\n<div dir=\"auto\"><\/div>\n<\/div>\n<div class=\"cxmmr5t8 oygrvhab hcukyx3x c1et5uql o9v6fnle ii04i59q\" style=\"text-align: justify;\">\n<div dir=\"auto\">In the 1980s he created the Herb Alpert Foundation and the Alpert Awards for the Arts with The California Institute of the Arts (CalArts). The Foundation supports youth and arts education as well as environmental issues and relief fund the PBS series &#8220;Bill Moyers on Faith and Reason.&#8221;<\/div>\n<p>&nbsp;<\/p>\n<div dir=\"auto\"><\/div>\n<div dir=\"auto\">He has maintained funds for the dissident cultural group known as The Yesmen.<\/div>\n<p>&nbsp;<\/p>\n<div dir=\"auto\"><\/div>\n<\/div>\n<div class=\"cxmmr5t8 oygrvhab hcukyx3x c1et5uql o9v6fnle ii04i59q\" style=\"text-align: justify;\">\n<div dir=\"auto\"><strong>Discography<\/strong><\/div>\n<p>&nbsp;<\/p>\n<div dir=\"auto\"><\/div>\n<div dir=\"auto\">\n<table width=\"771\">\n<tbody>\n<tr>\n<td style=\"text-align: center;\" width=\"139\"><strong>Genero Latin Jazz<\/strong><\/td>\n<td style=\"text-align: center;\" width=\"552\"><strong>Escuchar Musica<\/strong><\/td>\n<td style=\"text-align: center;\" width=\"80\"><strong>A\u00f1o<\/strong><\/td>\n<\/tr>\n<tr>\n<td style=\"text-align: center;\"><\/td>\n<td style=\"text-align: center;\"><strong>Con la Herb Alpert &amp; The Tijuana Brass<\/strong><\/td>\n<td style=\"text-align: center;\"><\/td>\n<\/tr>\n<tr>\n<td><\/td>\n<td><\/td>\n<td><\/td>\n<\/tr>\n<tr>\n<td>1<\/td>\n<td>The Lonely Bull<\/td>\n<td>1962<\/td>\n<\/tr>\n<tr>\n<td>2<\/td>\n<td>South of the Border (\u00e1lbum)<\/td>\n<td>1964<\/td>\n<\/tr>\n<tr>\n<td>3<\/td>\n<td>Whipped Cream &amp; Other Delights<\/td>\n<td>1965<\/td>\n<\/tr>\n<tr>\n<td>4<\/td>\n<td>Herb Alpert&#8217;s Ninth<\/td>\n<td>1967<\/td>\n<\/tr>\n<tr>\n<td>5<\/td>\n<td>The Beat of the Brass<\/td>\n<td>1968<\/td>\n<\/tr>\n<tr>\n<td>6<\/td>\n<td>Christmas Album (TJB)|Christmas Album<\/td>\n<td>1968<\/td>\n<\/tr>\n<tr>\n<td>7<\/td>\n<td>Warm<\/td>\n<td>1969<\/td>\n<\/tr>\n<tr>\n<td>8<\/td>\n<td>Greatest Hits<\/td>\n<td>1970<\/td>\n<\/tr>\n<tr>\n<td>9<\/td>\n<td>Foursider (compilation)<\/td>\n<td>1973<\/td>\n<\/tr>\n<tr>\n<td>10<\/td>\n<td>1975Coney Island<\/td>\n<td>1975<\/td>\n<\/tr>\n<tr>\n<td>11<\/td>\n<td>Greatest Hits Vol. 2 (compilation)<\/td>\n<td>1977<\/td>\n<\/tr>\n<tr>\n<td>12<\/td>\n<td>Bullish<\/td>\n<td>1984<\/td>\n<\/tr>\n<tr>\n<td>13<\/td>\n<td>Classics Volume 1 (compilation)<\/td>\n<td>1986<\/td>\n<\/tr>\n<tr>\n<td>14<\/td>\n<td>Lost Treasures<\/td>\n<td>2005<\/td>\n<\/tr>\n<tr>\n<td>15<\/td>\n<td>Whipped Cream &amp; Other Delights Rewhipped<\/td>\n<td>2006<\/td>\n<\/tr>\n<tr>\n<td><\/td>\n<td><\/td>\n<td><\/td>\n<\/tr>\n<tr>\n<td style=\"text-align: center;\"><\/td>\n<td style=\"text-align: center;\"><strong>En solitario<\/strong><\/td>\n<td><\/td>\n<\/tr>\n<tr>\n<td><\/td>\n<td><\/td>\n<td><\/td>\n<\/tr>\n<tr>\n<td>1<\/td>\n<td>Just You and Me () SP-4591<\/td>\n<td>1976<\/td>\n<\/tr>\n<tr>\n<td>2<\/td>\n<td>Magic Man () SP-3728<\/td>\n<td>1981<\/td>\n<\/tr>\n<tr>\n<td>3<\/td>\n<td>Fandango () SP-3731<\/td>\n<td>1982<\/td>\n<\/tr>\n<tr>\n<td>4<\/td>\n<td>Blow Your Own Horn () SP-4919<\/td>\n<td>1983<\/td>\n<\/tr>\n<tr>\n<td>5<\/td>\n<td>Wild Romance () SP-5082<\/td>\n<td>1985<\/td>\n<\/tr>\n<tr>\n<td>6<\/td>\n<td>Classics Volume 1 ()<\/td>\n<td>1987<\/td>\n<\/tr>\n<tr>\n<td>7<\/td>\n<td>Colors ()<\/td>\n<td>1999<\/td>\n<\/tr>\n<tr>\n<td>8<\/td>\n<td>Definitive Hits (compilation of Tijuana Brass and solo material) ()<\/td>\n<td>2001<\/td>\n<\/tr>\n<tr>\n<td>9<\/td>\n<td>Anything Goes (Herb Alpert &amp; Lani Hall) ()<\/td>\n<td>2009<\/td>\n<\/tr>\n<tr>\n<td>10<\/td>\n<td>I Feel You (Herb Alpert &amp; Lani Hall) ()<\/td>\n<td>2011<\/td>\n<\/tr>\n<tr>\n<td>11<\/td>\n<td>In The Mood ()<\/td>\n<td>2014<\/td>\n<\/tr>\n<tr>\n<td>12<\/td>\n<td>Come Fly With Me ()<\/td>\n<td>2015<\/td>\n<\/tr>\n<tr>\n<td>13<\/td>\n<td>Human Nature ()<\/td>\n<td>2016<\/td>\n<\/tr>\n<tr>\n<td><\/td>\n<td><\/td>\n<td><\/td>\n<\/tr>\n<\/tbody>\n<\/table>\n<p>&nbsp;<\/p>\n<\/div>\n<\/div>\n<div class=\"epyt-video-wrapper\"><iframe loading=\"lazy\"  id=\"_ytid_92413\"  width=\"618\" height=\"347\"  data-origwidth=\"618\" data-origheight=\"347\" src=\"https:\/\/www.youtube.com\/embed\/rkxqDOH8if8?enablejsapi=1&#038;autoplay=0&#038;cc_load_policy=0&#038;cc_lang_pref=&#038;iv_load_policy=1&#038;loop=0&#038;modestbranding=0&#038;rel=1&#038;fs=1&#038;playsinline=0&#038;autohide=2&#038;theme=dark&#038;color=red&#038;controls=1&#038;\" class=\"__youtube_prefs__  epyt-is-override  no-lazyload\" title=\"YouTube player\"  allow=\"fullscreen; accelerometer; autoplay; clipboard-write; encrypted-media; gyroscope; picture-in-picture\" allowfullscreen data-no-lazy=\"1\" data-skipgform_ajax_framebjll=\"\"><\/iframe><\/div>\n<p style=\"text-align: justify;\">\n","protected":false},"excerpt":{"rendered":"<p>&nbsp; Fecha de Nacimiento 31 de marzo de 1935 &nbsp; Biograf\u00eda: &nbsp; Es un trompetista y cantante estadounidense conocido por formar parte del grupo Herb Alpert &amp; The Tijuana Brass, Herb Alpert&#8217;s Tijuana Brass o simplemente TJB. Tambi\u00e9n es famoso por ser un ejecutivo de la industria fonogr\u00e1fica -es la letra &#8220;A&#8221; de A&amp;M Records, &hellip;<\/p>\n","protected":false},"author":1,"featured_media":0,"parent":0,"menu_order":0,"comment_status":"closed","ping_status":"closed","template":"","meta":{"footnotes":""},"class_list":["post-28291","page","type-page","status-publish",""],"jetpack_sharing_enabled":true,"_links":{"self":[{"href":"http:\/\/mickyandoniehn.com\/radio\/wp-json\/wp\/v2\/pages\/28291","targetHints":{"allow":["GET"]}}],"collection":[{"href":"http:\/\/mickyandoniehn.com\/radio\/wp-json\/wp\/v2\/pages"}],"about":[{"href":"http:\/\/mickyandoniehn.com\/radio\/wp-json\/wp\/v2\/types\/page"}],"author":[{"embeddable":true,"href":"http:\/\/mickyandoniehn.com\/radio\/wp-json\/wp\/v2\/users\/1"}],"replies":[{"embeddable":true,"href":"http:\/\/mickyandoniehn.com\/radio\/wp-json\/wp\/v2\/comments?post=28291"}],"version-history":[{"count":2,"href":"http:\/\/mickyandoniehn.com\/radio\/wp-json\/wp\/v2\/pages\/28291\/revisions"}],"predecessor-version":[{"id":30265,"href":"http:\/\/mickyandoniehn.com\/radio\/wp-json\/wp\/v2\/pages\/28291\/revisions\/30265"}],"wp:attachment":[{"href":"http:\/\/mickyandoniehn.com\/radio\/wp-json\/wp\/v2\/media?parent=28291"}],"curies":[{"name":"wp","href":"https:\/\/api.w.org\/{rel}","templated":true}]}}