{"id":28287,"date":"2022-08-26T08:55:54","date_gmt":"2022-08-26T14:55:54","guid":{"rendered":"https:\/\/mickyandoniehn.com\/radio\/?page_id=28287"},"modified":"2022-09-01T08:51:08","modified_gmt":"2022-09-01T14:51:08","slug":"bil-dwyer","status":"publish","type":"page","link":"http:\/\/mickyandoniehn.com\/radio\/bil-dwyer\/","title":{"rendered":"Bil Dwyer"},"content":{"rendered":"<p style=\"text-align: justify;\"><img loading=\"lazy\" decoding=\"async\" class=\" wp-image-30100 aligncenter\" src=\"http:\/\/mickyandoniehn.com\/radio\/wp-content\/uploads\/2022\/03\/Bil-Dwyer-300x200.jpg\" alt=\"\" width=\"743\" height=\"495\" srcset=\"http:\/\/mickyandoniehn.com\/radio\/wp-content\/uploads\/2022\/03\/Bil-Dwyer-300x200.jpg 300w, http:\/\/mickyandoniehn.com\/radio\/wp-content\/uploads\/2022\/03\/Bil-Dwyer-768x512.jpg 768w, http:\/\/mickyandoniehn.com\/radio\/wp-content\/uploads\/2022\/03\/Bil-Dwyer.jpg 1000w\" sizes=\"auto, (max-width: 743px) 100vw, 743px\" \/><\/p>\n<p>&nbsp;<\/p>\n<p style=\"text-align: justify;\"><strong>Fecha de Nacimiento: <\/strong>30 de marzo de 1962<\/p>\n<p style=\"text-align: justify;\"><strong>Biograf\u00eda<\/strong><\/p>\n<p style=\"text-align: justify;\">Es un americano comediante, la demostraci\u00f3n de juego de acogida, actor y escritor. \u00c9l es quiz\u00e1s el m\u00e1s conocido como el anfitri\u00f3n o play-by-play en series como BattleBots, Tengo un secreto, y Extreme Dodgeball, as\u00ed como varias iteraciones de VH1 &#8216;s Amo los a\u00f1os 70, me Me encantan los 80, y me encantan los 90, y una aparici\u00f3n en 2006 en Last Comic Standing. Su \u00e1lbum de comedia debut, Am I Yelling?, fue lanzado en septiembre de 2020 por el sello de comedia Stand Up! Registros.<\/p>\n<p style=\"text-align: justify;\">Dwyer comenz\u00f3 a realizar stand-up mientras estaba en la universidad en Chicago y luego se mud\u00f3 a Los \u00c1ngeles. \u00a0Su comedia tiende a centrarse en temas dom\u00e9sticos como el matrimonio, la familia y los ni\u00f1os. El escritor del Tahoe Daily Tribune, Howie Nave, describi\u00f3 su estilo como &#8220;algo sarc\u00e1stico&#8221;, pero agreg\u00f3 que &#8220;se puede ver emerger su dulzura del Medio Oeste&#8221;.<\/p>\n<p style=\"text-align: justify;\">En 2001, grab\u00f3 un especial de media hora para Comedy Central Presents. En 2006, particip\u00f3 en la cuarta temporada de Last Comic Standing, pero fue eliminado en el segundo episodio regular, terminando d\u00e9cimo en la competencia.<\/p>\n<p style=\"text-align: justify;\"><strong>Biography<\/strong>:<\/p>\n<p style=\"text-align: justify;\"><strong>Born:<\/strong> March 30, 1962<\/p>\n<p style=\"text-align: justify;\">He is an American comedian, show host, actor, and writer. He is perhaps best known as the host or play-by-play on series like BattleBots, got a Secret, and Extreme Dodgeball, as well as various iterations of VH1&#8217;s I love the &#8217;70s, I love the&#8217; 80s, and I love them. the 90s, and a 2006 appearance on Last Comic Standing. Her debut comedy album, Am I Yelling? was released in September 2020 by comedy label Stand Up! Records.<\/p>\n<p style=\"text-align: justify;\">Dwyer began performing stand-up while in college in Chicago and later moved to Los Angeles. His comedy tends to focus on domestic themes such as marriage, family, and children. Tahoe Daily Tribune writer Howie Nave described her style as &#8220;somewhat sarcastic&#8221; but added that &#8220;you can see her Midwestern sweetness emerging.&#8221;<\/p>\n<p style=\"text-align: justify;\">In 2001, he recorded a half-hour special for Comedy Central Presents. In 2006, he participated in the fourth season of Last Comic Standing, but was eliminated in the second regular episode, finishing 10th in the competition.<\/p>\n<p style=\"text-align: justify;\"><strong>Discograf\u00eda\u00a0<\/strong><\/p>\n<table width=\"632\">\n<tbody>\n<tr>\n<td style=\"text-align: center;\" width=\"552\"><strong>Escuchar Musica<\/strong><\/td>\n<td style=\"text-align: center;\" width=\"80\"><strong>A\u00f1o<\/strong><\/td>\n<\/tr>\n<tr>\n<td><\/td>\n<td><\/td>\n<\/tr>\n<tr>\n<td>Estoy gritando? (Stand Up! Records)<\/td>\n<td>2020<\/td>\n<\/tr>\n<tr>\n<td><\/td>\n<td><\/td>\n<\/tr>\n<\/tbody>\n<\/table>\n","protected":false},"excerpt":{"rendered":"<p>&nbsp; Fecha de Nacimiento: 30 de marzo de 1962 Biograf\u00eda Es un americano comediante, la demostraci\u00f3n de juego de acogida, actor y escritor. \u00c9l es quiz\u00e1s el m\u00e1s conocido como el anfitri\u00f3n o play-by-play en series como BattleBots, Tengo un secreto, y Extreme Dodgeball, as\u00ed como varias iteraciones de VH1 &#8216;s Amo los a\u00f1os 70, &hellip;<\/p>\n","protected":false},"author":1,"featured_media":0,"parent":0,"menu_order":0,"comment_status":"closed","ping_status":"closed","template":"","meta":{"footnotes":""},"class_list":["post-28287","page","type-page","status-publish",""],"jetpack_sharing_enabled":true,"_links":{"self":[{"href":"http:\/\/mickyandoniehn.com\/radio\/wp-json\/wp\/v2\/pages\/28287","targetHints":{"allow":["GET"]}}],"collection":[{"href":"http:\/\/mickyandoniehn.com\/radio\/wp-json\/wp\/v2\/pages"}],"about":[{"href":"http:\/\/mickyandoniehn.com\/radio\/wp-json\/wp\/v2\/types\/page"}],"author":[{"embeddable":true,"href":"http:\/\/mickyandoniehn.com\/radio\/wp-json\/wp\/v2\/users\/1"}],"replies":[{"embeddable":true,"href":"http:\/\/mickyandoniehn.com\/radio\/wp-json\/wp\/v2\/comments?post=28287"}],"version-history":[{"count":2,"href":"http:\/\/mickyandoniehn.com\/radio\/wp-json\/wp\/v2\/pages\/28287\/revisions"}],"predecessor-version":[{"id":30103,"href":"http:\/\/mickyandoniehn.com\/radio\/wp-json\/wp\/v2\/pages\/28287\/revisions\/30103"}],"wp:attachment":[{"href":"http:\/\/mickyandoniehn.com\/radio\/wp-json\/wp\/v2\/media?parent=28287"}],"curies":[{"name":"wp","href":"https:\/\/api.w.org\/{rel}","templated":true}]}}