{"id":28274,"date":"2022-08-26T08:51:59","date_gmt":"2022-08-26T14:51:59","guid":{"rendered":"https:\/\/mickyandoniehn.com\/radio\/?page_id=28274"},"modified":"2022-09-01T09:46:32","modified_gmt":"2022-09-01T15:46:32","slug":"elis-regina","status":"publish","type":"page","link":"http:\/\/mickyandoniehn.com\/radio\/elis-regina\/","title":{"rendered":"Elis Regina"},"content":{"rendered":"<p style=\"text-align: justify;\"><img loading=\"lazy\" decoding=\"async\" class=\" wp-image-25194 aligncenter\" src=\"http:\/\/mickyandoniehn.com\/radio\/wp-content\/uploads\/2022\/08\/Elis-Regina-300x280.png\" alt=\"\" width=\"722\" height=\"674\" srcset=\"http:\/\/mickyandoniehn.com\/radio\/wp-content\/uploads\/2022\/08\/Elis-Regina-300x280.png 300w, http:\/\/mickyandoniehn.com\/radio\/wp-content\/uploads\/2022\/08\/Elis-Regina-768x716.png 768w, http:\/\/mickyandoniehn.com\/radio\/wp-content\/uploads\/2022\/08\/Elis-Regina.png 770w\" sizes=\"auto, (max-width: 722px) 100vw, 722px\" \/><\/p>\n<p>&nbsp;<\/p>\n<div class=\"cxmmr5t8 oygrvhab hcukyx3x c1et5uql o9v6fnle ii04i59q\" style=\"text-align: justify;\">\n<div dir=\"auto\"><strong>Fecha de Nacimiento:<\/strong> 17 de marzo de 1945<\/div>\n<p>&nbsp;<\/p>\n<div dir=\"auto\"><\/div>\n<div dir=\"auto\"><strong>Fecha de Fallecimiento:<\/strong> 19 de enero de 1982<\/div>\n<p>&nbsp;<\/p>\n<div dir=\"auto\"><\/div>\n<\/div>\n<div class=\"cxmmr5t8 oygrvhab hcukyx3x c1et5uql o9v6fnle ii04i59q\" style=\"text-align: justify;\">\n<div dir=\"auto\"><strong>Biograf\u00eda:<\/strong><\/div>\n<p>&nbsp;<\/p>\n<div dir=\"auto\"><\/div>\n<div dir=\"auto\">Fue hija de Romeu Costa, un hombre de car\u00e1cter silencioso y de Ercy Carvalho Costa, persona de car\u00e1cter fuerte. Su carrera se inici\u00f3 a los 7 a\u00f1os de edad, en 1952, en una emisora de radio local, pero no pudo abrir la boca, debido al p\u00e1nico esc\u00e9nico que, aparentemente, no pudo superar en ese momento.<\/div>\n<p>&nbsp;<\/p>\n<div dir=\"auto\"><\/div>\n<\/div>\n<div class=\"cxmmr5t8 oygrvhab hcukyx3x c1et5uql o9v6fnle ii04i59q\" style=\"text-align: justify;\">\n<div dir=\"auto\">Cuatro a\u00f1os despu\u00e9s volvi\u00f3 a probar suerte y particip\u00f3 en el programa de radio para ni\u00f1os O Clube do Gur\u00ed en la Radio Farroupilha. As\u00ed logr\u00f3 su primer contrato profesional.<\/div>\n<p>&nbsp;<\/p>\n<div dir=\"auto\"><\/div>\n<\/div>\n<div class=\"cxmmr5t8 oygrvhab hcukyx3x c1et5uql o9v6fnle ii04i59q\" style=\"text-align: justify;\">\n<div dir=\"auto\">En 1959 fue contratada por R\u00e1dio Ga\u00facha y al a\u00f1o siguiente viaj\u00f3 a R\u00edo de Janeiro, donde firm\u00f3 su primer contrato con la empresa discogr\u00e1fica Grava\u00e7\u00f5es El\u00e9tricas y grab\u00f3 su primer LP, Viva a Brotol\u00e2ndia. Con esta empresa realiz\u00f3 en 1962 su segundo LP, titulado &#8220;Poema de Amor&#8221;. M\u00e1s tarde, sus afamados promotores, Luiz Carlos Miele y el compositor Ronaldo B\u00f4scoli, la vieron partir a S\u00e3o Paulo donde su carrera continu\u00f3 en ascenso. En 1965 lanz\u00f3 un LP con Jair Rodrigues, Dois na bossa, el cual fij\u00f3 un r\u00e9cord de ventas nacional. Desde ese mismo a\u00f1o, condujo junto a Jair Rodrigues uno de los m\u00e1s importantes programas de televisi\u00f3n de la m\u00fasica popular brasile\u00f1a, O Fino da Bossa.<\/div>\n<p>&nbsp;<\/p>\n<div dir=\"auto\"><\/div>\n<\/div>\n<div class=\"cxmmr5t8 oygrvhab hcukyx3x c1et5uql o9v6fnle ii04i59q\" style=\"text-align: justify;\">\n<div dir=\"auto\">A finales de los a\u00f1os sesenta y principios de los setenta, Regina ayud\u00f3 a popularizar el trabajo del movimiento Tropicalia, grabando canciones de m\u00fasicos como Gilberto Gil.<\/div>\n<p>&nbsp;<\/p>\n<div dir=\"auto\"><\/div>\n<\/div>\n<div class=\"cxmmr5t8 oygrvhab hcukyx3x c1et5uql o9v6fnle ii04i59q\" style=\"text-align: justify;\">\n<div dir=\"auto\">La artista contrajo matrimonio con Ronaldo B\u00f4scoli de cuyo matrimonio tuvo a su primer hijo, Jo\u00e3o Marcelo B\u00f4scoli Carvalho, nacido dos a\u00f1os antes de la separaci\u00f3n final. Para entonces, Elis Regina se hab\u00eda enamorado de su pianista, C\u00e9sar Camargo Mariano, quien era casado. Poco despu\u00e9s, contrajeron matrimonio y tuvieron a Pedro Camargo Mariano y Maria Rita Mariano, quien logr\u00f3 ser una cantante de mucha popularidad.<\/div>\n<p>&nbsp;<\/p>\n<div dir=\"auto\"><\/div>\n<\/div>\n<div class=\"cxmmr5t8 oygrvhab hcukyx3x c1et5uql o9v6fnle ii04i59q\" style=\"text-align: justify;\">\n<div dir=\"auto\">En una entrevista en 1969, critic\u00f3 abiertamente al Gobierno brasile\u00f1o calific\u00e1ndolo como &#8220;una camarilla de gorilas&#8221;. Su popularidad la mantuvo fuera de prisi\u00f3n, pero finalmente fue obligada por las autoridades a cantar el himno nacional de Brasil durante las Olimpiadas del ej\u00e9rcito, lo que fue rechazado por muchos brasile\u00f1os simpatizante de izquierda.<\/div>\n<p>&nbsp;<\/p>\n<div dir=\"auto\"><\/div>\n<\/div>\n<div class=\"cxmmr5t8 oygrvhab hcukyx3x c1et5uql o9v6fnle ii04i59q\" style=\"text-align: justify;\">\n<div dir=\"auto\">Luego recorri\u00f3 Mil\u00e1n, Roma, Par\u00eds y Barcelona en gira art\u00edstica, declarando que el p\u00fablico europeo necesitaba entender que Brasil no era un simple pueblo de Carnaval.<\/div>\n<p>&nbsp;<\/p>\n<div dir=\"auto\"><\/div>\n<\/div>\n<div class=\"cxmmr5t8 oygrvhab hcukyx3x c1et5uql o9v6fnle ii04i59q\" style=\"text-align: justify;\">\n<div dir=\"auto\">En 1974 grab\u00f3 con el cantautor y m\u00fasico Tom Jobim el \u00e1lbum Elis &amp; Tom, considerado por cr\u00edticos musicales como uno de los mejores discos de bossa nova de todos los tiempos.<\/div>\n<p>&nbsp;<\/p>\n<div dir=\"auto\"><\/div>\n<\/div>\n<div class=\"cxmmr5t8 oygrvhab hcukyx3x c1et5uql o9v6fnle ii04i59q\" style=\"text-align: justify;\">\n<div dir=\"auto\"><strong>Wikipedia in English<\/strong><\/div>\n<p>&nbsp;<\/p>\n<div dir=\"auto\"><\/div>\n<\/div>\n<div class=\"cxmmr5t8 oygrvhab hcukyx3x c1et5uql o9v6fnle ii04i59q\" style=\"text-align: justify;\">\n<div dir=\"auto\"><strong>Date of Birth:<\/strong> March 17, 1945<\/div>\n<p>&nbsp;<\/p>\n<div dir=\"auto\"><\/div>\n<div dir=\"auto\"><strong>Date of Died:<\/strong> January 19, 1982<\/div>\n<p>&nbsp;<\/p>\n<div dir=\"auto\"><\/div>\n<\/div>\n<div class=\"cxmmr5t8 oygrvhab hcukyx3x c1et5uql o9v6fnle ii04i59q\" style=\"text-align: justify;\">\n<div dir=\"auto\"><strong>Biography:<\/strong><\/div>\n<p>&nbsp;<\/p>\n<div dir=\"auto\"><\/div>\n<div dir=\"auto\">She was the daughter of Romeu Costa, a man with a silent character, and Ercy Carvalho Costa, a person with a strong character. Her career began at the age of 7, in 1952, at a local radio station, but she couldn&#8217;t open her mouth, due to stage fright that she apparently couldn&#8217;t overcome at the time.<\/div>\n<p>&nbsp;<\/p>\n<div dir=\"auto\"><\/div>\n<\/div>\n<div class=\"cxmmr5t8 oygrvhab hcukyx3x c1et5uql o9v6fnle ii04i59q\" style=\"text-align: justify;\">\n<div dir=\"auto\">Four years later she tried her luck again and participated in the children&#8217;s radio program O Clube do Gur\u00ed on Radio Farroupilha. She thus achieved her first professional contract.<\/div>\n<p>&nbsp;<\/p>\n<div dir=\"auto\"><\/div>\n<\/div>\n<div class=\"cxmmr5t8 oygrvhab hcukyx3x c1et5uql o9v6fnle ii04i59q\" style=\"text-align: justify;\">\n<div dir=\"auto\">In 1959 she was hired by R\u00e1dio Ga\u00facha and the following year she traveled to Rio de Janeiro, where she signed her first contract with the record company Grava\u00e7\u00f5es El\u00e9tricas and recorded her first LP, Viva a Brotol\u00e2ndia. With this company she made her second LP in 1962, entitled &#8220;Poema de Amor&#8221;. Later, her famous promoters, Luiz Carlos Miele and the composer Ronaldo B\u00f4scoli, saw her leave for S\u00e3o Paulo where her career continued to rise. In 1965 she released an LP with Jair Rodrigues, Dois na bossa, which set a national sales record. From that same year, together with Jair Rodrigues, she led one of the most important Brazilian popular music television programs, O Fino da Bossa.<\/div>\n<p>&nbsp;<\/p>\n<div dir=\"auto\"><\/div>\n<\/div>\n<div class=\"cxmmr5t8 oygrvhab hcukyx3x c1et5uql o9v6fnle ii04i59q\" style=\"text-align: justify;\">\n<div dir=\"auto\">In the late 1960s and early 1970s, Ella Regina helped popularize the work of the Tropicalia movement, recording songs by musicians such as Gilberto Gil.<\/div>\n<p>&nbsp;<\/p>\n<div dir=\"auto\"><\/div>\n<\/div>\n<div class=\"cxmmr5t8 oygrvhab hcukyx3x c1et5uql o9v6fnle ii04i59q\" style=\"text-align: justify;\">\n<div dir=\"auto\">The artist married Ronaldo B\u00f4scoli from whose marriage she had her first child, Jo\u00e3o Marcelo B\u00f4scoli Carvalho, born two years before the final separation. By then, Elis Regina had fallen in love with her pianist, C\u00e9sar Camargo Mariano, who was married. Shortly after, they got married and had Pedro Camargo Mariano and Maria Rita Mariano, who became a very popular singer.<\/div>\n<div dir=\"auto\"><\/div>\n<p>&nbsp;<\/p>\n<\/div>\n<div class=\"cxmmr5t8 oygrvhab hcukyx3x c1et5uql o9v6fnle ii04i59q\" style=\"text-align: justify;\">\n<div dir=\"auto\">In an interview in 1969, she openly criticized the Brazilian government as &#8220;a clique of gorillas.&#8221; Her popularity kept her out of prison, but she was eventually forced by the authorities to sing the Brazilian national anthem during the Army Olympics, which was rejected by many Brazilian leftist sympathizers.<\/div>\n<p>&nbsp;<\/p>\n<div dir=\"auto\"><\/div>\n<\/div>\n<div class=\"cxmmr5t8 oygrvhab hcukyx3x c1et5uql o9v6fnle ii04i59q\" style=\"text-align: justify;\">\n<div dir=\"auto\">She later toured Milan, Rome, Paris and Barcelona on an artistic tour, declaring that the European public needed to understand that Brazil was not a simple Carnival town.<\/div>\n<p>&nbsp;<\/p>\n<div dir=\"auto\"><\/div>\n<\/div>\n<div class=\"cxmmr5t8 oygrvhab hcukyx3x c1et5uql o9v6fnle ii04i59q\" style=\"text-align: justify;\">\n<div dir=\"auto\">In 1974 she recorded with singer-songwriter and musician Tom Jobim the album Elis &amp; Tom, considered by music critics to be one of the best bossa nova albums of all time.<\/div>\n<p>&nbsp;<\/p>\n<div dir=\"auto\"><\/div>\n<\/div>\n<div class=\"cxmmr5t8 oygrvhab hcukyx3x c1et5uql o9v6fnle ii04i59q\" style=\"text-align: justify;\">\n<div dir=\"auto\"><strong>Discography<\/strong><\/div>\n<p>&nbsp;<\/p>\n<div dir=\"auto\"><\/div>\n<div dir=\"auto\">\n<table width=\"606\">\n<tbody>\n<tr>\n<td style=\"text-align: center;\" width=\"168\"><strong>Temas\u00a0\u00a0\u00a0 Bossa Nova<\/strong><\/td>\n<td style=\"text-align: center;\" width=\"237\"><strong>Escuchar tema<\/strong><\/td>\n<td style=\"text-align: center;\" width=\"201\"><strong>A\u00f1o de Publicacion<\/strong><\/td>\n<\/tr>\n<tr>\n<td>1<\/td>\n<td>Como nossos pais music_note<\/td>\n<td>1976<\/td>\n<\/tr>\n<tr>\n<td>2<\/td>\n<td>b\u00eabado e a equilibrista<\/td>\n<td>1979<\/td>\n<\/tr>\n<tr>\n<td>3<\/td>\n<td>Maria Maria<\/td>\n<td>1980<\/td>\n<\/tr>\n<tr>\n<td>4<\/td>\n<td>Madalena<\/td>\n<td>1971<\/td>\n<\/tr>\n<tr>\n<td>5<\/td>\n<td>20 Anos Blue<\/td>\n<td>1972<\/td>\n<\/tr>\n<tr>\n<td>6<\/td>\n<td>Bala Com Bala<\/td>\n<td>1972<\/td>\n<\/tr>\n<tr>\n<td>7<\/td>\n<td>Nada ser\u00e1 como antes<\/td>\n<td>2015<\/td>\n<\/tr>\n<tr>\n<td>8<\/td>\n<td>Mucuripe<\/td>\n<td>1972<\/td>\n<\/tr>\n<tr>\n<td>9<\/td>\n<td>Elis Regina<\/td>\n<td>1963<\/td>\n<\/tr>\n<tr>\n<td>10<\/td>\n<td>Olhos Abertos<\/td>\n<td>1972<\/td>\n<\/tr>\n<tr>\n<td>11<\/td>\n<td>Vida de Bailarina<\/td>\n<td>1972<\/td>\n<\/tr>\n<tr>\n<td>12<\/td>\n<td>Atr\u00e1s da Porta<\/td>\n<td>1972<\/td>\n<\/tr>\n<tr>\n<td>13<\/td>\n<td>Cais<\/td>\n<td>1972<\/td>\n<\/tr>\n<tr>\n<td>14<\/td>\n<td>Me deixa em paz<\/td>\n<td>1972<\/td>\n<\/tr>\n<tr>\n<td>15<\/td>\n<td>Casa no campo<\/td>\n<td>1972<\/td>\n<\/tr>\n<tr>\n<td>16<\/td>\n<td>Boa Noite Amor<\/td>\n<td>1972<\/td>\n<\/tr>\n<tr>\n<td><\/td>\n<td><\/td>\n<td><\/td>\n<\/tr>\n<tr>\n<td style=\"text-align: center;\"><\/td>\n<td style=\"text-align: center;\"><strong>Elis &amp; Tom<\/strong><\/td>\n<td style=\"text-align: center;\"><strong>1974<\/strong><\/td>\n<\/tr>\n<tr>\n<td>1<\/td>\n<td>\u00c1guas De Marco<\/td>\n<td><\/td>\n<\/tr>\n<tr>\n<td>2<\/td>\n<td>Pois \u00c9<\/td>\n<td><\/td>\n<\/tr>\n<tr>\n<td>3<\/td>\n<td>S\u00f3 tinha de ser com voc\u00ea<\/td>\n<td><\/td>\n<\/tr>\n<tr>\n<td>4<\/td>\n<td>Modinha<\/td>\n<td><\/td>\n<\/tr>\n<tr>\n<td>5<\/td>\n<td>Triste<\/td>\n<td><\/td>\n<\/tr>\n<tr>\n<td>6<\/td>\n<td>Corcovado<\/td>\n<td><\/td>\n<\/tr>\n<tr>\n<td>7<\/td>\n<td>O Que Tinha de Ser<\/td>\n<td><\/td>\n<\/tr>\n<tr>\n<td>8<\/td>\n<td>Retrato em branco e preto<\/td>\n<td><\/td>\n<\/tr>\n<tr>\n<td>9<\/td>\n<td>Brigas Nunca Mais<\/td>\n<td><\/td>\n<\/tr>\n<tr>\n<td>10<\/td>\n<td>Por Toda a Minha Vida<\/td>\n<td><\/td>\n<\/tr>\n<tr>\n<td>11<\/td>\n<td>Fotograf\u00eda<\/td>\n<td><\/td>\n<\/tr>\n<tr>\n<td>12<\/td>\n<td>Soneto de Separa\u00e7\u00e3o<\/td>\n<td><\/td>\n<\/tr>\n<tr>\n<td>13<\/td>\n<td>Chovendo na roseira<\/td>\n<td><\/td>\n<\/tr>\n<tr>\n<td>14<\/td>\n<td>In\u00fatil Paisa gem<\/td>\n<td><\/td>\n<\/tr>\n<tr>\n<td><\/td>\n<td><\/td>\n<td><\/td>\n<\/tr>\n<tr>\n<td style=\"text-align: center;\"><\/td>\n<td style=\"text-align: center;\"><strong>Falso Brilhante<\/strong><\/td>\n<td style=\"text-align: center;\"><strong>1976<\/strong><\/td>\n<\/tr>\n<tr>\n<td>1<\/td>\n<td>Como nossos pais<\/td>\n<td><\/td>\n<\/tr>\n<tr>\n<td>2<\/td>\n<td>Velha Ropas Colorida<\/td>\n<td><\/td>\n<\/tr>\n<tr>\n<td>3<\/td>\n<td>Los Hermanos<\/td>\n<td><\/td>\n<\/tr>\n<tr>\n<td>4<\/td>\n<td>Um por todos<\/td>\n<td><\/td>\n<\/tr>\n<tr>\n<td>5<\/td>\n<td>Fascina\u00e7\u00e3o<\/td>\n<td><\/td>\n<\/tr>\n<tr>\n<td>6<\/td>\n<td>Jardins de inf\u00e2ncia<\/td>\n<td><\/td>\n<\/tr>\n<tr>\n<td>7<\/td>\n<td>Quero<\/td>\n<td><\/td>\n<\/tr>\n<tr>\n<td>8<\/td>\n<td>Gracias a La Vida<\/td>\n<td><\/td>\n<\/tr>\n<tr>\n<td>9<\/td>\n<td>O cavaleiro e os moinhos<\/td>\n<td><\/td>\n<\/tr>\n<tr>\n<td>10<\/td>\n<td>Tatuagem<\/td>\n<td><\/td>\n<\/tr>\n<tr>\n<td><\/td>\n<td><\/td>\n<td><\/td>\n<\/tr>\n<tr>\n<td style=\"text-align: center;\"><\/td>\n<td style=\"text-align: center;\"><strong>Essa Mulher<\/strong><\/td>\n<td style=\"text-align: center;\"><strong>1979<\/strong><\/td>\n<\/tr>\n<tr>\n<td>1<\/td>\n<td>Cai dentro<\/td>\n<td><\/td>\n<\/tr>\n<tr>\n<td>2<\/td>\n<td>O b\u00eabado e a equilibrista<\/td>\n<td><\/td>\n<\/tr>\n<tr>\n<td>3<\/td>\n<td>Essa mulher<\/td>\n<td><\/td>\n<\/tr>\n<tr>\n<td>4<\/td>\n<td>Basta de clamares inoc\u00eancia<\/td>\n<td><\/td>\n<\/tr>\n<tr>\n<td>5<\/td>\n<td>Beguine dod\u00f3i<\/td>\n<td><\/td>\n<\/tr>\n<tr>\n<td>6<\/td>\n<td>Eu hein Rosa!<\/td>\n<td><\/td>\n<\/tr>\n<tr>\n<td>7<\/td>\n<td>Altos e baixos<\/td>\n<td><\/td>\n<\/tr>\n<tr>\n<td>8<\/td>\n<td>Bolero de Sat\u00e3 (feat. Cauby Peixoto)<\/td>\n<td><\/td>\n<\/tr>\n<tr>\n<td>9<\/td>\n<td>P\u00e9 sem cabe\u00e7a<\/td>\n<td><\/td>\n<\/tr>\n<tr>\n<td>10<\/td>\n<td>As apar\u00eancias enganam<\/td>\n<td><\/td>\n<\/tr>\n<tr>\n<td><\/td>\n<td><\/td>\n<td><\/td>\n<\/tr>\n<tr>\n<td style=\"text-align: center;\"><\/td>\n<td style=\"text-align: center;\"><strong>Saudade do Brasil<\/strong><\/td>\n<td style=\"text-align: center;\"><strong>1980<\/strong><\/td>\n<\/tr>\n<tr>\n<td>1<\/td>\n<td>Abertura \/ Arrast\u00e3o \/ Lapinha<\/td>\n<td><\/td>\n<\/tr>\n<tr>\n<td>2<\/td>\n<td>Terra de ningu\u00e9m<\/td>\n<td><\/td>\n<\/tr>\n<tr>\n<td>3<\/td>\n<td>Maria Maria<\/td>\n<td><\/td>\n<\/tr>\n<tr>\n<td>4<\/td>\n<td>Agora t\u00e1!<\/td>\n<td><\/td>\n<\/tr>\n<tr>\n<td>5<\/td>\n<td>Al\u00f4 Al\u00f4 Marciano<\/td>\n<td><\/td>\n<\/tr>\n<tr>\n<td>6<\/td>\n<td>Can\u00e7\u00e3o da Am\u00e9rica<\/td>\n<td><\/td>\n<\/tr>\n<tr>\n<td>7<\/td>\n<td>As apar\u00eancias enganam<\/td>\n<td><\/td>\n<\/tr>\n<tr>\n<td>8<\/td>\n<td>O primeiro jornal<\/td>\n<td><\/td>\n<\/tr>\n<tr>\n<td>9<\/td>\n<td>Moda de sangue<\/td>\n<td><\/td>\n<\/tr>\n<tr>\n<td>10<\/td>\n<td>Marambaia<\/td>\n<td><\/td>\n<\/tr>\n<tr>\n<td>11<\/td>\n<td>Presidente bossa nova<\/td>\n<td><\/td>\n<\/tr>\n<tr>\n<td>12<\/td>\n<td>Conversando no bar<\/td>\n<td><\/td>\n<\/tr>\n<tr>\n<td>13<\/td>\n<td>Onze fitas<\/td>\n<td><\/td>\n<\/tr>\n<tr>\n<td>14<\/td>\n<td>Menino<\/td>\n<td><\/td>\n<\/tr>\n<tr>\n<td>15<\/td>\n<td>Aos nossos filhos<\/td>\n<td><\/td>\n<\/tr>\n<tr>\n<td>16<\/td>\n<td>Sabi\u00e1<\/td>\n<td><\/td>\n<\/tr>\n<tr>\n<td>17<\/td>\n<td>Mundo novo, vida nova<\/td>\n<td><\/td>\n<\/tr>\n<tr>\n<td>18<\/td>\n<td>Aquarela do Brasil<\/td>\n<td><\/td>\n<\/tr>\n<tr>\n<td>19<\/td>\n<td>O que foi feito devera (De Vera)<\/td>\n<td><\/td>\n<\/tr>\n<tr>\n<td>20<\/td>\n<td>Redescobrir<\/td>\n<td><\/td>\n<\/tr>\n<tr>\n<td><\/td>\n<td><\/td>\n<td><\/td>\n<\/tr>\n<tr>\n<td style=\"text-align: center;\"><\/td>\n<td style=\"text-align: center;\"><strong>Trem Azul<\/strong><\/td>\n<td style=\"text-align: center;\"><strong>1982<\/strong><\/td>\n<\/tr>\n<tr>\n<td>1<\/td>\n<td>Aprendendo a Jogar<\/td>\n<td><\/td>\n<\/tr>\n<tr>\n<td>2<\/td>\n<td>Al\u00f4 Al\u00f4 Marciano<\/td>\n<td><\/td>\n<\/tr>\n<tr>\n<td>3<\/td>\n<td colspan=\"2\">O Medo de Amar \u00c9 o Medo de Ser Livre<\/td>\n<\/tr>\n<tr>\n<td>4<\/td>\n<td>O trem azul<\/td>\n<td><\/td>\n<\/tr>\n<tr>\n<td>5<\/td>\n<td>Vento de Maio<\/td>\n<td><\/td>\n<\/tr>\n<tr>\n<td>6<\/td>\n<td>Se Eu Quiser Falar com Deus<\/td>\n<td><\/td>\n<\/tr>\n<tr>\n<td>7<\/td>\n<td>Flora<\/td>\n<td><\/td>\n<\/tr>\n<tr>\n<td>8<\/td>\n<td>Valsa de Eur\u00eddece<\/td>\n<td><\/td>\n<\/tr>\n<tr>\n<td>9<\/td>\n<td>Unencounter (Can\u00e7\u00e3o da Am\u00e9rica)<\/td>\n<td><\/td>\n<\/tr>\n<tr>\n<td>10<\/td>\n<td>Me Deixas Louca (Me Vuelves Loco)<\/td>\n<td><\/td>\n<\/tr>\n<tr>\n<td>11<\/td>\n<td>Sai dessa<\/td>\n<td><\/td>\n<\/tr>\n<tr>\n<td>12<\/td>\n<td>Aqui \u00c9 o Pa\u00eds do Futebol<\/td>\n<td><\/td>\n<\/tr>\n<tr>\n<td>13<\/td>\n<td>Baila Comigo<\/td>\n<td><\/td>\n<\/tr>\n<tr>\n<td>14<\/td>\n<td>Amante \u00e0 Moda Antiga<\/td>\n<td><\/td>\n<\/tr>\n<tr>\n<td>15<\/td>\n<td>Fant\u00e1stico<\/td>\n<td><\/td>\n<\/tr>\n<tr>\n<td>16<\/td>\n<td>Come\u00e7ar de Novo<\/td>\n<td><\/td>\n<\/tr>\n<tr>\n<td>18<\/td>\n<td>Menino do Rio<\/td>\n<td><\/td>\n<\/tr>\n<tr>\n<td>19<\/td>\n<td>The Fuzz<\/td>\n<td><\/td>\n<\/tr>\n<tr>\n<td>20<\/td>\n<td>Lan\u00e7a Perfume<\/td>\n<td><\/td>\n<\/tr>\n<tr>\n<td>21<\/td>\n<td>Nove Luas<\/td>\n<td><\/td>\n<\/tr>\n<tr>\n<td>22<\/td>\n<td>O que Foi Feito de Vera<\/td>\n<td><\/td>\n<\/tr>\n<tr>\n<td>23<\/td>\n<td>Caxang\u00e1<\/td>\n<td><\/td>\n<\/tr>\n<tr>\n<td>24<\/td>\n<td>Maria Maria<\/td>\n<td><\/td>\n<\/tr>\n<tr>\n<td><\/td>\n<td><\/td>\n<td><\/td>\n<\/tr>\n<tr>\n<td style=\"text-align: center;\"><\/td>\n<td style=\"text-align: center;\"><strong>Transversal do Tempo<\/strong><\/td>\n<td style=\"text-align: center;\"><strong>1978<\/strong><\/td>\n<\/tr>\n<tr>\n<td>1<\/td>\n<td>Fascina\u00e7\u00e3o (Fascination)<\/td>\n<td><\/td>\n<\/tr>\n<tr>\n<td>2<\/td>\n<td>Sinal fechado<\/td>\n<td><\/td>\n<\/tr>\n<tr>\n<td>3<\/td>\n<td>Deus lhe pague<\/td>\n<td><\/td>\n<\/tr>\n<tr>\n<td>4<\/td>\n<td>O rancho da goiabada \/ Constru\u00e7\u00e3o<\/td>\n<td><\/td>\n<\/tr>\n<tr>\n<td>5<\/td>\n<td>Saudosa maloca<\/td>\n<td><\/td>\n<\/tr>\n<tr>\n<td>6<\/td>\n<td>Boto<\/td>\n<td><\/td>\n<\/tr>\n<tr>\n<td>7<\/td>\n<td>C\u00e3o sem dono<\/td>\n<td><\/td>\n<\/tr>\n<tr>\n<td>8<\/td>\n<td>Meio termo \/ Corpos<\/td>\n<td><\/td>\n<\/tr>\n<tr>\n<td>9<\/td>\n<td>Querelas do Brasil<\/td>\n<td><\/td>\n<\/tr>\n<tr>\n<td>10<\/td>\n<td>Cartomante<\/td>\n<td><\/td>\n<\/tr>\n<tr>\n<td><\/td>\n<td><\/td>\n<td><\/td>\n<\/tr>\n<\/tbody>\n<\/table>\n<\/div>\n<\/div>\n<p>&nbsp;<\/p>\n<div dir=\"auto\" style=\"text-align: justify;\"><\/div>\n<div class=\"cxmmr5t8 oygrvhab hcukyx3x c1et5uql o9v6fnle ii04i59q\" style=\"text-align: justify;\">\n<div dir=\"auto\">Cr\u00e9ditos tomados de Wikipedia:<\/div>\n<div dir=\"auto\"><a class=\"oajrlxb2 g5ia77u1 qu0x051f esr5mh6w e9989ue4 r7d6kgcz rq0escxv nhd2j8a9 nc684nl6 p7hjln8o kvgmc6g5 cxmmr5t8 oygrvhab hcukyx3x jb3vyjys rz4wbd8a qt6c0cv9 a8nywdso i1ao9s8h esuyzwwr f1sip0of lzcic4wl gpro0wi8 py34i1dx\" tabindex=\"0\" role=\"link\" href=\"https:\/\/l.facebook.com\/l.php?u=https%3A%2F%2Fes.wikipedia.org%2Fwiki%2FElis_Regina%3Ffbclid%3DIwAR0A4lolwP-xKU7iGF_DDeZ0mMtZo8gZsB-N5Pzq2GHhk6UlyHZSNkrvJPM&amp;h=AT0jkdN7Z7-T4phvslUJNyXTuJENDAEYFjV2lBrzoHwLwnm6otl4t5EM3Mrw_qpkRmTghNSBDcCd4mdRKq-5n3egzJOvyLrScYgeS7YbChvf78uN7bHi1iGIUPjYA52EqtPi&amp;__tn__=-UK-R&amp;c[0]=AT0ZJpPK8yl8BzYfPCnBja53ciZ_-Z0dPSPhlGlw1GyCzfaraxblkVyzK6HrJ6MdOjlRtwX5mP9XK3n-Gs1CJTI2pM_1gLCexMuY4ycFWM2eDamovxTiV2IpF1u1xeKnOK1PDRyvYwmfnrlEOXUgT4LZTj560nz__h8yyg\" target=\"_blank\" rel=\"nofollow noopener\">https:\/\/es.wikipedia.org\/wiki\/Elis_Regina<\/a><\/div>\n<p>&nbsp;<\/p>\n<div dir=\"auto\"><\/div>\n<\/div>\n<div class=\"epyt-video-wrapper\"><iframe loading=\"lazy\"  id=\"_ytid_88340\"  width=\"618\" height=\"347\"  data-origwidth=\"618\" data-origheight=\"347\" src=\"https:\/\/www.youtube.com\/embed\/aca2EB7mszQ?enablejsapi=1&#038;autoplay=0&#038;cc_load_policy=0&#038;cc_lang_pref=&#038;iv_load_policy=1&#038;loop=0&#038;modestbranding=0&#038;rel=1&#038;fs=1&#038;playsinline=0&#038;autohide=2&#038;theme=dark&#038;color=red&#038;controls=1&#038;\" class=\"__youtube_prefs__  epyt-is-override  no-lazyload\" title=\"YouTube player\"  allow=\"fullscreen; accelerometer; autoplay; clipboard-write; encrypted-media; gyroscope; picture-in-picture\" allowfullscreen data-no-lazy=\"1\" data-skipgform_ajax_framebjll=\"\"><\/iframe><\/div>\n","protected":false},"excerpt":{"rendered":"<p>&nbsp; Fecha de Nacimiento: 17 de marzo de 1945 &nbsp; Fecha de Fallecimiento: 19 de enero de 1982 &nbsp; Biograf\u00eda: &nbsp; Fue hija de Romeu Costa, un hombre de car\u00e1cter silencioso y de Ercy Carvalho Costa, persona de car\u00e1cter fuerte. Su carrera se inici\u00f3 a los 7 a\u00f1os de edad, en 1952, en una emisora &hellip;<\/p>\n","protected":false},"author":1,"featured_media":0,"parent":0,"menu_order":0,"comment_status":"closed","ping_status":"closed","template":"","meta":{"footnotes":""},"class_list":["post-28274","page","type-page","status-publish",""],"jetpack_sharing_enabled":true,"_links":{"self":[{"href":"http:\/\/mickyandoniehn.com\/radio\/wp-json\/wp\/v2\/pages\/28274","targetHints":{"allow":["GET"]}}],"collection":[{"href":"http:\/\/mickyandoniehn.com\/radio\/wp-json\/wp\/v2\/pages"}],"about":[{"href":"http:\/\/mickyandoniehn.com\/radio\/wp-json\/wp\/v2\/types\/page"}],"author":[{"embeddable":true,"href":"http:\/\/mickyandoniehn.com\/radio\/wp-json\/wp\/v2\/users\/1"}],"replies":[{"embeddable":true,"href":"http:\/\/mickyandoniehn.com\/radio\/wp-json\/wp\/v2\/comments?post=28274"}],"version-history":[{"count":2,"href":"http:\/\/mickyandoniehn.com\/radio\/wp-json\/wp\/v2\/pages\/28274\/revisions"}],"predecessor-version":[{"id":30205,"href":"http:\/\/mickyandoniehn.com\/radio\/wp-json\/wp\/v2\/pages\/28274\/revisions\/30205"}],"wp:attachment":[{"href":"http:\/\/mickyandoniehn.com\/radio\/wp-json\/wp\/v2\/media?parent=28274"}],"curies":[{"name":"wp","href":"https:\/\/api.w.org\/{rel}","templated":true}]}}