{"id":28263,"date":"2022-08-26T08:48:59","date_gmt":"2022-08-26T14:48:59","guid":{"rendered":"https:\/\/mickyandoniehn.com\/radio\/?page_id=28263"},"modified":"2022-09-01T09:34:13","modified_gmt":"2022-09-01T15:34:13","slug":"d-j-fontana","status":"publish","type":"page","link":"http:\/\/mickyandoniehn.com\/radio\/d-j-fontana\/","title":{"rendered":"D. J. Fontana"},"content":{"rendered":"<p style=\"text-align: justify;\"><img loading=\"lazy\" decoding=\"async\" class=\" wp-image-30175 aligncenter\" src=\"http:\/\/mickyandoniehn.com\/radio\/wp-content\/uploads\/2022\/03\/D.-J.-Fontana-300x136.jpg\" alt=\"\" width=\"618\" height=\"280\" srcset=\"http:\/\/mickyandoniehn.com\/radio\/wp-content\/uploads\/2022\/03\/D.-J.-Fontana-300x136.jpg 300w, http:\/\/mickyandoniehn.com\/radio\/wp-content\/uploads\/2022\/03\/D.-J.-Fontana-1024x464.jpg 1024w, http:\/\/mickyandoniehn.com\/radio\/wp-content\/uploads\/2022\/03\/D.-J.-Fontana-768x348.jpg 768w, http:\/\/mickyandoniehn.com\/radio\/wp-content\/uploads\/2022\/03\/D.-J.-Fontana-1536x696.jpg 1536w, http:\/\/mickyandoniehn.com\/radio\/wp-content\/uploads\/2022\/03\/D.-J.-Fontana.jpg 1920w\" sizes=\"auto, (max-width: 618px) 100vw, 618px\" \/><\/p>\n<p>&nbsp;<\/p>\n<div class=\"cxmmr5t8 oygrvhab hcukyx3x c1et5uql o9v6fnle ii04i59q\" style=\"text-align: justify;\">\n<div dir=\"auto\"><strong>Fecha de Nacimiento:<\/strong> 15 de marzo de 1931<\/div>\n<p>&nbsp;<\/p>\n<div dir=\"auto\"><\/div>\n<div dir=\"auto\"><strong>Fecha de Fallecimiento:<\/strong> 13 de junio de 2018<\/div>\n<p>&nbsp;<\/p>\n<div dir=\"auto\"><\/div>\n<\/div>\n<div class=\"cxmmr5t8 oygrvhab hcukyx3x c1et5uql o9v6fnle ii04i59q\" style=\"text-align: justify;\">\n<div dir=\"auto\"><strong>Biograf\u00eda<\/strong><\/div>\n<p>&nbsp;<\/p>\n<div dir=\"auto\"><\/div>\n<div dir=\"auto\">Fue un m\u00fasico estadounidense, m\u00e1s conocido por ser el baterista de Elvis Presley durante catorce a\u00f1os. Junto a Presley, Fontana toc\u00f3 en 460 grabaciones de RCA Records.<\/div>\n<p>&nbsp;<\/p>\n<div dir=\"auto\"><\/div>\n<\/div>\n<div class=\"cxmmr5t8 oygrvhab hcukyx3x c1et5uql o9v6fnle ii04i59q\" style=\"text-align: justify;\">\n<div dir=\"auto\">Apodado D. J, fue contratado por el programa radial y televisivo Louisiana Hayride para ser baterista de sesi\u00f3n en la difusi\u00f3n radiof\u00f3nica de los s\u00e1bados. En octubre de 1954, fue contratado para tocar la bater\u00eda en una sesi\u00f3n de Elvis Presley, lo que marc\u00f3 el comienzo de una relaci\u00f3n de casi quince a\u00f1os. Toc\u00f3 en el especial de televisi\u00f3n de NBC &#8217;68 Comeback Special. Fontana se uni\u00f3 a una banda, originalmente montada por Sam Phillips sin bater\u00eda, con Scotty Moore a la guitarra, Bill Black al bajo y el propio Elvis, que se llam\u00f3 a s\u00ed misma The Blue Moon Boys. El grupo se convirti\u00f3 en el respaldo principal de Elvis durante sus grabaciones en la d\u00e9cada de 1950 como Heartbreak Hotel, Hound Dog, Don&#8217;t Be Cruel y Jailhouse Rock, entre otros. El grupo tambi\u00e9n sali\u00f3 frecuentemente de gira con Presley y apareci\u00f3 en varios programas de televisi\u00f3n con el m\u00fasico como en el programa de Ed Sullivan en 1956 y 1957.<\/div>\n<p>&nbsp;<\/p>\n<div dir=\"auto\"><\/div>\n<\/div>\n<div class=\"cxmmr5t8 oygrvhab hcukyx3x c1et5uql o9v6fnle ii04i59q\" style=\"text-align: justify;\">\n<div dir=\"auto\">El grupo se separ\u00f3 oficialmente en 1958, aunque Fontana y Elvis siguieron trabajando juntos durante buena parte de la d\u00e9cada siguiente, en ocasiones junto a Moore. Moore y Fontana tambi\u00e9n volvieron a tocar juntos en 2002 en una nueva grabaci\u00f3n de That&#8217;s All Right Mama con Paul McCartney. Despu\u00e9s de 1958, Black, que falleci\u00f3 en 1965, no volvi\u00f3 a tocar con el grupo.<\/div>\n<p>&nbsp;<\/p>\n<div dir=\"auto\"><\/div>\n<\/div>\n<div class=\"cxmmr5t8 oygrvhab hcukyx3x c1et5uql o9v6fnle ii04i59q\" style=\"text-align: justify;\">\n<div dir=\"auto\">En 1983, public\u00f3 el libro D. J. Fontana Remembers Elvis, sobre sus recuerdos de Presley.<\/div>\n<p>&nbsp;<\/p>\n<div dir=\"auto\"><\/div>\n<\/div>\n<div class=\"cxmmr5t8 oygrvhab hcukyx3x c1et5uql o9v6fnle ii04i59q\" style=\"text-align: justify;\">\n<div dir=\"auto\"><strong>Wikipedia in English<\/strong><\/div>\n<p>&nbsp;<\/p>\n<div dir=\"auto\"><\/div>\n<\/div>\n<div class=\"cxmmr5t8 oygrvhab hcukyx3x c1et5uql o9v6fnle ii04i59q\" style=\"text-align: justify;\">\n<div dir=\"auto\"><strong>Date of Birth:<\/strong> March 15, 1931<\/div>\n<p>&nbsp;<\/p>\n<div dir=\"auto\"><\/div>\n<div dir=\"auto\"><strong>Date of Died:<\/strong> June 13, 2018<\/div>\n<p>&nbsp;<\/p>\n<div dir=\"auto\"><\/div>\n<\/div>\n<div class=\"cxmmr5t8 oygrvhab hcukyx3x c1et5uql o9v6fnle ii04i59q\" style=\"text-align: justify;\">\n<div dir=\"auto\"><strong>Biography<\/strong><\/div>\n<p>&nbsp;<\/p>\n<div dir=\"auto\"><\/div>\n<div dir=\"auto\">Was an American musician, best known for being the drummer for Elvis Presley for fourteen years. Along with Presley, Fontana played on 460 RCA Records recordings.<\/div>\n<p>&nbsp;<\/p>\n<div dir=\"auto\"><\/div>\n<\/div>\n<div class=\"cxmmr5t8 oygrvhab hcukyx3x c1et5uql o9v6fnle ii04i59q\" style=\"text-align: justify;\">\n<div dir=\"auto\">Nicknamed D. J. \u201dwas hired by the Louisiana Hayride television and radio show to be a session drummer on the Saturday radio broadcast. In October 1954, he was hired to play drums at an Elvis Presley session, marking the beginning of a nearly fifteen-year relationship. He played on the NBC television special &#8217;68 Comeback Special. Fontana joined a band, originally assembled by Sam Phillips without drums, with Scotty Moore on guitar, Bill Black on bass, and Elvis himself, who called himself The Blue Moon Boys. The group became Elvis&#8217;s main endorsement during his recordings in the 1950s as &#8220;Heartbreak Hotel,&#8221; &#8220;Hound Dog,&#8221; &#8220;Don&#8217;t Be Cruel,&#8221; and &#8220;Jailhouse Rock,&#8221; among others. The group also frequently toured with Presley and appeared on various television shows with the musician including the Ed Sullivan Show in 1956 and 1957.<\/div>\n<p>&nbsp;<\/p>\n<div dir=\"auto\"><\/div>\n<\/div>\n<div class=\"cxmmr5t8 oygrvhab hcukyx3x c1et5uql o9v6fnle ii04i59q\" style=\"text-align: justify;\">\n<div dir=\"auto\">The group officially broke up in 1958, although Fontana and Elvis continued to work together for much of the next decade, sometimes alongside Moore. Moore and Fontana also returned to play together in 2002 on a new recording of &#8220;That&#8217;s All Right Mama&#8221; with Paul McCartney. After 1958, Black, who passed away in 1965, did not play with the group again.<\/div>\n<p>&nbsp;<\/p>\n<div dir=\"auto\"><\/div>\n<\/div>\n<div class=\"cxmmr5t8 oygrvhab hcukyx3x c1et5uql o9v6fnle ii04i59q\" style=\"text-align: justify;\">\n<div dir=\"auto\">In 1983, he published the book D. J. Fontana Remembers Elvis, about his memories of Presley.<\/div>\n<p>&nbsp;<\/p>\n<div dir=\"auto\"><\/div>\n<\/div>\n<div class=\"cxmmr5t8 oygrvhab hcukyx3x c1et5uql o9v6fnle ii04i59q\" style=\"text-align: justify;\">\n<div dir=\"auto\"><strong>Discograf\u00eda<\/strong><\/div>\n<p>&nbsp;<\/p>\n<\/div>\n<div dir=\"auto\"><\/div>\n<div dir=\"auto\">\n<table width=\"771\">\n<tbody>\n<tr>\n<td style=\"text-align: center;\" width=\"139\"><strong>Genero Country<\/strong><\/td>\n<td style=\"text-align: center;\" width=\"552\"><strong>Escuchar Musica<\/strong><\/td>\n<td style=\"text-align: center;\" width=\"80\"><strong>A\u00f1o<\/strong><\/td>\n<\/tr>\n<tr>\n<td><\/td>\n<td><\/td>\n<td><\/td>\n<\/tr>\n<tr>\n<td>1<\/td>\n<td>Ronnie McDowell, The Elvis Originals: The Jordanaires, Scotty Moore, D.J. Fontana<\/td>\n<td>1997<\/td>\n<\/tr>\n<tr>\n<td>2<\/td>\n<td>All The King&#8217;s Men<\/td>\n<td>1997<\/td>\n<\/tr>\n<tr>\n<td>3<\/td>\n<td>The Nashville Sessions Vol. 1<\/td>\n<td><\/td>\n<\/tr>\n<tr>\n<td><\/td>\n<td><\/td>\n<td><\/td>\n<\/tr>\n<\/tbody>\n<\/table>\n<\/div>\n<p>&nbsp;<\/p>\n<div class=\"cxmmr5t8 oygrvhab hcukyx3x c1et5uql o9v6fnle ii04i59q\" style=\"text-align: justify;\">\n<div dir=\"auto\"><\/div>\n<\/div>\n<div class=\"cxmmr5t8 oygrvhab hcukyx3x c1et5uql o9v6fnle ii04i59q\" style=\"text-align: justify;\">\n<div dir=\"auto\">Cr\u00e9ditos tomados de Wikipedia:<\/div>\n<div dir=\"auto\"><a class=\"oajrlxb2 g5ia77u1 qu0x051f esr5mh6w e9989ue4 r7d6kgcz rq0escxv nhd2j8a9 nc684nl6 p7hjln8o kvgmc6g5 cxmmr5t8 oygrvhab hcukyx3x jb3vyjys rz4wbd8a qt6c0cv9 a8nywdso i1ao9s8h esuyzwwr f1sip0of lzcic4wl gpro0wi8 py34i1dx\" tabindex=\"0\" role=\"link\" href=\"https:\/\/l.facebook.com\/l.php?u=https%3A%2F%2Fes.wikipedia.org%2Fwiki%2FD._J._Fontana%3Ffbclid%3DIwAR3oOFiC31an7rxZ-pzGGbgNpfq0fRG1A6l-NmMi_YpqoQRqQuqguGKsJTQ&amp;h=AT39ZtuD2HlfZvSN2l_uum3UZQt_cVk6Gmh1M6n1TK8lcwgQaQwBV7K15rGNnr63GhrmboxY9rdX0ZsQkrAcw7qp8S6HmSuLvfBN-VsP5qzQQKvtMNhE5NemSXOS5myIYmCP&amp;__tn__=-UK-R&amp;c[0]=AT1MFATJsThot2DhVmMt0zjZmapcDU2F5mluxi3nMRcpuNu_MJazEjSIGZNyc06R6O9fHvxoKuGUX0AercfqUnY3Wjr3H0gnVRRrSkPnxUUdIXZxwjdtu-MVHEs9yZghzLr4HvCmrIbuC6vFJfurVYatQma5xCeKKUn4-w\" target=\"_blank\" rel=\"nofollow noopener\">https:\/\/es.wikipedia.org\/wiki\/D._J._Fontana<\/a><\/div>\n<p>&nbsp;<\/p>\n<div dir=\"auto\"><\/div>\n<\/div>\n<div class=\"epyt-video-wrapper\"><iframe loading=\"lazy\"  id=\"_ytid_18537\"  width=\"618\" height=\"347\"  data-origwidth=\"618\" data-origheight=\"347\" src=\"https:\/\/www.youtube.com\/embed\/adcQNIT_AGc?enablejsapi=1&#038;autoplay=0&#038;cc_load_policy=0&#038;cc_lang_pref=&#038;iv_load_policy=1&#038;loop=0&#038;modestbranding=0&#038;rel=1&#038;fs=1&#038;playsinline=0&#038;autohide=2&#038;theme=dark&#038;color=red&#038;controls=1&#038;\" class=\"__youtube_prefs__  epyt-is-override  no-lazyload\" title=\"YouTube player\"  allow=\"fullscreen; accelerometer; autoplay; clipboard-write; encrypted-media; gyroscope; picture-in-picture\" allowfullscreen data-no-lazy=\"1\" data-skipgform_ajax_framebjll=\"\"><\/iframe><\/div>\n","protected":false},"excerpt":{"rendered":"<p>&nbsp; Fecha de Nacimiento: 15 de marzo de 1931 &nbsp; Fecha de Fallecimiento: 13 de junio de 2018 &nbsp; Biograf\u00eda &nbsp; Fue un m\u00fasico estadounidense, m\u00e1s conocido por ser el baterista de Elvis Presley durante catorce a\u00f1os. Junto a Presley, Fontana toc\u00f3 en 460 grabaciones de RCA Records. &nbsp; Apodado D. J, fue contratado por &hellip;<\/p>\n","protected":false},"author":1,"featured_media":0,"parent":0,"menu_order":0,"comment_status":"closed","ping_status":"closed","template":"","meta":{"footnotes":""},"class_list":["post-28263","page","type-page","status-publish",""],"jetpack_sharing_enabled":true,"_links":{"self":[{"href":"http:\/\/mickyandoniehn.com\/radio\/wp-json\/wp\/v2\/pages\/28263","targetHints":{"allow":["GET"]}}],"collection":[{"href":"http:\/\/mickyandoniehn.com\/radio\/wp-json\/wp\/v2\/pages"}],"about":[{"href":"http:\/\/mickyandoniehn.com\/radio\/wp-json\/wp\/v2\/types\/page"}],"author":[{"embeddable":true,"href":"http:\/\/mickyandoniehn.com\/radio\/wp-json\/wp\/v2\/users\/1"}],"replies":[{"embeddable":true,"href":"http:\/\/mickyandoniehn.com\/radio\/wp-json\/wp\/v2\/comments?post=28263"}],"version-history":[{"count":2,"href":"http:\/\/mickyandoniehn.com\/radio\/wp-json\/wp\/v2\/pages\/28263\/revisions"}],"predecessor-version":[{"id":30176,"href":"http:\/\/mickyandoniehn.com\/radio\/wp-json\/wp\/v2\/pages\/28263\/revisions\/30176"}],"wp:attachment":[{"href":"http:\/\/mickyandoniehn.com\/radio\/wp-json\/wp\/v2\/media?parent=28263"}],"curies":[{"name":"wp","href":"https:\/\/api.w.org\/{rel}","templated":true}]}}