{"id":28237,"date":"2022-08-26T08:38:41","date_gmt":"2022-08-26T14:38:41","guid":{"rendered":"https:\/\/mickyandoniehn.com\/radio\/?page_id=28237"},"modified":"2024-07-23T08:33:31","modified_gmt":"2024-07-23T14:33:31","slug":"al-jarreau","status":"publish","type":"page","link":"http:\/\/mickyandoniehn.com\/radio\/al-jarreau\/","title":{"rendered":"Al Jarreau"},"content":{"rendered":"<p style=\"text-align: justify;\"><img loading=\"lazy\" decoding=\"async\" class=\" wp-image-68978 aligncenter\" src=\"http:\/\/mickyandoniehn.com\/radio\/wp-content\/uploads\/2023\/03\/Al-Jarreau-253x300.webp\" alt=\"\" width=\"437\" height=\"518\" srcset=\"http:\/\/mickyandoniehn.com\/radio\/wp-content\/uploads\/2023\/03\/Al-Jarreau-253x300.webp 253w, http:\/\/mickyandoniehn.com\/radio\/wp-content\/uploads\/2023\/03\/Al-Jarreau-768x912.webp 768w, http:\/\/mickyandoniehn.com\/radio\/wp-content\/uploads\/2023\/03\/Al-Jarreau.webp 800w\" sizes=\"auto, (max-width: 437px) 100vw, 437px\" \/><\/p>\n<p>&nbsp;<\/p>\n<div class=\"cxmmr5t8 oygrvhab hcukyx3x c1et5uql o9v6fnle ii04i59q\" style=\"text-align: justify;\">\n<div dir=\"auto\"><strong>Fecha de Nacimiento<\/strong> 12 de marzo de 1940<\/div>\n<p>&nbsp;<\/p>\n<div dir=\"auto\"><\/div>\n<div dir=\"auto\"><strong>Fecha de Fallecimiento<\/strong> 12 de febrero de 2017 (76 a\u00f1os)<\/div>\n<p>&nbsp;<\/p>\n<div dir=\"auto\"><\/div>\n<\/div>\n<div class=\"cxmmr5t8 oygrvhab hcukyx3x c1et5uql o9v6fnle ii04i59q\" style=\"text-align: justify;\">\n<div dir=\"auto\"><strong>Biograf\u00eda:<\/strong><\/div>\n<p>&nbsp;<\/p>\n<div dir=\"auto\"><\/div>\n<div dir=\"auto\">Fue un cantante de jazz estadounidense. Destac\u00f3 por su versatilidad y originalidad, y por su apertura a diferentes estilos (soul, rhythm and blues, y pop, entre otros) e influencias diversas (Nat King Cole, especialmente). Ganador de varios Grammys, su voz se hizo popularmente conocida al interpretar el tema central de la serie de televisi\u00f3n en los 80 Luz de luna.<\/div>\n<p>&nbsp;<\/p>\n<div dir=\"auto\"><\/div>\n<\/div>\n<div class=\"cxmmr5t8 oygrvhab hcukyx3x c1et5uql o9v6fnle ii04i59q\" style=\"text-align: justify;\">\n<div dir=\"auto\">Jarreau altern\u00f3 desde ni\u00f1o su inter\u00e9s por la m\u00fasica con los estudios de psicolog\u00eda, que fue su primera profesi\u00f3n (se gradu\u00f3 como psic\u00f3logo en 1962 como licenciado en psicolog\u00eda, y obtuvo su maestr\u00eda en rehabilitaci\u00f3n vocacional en la Universidad de Iowa), al ejercer en San Francisco como consejero rehabilitador durante cuatro a\u00f1os, ayudando a personas con problemas de alcoholismo, adicciones, esclerosis m\u00faltiple o amputaciones.<\/div>\n<p>&nbsp;<\/p>\n<div dir=\"auto\"><\/div>\n<div dir=\"auto\">Musicalmente, su primera experiencia musical fue en el grupo The Indigos, un grupo de aficionados que se sent\u00edan influidos por Lambert, Hendricks y Ross, y otros vocalistas.<\/div>\n<p>&nbsp;<\/p>\n<div dir=\"auto\"><\/div>\n<\/div>\n<div class=\"cxmmr5t8 oygrvhab hcukyx3x c1et5uql o9v6fnle ii04i59q\" style=\"text-align: justify;\">\n<div dir=\"auto\">Posteriormente, se uni\u00f3 al tr\u00edo del teclista George Duke, con el que tocaba por las noches en el Club Half Note, tras trabajar durante el d\u00eda como psic\u00f3logo.<\/div>\n<p>&nbsp;<\/p>\n<div dir=\"auto\"><\/div>\n<\/div>\n<div class=\"cxmmr5t8 oygrvhab hcukyx3x c1et5uql o9v6fnle ii04i59q\" style=\"text-align: justify;\">\n<div dir=\"auto\">Ayudado por los productores Tommy LiPuma y Al Schmitt, consigui\u00f3 editar sus primeros discos.<\/div>\n<p>&nbsp;<\/p>\n<div dir=\"auto\"><\/div>\n<\/div>\n<div class=\"cxmmr5t8 oygrvhab hcukyx3x c1et5uql o9v6fnle ii04i59q\" style=\"text-align: justify;\">\n<div dir=\"auto\">En 2011, Al Jarreau fue invitado en el nuevo disco Eumir Deodato con dos canciones y todo el disco est\u00e1 producido por el equipo italiano de Lino y Pino Nicolosi. La canci\u00f3n &#8220;Double Face&#8221; escrita por Nicolosi, Al Jarreau y Deodato, entra en las listas de reproducci\u00f3n de muchas emisoras de radio en Europa y los EE. UU.<\/div>\n<p>&nbsp;<\/p>\n<div dir=\"auto\"><\/div>\n<\/div>\n<div class=\"cxmmr5t8 oygrvhab hcukyx3x c1et5uql o9v6fnle ii04i59q\" style=\"text-align: justify;\">\n<div dir=\"auto\"><strong>Wikipedia in English<\/strong><\/div>\n<p>&nbsp;<\/p>\n<div dir=\"auto\"><\/div>\n<\/div>\n<div class=\"cxmmr5t8 oygrvhab hcukyx3x c1et5uql o9v6fnle ii04i59q\" style=\"text-align: justify;\">\n<div dir=\"auto\"><strong>Biography:<\/strong><\/div>\n<div dir=\"auto\"><\/div>\n<div dir=\"auto\"><strong>Date of Birth:<\/strong> March 12, 1940<\/div>\n<p>&nbsp;<\/p>\n<div dir=\"auto\"><\/div>\n<div dir=\"auto\"><strong>Date of Death:<\/strong> February 12, 2017 (76 years)<\/div>\n<p>&nbsp;<\/p>\n<div dir=\"auto\"><\/div>\n<\/div>\n<div class=\"cxmmr5t8 oygrvhab hcukyx3x c1et5uql o9v6fnle ii04i59q\" style=\"text-align: justify;\">\n<div dir=\"auto\">He was an American jazz singer. He stood out for his versatility and originality, and for his openness to different styles (soul, rhythm and blues, and pop, among others) and various influences (Nat King Cole, especially). Winner of several Grammys, his voice became popularly known when performing the theme song of the 1980s television series Moonlight.<\/div>\n<p>&nbsp;<\/p>\n<div dir=\"auto\"><\/div>\n<\/div>\n<div class=\"cxmmr5t8 oygrvhab hcukyx3x c1et5uql o9v6fnle ii04i59q\" style=\"text-align: justify;\">\n<div dir=\"auto\">Since childhood Jarreau alternated his interest in music with the studies of psychology, which was his first profession (he graduated as a psychologist in 1962 with a degree in psychology, and obtained his master&#8217;s degree in vocational rehabilitation at the University of Iowa), when practicing in San Francisco as a rehabilitation counselor for four years, helping people with alcoholism problems, addictions, multiple sclerosis or amputations.<\/div>\n<p>&nbsp;<\/p>\n<div dir=\"auto\"><\/div>\n<\/div>\n<div class=\"cxmmr5t8 oygrvhab hcukyx3x c1et5uql o9v6fnle ii04i59q\" style=\"text-align: justify;\">\n<div dir=\"auto\">Musically, his first musical experience was in the group The Indigos, a group of fans who were influenced by Lambert, Hendricks and Ross, and other vocalists.<\/div>\n<p>&nbsp;<\/p>\n<div dir=\"auto\"><\/div>\n<\/div>\n<div class=\"cxmmr5t8 oygrvhab hcukyx3x c1et5uql o9v6fnle ii04i59q\" style=\"text-align: justify;\">\n<div dir=\"auto\">Later, he joined the trio of keyboardist George Duke, with whom he played at night at the Half Note Club, after working during the day as a psychologist.<\/div>\n<p>&nbsp;<\/p>\n<div dir=\"auto\"><\/div>\n<\/div>\n<div class=\"cxmmr5t8 oygrvhab hcukyx3x c1et5uql o9v6fnle ii04i59q\" style=\"text-align: justify;\">\n<div dir=\"auto\">Helped by producers Tommy LiPuma and Al Schmitt, he managed to edit his first albums.<\/div>\n<div dir=\"auto\"><\/div>\n<p>&nbsp;<\/p>\n<\/div>\n<div class=\"cxmmr5t8 oygrvhab hcukyx3x c1et5uql o9v6fnle ii04i59q\" style=\"text-align: justify;\">\n<div dir=\"auto\">In 2011, Al Jarreau was a guest on the new album Eumir Deodato with two songs and the entire album is produced by the Italian team of Lino and Pino Nicolosi. The song &#8220;Double Face&#8221; written by Nicolosi, Al Jarreau and Deodato, enters the playlists of many radio stations in Europe and the US.<\/div>\n<p>&nbsp;<\/p>\n<div dir=\"auto\"><\/div>\n<\/div>\n<div class=\"cxmmr5t8 oygrvhab hcukyx3x c1et5uql o9v6fnle ii04i59q\" style=\"text-align: justify;\">\n<div dir=\"auto\"><strong>Discography<\/strong><\/div>\n<p>&nbsp;<\/p>\n<div dir=\"auto\"><\/div>\n<\/div>\n<div dir=\"auto\" style=\"text-align: justify;\">\n<table width=\"563\">\n<tbody>\n<tr>\n<td style=\"text-align: center;\" width=\"139\"><strong>Genero Soul, Smooth jazz, jazz, funk y rhythm and blues<\/strong><\/td>\n<td style=\"text-align: center;\" width=\"344\"><strong>Escuchar Musica<\/strong><\/td>\n<td style=\"text-align: center;\" width=\"80\"><strong>A\u00f1o<\/strong><\/td>\n<\/tr>\n<tr>\n<td><\/td>\n<td><\/td>\n<td><\/td>\n<\/tr>\n<tr>\n<td>1<\/td>\n<td>We Got By (Reprise)<\/td>\n<td>1975<\/td>\n<\/tr>\n<tr>\n<td>2<\/td>\n<td>Glow (Reprise)<\/td>\n<td>1976<\/td>\n<\/tr>\n<tr>\n<td>3<\/td>\n<td>All Fly Home (Warner Bros.)<\/td>\n<td>1978<\/td>\n<\/tr>\n<tr>\n<td>4<\/td>\n<td>This Time (Warner Bros.)<\/td>\n<td>1980<\/td>\n<\/tr>\n<tr>\n<td>5<\/td>\n<td>Breakin&#8217; Away<\/td>\n<td>1981<\/td>\n<\/tr>\n<tr>\n<td>6<\/td>\n<td>Jarreau<\/td>\n<td>1983<\/td>\n<\/tr>\n<tr>\n<td>7<\/td>\n<td>High Crime<\/td>\n<td>1984<\/td>\n<\/tr>\n<tr>\n<td>8<\/td>\n<td>\u00a0(Bainbridge Records, titulado originalmente My Favourite Things<\/td>\n<td>1985<\/td>\n<\/tr>\n<tr>\n<td>9<\/td>\n<td>L Is for Lover<\/td>\n<td>1986<\/td>\n<\/tr>\n<tr>\n<td>10<\/td>\n<td>Heart&#8217;s Horizon<\/td>\n<td>1988<\/td>\n<\/tr>\n<tr>\n<td>11<\/td>\n<td>Heaven and Earth<\/td>\n<td>1992<\/td>\n<\/tr>\n<tr>\n<td>12<\/td>\n<td>Tomorrow Today<\/td>\n<td>2000<\/td>\n<\/tr>\n<tr>\n<td>13<\/td>\n<td>All I Got (Verve)<\/td>\n<td>2002<\/td>\n<\/tr>\n<tr>\n<td>14<\/td>\n<td>Accentuate the Positive (Verve)<\/td>\n<td>2004<\/td>\n<\/tr>\n<tr>\n<td>15<\/td>\n<td>Givin&#8217; It Up (con George Benson) (Concord)<\/td>\n<td>2006<\/td>\n<\/tr>\n<tr>\n<td>16<\/td>\n<td>Christmas<\/td>\n<td>2008<\/td>\n<\/tr>\n<tr>\n<td>17<\/td>\n<td>My Old Friend: Celebrating George Duke<\/td>\n<td>2014<\/td>\n<\/tr>\n<tr>\n<td><\/td>\n<td><\/td>\n<td><\/td>\n<\/tr>\n<\/tbody>\n<\/table>\n<p>&nbsp;<\/p>\n<\/div>\n<div class=\"epyt-video-wrapper\"><iframe loading=\"lazy\"  id=\"_ytid_53480\"  width=\"618\" height=\"347\"  data-origwidth=\"618\" data-origheight=\"347\" src=\"https:\/\/www.youtube.com\/embed\/NhKYKKHZomo?enablejsapi=1&#038;autoplay=0&#038;cc_load_policy=0&#038;cc_lang_pref=&#038;iv_load_policy=1&#038;loop=0&#038;modestbranding=0&#038;rel=1&#038;fs=1&#038;playsinline=0&#038;autohide=2&#038;theme=dark&#038;color=red&#038;controls=1&#038;\" class=\"__youtube_prefs__  epyt-is-override  no-lazyload\" title=\"YouTube player\"  allow=\"fullscreen; accelerometer; autoplay; clipboard-write; encrypted-media; gyroscope; picture-in-picture\" allowfullscreen data-no-lazy=\"1\" data-skipgform_ajax_framebjll=\"\"><\/iframe><\/div>\n","protected":false},"excerpt":{"rendered":"<p>&nbsp; Fecha de Nacimiento 12 de marzo de 1940 &nbsp; Fecha de Fallecimiento 12 de febrero de 2017 (76 a\u00f1os) &nbsp; Biograf\u00eda: &nbsp; Fue un cantante de jazz estadounidense. Destac\u00f3 por su versatilidad y originalidad, y por su apertura a diferentes estilos (soul, rhythm and blues, y pop, entre otros) e influencias diversas (Nat King &hellip;<\/p>\n","protected":false},"author":1,"featured_media":0,"parent":0,"menu_order":0,"comment_status":"closed","ping_status":"closed","template":"","meta":{"footnotes":""},"class_list":["post-28237","page","type-page","status-publish",""],"jetpack_sharing_enabled":true,"_links":{"self":[{"href":"http:\/\/mickyandoniehn.com\/radio\/wp-json\/wp\/v2\/pages\/28237","targetHints":{"allow":["GET"]}}],"collection":[{"href":"http:\/\/mickyandoniehn.com\/radio\/wp-json\/wp\/v2\/pages"}],"about":[{"href":"http:\/\/mickyandoniehn.com\/radio\/wp-json\/wp\/v2\/types\/page"}],"author":[{"embeddable":true,"href":"http:\/\/mickyandoniehn.com\/radio\/wp-json\/wp\/v2\/users\/1"}],"replies":[{"embeddable":true,"href":"http:\/\/mickyandoniehn.com\/radio\/wp-json\/wp\/v2\/comments?post=28237"}],"version-history":[{"count":3,"href":"http:\/\/mickyandoniehn.com\/radio\/wp-json\/wp\/v2\/pages\/28237\/revisions"}],"predecessor-version":[{"id":75214,"href":"http:\/\/mickyandoniehn.com\/radio\/wp-json\/wp\/v2\/pages\/28237\/revisions\/75214"}],"wp:attachment":[{"href":"http:\/\/mickyandoniehn.com\/radio\/wp-json\/wp\/v2\/media?parent=28237"}],"curies":[{"name":"wp","href":"https:\/\/api.w.org\/{rel}","templated":true}]}}