{"id":28231,"date":"2022-08-26T08:37:14","date_gmt":"2022-08-26T14:37:14","guid":{"rendered":"https:\/\/mickyandoniehn.com\/radio\/?page_id=28231"},"modified":"2022-09-01T11:06:40","modified_gmt":"2022-09-01T17:06:40","slug":"lisa-loeb","status":"publish","type":"page","link":"http:\/\/mickyandoniehn.com\/radio\/lisa-loeb\/","title":{"rendered":"Lisa Loeb"},"content":{"rendered":"<p style=\"text-align: justify;\"><img loading=\"lazy\" decoding=\"async\" class=\"aligncenter\" src=\"https:\/\/encrypted-tbn1.gstatic.com\/images?q=tbn:ANd9GcSlgcpTEDTzIBt91TKaqDK6ZsqPR-tYFpRTVOgqkI3ZmEEGTsNa\" alt=\"undefined\" width=\"571\" height=\"761\" \/><\/p>\n<p>&nbsp;<\/p>\n<div class=\"cxmmr5t8 oygrvhab hcukyx3x c1et5uql o9v6fnle ii04i59q\" style=\"text-align: justify;\">\n<div dir=\"auto\"><strong>Fecha de Nacimiento:<\/strong> 11 de marzo de 1968<\/div>\n<p>&nbsp;<\/p>\n<div dir=\"auto\"><\/div>\n<\/div>\n<div class=\"cxmmr5t8 oygrvhab hcukyx3x c1et5uql o9v6fnle ii04i59q\" style=\"text-align: justify;\">\n<div dir=\"auto\"><strong>Biograf\u00eda<\/strong><\/div>\n<p>&nbsp;<\/p>\n<div dir=\"auto\"><\/div>\n<div dir=\"auto\">Es una cantautora estadounidense. Loeb, quien es de fe judaica, asisti\u00f3 al instituto The Hockaday School de Dallas y luego estudi\u00f3 Literatura Comparada en la Brown University, licenci\u00e1ndole en 1990. La descubri\u00f3 su amigo y actor Ethan Hawke, e interpret\u00f3 Stay (I Missed You) para la pel\u00edcula Reality Bites, canci\u00f3n por la que se hizo conocida.<\/div>\n<p>&nbsp;<\/p>\n<div dir=\"auto\"><\/div>\n<\/div>\n<div class=\"cxmmr5t8 oygrvhab hcukyx3x c1et5uql o9v6fnle ii04i59q\" style=\"text-align: justify;\">\n<div dir=\"auto\">Su genuino estilo, con unas gafas que recuerdan las de Nana Mouskouri, ha sido imitado en m\u00faltiples ocasiones.<\/div>\n<div dir=\"auto\"><\/div>\n<div dir=\"auto\">Entre los dise\u00f1adores que la han vestido cabe destacar a &#8220;Miss Marple&#8221; y &#8220;Petro Zillia&#8221;.<\/div>\n<p>&nbsp;<\/p>\n<div dir=\"auto\"><\/div>\n<\/div>\n<div class=\"cxmmr5t8 oygrvhab hcukyx3x c1et5uql o9v6fnle ii04i59q\" style=\"text-align: justify;\">\n<div dir=\"auto\"><strong>Wikipedia in English<\/strong><\/div>\n<p>&nbsp;<\/p>\n<div dir=\"auto\"><\/div>\n<div dir=\"auto\"><strong>Date of Birth:<\/strong> March 11, 1968<\/div>\n<p>&nbsp;<\/p>\n<\/div>\n<div dir=\"auto\" style=\"text-align: justify;\"><\/div>\n<div dir=\"auto\" style=\"text-align: justify;\"><strong>Biography<\/strong><\/div>\n<div class=\"cxmmr5t8 oygrvhab hcukyx3x c1et5uql o9v6fnle ii04i59q\" style=\"text-align: justify;\">\n<div dir=\"auto\"><\/div>\n<div dir=\"auto\">She is an American singer-songwriter. Loeb, who is of Jewish faith, attended The Hockaday School in Dallas and then studied Comparative Literature at Brown University, graduating in 1990.<\/div>\n<p>&nbsp;<\/p>\n<div dir=\"auto\"><\/div>\n<div dir=\"auto\">She was discovered by her friend and actor Ethan Hawke, and played Stay (I Missed You) for the film. Reality Bites, the song for which she became known.<\/div>\n<p>&nbsp;<\/p>\n<div dir=\"auto\"><\/div>\n<\/div>\n<div class=\"cxmmr5t8 oygrvhab hcukyx3x c1et5uql o9v6fnle ii04i59q\" style=\"text-align: justify;\">\n<div dir=\"auto\">His genuine style, with glasses reminiscent of Nana Mouskouri, has been imitated on multiple occasions. Among the designers who have dressed her include &#8220;Miss Marple&#8221; and &#8220;Petro Zillia&#8221;.<\/div>\n<p>&nbsp;<\/p>\n<\/div>\n<div dir=\"auto\" style=\"text-align: justify;\"><\/div>\n<div class=\"cxmmr5t8 oygrvhab hcukyx3x c1et5uql o9v6fnle ii04i59q\" style=\"text-align: justify;\">\n<div dir=\"auto\"><strong>Discograf\u00eda<\/strong><\/div>\n<p>&nbsp;<\/p>\n<div dir=\"auto\"><\/div>\n<div dir=\"auto\">\n<table width=\"563\">\n<tbody>\n<tr>\n<td style=\"text-align: center;\" width=\"139\"><strong>\u00a0G\u00e9nero Folk rock, \u200epop\u200e, rock y m\u00fasica infantil\u200e<\/strong><\/td>\n<td style=\"text-align: center;\" width=\"344\"><strong>Escuchar Musica<\/strong><\/td>\n<td style=\"text-align: center;\" width=\"80\"><strong>A\u00f1o de Publicaci\u00f3n<\/strong><\/td>\n<\/tr>\n<tr>\n<td><\/td>\n<td><\/td>\n<td><\/td>\n<\/tr>\n<tr>\n<td>1<\/td>\n<td>Liz and Lisa<\/td>\n<td>1989<\/td>\n<\/tr>\n<tr>\n<td>2<\/td>\n<td>Liz and Lisa &#8211; Days Were Different<\/td>\n<td>1990<\/td>\n<\/tr>\n<tr>\n<td>3<\/td>\n<td>Purple Tape<\/td>\n<td>1992<\/td>\n<\/tr>\n<tr>\n<td>4<\/td>\n<td>Tails<\/td>\n<td>1994<\/td>\n<\/tr>\n<tr>\n<td>5<\/td>\n<td>Firecracker<\/td>\n<td>1997<\/td>\n<\/tr>\n<tr>\n<td>6<\/td>\n<td>Cake and Pie<\/td>\n<td>2002<\/td>\n<\/tr>\n<tr>\n<td>7<\/td>\n<td>Hello Lisa<\/td>\n<td>2002<\/td>\n<\/tr>\n<tr>\n<td>8<\/td>\n<td>Catch the Moon<\/td>\n<td>2003<\/td>\n<\/tr>\n<tr>\n<td>9<\/td>\n<td>The Way It Really Is<\/td>\n<td>2004<\/td>\n<\/tr>\n<tr>\n<td>10<\/td>\n<td>Cherries (EP)<\/td>\n<td>2007<\/td>\n<\/tr>\n<tr>\n<td><\/td>\n<td><\/td>\n<td><\/td>\n<\/tr>\n<\/tbody>\n<\/table>\n<p>&nbsp;<\/p>\n<\/div>\n<\/div>\n<div class=\"epyt-video-wrapper\"><iframe loading=\"lazy\"  id=\"_ytid_90826\"  width=\"618\" height=\"347\"  data-origwidth=\"618\" data-origheight=\"347\" src=\"https:\/\/www.youtube.com\/embed\/Naqe-Q-Azro?enablejsapi=1&#038;autoplay=0&#038;cc_load_policy=0&#038;cc_lang_pref=&#038;iv_load_policy=1&#038;loop=0&#038;modestbranding=0&#038;rel=1&#038;fs=1&#038;playsinline=0&#038;autohide=2&#038;theme=dark&#038;color=red&#038;controls=1&#038;\" class=\"__youtube_prefs__  epyt-is-override  no-lazyload\" title=\"YouTube player\"  allow=\"fullscreen; accelerometer; autoplay; clipboard-write; encrypted-media; gyroscope; picture-in-picture\" allowfullscreen data-no-lazy=\"1\" data-skipgform_ajax_framebjll=\"\"><\/iframe><\/div>\n","protected":false},"excerpt":{"rendered":"<p>&nbsp; Fecha de Nacimiento: 11 de marzo de 1968 &nbsp; Biograf\u00eda &nbsp; Es una cantautora estadounidense. Loeb, quien es de fe judaica, asisti\u00f3 al instituto The Hockaday School de Dallas y luego estudi\u00f3 Literatura Comparada en la Brown University, licenci\u00e1ndole en 1990. La descubri\u00f3 su amigo y actor Ethan Hawke, e interpret\u00f3 Stay (I Missed &hellip;<\/p>\n","protected":false},"author":1,"featured_media":0,"parent":0,"menu_order":0,"comment_status":"closed","ping_status":"closed","template":"","meta":{"footnotes":""},"class_list":["post-28231","page","type-page","status-publish",""],"jetpack_sharing_enabled":true,"_links":{"self":[{"href":"http:\/\/mickyandoniehn.com\/radio\/wp-json\/wp\/v2\/pages\/28231","targetHints":{"allow":["GET"]}}],"collection":[{"href":"http:\/\/mickyandoniehn.com\/radio\/wp-json\/wp\/v2\/pages"}],"about":[{"href":"http:\/\/mickyandoniehn.com\/radio\/wp-json\/wp\/v2\/types\/page"}],"author":[{"embeddable":true,"href":"http:\/\/mickyandoniehn.com\/radio\/wp-json\/wp\/v2\/users\/1"}],"replies":[{"embeddable":true,"href":"http:\/\/mickyandoniehn.com\/radio\/wp-json\/wp\/v2\/comments?post=28231"}],"version-history":[{"count":3,"href":"http:\/\/mickyandoniehn.com\/radio\/wp-json\/wp\/v2\/pages\/28231\/revisions"}],"predecessor-version":[{"id":30339,"href":"http:\/\/mickyandoniehn.com\/radio\/wp-json\/wp\/v2\/pages\/28231\/revisions\/30339"}],"wp:attachment":[{"href":"http:\/\/mickyandoniehn.com\/radio\/wp-json\/wp\/v2\/media?parent=28231"}],"curies":[{"name":"wp","href":"https:\/\/api.w.org\/{rel}","templated":true}]}}