{"id":28219,"date":"2022-08-26T08:33:58","date_gmt":"2022-08-26T14:33:58","guid":{"rendered":"https:\/\/mickyandoniehn.com\/radio\/?page_id=28219"},"modified":"2022-09-01T11:33:00","modified_gmt":"2022-09-01T17:33:00","slug":"marito-rivera","status":"publish","type":"page","link":"http:\/\/mickyandoniehn.com\/radio\/marito-rivera\/","title":{"rendered":"Marito Rivera"},"content":{"rendered":"<p style=\"text-align: justify;\"><img loading=\"lazy\" decoding=\"async\" class=\" wp-image-25053 aligncenter\" src=\"http:\/\/mickyandoniehn.com\/radio\/wp-content\/uploads\/2022\/08\/Marito-Rivera-300x169.png\" alt=\"\" width=\"893\" height=\"503\" srcset=\"http:\/\/mickyandoniehn.com\/radio\/wp-content\/uploads\/2022\/08\/Marito-Rivera-300x169.png 300w, http:\/\/mickyandoniehn.com\/radio\/wp-content\/uploads\/2022\/08\/Marito-Rivera-768x432.png 768w, http:\/\/mickyandoniehn.com\/radio\/wp-content\/uploads\/2022\/08\/Marito-Rivera.png 774w\" sizes=\"auto, (max-width: 893px) 100vw, 893px\" \/><\/p>\n<p>&nbsp;<\/p>\n<div class=\"cxmmr5t8 oygrvhab hcukyx3x c1et5uql o9v6fnle\" style=\"text-align: justify;\">\n<div dir=\"auto\"><strong>Fecha de Nacimiento<\/strong> el 10 de marzo de 1964<\/div>\n<div dir=\"auto\"><\/div>\n<\/div>\n<div class=\"cxmmr5t8 oygrvhab hcukyx3x c1et5uql o9v6fnle\" style=\"text-align: justify;\">\n<div dir=\"auto\"><strong>Biografia<\/strong><\/div>\n<div dir=\"auto\"><\/div>\n<div dir=\"auto\">Mario Antonio Rivera Molina (San Miguel, 10 de marzo de 1964), m\u00e1s conocido como Marito Rivera, es un cantante, pianista, compositor y arreglista salvadore\u00f1o que lidera la agrupaci\u00f3n musical Marito Rivera y su Grupo Bravo, banda formada en la colonia de la Margo. Colonia que vio nacer a grandes int\u00e9rpretes De renombre de la m\u00fasica Salsa\/Cristiana, entre los que se encuentran: Rene, Samuel, Carlitos, Marlon y Choyiyo.<\/div>\n<div dir=\"auto\"><\/div>\n<div dir=\"auto\">Es el primog\u00e9nito de Mario Rivera y Ela Beatriz Molina.<\/div>\n<div dir=\"auto\"><\/div>\n<\/div>\n<div class=\"cxmmr5t8 oygrvhab hcukyx3x c1et5uql o9v6fnle\" style=\"text-align: justify;\">\n<div dir=\"auto\">Estudi\u00f3 en el Instituto Cat\u00f3lico de Oriente (ICO). Iniciando su carrera musical a los seis a\u00f1os. A los once a\u00f1os form\u00f3 parte de los grupos musicales Los Babies y Juvenil ICO. Para los doce a\u00f1os ya hac\u00eda presentaciones en varias ciudades de El Salvador. Ya en la adolescencia se incorpor\u00f3 al Grupo Bravo que era administrado por su padre acompa\u00f1ado de todos sus hermanos Reynaldo Rivera en la trompeta, Elena Rivera vocalista l\u00edder de la agrupaci\u00f3n y Peter Rivera Guitarrista. A esta agrupaci\u00f3n musical le cambi\u00f3 el nombre por el de: Marito Rivera y su Grupo Bravo.<\/div>\n<div dir=\"auto\"><\/div>\n<\/div>\n<div class=\"cxmmr5t8 oygrvhab hcukyx3x c1et5uql o9v6fnle\" style=\"text-align: justify;\">\n<div dir=\"auto\">Cuando se gradu\u00f3 de bachiller, viaj\u00f3 a Cear\u00e1 (Brasil) para estudiar en el Conservatorio de M\u00fasica. Cursando en un a\u00f1o seis ciclos con altas calificaciones. A su regreso a El Salvador ya era un joven preparado y muy talentoso en la m\u00fasica dando un gran impulso junto a su Grupo Bravo.<\/div>\n<\/div>\n<p style=\"text-align: justify;\"><strong>Date of Birth<\/strong> on March 10, 1964<\/p>\n<p style=\"text-align: justify;\"><strong>Biography<\/strong><\/p>\n<p style=\"text-align: justify;\">Mario Antonio Rivera Molina (San Miguel, March 10, 1964), better known as Marito Rivera, is a Salvadoran singer, pianist, composer and arranger who leads the musical group Marito Rivera and his Grupo Bravo, a band formed in the colony of the Margo. Colony that saw the birth of great renowned performers of Salsa \/ Christian music, among which are: Rene, Samuel, Carlitos, Marlon and Choyiyo.<\/p>\n<p style=\"text-align: justify;\">He is the firstborn of Mario Rivera and Ela Beatriz Molina.<\/p>\n<p style=\"text-align: justify;\">He studied at the Catholic Institute of the East (ICO). Starting his musical career at the age of six. At the age of eleven, he was part of the musical groups Los Babies and Juvenil ICO. By the time he was twelve years old, he was already making presentations in various cities in El Salvador. Already in adolescence he joined Grupo Bravo, which was managed by his father, accompanied by all his brothers Reynaldo Rivera on trumpet, Elena Rivera, lead vocalist of the group, and Peter Rivera. Guitarist. He changed the name of this musical group to: Marito Rivera and his Grupo Bravo.<\/p>\n<p style=\"text-align: justify;\">When he graduated from high school, he traveled to Cear\u00e1 (Brazil) to study at the Conservatory of Music. Studying in one year six cycles with high grades. Upon his return to El Salvador he was already a young man prepared and very talented in music, giving a great boost with his Grupo Bravo.<\/p>\n<p style=\"text-align: justify;\"><strong>Discografia<\/strong><\/p>\n<table width=\"429\">\n<tbody>\n<tr>\n<td style=\"text-align: center;\" width=\"178\"><strong>Musica Salsa<\/strong><\/td>\n<td style=\"text-align: center;\" width=\"187\"><strong>Escuchar tema<\/strong><\/td>\n<td style=\"text-align: center;\" width=\"64\"><strong>A\u00f1o<\/strong><\/td>\n<\/tr>\n<tr>\n<td style=\"text-align: center;\"><\/td>\n<td style=\"text-align: center;\"><strong>Enga\u00f1ado<\/strong><\/td>\n<td style=\"text-align: center;\"><strong>1991<\/strong><\/td>\n<\/tr>\n<tr>\n<td>1<\/td>\n<td>Hoy Vamos A Bailar<\/td>\n<td><\/td>\n<\/tr>\n<tr>\n<td>2<\/td>\n<td>Por Tantas Cosas<\/td>\n<td><\/td>\n<\/tr>\n<tr>\n<td>3<\/td>\n<td>Triangulo De Amor<\/td>\n<td><\/td>\n<\/tr>\n<tr>\n<td>4<\/td>\n<td>Ya No Puedo Verte<\/td>\n<td><\/td>\n<\/tr>\n<tr>\n<td>5<\/td>\n<td>Uno Nunca Sabe&#8230;<\/td>\n<td><\/td>\n<\/tr>\n<tr>\n<td>6<\/td>\n<td>Enga\u00f1ado<\/td>\n<td><\/td>\n<\/tr>\n<tr>\n<td>7<\/td>\n<td colspan=\"2\">No Soy La Mentirosa (Contestaci\u00f3n De Mentiras)<\/td>\n<\/tr>\n<tr>\n<td>8<\/td>\n<td>El Delincuente<\/td>\n<td><\/td>\n<\/tr>\n<tr>\n<td>9<\/td>\n<td>Goza, Goza<\/td>\n<td><\/td>\n<\/tr>\n<tr>\n<td>10<\/td>\n<td>Planchame La Ropa<\/td>\n<td><\/td>\n<\/tr>\n<tr>\n<td><\/td>\n<td><\/td>\n<td><\/td>\n<\/tr>\n<tr>\n<td style=\"text-align: center;\"><\/td>\n<td style=\"text-align: center;\"><strong>Con Furia y Censual<\/strong><\/td>\n<td style=\"text-align: center;\"><strong>1992<\/strong><\/td>\n<\/tr>\n<tr>\n<td>1<\/td>\n<td>La Matraca<\/td>\n<td><\/td>\n<\/tr>\n<tr>\n<td>2<\/td>\n<td>D\u00e9jame<\/td>\n<td><\/td>\n<\/tr>\n<tr>\n<td>3<\/td>\n<td>El N\u00edtido<\/td>\n<td><\/td>\n<\/tr>\n<tr>\n<td>4<\/td>\n<td>Se Perdi\u00f3 El Encanto<\/td>\n<td><\/td>\n<\/tr>\n<tr>\n<td>5<\/td>\n<td>Tu Espina<\/td>\n<td><\/td>\n<\/tr>\n<tr>\n<td>6<\/td>\n<td>Tropezamos<\/td>\n<td><\/td>\n<\/tr>\n<tr>\n<td>7<\/td>\n<td>Con Zapatos De Tac\u00f3n<\/td>\n<td><\/td>\n<\/tr>\n<tr>\n<td>8<\/td>\n<td>Me Echaron De Mi Casa<\/td>\n<td><\/td>\n<\/tr>\n<tr>\n<td>9<\/td>\n<td>Tratemos De Encontrarnos<\/td>\n<td><\/td>\n<\/tr>\n<tr>\n<td>10<\/td>\n<td>Aventurero<\/td>\n<td><\/td>\n<\/tr>\n<tr>\n<td><\/td>\n<td><\/td>\n<td><\/td>\n<\/tr>\n<tr>\n<td style=\"text-align: center;\"><\/td>\n<td style=\"text-align: center;\"><strong>Basta y Sobra<\/strong><\/td>\n<td style=\"text-align: center;\"><strong>1995<\/strong><\/td>\n<\/tr>\n<tr>\n<td>1<\/td>\n<td>Mar Y Cielo<\/td>\n<td><\/td>\n<\/tr>\n<tr>\n<td>2<\/td>\n<td>Basta Y Sobra<\/td>\n<td><\/td>\n<\/tr>\n<tr>\n<td>3<\/td>\n<td>Auto Rojo<\/td>\n<td><\/td>\n<\/tr>\n<tr>\n<td>4<\/td>\n<td>Mis Dos Amores<\/td>\n<td><\/td>\n<\/tr>\n<tr>\n<td>5<\/td>\n<td>Siempre Contigo<\/td>\n<td><\/td>\n<\/tr>\n<tr>\n<td>6<\/td>\n<td>En Aquellos Anos<\/td>\n<td><\/td>\n<\/tr>\n<tr>\n<td>7<\/td>\n<td>No Vales Nada<\/td>\n<td><\/td>\n<\/tr>\n<tr>\n<td>8<\/td>\n<td>Fallaste<\/td>\n<td><\/td>\n<\/tr>\n<tr>\n<td>9<\/td>\n<td>Amiga<\/td>\n<td><\/td>\n<\/tr>\n<tr>\n<td>10<\/td>\n<td colspan=\"2\">Yo Quiero Bailar (I Wanna Dance)<\/td>\n<\/tr>\n<tr>\n<td><\/td>\n<td><\/td>\n<td><\/td>\n<\/tr>\n<\/tbody>\n<\/table>\n<p>&nbsp;<\/p>\n<div class=\"epyt-video-wrapper\"><iframe loading=\"lazy\"  id=\"_ytid_97898\"  width=\"618\" height=\"347\"  data-origwidth=\"618\" data-origheight=\"347\" src=\"https:\/\/www.youtube.com\/embed\/mhwMIj97ZFM?enablejsapi=1&#038;autoplay=0&#038;cc_load_policy=0&#038;cc_lang_pref=&#038;iv_load_policy=1&#038;loop=0&#038;modestbranding=0&#038;rel=1&#038;fs=1&#038;playsinline=0&#038;autohide=2&#038;theme=dark&#038;color=red&#038;controls=1&#038;\" class=\"__youtube_prefs__  epyt-is-override  no-lazyload\" title=\"YouTube player\"  allow=\"fullscreen; accelerometer; autoplay; clipboard-write; encrypted-media; gyroscope; picture-in-picture\" allowfullscreen data-no-lazy=\"1\" data-skipgform_ajax_framebjll=\"\"><\/iframe><\/div>\n","protected":false},"excerpt":{"rendered":"<p>&nbsp; Fecha de Nacimiento el 10 de marzo de 1964 Biografia Mario Antonio Rivera Molina (San Miguel, 10 de marzo de 1964), m\u00e1s conocido como Marito Rivera, es un cantante, pianista, compositor y arreglista salvadore\u00f1o que lidera la agrupaci\u00f3n musical Marito Rivera y su Grupo Bravo, banda formada en la colonia de la Margo. Colonia &hellip;<\/p>\n","protected":false},"author":1,"featured_media":0,"parent":0,"menu_order":0,"comment_status":"closed","ping_status":"closed","template":"","meta":{"footnotes":""},"class_list":["post-28219","page","type-page","status-publish",""],"jetpack_sharing_enabled":true,"_links":{"self":[{"href":"http:\/\/mickyandoniehn.com\/radio\/wp-json\/wp\/v2\/pages\/28219","targetHints":{"allow":["GET"]}}],"collection":[{"href":"http:\/\/mickyandoniehn.com\/radio\/wp-json\/wp\/v2\/pages"}],"about":[{"href":"http:\/\/mickyandoniehn.com\/radio\/wp-json\/wp\/v2\/types\/page"}],"author":[{"embeddable":true,"href":"http:\/\/mickyandoniehn.com\/radio\/wp-json\/wp\/v2\/users\/1"}],"replies":[{"embeddable":true,"href":"http:\/\/mickyandoniehn.com\/radio\/wp-json\/wp\/v2\/comments?post=28219"}],"version-history":[{"count":2,"href":"http:\/\/mickyandoniehn.com\/radio\/wp-json\/wp\/v2\/pages\/28219\/revisions"}],"predecessor-version":[{"id":30401,"href":"http:\/\/mickyandoniehn.com\/radio\/wp-json\/wp\/v2\/pages\/28219\/revisions\/30401"}],"wp:attachment":[{"href":"http:\/\/mickyandoniehn.com\/radio\/wp-json\/wp\/v2\/media?parent=28219"}],"curies":[{"name":"wp","href":"https:\/\/api.w.org\/{rel}","templated":true}]}}