{"id":28214,"date":"2022-08-26T08:31:38","date_gmt":"2022-08-26T14:31:38","guid":{"rendered":"https:\/\/mickyandoniehn.com\/radio\/?page_id=28214"},"modified":"2022-09-01T09:38:50","modified_gmt":"2022-09-01T15:38:50","slug":"diego-torres","status":"publish","type":"page","link":"http:\/\/mickyandoniehn.com\/radio\/diego-torres\/","title":{"rendered":"Diego Torres"},"content":{"rendered":"<p style=\"text-align: justify;\"><img loading=\"lazy\" decoding=\"async\" class=\" wp-image-30185 aligncenter\" src=\"http:\/\/mickyandoniehn.com\/radio\/wp-content\/uploads\/2022\/03\/Diego-Torres-300x188.jpg\" alt=\"\" width=\"597\" height=\"374\" srcset=\"http:\/\/mickyandoniehn.com\/radio\/wp-content\/uploads\/2022\/03\/Diego-Torres-300x188.jpg 300w, http:\/\/mickyandoniehn.com\/radio\/wp-content\/uploads\/2022\/03\/Diego-Torres-1024x640.jpg 1024w, http:\/\/mickyandoniehn.com\/radio\/wp-content\/uploads\/2022\/03\/Diego-Torres-768x480.jpg 768w, http:\/\/mickyandoniehn.com\/radio\/wp-content\/uploads\/2022\/03\/Diego-Torres.jpg 1240w\" sizes=\"auto, (max-width: 597px) 100vw, 597px\" \/><\/p>\n<p>&nbsp;<\/p>\n<p style=\"text-align: justify;\"><strong>Fecha de nacimiento: <\/strong>9 marzo 1971 (49 a\u00f1os)<\/p>\n<p style=\"text-align: justify;\"><strong>Biograf\u00eda<\/strong><\/p>\n<p style=\"text-align: justify;\">Diego Antonio Caccia Torres conocido como Diego Torres es un cantautor argentino. Naci\u00f3 en Buenos Aires el 9 de marzo de 1971. Hijo de la popular cantante argentina Lolita Torres.<\/p>\n<p style=\"text-align: justify;\">Su comienzo musical fue con la banda &#8220;La Marca&#8221;. En 1991 di\u00f3 sus primeros pasos por la TV, protagonizando la exitosa tira &#8220;La Banda del Golden Rocket&#8221;, que se mantuvo en el aire durante 3 a\u00f1os. En 1992 apareci\u00f3 su primer disco &#8220;Diego Torres&#8221;, producido art\u00edsticamente por Cachorro L\u00f3pez. Esta placa vendi\u00f3 200.000 unidades, impulsado por los hits &#8220;Estamos juntos&#8221;, &#8220;Alguien la vio partir o &#8220;Puedo decir que s\u00ed&#8221;.<\/p>\n<p style=\"text-align: justify;\">&#8220;Tratar de Estar Mejor&#8221; (1994), el segundo de sus discos, signific\u00f3 su consagraci\u00f3n definitiva. Mezclando el reggae, la balada, el funk, &#8220;Deja de pedir perd\u00f3n&#8221; y &#8220;San Salvador&#8221;, adem\u00e1s del tema hom\u00f3nimo, resultaron los hits m\u00e1s importantes. Torres result\u00f3 ser el artista argentino de mayores ventas y m\u00e1s convocatoria del &#8217;94 y &#8217;95: s\u00f3lo en Argentina vendi\u00f3 430.000 copias.<\/p>\n<p style=\"text-align: justify;\">Una gran gira latinoamericana lo catapult\u00f3 fuera de las fronteras de Argentina, y en el &#8217;95 fue convocado en Espa\u00f1a para participar en el disco homenaje a Joan Manuel Serrat, para el cual aport\u00f3 &#8220;Pen\u00e9lope&#8221;.<\/p>\n<p style=\"text-align: justify;\">&#8220;Luna nueva&#8221; fue editado simult\u00e1neamente con su primer protag\u00f3nico en el cine, en el film &#8220;La furia&#8221;, dirigido por Juan Bautista Stagnaro. La pel\u00edcula fue la m\u00e1s vista del a\u00f1o en Argentina: 1.300.000 espectadores. En agosto del &#8217;97 este material fue presentado en vivo, a lo largo de ocho shows en el Teatro Opera.<\/p>\n<p style=\"text-align: justify;\">&#8220;Tal cual es&#8221; (1999) ser\u00eda otro \u00e9xito, aunque levemente menor a los precedentes. El hit fue &#8220;Qu\u00e9 ser\u00e1&#8221;.<\/p>\n<p style=\"text-align: justify;\">&#8220;Un mundo diferente&#8221; es un disco de puro optimismo. Editado en uno de los momentos m\u00e1s duros de la Argentina, sus letras llaman a creer en que se puede mejorar. Ejemplo m\u00e1ximo es &#8220;Color esperanza&#8221;, primer corte difusi\u00f3n, o &#8220;Sue\u00f1os&#8221;. Muy emotivo resulta &#8220;A trav\u00e9s del tiempo&#8221;, el tema que cierra la placa, dedicado a su amigo Fernando Olmedo, muerto en un accidente automovil\u00edstico.<\/p>\n<p style=\"text-align: justify;\">&#8220;MTV Unplugged&#8221;, el concierto ac\u00fastico producido y editado en sociedad con la cadena televisiva, permite a Diego Torres extender sus fronteras. Entre los invitados en el concierto Unplugged figuran Julieta Venegas, Vicentico y La Chilinga. &#8220;Cantar hasta morir&#8221; es el nombre del primer corte difusi\u00f3n.<\/p>\n<p style=\"text-align: justify;\"><strong>Date of birth:<\/strong> March 9, 1971 (49 years old)<\/p>\n<p style=\"text-align: justify;\"><strong>Biography<\/strong><\/p>\n<p style=\"text-align: justify;\">Diego Antonio Caccia Torres known as Diego Torres is an Argentine singer-songwriter. He was born in Buenos Aires on March 9, 1971. Son of the popular Argentine singer Lolita Torres.<\/p>\n<p style=\"text-align: justify;\">His musical beginning was with the band &#8220;La Marca&#8221;. In 1991 he took his first steps on TV, starring in the successful strip &#8220;The Golden Rocket Band&#8221;, which was on the air for 3 years. In 1992 his first album &#8220;Diego Torres&#8221; appeared, artistically produced by Cachorro L\u00f3pez. This plate sold 200,000 units, fueled by the hits &#8220;We are together&#8221;, &#8220;Someone saw her leave&#8221; or &#8220;I can say yes&#8221;.<\/p>\n<p style=\"text-align: justify;\">&#8220;Trying to be Better&#8221; (1994), the second of his albums, meant his definitive consecration. Mixing reggae, ballads, funk, &#8220;Stop asking for forgiveness&#8221; and &#8220;San Salvador&#8221;, in addition to the homonymous theme, were the most important hits. Torres turned out to be the best-selling and most popular Argentine artist of &#8217;94 and &#8217;95: in Argentina alone he sold 430,000 copies.<\/p>\n<p style=\"text-align: justify;\">A great Latin American tour catapulted him beyond the borders of Argentina, and in &#8217;95 he was summoned to Spain to participate in the tribute album to Joan Manuel Serrat, for which he contributed &#8220;Pen\u00e9lope&#8221;.<\/p>\n<p style=\"text-align: justify;\">&#8220;New Moon&#8221; was published simultaneously with his first leading role in the cinema, in the film &#8220;La furia&#8221;, directed by Juan Bautista Stagnaro. The film was the most viewed of the year in Argentina: 1,300,000 viewers. In August &#8217;97 this material was presented live, throughout eight shows at the Opera Theater.<\/p>\n<p style=\"text-align: justify;\">&#8220;As it is&#8221; (1999) would be another success, although slightly less than the previous ones. The hit was &#8220;What will be.&#8221;<\/p>\n<p style=\"text-align: justify;\">&#8220;A different world&#8221; is an album of pure optimism. Edited in one of the hardest moments in Argentina, its lyrics call to believe that it can be improved. Maximum example is &#8220;Hope color&#8221;, diffusion first cut, or &#8220;Dreams&#8221;. Very emotional is &#8220;Through time&#8221;, the theme that closes the plate, dedicated to his friend Fernando Olmedo, who died in a car accident.<\/p>\n<p style=\"text-align: justify;\">&#8220;MTV Unplugged&#8221;, the acoustic concert produced and edited in partnership with the television network, allows Diego Torres to extend his borders. Among the guests at the Unplugged concert are Julieta Venegas, Vicentico and La Chilinga. &#8220;Sing to death&#8221; is the name of the first broadcast cut.<\/p>\n<p style=\"text-align: justify;\"><strong>Discografia<\/strong><\/p>\n<table style=\"height: 3926px;\" width=\"849\">\n<tbody>\n<tr>\n<td style=\"text-align: center;\" width=\"217\"><strong>G\u00e9nero pop latino<\/strong><\/td>\n<td style=\"text-align: center;\" width=\"249\"><strong>Escuchar tema<\/strong><\/td>\n<td style=\"text-align: center;\" width=\"130\"><strong>A\u00f1o de\u00a0<\/strong><b>Publicaci\u00f3n<\/b><\/td>\n<\/tr>\n<tr>\n<td>1<\/td>\n<td>\u201cColor esperanza\u201d<\/td>\n<td>2002<\/td>\n<\/tr>\n<tr>\n<td>2<\/td>\n<td>\u201cHoy es domingo\u201d<\/td>\n<td>2015<\/td>\n<\/tr>\n<tr>\n<td>3<\/td>\n<td>\u201cSue\u00f1os\u201d<\/td>\n<td>2004<\/td>\n<\/tr>\n<tr>\n<td>4<\/td>\n<td>\u201cTratar de estar mejor\u201d<\/td>\n<td>1994<\/td>\n<\/tr>\n<tr>\n<td>6<\/td>\n<td>\u201cAbriendo caminos\u201d<\/td>\n<td>2006<\/td>\n<\/tr>\n<tr>\n<td>7<\/td>\n<td>\u201cQue no me pierda\u201d<\/td>\n<td>2004<\/td>\n<\/tr>\n<tr>\n<td>8<\/td>\n<td>\u201cNo lo so\u00f1\u00e9\u201d<\/td>\n<td>2004<\/td>\n<\/tr>\n<tr>\n<td>9<\/td>\n<td>\u201cSe que ya no volver\u00e1s\u201d<\/td>\n<td>2004<\/td>\n<\/tr>\n<tr>\n<td>10<\/td>\n<td>\u201cLa \u00faltima noche\u201d<\/td>\n<td>2004<\/td>\n<\/tr>\n<tr>\n<td><\/td>\n<td><\/td>\n<td><\/td>\n<\/tr>\n<tr>\n<td style=\"text-align: center;\"><strong>Album<\/strong><\/td>\n<td style=\"text-align: center;\"><strong>Buena vida Canciones<\/strong><\/td>\n<td style=\"text-align: center;\"><strong>2015<\/strong><\/td>\n<\/tr>\n<tr>\n<td>1<\/td>\n<td>La vida es un vals<\/td>\n<td><\/td>\n<\/tr>\n<tr>\n<td>2<\/td>\n<td>Hoy Es Domingo<\/td>\n<td><\/td>\n<\/tr>\n<tr>\n<td>3<\/td>\n<td>Aqu\u00ed estoy yo<\/td>\n<td><\/td>\n<\/tr>\n<tr>\n<td>4<\/td>\n<td>Iguales<\/td>\n<td><\/td>\n<\/tr>\n<tr>\n<td>5<\/td>\n<td>Mucho m\u00e1s all\u00e1<\/td>\n<td><\/td>\n<\/tr>\n<tr>\n<td>6<\/td>\n<td>Por ellas<\/td>\n<td><\/td>\n<\/tr>\n<tr>\n<td>7<\/td>\n<td>Fin del mundo<\/td>\n<td><\/td>\n<\/tr>\n<tr>\n<td>8<\/td>\n<td>Como agua en el desierto<\/td>\n<td><\/td>\n<\/tr>\n<tr>\n<td>9<\/td>\n<td>Sin ti conmigo<\/td>\n<td><\/td>\n<\/tr>\n<tr>\n<td>10<\/td>\n<td>Contradicci\u00f3n<\/td>\n<td><\/td>\n<\/tr>\n<tr>\n<td>11<\/td>\n<td>La grieta<\/td>\n<td><\/td>\n<\/tr>\n<tr>\n<td><\/td>\n<td><\/td>\n<td><\/td>\n<\/tr>\n<tr>\n<td style=\"text-align: center;\"><strong>Album<\/strong><\/td>\n<td style=\"text-align: center;\"><strong>Distinto Canciones<\/strong><\/td>\n<td style=\"text-align: center;\"><strong>2010<\/strong><\/td>\n<\/tr>\n<tr>\n<td>1<\/td>\n<td>Mi Corazon Se Fue<\/td>\n<td><\/td>\n<\/tr>\n<tr>\n<td>2<\/td>\n<td>Mirar Atr\u00e1s<\/td>\n<td><\/td>\n<\/tr>\n<tr>\n<td>3<\/td>\n<td>Come On<\/td>\n<td><\/td>\n<\/tr>\n<tr>\n<td>4<\/td>\n<td>Guapa<\/td>\n<td><\/td>\n<\/tr>\n<tr>\n<td>5<\/td>\n<td>En Un Segundo<\/td>\n<td><\/td>\n<\/tr>\n<tr>\n<td>6<\/td>\n<td>El Mundo Sigue Igual<\/td>\n<td><\/td>\n<\/tr>\n<tr>\n<td>7<\/td>\n<td>Esto Es Lo Que Soy<\/td>\n<td><\/td>\n<\/tr>\n<tr>\n<td>8<\/td>\n<td>No Alcanzan Las Flores<\/td>\n<td><\/td>\n<\/tr>\n<tr>\n<td>9<\/td>\n<td>Bendito<\/td>\n<td><\/td>\n<\/tr>\n<tr>\n<td>10<\/td>\n<td>Cuando No Queda Nada<\/td>\n<td><\/td>\n<\/tr>\n<tr>\n<td><\/td>\n<td><\/td>\n<td><\/td>\n<\/tr>\n<tr>\n<td style=\"text-align: center;\"><strong>Album<\/strong><\/td>\n<td style=\"text-align: center;\"><strong>Un Cachito de M\u00ed: Grandes \u00c9xitos<\/strong><\/td>\n<td style=\"text-align: center;\"><strong>2008<\/strong><\/td>\n<\/tr>\n<tr>\n<td>1<\/td>\n<td>1. Hasta Cu\u00e1ndo<\/td>\n<td><\/td>\n<\/tr>\n<tr>\n<td>2<\/td>\n<td>2. Alba<\/td>\n<td><\/td>\n<\/tr>\n<tr>\n<td>3<\/td>\n<td>3. Qu\u00e9 Ser\u00e1<\/td>\n<td><\/td>\n<\/tr>\n<tr>\n<td>4<\/td>\n<td>4. Problema<\/td>\n<td><\/td>\n<\/tr>\n<tr>\n<td>5<\/td>\n<td>5. Se Dejaba Llevar Por Ti<\/td>\n<td><\/td>\n<\/tr>\n<tr>\n<td>6<\/td>\n<td>6. Sue\u00f1os (feat.\u00a0Julieta Venegas)<\/td>\n<td><\/td>\n<\/tr>\n<tr>\n<td>7<\/td>\n<td>7. Pen\u00e9lope<\/td>\n<td><\/td>\n<\/tr>\n<tr>\n<td>8<\/td>\n<td>8. Cuando el Mundo Da Vueltas<\/td>\n<td><\/td>\n<\/tr>\n<tr>\n<td>9<\/td>\n<td>9. Que No Me Pierda<\/td>\n<td><\/td>\n<\/tr>\n<tr>\n<td>10<\/td>\n<td>10. La \u00daltima Noche<\/td>\n<td><\/td>\n<\/tr>\n<tr>\n<td>11<\/td>\n<td>1. Deja de Pedir Perd\u00f3n<\/td>\n<td><\/td>\n<\/tr>\n<tr>\n<td>12<\/td>\n<td>2. Tratar de Estar Mejor<\/td>\n<td><\/td>\n<\/tr>\n<tr>\n<td>13<\/td>\n<td>3. Por la Vereda del Sol<\/td>\n<td><\/td>\n<\/tr>\n<tr>\n<td>14<\/td>\n<td>4. D\u00f3nde Van<\/td>\n<td><\/td>\n<\/tr>\n<tr>\n<td>15<\/td>\n<td>5. Puedo Decir Que S\u00ed<\/td>\n<td><\/td>\n<\/tr>\n<tr>\n<td>16<\/td>\n<td>6. Andando<\/td>\n<td><\/td>\n<\/tr>\n<tr>\n<td>17<\/td>\n<td colspan=\"2\">7. Abriendo Caminos (feat.\u00a0Juan Luis Guerra)<\/td>\n<\/tr>\n<tr>\n<td>18<\/td>\n<td>8. Cantar Hasta Morir<\/td>\n<td><\/td>\n<\/tr>\n<tr>\n<td>19<\/td>\n<td>9. Una y Mil Veces (feat. Magali Bachor)<\/td>\n<td><\/td>\n<\/tr>\n<tr>\n<td>20<\/td>\n<td>10. Color Esperanza<\/td>\n<td><\/td>\n<\/tr>\n<tr>\n<td><\/td>\n<td><\/td>\n<td><\/td>\n<\/tr>\n<tr>\n<td style=\"text-align: center;\"><strong>Album<\/strong><\/td>\n<td style=\"text-align: center;\"><strong>MTV Unplugged<\/strong><\/td>\n<td style=\"text-align: center;\"><strong>2004<\/strong><\/td>\n<\/tr>\n<tr>\n<td>1<\/td>\n<td>Deja De Pedir Perdon (MTV Unplugged)<\/td>\n<td><\/td>\n<\/tr>\n<tr>\n<td>2<\/td>\n<td>No Lo So\u00f1e<\/td>\n<td><\/td>\n<\/tr>\n<tr>\n<td>3<\/td>\n<td colspan=\"2\">Se Que Ya No Volveras (MTV Unplugged)<\/td>\n<\/tr>\n<tr>\n<td>4<\/td>\n<td>Cantar Hasta Morir<\/td>\n<td><\/td>\n<\/tr>\n<tr>\n<td>5<\/td>\n<td>Que Sera (Che Sara) (MTV Unplugged)<\/td>\n<td><\/td>\n<\/tr>\n<tr>\n<td>6<\/td>\n<td>La Ultima Noche (MTV Unplugged)<\/td>\n<td><\/td>\n<\/tr>\n<tr>\n<td>7<\/td>\n<td>Alguien La Vivo Partir (MTV Unplugged)<\/td>\n<td><\/td>\n<\/tr>\n<tr>\n<td>8<\/td>\n<td>Dejame Estar (MTV Unplugged)<\/td>\n<td><\/td>\n<\/tr>\n<tr>\n<td>9<\/td>\n<td>Alba (MTV Unplugged)<\/td>\n<td><\/td>\n<\/tr>\n<tr>\n<td>10<\/td>\n<td>Sue\u00f1os (MTV Unplugged)<\/td>\n<td><\/td>\n<\/tr>\n<tr>\n<td>11<\/td>\n<td>Donde Van (MTV Unplugged)<\/td>\n<td><\/td>\n<\/tr>\n<tr>\n<td>12<\/td>\n<td>Tal Vez (MTV Unplugged)<\/td>\n<td><\/td>\n<\/tr>\n<tr>\n<td>13<\/td>\n<td>Usted (MTV Unplugged)<\/td>\n<td><\/td>\n<\/tr>\n<tr>\n<td>14<\/td>\n<td>Tratar De Estar Mejor (MTV Unplugged)<\/td>\n<td><\/td>\n<\/tr>\n<tr>\n<td>15<\/td>\n<td>Penelope (MTV Unplugged)<\/td>\n<td><\/td>\n<\/tr>\n<tr>\n<td>16<\/td>\n<td>Que No Me Pierda (MTV Unplugged)<\/td>\n<td><\/td>\n<\/tr>\n<tr>\n<td>17<\/td>\n<td>Color Esperanza (MTV U<\/td>\n<td><\/td>\n<\/tr>\n<tr>\n<td><\/td>\n<td><\/td>\n<td><\/td>\n<\/tr>\n<tr>\n<td style=\"text-align: center;\"><strong>Album<\/strong><\/td>\n<td style=\"text-align: center;\"><strong>Un mundo diferente Canciones<\/strong><\/td>\n<td style=\"text-align: center;\"><strong>2001<\/strong><\/td>\n<\/tr>\n<tr>\n<td>1<\/td>\n<td>Color Esperanza<\/td>\n<td><\/td>\n<\/tr>\n<tr>\n<td>2<\/td>\n<td>Una Gotita De Tu Amor<\/td>\n<td><\/td>\n<\/tr>\n<tr>\n<td>3<\/td>\n<td>Quisiera<\/td>\n<td><\/td>\n<\/tr>\n<tr>\n<td>4<\/td>\n<td>Por Ti Yo Ire<\/td>\n<td><\/td>\n<\/tr>\n<tr>\n<td>5<\/td>\n<td>Conmigo Siempre<\/td>\n<td><\/td>\n<\/tr>\n<tr>\n<td>6<\/td>\n<td>Sue\u00f1os<\/td>\n<td><\/td>\n<\/tr>\n<tr>\n<td>7<\/td>\n<td>Que No Me Pierda<\/td>\n<td><\/td>\n<\/tr>\n<tr>\n<td>8<\/td>\n<td>Si Tu Te Vas<\/td>\n<td><\/td>\n<\/tr>\n<tr>\n<td>9<\/td>\n<td>Alegr\u00eda<\/td>\n<td><\/td>\n<\/tr>\n<tr>\n<td>10<\/td>\n<td>Perdidos En La Noche<\/td>\n<td><\/td>\n<\/tr>\n<tr>\n<td>11<\/td>\n<td>No Me Olvides<\/td>\n<td><\/td>\n<\/tr>\n<tr>\n<td>12<\/td>\n<td>Soy De La Gente<\/td>\n<td><\/td>\n<\/tr>\n<tr>\n<td>13<\/td>\n<td>A Trav\u00e9s Del Tiempo<\/td>\n<td><\/td>\n<\/tr>\n<tr>\n<td><\/td>\n<td><\/td>\n<td><\/td>\n<\/tr>\n<tr>\n<td style=\"text-align: center;\"><strong>Album<\/strong><\/td>\n<td style=\"text-align: center;\"><strong>Tal cual es<\/strong><\/td>\n<td style=\"text-align: center;\"><strong>1999<\/strong><\/td>\n<\/tr>\n<tr>\n<td>1<\/td>\n<td>Lo Que El Viento Se Llevo<\/td>\n<td><\/td>\n<\/tr>\n<tr>\n<td>2<\/td>\n<td>Como Una Ola<\/td>\n<td><\/td>\n<\/tr>\n<tr>\n<td>3<\/td>\n<td>Donde Van<\/td>\n<td><\/td>\n<\/tr>\n<tr>\n<td>4<\/td>\n<td>Puede Ser<\/td>\n<td><\/td>\n<\/tr>\n<tr>\n<td>5<\/td>\n<td>Que Sera (Che Sara)<\/td>\n<td><\/td>\n<\/tr>\n<tr>\n<td>6<\/td>\n<td>La Ultima Noche<\/td>\n<td><\/td>\n<\/tr>\n<tr>\n<td>7<\/td>\n<td>Vuelves A Mi<\/td>\n<td><\/td>\n<\/tr>\n<tr>\n<td>8<\/td>\n<td>Tal Cual Es<\/td>\n<td><\/td>\n<\/tr>\n<tr>\n<td>9<\/td>\n<td>De Tu Lado<\/td>\n<td><\/td>\n<\/tr>\n<tr>\n<td>10<\/td>\n<td>Ojos Negros<\/td>\n<td><\/td>\n<\/tr>\n<tr>\n<td>11<\/td>\n<td>Lluvia De Verano<\/td>\n<td><\/td>\n<\/tr>\n<tr>\n<td>12<\/td>\n<td>Dame Una Se\u00f1al<\/td>\n<td><\/td>\n<\/tr>\n<tr>\n<td>13<\/td>\n<td>Recuerda<\/td>\n<td><\/td>\n<\/tr>\n<tr>\n<td><\/td>\n<td><\/td>\n<td><\/td>\n<\/tr>\n<tr>\n<td style=\"text-align: center;\"><strong>Album<\/strong><\/td>\n<td style=\"text-align: center;\"><strong>Luna nueva<\/strong><\/td>\n<td style=\"text-align: center;\"><strong>1996<\/strong><\/td>\n<\/tr>\n<tr>\n<td>1<\/td>\n<td>Luna nueva<\/td>\n<td><\/td>\n<\/tr>\n<tr>\n<td>2<\/td>\n<td>Quise olvidar<\/td>\n<td><\/td>\n<\/tr>\n<tr>\n<td>3<\/td>\n<td>No lo so\u00f1e (album version)<\/td>\n<td><\/td>\n<\/tr>\n<tr>\n<td>4<\/td>\n<td>S\u00e9 que ya no volver\u00e1s<\/td>\n<td><\/td>\n<\/tr>\n<tr>\n<td>5<\/td>\n<td>S\u00e9 que hay algo m\u00e1s<\/td>\n<td><\/td>\n<\/tr>\n<tr>\n<td>6<\/td>\n<td>Se dejaba llevar por ti<\/td>\n<td><\/td>\n<\/tr>\n<tr>\n<td>7<\/td>\n<td>Siempre hay un camino<\/td>\n<td><\/td>\n<\/tr>\n<tr>\n<td>8<\/td>\n<td>No todo est\u00e1 perdido<\/td>\n<td><\/td>\n<\/tr>\n<tr>\n<td>9<\/td>\n<td>Alba<\/td>\n<td><\/td>\n<\/tr>\n<tr>\n<td>10<\/td>\n<td>Oc\u00e9ano<\/td>\n<td><\/td>\n<\/tr>\n<tr>\n<td>11<\/td>\n<td>Cuando el mundo da vueltas<\/td>\n<td><\/td>\n<\/tr>\n<tr>\n<td>12<\/td>\n<td>No lo so\u00f1\u00e9<\/td>\n<td><\/td>\n<\/tr>\n<tr>\n<td>13<\/td>\n<td>Pen\u00e9lope<\/td>\n<td><\/td>\n<\/tr>\n<tr>\n<td><\/td>\n<td><\/td>\n<td><\/td>\n<\/tr>\n<tr>\n<td style=\"text-align: center;\"><strong>Album<\/strong><\/td>\n<td style=\"text-align: center;\"><strong>Tratar de estar mejor<\/strong><\/td>\n<td style=\"text-align: center;\"><strong>1994<\/strong><\/td>\n<\/tr>\n<tr>\n<td>1<\/td>\n<td>Tratar De Estar Mejor<\/td>\n<td><\/td>\n<\/tr>\n<tr>\n<td>2<\/td>\n<td>Todo Cambia (Y Todo Se Termina)<\/td>\n<td><\/td>\n<\/tr>\n<tr>\n<td>3<\/td>\n<td>Dame Una Raz\u00f3n<\/td>\n<td><\/td>\n<\/tr>\n<tr>\n<td>4<\/td>\n<td>Aunque Quieras<\/td>\n<td><\/td>\n<\/tr>\n<tr>\n<td>5<\/td>\n<td>Deja De Pedir Perd\u00f3n<\/td>\n<td><\/td>\n<\/tr>\n<tr>\n<td>6<\/td>\n<td>Te Pido Que Vuelvas<\/td>\n<td><\/td>\n<\/tr>\n<tr>\n<td>7<\/td>\n<td>Pensar (Que Siempre Hay Alguien M\u00e1s)<\/td>\n<td><\/td>\n<\/tr>\n<tr>\n<td>8<\/td>\n<td>San Salvador<\/td>\n<td><\/td>\n<\/tr>\n<tr>\n<td>9<\/td>\n<td>Secretos Del Mar<\/td>\n<td><\/td>\n<\/tr>\n<tr>\n<td>10<\/td>\n<td colspan=\"2\">Por La Vereda Del Sol (Walking On Sunshine<\/td>\n<\/tr>\n<tr>\n<td><\/td>\n<td><\/td>\n<td><\/td>\n<\/tr>\n<\/tbody>\n<\/table>\n<p style=\"text-align: justify;\"><a href=\"https:\/\/www.last.fm\/es\/search?q=ROBERTO+S%C3%81NCHEZ+O+SANDRO\">https:\/\/www.last.fm\/es\/search?q=ROBERTO+S%C3%81NCHEZ+O+SANDRO<\/a><\/p>\n<p style=\"text-align: justify;\"><a href=\"https:\/\/lacarnemagazine.com\/los-7-mejores-cantantes-argentinos\/\">https:\/\/lacarnemagazine.com\/los-7-mejores-cantantes-argentinos\/<\/a><\/p>\n<div class=\"epyt-video-wrapper\"><iframe loading=\"lazy\"  id=\"_ytid_49894\"  width=\"618\" height=\"347\"  data-origwidth=\"618\" data-origheight=\"347\" src=\"https:\/\/www.youtube.com\/embed\/x66ORgkTP8A?enablejsapi=1&#038;autoplay=0&#038;cc_load_policy=0&#038;cc_lang_pref=&#038;iv_load_policy=1&#038;loop=0&#038;modestbranding=0&#038;rel=1&#038;fs=1&#038;playsinline=0&#038;autohide=2&#038;theme=dark&#038;color=red&#038;controls=1&#038;\" class=\"__youtube_prefs__  epyt-is-override  no-lazyload\" title=\"YouTube player\"  allow=\"fullscreen; accelerometer; autoplay; clipboard-write; encrypted-media; gyroscope; picture-in-picture\" allowfullscreen data-no-lazy=\"1\" data-skipgform_ajax_framebjll=\"\"><\/iframe><\/div>\n","protected":false},"excerpt":{"rendered":"<p>&nbsp; Fecha de nacimiento: 9 marzo 1971 (49 a\u00f1os) Biograf\u00eda Diego Antonio Caccia Torres conocido como Diego Torres es un cantautor argentino. Naci\u00f3 en Buenos Aires el 9 de marzo de 1971. Hijo de la popular cantante argentina Lolita Torres. Su comienzo musical fue con la banda &#8220;La Marca&#8221;. En 1991 di\u00f3 sus primeros pasos &hellip;<\/p>\n","protected":false},"author":1,"featured_media":0,"parent":0,"menu_order":0,"comment_status":"closed","ping_status":"closed","template":"","meta":{"footnotes":""},"class_list":["post-28214","page","type-page","status-publish",""],"jetpack_sharing_enabled":true,"_links":{"self":[{"href":"http:\/\/mickyandoniehn.com\/radio\/wp-json\/wp\/v2\/pages\/28214","targetHints":{"allow":["GET"]}}],"collection":[{"href":"http:\/\/mickyandoniehn.com\/radio\/wp-json\/wp\/v2\/pages"}],"about":[{"href":"http:\/\/mickyandoniehn.com\/radio\/wp-json\/wp\/v2\/types\/page"}],"author":[{"embeddable":true,"href":"http:\/\/mickyandoniehn.com\/radio\/wp-json\/wp\/v2\/users\/1"}],"replies":[{"embeddable":true,"href":"http:\/\/mickyandoniehn.com\/radio\/wp-json\/wp\/v2\/comments?post=28214"}],"version-history":[{"count":2,"href":"http:\/\/mickyandoniehn.com\/radio\/wp-json\/wp\/v2\/pages\/28214\/revisions"}],"predecessor-version":[{"id":30186,"href":"http:\/\/mickyandoniehn.com\/radio\/wp-json\/wp\/v2\/pages\/28214\/revisions\/30186"}],"wp:attachment":[{"href":"http:\/\/mickyandoniehn.com\/radio\/wp-json\/wp\/v2\/media?parent=28214"}],"curies":[{"name":"wp","href":"https:\/\/api.w.org\/{rel}","templated":true}]}}