{"id":28189,"date":"2022-08-26T08:21:19","date_gmt":"2022-08-26T14:21:19","guid":{"rendered":"https:\/\/mickyandoniehn.com\/radio\/?page_id=28189"},"modified":"2022-09-01T10:54:09","modified_gmt":"2022-09-01T16:54:09","slug":"jose-gomez-romero","status":"publish","type":"page","link":"http:\/\/mickyandoniehn.com\/radio\/jose-gomez-romero\/","title":{"rendered":"Jos\u00e9 G\u00f3mez Romero"},"content":{"rendered":"<p style=\"text-align: justify;\"><img loading=\"lazy\" decoding=\"async\" class=\" wp-image-25023 aligncenter\" src=\"http:\/\/mickyandoniehn.com\/radio\/wp-content\/uploads\/2022\/08\/Jose-Gomez-Romero.png\" alt=\"\" width=\"636\" height=\"754\" \/><\/p>\n<p>&nbsp;<\/p>\n<p style=\"text-align: justify;\"><strong>Fecha de Nacimiento:<\/strong> 5 de marzo de 1966 en \u00c1vila, Espa\u00f1a.<\/p>\n<p style=\"text-align: justify;\"><strong>Biograf\u00eda<\/strong><\/p>\n<p style=\"text-align: justify;\">Jos\u00e9 G\u00f3mez Romero, Actualmente reside en Espa\u00f1a, en la ciudad de Soria, con su esposa Mariana Fuentes, con la que con la que ha estado en pareja desde el 28 de septiembre del 2000, y sus 3 hijos que procrearon juntos.<\/p>\n<p style=\"text-align: justify;\">Curs\u00f3 estudios de Medicina Veterinaria en la Universidad Antonio Nari\u00f1o, ubicada en Pontevedra. Se gradu\u00f3 en el a\u00f1o 1990 como Veterinario y de inmediato inici\u00f3 su labor en un centro veterinario de la ciudad. Para expandir sus horizontes viaj\u00f3 a distintas ciudades de Espa\u00f1a intentando desempe\u00f1ar su labor. La intenci\u00f3n de \u00e9l siempre ha sido aprender de los mejores veterinarios del momento para convertirse en una persona exitosa<\/p>\n<p style=\"text-align: justify;\">Siendo ya un hombre de familia, decidi\u00f3 abrir la cl\u00ednica de animales reconocida como la m\u00e1s grande de Espa\u00f1a. Jose Gomez Romero se ha hecho sumamente conocido entre los veterinarios del pa\u00eds. Actualmente est\u00e1 trabajando en proyectos nuevos. \u00c9l est\u00e1 m\u00e1s avanzado es el de inaugurar otras cl\u00ednicas en varias ciudades<\/p>\n<p style=\"text-align: justify;\">Por Ahora, ha abierto un par de cl\u00ednicas veterinarias. Pero el proyecto es llegar hasta Ciudad Real. Algo que tambi\u00e9n est\u00e1 en proyecto es desarrollar una marca de comida para perros, que todav\u00eda est\u00e1 fase de planificaci\u00f3n<\/p>\n<p style=\"text-align: justify;\">Jose Gomez Romero es un padre cari\u00f1oso y correcto. Ha educado a sus hijos con buenas normas y principios.<\/p>\n<p style=\"text-align: justify;\">Pese a su apretada agenda, siempre busca la forma de pasar tiempo con ellos, en mayor o en menor medida, siempre se ocupa de que cada minuto sea de calidad. No cree que el dinero sea de m\u00e1s importancia que el esp\u00edritu. En ese sentido, la fe en Dios es lo que se inculca en su hogar.<\/p>\n<p style=\"text-align: justify;\"><strong>Date of Birth:<\/strong> March 5, 1966 in \u00c1vila, Spain.<\/p>\n<p style=\"text-align: justify;\"><strong>Biography<\/strong><\/p>\n<p style=\"text-align: justify;\">Jos\u00e9 G\u00f3mez Romero, currently resides in Spain, in the city of Soria, with his wife Mariana Fuentes, with whom he has been in a relationship since September 28, 2000, and their 3 children who procreated together.<\/p>\n<p style=\"text-align: justify;\">He studied Veterinary Medicine at the Antonio Nari\u00f1o University, located in Pontevedra. He graduated in 1990 as a Veterinarian and immediately began his work in a veterinary center in the city. To expand his horizons, he traveled to different cities in Spain trying to carry out his work. His intention has always been to learn from the best veterinarians of the moment to become a successful person.<\/p>\n<p style=\"text-align: justify;\">Already a family man, he decided to open the animal clinic recognized as the largest in Spain. Jose Gomez Romero has become extremely well known among veterinarians in the country. He is currently working on new projects. He is more advanced is to inaugurate other clinics in several cities<\/p>\n<p style=\"text-align: justify;\">For now, he has opened a couple of veterinary clinics. But the project is to reach Ciudad Real. Something that is also in the pipeline is developing a dog food brand, which is still in the planning phase<\/p>\n<p style=\"text-align: justify;\">Jose Gomez Romero is a loving and correct father. He has educated his children with good rules and principles.<\/p>\n<p style=\"text-align: justify;\">Despite his busy schedule, he always finds a way to spend time with them, to a greater or lesser extent, he always makes sure that every minute is of quality. He does not believe that money is of more importance than spirit. In that sense, faith in God is what is instilled in your home.<\/p>\n<p><strong>Discografia<\/strong><\/p>\n<table width=\"671\">\n<tbody>\n<tr>\n<td style=\"text-align: center;\" width=\"248\"><strong>G\u00e9nero Latin, Pop<\/strong><\/td>\n<td style=\"text-align: center;\" width=\"423\"><strong>Escuchar Tema<\/strong><\/td>\n<\/tr>\n<tr>\n<td>1<\/td>\n<td>Lejos De Los Ojos<\/td>\n<\/tr>\n<tr>\n<td>2<\/td>\n<td>\u00c9ramos<\/td>\n<\/tr>\n<tr>\n<td>3<\/td>\n<td>Hogar Lejano<\/td>\n<\/tr>\n<tr>\n<td>4<\/td>\n<td>Ausencia<\/td>\n<\/tr>\n<tr>\n<td>5<\/td>\n<td>Son Cosas<\/td>\n<\/tr>\n<tr>\n<td>6<\/td>\n<td>Olvidar<\/td>\n<\/tr>\n<tr>\n<td>7<\/td>\n<td>Cae La Lluvia<\/td>\n<\/tr>\n<tr>\n<td>8<\/td>\n<td>El Color De Tu Mirar<\/td>\n<\/tr>\n<tr>\n<td>9<\/td>\n<td>Por Una Vez En Mi Vida<\/td>\n<\/tr>\n<tr>\n<td>10<\/td>\n<td>Yo Solo Soy Un Hombre<\/td>\n<\/tr>\n<tr>\n<td>11<\/td>\n<td>Volviendo A Casa = I&#8217;m Coming Home<\/td>\n<\/tr>\n<tr>\n<td>12<\/td>\n<td>Preg\u00fantale A Juan<\/td>\n<\/tr>\n<tr>\n<td>13<\/td>\n<td>Alma, Coraz\u00f3n Y Vida<\/td>\n<\/tr>\n<tr>\n<td>14<\/td>\n<td>Sentimientos = Feelings<\/td>\n<\/tr>\n<tr>\n<td>15<\/td>\n<td>Caminemos<\/td>\n<\/tr>\n<tr>\n<td>16<\/td>\n<td>Se\u00f1or Mu\u00f1oz<\/td>\n<\/tr>\n<tr>\n<td>17<\/td>\n<td>Canto A Los Ojos Negros De Una Mujer Espa\u00f1ola<\/td>\n<\/tr>\n<tr>\n<td>18<\/td>\n<td>Se\u00f1ora Mia<\/td>\n<\/tr>\n<tr>\n<td>19<\/td>\n<td>Nostalgia<\/td>\n<\/tr>\n<tr>\n<td>20<\/td>\n<td>Adios Amor Adios<\/td>\n<\/tr>\n<tr>\n<td>21<\/td>\n<td>Yo Ma\u00f1ana<\/td>\n<\/tr>\n<tr>\n<td>22<\/td>\n<td>Cancion Para Una Chica Sola Y Triste<\/td>\n<\/tr>\n<tr>\n<td>23<\/td>\n<td>Mucacha (Ojos De Papel)<\/td>\n<\/tr>\n<tr>\n<td>24<\/td>\n<td>Cuando Quieras, Donde Quieras<\/td>\n<\/tr>\n<tr>\n<td>25<\/td>\n<td>Si Yo Fuera \u00c9l&#8230;<\/td>\n<\/tr>\n<tr>\n<td>26<\/td>\n<td>Igual Que A M\u00ed = Non, Je Ne Savais Pas<\/td>\n<\/tr>\n<tr>\n<td>27<\/td>\n<td>El Primer Beso<\/td>\n<\/tr>\n<tr>\n<td>28<\/td>\n<td>Lo S\u00e9 Por M\u00ed = I Think I Can Believe<\/td>\n<\/tr>\n<tr>\n<td>29<\/td>\n<td>Alma, Coraz\u00f3n Y Vida<\/td>\n<\/tr>\n<tr>\n<td>30<\/td>\n<td>Cuando Quieras, Donde Quieras = Cosi&#8217; Era Cosi&#8217; Sia<\/td>\n<\/tr>\n<tr>\n<td>31<\/td>\n<td>Aunque Me Voy<\/td>\n<\/tr>\n<tr>\n<td>32<\/td>\n<td>No Tuvo Suerte<\/td>\n<\/tr>\n<tr>\n<td>33<\/td>\n<td>Qu\u00e9date Conmigo<\/td>\n<\/tr>\n<tr>\n<td>34<\/td>\n<td>Cuando Me Duermo, Cuando Despierto = Sole Che Nasce, Sole Che Muore<\/td>\n<\/tr>\n<tr>\n<td>35<\/td>\n<td>Deja Que Siga La Vida<\/td>\n<\/tr>\n<tr>\n<td>36<\/td>\n<td>El Primer Beso<\/td>\n<\/tr>\n<tr>\n<td>37<\/td>\n<td>Caminemos<\/td>\n<\/tr>\n<tr>\n<td>38<\/td>\n<td>Adios Amor Adios<\/td>\n<\/tr>\n<tr>\n<td>39<\/td>\n<td>Nostalgia<\/td>\n<\/tr>\n<tr>\n<td>40<\/td>\n<td>Cancion Para Una Chica Sola Y Triste<\/td>\n<\/tr>\n<tr>\n<td>41<\/td>\n<td>Cuando Quieras, Donde Quieras<\/td>\n<\/tr>\n<tr>\n<td>42<\/td>\n<td>Si Yo Fuera El<\/td>\n<\/tr>\n<tr>\n<td>43<\/td>\n<td>Sentimientos<\/td>\n<\/tr>\n<tr>\n<td>44<\/td>\n<td>Muchacha (Ojos De Papel)<\/td>\n<\/tr>\n<tr>\n<td>45<\/td>\n<td>Yo Ma\u00f1ana<\/td>\n<\/tr>\n<tr>\n<td>46<\/td>\n<td>Se\u00f1ora Mia<\/td>\n<\/tr>\n<tr>\n<td>47<\/td>\n<td>Alma, Corazon Y Vida<\/td>\n<\/tr>\n<tr>\n<td>48<\/td>\n<td>La Radio<\/td>\n<\/tr>\n<tr>\n<td>49<\/td>\n<td>Hoy He Empezado A Quererte Otra Vez<\/td>\n<\/tr>\n<tr>\n<td>50<\/td>\n<td>Yo Soy, T\u00fa Eres<\/td>\n<\/tr>\n<tr>\n<td><\/td>\n<td><\/td>\n<\/tr>\n<\/tbody>\n<\/table>\n<p>&nbsp;<\/p>\n<div class=\"epyt-video-wrapper\"><iframe loading=\"lazy\"  id=\"_ytid_69068\"  width=\"618\" height=\"347\"  data-origwidth=\"618\" data-origheight=\"347\" src=\"https:\/\/www.youtube.com\/embed\/H7Mn1CAXX38?enablejsapi=1&#038;autoplay=0&#038;cc_load_policy=0&#038;cc_lang_pref=&#038;iv_load_policy=1&#038;loop=0&#038;modestbranding=0&#038;rel=1&#038;fs=1&#038;playsinline=0&#038;autohide=2&#038;theme=dark&#038;color=red&#038;controls=1&#038;\" class=\"__youtube_prefs__  epyt-is-override  no-lazyload\" title=\"YouTube player\"  allow=\"fullscreen; accelerometer; autoplay; clipboard-write; encrypted-media; gyroscope; picture-in-picture\" allowfullscreen data-no-lazy=\"1\" data-skipgform_ajax_framebjll=\"\"><\/iframe><\/div>\n","protected":false},"excerpt":{"rendered":"<p>&nbsp; Fecha de Nacimiento: 5 de marzo de 1966 en \u00c1vila, Espa\u00f1a. Biograf\u00eda Jos\u00e9 G\u00f3mez Romero, Actualmente reside en Espa\u00f1a, en la ciudad de Soria, con su esposa Mariana Fuentes, con la que con la que ha estado en pareja desde el 28 de septiembre del 2000, y sus 3 hijos que procrearon juntos. Curs\u00f3 &hellip;<\/p>\n","protected":false},"author":1,"featured_media":0,"parent":0,"menu_order":0,"comment_status":"closed","ping_status":"closed","template":"","meta":{"footnotes":""},"class_list":["post-28189","page","type-page","status-publish",""],"jetpack_sharing_enabled":true,"_links":{"self":[{"href":"http:\/\/mickyandoniehn.com\/radio\/wp-json\/wp\/v2\/pages\/28189","targetHints":{"allow":["GET"]}}],"collection":[{"href":"http:\/\/mickyandoniehn.com\/radio\/wp-json\/wp\/v2\/pages"}],"about":[{"href":"http:\/\/mickyandoniehn.com\/radio\/wp-json\/wp\/v2\/types\/page"}],"author":[{"embeddable":true,"href":"http:\/\/mickyandoniehn.com\/radio\/wp-json\/wp\/v2\/users\/1"}],"replies":[{"embeddable":true,"href":"http:\/\/mickyandoniehn.com\/radio\/wp-json\/wp\/v2\/comments?post=28189"}],"version-history":[{"count":2,"href":"http:\/\/mickyandoniehn.com\/radio\/wp-json\/wp\/v2\/pages\/28189\/revisions"}],"predecessor-version":[{"id":30308,"href":"http:\/\/mickyandoniehn.com\/radio\/wp-json\/wp\/v2\/pages\/28189\/revisions\/30308"}],"wp:attachment":[{"href":"http:\/\/mickyandoniehn.com\/radio\/wp-json\/wp\/v2\/media?parent=28189"}],"curies":[{"name":"wp","href":"https:\/\/api.w.org\/{rel}","templated":true}]}}